{"id":19185,"date":"2024-09-30T16:29:50","date_gmt":"2024-09-30T14:29:50","guid":{"rendered":"https:\/\/www.promin.it\/?page_id=19185"},"modified":"2024-11-11T11:37:30","modified_gmt":"2024-11-11T10:37:30","slug":"qui-sommes-nous","status":"publish","type":"page","link":"https:\/\/www.promin.it\/fr\/qui-sommes-nous\/","title":{"rendered":"Qui sommes-nous"},"content":{"rendered":"<section class=\"l-section wpb_row visore-interno height_auto width_full\"><div class=\"l-section-h i-cf\"><div class=\"g-cols vc_row via_grid cols_1-3 laptops-cols_inherit tablets-cols_inherit mobiles-cols_1 valign_middle type_default stacking_default\" style=\"--gap:0rem;\"><div class=\"wpb_column vc_column_container col-visore\"><div class=\"vc_column-inner\"><div class=\"w-image logo-promin-v align_none\"><div class=\"w-image-h\"><img decoding=\"async\" width=\"268\" height=\"117\" src=\"https:\/\/www.promin.it\/wp-content\/uploads\/2024\/09\/promin-logo-v.svg\" class=\"attachment-large size-large\" alt=\"\" loading=\"lazy\" \/><\/div><\/div><\/div><\/div><div class=\"wpb_column vc_column_container col-img chi-siamo\"><div class=\"vc_column-inner\"><div class=\"wpb_text_column\"><div class=\"wpb_wrapper\"><h1>Compagnie<\/h1>\n<\/div><\/div><\/div><\/div><\/div><\/div><\/section><section class=\"l-section wpb_row fascia-breadcrums height_auto\"><div class=\"l-section-h i-cf\"><div class=\"g-cols vc_row via_grid cols_1 laptops-cols_inherit tablets-cols_inherit mobiles-cols_1 valign_top type_default stacking_default\"><div class=\"wpb_column vc_column_container\"><div class=\"vc_column-inner\"><\/div><\/div><\/div><\/div><\/section><section class=\"l-section wpb_row fascia-uno chi-siamo height_small\"><div class=\"l-section-h i-cf\"><div class=\"g-cols vc_row via_grid cols_2 laptops-cols_inherit tablets-cols_inherit mobiles-cols_1 valign_top type_default stacking_default\"><div class=\"wpb_column vc_column_container\"><div class=\"vc_column-inner\"><div class=\"wpb_text_column\"><div class=\"wpb_wrapper\"><h2>Bienvenue chez Promin<br \/>\n<span class=\"azzurro\">Products Integrated Medicine<\/span><\/h2>\n<p>Promin op\u00e8re dans le domaine des compl\u00e9ments alimentaires, de la m\u00e9decine naturelle et de la cosm\u00e9tique pharmaceutique. Avec des discussions quotidiennes avec des nutritionnistes, des di\u00e9t\u00e9ticiens, des m\u00e9decins et une recherche et un d\u00e9veloppement intenses, Promin dispose d\u2019un catalogue complet et h\u00e9t\u00e9rog\u00e8ne de produits de marque, distribu\u00e9s principalement en pharmacie et \u00e9galement disponibles en e-commerce.<\/p>\n<\/div><\/div><\/div><\/div><div class=\"wpb_column vc_column_container\"><div class=\"vc_column-inner\"><div class=\"wpb_text_column txt-elenco-puntato\"><div class=\"wpb_wrapper\"><ul>\n<li>Compl\u00e9ments alimentaires \u00e9galement dot\u00e9s d\u2019une technologie brevet\u00e9e<\/li>\n<li>Produits phytoth\u00e9rapeutiques<\/li>\n<li>Produits hom\u00e9opathiques<\/li>\n<li>Opoterapic Supports<\/li>\n<li>Cr\u00e8mes Eudermic<\/li>\n<\/ul>\n<\/div><\/div><\/div><\/div><\/div><\/div><\/section><section class=\"l-section wpb_row fascia-due chi-siamo hide_on_default hide_on_laptops hide_on_tablets hide_on_mobiles height_auto\"><div class=\"l-section-h i-cf\"><div class=\"g-cols vc_row via_grid cols_1 laptops-cols_inherit tablets-cols_inherit mobiles-cols_1 valign_top type_default stacking_default\"><div class=\"wpb_column vc_column_container\"><div class=\"vc_column-inner\"><div class=\"w-image align_center\"><div class=\"w-image-h\"><img decoding=\"async\" width=\"1024\" height=\"574\" src=\"https:\/\/www.promin.it\/wp-content\/uploads\/2024\/09\/poster-video-azienda-1024x574.jpg\" class=\"attachment-large size-large\" alt=\"\" loading=\"lazy\" srcset=\"https:\/\/www.promin.it\/wp-content\/uploads\/2024\/09\/poster-video-azienda-1024x574.jpg 1024w, https:\/\/www.promin.it\/wp-content\/uploads\/2024\/09\/poster-video-azienda-300x168.jpg 300w, https:\/\/www.promin.it\/wp-content\/uploads\/2024\/09\/poster-video-azienda-600x336.jpg 600w, https:\/\/www.promin.it\/wp-content\/uploads\/2024\/09\/poster-video-azienda.jpg 1132w\" sizes=\"(max-width: 1024px) 100vw, 1024px\" \/><\/div><\/div><\/div><\/div><\/div><\/div><\/section><section class=\"l-section wpb_row fascia-tre chi-siamo height_medium\"><div class=\"l-section-h i-cf\"><div class=\"g-cols vc_row via_grid cols_2 laptops-cols_inherit tablets-cols_inherit mobiles-cols_1 valign_middle type_default stacking_default\"><div class=\"wpb_column vc_column_container\"><div class=\"vc_column-inner\"><div class=\"w-image align_none\"><div class=\"w-image-h\"><img decoding=\"async\" width=\"1024\" height=\"574\" src=\"https:\/\/www.promin.it\/wp-content\/uploads\/2024\/10\/Promin_principi_09-1024x574.webp\" class=\"attachment-large size-large\" alt=\"\" loading=\"lazy\" srcset=\"https:\/\/www.promin.it\/wp-content\/uploads\/2024\/10\/Promin_principi_09-1024x574.webp 1024w, https:\/\/www.promin.it\/wp-content\/uploads\/2024\/10\/Promin_principi_09-300x168.webp 300w, https:\/\/www.promin.it\/wp-content\/uploads\/2024\/10\/Promin_principi_09-600x336.webp 600w, https:\/\/www.promin.it\/wp-content\/uploads\/2024\/10\/Promin_principi_09.webp 1456w\" sizes=\"(max-width: 1024px) 100vw, 1024px\" \/><\/div><\/div><\/div><\/div><div class=\"wpb_column vc_column_container\"><div class=\"vc_column-inner\"><div class=\"wpb_text_column hide_on_tablets hide_on_mobiles\"><div class=\"wpb_wrapper\"><h3>La m\u00e9thode Promin<br \/>\n<span class=\"azzurro\">Qualit\u00e9, efficacit\u00e9<br \/>\net innocuit\u00e9<\/span><\/h3>\n<p>Ce sont les valeurs d\u00e9riv\u00e9es du monde pharmaceutique \u00e0 la base de notre philosophie et le fil conducteur du d\u00e9veloppement de nouveaux produits. Les compl\u00e9ments alimentaires sont d\u00e9velopp\u00e9s et produits avec des composants actifs naturels s\u00fbrs, s\u00e9lectionn\u00e9s et test\u00e9s, savamment m\u00e9lang\u00e9s en tirant parti de leurs caract\u00e9ristiques th\u00e9rapeutiques et nutritionnelles, avec des applications dans de nombreux domaines th\u00e9rapeutiques.<\/p>\n<\/div><\/div><div class=\"wpb_text_column hide_on_default hide_on_laptops\"><div class=\"wpb_wrapper\"><h3>La m\u00e9thode Promin <span class=\"azzurro\">Qualit\u00e9, efficacit\u00e9 et innocuit\u00e9<\/span><\/h3>\n<p>Ce sont les valeurs d\u00e9riv\u00e9es du monde pharmaceutique \u00e0 la base de notre philosophie et le fil conducteur du d\u00e9veloppement de nouveaux produits. Les compl\u00e9ments alimentaires sont d\u00e9velopp\u00e9s et produits avec des composants actifs naturels s\u00fbrs, s\u00e9lectionn\u00e9s et test\u00e9s, savamment m\u00e9lang\u00e9s en tirant parti de leurs caract\u00e9ristiques th\u00e9rapeutiques et nutritionnelles, avec des applications dans de nombreux domaines th\u00e9rapeutiques.<\/p>\n<\/div><\/div><\/div><\/div><\/div><\/div><\/section><section class=\"l-section wpb_row fascia-quattro chi-siamo height_small\"><div class=\"l-section-h i-cf\"><div class=\"g-cols vc_row via_grid cols_3 laptops-cols_inherit tablets-cols_inherit mobiles-cols_1 valign_top type_default stacking_default\"><div class=\"wpb_column vc_column_container\"><div class=\"vc_column-inner\"><div class=\"g-cols wpb_row box via_grid cols_1 laptops-cols_inherit tablets-cols_inherit mobiles-cols_1 valign_top type_default stacking_default\" style=\"--gap:3rem;\"><div class=\"wpb_column vc_column_container\"><div class=\"vc_column-inner\"><div class=\"w-image align_none\"><div class=\"w-image-h\"><img decoding=\"async\" width=\"1024\" height=\"574\" src=\"https:\/\/www.promin.it\/wp-content\/uploads\/2024\/10\/Promin_lab_05.webp\" class=\"attachment-large size-large\" alt=\"\" loading=\"lazy\" srcset=\"https:\/\/www.promin.it\/wp-content\/uploads\/2024\/10\/Promin_lab_05.webp 1024w, https:\/\/www.promin.it\/wp-content\/uploads\/2024\/10\/Promin_lab_05-300x168.webp 300w, https:\/\/www.promin.it\/wp-content\/uploads\/2024\/10\/Promin_lab_05-600x336.webp 600w\" sizes=\"(max-width: 1024px) 100vw, 1024px\" \/><\/div><\/div><div class=\"wpb_text_column txt\"><div class=\"wpb_wrapper\"><h3>Qualit\u00e9<\/h3>\n<p>Recherche constante et g\u00e9n\u00e9ralis\u00e9e de mati\u00e8res premi\u00e8res de qualit\u00e9, contr\u00f4l\u00e9es et test\u00e9es selon les normes nationales et internationales et choix de partenaires d\u2019un s\u00e9rieux absolu : nous voulons garantir au march\u00e9 un produit d\u2019excellente qualit\u00e9.<\/p>\n<\/div><\/div><\/div><\/div><\/div><\/div><\/div><div class=\"wpb_column vc_column_container\"><div class=\"vc_column-inner\"><div class=\"g-cols wpb_row box via_grid cols_1 laptops-cols_inherit tablets-cols_inherit mobiles-cols_1 valign_top type_default stacking_default\" style=\"--gap:3rem;\"><div class=\"wpb_column vc_column_container\"><div class=\"vc_column-inner\"><div class=\"w-image align_none\"><div class=\"w-image-h\"><img decoding=\"async\" width=\"1024\" height=\"574\" src=\"https:\/\/www.promin.it\/wp-content\/uploads\/2024\/10\/Promin_health_07-1024x574.webp\" class=\"attachment-large size-large\" alt=\"\" loading=\"lazy\" srcset=\"https:\/\/www.promin.it\/wp-content\/uploads\/2024\/10\/Promin_health_07-1024x574.webp 1024w, https:\/\/www.promin.it\/wp-content\/uploads\/2024\/10\/Promin_health_07-300x168.webp 300w, https:\/\/www.promin.it\/wp-content\/uploads\/2024\/10\/Promin_health_07-600x336.webp 600w, https:\/\/www.promin.it\/wp-content\/uploads\/2024\/10\/Promin_health_07.webp 1456w\" sizes=\"(max-width: 1024px) 100vw, 1024px\" \/><\/div><\/div><div class=\"wpb_text_column txt\"><div class=\"wpb_wrapper\"><h3>Efficacit\u00e9<\/h3>\n<p>Recherche scientifique, documentation bibliographique, mati\u00e8res premi\u00e8res innovantes, brevets et technologies gal\u00e9niques particuli\u00e8res sont les principes qui guident les choix des produits Promin, s\u00e9lectionn\u00e9s par notre \u00e9quipe de Recherche et D\u00e9veloppement compos\u00e9e de dipl\u00f4m\u00e9s en Pharmacie et Biotechnologie Pharmaceutique.<\/p>\n<\/div><\/div><\/div><\/div><\/div><\/div><\/div><div class=\"wpb_column vc_column_container\"><div class=\"vc_column-inner\"><div class=\"g-cols wpb_row box via_grid cols_1 laptops-cols_inherit tablets-cols_inherit mobiles-cols_1 valign_top type_default stacking_default\" style=\"--gap:3rem;\"><div class=\"wpb_column vc_column_container\"><div class=\"vc_column-inner\"><div class=\"w-image align_none\"><div class=\"w-image-h\"><img decoding=\"async\" width=\"1024\" height=\"574\" src=\"https:\/\/www.promin.it\/wp-content\/uploads\/2024\/10\/Promin_pharma_05-1024x574.webp\" class=\"attachment-large size-large\" alt=\"\" loading=\"lazy\" srcset=\"https:\/\/www.promin.it\/wp-content\/uploads\/2024\/10\/Promin_pharma_05-1024x574.webp 1024w, https:\/\/www.promin.it\/wp-content\/uploads\/2024\/10\/Promin_pharma_05-300x168.webp 300w, https:\/\/www.promin.it\/wp-content\/uploads\/2024\/10\/Promin_pharma_05-600x336.webp 600w\" sizes=\"(max-width: 1024px) 100vw, 1024px\" \/><\/div><\/div><div class=\"wpb_text_column txt\"><div class=\"wpb_wrapper\"><h3>S\u00e9curit\u00e9<\/h3>\n<p>Notre cha\u00eene de production est contr\u00f4l\u00e9e et certifi\u00e9e. La tra\u00e7abilit\u00e9 certifi\u00e9e et l\u2019HACCP garantissent les normes de production les plus \u00e9lev\u00e9es. Notre usine est autoris\u00e9e par le Minist\u00e8re de la Sant\u00e9 pour la production et le conditionnement de compl\u00e9ments alimentaires et d\u2019aliments \u00e0 des fins m\u00e9dicales sp\u00e9ciales.<\/p>\n<\/div><\/div><\/div><\/div><\/div><\/div><\/div><\/div><\/div><\/section><section class=\"l-section wpb_row fascia-cinque chi-siamo height_small\"><div class=\"l-section-h i-cf\"><div class=\"g-cols vc_row via_grid cols_2 laptops-cols_inherit tablets-cols_inherit mobiles-cols_1 valign_middle type_default stacking_default\"><div class=\"wpb_column vc_column_container\"><div class=\"vc_column-inner\"><div class=\"wpb_text_column hide_on_tablets hide_on_mobiles\"><div class=\"wpb_wrapper\"><h3>L\u2019histoire de<br \/>\n<span class=\"azzurro\">Promin<\/span><\/h3>\n<p>Promin, fond\u00e9e \u00e0 Milan en 1980, est n\u00e9e de l\u2019exp\u00e9rience acquise par le Dr Silvio Pialorsi avec les soci\u00e9t\u00e9s CEB et Salicom qui ont cr\u00e9\u00e9 des produits tr\u00e8s r\u00e9ussis, tout d\u2019abord la levure de bi\u00e8re en comprim\u00e9s Lievitolin. Les premi\u00e8res formulations de Promin sont n\u00e9es de la rencontre du Dr Silvio Pialorsi avec le Prof. Oreste Speciani, fondateur de la M\u00e9decine Psychosomatique et de la M\u00e9decine Int\u00e9gr\u00e9e, pour apporter des supports hom\u00e9opathiques et naturels \u00e0 l\u2019\u00c9cole qu\u2019il a fond\u00e9e et r\u00e9pondre aux demandes du march\u00e9 croissant des nutraceutiques et hom\u00e9opathiques. Au fil des ans, Promin a d\u00e9velopp\u00e9 des produits qui ont \u00e9t\u00e9 utilis\u00e9s avec succ\u00e8s dans de nombreux domaines th\u00e9rapeutiques avec professionnalisme et exp\u00e9rience, en comparaison continue avec les \u00e9tudes internationales du secteur.<\/p>\n<\/div><\/div><div class=\"wpb_text_column hide_on_default hide_on_laptops\"><div class=\"wpb_wrapper\"><h3><span class=\"azzurro\">L\u2019histoire de Promin<\/span><\/h3>\n<p>Promin, fond\u00e9e \u00e0 Milan en 1980, est n\u00e9e de l\u2019exp\u00e9rience acquise par le Dr Silvio Pialorsi avec les soci\u00e9t\u00e9s CEB et Salicom qui ont cr\u00e9\u00e9 des produits tr\u00e8s r\u00e9ussis, tout d\u2019abord la levure de bi\u00e8re en comprim\u00e9s Lievitolin. Les premi\u00e8res formulations de Promin sont n\u00e9es de la rencontre du Dr Silvio Pialorsi avec le Prof. Oreste Speciani, fondateur de la M\u00e9decine Psychosomatique et de la M\u00e9decine Int\u00e9gr\u00e9e, pour apporter des supports hom\u00e9opathiques et naturels \u00e0 l\u2019\u00c9cole qu\u2019il a fond\u00e9e et r\u00e9pondre aux demandes du march\u00e9 croissant des nutraceutiques et hom\u00e9opathiques. Au fil des ans, Promin a d\u00e9velopp\u00e9 des produits qui ont \u00e9t\u00e9 utilis\u00e9s avec succ\u00e8s dans de nombreux domaines th\u00e9rapeutiques avec professionnalisme et exp\u00e9rience, en comparaison continue avec les \u00e9tudes internationales du secteur.<\/p>\n<\/div><\/div><\/div><\/div><div class=\"wpb_column vc_column_container\"><div class=\"vc_column-inner\"><div class=\"w-image align_none\"><div class=\"w-image-h\"><img decoding=\"async\" width=\"1024\" height=\"574\" src=\"https:\/\/www.promin.it\/wp-content\/uploads\/2024\/10\/Promin_pharma_02-1024x574.webp\" class=\"attachment-large size-large\" alt=\"\" loading=\"lazy\" srcset=\"https:\/\/www.promin.it\/wp-content\/uploads\/2024\/10\/Promin_pharma_02-1024x574.webp 1024w, https:\/\/www.promin.it\/wp-content\/uploads\/2024\/10\/Promin_pharma_02-300x168.webp 300w, https:\/\/www.promin.it\/wp-content\/uploads\/2024\/10\/Promin_pharma_02-600x336.webp 600w, https:\/\/www.promin.it\/wp-content\/uploads\/2024\/10\/Promin_pharma_02.webp 1456w\" sizes=\"(max-width: 1024px) 100vw, 1024px\" \/><\/div><\/div><\/div><\/div><\/div><\/div><\/section><section class=\"l-section wpb_row fascia-sei chi-siamo height_small\"><div class=\"l-section-h i-cf\"><div class=\"g-cols vc_row via_grid cols_1 laptops-cols_inherit tablets-cols_inherit mobiles-cols_1 valign_top type_default stacking_default\"><div class=\"wpb_column vc_column_container\"><div class=\"vc_column-inner\"><div class=\"wpb_text_column\"><div class=\"wpb_wrapper\"><h3 style=\"text-align: center;\"><span class=\"azzurro\">Fabrication en sous-traitance<\/span><\/h3>\n<p style=\"text-align: center;\">Promin est en mesure de garantir un service de production flexible et de qualit\u00e9 pour le compte de tiers, avec des solutions \u00ab cl\u00e9s en main \u00bb. Le personnel technico-scientifique est en mesure de suivre le client dans toutes les phases de d\u00e9veloppement d\u2019un nouveau projet <\/p>\n<\/div><\/div><div class=\"wpb_text_column claim\"><div class=\"wpb_wrapper\"><p style=\"text-align: center;\">Recherche d\u2019ingr\u00e9dients et de nouvelles formulations,<br \/>\n fourniture \u00e9ventuelle de packagings,<br \/>\n assistance technique et r\u00e9glementaire, production de lots pilotes, etc.<\/p>\n<\/div><\/div><div class=\"w-btn-wrapper align_center\"><a class=\"w-btn us-btn-style_1\" href=\"https:\/\/www.promin.it\/fr\/?page_id=19191\"><span class=\"w-btn-label\">Visitez la section des produits<\/span><\/a><\/div><\/div><\/div><\/div><\/div><\/section>\n","protected":false},"excerpt":{"rendered":"Compagnie Bienvenue chez Promin Products Integrated Medicine Promin op\u00e8re dans le domaine des compl\u00e9ments alimentaires, de la m\u00e9decine naturelle et de la cosm\u00e9tique pharmaceutique. Avec des discussions quotidiennes avec des nutritionnistes, des di\u00e9t\u00e9ticiens, des m\u00e9decins et une recherche et un d\u00e9veloppement intenses, Promin dispose d\u2019un catalogue complet et h\u00e9t\u00e9rog\u00e8ne de produits de marque, distribu\u00e9s principalement...","protected":false},"author":193,"featured_media":0,"parent":0,"menu_order":0,"comment_status":"closed","ping_status":"closed","template":"","meta":{"_acf_changed":false,"jetpack_post_was_ever_published":false,"footnotes":""},"class_list":["post-19185","page","type-page","status-publish","hentry"],"acf":[],"yoast_head":"<!-- This site is optimized with the Yoast SEO plugin v23.4 - https:\/\/yoast.com\/wordpress\/plugins\/seo\/ -->\n<title>Qui sommes-nous - Promin<\/title>\n<meta name=\"robots\" content=\"index, follow, max-snippet:-1, max-image-preview:large, max-video-preview:-1\" \/>\n<link rel=\"canonical\" href=\"https:\/\/www.promin.it\/fr\/qui-sommes-nous\/\" \/>\n<meta property=\"og:locale\" content=\"fr_FR\" \/>\n<meta property=\"og:type\" content=\"article\" \/>\n<meta property=\"og:title\" content=\"Qui sommes-nous - Promin\" \/>\n<meta property=\"og:url\" content=\"https:\/\/www.promin.it\/fr\/qui-sommes-nous\/\" \/>\n<meta property=\"og:site_name\" content=\"Promin\" \/>\n<meta property=\"article:publisher\" content=\"https:\/\/www.facebook.com\/prominmed\" \/>\n<meta property=\"article:modified_time\" content=\"2024-11-11T10:37:30+00:00\" \/>\n<meta property=\"og:image\" content=\"https:\/\/www.promin.it\/wp-content\/uploads\/2024\/11\/logo-promin-seo-1200.jpg\" \/>\n\t<meta property=\"og:image:width\" content=\"1200\" \/>\n\t<meta property=\"og:image:height\" content=\"675\" \/>\n\t<meta property=\"og:image:type\" content=\"image\/jpeg\" \/>\n<meta name=\"twitter:card\" content=\"summary_large_image\" \/>\n<script type=\"application\/ld+json\" class=\"yoast-schema-graph\">{\"@context\":\"https:\/\/schema.org\",\"@graph\":[{\"@type\":\"WebPage\",\"@id\":\"https:\/\/www.promin.it\/fr\/qui-sommes-nous\/\",\"url\":\"https:\/\/www.promin.it\/fr\/qui-sommes-nous\/\",\"name\":\"Qui sommes-nous - Promin\",\"isPartOf\":{\"@id\":\"https:\/\/www.promin.it\/#website\"},\"datePublished\":\"2024-09-30T14:29:50+00:00\",\"dateModified\":\"2024-11-11T10:37:30+00:00\",\"breadcrumb\":{\"@id\":\"https:\/\/www.promin.it\/fr\/qui-sommes-nous\/#breadcrumb\"},\"inLanguage\":\"fr-FR\",\"potentialAction\":[{\"@type\":\"ReadAction\",\"target\":[\"https:\/\/www.promin.it\/fr\/qui-sommes-nous\/\"]}]},{\"@type\":\"BreadcrumbList\",\"@id\":\"https:\/\/www.promin.it\/fr\/qui-sommes-nous\/#breadcrumb\",\"itemListElement\":[{\"@type\":\"ListItem\",\"position\":1,\"name\":\"Accueil\",\"item\":\"https:\/\/www.promin.it\/fr\/\"},{\"@type\":\"ListItem\",\"position\":2,\"name\":\"Qui sommes-nous\"}]},{\"@type\":\"WebSite\",\"@id\":\"https:\/\/www.promin.it\/#website\",\"url\":\"https:\/\/www.promin.it\/\",\"name\":\"Promin\",\"description\":\"Prodotti Medicina Integrata\",\"publisher\":{\"@id\":\"https:\/\/www.promin.it\/#organization\"},\"potentialAction\":[{\"@type\":\"SearchAction\",\"target\":{\"@type\":\"EntryPoint\",\"urlTemplate\":\"https:\/\/www.promin.it\/?s={search_term_string}\"},\"query-input\":{\"@type\":\"PropertyValueSpecification\",\"valueRequired\":true,\"valueName\":\"search_term_string\"}}],\"inLanguage\":\"fr-FR\"},{\"@type\":\"Organization\",\"@id\":\"https:\/\/www.promin.it\/#organization\",\"name\":\"Promin Srl\",\"alternateName\":\"Promin - Prodotti Medicina Integrata\",\"url\":\"https:\/\/www.promin.it\/\",\"logo\":{\"@type\":\"ImageObject\",\"inLanguage\":\"fr-FR\",\"@id\":\"https:\/\/www.promin.it\/#\/schema\/logo\/image\/\",\"url\":\"https:\/\/www.promin.it\/wp-content\/uploads\/2024\/11\/logo-promin-seo.jpg\",\"contentUrl\":\"https:\/\/www.promin.it\/wp-content\/uploads\/2024\/11\/logo-promin-seo.jpg\",\"width\":512,\"height\":512,\"caption\":\"Promin Srl\"},\"image\":{\"@id\":\"https:\/\/www.promin.it\/#\/schema\/logo\/image\/\"},\"sameAs\":[\"https:\/\/www.facebook.com\/prominmed\",\"https:\/\/www.instagram.com\/promin_medicina_integrata\/\",\"https:\/\/www.linkedin.com\/company\/promin-prodotti-medicina-integrata\/\"]}]}<\/script>\n<!-- \/ Yoast SEO plugin. -->","yoast_head_json":{"title":"Qui sommes-nous - Promin","robots":{"index":"index","follow":"follow","max-snippet":"max-snippet:-1","max-image-preview":"max-image-preview:large","max-video-preview":"max-video-preview:-1"},"canonical":"https:\/\/www.promin.it\/fr\/qui-sommes-nous\/","og_locale":"fr_FR","og_type":"article","og_title":"Qui sommes-nous - Promin","og_url":"https:\/\/www.promin.it\/fr\/qui-sommes-nous\/","og_site_name":"Promin","article_publisher":"https:\/\/www.facebook.com\/prominmed","article_modified_time":"2024-11-11T10:37:30+00:00","og_image":[{"width":1200,"height":675,"url":"https:\/\/www.promin.it\/wp-content\/uploads\/2024\/11\/logo-promin-seo-1200.jpg","type":"image\/jpeg"}],"twitter_card":"summary_large_image","schema":{"@context":"https:\/\/schema.org","@graph":[{"@type":"WebPage","@id":"https:\/\/www.promin.it\/fr\/qui-sommes-nous\/","url":"https:\/\/www.promin.it\/fr\/qui-sommes-nous\/","name":"Qui sommes-nous - Promin","isPartOf":{"@id":"https:\/\/www.promin.it\/#website"},"datePublished":"2024-09-30T14:29:50+00:00","dateModified":"2024-11-11T10:37:30+00:00","breadcrumb":{"@id":"https:\/\/www.promin.it\/fr\/qui-sommes-nous\/#breadcrumb"},"inLanguage":"fr-FR","potentialAction":[{"@type":"ReadAction","target":["https:\/\/www.promin.it\/fr\/qui-sommes-nous\/"]}]},{"@type":"BreadcrumbList","@id":"https:\/\/www.promin.it\/fr\/qui-sommes-nous\/#breadcrumb","itemListElement":[{"@type":"ListItem","position":1,"name":"Accueil","item":"https:\/\/www.promin.it\/fr\/"},{"@type":"ListItem","position":2,"name":"Qui sommes-nous"}]},{"@type":"WebSite","@id":"https:\/\/www.promin.it\/#website","url":"https:\/\/www.promin.it\/","name":"Promin","description":"Prodotti Medicina Integrata","publisher":{"@id":"https:\/\/www.promin.it\/#organization"},"potentialAction":[{"@type":"SearchAction","target":{"@type":"EntryPoint","urlTemplate":"https:\/\/www.promin.it\/?s={search_term_string}"},"query-input":{"@type":"PropertyValueSpecification","valueRequired":true,"valueName":"search_term_string"}}],"inLanguage":"fr-FR"},{"@type":"Organization","@id":"https:\/\/www.promin.it\/#organization","name":"Promin Srl","alternateName":"Promin - Prodotti Medicina Integrata","url":"https:\/\/www.promin.it\/","logo":{"@type":"ImageObject","inLanguage":"fr-FR","@id":"https:\/\/www.promin.it\/#\/schema\/logo\/image\/","url":"https:\/\/www.promin.it\/wp-content\/uploads\/2024\/11\/logo-promin-seo.jpg","contentUrl":"https:\/\/www.promin.it\/wp-content\/uploads\/2024\/11\/logo-promin-seo.jpg","width":512,"height":512,"caption":"Promin Srl"},"image":{"@id":"https:\/\/www.promin.it\/#\/schema\/logo\/image\/"},"sameAs":["https:\/\/www.facebook.com\/prominmed","https:\/\/www.instagram.com\/promin_medicina_integrata\/","https:\/\/www.linkedin.com\/company\/promin-prodotti-medicina-integrata\/"]}]}},"jetpack_sharing_enabled":true,"jetpack_shortlink":"https:\/\/wp.me\/PaiRmh-4Zr","_links":{"self":[{"href":"https:\/\/www.promin.it\/fr\/wp-json\/wp\/v2\/pages\/19185"}],"collection":[{"href":"https:\/\/www.promin.it\/fr\/wp-json\/wp\/v2\/pages"}],"about":[{"href":"https:\/\/www.promin.it\/fr\/wp-json\/wp\/v2\/types\/page"}],"author":[{"embeddable":true,"href":"https:\/\/www.promin.it\/fr\/wp-json\/wp\/v2\/users\/193"}],"replies":[{"embeddable":true,"href":"https:\/\/www.promin.it\/fr\/wp-json\/wp\/v2\/comments?post=19185"}],"version-history":[{"count":4,"href":"https:\/\/www.promin.it\/fr\/wp-json\/wp\/v2\/pages\/19185\/revisions"}],"predecessor-version":[{"id":19840,"href":"https:\/\/www.promin.it\/fr\/wp-json\/wp\/v2\/pages\/19185\/revisions\/19840"}],"wp:attachment":[{"href":"https:\/\/www.promin.it\/fr\/wp-json\/wp\/v2\/media?parent=19185"}],"curies":[{"name":"wp","href":"https:\/\/api.w.org\/{rel}","templated":true}]}}