{"id":19200,"date":"2017-10-09T14:11:30","date_gmt":"2017-10-09T12:11:30","guid":{"rendered":"https:\/\/www.promin.it\/?page_id=19200"},"modified":"2024-12-12T16:56:36","modified_gmt":"2024-12-12T15:56:36","slug":"inositolo","status":"publish","type":"page","link":"https:\/\/www.promin.it\/fr\/inositolo\/","title":{"rendered":"INOSITOLO"},"content":{"rendered":"<section class=\"l-section wpb_row visore-interno height_auto width_full\"><div class=\"l-section-h i-cf\"><div class=\"g-cols vc_row via_grid cols_1-3 laptops-cols_inherit tablets-cols_inherit mobiles-cols_1 valign_middle type_default stacking_default\" style=\"--gap:0rem;\"><div class=\"wpb_column vc_column_container col-visore\"><div class=\"vc_column-inner\"><div class=\"w-image logo-promin-v align_none\"><div class=\"w-image-h\"><img decoding=\"async\" width=\"268\" height=\"117\" src=\"https:\/\/www.promin.it\/wp-content\/uploads\/2024\/09\/promin-logo-v.svg\" class=\"attachment-large size-large\" alt=\"\" loading=\"lazy\" \/><\/div><\/div><\/div><\/div><div class=\"wpb_column vc_column_container col-img inositolo\"><div class=\"vc_column-inner\"><div class=\"wpb_text_column\"><div class=\"wpb_wrapper\"><h1>Inositolo<\/h1>\n<\/div><\/div><\/div><\/div><\/div><\/div><\/section><section class=\"l-section wpb_row fascia-breadcrums height_auto\"><div class=\"l-section-h i-cf\"><div class=\"g-cols vc_row via_grid cols_1 laptops-cols_inherit tablets-cols_inherit mobiles-cols_1 valign_top type_default stacking_default\"><div class=\"wpb_column vc_column_container\"><div class=\"vc_column-inner\"><\/div><\/div><\/div><\/div><\/section><section class=\"l-section wpb_row fascia-uno inositolo-pag height_small\"><div class=\"l-section-h i-cf\"><div class=\"g-cols vc_row via_grid cols_2 laptops-cols_inherit tablets-cols_inherit mobiles-cols_1 valign_top type_default stacking_default\"><div class=\"wpb_column vc_column_container\"><div class=\"vc_column-inner\"><div class=\"wpb_text_column\"><div class=\"wpb_wrapper\"><h2>Inositol<br \/>\n<span class=\"azzurro\">ou m\u00e9soinose ou vitamine b7<\/span><\/h2>\n<p>De nombreuses \u00e9tudes ont \u00e9t\u00e9 et sont actuellement men\u00e9es pour \u00e9tudier les multiples fonctions et applications th\u00e9rapeutiques de l\u2019Inositol, un nutriment semblable \u00e0 une vitamine, dont la forme la plus importante dans la nature est le myo-Inositol (cis-1,2,3,5-trans-4,6-cyclohexanesol), tr\u00e8s r\u00e9pandu dans les tissus animaux et v\u00e9g\u00e9taux. La communaut\u00e9 scientifique est divis\u00e9e sur sa classification : pour beaucoup, elle est class\u00e9e comme vitamine B (vitamine B7) ; pour d\u2019autres, cette classification est incorrecte, car l\u2019inositol est synth\u00e9tis\u00e9 par notre corps.<\/p>\n<h3>Inositol, <span class=\"azzurro\">domaines d\u2019application possibles<\/span><\/h3>\n<p>Connu depuis environ 150 ans par les biochimistes, il a d\u2019abord fait l\u2019objet de recherches et d\u2019applications th\u00e9rapeutiques presque exclusivement dans le domaine de l\u2019activit\u00e9 lipotrope, exerc\u00e9e dans le m\u00e9tabolisme du cholest\u00e9rol. Plus tard, la recherche a \u00e9t\u00e9 \u00e9tendue \u00e0 son action du composant dans le m\u00e9tabolisme \u00e9nerg\u00e9tique, glycidique (glyc\u00e9mie), lipidique (h\u00e9patolipidose), bior\u00e9gulateurs (vitamines et hormones). Au fil des ans, des actions importantes de l\u2019inositol ont \u00e9t\u00e9 d\u00e9tect\u00e9es dans diverses h\u00e9t\u00e9rotoxicoses et autotoxicoses et des activit\u00e9s r\u00e9gulatrices de cette vitamine dans la fonction cardiaque, le tonus vasculaire, la respiration, etc. ont \u00e9galement \u00e9t\u00e9 trouv\u00e9es. Des \u00e9tudes r\u00e9centes ont soulign\u00e9 le r\u00f4le de l\u2019inositol en tant que facteur fondamental dans la modulation des fonctions m\u00e9taboliques et de transport complexes inh\u00e9rentes \u00e0 de nombreux organes et tissus, en particulier le foie, les reins, le c\u0153ur, le syst\u00e8me nerveux central et p\u00e9riph\u00e9rique, l\u2019intestin, etc.<\/p>\n<\/div><\/div><\/div><\/div><div class=\"wpb_column vc_column_container\"><div class=\"vc_column-inner\"><div class=\"w-image align_none\"><div class=\"w-image-h\"><img decoding=\"async\" width=\"1024\" height=\"574\" src=\"https:\/\/www.promin.it\/wp-content\/uploads\/2024\/10\/Promin_health_08-1024x574.webp\" class=\"attachment-large size-large\" alt=\"\" loading=\"lazy\" srcset=\"https:\/\/www.promin.it\/wp-content\/uploads\/2024\/10\/Promin_health_08-1024x574.webp 1024w, https:\/\/www.promin.it\/wp-content\/uploads\/2024\/10\/Promin_health_08-300x168.webp 300w, https:\/\/www.promin.it\/wp-content\/uploads\/2024\/10\/Promin_health_08-600x336.webp 600w, https:\/\/www.promin.it\/wp-content\/uploads\/2024\/10\/Promin_health_08.webp 1456w\" sizes=\"(max-width: 1024px) 100vw, 1024px\" \/><\/div><\/div><div class=\"w-separator size_medium\"><\/div><div class=\"wpb_text_column\"><div class=\"wpb_wrapper\"><h3>Il est o\u00f9<\/h3>\n<p>L\u2019inositol est un composant primaire des membranes cellulaires o\u00f9 il se trouve sous forme de phosphatidylinositol. Dans la nature, il est pr\u00e9sent dans les tissus animaux et v\u00e9g\u00e9taux : dans le soja, dans les grains entiers non trait\u00e9s, dans les agrumes, dans la levure de bi\u00e8re, dans la m\u00e9lasse brute non raffin\u00e9e, dans le foie, etc.<\/p>\n<h3><span class=\"azzurro\">Actions de l\u2019inositol<\/span><\/h3>\n<p>L\u2019action de l\u2019Inositol s\u2019exerce au niveau des mitochondries, les plantes \u00e9nerg\u00e9tiques des cellules et donc avec un trophisme marqu\u00e9 vers les tissus et organes qui en sont riches, en premier lieu le foie et le cerveau, ses organes cibles de pr\u00e9dilection. Il faut rappeler que les mitochondries, en plus d\u2019\u00eatre indispensables \u00e0 la production d\u2019\u00e9nergie, repr\u00e9sentent l\u2019un des p\u00f4les les plus importants de d\u00e9toxification de la cellule et cela explique sa forte activit\u00e9 dans le foie.<\/p>\n<\/div><\/div><\/div><\/div><\/div><\/div><\/section><section class=\"l-section wpb_row fascia-due inositolo-pag height_medium\"><div class=\"l-section-h i-cf\"><div class=\"g-cols vc_row via_grid cols_1 laptops-cols_inherit tablets-cols_inherit mobiles-cols_1 valign_top type_default stacking_default\"><div class=\"wpb_column vc_column_container\"><div class=\"vc_column-inner\"><div class=\"wpb_text_column\"><div class=\"wpb_wrapper\"><h2 style=\"text-align: center;\">L\u2019inositol <span class=\"giallo\">et l\u2019humeur<\/span><\/h2>\n<\/div><\/div><div class=\"wpb_text_column\"><div class=\"wpb_wrapper\"><p style=\"text-align: center;\">Il a \u00e9t\u00e9 d\u00e9montr\u00e9 que cette vitamine est n\u00e9cessaire au bon fonctionnement de divers neurotransmetteurs c\u00e9r\u00e9braux, dont la s\u00e9rotonine et l\u2019ac\u00e9tylcholine, et que sa r\u00e9duction dans le cerveau peut induire un \u00e9tat d\u00e9pressif.<\/p>\n<p style=\"text-align: center;\"><span class=\"giallo\">L\u2019effet antid\u00e9presseur de l\u2019administration d\u2019Inositol et son efficacit\u00e9 dans les troubles de l\u2019attaque de panique ont \u00e9t\u00e9 confirm\u00e9s dans des \u00e9tudes r\u00e9centes dont les auteurs ont conclu que son efficacit\u00e9, l\u2019absence d\u2019effets secondaires et son r\u00f4le naturel dans l\u2019alimentation humaine font de l\u2019Inositol une alternative th\u00e9rapeutique tr\u00e8s valable.<\/span><\/p>\n<p style=\"text-align: center;\">En fait, c\u2019est un soutien important dans le traitement de la d\u00e9pression, de l\u2019anxi\u00e9t\u00e9, des attaques de panique.<\/p>\n<\/div><\/div><\/div><\/div><\/div><\/div><\/section><section class=\"l-section wpb_row fascia-tre inositolo-pag height_small\"><div class=\"l-section-h i-cf\"><div class=\"g-cols vc_row via_grid cols_2 laptops-cols_inherit tablets-cols_inherit mobiles-cols_1 valign_top type_default stacking_default\"><div class=\"wpb_column vc_column_container\"><div class=\"vc_column-inner\"><div class=\"wpb_text_column\"><div class=\"wpb_wrapper\"><h3>Inositol <span class=\"azzurro\">et m\u00e9tabolisme h\u00e9patique<\/span><\/h3>\n<p>L\u2019inositol est un rem\u00e8de important dans les processus de d\u00e9toxification du corps et du foie, dont il favorise les fonctions de filtre. Il aide \u00e0 neutraliser les toxines endog\u00e8nes, celles produites par l\u2019organisme lui-m\u00eame et les toxines exog\u00e8nes : polluants, drogues, aliments, tabagisme, etc. La fonction lipotrope de l\u2019Inositol, visant \u00e0 mobiliser les graisses du foie, (effet lipotrope) est \u00e9galement tr\u00e8s int\u00e9ressante. Cette action est essentielle pour la sant\u00e9 de cet organe, car le d\u00e9p\u00f4t de graisse et de bile est souvent associ\u00e9 au d\u00e9veloppement de troubles plus graves tels que la st\u00e9atose, la cirrhose, la dyslipid\u00e9mie, etc.<\/p>\n<h3>Inositol, <span class=\"azzurro\">m\u00e9tabolisme du sucre et ovaire polykystique.<\/span><\/h3>\n<p>L\u2019inositol est \u00e9galement entr\u00e9 r\u00e9cemment dans le contexte th\u00e9rapeutique du traitement des ovaires polykystiques, un syndrome associ\u00e9 \u00e0 certaines anomalies m\u00e9taboliques souvent li\u00e9es \u00e0 la r\u00e9sistance \u00e0 l\u2019insuline telles que l\u2019intol\u00e9rance au glucose, la dyslipid\u00e9mie, l\u2019hypertension. Il a \u00e9t\u00e9 observ\u00e9 dans certains travaux scientifiques que l\u2019administration d\u2019Inositol diminue la r\u00e9ponse insulin\u00e9mique \u00e0 la charge de glucose ; il peut \u00eatre utilis\u00e9 comme adjuvant dans le syndrome des ovaires polykystiques, dans des conditions de r\u00e9sistance \u00e0 l\u2019insuline, d\u2019\u00e9tats pr\u00e9diab\u00e9tiques, de diab\u00e8te de type II.<\/p>\n<h3><strong>L\u2019importance du mode d\u2019administration<\/strong><\/h3>\n<p>Pour qu\u2019il remplisse pleinement ses fonctions, la mani\u00e8re dont l\u2019inositol est administr\u00e9 est tr\u00e8s importante. Prise par voie orale, en raison de l\u2019acidit\u00e9 de l\u2019estomac, elle transforme et modifie son action. Il est donc souhaitable de l\u2019administrer sous des formes gastro-r\u00e9sistantes, telles que les <strong>comprim\u00e9s \u00e0 lib\u00e9ration lente<\/strong>. Cette technologie brevet\u00e9e permet \u00e0 l\u2019ingr\u00e9dient actif de surmonter la barri\u00e8re gastrique et d\u2019\u00eatre absorb\u00e9 dans le duod\u00e9num sans subir de modifications.<\/p>\n<\/div><\/div><\/div><\/div><div class=\"wpb_column vc_column_container\"><div class=\"vc_column-inner\"><div class=\"wpb_text_column\"><div class=\"wpb_wrapper\"><h3><span class=\"azzurro\">D\u00e9couvrez la gamme Promin \u00e0 base d\u2019inositol<\/span> :<\/h3>\n<\/div><\/div><div class=\"w-image align_none\"><a href=\"https:\/\/www.promin.it\/linea-inositolo\/\" aria-label=\"Scatola Inositolo\" class=\"w-image-h\"><img decoding=\"async\" width=\"1024\" height=\"574\" src=\"https:\/\/www.promin.it\/wp-content\/uploads\/2024\/10\/secondaria_pharma-1024x574.webp\" class=\"attachment-large size-large\" alt=\"\" loading=\"lazy\" srcset=\"https:\/\/www.promin.it\/wp-content\/uploads\/2024\/10\/secondaria_pharma-1024x574.webp 1024w, https:\/\/www.promin.it\/wp-content\/uploads\/2024\/10\/secondaria_pharma-300x168.webp 300w, https:\/\/www.promin.it\/wp-content\/uploads\/2024\/10\/secondaria_pharma-600x336.webp 600w, https:\/\/www.promin.it\/wp-content\/uploads\/2024\/10\/secondaria_pharma.webp 1456w\" sizes=\"(max-width: 1024px) 100vw, 1024px\" \/><\/a><\/div><div class=\"w-separator size_small\"><\/div><div class=\"w-btn-wrapper align_none\"><a class=\"w-btn us-btn-style_2\" href=\"https:\/\/www.promin.it\/linea-inositolo\/\"><span class=\"w-btn-label\">Entrez dans le monde de Promin<\/span><\/a><\/div><\/div><\/div><\/div><\/div><\/section><section class=\"l-section wpb_row fascia-cinque inositolo-pag height_large\"><div class=\"l-section-h i-cf\"><div class=\"g-cols vc_row via_grid cols_1 laptops-cols_inherit tablets-cols_inherit mobiles-cols_1 valign_top type_default stacking_default\"><div class=\"wpb_column vc_column_container\"><div class=\"vc_column-inner\"><div class=\"wpb_text_column\"><div class=\"wpb_wrapper\"><h2 style=\"text-align: center;\">Pour toutes nos actualit\u00e9s<br \/>\n<span class=\"giallo\">sur Inositol<\/span><\/h2>\n<\/div><\/div><div class=\"w-separator size_small\"><\/div><div class=\"w-btn-wrapper align_center\"><a class=\"w-btn us-btn-style_2\" href=\"\/category\/news-promin\/\"><span class=\"w-btn-label\">Visiter la section actualit\u00e9s<\/span><\/a><\/div><\/div><\/div><\/div><\/div><\/section>\n","protected":false},"excerpt":{"rendered":"Inositolo Inositol ou m\u00e9soinose ou vitamine b7 De nombreuses \u00e9tudes ont \u00e9t\u00e9 et sont actuellement men\u00e9es pour \u00e9tudier les multiples fonctions et applications th\u00e9rapeutiques de l\u2019Inositol, un nutriment semblable \u00e0 une vitamine, dont la forme la plus importante dans la nature est le myo-Inositol (cis-1,2,3,5-trans-4,6-cyclohexanesol), tr\u00e8s r\u00e9pandu dans les tissus animaux et v\u00e9g\u00e9taux. La communaut\u00e9...","protected":false},"author":3,"featured_media":18606,"parent":0,"menu_order":0,"comment_status":"closed","ping_status":"closed","template":"","meta":{"_acf_changed":false,"jetpack_post_was_ever_published":false,"footnotes":""},"class_list":["post-19200","page","type-page","status-publish","has-post-thumbnail","hentry"],"acf":[],"yoast_head":"<!-- This site is optimized with the Yoast SEO plugin v23.4 - https:\/\/yoast.com\/wordpress\/plugins\/seo\/ -->\n<title>Inositol : Bienfaits et Propri\u00e9t\u00e9s | Promin<\/title>\n<meta name=\"description\" content=\"Inositol est essentiel pour votre bien-\u00eatre. D\u00e9couvrez ses bienfaits pour l\u2019\u00e9quilibre mental, la digestion et plus encore.\" \/>\n<meta name=\"robots\" content=\"index, follow, max-snippet:-1, max-image-preview:large, max-video-preview:-1\" \/>\n<link rel=\"canonical\" href=\"https:\/\/www.promin.it\/fr\/inositolo\/\" \/>\n<meta property=\"og:locale\" content=\"fr_FR\" \/>\n<meta property=\"og:type\" content=\"article\" \/>\n<meta property=\"og:title\" content=\"Inositol : Bienfaits et Propri\u00e9t\u00e9s | Promin\" \/>\n<meta property=\"og:description\" content=\"Inositol est essentiel pour votre bien-\u00eatre. D\u00e9couvrez ses bienfaits pour l\u2019\u00e9quilibre mental, la digestion et plus encore.\" \/>\n<meta property=\"og:url\" content=\"https:\/\/www.promin.it\/fr\/inositolo\/\" \/>\n<meta property=\"og:site_name\" content=\"Promin\" \/>\n<meta property=\"article:publisher\" content=\"https:\/\/www.facebook.com\/prominmed\" \/>\n<meta property=\"article:modified_time\" content=\"2024-12-12T15:56:36+00:00\" \/>\n<meta property=\"og:image\" content=\"https:\/\/www.promin.it\/wp-content\/uploads\/2018\/02\/Crusca-di-riso-3-1024-px-inositolo-formula-chimica-e1523368606277.jpg\" \/>\n\t<meta property=\"og:image:width\" content=\"300\" \/>\n\t<meta property=\"og:image:height\" content=\"300\" \/>\n\t<meta property=\"og:image:type\" content=\"image\/jpeg\" \/>\n<meta name=\"twitter:card\" content=\"summary_large_image\" \/>\n<script type=\"application\/ld+json\" class=\"yoast-schema-graph\">{\"@context\":\"https:\/\/schema.org\",\"@graph\":[{\"@type\":\"WebPage\",\"@id\":\"https:\/\/www.promin.it\/fr\/inositolo\/\",\"url\":\"https:\/\/www.promin.it\/fr\/inositolo\/\",\"name\":\"Inositol : Bienfaits et Propri\u00e9t\u00e9s | Promin\",\"isPartOf\":{\"@id\":\"https:\/\/www.promin.it\/#website\"},\"primaryImageOfPage\":{\"@id\":\"https:\/\/www.promin.it\/fr\/inositolo\/#primaryimage\"},\"image\":{\"@id\":\"https:\/\/www.promin.it\/fr\/inositolo\/#primaryimage\"},\"thumbnailUrl\":\"https:\/\/www.promin.it\/wp-content\/uploads\/2018\/02\/Crusca-di-riso-3-1024-px-inositolo-formula-chimica-e1523368606277.jpg\",\"datePublished\":\"2017-10-09T12:11:30+00:00\",\"dateModified\":\"2024-12-12T15:56:36+00:00\",\"description\":\"Inositol est essentiel pour votre bien-\u00eatre. D\u00e9couvrez ses bienfaits pour l\u2019\u00e9quilibre mental, la digestion et plus encore.\",\"breadcrumb\":{\"@id\":\"https:\/\/www.promin.it\/fr\/inositolo\/#breadcrumb\"},\"inLanguage\":\"fr-FR\",\"potentialAction\":[{\"@type\":\"ReadAction\",\"target\":[\"https:\/\/www.promin.it\/fr\/inositolo\/\"]}]},{\"@type\":\"ImageObject\",\"inLanguage\":\"fr-FR\",\"@id\":\"https:\/\/www.promin.it\/fr\/inositolo\/#primaryimage\",\"url\":\"https:\/\/www.promin.it\/wp-content\/uploads\/2018\/02\/Crusca-di-riso-3-1024-px-inositolo-formula-chimica-e1523368606277.jpg\",\"contentUrl\":\"https:\/\/www.promin.it\/wp-content\/uploads\/2018\/02\/Crusca-di-riso-3-1024-px-inositolo-formula-chimica-e1523368606277.jpg\",\"width\":300,\"height\":300,\"caption\":\"inositolo\"},{\"@type\":\"BreadcrumbList\",\"@id\":\"https:\/\/www.promin.it\/fr\/inositolo\/#breadcrumb\",\"itemListElement\":[{\"@type\":\"ListItem\",\"position\":1,\"name\":\"Accueil\",\"item\":\"https:\/\/www.promin.it\/fr\/\"},{\"@type\":\"ListItem\",\"position\":2,\"name\":\"INOSITOLO\"}]},{\"@type\":\"WebSite\",\"@id\":\"https:\/\/www.promin.it\/#website\",\"url\":\"https:\/\/www.promin.it\/\",\"name\":\"Promin\",\"description\":\"Prodotti Medicina Integrata\",\"publisher\":{\"@id\":\"https:\/\/www.promin.it\/#organization\"},\"potentialAction\":[{\"@type\":\"SearchAction\",\"target\":{\"@type\":\"EntryPoint\",\"urlTemplate\":\"https:\/\/www.promin.it\/?s={search_term_string}\"},\"query-input\":{\"@type\":\"PropertyValueSpecification\",\"valueRequired\":true,\"valueName\":\"search_term_string\"}}],\"inLanguage\":\"fr-FR\"},{\"@type\":\"Organization\",\"@id\":\"https:\/\/www.promin.it\/#organization\",\"name\":\"Promin Srl\",\"alternateName\":\"Promin - Prodotti Medicina Integrata\",\"url\":\"https:\/\/www.promin.it\/\",\"logo\":{\"@type\":\"ImageObject\",\"inLanguage\":\"fr-FR\",\"@id\":\"https:\/\/www.promin.it\/#\/schema\/logo\/image\/\",\"url\":\"https:\/\/www.promin.it\/wp-content\/uploads\/2024\/11\/logo-promin-seo.jpg\",\"contentUrl\":\"https:\/\/www.promin.it\/wp-content\/uploads\/2024\/11\/logo-promin-seo.jpg\",\"width\":512,\"height\":512,\"caption\":\"Promin Srl\"},\"image\":{\"@id\":\"https:\/\/www.promin.it\/#\/schema\/logo\/image\/\"},\"sameAs\":[\"https:\/\/www.facebook.com\/prominmed\",\"https:\/\/www.instagram.com\/promin_medicina_integrata\/\",\"https:\/\/www.linkedin.com\/company\/promin-prodotti-medicina-integrata\/\"]}]}<\/script>\n<!-- \/ Yoast SEO plugin. -->","yoast_head_json":{"title":"Inositol : Bienfaits et Propri\u00e9t\u00e9s | Promin","description":"Inositol est essentiel pour votre bien-\u00eatre. D\u00e9couvrez ses bienfaits pour l\u2019\u00e9quilibre mental, la digestion et plus encore.","robots":{"index":"index","follow":"follow","max-snippet":"max-snippet:-1","max-image-preview":"max-image-preview:large","max-video-preview":"max-video-preview:-1"},"canonical":"https:\/\/www.promin.it\/fr\/inositolo\/","og_locale":"fr_FR","og_type":"article","og_title":"Inositol : Bienfaits et Propri\u00e9t\u00e9s | Promin","og_description":"Inositol est essentiel pour votre bien-\u00eatre. D\u00e9couvrez ses bienfaits pour l\u2019\u00e9quilibre mental, la digestion et plus encore.","og_url":"https:\/\/www.promin.it\/fr\/inositolo\/","og_site_name":"Promin","article_publisher":"https:\/\/www.facebook.com\/prominmed","article_modified_time":"2024-12-12T15:56:36+00:00","og_image":[{"width":300,"height":300,"url":"https:\/\/www.promin.it\/wp-content\/uploads\/2018\/02\/Crusca-di-riso-3-1024-px-inositolo-formula-chimica-e1523368606277.jpg","type":"image\/jpeg"}],"twitter_card":"summary_large_image","schema":{"@context":"https:\/\/schema.org","@graph":[{"@type":"WebPage","@id":"https:\/\/www.promin.it\/fr\/inositolo\/","url":"https:\/\/www.promin.it\/fr\/inositolo\/","name":"Inositol : Bienfaits et Propri\u00e9t\u00e9s | Promin","isPartOf":{"@id":"https:\/\/www.promin.it\/#website"},"primaryImageOfPage":{"@id":"https:\/\/www.promin.it\/fr\/inositolo\/#primaryimage"},"image":{"@id":"https:\/\/www.promin.it\/fr\/inositolo\/#primaryimage"},"thumbnailUrl":"https:\/\/www.promin.it\/wp-content\/uploads\/2018\/02\/Crusca-di-riso-3-1024-px-inositolo-formula-chimica-e1523368606277.jpg","datePublished":"2017-10-09T12:11:30+00:00","dateModified":"2024-12-12T15:56:36+00:00","description":"Inositol est essentiel pour votre bien-\u00eatre. D\u00e9couvrez ses bienfaits pour l\u2019\u00e9quilibre mental, la digestion et plus encore.","breadcrumb":{"@id":"https:\/\/www.promin.it\/fr\/inositolo\/#breadcrumb"},"inLanguage":"fr-FR","potentialAction":[{"@type":"ReadAction","target":["https:\/\/www.promin.it\/fr\/inositolo\/"]}]},{"@type":"ImageObject","inLanguage":"fr-FR","@id":"https:\/\/www.promin.it\/fr\/inositolo\/#primaryimage","url":"https:\/\/www.promin.it\/wp-content\/uploads\/2018\/02\/Crusca-di-riso-3-1024-px-inositolo-formula-chimica-e1523368606277.jpg","contentUrl":"https:\/\/www.promin.it\/wp-content\/uploads\/2018\/02\/Crusca-di-riso-3-1024-px-inositolo-formula-chimica-e1523368606277.jpg","width":300,"height":300,"caption":"inositolo"},{"@type":"BreadcrumbList","@id":"https:\/\/www.promin.it\/fr\/inositolo\/#breadcrumb","itemListElement":[{"@type":"ListItem","position":1,"name":"Accueil","item":"https:\/\/www.promin.it\/fr\/"},{"@type":"ListItem","position":2,"name":"INOSITOLO"}]},{"@type":"WebSite","@id":"https:\/\/www.promin.it\/#website","url":"https:\/\/www.promin.it\/","name":"Promin","description":"Prodotti Medicina Integrata","publisher":{"@id":"https:\/\/www.promin.it\/#organization"},"potentialAction":[{"@type":"SearchAction","target":{"@type":"EntryPoint","urlTemplate":"https:\/\/www.promin.it\/?s={search_term_string}"},"query-input":{"@type":"PropertyValueSpecification","valueRequired":true,"valueName":"search_term_string"}}],"inLanguage":"fr-FR"},{"@type":"Organization","@id":"https:\/\/www.promin.it\/#organization","name":"Promin Srl","alternateName":"Promin - Prodotti Medicina Integrata","url":"https:\/\/www.promin.it\/","logo":{"@type":"ImageObject","inLanguage":"fr-FR","@id":"https:\/\/www.promin.it\/#\/schema\/logo\/image\/","url":"https:\/\/www.promin.it\/wp-content\/uploads\/2024\/11\/logo-promin-seo.jpg","contentUrl":"https:\/\/www.promin.it\/wp-content\/uploads\/2024\/11\/logo-promin-seo.jpg","width":512,"height":512,"caption":"Promin Srl"},"image":{"@id":"https:\/\/www.promin.it\/#\/schema\/logo\/image\/"},"sameAs":["https:\/\/www.facebook.com\/prominmed","https:\/\/www.instagram.com\/promin_medicina_integrata\/","https:\/\/www.linkedin.com\/company\/promin-prodotti-medicina-integrata\/"]}]}},"jetpack_sharing_enabled":true,"jetpack_shortlink":"https:\/\/wp.me\/PaiRmh-4ZG","_links":{"self":[{"href":"https:\/\/www.promin.it\/fr\/wp-json\/wp\/v2\/pages\/19200"}],"collection":[{"href":"https:\/\/www.promin.it\/fr\/wp-json\/wp\/v2\/pages"}],"about":[{"href":"https:\/\/www.promin.it\/fr\/wp-json\/wp\/v2\/types\/page"}],"author":[{"embeddable":true,"href":"https:\/\/www.promin.it\/fr\/wp-json\/wp\/v2\/users\/3"}],"replies":[{"embeddable":true,"href":"https:\/\/www.promin.it\/fr\/wp-json\/wp\/v2\/comments?post=19200"}],"version-history":[{"count":5,"href":"https:\/\/www.promin.it\/fr\/wp-json\/wp\/v2\/pages\/19200\/revisions"}],"predecessor-version":[{"id":20456,"href":"https:\/\/www.promin.it\/fr\/wp-json\/wp\/v2\/pages\/19200\/revisions\/20456"}],"wp:featuredmedia":[{"embeddable":true,"href":"https:\/\/www.promin.it\/fr\/wp-json\/wp\/v2\/media\/18606"}],"wp:attachment":[{"href":"https:\/\/www.promin.it\/fr\/wp-json\/wp\/v2\/media?parent=19200"}],"curies":[{"name":"wp","href":"https:\/\/api.w.org\/{rel}","templated":true}]}}