{"id":19236,"date":"2018-01-18T11:28:46","date_gmt":"2018-01-18T10:28:46","guid":{"rendered":"https:\/\/www.promin.it\/?page_id=19236"},"modified":"2024-11-11T11:40:23","modified_gmt":"2024-11-11T10:40:23","slug":"systeme-urogenital","status":"publish","type":"page","link":"https:\/\/www.promin.it\/fr\/systeme-urogenital\/","title":{"rendered":"Syst\u00e8me urog\u00e9nital"},"content":{"rendered":"<section class=\"l-section wpb_row visore-interno height_auto width_full\"><div class=\"l-section-h i-cf\"><div class=\"g-cols vc_row via_grid cols_1-3 laptops-cols_inherit tablets-cols_inherit mobiles-cols_1 valign_middle type_default stacking_default\" style=\"--gap:0rem;\"><div class=\"wpb_column vc_column_container col-visore\"><div class=\"vc_column-inner\"><div class=\"w-image logo-promin-v align_none\"><div class=\"w-image-h\"><img decoding=\"async\" width=\"268\" height=\"117\" src=\"https:\/\/www.promin.it\/wp-content\/uploads\/2024\/09\/promin-logo-v.svg\" class=\"attachment-large size-large\" alt=\"\" loading=\"lazy\" \/><\/div><\/div><\/div><\/div><div class=\"wpb_column vc_column_container col-img chi-siamo\"><div class=\"vc_column-inner\"><div class=\"wpb_text_column\"><div class=\"wpb_wrapper\"><h1>Syst\u00e8me urog\u00e9nital<\/h1>\n<\/div><\/div><\/div><\/div><\/div><\/div><\/section><section class=\"l-section wpb_row fascia-breadcrums height_auto\"><div class=\"l-section-h i-cf\"><div class=\"g-cols vc_row via_grid cols_1 laptops-cols_inherit tablets-cols_inherit mobiles-cols_1 valign_top type_default stacking_default\"><div class=\"wpb_column vc_column_container\"><div class=\"vc_column-inner\"><section class=\"l-section wpb_row height_auto\"><div class=\"l-section-h i-cf\"><div class=\"g-cols vc_row via_grid cols_1 laptops-cols_inherit tablets-cols_inherit mobiles-cols_1 valign_middle type_default stacking_default\"><div class=\"wpb_column vc_column_container\"><div class=\"vc_column-inner\">[vc_raw_html]PGEgaHJlZj0iaHR0cHM6Ly90ZXN0LnByb21pbi5pdC9mci9kb21haW5lcy10aGVyYXBldXRpcXVlcy8iPjx0b3JuYSBhbGxlPSIiIGFyZWU9IiIgdGVyYXBldXRpY2hlPSIiPjwvdG9ybmE+PC9hPg==[\/vc_raw_html]<\/div><\/div><\/div><\/div><\/section>\n<\/div><\/div><\/div><\/div><\/section><section class=\"l-section wpb_row btn-news-correlati height_small\"><div class=\"l-section-h i-cf\"><div class=\"g-cols vc_row via_grid cols_2 laptops-cols_inherit tablets-cols_inherit mobiles-cols_1 valign_top type_default stacking_default\"><div class=\"wpb_column vc_column_container\"><div class=\"vc_column-inner\"><div class=\"w-btn-wrapper align_center\"><a class=\"w-btn us-btn-style_1\" href=\"#news_correlate\"><span class=\"w-btn-label\">Regarder les actualit\u00e9s associ\u00e9es<\/span><\/a><\/div><\/div><\/div><div class=\"wpb_column vc_column_container\"><div class=\"vc_column-inner\"><div class=\"w-btn-wrapper align_center\"><a class=\"w-btn us-btn-style_1\" href=\"#prodotti_correlati\"><span class=\"w-btn-label\">Voir les produits associ\u00e9s<\/span><\/a><\/div><\/div><\/div><\/div><\/div><\/section><section class=\"l-section wpb_row height_medium\" id=\"prodotti_correlati\"><div class=\"l-section-h i-cf\"><div class=\"g-cols vc_row via_grid cols_1 laptops-cols_inherit tablets-cols_inherit mobiles-cols_1 valign_top type_default stacking_default\"><div class=\"wpb_column vc_column_container\"><div class=\"vc_column-inner\"><div class=\"wpb_text_column\"><div class=\"wpb_wrapper\"><h3>Produits <span class=\"azzurro\">connexes<\/span><\/h3>\n<\/div><\/div><div class=\"w-separator size_medium\"><\/div><div class=\"w-grid fascia-elenco-prodotti-ecom type_grid layout_17271 cols_3\" id=\"us_grid_1\" style=\"--gap:1.5rem;\"><style>@media (max-width:1024px){#us_grid_1 .w-grid-item{width:50%}}@media (max-width:600px){#us_grid_1 .w-grid-list{margin:0}#us_grid_1 .w-grid-item{width:100%;padding:0;margin-bottom:var(--gap,0px)}}.layout_17271 .w-grid-item-h{}<\/style><div class=\"w-grid-list\">\t<article class=\"w-grid-item size_1x1 post-19212 schede_prodotto type-schede_prodotto status-publish has-post-thumbnail hentry\" data-id=\"19212\">\r\n\t\t<div class=\"w-grid-item-h\">\r\n\t\t\t\t\t\t<div class=\"w-vwrapper usg_vwrapper_1 box-prodotto scheda align_none valign_top\"><div class=\"w-post-elm post_image usg_post_image_1 has_ratio\"><a href=\"https:\/\/www.promin.it\/fr\/schede_prodotto\/complement-alimentaire-de-d-mannose\/\" aria-label=\"Delturil\"><img decoding=\"async\" width=\"600\" height=\"600\" src=\"https:\/\/www.promin.it\/wp-content\/uploads\/2024\/10\/delturil-d-mannosio-echinacea-lattoferrina-zinco-vie-urinarie.jpg\" class=\"attachment-full size-full wp-post-image\" alt=\"\" srcset=\"https:\/\/www.promin.it\/wp-content\/uploads\/2024\/10\/delturil-d-mannosio-echinacea-lattoferrina-zinco-vie-urinarie.jpg 600w, https:\/\/www.promin.it\/wp-content\/uploads\/2024\/10\/delturil-d-mannosio-echinacea-lattoferrina-zinco-vie-urinarie-300x300.jpg 300w, https:\/\/www.promin.it\/wp-content\/uploads\/2024\/10\/delturil-d-mannosio-echinacea-lattoferrina-zinco-vie-urinarie-150x150.jpg 150w\" sizes=\"(max-width: 600px) 100vw, 600px\" \/><\/a><div style=\"padding-bottom:100%\"><\/div><\/div><h2 class=\"w-post-elm post_title usg_post_title_1 entry-title color_link_inherit\"><a href=\"https:\/\/www.promin.it\/fr\/schede_prodotto\/complement-alimentaire-de-d-mannose\/\">Delturil<\/a><\/h2><div class=\"w-hwrapper usg_hwrapper_1 align_none valign_top\"><a class=\"w-btn us-btn-style_2 usg_btn_1\" href=\"https:\/\/www.promin.it\/fr\/schede_prodotto\/complement-alimentaire-de-d-mannose\/\"><span class=\"w-btn-label\">Aper\u00e7u<\/span><\/a><\/div><\/div>\t\t<\/div>\r\n\t\t\t<\/article>\r\n\t<article class=\"w-grid-item size_1x1 post-19221 schede_prodotto type-schede_prodotto status-publish has-post-thumbnail hentry\" data-id=\"19221\">\r\n\t\t<div class=\"w-grid-item-h\">\r\n\t\t\t\t\t\t<div class=\"w-vwrapper usg_vwrapper_1 box-prodotto scheda align_none valign_top\"><div class=\"w-post-elm post_image usg_post_image_1 has_ratio\"><a href=\"https:\/\/www.promin.it\/fr\/schede_prodotto\/inosima-500\/\" aria-label=\"Inosima 500\"><img decoding=\"async\" width=\"600\" height=\"600\" src=\"https:\/\/www.promin.it\/wp-content\/uploads\/2024\/10\/inosima-500-inositolo-compresse-lento-rilascio.jpg\" class=\"attachment-full size-full wp-post-image\" alt=\"\" srcset=\"https:\/\/www.promin.it\/wp-content\/uploads\/2024\/10\/inosima-500-inositolo-compresse-lento-rilascio.jpg 600w, https:\/\/www.promin.it\/wp-content\/uploads\/2024\/10\/inosima-500-inositolo-compresse-lento-rilascio-300x300.jpg 300w, https:\/\/www.promin.it\/wp-content\/uploads\/2024\/10\/inosima-500-inositolo-compresse-lento-rilascio-150x150.jpg 150w\" sizes=\"(max-width: 600px) 100vw, 600px\" \/><\/a><div style=\"padding-bottom:100%\"><\/div><\/div><h2 class=\"w-post-elm post_title usg_post_title_1 entry-title color_link_inherit\"><a href=\"https:\/\/www.promin.it\/fr\/schede_prodotto\/inosima-500\/\">Inosima 500<\/a><\/h2><div class=\"w-hwrapper usg_hwrapper_1 align_none valign_top\"><a class=\"w-btn us-btn-style_2 usg_btn_1\" href=\"https:\/\/www.promin.it\/fr\/schede_prodotto\/inosima-500\/\"><span class=\"w-btn-label\">Aper\u00e7u<\/span><\/a><\/div><\/div>\t\t<\/div>\r\n\t\t\t<\/article>\r\n<\/div><div class=\"w-grid-preloader\">\t<div class=\"g-preloader type_1\">\r\n\t\t<div><\/div>\r\n\t<\/div>\r\n\t<\/div>\t<div class=\"w-grid-json hidden\" onclick='return {&quot;action&quot;:&quot;us_ajax_grid&quot;,&quot;infinite_scroll&quot;:0,&quot;max_num_pages&quot;:1,&quot;pagination&quot;:&quot;none&quot;,&quot;template_vars&quot;:{&quot;columns&quot;:&quot;3&quot;,&quot;exclude_items&quot;:&quot;none&quot;,&quot;img_size&quot;:&quot;default&quot;,&quot;ignore_items_size&quot;:0,&quot;items_layout&quot;:&quot;17271&quot;,&quot;items_offset&quot;:&quot;1&quot;,&quot;load_animation&quot;:&quot;none&quot;,&quot;overriding_link&quot;:&quot;{\\&quot;url\\&quot;:\\&quot;\\&quot;}&quot;,&quot;post_id&quot;:0,&quot;query_args&quot;:{&quot;ignore_sticky_posts&quot;:1,&quot;post_type&quot;:&quot;any&quot;,&quot;post__in&quot;:[&quot;17235&quot;,&quot;17247&quot;],&quot;tax_query&quot;:[{&quot;taxonomy&quot;:&quot;product_visibility&quot;,&quot;field&quot;:&quot;slug&quot;,&quot;terms&quot;:[&quot;exclude-from-catalog&quot;],&quot;operator&quot;:&quot;NOT IN&quot;}],&quot;posts_per_page&quot;:&quot;6&quot;},&quot;orderby_query_args&quot;:{&quot;orderby&quot;:{&quot;post__in&quot;:&quot;ASC&quot;},&quot;order&quot;:&quot;ASC&quot;},&quot;type&quot;:&quot;grid&quot;,&quot;us_grid_post_type&quot;:&quot;ids&quot;,&quot;us_grid_ajax_index&quot;:1,&quot;us_grid_filter_query_string&quot;:null,&quot;us_grid_index&quot;:1,&quot;page_args&quot;:[],&quot;lang&quot;:&quot;fr&quot;}}'><\/div>\r\n\t<\/div><\/div><\/div><\/div><\/div><\/section><section class=\"l-section wpb_row fascia-elenco-news-due height_medium\" id=\"news_correlate\"><div class=\"l-section-h i-cf\"><div class=\"g-cols vc_row via_grid cols_1 laptops-cols_inherit tablets-cols_inherit mobiles-cols_1 valign_top type_default stacking_default\"><div class=\"wpb_column vc_column_container\"><div class=\"vc_column-inner\"><div class=\"wpb_text_column\"><div class=\"wpb_wrapper\"><h3><span class=\"azzurro\">Actualit\u00e9s connexes<\/span><\/h3>\n<\/div><\/div><div class=\"w-separator size_medium\"><\/div><div class=\"w-grid type_grid layout_16987 cols_3 pagination_ajax\" id=\"us_grid_2\" style=\"--gap:1.5rem;\" data-filterable=\"true\"><style>@media (max-width:1024px){#us_grid_2 .w-grid-item{width:50%}}@media (max-width:600px){#us_grid_2 .w-grid-list{margin:0}#us_grid_2 .w-grid-item{width:100%;padding:0;margin-bottom:var(--gap,0px)}}.layout_16987 .w-grid-item-h{}<\/style><div class=\"w-grid-list\">\t<article class=\"w-grid-item size_1x1 post-19429 post type-post status-publish format-aside has-post-thumbnail hentry category-non-classifiee tag-d-mannose tag-delturil-fr tag-echinacea-fr tag-lactoferrine tag-systeme-urogenital tag-zinc-carbonate post_format-post-format-aside\" data-id=\"19429\">\r\n\t\t<div class=\"w-grid-item-h\">\r\n\t\t\t\t\t\t<div class=\"w-vwrapper usg_vwrapper_1 align_none valign_top\"><div class=\"w-post-elm post_image usg_post_image_1 has_ratio\"><a href=\"https:\/\/www.promin.it\/fr\/delturil-la-synergie-du-d-mannose-et-la-lactoferrine-contre-le-cystite-et-candida-2\/\" aria-label=\"Delturil : contre la cystite et le candida\"><img decoding=\"async\" width=\"1365\" height=\"2048\" src=\"https:\/\/www.promin.it\/wp-content\/uploads\/2024\/06\/pexels-cottonbro-3737820-scaled-1.webp\" class=\"attachment-full size-full wp-post-image\" alt=\"\" srcset=\"https:\/\/www.promin.it\/wp-content\/uploads\/2024\/06\/pexels-cottonbro-3737820-scaled-1.webp 1365w, https:\/\/www.promin.it\/wp-content\/uploads\/2024\/06\/pexels-cottonbro-3737820-scaled-1-200x300.webp 200w, https:\/\/www.promin.it\/wp-content\/uploads\/2024\/06\/pexels-cottonbro-3737820-scaled-1-683x1024.webp 683w, https:\/\/www.promin.it\/wp-content\/uploads\/2024\/06\/pexels-cottonbro-3737820-scaled-1-600x900.webp 600w\" sizes=\"(max-width: 1365px) 100vw, 1365px\" \/><\/a><div style=\"padding-bottom:75%\"><\/div><\/div><time class=\"w-post-elm post_date usg_post_date_1 entry-date published\" datetime=\"2024-06-19T10:39:27+02:00\">19.6.2024<\/time><h2 class=\"w-post-elm post_title usg_post_title_1 entry-title color_link_inherit\"><a href=\"https:\/\/www.promin.it\/fr\/delturil-la-synergie-du-d-mannose-et-la-lactoferrine-contre-le-cystite-et-candida-2\/\">Delturil : contre la cystite et le candida<\/a><\/h2><div class=\"w-post-elm post_content usg_post_content_1\">Une intervention globale pour r\u00e9cup\u00e9rer le syst\u00e8me urog\u00e9nital des bact\u00e9ries, des champignons, des micro-organismes\u2026<\/div><a class=\"w-btn us-btn-style_2 usg_btn_1\" href=\"https:\/\/www.promin.it\/fr\/delturil-la-synergie-du-d-mannose-et-la-lactoferrine-contre-le-cystite-et-candida-2\/\"><span class=\"w-btn-label\">Lire plus<\/span><\/a><\/div>\t\t<\/div>\r\n\t\t\t<\/article>\r\n\t<article class=\"w-grid-item size_1x1 post-19435 post type-post status-publish format-aside has-post-thumbnail hentry category-non-classifiee tag-candida-albicans-fr tag-cystite tag-d-mannose tag-defenses-immunitaires tag-delturil-fr tag-echinacea-fr tag-escherichia-coli-fr tag-immunite tag-lactoferrine tag-systeme-immunitaire tag-systeme-urogenital tag-zinc-carbonate post_format-post-format-aside\" data-id=\"19435\">\r\n\t\t<div class=\"w-grid-item-h\">\r\n\t\t\t\t\t\t<div class=\"w-vwrapper usg_vwrapper_1 align_none valign_top\"><div class=\"w-post-elm post_image usg_post_image_1 has_ratio\"><a href=\"https:\/\/www.promin.it\/fr\/lactoferrine-et-d-mannose-pour-combattre-les-troubles-urinaires-de-la-cystite-et-candida\/\" aria-label=\"Lactoferrine et D-Mannose pour lutter contre les troubles urinaires, la cystite et le candida\"><img decoding=\"async\" width=\"600\" height=\"450\" src=\"https:\/\/www.promin.it\/wp-content\/uploads\/2017\/10\/delturil-cistite-e-d-mannosio.webp\" class=\"attachment-full size-full wp-post-image\" alt=\"\" srcset=\"https:\/\/www.promin.it\/wp-content\/uploads\/2017\/10\/delturil-cistite-e-d-mannosio.webp 600w, https:\/\/www.promin.it\/wp-content\/uploads\/2017\/10\/delturil-cistite-e-d-mannosio-300x225.webp 300w\" sizes=\"(max-width: 600px) 100vw, 600px\" \/><\/a><div style=\"padding-bottom:75%\"><\/div><\/div><time class=\"w-post-elm post_date usg_post_date_1 entry-date published\" datetime=\"2024-04-13T10:34:40+02:00\">13.4.2024<\/time><h2 class=\"w-post-elm post_title usg_post_title_1 entry-title color_link_inherit\"><a href=\"https:\/\/www.promin.it\/fr\/lactoferrine-et-d-mannose-pour-combattre-les-troubles-urinaires-de-la-cystite-et-candida\/\">Lactoferrine et D-Mannose pour lutter contre les troubles urinaires, la cystite et le candida<\/a><\/h2><div class=\"w-post-elm post_content usg_post_content_1\">Delturil par Promin La lactoferrine, l\u2019un des composants les plus actifs du colostrum, est\u2026<\/div><a class=\"w-btn us-btn-style_2 usg_btn_1\" href=\"https:\/\/www.promin.it\/fr\/lactoferrine-et-d-mannose-pour-combattre-les-troubles-urinaires-de-la-cystite-et-candida\/\"><span class=\"w-btn-label\">Lire plus<\/span><\/a><\/div>\t\t<\/div>\r\n\t\t\t<\/article>\r\n<\/div><div class=\"w-grid-preloader\">\t<div class=\"g-preloader type_1\">\r\n\t\t<div><\/div>\r\n\t<\/div>\r\n\t<\/div>\t<div class=\"w-grid-json hidden\" onclick='return {&quot;action&quot;:&quot;us_ajax_grid&quot;,&quot;infinite_scroll&quot;:0,&quot;max_num_pages&quot;:1,&quot;pagination&quot;:&quot;ajax&quot;,&quot;template_vars&quot;:{&quot;columns&quot;:&quot;3&quot;,&quot;exclude_items&quot;:&quot;none&quot;,&quot;img_size&quot;:&quot;default&quot;,&quot;ignore_items_size&quot;:0,&quot;items_layout&quot;:&quot;16987&quot;,&quot;items_offset&quot;:&quot;1&quot;,&quot;load_animation&quot;:&quot;none&quot;,&quot;overriding_link&quot;:&quot;{\\&quot;url\\&quot;:\\&quot;\\&quot;}&quot;,&quot;post_id&quot;:0,&quot;query_args&quot;:{&quot;post_type&quot;:[&quot;post&quot;],&quot;tax_query&quot;:[{&quot;taxonomy&quot;:&quot;post_tag&quot;,&quot;field&quot;:&quot;slug&quot;,&quot;terms&quot;:[&quot;systeme-urogenital&quot;]}],&quot;post_status&quot;:[&quot;publish&quot;,&quot;acf-disabled&quot;,&quot;mapped&quot;,&quot;needs_update&quot;],&quot;posts_per_page&quot;:&quot;6&quot;},&quot;orderby_query_args&quot;:{&quot;orderby&quot;:{&quot;date&quot;:&quot;DESC&quot;}},&quot;type&quot;:&quot;grid&quot;,&quot;us_grid_post_type&quot;:&quot;post&quot;,&quot;us_grid_ajax_index&quot;:2,&quot;us_grid_filter_query_string&quot;:null,&quot;us_grid_index&quot;:2,&quot;page_args&quot;:[],&quot;lang&quot;:&quot;fr&quot;}}'><\/div>\r\n\t<\/div><\/div><\/div><\/div><\/div><\/section>\n","protected":false},"excerpt":{"rendered":"Delturil par Promin La lactoferrine, l\u2019un des composants les plus actifs du colostrum, est une prot\u00e9ine globulaire multifonctionnelle avec activit\u00e9 antimicrobienne, \u00e0 la fois bact\u00e9ricide et fongicide et antivirale. Associ\u00e9 au D-Mannose, comme dans le Delturil, il peut \u00eatre tr\u00e8s efficace dans le traitement de nombreux troubles de l\u2019appareil g\u00e9nito-urinaire, de la cystite et du...","protected":false},"author":5,"featured_media":19281,"parent":0,"menu_order":0,"comment_status":"closed","ping_status":"closed","template":"","meta":{"_acf_changed":false,"jetpack_post_was_ever_published":false,"footnotes":""},"class_list":["post-19236","page","type-page","status-publish","has-post-thumbnail","hentry"],"acf":[],"yoast_head":"<!-- This site is optimized with the Yoast SEO plugin v23.4 - https:\/\/yoast.com\/wordpress\/plugins\/seo\/ -->\n<title>Syst\u00e8me urog\u00e9nital - Promin<\/title>\n<meta name=\"robots\" content=\"index, follow, max-snippet:-1, max-image-preview:large, max-video-preview:-1\" \/>\n<link rel=\"canonical\" href=\"https:\/\/www.promin.it\/fr\/systeme-urogenital\/\" \/>\n<meta property=\"og:locale\" content=\"fr_FR\" \/>\n<meta property=\"og:type\" content=\"article\" \/>\n<meta property=\"og:title\" content=\"Syst\u00e8me urog\u00e9nital - Promin\" \/>\n<meta property=\"og:url\" content=\"https:\/\/www.promin.it\/fr\/systeme-urogenital\/\" \/>\n<meta property=\"og:site_name\" content=\"Promin\" \/>\n<meta property=\"article:publisher\" content=\"https:\/\/www.facebook.com\/prominmed\" \/>\n<meta property=\"article:modified_time\" content=\"2024-11-11T10:40:23+00:00\" \/>\n<meta property=\"og:image\" content=\"https:\/\/www.promin.it\/wp-content\/uploads\/2024\/10\/apparato-urogenitale.webp\" \/>\n\t<meta property=\"og:image:width\" content=\"1632\" \/>\n\t<meta property=\"og:image:height\" content=\"1632\" \/>\n\t<meta property=\"og:image:type\" content=\"image\/webp\" \/>\n<meta name=\"twitter:card\" content=\"summary_large_image\" \/>\n<script type=\"application\/ld+json\" class=\"yoast-schema-graph\">{\"@context\":\"https:\/\/schema.org\",\"@graph\":[{\"@type\":\"WebPage\",\"@id\":\"https:\/\/www.promin.it\/fr\/systeme-urogenital\/\",\"url\":\"https:\/\/www.promin.it\/fr\/systeme-urogenital\/\",\"name\":\"Syst\u00e8me urog\u00e9nital - Promin\",\"isPartOf\":{\"@id\":\"https:\/\/www.promin.it\/#website\"},\"primaryImageOfPage\":{\"@id\":\"https:\/\/www.promin.it\/fr\/systeme-urogenital\/#primaryimage\"},\"image\":{\"@id\":\"https:\/\/www.promin.it\/fr\/systeme-urogenital\/#primaryimage\"},\"thumbnailUrl\":\"https:\/\/www.promin.it\/wp-content\/uploads\/2024\/10\/apparato-urogenitale.webp\",\"datePublished\":\"2018-01-18T10:28:46+00:00\",\"dateModified\":\"2024-11-11T10:40:23+00:00\",\"breadcrumb\":{\"@id\":\"https:\/\/www.promin.it\/fr\/systeme-urogenital\/#breadcrumb\"},\"inLanguage\":\"fr-FR\",\"potentialAction\":[{\"@type\":\"ReadAction\",\"target\":[\"https:\/\/www.promin.it\/fr\/systeme-urogenital\/\"]}]},{\"@type\":\"ImageObject\",\"inLanguage\":\"fr-FR\",\"@id\":\"https:\/\/www.promin.it\/fr\/systeme-urogenital\/#primaryimage\",\"url\":\"https:\/\/www.promin.it\/wp-content\/uploads\/2024\/10\/apparato-urogenitale.webp\",\"contentUrl\":\"https:\/\/www.promin.it\/wp-content\/uploads\/2024\/10\/apparato-urogenitale.webp\",\"width\":1632,\"height\":1632},{\"@type\":\"BreadcrumbList\",\"@id\":\"https:\/\/www.promin.it\/fr\/systeme-urogenital\/#breadcrumb\",\"itemListElement\":[{\"@type\":\"ListItem\",\"position\":1,\"name\":\"Accueil\",\"item\":\"https:\/\/www.promin.it\/fr\/\"},{\"@type\":\"ListItem\",\"position\":2,\"name\":\"Syst\u00e8me urog\u00e9nital\"}]},{\"@type\":\"WebSite\",\"@id\":\"https:\/\/www.promin.it\/#website\",\"url\":\"https:\/\/www.promin.it\/\",\"name\":\"Promin\",\"description\":\"Prodotti Medicina Integrata\",\"publisher\":{\"@id\":\"https:\/\/www.promin.it\/#organization\"},\"potentialAction\":[{\"@type\":\"SearchAction\",\"target\":{\"@type\":\"EntryPoint\",\"urlTemplate\":\"https:\/\/www.promin.it\/?s={search_term_string}\"},\"query-input\":{\"@type\":\"PropertyValueSpecification\",\"valueRequired\":true,\"valueName\":\"search_term_string\"}}],\"inLanguage\":\"fr-FR\"},{\"@type\":\"Organization\",\"@id\":\"https:\/\/www.promin.it\/#organization\",\"name\":\"Promin Srl\",\"alternateName\":\"Promin - Prodotti Medicina Integrata\",\"url\":\"https:\/\/www.promin.it\/\",\"logo\":{\"@type\":\"ImageObject\",\"inLanguage\":\"fr-FR\",\"@id\":\"https:\/\/www.promin.it\/#\/schema\/logo\/image\/\",\"url\":\"https:\/\/www.promin.it\/wp-content\/uploads\/2024\/11\/logo-promin-seo.jpg\",\"contentUrl\":\"https:\/\/www.promin.it\/wp-content\/uploads\/2024\/11\/logo-promin-seo.jpg\",\"width\":512,\"height\":512,\"caption\":\"Promin Srl\"},\"image\":{\"@id\":\"https:\/\/www.promin.it\/#\/schema\/logo\/image\/\"},\"sameAs\":[\"https:\/\/www.facebook.com\/prominmed\",\"https:\/\/www.instagram.com\/promin_medicina_integrata\/\",\"https:\/\/www.linkedin.com\/company\/promin-prodotti-medicina-integrata\/\"]}]}<\/script>\n<!-- \/ Yoast SEO plugin. -->","yoast_head_json":{"title":"Syst\u00e8me urog\u00e9nital - Promin","robots":{"index":"index","follow":"follow","max-snippet":"max-snippet:-1","max-image-preview":"max-image-preview:large","max-video-preview":"max-video-preview:-1"},"canonical":"https:\/\/www.promin.it\/fr\/systeme-urogenital\/","og_locale":"fr_FR","og_type":"article","og_title":"Syst\u00e8me urog\u00e9nital - Promin","og_url":"https:\/\/www.promin.it\/fr\/systeme-urogenital\/","og_site_name":"Promin","article_publisher":"https:\/\/www.facebook.com\/prominmed","article_modified_time":"2024-11-11T10:40:23+00:00","og_image":[{"width":1632,"height":1632,"url":"https:\/\/www.promin.it\/wp-content\/uploads\/2024\/10\/apparato-urogenitale.webp","type":"image\/webp"}],"twitter_card":"summary_large_image","schema":{"@context":"https:\/\/schema.org","@graph":[{"@type":"WebPage","@id":"https:\/\/www.promin.it\/fr\/systeme-urogenital\/","url":"https:\/\/www.promin.it\/fr\/systeme-urogenital\/","name":"Syst\u00e8me urog\u00e9nital - Promin","isPartOf":{"@id":"https:\/\/www.promin.it\/#website"},"primaryImageOfPage":{"@id":"https:\/\/www.promin.it\/fr\/systeme-urogenital\/#primaryimage"},"image":{"@id":"https:\/\/www.promin.it\/fr\/systeme-urogenital\/#primaryimage"},"thumbnailUrl":"https:\/\/www.promin.it\/wp-content\/uploads\/2024\/10\/apparato-urogenitale.webp","datePublished":"2018-01-18T10:28:46+00:00","dateModified":"2024-11-11T10:40:23+00:00","breadcrumb":{"@id":"https:\/\/www.promin.it\/fr\/systeme-urogenital\/#breadcrumb"},"inLanguage":"fr-FR","potentialAction":[{"@type":"ReadAction","target":["https:\/\/www.promin.it\/fr\/systeme-urogenital\/"]}]},{"@type":"ImageObject","inLanguage":"fr-FR","@id":"https:\/\/www.promin.it\/fr\/systeme-urogenital\/#primaryimage","url":"https:\/\/www.promin.it\/wp-content\/uploads\/2024\/10\/apparato-urogenitale.webp","contentUrl":"https:\/\/www.promin.it\/wp-content\/uploads\/2024\/10\/apparato-urogenitale.webp","width":1632,"height":1632},{"@type":"BreadcrumbList","@id":"https:\/\/www.promin.it\/fr\/systeme-urogenital\/#breadcrumb","itemListElement":[{"@type":"ListItem","position":1,"name":"Accueil","item":"https:\/\/www.promin.it\/fr\/"},{"@type":"ListItem","position":2,"name":"Syst\u00e8me urog\u00e9nital"}]},{"@type":"WebSite","@id":"https:\/\/www.promin.it\/#website","url":"https:\/\/www.promin.it\/","name":"Promin","description":"Prodotti Medicina Integrata","publisher":{"@id":"https:\/\/www.promin.it\/#organization"},"potentialAction":[{"@type":"SearchAction","target":{"@type":"EntryPoint","urlTemplate":"https:\/\/www.promin.it\/?s={search_term_string}"},"query-input":{"@type":"PropertyValueSpecification","valueRequired":true,"valueName":"search_term_string"}}],"inLanguage":"fr-FR"},{"@type":"Organization","@id":"https:\/\/www.promin.it\/#organization","name":"Promin Srl","alternateName":"Promin - Prodotti Medicina Integrata","url":"https:\/\/www.promin.it\/","logo":{"@type":"ImageObject","inLanguage":"fr-FR","@id":"https:\/\/www.promin.it\/#\/schema\/logo\/image\/","url":"https:\/\/www.promin.it\/wp-content\/uploads\/2024\/11\/logo-promin-seo.jpg","contentUrl":"https:\/\/www.promin.it\/wp-content\/uploads\/2024\/11\/logo-promin-seo.jpg","width":512,"height":512,"caption":"Promin Srl"},"image":{"@id":"https:\/\/www.promin.it\/#\/schema\/logo\/image\/"},"sameAs":["https:\/\/www.facebook.com\/prominmed","https:\/\/www.instagram.com\/promin_medicina_integrata\/","https:\/\/www.linkedin.com\/company\/promin-prodotti-medicina-integrata\/"]}]}},"jetpack_sharing_enabled":true,"jetpack_shortlink":"https:\/\/wp.me\/PaiRmh-50g","_links":{"self":[{"href":"https:\/\/www.promin.it\/fr\/wp-json\/wp\/v2\/pages\/19236"}],"collection":[{"href":"https:\/\/www.promin.it\/fr\/wp-json\/wp\/v2\/pages"}],"about":[{"href":"https:\/\/www.promin.it\/fr\/wp-json\/wp\/v2\/types\/page"}],"author":[{"embeddable":true,"href":"https:\/\/www.promin.it\/fr\/wp-json\/wp\/v2\/users\/5"}],"replies":[{"embeddable":true,"href":"https:\/\/www.promin.it\/fr\/wp-json\/wp\/v2\/comments?post=19236"}],"version-history":[{"count":1,"href":"https:\/\/www.promin.it\/fr\/wp-json\/wp\/v2\/pages\/19236\/revisions"}],"predecessor-version":[{"id":19237,"href":"https:\/\/www.promin.it\/fr\/wp-json\/wp\/v2\/pages\/19236\/revisions\/19237"}],"wp:featuredmedia":[{"embeddable":true,"href":"https:\/\/www.promin.it\/fr\/wp-json\/wp\/v2\/media\/19281"}],"wp:attachment":[{"href":"https:\/\/www.promin.it\/fr\/wp-json\/wp\/v2\/media?parent=19236"}],"curies":[{"name":"wp","href":"https:\/\/api.w.org\/{rel}","templated":true}]}}