{"id":19633,"date":"2018-01-17T18:13:25","date_gmt":"2018-01-17T17:13:25","guid":{"rendered":"https:\/\/www.promin.it\/?page_id=19633"},"modified":"2024-12-09T09:23:53","modified_gmt":"2024-12-09T08:23:53","slug":"altea","status":"publish","type":"page","link":"https:\/\/www.promin.it\/fr\/altea\/","title":{"rendered":"Altea"},"content":{"rendered":"<section class=\"l-section wpb_row visore-interno height_auto width_full\"><div class=\"l-section-h i-cf\"><div class=\"g-cols vc_row via_grid cols_1-3 laptops-cols_inherit tablets-cols_inherit mobiles-cols_1 valign_middle type_default stacking_default\" style=\"--gap:0rem;\"><div class=\"wpb_column vc_column_container col-visore\"><div class=\"vc_column-inner\"><div class=\"w-image logo-promin-v align_none\"><div class=\"w-image-h\"><img decoding=\"async\" width=\"268\" height=\"117\" src=\"https:\/\/www.promin.it\/wp-content\/uploads\/2024\/09\/promin-logo-v.svg\" class=\"attachment-large size-large\" alt=\"\" loading=\"lazy\" \/><\/div><\/div><\/div><\/div><div class=\"wpb_column vc_column_container col-img componenti\"><div class=\"vc_column-inner\"><div class=\"wpb_text_column\"><div class=\"wpb_wrapper\"><h1>Altea<\/h1>\n<\/div><\/div><\/div><\/div><\/div><\/div><\/section><section class=\"l-section wpb_row fascia-breadcrums height_auto\"><div class=\"l-section-h i-cf\"><div class=\"g-cols vc_row via_grid cols_1 laptops-cols_inherit tablets-cols_inherit mobiles-cols_1 valign_top type_default stacking_default\"><div class=\"wpb_column vc_column_container\"><div class=\"vc_column-inner\"><section class=\"l-section wpb_row height_auto\"><div class=\"l-section-h i-cf\"><div class=\"g-cols vc_row via_grid cols_1 laptops-cols_inherit tablets-cols_inherit mobiles-cols_1 valign_middle type_default stacking_default\"><div class=\"wpb_column vc_column_container\"><div class=\"vc_column-inner\">[vc_raw_html]JTNDYSUyMGhyZWYlM0QlMjJodHRwcyUzQSUyRiUyRnRlc3QucHJvbWluLml0JTJGZnIlMkZjb21wb3NhbnRzLWFjdGlmcyUyRiUyMiUzRSUzQ3Rvcm5hJTIwYSUzRCUyMiUyMiUyMHR1dHRpJTNEJTIyJTIyJTIwaSUzRCUyMiUyMiUyMGNvbXBvbmVudGklM0QlMjIlMjIlMjBhdHRpdmklM0QlMjIlMjIlM0UlM0MlMkZ0b3JuYSUzRSUzQyUyRmElM0U=[\/vc_raw_html]<\/div><\/div><\/div><\/div><\/section>\n<\/div><\/div><\/div><\/div><\/section><section class=\"l-section wpb_row fascia-uno inositolo-pag height_small\"><div class=\"l-section-h i-cf\"><div class=\"g-cols vc_row via_grid cols_2 laptops-cols_inherit tablets-cols_inherit mobiles-cols_1 valign_top type_default stacking_default\"><div class=\"wpb_column vc_column_container\"><div class=\"vc_column-inner\"><div class=\"w-image has_ratio align_none\"><div class=\"w-image-h\"><div style=\"padding-bottom:56.25%\"><\/div><img decoding=\"async\" width=\"300\" height=\"300\" src=\"https:\/\/www.promin.it\/wp-content\/uploads\/2024\/10\/Altea-1024-px-300x300-1.jpg\" class=\"attachment-large size-large\" alt=\"\" loading=\"lazy\" srcset=\"https:\/\/www.promin.it\/wp-content\/uploads\/2024\/10\/Altea-1024-px-300x300-1.jpg 300w, https:\/\/www.promin.it\/wp-content\/uploads\/2024\/10\/Altea-1024-px-300x300-1-150x150.jpg 150w\" sizes=\"(max-width: 300px) 100vw, 300px\" \/><\/div><\/div><div class=\"w-separator size_medium\"><\/div><div class=\"wpb_text_column\"><div class=\"wpb_wrapper\"><p><em>Description\u00a0: La guimauve est une plante appartenant \u00e0 la famille des Malvaceae<\/em><\/p>\n<p><em>Nom botanique : Althaea officinalis L.<\/em><\/p>\n<p>La guimauve est une plante r\u00e9pandue dans toute l\u2019Europe aux activit\u00e9s th\u00e9rapeutiques av\u00e9r\u00e9es. Ses composants les plus int\u00e9ressants sont : les st\u00e9rols, les pectines, les polyph\u00e9nols, l\u2019amidon, les flavono\u00efdes et le mucilage. C\u2019est pr\u00e9cis\u00e9ment le mucilage pr\u00e9sent en grande quantit\u00e9 dans les racines et les feuilles qui conf\u00e8re \u00e0 la guimauve des propri\u00e9t\u00e9s \u00e9mollientes et anti-inflammatoires des muqueuses du syst\u00e8me respiratoire.<\/p>\n<\/div><\/div><\/div><\/div><div class=\"wpb_column vc_column_container\"><div class=\"vc_column-inner\"><div class=\"wpb_text_column\"><div class=\"wpb_wrapper\"><p>En fait, son utilisation pour le traitement de l\u2019irritation de la muqueuse oropharyng\u00e9e, des abc\u00e8s, de la gingivite, de la glossite, de l\u2019\u0153sophagite et des troubles des voies respiratoires en g\u00e9n\u00e9ral tels que la toux, le rhume et les maux de gorge a \u00e9t\u00e9 reconnue.<\/p>\n<p>Actuellement, de nombreuses \u00e9tudes sont en cours sur les propri\u00e9t\u00e9s de cette plante. Des \u00e9tudes men\u00e9es in vitro attribueraient en effet une propri\u00e9t\u00e9 antibact\u00e9rienne active contre certaines souches de bact\u00e9ries \u00e0 Gram positif.<\/p>\n<p>All\u00e9gation de sant\u00e9 (Min Sal. D\u00e9cret 9\/07\/2012) :<br \/>\nFonctionnalit\u00e9 des muqueuses du syst\u00e8me respiratoire.<br \/>\nBien-\u00eatre de la gorge.<br \/>\nAction \u00e9molliente et apaisante (syst\u00e8me digestif ; voies urinaires).<br \/>\nTransit intestinal.<\/p>\n<p>Promin s\u2019engage \u00e0 choisir quotidiennement des mati\u00e8res premi\u00e8res de valeur absolue, contr\u00f4l\u00e9es et test\u00e9es selon des normes strictes et dans le respect de toutes les exigences l\u00e9gales.<\/p>\n<p><a href=\"http:\/\/www.promin.it\/coro-erisimo-gocce\/\"><em>Les compl\u00e9ments alimentaires formul\u00e9s et produits par Promin qui contiennent de &lt;l\u2019Altea&gt; sont : CHORUS HEDGE MUSTARD DROPS<\/em><\/a><\/p>\n<\/div><\/div><\/div><\/div><\/div><\/div><\/section>\n","protected":false},"excerpt":{"rendered":"Altea [vc_raw_html]JTNDYSUyMGhyZWYlM0QlMjJodHRwcyUzQSUyRiUyRnRlc3QucHJvbWluLml0JTJGZnIlMkZjb21wb3NhbnRzLWFjdGlmcyUyRiUyMiUzRSUzQ3Rvcm5hJTIwYSUzRCUyMiUyMiUyMHR1dHRpJTNEJTIyJTIyJTIwaSUzRCUyMiUyMiUyMGNvbXBvbmVudGklM0QlMjIlMjIlMjBhdHRpdmklM0QlMjIlMjIlM0UlM0MlMkZ0b3JuYSUzRSUzQyUyRmElM0U=[\/vc_raw_html] Description\u00a0: La guimauve est une plante appartenant \u00e0 la famille des Malvaceae Nom botanique : Althaea officinalis L. La guimauve est une plante r\u00e9pandue dans toute l\u2019Europe aux activit\u00e9s th\u00e9rapeutiques av\u00e9r\u00e9es. Ses composants les plus int\u00e9ressants sont : les st\u00e9rols, les pectines, les polyph\u00e9nols, l\u2019amidon, les flavono\u00efdes et le mucilage. C\u2019est pr\u00e9cis\u00e9ment le...","protected":false},"author":5,"featured_media":19075,"parent":0,"menu_order":0,"comment_status":"closed","ping_status":"closed","template":"","meta":{"_acf_changed":false,"jetpack_post_was_ever_published":false,"footnotes":""},"class_list":["post-19633","page","type-page","status-publish","has-post-thumbnail","hentry"],"acf":[],"yoast_head":"<!-- This site is optimized with the Yoast SEO plugin v23.4 - https:\/\/yoast.com\/wordpress\/plugins\/seo\/ -->\n<title>Altea : Propri\u00e9t\u00e9s et Bienfaits de la Guimauve | Promin<\/title>\n<meta name=\"description\" content=\"Apprenez comment la guimauve, avec ses bienfaits naturels, peut am\u00e9liorer votre sant\u00e9. D\u00e9couvrez Altea pour soutenir votre bien-\u00eatre.\" \/>\n<meta name=\"robots\" content=\"index, follow, max-snippet:-1, max-image-preview:large, max-video-preview:-1\" \/>\n<link rel=\"canonical\" href=\"https:\/\/www.promin.it\/fr\/altea\/\" \/>\n<meta property=\"og:locale\" content=\"fr_FR\" \/>\n<meta property=\"og:type\" content=\"article\" \/>\n<meta property=\"og:title\" content=\"Altea : Propri\u00e9t\u00e9s et Bienfaits de la Guimauve | Promin\" \/>\n<meta property=\"og:description\" content=\"Apprenez comment la guimauve, avec ses bienfaits naturels, peut am\u00e9liorer votre sant\u00e9. D\u00e9couvrez Altea pour soutenir votre bien-\u00eatre.\" \/>\n<meta property=\"og:url\" content=\"https:\/\/www.promin.it\/fr\/altea\/\" \/>\n<meta property=\"og:site_name\" content=\"Promin\" \/>\n<meta property=\"article:publisher\" content=\"https:\/\/www.facebook.com\/prominmed\" \/>\n<meta property=\"article:modified_time\" content=\"2024-12-09T08:23:53+00:00\" \/>\n<meta property=\"og:image\" content=\"https:\/\/www.promin.it\/wp-content\/uploads\/2024\/10\/Altea-1024-px-300x300-1.jpg\" \/>\n\t<meta property=\"og:image:width\" content=\"300\" \/>\n\t<meta property=\"og:image:height\" content=\"300\" \/>\n\t<meta property=\"og:image:type\" content=\"image\/jpeg\" \/>\n<meta name=\"twitter:card\" content=\"summary_large_image\" \/>\n<script type=\"application\/ld+json\" class=\"yoast-schema-graph\">{\"@context\":\"https:\/\/schema.org\",\"@graph\":[{\"@type\":\"WebPage\",\"@id\":\"https:\/\/www.promin.it\/fr\/altea\/\",\"url\":\"https:\/\/www.promin.it\/fr\/altea\/\",\"name\":\"Altea : Propri\u00e9t\u00e9s et Bienfaits de la Guimauve | Promin\",\"isPartOf\":{\"@id\":\"https:\/\/www.promin.it\/#website\"},\"primaryImageOfPage\":{\"@id\":\"https:\/\/www.promin.it\/fr\/altea\/#primaryimage\"},\"image\":{\"@id\":\"https:\/\/www.promin.it\/fr\/altea\/#primaryimage\"},\"thumbnailUrl\":\"https:\/\/www.promin.it\/wp-content\/uploads\/2024\/10\/Altea-1024-px-300x300-1.jpg\",\"datePublished\":\"2018-01-17T17:13:25+00:00\",\"dateModified\":\"2024-12-09T08:23:53+00:00\",\"description\":\"Apprenez comment la guimauve, avec ses bienfaits naturels, peut am\u00e9liorer votre sant\u00e9. D\u00e9couvrez Altea pour soutenir votre bien-\u00eatre.\",\"breadcrumb\":{\"@id\":\"https:\/\/www.promin.it\/fr\/altea\/#breadcrumb\"},\"inLanguage\":\"fr-FR\",\"potentialAction\":[{\"@type\":\"ReadAction\",\"target\":[\"https:\/\/www.promin.it\/fr\/altea\/\"]}]},{\"@type\":\"ImageObject\",\"inLanguage\":\"fr-FR\",\"@id\":\"https:\/\/www.promin.it\/fr\/altea\/#primaryimage\",\"url\":\"https:\/\/www.promin.it\/wp-content\/uploads\/2024\/10\/Altea-1024-px-300x300-1.jpg\",\"contentUrl\":\"https:\/\/www.promin.it\/wp-content\/uploads\/2024\/10\/Altea-1024-px-300x300-1.jpg\",\"width\":300,\"height\":300},{\"@type\":\"BreadcrumbList\",\"@id\":\"https:\/\/www.promin.it\/fr\/altea\/#breadcrumb\",\"itemListElement\":[{\"@type\":\"ListItem\",\"position\":1,\"name\":\"Accueil\",\"item\":\"https:\/\/www.promin.it\/fr\/\"},{\"@type\":\"ListItem\",\"position\":2,\"name\":\"Altea\"}]},{\"@type\":\"WebSite\",\"@id\":\"https:\/\/www.promin.it\/#website\",\"url\":\"https:\/\/www.promin.it\/\",\"name\":\"Promin\",\"description\":\"Prodotti Medicina Integrata\",\"publisher\":{\"@id\":\"https:\/\/www.promin.it\/#organization\"},\"potentialAction\":[{\"@type\":\"SearchAction\",\"target\":{\"@type\":\"EntryPoint\",\"urlTemplate\":\"https:\/\/www.promin.it\/?s={search_term_string}\"},\"query-input\":{\"@type\":\"PropertyValueSpecification\",\"valueRequired\":true,\"valueName\":\"search_term_string\"}}],\"inLanguage\":\"fr-FR\"},{\"@type\":\"Organization\",\"@id\":\"https:\/\/www.promin.it\/#organization\",\"name\":\"Promin Srl\",\"alternateName\":\"Promin - Prodotti Medicina Integrata\",\"url\":\"https:\/\/www.promin.it\/\",\"logo\":{\"@type\":\"ImageObject\",\"inLanguage\":\"fr-FR\",\"@id\":\"https:\/\/www.promin.it\/#\/schema\/logo\/image\/\",\"url\":\"https:\/\/www.promin.it\/wp-content\/uploads\/2024\/11\/logo-promin-seo.jpg\",\"contentUrl\":\"https:\/\/www.promin.it\/wp-content\/uploads\/2024\/11\/logo-promin-seo.jpg\",\"width\":512,\"height\":512,\"caption\":\"Promin Srl\"},\"image\":{\"@id\":\"https:\/\/www.promin.it\/#\/schema\/logo\/image\/\"},\"sameAs\":[\"https:\/\/www.facebook.com\/prominmed\",\"https:\/\/www.instagram.com\/promin_medicina_integrata\/\",\"https:\/\/www.linkedin.com\/company\/promin-prodotti-medicina-integrata\/\"]}]}<\/script>\n<!-- \/ Yoast SEO plugin. -->","yoast_head_json":{"title":"Altea : Propri\u00e9t\u00e9s et Bienfaits de la Guimauve | Promin","description":"Apprenez comment la guimauve, avec ses bienfaits naturels, peut am\u00e9liorer votre sant\u00e9. D\u00e9couvrez Altea pour soutenir votre bien-\u00eatre.","robots":{"index":"index","follow":"follow","max-snippet":"max-snippet:-1","max-image-preview":"max-image-preview:large","max-video-preview":"max-video-preview:-1"},"canonical":"https:\/\/www.promin.it\/fr\/altea\/","og_locale":"fr_FR","og_type":"article","og_title":"Altea : Propri\u00e9t\u00e9s et Bienfaits de la Guimauve | Promin","og_description":"Apprenez comment la guimauve, avec ses bienfaits naturels, peut am\u00e9liorer votre sant\u00e9. D\u00e9couvrez Altea pour soutenir votre bien-\u00eatre.","og_url":"https:\/\/www.promin.it\/fr\/altea\/","og_site_name":"Promin","article_publisher":"https:\/\/www.facebook.com\/prominmed","article_modified_time":"2024-12-09T08:23:53+00:00","og_image":[{"width":300,"height":300,"url":"https:\/\/www.promin.it\/wp-content\/uploads\/2024\/10\/Altea-1024-px-300x300-1.jpg","type":"image\/jpeg"}],"twitter_card":"summary_large_image","schema":{"@context":"https:\/\/schema.org","@graph":[{"@type":"WebPage","@id":"https:\/\/www.promin.it\/fr\/altea\/","url":"https:\/\/www.promin.it\/fr\/altea\/","name":"Altea : Propri\u00e9t\u00e9s et Bienfaits de la Guimauve | Promin","isPartOf":{"@id":"https:\/\/www.promin.it\/#website"},"primaryImageOfPage":{"@id":"https:\/\/www.promin.it\/fr\/altea\/#primaryimage"},"image":{"@id":"https:\/\/www.promin.it\/fr\/altea\/#primaryimage"},"thumbnailUrl":"https:\/\/www.promin.it\/wp-content\/uploads\/2024\/10\/Altea-1024-px-300x300-1.jpg","datePublished":"2018-01-17T17:13:25+00:00","dateModified":"2024-12-09T08:23:53+00:00","description":"Apprenez comment la guimauve, avec ses bienfaits naturels, peut am\u00e9liorer votre sant\u00e9. D\u00e9couvrez Altea pour soutenir votre bien-\u00eatre.","breadcrumb":{"@id":"https:\/\/www.promin.it\/fr\/altea\/#breadcrumb"},"inLanguage":"fr-FR","potentialAction":[{"@type":"ReadAction","target":["https:\/\/www.promin.it\/fr\/altea\/"]}]},{"@type":"ImageObject","inLanguage":"fr-FR","@id":"https:\/\/www.promin.it\/fr\/altea\/#primaryimage","url":"https:\/\/www.promin.it\/wp-content\/uploads\/2024\/10\/Altea-1024-px-300x300-1.jpg","contentUrl":"https:\/\/www.promin.it\/wp-content\/uploads\/2024\/10\/Altea-1024-px-300x300-1.jpg","width":300,"height":300},{"@type":"BreadcrumbList","@id":"https:\/\/www.promin.it\/fr\/altea\/#breadcrumb","itemListElement":[{"@type":"ListItem","position":1,"name":"Accueil","item":"https:\/\/www.promin.it\/fr\/"},{"@type":"ListItem","position":2,"name":"Altea"}]},{"@type":"WebSite","@id":"https:\/\/www.promin.it\/#website","url":"https:\/\/www.promin.it\/","name":"Promin","description":"Prodotti Medicina Integrata","publisher":{"@id":"https:\/\/www.promin.it\/#organization"},"potentialAction":[{"@type":"SearchAction","target":{"@type":"EntryPoint","urlTemplate":"https:\/\/www.promin.it\/?s={search_term_string}"},"query-input":{"@type":"PropertyValueSpecification","valueRequired":true,"valueName":"search_term_string"}}],"inLanguage":"fr-FR"},{"@type":"Organization","@id":"https:\/\/www.promin.it\/#organization","name":"Promin Srl","alternateName":"Promin - Prodotti Medicina Integrata","url":"https:\/\/www.promin.it\/","logo":{"@type":"ImageObject","inLanguage":"fr-FR","@id":"https:\/\/www.promin.it\/#\/schema\/logo\/image\/","url":"https:\/\/www.promin.it\/wp-content\/uploads\/2024\/11\/logo-promin-seo.jpg","contentUrl":"https:\/\/www.promin.it\/wp-content\/uploads\/2024\/11\/logo-promin-seo.jpg","width":512,"height":512,"caption":"Promin Srl"},"image":{"@id":"https:\/\/www.promin.it\/#\/schema\/logo\/image\/"},"sameAs":["https:\/\/www.facebook.com\/prominmed","https:\/\/www.instagram.com\/promin_medicina_integrata\/","https:\/\/www.linkedin.com\/company\/promin-prodotti-medicina-integrata\/"]}]}},"jetpack_sharing_enabled":true,"jetpack_shortlink":"https:\/\/wp.me\/PaiRmh-56F","_links":{"self":[{"href":"https:\/\/www.promin.it\/fr\/wp-json\/wp\/v2\/pages\/19633"}],"collection":[{"href":"https:\/\/www.promin.it\/fr\/wp-json\/wp\/v2\/pages"}],"about":[{"href":"https:\/\/www.promin.it\/fr\/wp-json\/wp\/v2\/types\/page"}],"author":[{"embeddable":true,"href":"https:\/\/www.promin.it\/fr\/wp-json\/wp\/v2\/users\/5"}],"replies":[{"embeddable":true,"href":"https:\/\/www.promin.it\/fr\/wp-json\/wp\/v2\/comments?post=19633"}],"version-history":[{"count":4,"href":"https:\/\/www.promin.it\/fr\/wp-json\/wp\/v2\/pages\/19633\/revisions"}],"predecessor-version":[{"id":20374,"href":"https:\/\/www.promin.it\/fr\/wp-json\/wp\/v2\/pages\/19633\/revisions\/20374"}],"wp:featuredmedia":[{"embeddable":true,"href":"https:\/\/www.promin.it\/fr\/wp-json\/wp\/v2\/media\/19075"}],"wp:attachment":[{"href":"https:\/\/www.promin.it\/fr\/wp-json\/wp\/v2\/media?parent=19633"}],"curies":[{"name":"wp","href":"https:\/\/api.w.org\/{rel}","templated":true}]}}