{"id":19636,"date":"2018-01-17T18:33:10","date_gmt":"2018-01-17T17:33:10","guid":{"rendered":"https:\/\/www.promin.it\/?page_id=19636"},"modified":"2024-12-09T09:30:49","modified_gmt":"2024-12-09T08:30:49","slug":"boswellia","status":"publish","type":"page","link":"https:\/\/www.promin.it\/fr\/boswellia\/","title":{"rendered":"Boswellia"},"content":{"rendered":"<section class=\"l-section wpb_row visore-interno height_auto width_full\"><div class=\"l-section-h i-cf\"><div class=\"g-cols vc_row via_grid cols_1-3 laptops-cols_inherit tablets-cols_inherit mobiles-cols_1 valign_middle type_default stacking_default\" style=\"--gap:0rem;\"><div class=\"wpb_column vc_column_container col-visore\"><div class=\"vc_column-inner\"><div class=\"w-image logo-promin-v align_none\"><div class=\"w-image-h\"><img decoding=\"async\" width=\"268\" height=\"117\" src=\"https:\/\/www.promin.it\/wp-content\/uploads\/2024\/09\/promin-logo-v.svg\" class=\"attachment-large size-large\" alt=\"\" loading=\"lazy\" \/><\/div><\/div><\/div><\/div><div class=\"wpb_column vc_column_container col-img componenti\"><div class=\"vc_column-inner\"><div class=\"wpb_text_column\"><div class=\"wpb_wrapper\"><h1>Boswellia<\/h1>\n<\/div><\/div><\/div><\/div><\/div><\/div><\/section><section class=\"l-section wpb_row fascia-breadcrums height_auto\"><div class=\"l-section-h i-cf\"><div class=\"g-cols vc_row via_grid cols_1 laptops-cols_inherit tablets-cols_inherit mobiles-cols_1 valign_top type_default stacking_default\"><div class=\"wpb_column vc_column_container\"><div class=\"vc_column-inner\"><section class=\"l-section wpb_row height_auto\"><div class=\"l-section-h i-cf\"><div class=\"g-cols vc_row via_grid cols_1 laptops-cols_inherit tablets-cols_inherit mobiles-cols_1 valign_middle type_default stacking_default\"><div class=\"wpb_column vc_column_container\"><div class=\"vc_column-inner\">[vc_raw_html]JTNDYSUyMGhyZWYlM0QlMjJodHRwcyUzQSUyRiUyRnRlc3QucHJvbWluLml0JTJGZnIlMkZjb21wb3NhbnRzLWFjdGlmcyUyRiUyMiUzRSUzQ3Rvcm5hJTIwYSUzRCUyMiUyMiUyMHR1dHRpJTNEJTIyJTIyJTIwaSUzRCUyMiUyMiUyMGNvbXBvbmVudGklM0QlMjIlMjIlMjBhdHRpdmklM0QlMjIlMjIlM0UlM0MlMkZ0b3JuYSUzRSUzQyUyRmElM0U=[\/vc_raw_html]<\/div><\/div><\/div><\/div><\/section>\n<\/div><\/div><\/div><\/div><\/section><section class=\"l-section wpb_row fascia-uno inositolo-pag height_small\"><div class=\"l-section-h i-cf\"><div class=\"g-cols vc_row via_grid cols_2 laptops-cols_inherit tablets-cols_inherit mobiles-cols_1 valign_top type_default stacking_default\"><div class=\"wpb_column vc_column_container\"><div class=\"vc_column-inner\"><div class=\"w-image has_ratio align_none\"><div class=\"w-image-h\"><div style=\"padding-bottom:56.25%\"><\/div><img decoding=\"async\" width=\"250\" height=\"250\" src=\"https:\/\/www.promin.it\/wp-content\/uploads\/2024\/10\/Boswellia-1024-px-250x250-1.jpg\" class=\"attachment-large size-large\" alt=\"\" loading=\"lazy\" srcset=\"https:\/\/www.promin.it\/wp-content\/uploads\/2024\/10\/Boswellia-1024-px-250x250-1.jpg 250w, https:\/\/www.promin.it\/wp-content\/uploads\/2024\/10\/Boswellia-1024-px-250x250-1-150x150.jpg 150w\" sizes=\"(max-width: 250px) 100vw, 250px\" \/><\/div><\/div><div class=\"w-separator size_medium\"><\/div><div class=\"wpb_text_column\"><div class=\"wpb_wrapper\"><p><em>Description\u00a0: Boswellia est une plante de la famille des Burseraceae.<\/em><\/p>\n<p><em>Nom botanique : Boswellia serrata ROXB.<\/em><br \/>\nLe Boswellia est utilis\u00e9 depuis des milliers d\u2019ann\u00e9es dans la m\u00e9decine ayurv\u00e9dique et est aujourd\u2019hui \u00e9galement largement utilis\u00e9 dans la pratique m\u00e9dicale occidentale pour ses propri\u00e9t\u00e9s prouv\u00e9es.<\/p>\n<p>Aucune feuille ou fleur n\u2019est utilis\u00e9e mais la r\u00e9sine extraite des parties ligneuses de la plante qui est riche en polysaccharides, acides t\u00e9tracycliques et acides boswelliques, ces principes actifs ont une action anti-inflammatoire et analg\u00e9sique du syst\u00e8me ost\u00e9oarticulaire.<\/p>\n<p>Les acides boswelliques ont une structure chimique assez similaire \u00e0 celle des st\u00e9ro\u00efdes anti-inflammatoires prescrits contre l\u2019arthrite dans les th\u00e9rapies de m\u00e9decine traditionnelle.<\/p>\n<\/div><\/div><\/div><\/div><div class=\"wpb_column vc_column_container\"><div class=\"vc_column-inner\"><div class=\"wpb_text_column\"><div class=\"wpb_wrapper\"><p>Les principes actifs contenus dans la gomme r\u00e9sine et l\u2019ol\u00e9or\u00e9sine de Boswellia entravent l\u2019action de la 5-lipoxyg\u00e9nase, une enzyme qui stimule les leucotr\u00e8nes, des mol\u00e9cules lipidiques d\u00e9finies comme pro-inflammatoires.<\/p>\n<p>Ils inhibent \u00e9galement les \u00e9lastases, des enzymes qui d\u00e9t\u00e9riorent les tissus \u00e9lastiques lorsque l\u2019inflammation est en cours.<br \/>\nEnfin, ils sont capables d\u2019entraver l\u2019infiltration de leucocytes polymorphonucl\u00e9aires, un type particulier de globules blancs, capables de contribuer \u00e0 la d\u00e9t\u00e9rioration du tissu conjonctif.<br \/>\nPour ces actions anti-inflammatoires, Boswellia est actuellement utilis\u00e9 dans le traitement de l\u2019arthrite, de l\u2019arthrose et de la polyarthrite rhumato\u00efde.<br \/>\nSon utilisation est \u00e9galement r\u00e9pandue dans le traitement de l\u2019inflammation localis\u00e9e des tissus mous : tendinite et inflammation musculaire comme la myosite et la fibromyalgie.<\/p>\n<p>All\u00e9gation de sant\u00e9 (Min Sal. D\u00e9cret 9\/07\/2012) :<br \/>\nFonction articulaire.<br \/>\nContraste des \u00e9tats de stress localis\u00e9s.<br \/>\nFonctionnalit\u00e9 du syst\u00e8me digestif.<\/p>\n<p>Promin s\u2019engage \u00e0 choisir quotidiennement des mati\u00e8res premi\u00e8res de valeur absolue, contr\u00f4l\u00e9es et test\u00e9es selon des normes strictes et dans le respect de toutes les exigences l\u00e9gales.<\/p>\n<p><a href=\"http:\/\/www.promin.it\/quisedol\/\"><em>Les compl\u00e9ments alimentaires formul\u00e9s et produits par Promin qui contiennent du &lt;Boswellia&gt; sont : QUISEDOL<\/em><\/a><\/p>\n<\/div><\/div><\/div><\/div><\/div><\/div><\/section>\n","protected":false},"excerpt":{"rendered":"Boswellia [vc_raw_html]JTNDYSUyMGhyZWYlM0QlMjJodHRwcyUzQSUyRiUyRnRlc3QucHJvbWluLml0JTJGZnIlMkZjb21wb3NhbnRzLWFjdGlmcyUyRiUyMiUzRSUzQ3Rvcm5hJTIwYSUzRCUyMiUyMiUyMHR1dHRpJTNEJTIyJTIyJTIwaSUzRCUyMiUyMiUyMGNvbXBvbmVudGklM0QlMjIlMjIlMjBhdHRpdmklM0QlMjIlMjIlM0UlM0MlMkZ0b3JuYSUzRSUzQyUyRmElM0U=[\/vc_raw_html] Description\u00a0: Boswellia est une plante de la famille des Burseraceae. Nom botanique : Boswellia serrata ROXB. Le Boswellia est utilis\u00e9 depuis des milliers d\u2019ann\u00e9es dans la m\u00e9decine ayurv\u00e9dique et est aujourd\u2019hui \u00e9galement largement utilis\u00e9 dans la pratique m\u00e9dicale occidentale pour ses propri\u00e9t\u00e9s prouv\u00e9es. Aucune feuille ou fleur n\u2019est utilis\u00e9e mais la r\u00e9sine extraite...","protected":false},"author":5,"featured_media":19074,"parent":0,"menu_order":0,"comment_status":"closed","ping_status":"closed","template":"","meta":{"_acf_changed":false,"jetpack_post_was_ever_published":false,"footnotes":""},"class_list":["post-19636","page","type-page","status-publish","has-post-thumbnail","hentry"],"acf":[],"yoast_head":"<!-- This site is optimized with the Yoast SEO plugin v23.4 - https:\/\/yoast.com\/wordpress\/plugins\/seo\/ -->\n<title>Boswellia : Compl\u00e9ments Alimentaires et Bienfaits | Promin<\/title>\n<meta name=\"description\" content=\"D\u00e9couvrez la Boswellia et ses nombreux bienfaits pour r\u00e9duire les inflammations et soutenir vos articulations. Un compl\u00e9ment naturel efficace.\" \/>\n<meta name=\"robots\" content=\"index, follow, max-snippet:-1, max-image-preview:large, max-video-preview:-1\" \/>\n<link rel=\"canonical\" href=\"https:\/\/www.promin.it\/fr\/boswellia\/\" \/>\n<meta property=\"og:locale\" content=\"fr_FR\" \/>\n<meta property=\"og:type\" content=\"article\" \/>\n<meta property=\"og:title\" content=\"Boswellia : Compl\u00e9ments Alimentaires et Bienfaits | Promin\" \/>\n<meta property=\"og:description\" content=\"D\u00e9couvrez la Boswellia et ses nombreux bienfaits pour r\u00e9duire les inflammations et soutenir vos articulations. Un compl\u00e9ment naturel efficace.\" \/>\n<meta property=\"og:url\" content=\"https:\/\/www.promin.it\/fr\/boswellia\/\" \/>\n<meta property=\"og:site_name\" content=\"Promin\" \/>\n<meta property=\"article:publisher\" content=\"https:\/\/www.facebook.com\/prominmed\" \/>\n<meta property=\"article:modified_time\" content=\"2024-12-09T08:30:49+00:00\" \/>\n<meta property=\"og:image\" content=\"https:\/\/www.promin.it\/wp-content\/uploads\/2024\/10\/Boswellia-1024-px-250x250-1.jpg\" \/>\n\t<meta property=\"og:image:width\" content=\"250\" \/>\n\t<meta property=\"og:image:height\" content=\"250\" \/>\n\t<meta property=\"og:image:type\" content=\"image\/jpeg\" \/>\n<meta name=\"twitter:card\" content=\"summary_large_image\" \/>\n<script type=\"application\/ld+json\" class=\"yoast-schema-graph\">{\"@context\":\"https:\/\/schema.org\",\"@graph\":[{\"@type\":\"WebPage\",\"@id\":\"https:\/\/www.promin.it\/fr\/boswellia\/\",\"url\":\"https:\/\/www.promin.it\/fr\/boswellia\/\",\"name\":\"Boswellia : Compl\u00e9ments Alimentaires et Bienfaits | Promin\",\"isPartOf\":{\"@id\":\"https:\/\/www.promin.it\/#website\"},\"primaryImageOfPage\":{\"@id\":\"https:\/\/www.promin.it\/fr\/boswellia\/#primaryimage\"},\"image\":{\"@id\":\"https:\/\/www.promin.it\/fr\/boswellia\/#primaryimage\"},\"thumbnailUrl\":\"https:\/\/www.promin.it\/wp-content\/uploads\/2024\/10\/Boswellia-1024-px-250x250-1.jpg\",\"datePublished\":\"2018-01-17T17:33:10+00:00\",\"dateModified\":\"2024-12-09T08:30:49+00:00\",\"description\":\"D\u00e9couvrez la Boswellia et ses nombreux bienfaits pour r\u00e9duire les inflammations et soutenir vos articulations. Un compl\u00e9ment naturel efficace.\",\"breadcrumb\":{\"@id\":\"https:\/\/www.promin.it\/fr\/boswellia\/#breadcrumb\"},\"inLanguage\":\"fr-FR\",\"potentialAction\":[{\"@type\":\"ReadAction\",\"target\":[\"https:\/\/www.promin.it\/fr\/boswellia\/\"]}]},{\"@type\":\"ImageObject\",\"inLanguage\":\"fr-FR\",\"@id\":\"https:\/\/www.promin.it\/fr\/boswellia\/#primaryimage\",\"url\":\"https:\/\/www.promin.it\/wp-content\/uploads\/2024\/10\/Boswellia-1024-px-250x250-1.jpg\",\"contentUrl\":\"https:\/\/www.promin.it\/wp-content\/uploads\/2024\/10\/Boswellia-1024-px-250x250-1.jpg\",\"width\":250,\"height\":250},{\"@type\":\"BreadcrumbList\",\"@id\":\"https:\/\/www.promin.it\/fr\/boswellia\/#breadcrumb\",\"itemListElement\":[{\"@type\":\"ListItem\",\"position\":1,\"name\":\"Accueil\",\"item\":\"https:\/\/www.promin.it\/fr\/\"},{\"@type\":\"ListItem\",\"position\":2,\"name\":\"Boswellia\"}]},{\"@type\":\"WebSite\",\"@id\":\"https:\/\/www.promin.it\/#website\",\"url\":\"https:\/\/www.promin.it\/\",\"name\":\"Promin\",\"description\":\"Prodotti Medicina Integrata\",\"publisher\":{\"@id\":\"https:\/\/www.promin.it\/#organization\"},\"potentialAction\":[{\"@type\":\"SearchAction\",\"target\":{\"@type\":\"EntryPoint\",\"urlTemplate\":\"https:\/\/www.promin.it\/?s={search_term_string}\"},\"query-input\":{\"@type\":\"PropertyValueSpecification\",\"valueRequired\":true,\"valueName\":\"search_term_string\"}}],\"inLanguage\":\"fr-FR\"},{\"@type\":\"Organization\",\"@id\":\"https:\/\/www.promin.it\/#organization\",\"name\":\"Promin Srl\",\"alternateName\":\"Promin - Prodotti Medicina Integrata\",\"url\":\"https:\/\/www.promin.it\/\",\"logo\":{\"@type\":\"ImageObject\",\"inLanguage\":\"fr-FR\",\"@id\":\"https:\/\/www.promin.it\/#\/schema\/logo\/image\/\",\"url\":\"https:\/\/www.promin.it\/wp-content\/uploads\/2024\/11\/logo-promin-seo.jpg\",\"contentUrl\":\"https:\/\/www.promin.it\/wp-content\/uploads\/2024\/11\/logo-promin-seo.jpg\",\"width\":512,\"height\":512,\"caption\":\"Promin Srl\"},\"image\":{\"@id\":\"https:\/\/www.promin.it\/#\/schema\/logo\/image\/\"},\"sameAs\":[\"https:\/\/www.facebook.com\/prominmed\",\"https:\/\/www.instagram.com\/promin_medicina_integrata\/\",\"https:\/\/www.linkedin.com\/company\/promin-prodotti-medicina-integrata\/\"]}]}<\/script>\n<!-- \/ Yoast SEO plugin. -->","yoast_head_json":{"title":"Boswellia : Compl\u00e9ments Alimentaires et Bienfaits | Promin","description":"D\u00e9couvrez la Boswellia et ses nombreux bienfaits pour r\u00e9duire les inflammations et soutenir vos articulations. Un compl\u00e9ment naturel efficace.","robots":{"index":"index","follow":"follow","max-snippet":"max-snippet:-1","max-image-preview":"max-image-preview:large","max-video-preview":"max-video-preview:-1"},"canonical":"https:\/\/www.promin.it\/fr\/boswellia\/","og_locale":"fr_FR","og_type":"article","og_title":"Boswellia : Compl\u00e9ments Alimentaires et Bienfaits | Promin","og_description":"D\u00e9couvrez la Boswellia et ses nombreux bienfaits pour r\u00e9duire les inflammations et soutenir vos articulations. Un compl\u00e9ment naturel efficace.","og_url":"https:\/\/www.promin.it\/fr\/boswellia\/","og_site_name":"Promin","article_publisher":"https:\/\/www.facebook.com\/prominmed","article_modified_time":"2024-12-09T08:30:49+00:00","og_image":[{"width":250,"height":250,"url":"https:\/\/www.promin.it\/wp-content\/uploads\/2024\/10\/Boswellia-1024-px-250x250-1.jpg","type":"image\/jpeg"}],"twitter_card":"summary_large_image","schema":{"@context":"https:\/\/schema.org","@graph":[{"@type":"WebPage","@id":"https:\/\/www.promin.it\/fr\/boswellia\/","url":"https:\/\/www.promin.it\/fr\/boswellia\/","name":"Boswellia : Compl\u00e9ments Alimentaires et Bienfaits | Promin","isPartOf":{"@id":"https:\/\/www.promin.it\/#website"},"primaryImageOfPage":{"@id":"https:\/\/www.promin.it\/fr\/boswellia\/#primaryimage"},"image":{"@id":"https:\/\/www.promin.it\/fr\/boswellia\/#primaryimage"},"thumbnailUrl":"https:\/\/www.promin.it\/wp-content\/uploads\/2024\/10\/Boswellia-1024-px-250x250-1.jpg","datePublished":"2018-01-17T17:33:10+00:00","dateModified":"2024-12-09T08:30:49+00:00","description":"D\u00e9couvrez la Boswellia et ses nombreux bienfaits pour r\u00e9duire les inflammations et soutenir vos articulations. Un compl\u00e9ment naturel efficace.","breadcrumb":{"@id":"https:\/\/www.promin.it\/fr\/boswellia\/#breadcrumb"},"inLanguage":"fr-FR","potentialAction":[{"@type":"ReadAction","target":["https:\/\/www.promin.it\/fr\/boswellia\/"]}]},{"@type":"ImageObject","inLanguage":"fr-FR","@id":"https:\/\/www.promin.it\/fr\/boswellia\/#primaryimage","url":"https:\/\/www.promin.it\/wp-content\/uploads\/2024\/10\/Boswellia-1024-px-250x250-1.jpg","contentUrl":"https:\/\/www.promin.it\/wp-content\/uploads\/2024\/10\/Boswellia-1024-px-250x250-1.jpg","width":250,"height":250},{"@type":"BreadcrumbList","@id":"https:\/\/www.promin.it\/fr\/boswellia\/#breadcrumb","itemListElement":[{"@type":"ListItem","position":1,"name":"Accueil","item":"https:\/\/www.promin.it\/fr\/"},{"@type":"ListItem","position":2,"name":"Boswellia"}]},{"@type":"WebSite","@id":"https:\/\/www.promin.it\/#website","url":"https:\/\/www.promin.it\/","name":"Promin","description":"Prodotti Medicina Integrata","publisher":{"@id":"https:\/\/www.promin.it\/#organization"},"potentialAction":[{"@type":"SearchAction","target":{"@type":"EntryPoint","urlTemplate":"https:\/\/www.promin.it\/?s={search_term_string}"},"query-input":{"@type":"PropertyValueSpecification","valueRequired":true,"valueName":"search_term_string"}}],"inLanguage":"fr-FR"},{"@type":"Organization","@id":"https:\/\/www.promin.it\/#organization","name":"Promin Srl","alternateName":"Promin - Prodotti Medicina Integrata","url":"https:\/\/www.promin.it\/","logo":{"@type":"ImageObject","inLanguage":"fr-FR","@id":"https:\/\/www.promin.it\/#\/schema\/logo\/image\/","url":"https:\/\/www.promin.it\/wp-content\/uploads\/2024\/11\/logo-promin-seo.jpg","contentUrl":"https:\/\/www.promin.it\/wp-content\/uploads\/2024\/11\/logo-promin-seo.jpg","width":512,"height":512,"caption":"Promin Srl"},"image":{"@id":"https:\/\/www.promin.it\/#\/schema\/logo\/image\/"},"sameAs":["https:\/\/www.facebook.com\/prominmed","https:\/\/www.instagram.com\/promin_medicina_integrata\/","https:\/\/www.linkedin.com\/company\/promin-prodotti-medicina-integrata\/"]}]}},"jetpack_sharing_enabled":true,"jetpack_shortlink":"https:\/\/wp.me\/PaiRmh-56I","_links":{"self":[{"href":"https:\/\/www.promin.it\/fr\/wp-json\/wp\/v2\/pages\/19636"}],"collection":[{"href":"https:\/\/www.promin.it\/fr\/wp-json\/wp\/v2\/pages"}],"about":[{"href":"https:\/\/www.promin.it\/fr\/wp-json\/wp\/v2\/types\/page"}],"author":[{"embeddable":true,"href":"https:\/\/www.promin.it\/fr\/wp-json\/wp\/v2\/users\/5"}],"replies":[{"embeddable":true,"href":"https:\/\/www.promin.it\/fr\/wp-json\/wp\/v2\/comments?post=19636"}],"version-history":[{"count":5,"href":"https:\/\/www.promin.it\/fr\/wp-json\/wp\/v2\/pages\/19636\/revisions"}],"predecessor-version":[{"id":20382,"href":"https:\/\/www.promin.it\/fr\/wp-json\/wp\/v2\/pages\/19636\/revisions\/20382"}],"wp:featuredmedia":[{"embeddable":true,"href":"https:\/\/www.promin.it\/fr\/wp-json\/wp\/v2\/media\/19074"}],"wp:attachment":[{"href":"https:\/\/www.promin.it\/fr\/wp-json\/wp\/v2\/media?parent=19636"}],"curies":[{"name":"wp","href":"https:\/\/api.w.org\/{rel}","templated":true}]}}