{"id":19642,"date":"2018-01-17T18:36:55","date_gmt":"2018-01-17T17:36:55","guid":{"rendered":"https:\/\/www.promin.it\/?page_id=19642"},"modified":"2024-12-09T09:42:43","modified_gmt":"2024-12-09T08:42:43","slug":"bromelaine","status":"publish","type":"page","link":"https:\/\/www.promin.it\/fr\/bromelaine\/","title":{"rendered":"Brom\u00e9la\u00efne"},"content":{"rendered":"<section class=\"l-section wpb_row visore-interno height_auto width_full\"><div class=\"l-section-h i-cf\"><div class=\"g-cols vc_row via_grid cols_1-3 laptops-cols_inherit tablets-cols_inherit mobiles-cols_1 valign_middle type_default stacking_default\" style=\"--gap:0rem;\"><div class=\"wpb_column vc_column_container col-visore\"><div class=\"vc_column-inner\"><div class=\"w-image logo-promin-v align_none\"><div class=\"w-image-h\"><img decoding=\"async\" width=\"268\" height=\"117\" src=\"https:\/\/www.promin.it\/wp-content\/uploads\/2024\/09\/promin-logo-v.svg\" class=\"attachment-large size-large\" alt=\"\" loading=\"lazy\" \/><\/div><\/div><\/div><\/div><div class=\"wpb_column vc_column_container col-img componenti\"><div class=\"vc_column-inner\"><div class=\"wpb_text_column\"><div class=\"wpb_wrapper\"><h1>Brom\u00e9la\u00efne<\/h1>\n<\/div><\/div><\/div><\/div><\/div><\/div><\/section><section class=\"l-section wpb_row fascia-breadcrums height_auto\"><div class=\"l-section-h i-cf\"><div class=\"g-cols vc_row via_grid cols_1 laptops-cols_inherit tablets-cols_inherit mobiles-cols_1 valign_top type_default stacking_default\"><div class=\"wpb_column vc_column_container\"><div class=\"vc_column-inner\"><section class=\"l-section wpb_row height_auto\"><div class=\"l-section-h i-cf\"><div class=\"g-cols vc_row via_grid cols_1 laptops-cols_inherit tablets-cols_inherit mobiles-cols_1 valign_middle type_default stacking_default\"><div class=\"wpb_column vc_column_container\"><div class=\"vc_column-inner\">[vc_raw_html]JTNDYSUyMGhyZWYlM0QlMjJodHRwcyUzQSUyRiUyRnRlc3QucHJvbWluLml0JTJGZnIlMkZjb21wb3NhbnRzLWFjdGlmcyUyRiUyMiUzRSUzQ3Rvcm5hJTIwYSUzRCUyMiUyMiUyMHR1dHRpJTNEJTIyJTIyJTIwaSUzRCUyMiUyMiUyMGNvbXBvbmVudGklM0QlMjIlMjIlMjBhdHRpdmklM0QlMjIlMjIlM0UlM0MlMkZ0b3JuYSUzRSUzQyUyRmElM0U=[\/vc_raw_html]<\/div><\/div><\/div><\/div><\/section>\n<\/div><\/div><\/div><\/div><\/section><section class=\"l-section wpb_row fascia-uno inositolo-pag height_small\"><div class=\"l-section-h i-cf\"><div class=\"g-cols vc_row via_grid cols_2 laptops-cols_inherit tablets-cols_inherit mobiles-cols_1 valign_top type_default stacking_default\"><div class=\"wpb_column vc_column_container\"><div class=\"vc_column-inner\"><div class=\"w-image has_ratio align_none\"><div class=\"w-image-h\"><div style=\"padding-bottom:56.25%\"><\/div><img decoding=\"async\" width=\"1024\" height=\"1024\" src=\"https:\/\/www.promin.it\/wp-content\/uploads\/2024\/10\/Ananas-1024-px-bromelina-formula-chimica.webp\" class=\"attachment-large size-large\" alt=\"\" loading=\"lazy\" srcset=\"https:\/\/www.promin.it\/wp-content\/uploads\/2024\/10\/Ananas-1024-px-bromelina-formula-chimica.webp 1024w, https:\/\/www.promin.it\/wp-content\/uploads\/2024\/10\/Ananas-1024-px-bromelina-formula-chimica-300x300.webp 300w, https:\/\/www.promin.it\/wp-content\/uploads\/2024\/10\/Ananas-1024-px-bromelina-formula-chimica-150x150.webp 150w, https:\/\/www.promin.it\/wp-content\/uploads\/2024\/10\/Ananas-1024-px-bromelina-formula-chimica-600x600.webp 600w\" sizes=\"(max-width: 1024px) 100vw, 1024px\" \/><\/div><\/div><div class=\"w-separator size_medium\"><\/div><div class=\"wpb_text_column\"><div class=\"wpb_wrapper\"><p><em><span>Description\u00a0: La brom\u00e9la\u00efne est une enzyme extraite de l\u2019ananas.<\/span><\/em><\/p>\n<p>Classification scientifique : il s\u2019agit d\u2019une enzyme prot\u00e9olytique. La brom\u00e9la\u00efne est extraite de la tige du plant d\u2019ananas, elle est \u00e9galement pr\u00e9sente dans le fruit mais en plus petite quantit\u00e9. En tant qu\u2019enzyme, sa concentration est souvent exprim\u00e9e en unit\u00e9s prot\u00e9olytiques (ou unit\u00e9s Rorer ou, plus commun\u00e9ment, unit\u00e9s internationales, I.U.), plut\u00f4t qu\u2019en unit\u00e9s de poids, faisant r\u00e9f\u00e9rence \u00e0 la puret\u00e9 ainsi qu\u2019\u00e0 la quantit\u00e9. Du point de vue de la composition chimique, il existe quatre fractions l\u00e9g\u00e8rement diff\u00e9rentes de brom\u00e9la\u00efne.<\/p>\n<\/div><\/div><\/div><\/div><div class=\"wpb_column vc_column_container\"><div class=\"vc_column-inner\"><div class=\"wpb_text_column\"><div class=\"wpb_wrapper\"><p>La brom\u00e9la\u00efne est utilis\u00e9e pour son action anti-\u0153d\u00e8me dans le traitement de l\u2019inflammation traumatique localis\u00e9e dans les tissus mous, dans les r\u00e9actions postop\u00e9ratoires, en pr\u00e9sence d\u2019\u0153d\u00e8mes, d\u2019ecchymoses et d\u2019h\u00e9matomes car elle est capable d\u2019acc\u00e9l\u00e9rer l\u2019extravasation h\u00e9morragique.<br \/>\nCette enzyme a \u00e9galement une action digestive des aliments riches en prot\u00e9ines qu\u2019elle est capable de d\u00e9composer en acides amin\u00e9s et est utile pour la fonctionnalit\u00e9 de la microcirculation car elle serait capable de solubiliser les plaques d\u2019ath\u00e9roscl\u00e9rose.<\/p>\n<p>Revendication selon 432-2012 : NON<\/p>\n<p>All\u00e9gation V\u00e9g\u00e9tale (Extrait d\u2019Ananas Comosus L.) :<br \/>\nFonction digestive.<br \/>\nDrainage des fluides corporels (lourdeur des jambes).<br \/>\nFonctionnalit\u00e9 de la microcirculation.<br \/>\nContraste des imperfections de la cellulite.<\/p>\n<p>Promin s\u2019engage \u00e0 choisir quotidiennement des mati\u00e8res premi\u00e8res de valeur absolue, contr\u00f4l\u00e9es et test\u00e9es selon des normes strictes et dans le respect de toutes les exigences l\u00e9gales.<\/p>\n<p><em>Les compl\u00e9ments alimentaires formul\u00e9s et produits par Promin qui contiennent &lt;de la brom\u00e9la\u00efne&gt; sont : <a href=\"\/quisedol\/\">QUISEDOL<\/a><\/em><\/p>\n<\/div><\/div><\/div><\/div><\/div><\/div><\/section>\n","protected":false},"excerpt":{"rendered":"Brom\u00e9la\u00efne [vc_raw_html]JTNDYSUyMGhyZWYlM0QlMjJodHRwcyUzQSUyRiUyRnRlc3QucHJvbWluLml0JTJGZnIlMkZjb21wb3NhbnRzLWFjdGlmcyUyRiUyMiUzRSUzQ3Rvcm5hJTIwYSUzRCUyMiUyMiUyMHR1dHRpJTNEJTIyJTIyJTIwaSUzRCUyMiUyMiUyMGNvbXBvbmVudGklM0QlMjIlMjIlMjBhdHRpdmklM0QlMjIlMjIlM0UlM0MlMkZ0b3JuYSUzRSUzQyUyRmElM0U=[\/vc_raw_html] Description\u00a0: La brom\u00e9la\u00efne est une enzyme extraite de l\u2019ananas. Classification scientifique : il s\u2019agit d\u2019une enzyme prot\u00e9olytique. La brom\u00e9la\u00efne est extraite de la tige du plant d\u2019ananas, elle est \u00e9galement pr\u00e9sente dans le fruit mais en plus petite quantit\u00e9. En tant qu\u2019enzyme, sa concentration est souvent exprim\u00e9e en unit\u00e9s prot\u00e9olytiques (ou unit\u00e9s Rorer...","protected":false},"author":5,"featured_media":19459,"parent":0,"menu_order":0,"comment_status":"closed","ping_status":"closed","template":"","meta":{"_acf_changed":false,"jetpack_post_was_ever_published":false,"footnotes":""},"class_list":["post-19642","page","type-page","status-publish","has-post-thumbnail","hentry"],"acf":[],"yoast_head":"<!-- This site is optimized with the Yoast SEO plugin v23.4 - https:\/\/yoast.com\/wordpress\/plugins\/seo\/ -->\n<title>Bromelaine : Propri\u00e9t\u00e9s et Bienfaits | Promin<\/title>\n<meta name=\"description\" content=\"La brom\u00e9la\u00efne est id\u00e9ale pour la digestion et la r\u00e9duction des inflammations. D\u00e9couvrez ses bienfaits et comment l\u2019int\u00e9grer dans votre vie.\" \/>\n<meta name=\"robots\" content=\"index, follow, max-snippet:-1, max-image-preview:large, max-video-preview:-1\" \/>\n<link rel=\"canonical\" href=\"https:\/\/www.promin.it\/fr\/bromelaine\/\" \/>\n<meta property=\"og:locale\" content=\"fr_FR\" \/>\n<meta property=\"og:type\" content=\"article\" \/>\n<meta property=\"og:title\" content=\"Bromelaine : Propri\u00e9t\u00e9s et Bienfaits | Promin\" \/>\n<meta property=\"og:description\" content=\"La brom\u00e9la\u00efne est id\u00e9ale pour la digestion et la r\u00e9duction des inflammations. D\u00e9couvrez ses bienfaits et comment l\u2019int\u00e9grer dans votre vie.\" \/>\n<meta property=\"og:url\" content=\"https:\/\/www.promin.it\/fr\/bromelaine\/\" \/>\n<meta property=\"og:site_name\" content=\"Promin\" \/>\n<meta property=\"article:publisher\" content=\"https:\/\/www.facebook.com\/prominmed\" \/>\n<meta property=\"article:modified_time\" content=\"2024-12-09T08:42:43+00:00\" \/>\n<meta property=\"og:image\" content=\"https:\/\/www.promin.it\/wp-content\/uploads\/2024\/10\/Ananas-1024-px-bromelina-formula-chimica.webp\" \/>\n\t<meta property=\"og:image:width\" content=\"1024\" \/>\n\t<meta property=\"og:image:height\" content=\"1024\" \/>\n\t<meta property=\"og:image:type\" content=\"image\/webp\" \/>\n<meta name=\"twitter:card\" content=\"summary_large_image\" \/>\n<script type=\"application\/ld+json\" class=\"yoast-schema-graph\">{\"@context\":\"https:\/\/schema.org\",\"@graph\":[{\"@type\":\"WebPage\",\"@id\":\"https:\/\/www.promin.it\/fr\/bromelaine\/\",\"url\":\"https:\/\/www.promin.it\/fr\/bromelaine\/\",\"name\":\"Bromelaine : Propri\u00e9t\u00e9s et Bienfaits | Promin\",\"isPartOf\":{\"@id\":\"https:\/\/www.promin.it\/#website\"},\"primaryImageOfPage\":{\"@id\":\"https:\/\/www.promin.it\/fr\/bromelaine\/#primaryimage\"},\"image\":{\"@id\":\"https:\/\/www.promin.it\/fr\/bromelaine\/#primaryimage\"},\"thumbnailUrl\":\"https:\/\/www.promin.it\/wp-content\/uploads\/2024\/10\/Ananas-1024-px-bromelina-formula-chimica.webp\",\"datePublished\":\"2018-01-17T17:36:55+00:00\",\"dateModified\":\"2024-12-09T08:42:43+00:00\",\"description\":\"La brom\u00e9la\u00efne est id\u00e9ale pour la digestion et la r\u00e9duction des inflammations. D\u00e9couvrez ses bienfaits et comment l\u2019int\u00e9grer dans votre vie.\",\"breadcrumb\":{\"@id\":\"https:\/\/www.promin.it\/fr\/bromelaine\/#breadcrumb\"},\"inLanguage\":\"fr-FR\",\"potentialAction\":[{\"@type\":\"ReadAction\",\"target\":[\"https:\/\/www.promin.it\/fr\/bromelaine\/\"]}]},{\"@type\":\"ImageObject\",\"inLanguage\":\"fr-FR\",\"@id\":\"https:\/\/www.promin.it\/fr\/bromelaine\/#primaryimage\",\"url\":\"https:\/\/www.promin.it\/wp-content\/uploads\/2024\/10\/Ananas-1024-px-bromelina-formula-chimica.webp\",\"contentUrl\":\"https:\/\/www.promin.it\/wp-content\/uploads\/2024\/10\/Ananas-1024-px-bromelina-formula-chimica.webp\",\"width\":1024,\"height\":1024},{\"@type\":\"BreadcrumbList\",\"@id\":\"https:\/\/www.promin.it\/fr\/bromelaine\/#breadcrumb\",\"itemListElement\":[{\"@type\":\"ListItem\",\"position\":1,\"name\":\"Accueil\",\"item\":\"https:\/\/www.promin.it\/fr\/\"},{\"@type\":\"ListItem\",\"position\":2,\"name\":\"Brom\u00e9la\u00efne\"}]},{\"@type\":\"WebSite\",\"@id\":\"https:\/\/www.promin.it\/#website\",\"url\":\"https:\/\/www.promin.it\/\",\"name\":\"Promin\",\"description\":\"Prodotti Medicina Integrata\",\"publisher\":{\"@id\":\"https:\/\/www.promin.it\/#organization\"},\"potentialAction\":[{\"@type\":\"SearchAction\",\"target\":{\"@type\":\"EntryPoint\",\"urlTemplate\":\"https:\/\/www.promin.it\/?s={search_term_string}\"},\"query-input\":{\"@type\":\"PropertyValueSpecification\",\"valueRequired\":true,\"valueName\":\"search_term_string\"}}],\"inLanguage\":\"fr-FR\"},{\"@type\":\"Organization\",\"@id\":\"https:\/\/www.promin.it\/#organization\",\"name\":\"Promin Srl\",\"alternateName\":\"Promin - Prodotti Medicina Integrata\",\"url\":\"https:\/\/www.promin.it\/\",\"logo\":{\"@type\":\"ImageObject\",\"inLanguage\":\"fr-FR\",\"@id\":\"https:\/\/www.promin.it\/#\/schema\/logo\/image\/\",\"url\":\"https:\/\/www.promin.it\/wp-content\/uploads\/2024\/11\/logo-promin-seo.jpg\",\"contentUrl\":\"https:\/\/www.promin.it\/wp-content\/uploads\/2024\/11\/logo-promin-seo.jpg\",\"width\":512,\"height\":512,\"caption\":\"Promin Srl\"},\"image\":{\"@id\":\"https:\/\/www.promin.it\/#\/schema\/logo\/image\/\"},\"sameAs\":[\"https:\/\/www.facebook.com\/prominmed\",\"https:\/\/www.instagram.com\/promin_medicina_integrata\/\",\"https:\/\/www.linkedin.com\/company\/promin-prodotti-medicina-integrata\/\"]}]}<\/script>\n<!-- \/ Yoast SEO plugin. -->","yoast_head_json":{"title":"Bromelaine : Propri\u00e9t\u00e9s et Bienfaits | Promin","description":"La brom\u00e9la\u00efne est id\u00e9ale pour la digestion et la r\u00e9duction des inflammations. D\u00e9couvrez ses bienfaits et comment l\u2019int\u00e9grer dans votre vie.","robots":{"index":"index","follow":"follow","max-snippet":"max-snippet:-1","max-image-preview":"max-image-preview:large","max-video-preview":"max-video-preview:-1"},"canonical":"https:\/\/www.promin.it\/fr\/bromelaine\/","og_locale":"fr_FR","og_type":"article","og_title":"Bromelaine : Propri\u00e9t\u00e9s et Bienfaits | Promin","og_description":"La brom\u00e9la\u00efne est id\u00e9ale pour la digestion et la r\u00e9duction des inflammations. D\u00e9couvrez ses bienfaits et comment l\u2019int\u00e9grer dans votre vie.","og_url":"https:\/\/www.promin.it\/fr\/bromelaine\/","og_site_name":"Promin","article_publisher":"https:\/\/www.facebook.com\/prominmed","article_modified_time":"2024-12-09T08:42:43+00:00","og_image":[{"width":1024,"height":1024,"url":"https:\/\/www.promin.it\/wp-content\/uploads\/2024\/10\/Ananas-1024-px-bromelina-formula-chimica.webp","type":"image\/webp"}],"twitter_card":"summary_large_image","schema":{"@context":"https:\/\/schema.org","@graph":[{"@type":"WebPage","@id":"https:\/\/www.promin.it\/fr\/bromelaine\/","url":"https:\/\/www.promin.it\/fr\/bromelaine\/","name":"Bromelaine : Propri\u00e9t\u00e9s et Bienfaits | Promin","isPartOf":{"@id":"https:\/\/www.promin.it\/#website"},"primaryImageOfPage":{"@id":"https:\/\/www.promin.it\/fr\/bromelaine\/#primaryimage"},"image":{"@id":"https:\/\/www.promin.it\/fr\/bromelaine\/#primaryimage"},"thumbnailUrl":"https:\/\/www.promin.it\/wp-content\/uploads\/2024\/10\/Ananas-1024-px-bromelina-formula-chimica.webp","datePublished":"2018-01-17T17:36:55+00:00","dateModified":"2024-12-09T08:42:43+00:00","description":"La brom\u00e9la\u00efne est id\u00e9ale pour la digestion et la r\u00e9duction des inflammations. D\u00e9couvrez ses bienfaits et comment l\u2019int\u00e9grer dans votre vie.","breadcrumb":{"@id":"https:\/\/www.promin.it\/fr\/bromelaine\/#breadcrumb"},"inLanguage":"fr-FR","potentialAction":[{"@type":"ReadAction","target":["https:\/\/www.promin.it\/fr\/bromelaine\/"]}]},{"@type":"ImageObject","inLanguage":"fr-FR","@id":"https:\/\/www.promin.it\/fr\/bromelaine\/#primaryimage","url":"https:\/\/www.promin.it\/wp-content\/uploads\/2024\/10\/Ananas-1024-px-bromelina-formula-chimica.webp","contentUrl":"https:\/\/www.promin.it\/wp-content\/uploads\/2024\/10\/Ananas-1024-px-bromelina-formula-chimica.webp","width":1024,"height":1024},{"@type":"BreadcrumbList","@id":"https:\/\/www.promin.it\/fr\/bromelaine\/#breadcrumb","itemListElement":[{"@type":"ListItem","position":1,"name":"Accueil","item":"https:\/\/www.promin.it\/fr\/"},{"@type":"ListItem","position":2,"name":"Brom\u00e9la\u00efne"}]},{"@type":"WebSite","@id":"https:\/\/www.promin.it\/#website","url":"https:\/\/www.promin.it\/","name":"Promin","description":"Prodotti Medicina Integrata","publisher":{"@id":"https:\/\/www.promin.it\/#organization"},"potentialAction":[{"@type":"SearchAction","target":{"@type":"EntryPoint","urlTemplate":"https:\/\/www.promin.it\/?s={search_term_string}"},"query-input":{"@type":"PropertyValueSpecification","valueRequired":true,"valueName":"search_term_string"}}],"inLanguage":"fr-FR"},{"@type":"Organization","@id":"https:\/\/www.promin.it\/#organization","name":"Promin Srl","alternateName":"Promin - Prodotti Medicina Integrata","url":"https:\/\/www.promin.it\/","logo":{"@type":"ImageObject","inLanguage":"fr-FR","@id":"https:\/\/www.promin.it\/#\/schema\/logo\/image\/","url":"https:\/\/www.promin.it\/wp-content\/uploads\/2024\/11\/logo-promin-seo.jpg","contentUrl":"https:\/\/www.promin.it\/wp-content\/uploads\/2024\/11\/logo-promin-seo.jpg","width":512,"height":512,"caption":"Promin Srl"},"image":{"@id":"https:\/\/www.promin.it\/#\/schema\/logo\/image\/"},"sameAs":["https:\/\/www.facebook.com\/prominmed","https:\/\/www.instagram.com\/promin_medicina_integrata\/","https:\/\/www.linkedin.com\/company\/promin-prodotti-medicina-integrata\/"]}]}},"jetpack_sharing_enabled":true,"jetpack_shortlink":"https:\/\/wp.me\/PaiRmh-56O","_links":{"self":[{"href":"https:\/\/www.promin.it\/fr\/wp-json\/wp\/v2\/pages\/19642"}],"collection":[{"href":"https:\/\/www.promin.it\/fr\/wp-json\/wp\/v2\/pages"}],"about":[{"href":"https:\/\/www.promin.it\/fr\/wp-json\/wp\/v2\/types\/page"}],"author":[{"embeddable":true,"href":"https:\/\/www.promin.it\/fr\/wp-json\/wp\/v2\/users\/5"}],"replies":[{"embeddable":true,"href":"https:\/\/www.promin.it\/fr\/wp-json\/wp\/v2\/comments?post=19642"}],"version-history":[{"count":4,"href":"https:\/\/www.promin.it\/fr\/wp-json\/wp\/v2\/pages\/19642\/revisions"}],"predecessor-version":[{"id":20383,"href":"https:\/\/www.promin.it\/fr\/wp-json\/wp\/v2\/pages\/19642\/revisions\/20383"}],"wp:featuredmedia":[{"embeddable":true,"href":"https:\/\/www.promin.it\/fr\/wp-json\/wp\/v2\/media\/19459"}],"wp:attachment":[{"href":"https:\/\/www.promin.it\/fr\/wp-json\/wp\/v2\/media?parent=19642"}],"curies":[{"name":"wp","href":"https:\/\/api.w.org\/{rel}","templated":true}]}}