{"id":19645,"date":"2018-01-17T18:39:52","date_gmt":"2018-01-17T17:39:52","guid":{"rendered":"https:\/\/www.promin.it\/?page_id=19645"},"modified":"2024-12-12T16:34:55","modified_gmt":"2024-12-12T15:34:55","slug":"cannelle","status":"publish","type":"page","link":"https:\/\/www.promin.it\/fr\/cannelle\/","title":{"rendered":"Cannelle"},"content":{"rendered":"<section class=\"l-section wpb_row visore-interno height_auto width_full\"><div class=\"l-section-h i-cf\"><div class=\"g-cols vc_row via_grid cols_1-3 laptops-cols_inherit tablets-cols_inherit mobiles-cols_1 valign_middle type_default stacking_default\" style=\"--gap:0rem;\"><div class=\"wpb_column vc_column_container col-visore\"><div class=\"vc_column-inner\"><div class=\"w-image logo-promin-v align_none\"><div class=\"w-image-h\"><img decoding=\"async\" width=\"268\" height=\"117\" src=\"https:\/\/www.promin.it\/wp-content\/uploads\/2024\/09\/promin-logo-v.svg\" class=\"attachment-large size-large\" alt=\"\" loading=\"lazy\" \/><\/div><\/div><\/div><\/div><div class=\"wpb_column vc_column_container col-img componenti\"><div class=\"vc_column-inner\"><div class=\"wpb_text_column\"><div class=\"wpb_wrapper\"><h1>Cannelle<\/h1>\n<\/div><\/div><\/div><\/div><\/div><\/div><\/section><section class=\"l-section wpb_row fascia-breadcrums height_auto\"><div class=\"l-section-h i-cf\"><div class=\"g-cols vc_row via_grid cols_1 laptops-cols_inherit tablets-cols_inherit mobiles-cols_1 valign_top type_default stacking_default\"><div class=\"wpb_column vc_column_container\"><div class=\"vc_column-inner\"><section class=\"l-section wpb_row height_auto\"><div class=\"l-section-h i-cf\"><div class=\"g-cols vc_row via_grid cols_1 laptops-cols_inherit tablets-cols_inherit mobiles-cols_1 valign_middle type_default stacking_default\"><div class=\"wpb_column vc_column_container\"><div class=\"vc_column-inner\">[vc_raw_html]JTNDYSUyMGhyZWYlM0QlMjJodHRwcyUzQSUyRiUyRnRlc3QucHJvbWluLml0JTJGZnIlMkZjb21wb3NhbnRzLWFjdGlmcyUyRiUyMiUzRSUzQ3Rvcm5hJTIwYSUzRCUyMiUyMiUyMHR1dHRpJTNEJTIyJTIyJTIwaSUzRCUyMiUyMiUyMGNvbXBvbmVudGklM0QlMjIlMjIlMjBhdHRpdmklM0QlMjIlMjIlM0UlM0MlMkZ0b3JuYSUzRSUzQyUyRmElM0U=[\/vc_raw_html]<\/div><\/div><\/div><\/div><\/section>\n<\/div><\/div><\/div><\/div><\/section><section class=\"l-section wpb_row fascia-uno inositolo-pag height_small\"><div class=\"l-section-h i-cf\"><div class=\"g-cols vc_row via_grid cols_2 laptops-cols_inherit tablets-cols_inherit mobiles-cols_1 valign_top type_default stacking_default\"><div class=\"wpb_column vc_column_container\"><div class=\"vc_column-inner\"><div class=\"w-image has_ratio align_none\"><div class=\"w-image-h\"><div style=\"padding-bottom:56.25%\"><\/div><img decoding=\"async\" width=\"300\" height=\"300\" src=\"https:\/\/www.promin.it\/wp-content\/uploads\/2024\/10\/Altea-1024-px-300x300-1.jpg\" class=\"attachment-large size-large\" alt=\"\" loading=\"lazy\" srcset=\"https:\/\/www.promin.it\/wp-content\/uploads\/2024\/10\/Altea-1024-px-300x300-1.jpg 300w, https:\/\/www.promin.it\/wp-content\/uploads\/2024\/10\/Altea-1024-px-300x300-1-150x150.jpg 150w\" sizes=\"(max-width: 300px) 100vw, 300px\" \/><\/div><\/div><div class=\"w-separator size_medium\"><\/div><div class=\"wpb_text_column\"><div class=\"wpb_wrapper\"><p><em>Description\u00a0: La cannelle est une plante \u00e0 feuilles persistantes de la famille des Laurac\u00e9es.<\/em><\/p>\n<p><em>Nom botanique : Cinnamomum zeylaniucm BLUME.<\/em><\/p>\n<p>La cannelle est utilis\u00e9e depuis des milliers d\u2019ann\u00e9es dans la m\u00e9decine ayurv\u00e9dique et dans la m\u00e9decine traditionnelle chinoise, qui d\u00e9j\u00e0 en 2700 avant JC lui attribuait d\u2019importantes propri\u00e9t\u00e9s th\u00e9rapeutiques.<\/p>\n<p>Aujourd\u2019hui, m\u00eame la m\u00e9decine occidentale confirme ses propri\u00e9t\u00e9s extraordinaires en reconnaissant tout d\u2019abord qu\u2019elle poss\u00e8de l\u2019un des pouvoirs antioxydants les plus \u00e9lev\u00e9s de la nature, un indice de valeur de 267 536, soit environ 62 fois celui de la pomme qui en elle-m\u00eame est d\u00e9j\u00e0 un excellent antioxydant.<\/p>\n<p>L\u2019\u00e9corce de la plante contient des tanins, de l\u2019ald\u00e9hyde cinnamique dans l\u2019huile essentielle, de l\u2019eug\u00e9nol et du camphre mais aussi du fer, du potassium, du zinc, du phosphore, du s\u00e9l\u00e9nium, du cuivre, du calcium et du mangan\u00e8se mais aussi de nombreuses vitamines B, vitamines A, C, E et K ainsi que plus de 50 compos\u00e9s aromatiques et terp\u00e9niques.<\/p>\n<\/div><\/div><\/div><\/div><div class=\"wpb_column vc_column_container\"><div class=\"vc_column-inner\"><div class=\"wpb_text_column\"><div class=\"wpb_wrapper\"><p>Parmi les diff\u00e9rentes applications, la cannelle est utilis\u00e9e pour contribuer \u00e0 la r\u00e9gularit\u00e9 intestinale en contrecarrant les \u00e9tats de d\u00e9sordre tels que la constipation, les flatulences, la diarrh\u00e9e et la dyspepsie.<br \/>\nIl semble \u00e9galement \u00eatre capable de favoriser la digestion en ralentissant la vitesse de vidange de l\u2019estomac, en r\u00e9gulant la glyc\u00e9mie et en r\u00e9duisant ainsi les crises de faim caus\u00e9es par les pics et les baisses de glyc\u00e9mie.<br \/>\nSes propri\u00e9t\u00e9s digestives se manifestent \u00e9galement gr\u00e2ce \u00e0 l\u2019action apaisante contre l\u2019inflammation de l\u2019ensemble du syst\u00e8me gastro-intestinal.<\/p>\n<p>All\u00e9gation de sant\u00e9 (Min Sal. D\u00e9cret 9\/07\/2012) :<br \/>\nR\u00e9gularit\u00e9 du transit intestinal.<br \/>\n\u00c9limination des gaz intestinaux.<br \/>\nM\u00e9tabolisme des glucides.<br \/>\nFonction digestive.<br \/>\nAntioxydant.<\/p>\n<p>Promin s\u2019engage \u00e0 choisir quotidiennement des mati\u00e8res premi\u00e8res de valeur absolue, contr\u00f4l\u00e9es et test\u00e9es selon des normes strictes et dans le respect de toutes les exigences l\u00e9gales.<\/p>\n<p><em>Les compl\u00e9ments alimentaires formul\u00e9s et produits par Promin que je contiens sont : <a href=\"\/mannoli\/\">MANNOL\u00cc<\/a><\/em><\/p>\n<\/div><\/div><\/div><\/div><\/div><\/div><\/section>\n","protected":false},"excerpt":{"rendered":"Cannelle [vc_raw_html]JTNDYSUyMGhyZWYlM0QlMjJodHRwcyUzQSUyRiUyRnRlc3QucHJvbWluLml0JTJGZnIlMkZjb21wb3NhbnRzLWFjdGlmcyUyRiUyMiUzRSUzQ3Rvcm5hJTIwYSUzRCUyMiUyMiUyMHR1dHRpJTNEJTIyJTIyJTIwaSUzRCUyMiUyMiUyMGNvbXBvbmVudGklM0QlMjIlMjIlMjBhdHRpdmklM0QlMjIlMjIlM0UlM0MlMkZ0b3JuYSUzRSUzQyUyRmElM0U=[\/vc_raw_html] Description\u00a0: La cannelle est une plante \u00e0 feuilles persistantes de la famille des Laurac\u00e9es. Nom botanique : Cinnamomum zeylaniucm BLUME. La cannelle est utilis\u00e9e depuis des milliers d\u2019ann\u00e9es dans la m\u00e9decine ayurv\u00e9dique et dans la m\u00e9decine traditionnelle chinoise, qui d\u00e9j\u00e0 en 2700 avant JC lui attribuait d\u2019importantes propri\u00e9t\u00e9s th\u00e9rapeutiques. Aujourd\u2019hui, m\u00eame la m\u00e9decine...","protected":false},"author":5,"featured_media":19466,"parent":0,"menu_order":0,"comment_status":"closed","ping_status":"closed","template":"","meta":{"_acf_changed":false,"jetpack_post_was_ever_published":false,"footnotes":""},"class_list":["post-19645","page","type-page","status-publish","has-post-thumbnail","hentry"],"acf":[],"yoast_head":"<!-- This site is optimized with the Yoast SEO plugin v23.4 - https:\/\/yoast.com\/wordpress\/plugins\/seo\/ -->\n<title>Cannelle : Compl\u00e9ments Alimentaires et Propri\u00e9t\u00e9s | Promin<\/title>\n<meta name=\"description\" content=\"La cannelle est un rem\u00e8de naturel aux multiples bienfaits. D\u00e9couvrez ses propri\u00e9t\u00e9s et comment elle soutient la sant\u00e9 digestive et g\u00e9n\u00e9rale.\" \/>\n<meta name=\"robots\" content=\"index, follow, max-snippet:-1, max-image-preview:large, max-video-preview:-1\" \/>\n<link rel=\"canonical\" href=\"https:\/\/www.promin.it\/fr\/cannelle\/\" \/>\n<meta property=\"og:locale\" content=\"fr_FR\" \/>\n<meta property=\"og:type\" content=\"article\" \/>\n<meta property=\"og:title\" content=\"Cannelle : Compl\u00e9ments Alimentaires et Propri\u00e9t\u00e9s | Promin\" \/>\n<meta property=\"og:description\" content=\"La cannelle est un rem\u00e8de naturel aux multiples bienfaits. D\u00e9couvrez ses propri\u00e9t\u00e9s et comment elle soutient la sant\u00e9 digestive et g\u00e9n\u00e9rale.\" \/>\n<meta property=\"og:url\" content=\"https:\/\/www.promin.it\/fr\/cannelle\/\" \/>\n<meta property=\"og:site_name\" content=\"Promin\" \/>\n<meta property=\"article:publisher\" content=\"https:\/\/www.facebook.com\/prominmed\" \/>\n<meta property=\"article:modified_time\" content=\"2024-12-12T15:34:55+00:00\" \/>\n<meta property=\"og:image\" content=\"https:\/\/www.promin.it\/wp-content\/uploads\/2024\/10\/Cannella-4-1024-px.webp\" \/>\n\t<meta property=\"og:image:width\" content=\"1024\" \/>\n\t<meta property=\"og:image:height\" content=\"1024\" \/>\n\t<meta property=\"og:image:type\" content=\"image\/webp\" \/>\n<meta name=\"twitter:card\" content=\"summary_large_image\" \/>\n<script type=\"application\/ld+json\" class=\"yoast-schema-graph\">{\"@context\":\"https:\/\/schema.org\",\"@graph\":[{\"@type\":\"WebPage\",\"@id\":\"https:\/\/www.promin.it\/fr\/cannelle\/\",\"url\":\"https:\/\/www.promin.it\/fr\/cannelle\/\",\"name\":\"Cannelle : Compl\u00e9ments Alimentaires et Propri\u00e9t\u00e9s | Promin\",\"isPartOf\":{\"@id\":\"https:\/\/www.promin.it\/#website\"},\"primaryImageOfPage\":{\"@id\":\"https:\/\/www.promin.it\/fr\/cannelle\/#primaryimage\"},\"image\":{\"@id\":\"https:\/\/www.promin.it\/fr\/cannelle\/#primaryimage\"},\"thumbnailUrl\":\"https:\/\/www.promin.it\/wp-content\/uploads\/2024\/10\/Cannella-4-1024-px.webp\",\"datePublished\":\"2018-01-17T17:39:52+00:00\",\"dateModified\":\"2024-12-12T15:34:55+00:00\",\"description\":\"La cannelle est un rem\u00e8de naturel aux multiples bienfaits. D\u00e9couvrez ses propri\u00e9t\u00e9s et comment elle soutient la sant\u00e9 digestive et g\u00e9n\u00e9rale.\",\"breadcrumb\":{\"@id\":\"https:\/\/www.promin.it\/fr\/cannelle\/#breadcrumb\"},\"inLanguage\":\"fr-FR\",\"potentialAction\":[{\"@type\":\"ReadAction\",\"target\":[\"https:\/\/www.promin.it\/fr\/cannelle\/\"]}]},{\"@type\":\"ImageObject\",\"inLanguage\":\"fr-FR\",\"@id\":\"https:\/\/www.promin.it\/fr\/cannelle\/#primaryimage\",\"url\":\"https:\/\/www.promin.it\/wp-content\/uploads\/2024\/10\/Cannella-4-1024-px.webp\",\"contentUrl\":\"https:\/\/www.promin.it\/wp-content\/uploads\/2024\/10\/Cannella-4-1024-px.webp\",\"width\":1024,\"height\":1024},{\"@type\":\"BreadcrumbList\",\"@id\":\"https:\/\/www.promin.it\/fr\/cannelle\/#breadcrumb\",\"itemListElement\":[{\"@type\":\"ListItem\",\"position\":1,\"name\":\"Accueil\",\"item\":\"https:\/\/www.promin.it\/fr\/\"},{\"@type\":\"ListItem\",\"position\":2,\"name\":\"Cannelle\"}]},{\"@type\":\"WebSite\",\"@id\":\"https:\/\/www.promin.it\/#website\",\"url\":\"https:\/\/www.promin.it\/\",\"name\":\"Promin\",\"description\":\"Prodotti Medicina Integrata\",\"publisher\":{\"@id\":\"https:\/\/www.promin.it\/#organization\"},\"potentialAction\":[{\"@type\":\"SearchAction\",\"target\":{\"@type\":\"EntryPoint\",\"urlTemplate\":\"https:\/\/www.promin.it\/?s={search_term_string}\"},\"query-input\":{\"@type\":\"PropertyValueSpecification\",\"valueRequired\":true,\"valueName\":\"search_term_string\"}}],\"inLanguage\":\"fr-FR\"},{\"@type\":\"Organization\",\"@id\":\"https:\/\/www.promin.it\/#organization\",\"name\":\"Promin Srl\",\"alternateName\":\"Promin - Prodotti Medicina Integrata\",\"url\":\"https:\/\/www.promin.it\/\",\"logo\":{\"@type\":\"ImageObject\",\"inLanguage\":\"fr-FR\",\"@id\":\"https:\/\/www.promin.it\/#\/schema\/logo\/image\/\",\"url\":\"https:\/\/www.promin.it\/wp-content\/uploads\/2024\/11\/logo-promin-seo.jpg\",\"contentUrl\":\"https:\/\/www.promin.it\/wp-content\/uploads\/2024\/11\/logo-promin-seo.jpg\",\"width\":512,\"height\":512,\"caption\":\"Promin Srl\"},\"image\":{\"@id\":\"https:\/\/www.promin.it\/#\/schema\/logo\/image\/\"},\"sameAs\":[\"https:\/\/www.facebook.com\/prominmed\",\"https:\/\/www.instagram.com\/promin_medicina_integrata\/\",\"https:\/\/www.linkedin.com\/company\/promin-prodotti-medicina-integrata\/\"]}]}<\/script>\n<!-- \/ Yoast SEO plugin. -->","yoast_head_json":{"title":"Cannelle : Compl\u00e9ments Alimentaires et Propri\u00e9t\u00e9s | Promin","description":"La cannelle est un rem\u00e8de naturel aux multiples bienfaits. D\u00e9couvrez ses propri\u00e9t\u00e9s et comment elle soutient la sant\u00e9 digestive et g\u00e9n\u00e9rale.","robots":{"index":"index","follow":"follow","max-snippet":"max-snippet:-1","max-image-preview":"max-image-preview:large","max-video-preview":"max-video-preview:-1"},"canonical":"https:\/\/www.promin.it\/fr\/cannelle\/","og_locale":"fr_FR","og_type":"article","og_title":"Cannelle : Compl\u00e9ments Alimentaires et Propri\u00e9t\u00e9s | Promin","og_description":"La cannelle est un rem\u00e8de naturel aux multiples bienfaits. D\u00e9couvrez ses propri\u00e9t\u00e9s et comment elle soutient la sant\u00e9 digestive et g\u00e9n\u00e9rale.","og_url":"https:\/\/www.promin.it\/fr\/cannelle\/","og_site_name":"Promin","article_publisher":"https:\/\/www.facebook.com\/prominmed","article_modified_time":"2024-12-12T15:34:55+00:00","og_image":[{"width":1024,"height":1024,"url":"https:\/\/www.promin.it\/wp-content\/uploads\/2024\/10\/Cannella-4-1024-px.webp","type":"image\/webp"}],"twitter_card":"summary_large_image","schema":{"@context":"https:\/\/schema.org","@graph":[{"@type":"WebPage","@id":"https:\/\/www.promin.it\/fr\/cannelle\/","url":"https:\/\/www.promin.it\/fr\/cannelle\/","name":"Cannelle : Compl\u00e9ments Alimentaires et Propri\u00e9t\u00e9s | Promin","isPartOf":{"@id":"https:\/\/www.promin.it\/#website"},"primaryImageOfPage":{"@id":"https:\/\/www.promin.it\/fr\/cannelle\/#primaryimage"},"image":{"@id":"https:\/\/www.promin.it\/fr\/cannelle\/#primaryimage"},"thumbnailUrl":"https:\/\/www.promin.it\/wp-content\/uploads\/2024\/10\/Cannella-4-1024-px.webp","datePublished":"2018-01-17T17:39:52+00:00","dateModified":"2024-12-12T15:34:55+00:00","description":"La cannelle est un rem\u00e8de naturel aux multiples bienfaits. D\u00e9couvrez ses propri\u00e9t\u00e9s et comment elle soutient la sant\u00e9 digestive et g\u00e9n\u00e9rale.","breadcrumb":{"@id":"https:\/\/www.promin.it\/fr\/cannelle\/#breadcrumb"},"inLanguage":"fr-FR","potentialAction":[{"@type":"ReadAction","target":["https:\/\/www.promin.it\/fr\/cannelle\/"]}]},{"@type":"ImageObject","inLanguage":"fr-FR","@id":"https:\/\/www.promin.it\/fr\/cannelle\/#primaryimage","url":"https:\/\/www.promin.it\/wp-content\/uploads\/2024\/10\/Cannella-4-1024-px.webp","contentUrl":"https:\/\/www.promin.it\/wp-content\/uploads\/2024\/10\/Cannella-4-1024-px.webp","width":1024,"height":1024},{"@type":"BreadcrumbList","@id":"https:\/\/www.promin.it\/fr\/cannelle\/#breadcrumb","itemListElement":[{"@type":"ListItem","position":1,"name":"Accueil","item":"https:\/\/www.promin.it\/fr\/"},{"@type":"ListItem","position":2,"name":"Cannelle"}]},{"@type":"WebSite","@id":"https:\/\/www.promin.it\/#website","url":"https:\/\/www.promin.it\/","name":"Promin","description":"Prodotti Medicina Integrata","publisher":{"@id":"https:\/\/www.promin.it\/#organization"},"potentialAction":[{"@type":"SearchAction","target":{"@type":"EntryPoint","urlTemplate":"https:\/\/www.promin.it\/?s={search_term_string}"},"query-input":{"@type":"PropertyValueSpecification","valueRequired":true,"valueName":"search_term_string"}}],"inLanguage":"fr-FR"},{"@type":"Organization","@id":"https:\/\/www.promin.it\/#organization","name":"Promin Srl","alternateName":"Promin - Prodotti Medicina Integrata","url":"https:\/\/www.promin.it\/","logo":{"@type":"ImageObject","inLanguage":"fr-FR","@id":"https:\/\/www.promin.it\/#\/schema\/logo\/image\/","url":"https:\/\/www.promin.it\/wp-content\/uploads\/2024\/11\/logo-promin-seo.jpg","contentUrl":"https:\/\/www.promin.it\/wp-content\/uploads\/2024\/11\/logo-promin-seo.jpg","width":512,"height":512,"caption":"Promin Srl"},"image":{"@id":"https:\/\/www.promin.it\/#\/schema\/logo\/image\/"},"sameAs":["https:\/\/www.facebook.com\/prominmed","https:\/\/www.instagram.com\/promin_medicina_integrata\/","https:\/\/www.linkedin.com\/company\/promin-prodotti-medicina-integrata\/"]}]}},"jetpack_sharing_enabled":true,"jetpack_shortlink":"https:\/\/wp.me\/PaiRmh-56R","_links":{"self":[{"href":"https:\/\/www.promin.it\/fr\/wp-json\/wp\/v2\/pages\/19645"}],"collection":[{"href":"https:\/\/www.promin.it\/fr\/wp-json\/wp\/v2\/pages"}],"about":[{"href":"https:\/\/www.promin.it\/fr\/wp-json\/wp\/v2\/types\/page"}],"author":[{"embeddable":true,"href":"https:\/\/www.promin.it\/fr\/wp-json\/wp\/v2\/users\/5"}],"replies":[{"embeddable":true,"href":"https:\/\/www.promin.it\/fr\/wp-json\/wp\/v2\/comments?post=19645"}],"version-history":[{"count":4,"href":"https:\/\/www.promin.it\/fr\/wp-json\/wp\/v2\/pages\/19645\/revisions"}],"predecessor-version":[{"id":20445,"href":"https:\/\/www.promin.it\/fr\/wp-json\/wp\/v2\/pages\/19645\/revisions\/20445"}],"wp:featuredmedia":[{"embeddable":true,"href":"https:\/\/www.promin.it\/fr\/wp-json\/wp\/v2\/media\/19466"}],"wp:attachment":[{"href":"https:\/\/www.promin.it\/fr\/wp-json\/wp\/v2\/media?parent=19645"}],"curies":[{"name":"wp","href":"https:\/\/api.w.org\/{rel}","templated":true}]}}