{"id":19651,"date":"2018-01-17T18:50:46","date_gmt":"2018-01-17T17:50:46","guid":{"rendered":"https:\/\/www.promin.it\/?page_id=19651"},"modified":"2024-11-12T15:27:32","modified_gmt":"2024-11-12T14:27:32","slug":"castanea-vesca","status":"publish","type":"page","link":"https:\/\/www.promin.it\/fr\/castanea-vesca\/","title":{"rendered":"Castanea vesca"},"content":{"rendered":"<section class=\"l-section wpb_row visore-interno height_auto width_full\"><div class=\"l-section-h i-cf\"><div class=\"g-cols vc_row via_grid cols_1-3 laptops-cols_inherit tablets-cols_inherit mobiles-cols_1 valign_middle type_default stacking_default\" style=\"--gap:0rem;\"><div class=\"wpb_column vc_column_container col-visore\"><div class=\"vc_column-inner\"><div class=\"w-image logo-promin-v align_none\"><div class=\"w-image-h\"><img decoding=\"async\" width=\"268\" height=\"117\" src=\"https:\/\/www.promin.it\/wp-content\/uploads\/2024\/09\/promin-logo-v.svg\" class=\"attachment-large size-large\" alt=\"\" loading=\"lazy\" \/><\/div><\/div><\/div><\/div><div class=\"wpb_column vc_column_container col-img componenti\"><div class=\"vc_column-inner\"><div class=\"wpb_text_column\"><div class=\"wpb_wrapper\"><h1>Castanea vesca<\/h1>\n<\/div><\/div><\/div><\/div><\/div><\/div><\/section><section class=\"l-section wpb_row fascia-breadcrums height_auto\"><div class=\"l-section-h i-cf\"><div class=\"g-cols vc_row via_grid cols_1 laptops-cols_inherit tablets-cols_inherit mobiles-cols_1 valign_top type_default stacking_default\"><div class=\"wpb_column vc_column_container\"><div class=\"vc_column-inner\"><section class=\"l-section wpb_row height_auto\"><div class=\"l-section-h i-cf\"><div class=\"g-cols vc_row via_grid cols_1 laptops-cols_inherit tablets-cols_inherit mobiles-cols_1 valign_middle type_default stacking_default\"><div class=\"wpb_column vc_column_container\"><div class=\"vc_column-inner\">[vc_raw_html]JTNDYSUyMGhyZWYlM0QlMjJodHRwcyUzQSUyRiUyRnRlc3QucHJvbWluLml0JTJGZnIlMkZjb21wb3NhbnRzLWFjdGlmcyUyRiUyMiUzRSUzQ3Rvcm5hJTIwYSUzRCUyMiUyMiUyMHR1dHRpJTNEJTIyJTIyJTIwaSUzRCUyMiUyMiUyMGNvbXBvbmVudGklM0QlMjIlMjIlMjBhdHRpdmklM0QlMjIlMjIlM0UlM0MlMkZ0b3JuYSUzRSUzQyUyRmElM0U=[\/vc_raw_html]<\/div><\/div><\/div><\/div><\/section>\n<\/div><\/div><\/div><\/div><\/section><section class=\"l-section wpb_row fascia-uno inositolo-pag height_small\"><div class=\"l-section-h i-cf\"><div class=\"g-cols vc_row via_grid cols_2 laptops-cols_inherit tablets-cols_inherit mobiles-cols_1 valign_top type_default stacking_default\"><div class=\"wpb_column vc_column_container\"><div class=\"vc_column-inner\"><div class=\"w-image has_ratio align_none\"><div class=\"w-image-h\"><div style=\"padding-bottom:56.25%\"><\/div><img decoding=\"async\" width=\"1024\" height=\"1024\" src=\"https:\/\/www.promin.it\/wp-content\/uploads\/2024\/10\/castanea-vesca-1024-px.webp\" class=\"attachment-large size-large\" alt=\"\" loading=\"lazy\" srcset=\"https:\/\/www.promin.it\/wp-content\/uploads\/2024\/10\/castanea-vesca-1024-px.webp 1024w, https:\/\/www.promin.it\/wp-content\/uploads\/2024\/10\/castanea-vesca-1024-px-300x300.webp 300w, https:\/\/www.promin.it\/wp-content\/uploads\/2024\/10\/castanea-vesca-1024-px-150x150.webp 150w, https:\/\/www.promin.it\/wp-content\/uploads\/2024\/10\/castanea-vesca-1024-px-600x600.webp 600w\" sizes=\"(max-width: 1024px) 100vw, 1024px\" \/><\/div><\/div><div class=\"w-separator size_medium\"><\/div><div class=\"wpb_text_column\"><div class=\"wpb_wrapper\"><p><em>Description&nbsp;: Castanea Vesca est une plante appartenant \u00e0 la famille des Fagac\u00e9es.<\/em><\/p>\n<p><em>Nom botanique : Castanea vesca GAERTN.<\/em><\/p>\n<p>Castanea vesca ou plus commun\u00e9ment Ch\u00e2taignier est une plante r\u00e9pandue dans toute l\u2019Europe. L\u2019utilisation du fruit est tr\u00e8s ancienne, la ch\u00e2taigne a longtemps \u00e9t\u00e9 la principale ressource alimentaire des populations montagnardes avant l\u2019introduction de la pomme de terre et du ma\u00efs.<\/p>\n<\/div><\/div><\/div><\/div><div class=\"wpb_column vc_column_container\"><div class=\"vc_column-inner\"><div class=\"wpb_text_column\"><div class=\"wpb_wrapper\"><p>Plus r\u00e9cemment, des \u00e9tudes ont \u00e9t\u00e9 men\u00e9es sur l\u2019\u00e9corce et les feuilles de la plante : on a reconnu \u00e0 l\u2019\u00e9corce des propri\u00e9t\u00e9s astringentes et drainantes tandis qu\u2019on a attribu\u00e9 aux feuilles des propri\u00e9t\u00e9s s\u00e9datives contre la toux et l\u00e9g\u00e8rement antiseptiques.<\/p>\n<p>Les constituants les plus int\u00e9ressants de la plante sont les tanins, les flavono\u00efdes, les triterp\u00e8nes, les vitamines C et E, l\u2019inositol, le magn\u00e9sium et le phosphore.<\/p>\n<p>All\u00e9gation de sant\u00e9 (Min Sal. D\u00e9cret 9\/07\/2012) :<br \/> Fluidit\u00e9 des s\u00e9cr\u00e9tions bronchiques.<br \/> R\u00e9gularit\u00e9 du transit intestinal.<br \/> Antioxydant<\/p>\n<p>Promin s\u2019engage \u00e0 choisir quotidiennement des mati\u00e8res premi\u00e8res de valeur absolue, contr\u00f4l\u00e9es et test\u00e9es selon des normes strictes et dans le respect de toutes les exigences l\u00e9gales.<\/p>\n<p><em>Les compl\u00e9ments alimentaires formul\u00e9s et produits par Promin que je contient sont : <a href=\"\/corotuss\/\">COROTUSS<\/a><\/em><\/p>\n<\/div><\/div><\/div><\/div><\/div><\/div><\/section>\n","protected":false},"excerpt":{"rendered":"Castanea vesca [vc_raw_html]JTNDYSUyMGhyZWYlM0QlMjJodHRwcyUzQSUyRiUyRnRlc3QucHJvbWluLml0JTJGZnIlMkZjb21wb3NhbnRzLWFjdGlmcyUyRiUyMiUzRSUzQ3Rvcm5hJTIwYSUzRCUyMiUyMiUyMHR1dHRpJTNEJTIyJTIyJTIwaSUzRCUyMiUyMiUyMGNvbXBvbmVudGklM0QlMjIlMjIlMjBhdHRpdmklM0QlMjIlMjIlM0UlM0MlMkZ0b3JuYSUzRSUzQyUyRmElM0U=[\/vc_raw_html] Description&nbsp;: Castanea Vesca est une plante appartenant \u00e0 la famille des Fagac\u00e9es. Nom botanique : Castanea vesca GAERTN. Castanea vesca ou plus commun\u00e9ment Ch\u00e2taignier est une plante r\u00e9pandue dans toute l\u2019Europe. L\u2019utilisation du fruit est tr\u00e8s ancienne, la ch\u00e2taigne a longtemps \u00e9t\u00e9 la principale ressource alimentaire des populations montagnardes avant l\u2019introduction de...","protected":false},"author":5,"featured_media":19476,"parent":0,"menu_order":0,"comment_status":"closed","ping_status":"closed","template":"","meta":{"_acf_changed":false,"jetpack_post_was_ever_published":false,"footnotes":""},"class_list":["post-19651","page","type-page","status-publish","has-post-thumbnail","hentry"],"acf":[],"yoast_head":"<!-- This site is optimized with the Yoast SEO plugin v23.4 - https:\/\/yoast.com\/wordpress\/plugins\/seo\/ -->\n<title>Castanea Vesca - Promin - Produits de M\u00e9decine Int\u00e9gr\u00e9e<\/title>\n<meta name=\"description\" content=\"La Castanea vesca ou ch\u00e2taigne est une plante r\u00e9pandue dans toute l\u2019Europe... On a attribu\u00e9 aux feuilles des propri\u00e9t\u00e9s antitussives, s\u00e9datives et l\u00e9g\u00e8rement antiseptiques... Les compl\u00e9ments alimentaires Promin qui contiennent Castanea vesca sont...\" \/>\n<meta name=\"robots\" content=\"index, follow, max-snippet:-1, max-image-preview:large, max-video-preview:-1\" \/>\n<link rel=\"canonical\" href=\"https:\/\/www.promin.it\/fr\/castanea-vesca\/\" \/>\n<meta property=\"og:locale\" content=\"fr_FR\" \/>\n<meta property=\"og:type\" content=\"article\" \/>\n<meta property=\"og:title\" content=\"Castanea Vesca - Promin - Produits de M\u00e9decine Int\u00e9gr\u00e9e\" \/>\n<meta property=\"og:description\" content=\"La Castanea vesca ou ch\u00e2taigne est une plante r\u00e9pandue dans toute l\u2019Europe... On a attribu\u00e9 aux feuilles des propri\u00e9t\u00e9s antitussives, s\u00e9datives et l\u00e9g\u00e8rement antiseptiques... Les compl\u00e9ments alimentaires Promin qui contiennent Castanea vesca sont...\" \/>\n<meta property=\"og:url\" content=\"https:\/\/www.promin.it\/fr\/castanea-vesca\/\" \/>\n<meta property=\"og:site_name\" content=\"Promin\" \/>\n<meta property=\"article:publisher\" content=\"https:\/\/www.facebook.com\/prominmed\" \/>\n<meta property=\"article:modified_time\" content=\"2024-11-12T14:27:32+00:00\" \/>\n<meta property=\"og:image\" content=\"https:\/\/www.promin.it\/wp-content\/uploads\/2024\/10\/castanea-vesca-1024-px.webp\" \/>\n\t<meta property=\"og:image:width\" content=\"1024\" \/>\n\t<meta property=\"og:image:height\" content=\"1024\" \/>\n\t<meta property=\"og:image:type\" content=\"image\/webp\" \/>\n<meta name=\"twitter:card\" content=\"summary_large_image\" \/>\n<script type=\"application\/ld+json\" class=\"yoast-schema-graph\">{\"@context\":\"https:\/\/schema.org\",\"@graph\":[{\"@type\":\"WebPage\",\"@id\":\"https:\/\/www.promin.it\/fr\/castanea-vesca\/\",\"url\":\"https:\/\/www.promin.it\/fr\/castanea-vesca\/\",\"name\":\"Castanea Vesca - Promin - Produits de M\u00e9decine Int\u00e9gr\u00e9e\",\"isPartOf\":{\"@id\":\"https:\/\/www.promin.it\/#website\"},\"primaryImageOfPage\":{\"@id\":\"https:\/\/www.promin.it\/fr\/castanea-vesca\/#primaryimage\"},\"image\":{\"@id\":\"https:\/\/www.promin.it\/fr\/castanea-vesca\/#primaryimage\"},\"thumbnailUrl\":\"https:\/\/www.promin.it\/wp-content\/uploads\/2024\/10\/castanea-vesca-1024-px.webp\",\"datePublished\":\"2018-01-17T17:50:46+00:00\",\"dateModified\":\"2024-11-12T14:27:32+00:00\",\"description\":\"La Castanea vesca ou ch\u00e2taigne est une plante r\u00e9pandue dans toute l\u2019Europe... On a attribu\u00e9 aux feuilles des propri\u00e9t\u00e9s antitussives, s\u00e9datives et l\u00e9g\u00e8rement antiseptiques... Les compl\u00e9ments alimentaires Promin qui contiennent Castanea vesca sont...\",\"breadcrumb\":{\"@id\":\"https:\/\/www.promin.it\/fr\/castanea-vesca\/#breadcrumb\"},\"inLanguage\":\"fr-FR\",\"potentialAction\":[{\"@type\":\"ReadAction\",\"target\":[\"https:\/\/www.promin.it\/fr\/castanea-vesca\/\"]}]},{\"@type\":\"ImageObject\",\"inLanguage\":\"fr-FR\",\"@id\":\"https:\/\/www.promin.it\/fr\/castanea-vesca\/#primaryimage\",\"url\":\"https:\/\/www.promin.it\/wp-content\/uploads\/2024\/10\/castanea-vesca-1024-px.webp\",\"contentUrl\":\"https:\/\/www.promin.it\/wp-content\/uploads\/2024\/10\/castanea-vesca-1024-px.webp\",\"width\":1024,\"height\":1024},{\"@type\":\"BreadcrumbList\",\"@id\":\"https:\/\/www.promin.it\/fr\/castanea-vesca\/#breadcrumb\",\"itemListElement\":[{\"@type\":\"ListItem\",\"position\":1,\"name\":\"Accueil\",\"item\":\"https:\/\/www.promin.it\/fr\/\"},{\"@type\":\"ListItem\",\"position\":2,\"name\":\"Castanea vesca\"}]},{\"@type\":\"WebSite\",\"@id\":\"https:\/\/www.promin.it\/#website\",\"url\":\"https:\/\/www.promin.it\/\",\"name\":\"Promin\",\"description\":\"Prodotti Medicina Integrata\",\"publisher\":{\"@id\":\"https:\/\/www.promin.it\/#organization\"},\"potentialAction\":[{\"@type\":\"SearchAction\",\"target\":{\"@type\":\"EntryPoint\",\"urlTemplate\":\"https:\/\/www.promin.it\/?s={search_term_string}\"},\"query-input\":{\"@type\":\"PropertyValueSpecification\",\"valueRequired\":true,\"valueName\":\"search_term_string\"}}],\"inLanguage\":\"fr-FR\"},{\"@type\":\"Organization\",\"@id\":\"https:\/\/www.promin.it\/#organization\",\"name\":\"Promin Srl\",\"alternateName\":\"Promin - Prodotti Medicina Integrata\",\"url\":\"https:\/\/www.promin.it\/\",\"logo\":{\"@type\":\"ImageObject\",\"inLanguage\":\"fr-FR\",\"@id\":\"https:\/\/www.promin.it\/#\/schema\/logo\/image\/\",\"url\":\"https:\/\/www.promin.it\/wp-content\/uploads\/2024\/11\/logo-promin-seo.jpg\",\"contentUrl\":\"https:\/\/www.promin.it\/wp-content\/uploads\/2024\/11\/logo-promin-seo.jpg\",\"width\":512,\"height\":512,\"caption\":\"Promin Srl\"},\"image\":{\"@id\":\"https:\/\/www.promin.it\/#\/schema\/logo\/image\/\"},\"sameAs\":[\"https:\/\/www.facebook.com\/prominmed\",\"https:\/\/www.instagram.com\/promin_medicina_integrata\/\",\"https:\/\/www.linkedin.com\/company\/promin-prodotti-medicina-integrata\/\"]}]}<\/script>\n<!-- \/ Yoast SEO plugin. -->","yoast_head_json":{"title":"Castanea Vesca - Promin - Produits de M\u00e9decine Int\u00e9gr\u00e9e","description":"La Castanea vesca ou ch\u00e2taigne est une plante r\u00e9pandue dans toute l\u2019Europe... On a attribu\u00e9 aux feuilles des propri\u00e9t\u00e9s antitussives, s\u00e9datives et l\u00e9g\u00e8rement antiseptiques... Les compl\u00e9ments alimentaires Promin qui contiennent Castanea vesca sont...","robots":{"index":"index","follow":"follow","max-snippet":"max-snippet:-1","max-image-preview":"max-image-preview:large","max-video-preview":"max-video-preview:-1"},"canonical":"https:\/\/www.promin.it\/fr\/castanea-vesca\/","og_locale":"fr_FR","og_type":"article","og_title":"Castanea Vesca - Promin - Produits de M\u00e9decine Int\u00e9gr\u00e9e","og_description":"La Castanea vesca ou ch\u00e2taigne est une plante r\u00e9pandue dans toute l\u2019Europe... On a attribu\u00e9 aux feuilles des propri\u00e9t\u00e9s antitussives, s\u00e9datives et l\u00e9g\u00e8rement antiseptiques... Les compl\u00e9ments alimentaires Promin qui contiennent Castanea vesca sont...","og_url":"https:\/\/www.promin.it\/fr\/castanea-vesca\/","og_site_name":"Promin","article_publisher":"https:\/\/www.facebook.com\/prominmed","article_modified_time":"2024-11-12T14:27:32+00:00","og_image":[{"width":1024,"height":1024,"url":"https:\/\/www.promin.it\/wp-content\/uploads\/2024\/10\/castanea-vesca-1024-px.webp","type":"image\/webp"}],"twitter_card":"summary_large_image","schema":{"@context":"https:\/\/schema.org","@graph":[{"@type":"WebPage","@id":"https:\/\/www.promin.it\/fr\/castanea-vesca\/","url":"https:\/\/www.promin.it\/fr\/castanea-vesca\/","name":"Castanea Vesca - Promin - Produits de M\u00e9decine Int\u00e9gr\u00e9e","isPartOf":{"@id":"https:\/\/www.promin.it\/#website"},"primaryImageOfPage":{"@id":"https:\/\/www.promin.it\/fr\/castanea-vesca\/#primaryimage"},"image":{"@id":"https:\/\/www.promin.it\/fr\/castanea-vesca\/#primaryimage"},"thumbnailUrl":"https:\/\/www.promin.it\/wp-content\/uploads\/2024\/10\/castanea-vesca-1024-px.webp","datePublished":"2018-01-17T17:50:46+00:00","dateModified":"2024-11-12T14:27:32+00:00","description":"La Castanea vesca ou ch\u00e2taigne est une plante r\u00e9pandue dans toute l\u2019Europe... On a attribu\u00e9 aux feuilles des propri\u00e9t\u00e9s antitussives, s\u00e9datives et l\u00e9g\u00e8rement antiseptiques... Les compl\u00e9ments alimentaires Promin qui contiennent Castanea vesca sont...","breadcrumb":{"@id":"https:\/\/www.promin.it\/fr\/castanea-vesca\/#breadcrumb"},"inLanguage":"fr-FR","potentialAction":[{"@type":"ReadAction","target":["https:\/\/www.promin.it\/fr\/castanea-vesca\/"]}]},{"@type":"ImageObject","inLanguage":"fr-FR","@id":"https:\/\/www.promin.it\/fr\/castanea-vesca\/#primaryimage","url":"https:\/\/www.promin.it\/wp-content\/uploads\/2024\/10\/castanea-vesca-1024-px.webp","contentUrl":"https:\/\/www.promin.it\/wp-content\/uploads\/2024\/10\/castanea-vesca-1024-px.webp","width":1024,"height":1024},{"@type":"BreadcrumbList","@id":"https:\/\/www.promin.it\/fr\/castanea-vesca\/#breadcrumb","itemListElement":[{"@type":"ListItem","position":1,"name":"Accueil","item":"https:\/\/www.promin.it\/fr\/"},{"@type":"ListItem","position":2,"name":"Castanea vesca"}]},{"@type":"WebSite","@id":"https:\/\/www.promin.it\/#website","url":"https:\/\/www.promin.it\/","name":"Promin","description":"Prodotti Medicina Integrata","publisher":{"@id":"https:\/\/www.promin.it\/#organization"},"potentialAction":[{"@type":"SearchAction","target":{"@type":"EntryPoint","urlTemplate":"https:\/\/www.promin.it\/?s={search_term_string}"},"query-input":{"@type":"PropertyValueSpecification","valueRequired":true,"valueName":"search_term_string"}}],"inLanguage":"fr-FR"},{"@type":"Organization","@id":"https:\/\/www.promin.it\/#organization","name":"Promin Srl","alternateName":"Promin - Prodotti Medicina Integrata","url":"https:\/\/www.promin.it\/","logo":{"@type":"ImageObject","inLanguage":"fr-FR","@id":"https:\/\/www.promin.it\/#\/schema\/logo\/image\/","url":"https:\/\/www.promin.it\/wp-content\/uploads\/2024\/11\/logo-promin-seo.jpg","contentUrl":"https:\/\/www.promin.it\/wp-content\/uploads\/2024\/11\/logo-promin-seo.jpg","width":512,"height":512,"caption":"Promin Srl"},"image":{"@id":"https:\/\/www.promin.it\/#\/schema\/logo\/image\/"},"sameAs":["https:\/\/www.facebook.com\/prominmed","https:\/\/www.instagram.com\/promin_medicina_integrata\/","https:\/\/www.linkedin.com\/company\/promin-prodotti-medicina-integrata\/"]}]}},"jetpack_sharing_enabled":true,"jetpack_shortlink":"https:\/\/wp.me\/PaiRmh-56X","_links":{"self":[{"href":"https:\/\/www.promin.it\/fr\/wp-json\/wp\/v2\/pages\/19651"}],"collection":[{"href":"https:\/\/www.promin.it\/fr\/wp-json\/wp\/v2\/pages"}],"about":[{"href":"https:\/\/www.promin.it\/fr\/wp-json\/wp\/v2\/types\/page"}],"author":[{"embeddable":true,"href":"https:\/\/www.promin.it\/fr\/wp-json\/wp\/v2\/users\/5"}],"replies":[{"embeddable":true,"href":"https:\/\/www.promin.it\/fr\/wp-json\/wp\/v2\/comments?post=19651"}],"version-history":[{"count":3,"href":"https:\/\/www.promin.it\/fr\/wp-json\/wp\/v2\/pages\/19651\/revisions"}],"predecessor-version":[{"id":20106,"href":"https:\/\/www.promin.it\/fr\/wp-json\/wp\/v2\/pages\/19651\/revisions\/20106"}],"wp:featuredmedia":[{"embeddable":true,"href":"https:\/\/www.promin.it\/fr\/wp-json\/wp\/v2\/media\/19476"}],"wp:attachment":[{"href":"https:\/\/www.promin.it\/fr\/wp-json\/wp\/v2\/media?parent=19651"}],"curies":[{"name":"wp","href":"https:\/\/api.w.org\/{rel}","templated":true}]}}