{"id":19654,"date":"2018-01-17T18:52:30","date_gmt":"2018-01-17T17:52:30","guid":{"rendered":"https:\/\/www.promin.it\/?page_id=19654"},"modified":"2024-11-12T15:33:34","modified_gmt":"2024-11-12T14:33:34","slug":"chou-de-milan","status":"publish","type":"page","link":"https:\/\/www.promin.it\/fr\/chou-de-milan\/","title":{"rendered":"Chou de Milan"},"content":{"rendered":"<section class=\"l-section wpb_row visore-interno height_auto width_full\"><div class=\"l-section-h i-cf\"><div class=\"g-cols vc_row via_grid cols_1-3 laptops-cols_inherit tablets-cols_inherit mobiles-cols_1 valign_middle type_default stacking_default\" style=\"--gap:0rem;\"><div class=\"wpb_column vc_column_container col-visore\"><div class=\"vc_column-inner\"><div class=\"w-image logo-promin-v align_none\"><div class=\"w-image-h\"><img decoding=\"async\" width=\"268\" height=\"117\" src=\"https:\/\/www.promin.it\/wp-content\/uploads\/2024\/09\/promin-logo-v.svg\" class=\"attachment-large size-large\" alt=\"\" loading=\"lazy\" \/><\/div><\/div><\/div><\/div><div class=\"wpb_column vc_column_container col-img componenti\"><div class=\"vc_column-inner\"><div class=\"wpb_text_column\"><div class=\"wpb_wrapper\"><h1>Chou de Savoie<\/h1>\n<\/div><\/div><\/div><\/div><\/div><\/div><\/section><section class=\"l-section wpb_row fascia-breadcrums height_auto\"><div class=\"l-section-h i-cf\"><div class=\"g-cols vc_row via_grid cols_1 laptops-cols_inherit tablets-cols_inherit mobiles-cols_1 valign_top type_default stacking_default\"><div class=\"wpb_column vc_column_container\"><div class=\"vc_column-inner\"><section class=\"l-section wpb_row height_auto\"><div class=\"l-section-h i-cf\"><div class=\"g-cols vc_row via_grid cols_1 laptops-cols_inherit tablets-cols_inherit mobiles-cols_1 valign_middle type_default stacking_default\"><div class=\"wpb_column vc_column_container\"><div class=\"vc_column-inner\">[vc_raw_html]JTNDYSUyMGhyZWYlM0QlMjJodHRwcyUzQSUyRiUyRnRlc3QucHJvbWluLml0JTJGZnIlMkZjb21wb3NhbnRzLWFjdGlmcyUyRiUyMiUzRSUzQ3Rvcm5hJTIwYSUzRCUyMiUyMiUyMHR1dHRpJTNEJTIyJTIyJTIwaSUzRCUyMiUyMiUyMGNvbXBvbmVudGklM0QlMjIlMjIlMjBhdHRpdmklM0QlMjIlMjIlM0UlM0MlMkZ0b3JuYSUzRSUzQyUyRmElM0U=[\/vc_raw_html]<\/div><\/div><\/div><\/div><\/section>\n<\/div><\/div><\/div><\/div><\/section><section class=\"l-section wpb_row fascia-uno inositolo-pag height_small\"><div class=\"l-section-h i-cf\"><div class=\"g-cols vc_row via_grid cols_2 laptops-cols_inherit tablets-cols_inherit mobiles-cols_1 valign_top type_default stacking_default\"><div class=\"wpb_column vc_column_container\"><div class=\"vc_column-inner\"><div class=\"w-image has_ratio align_none\"><div class=\"w-image-h\"><div style=\"padding-bottom:56.25%\"><\/div><img decoding=\"async\" width=\"1024\" height=\"1024\" src=\"https:\/\/www.promin.it\/wp-content\/uploads\/2024\/10\/cavolo-verza-1024-px.webp\" class=\"attachment-large size-large\" alt=\"\" loading=\"lazy\" srcset=\"https:\/\/www.promin.it\/wp-content\/uploads\/2024\/10\/cavolo-verza-1024-px.webp 1024w, https:\/\/www.promin.it\/wp-content\/uploads\/2024\/10\/cavolo-verza-1024-px-300x300.webp 300w, https:\/\/www.promin.it\/wp-content\/uploads\/2024\/10\/cavolo-verza-1024-px-150x150.webp 150w, https:\/\/www.promin.it\/wp-content\/uploads\/2024\/10\/cavolo-verza-1024-px-600x600.webp 600w\" sizes=\"(max-width: 1024px) 100vw, 1024px\" \/><\/div><\/div><div class=\"w-separator size_medium\"><\/div><div class=\"wpb_text_column\"><div class=\"wpb_wrapper\"><p><em>Description&nbsp;: Le chou de Savoie est une plante herbac\u00e9e appartenant \u00e0 la famille des crucif\u00e8res.<\/em><\/p>\n<p>Nom botanique : Brassica oleracea L.<\/p>\n<p>Le chou de Savoie a une extraordinaire capacit\u00e9 \u00e0 r\u00e9colter, et \u00e0 fixer dans ses tissus, les min\u00e9raux contenus dans le sol, souvent essentiels \u00e0 la nutrition humaine. Les compos\u00e9s min\u00e9raux les plus importants contenus dans la plante sont&nbsp;: le soufre, le calcium, le phosphore, le cuivre, l\u2019iode, le s\u00e9l\u00e9nium et le magn\u00e9sium. Le chou de Savoie contient \u00e9galement de nombreuses vitamines : il est tr\u00e8s riche en vitamine A, mais il existe \u00e9galement des vitamines B, de la vitamine C et d\u2019autres (E, K et J) dans un pourcentage plus faible. De plus, d\u2019autres antioxydants puissants tels que la z\u00e9axanthine, le b\u00eata-carot\u00e8ne et la lut\u00e9ine sont pr\u00e9sents dans la plante.<\/p>\n<\/div><\/div><\/div><\/div><div class=\"wpb_column vc_column_container\"><div class=\"vc_column-inner\"><div class=\"wpb_text_column\"><div class=\"wpb_wrapper\"><p>D\u2019un grand int\u00e9r\u00eat pour la sant\u00e9 est la remarquable vari\u00e9t\u00e9 d\u2019acides amin\u00e9s pr\u00e9sents dans la plante&nbsp;: arginine, acide glutamique, acide aspartique, tryptophane, lysine, m\u00e9thionine et bien d\u2019autres. Selon une \u00e9tude de la facult\u00e9 de m\u00e9decine de l\u2019universit\u00e9 de Stanford, c\u2019est gr\u00e2ce \u00e0 la bonne teneur en glutamine que le chou de Savoie serait utile pour les ulc\u00e8res d\u2019estomac. De plus, l\u2019apport naturel en fibres augmenterait la motilit\u00e9 intestinale en favorisant l\u2019ensemble du processus digestif.<\/p>\n<p><a class=\"w-btn us-btn-style_2 usg_btn_1\" href=\"http:\/\/www.riza.it\/dieta-e-salute\/cibo\/4961\/cavolo-l-ortaggio-che-elimina-stitichezza-e-ulcere.html\" target=\"_blank\" rel=\"noopener\"><span class=\"w-btn-label\">Id\u00e9es<\/span><\/a><\/p>\n<p>All\u00e9gation de sant\u00e9 (Min Sal. D\u00e9cret 9\/07\/2012) : Fonction digestive.<br \/>\nAntioxydant.<br \/>\nR\u00e9guler le fonctionnement du syst\u00e8me cardiovasculaire.<br \/>\nFonction articulaire.<\/p>\n<p>Promin s\u2019engage \u00e0 choisir quotidiennement des mati\u00e8res premi\u00e8res de valeur absolue, contr\u00f4l\u00e9es et test\u00e9es selon des normes strictes et dans le respect de toutes les exigences l\u00e9gales.<\/p>\n<p><em>Les compl\u00e9ments alimentaires formul\u00e9s et produits par Promin que je contient sont : <a href=\"https:\/\/www.promin.it\/fr\/?post_type=product&#038;p=19388\">FITO GASTROLENE<\/a><\/em><\/p>\n<\/div><\/div><\/div><\/div><\/div><\/div><\/section>\n","protected":false},"excerpt":{"rendered":"Chou de Savoie [vc_raw_html]JTNDYSUyMGhyZWYlM0QlMjJodHRwcyUzQSUyRiUyRnRlc3QucHJvbWluLml0JTJGZnIlMkZjb21wb3NhbnRzLWFjdGlmcyUyRiUyMiUzRSUzQ3Rvcm5hJTIwYSUzRCUyMiUyMiUyMHR1dHRpJTNEJTIyJTIyJTIwaSUzRCUyMiUyMiUyMGNvbXBvbmVudGklM0QlMjIlMjIlMjBhdHRpdmklM0QlMjIlMjIlM0UlM0MlMkZ0b3JuYSUzRSUzQyUyRmElM0U=[\/vc_raw_html] Description&nbsp;: Le chou de Savoie est une plante herbac\u00e9e appartenant \u00e0 la famille des crucif\u00e8res. Nom botanique : Brassica oleracea L. Le chou de Savoie a une extraordinaire capacit\u00e9 \u00e0 r\u00e9colter, et \u00e0 fixer dans ses tissus, les min\u00e9raux contenus dans le sol, souvent essentiels \u00e0 la nutrition humaine. Les compos\u00e9s...","protected":false},"author":5,"featured_media":19482,"parent":0,"menu_order":0,"comment_status":"closed","ping_status":"closed","template":"","meta":{"_acf_changed":false,"jetpack_post_was_ever_published":false,"footnotes":""},"class_list":["post-19654","page","type-page","status-publish","has-post-thumbnail","hentry"],"acf":[],"yoast_head":"<!-- This site is optimized with the Yoast SEO plugin v23.4 - https:\/\/yoast.com\/wordpress\/plugins\/seo\/ -->\n<title>Chou de Savoie Compl\u00e9ments alimentaires - Promin - Produits de M\u00e9decine Int\u00e9grative<\/title>\n<meta name=\"description\" content=\"Le chou de Savoie contient de nombreux sels min\u00e9raux, vitamines et acides amin\u00e9s d\u2019int\u00e9r\u00eat pour la sant\u00e9 qui peuvent favoriser le processus digestif tant dans les zones gastriques qu\u2019intestinales... Les compl\u00e9ments alimentaires Promin qui contiennent du chou de Savoie sont...\" \/>\n<meta name=\"robots\" content=\"index, follow, max-snippet:-1, max-image-preview:large, max-video-preview:-1\" \/>\n<link rel=\"canonical\" href=\"https:\/\/www.promin.it\/fr\/chou-de-milan\/\" \/>\n<meta property=\"og:locale\" content=\"fr_FR\" \/>\n<meta property=\"og:type\" content=\"article\" \/>\n<meta property=\"og:title\" content=\"Chou de Savoie Compl\u00e9ments alimentaires - Promin - Produits de M\u00e9decine Int\u00e9grative\" \/>\n<meta property=\"og:description\" content=\"Le chou de Savoie contient de nombreux sels min\u00e9raux, vitamines et acides amin\u00e9s d\u2019int\u00e9r\u00eat pour la sant\u00e9 qui peuvent favoriser le processus digestif tant dans les zones gastriques qu\u2019intestinales... Les compl\u00e9ments alimentaires Promin qui contiennent du chou de Savoie sont...\" \/>\n<meta property=\"og:url\" content=\"https:\/\/www.promin.it\/fr\/chou-de-milan\/\" \/>\n<meta property=\"og:site_name\" content=\"Promin\" \/>\n<meta property=\"article:publisher\" content=\"https:\/\/www.facebook.com\/prominmed\" \/>\n<meta property=\"article:modified_time\" content=\"2024-11-12T14:33:34+00:00\" \/>\n<meta property=\"og:image\" content=\"https:\/\/www.promin.it\/wp-content\/uploads\/2024\/10\/cavolo-verza-1024-px.webp\" \/>\n\t<meta property=\"og:image:width\" content=\"1024\" \/>\n\t<meta property=\"og:image:height\" content=\"1024\" \/>\n\t<meta property=\"og:image:type\" content=\"image\/webp\" \/>\n<meta name=\"twitter:card\" content=\"summary_large_image\" \/>\n<script type=\"application\/ld+json\" class=\"yoast-schema-graph\">{\"@context\":\"https:\/\/schema.org\",\"@graph\":[{\"@type\":\"WebPage\",\"@id\":\"https:\/\/www.promin.it\/fr\/chou-de-milan\/\",\"url\":\"https:\/\/www.promin.it\/fr\/chou-de-milan\/\",\"name\":\"Chou de Savoie Compl\u00e9ments alimentaires - Promin - Produits de M\u00e9decine Int\u00e9grative\",\"isPartOf\":{\"@id\":\"https:\/\/www.promin.it\/#website\"},\"primaryImageOfPage\":{\"@id\":\"https:\/\/www.promin.it\/fr\/chou-de-milan\/#primaryimage\"},\"image\":{\"@id\":\"https:\/\/www.promin.it\/fr\/chou-de-milan\/#primaryimage\"},\"thumbnailUrl\":\"https:\/\/www.promin.it\/wp-content\/uploads\/2024\/10\/cavolo-verza-1024-px.webp\",\"datePublished\":\"2018-01-17T17:52:30+00:00\",\"dateModified\":\"2024-11-12T14:33:34+00:00\",\"description\":\"Le chou de Savoie contient de nombreux sels min\u00e9raux, vitamines et acides amin\u00e9s d\u2019int\u00e9r\u00eat pour la sant\u00e9 qui peuvent favoriser le processus digestif tant dans les zones gastriques qu\u2019intestinales... Les compl\u00e9ments alimentaires Promin qui contiennent du chou de Savoie sont...\",\"breadcrumb\":{\"@id\":\"https:\/\/www.promin.it\/fr\/chou-de-milan\/#breadcrumb\"},\"inLanguage\":\"fr-FR\",\"potentialAction\":[{\"@type\":\"ReadAction\",\"target\":[\"https:\/\/www.promin.it\/fr\/chou-de-milan\/\"]}]},{\"@type\":\"ImageObject\",\"inLanguage\":\"fr-FR\",\"@id\":\"https:\/\/www.promin.it\/fr\/chou-de-milan\/#primaryimage\",\"url\":\"https:\/\/www.promin.it\/wp-content\/uploads\/2024\/10\/cavolo-verza-1024-px.webp\",\"contentUrl\":\"https:\/\/www.promin.it\/wp-content\/uploads\/2024\/10\/cavolo-verza-1024-px.webp\",\"width\":1024,\"height\":1024},{\"@type\":\"BreadcrumbList\",\"@id\":\"https:\/\/www.promin.it\/fr\/chou-de-milan\/#breadcrumb\",\"itemListElement\":[{\"@type\":\"ListItem\",\"position\":1,\"name\":\"Accueil\",\"item\":\"https:\/\/www.promin.it\/fr\/\"},{\"@type\":\"ListItem\",\"position\":2,\"name\":\"Chou de Milan\"}]},{\"@type\":\"WebSite\",\"@id\":\"https:\/\/www.promin.it\/#website\",\"url\":\"https:\/\/www.promin.it\/\",\"name\":\"Promin\",\"description\":\"Prodotti Medicina Integrata\",\"publisher\":{\"@id\":\"https:\/\/www.promin.it\/#organization\"},\"potentialAction\":[{\"@type\":\"SearchAction\",\"target\":{\"@type\":\"EntryPoint\",\"urlTemplate\":\"https:\/\/www.promin.it\/?s={search_term_string}\"},\"query-input\":{\"@type\":\"PropertyValueSpecification\",\"valueRequired\":true,\"valueName\":\"search_term_string\"}}],\"inLanguage\":\"fr-FR\"},{\"@type\":\"Organization\",\"@id\":\"https:\/\/www.promin.it\/#organization\",\"name\":\"Promin Srl\",\"alternateName\":\"Promin - Prodotti Medicina Integrata\",\"url\":\"https:\/\/www.promin.it\/\",\"logo\":{\"@type\":\"ImageObject\",\"inLanguage\":\"fr-FR\",\"@id\":\"https:\/\/www.promin.it\/#\/schema\/logo\/image\/\",\"url\":\"https:\/\/www.promin.it\/wp-content\/uploads\/2024\/11\/logo-promin-seo.jpg\",\"contentUrl\":\"https:\/\/www.promin.it\/wp-content\/uploads\/2024\/11\/logo-promin-seo.jpg\",\"width\":512,\"height\":512,\"caption\":\"Promin Srl\"},\"image\":{\"@id\":\"https:\/\/www.promin.it\/#\/schema\/logo\/image\/\"},\"sameAs\":[\"https:\/\/www.facebook.com\/prominmed\",\"https:\/\/www.instagram.com\/promin_medicina_integrata\/\",\"https:\/\/www.linkedin.com\/company\/promin-prodotti-medicina-integrata\/\"]}]}<\/script>\n<!-- \/ Yoast SEO plugin. -->","yoast_head_json":{"title":"Chou de Savoie Compl\u00e9ments alimentaires - Promin - Produits de M\u00e9decine Int\u00e9grative","description":"Le chou de Savoie contient de nombreux sels min\u00e9raux, vitamines et acides amin\u00e9s d\u2019int\u00e9r\u00eat pour la sant\u00e9 qui peuvent favoriser le processus digestif tant dans les zones gastriques qu\u2019intestinales... Les compl\u00e9ments alimentaires Promin qui contiennent du chou de Savoie sont...","robots":{"index":"index","follow":"follow","max-snippet":"max-snippet:-1","max-image-preview":"max-image-preview:large","max-video-preview":"max-video-preview:-1"},"canonical":"https:\/\/www.promin.it\/fr\/chou-de-milan\/","og_locale":"fr_FR","og_type":"article","og_title":"Chou de Savoie Compl\u00e9ments alimentaires - Promin - Produits de M\u00e9decine Int\u00e9grative","og_description":"Le chou de Savoie contient de nombreux sels min\u00e9raux, vitamines et acides amin\u00e9s d\u2019int\u00e9r\u00eat pour la sant\u00e9 qui peuvent favoriser le processus digestif tant dans les zones gastriques qu\u2019intestinales... Les compl\u00e9ments alimentaires Promin qui contiennent du chou de Savoie sont...","og_url":"https:\/\/www.promin.it\/fr\/chou-de-milan\/","og_site_name":"Promin","article_publisher":"https:\/\/www.facebook.com\/prominmed","article_modified_time":"2024-11-12T14:33:34+00:00","og_image":[{"width":1024,"height":1024,"url":"https:\/\/www.promin.it\/wp-content\/uploads\/2024\/10\/cavolo-verza-1024-px.webp","type":"image\/webp"}],"twitter_card":"summary_large_image","schema":{"@context":"https:\/\/schema.org","@graph":[{"@type":"WebPage","@id":"https:\/\/www.promin.it\/fr\/chou-de-milan\/","url":"https:\/\/www.promin.it\/fr\/chou-de-milan\/","name":"Chou de Savoie Compl\u00e9ments alimentaires - Promin - Produits de M\u00e9decine Int\u00e9grative","isPartOf":{"@id":"https:\/\/www.promin.it\/#website"},"primaryImageOfPage":{"@id":"https:\/\/www.promin.it\/fr\/chou-de-milan\/#primaryimage"},"image":{"@id":"https:\/\/www.promin.it\/fr\/chou-de-milan\/#primaryimage"},"thumbnailUrl":"https:\/\/www.promin.it\/wp-content\/uploads\/2024\/10\/cavolo-verza-1024-px.webp","datePublished":"2018-01-17T17:52:30+00:00","dateModified":"2024-11-12T14:33:34+00:00","description":"Le chou de Savoie contient de nombreux sels min\u00e9raux, vitamines et acides amin\u00e9s d\u2019int\u00e9r\u00eat pour la sant\u00e9 qui peuvent favoriser le processus digestif tant dans les zones gastriques qu\u2019intestinales... Les compl\u00e9ments alimentaires Promin qui contiennent du chou de Savoie sont...","breadcrumb":{"@id":"https:\/\/www.promin.it\/fr\/chou-de-milan\/#breadcrumb"},"inLanguage":"fr-FR","potentialAction":[{"@type":"ReadAction","target":["https:\/\/www.promin.it\/fr\/chou-de-milan\/"]}]},{"@type":"ImageObject","inLanguage":"fr-FR","@id":"https:\/\/www.promin.it\/fr\/chou-de-milan\/#primaryimage","url":"https:\/\/www.promin.it\/wp-content\/uploads\/2024\/10\/cavolo-verza-1024-px.webp","contentUrl":"https:\/\/www.promin.it\/wp-content\/uploads\/2024\/10\/cavolo-verza-1024-px.webp","width":1024,"height":1024},{"@type":"BreadcrumbList","@id":"https:\/\/www.promin.it\/fr\/chou-de-milan\/#breadcrumb","itemListElement":[{"@type":"ListItem","position":1,"name":"Accueil","item":"https:\/\/www.promin.it\/fr\/"},{"@type":"ListItem","position":2,"name":"Chou de Milan"}]},{"@type":"WebSite","@id":"https:\/\/www.promin.it\/#website","url":"https:\/\/www.promin.it\/","name":"Promin","description":"Prodotti Medicina Integrata","publisher":{"@id":"https:\/\/www.promin.it\/#organization"},"potentialAction":[{"@type":"SearchAction","target":{"@type":"EntryPoint","urlTemplate":"https:\/\/www.promin.it\/?s={search_term_string}"},"query-input":{"@type":"PropertyValueSpecification","valueRequired":true,"valueName":"search_term_string"}}],"inLanguage":"fr-FR"},{"@type":"Organization","@id":"https:\/\/www.promin.it\/#organization","name":"Promin Srl","alternateName":"Promin - Prodotti Medicina Integrata","url":"https:\/\/www.promin.it\/","logo":{"@type":"ImageObject","inLanguage":"fr-FR","@id":"https:\/\/www.promin.it\/#\/schema\/logo\/image\/","url":"https:\/\/www.promin.it\/wp-content\/uploads\/2024\/11\/logo-promin-seo.jpg","contentUrl":"https:\/\/www.promin.it\/wp-content\/uploads\/2024\/11\/logo-promin-seo.jpg","width":512,"height":512,"caption":"Promin Srl"},"image":{"@id":"https:\/\/www.promin.it\/#\/schema\/logo\/image\/"},"sameAs":["https:\/\/www.facebook.com\/prominmed","https:\/\/www.instagram.com\/promin_medicina_integrata\/","https:\/\/www.linkedin.com\/company\/promin-prodotti-medicina-integrata\/"]}]}},"jetpack_sharing_enabled":true,"jetpack_shortlink":"https:\/\/wp.me\/PaiRmh-570","_links":{"self":[{"href":"https:\/\/www.promin.it\/fr\/wp-json\/wp\/v2\/pages\/19654"}],"collection":[{"href":"https:\/\/www.promin.it\/fr\/wp-json\/wp\/v2\/pages"}],"about":[{"href":"https:\/\/www.promin.it\/fr\/wp-json\/wp\/v2\/types\/page"}],"author":[{"embeddable":true,"href":"https:\/\/www.promin.it\/fr\/wp-json\/wp\/v2\/users\/5"}],"replies":[{"embeddable":true,"href":"https:\/\/www.promin.it\/fr\/wp-json\/wp\/v2\/comments?post=19654"}],"version-history":[{"count":3,"href":"https:\/\/www.promin.it\/fr\/wp-json\/wp\/v2\/pages\/19654\/revisions"}],"predecessor-version":[{"id":20107,"href":"https:\/\/www.promin.it\/fr\/wp-json\/wp\/v2\/pages\/19654\/revisions\/20107"}],"wp:featuredmedia":[{"embeddable":true,"href":"https:\/\/www.promin.it\/fr\/wp-json\/wp\/v2\/media\/19482"}],"wp:attachment":[{"href":"https:\/\/www.promin.it\/fr\/wp-json\/wp\/v2\/media?parent=19654"}],"curies":[{"name":"wp","href":"https:\/\/api.w.org\/{rel}","templated":true}]}}