{"id":19657,"date":"2018-01-17T18:56:55","date_gmt":"2018-01-17T17:56:55","guid":{"rendered":"https:\/\/www.promin.it\/?page_id=19657"},"modified":"2024-11-12T15:34:12","modified_gmt":"2024-11-12T14:34:12","slug":"choline","status":"publish","type":"page","link":"https:\/\/www.promin.it\/fr\/choline\/","title":{"rendered":"Choline"},"content":{"rendered":"<section class=\"l-section wpb_row visore-interno height_auto width_full\"><div class=\"l-section-h i-cf\"><div class=\"g-cols vc_row via_grid cols_1-3 laptops-cols_inherit tablets-cols_inherit mobiles-cols_1 valign_middle type_default stacking_default\" style=\"--gap:0rem;\"><div class=\"wpb_column vc_column_container col-visore\"><div class=\"vc_column-inner\"><div class=\"w-image logo-promin-v align_none\"><div class=\"w-image-h\"><img decoding=\"async\" width=\"268\" height=\"117\" src=\"https:\/\/www.promin.it\/wp-content\/uploads\/2024\/09\/promin-logo-v.svg\" class=\"attachment-large size-large\" alt=\"\" loading=\"lazy\" \/><\/div><\/div><\/div><\/div><div class=\"wpb_column vc_column_container col-img componenti\"><div class=\"vc_column-inner\"><div class=\"wpb_text_column\"><div class=\"wpb_wrapper\"><h1>Choline<\/h1>\n<\/div><\/div><\/div><\/div><\/div><\/div><\/section><section class=\"l-section wpb_row fascia-breadcrums height_auto\"><div class=\"l-section-h i-cf\"><div class=\"g-cols vc_row via_grid cols_1 laptops-cols_inherit tablets-cols_inherit mobiles-cols_1 valign_top type_default stacking_default\"><div class=\"wpb_column vc_column_container\"><div class=\"vc_column-inner\"><section class=\"l-section wpb_row height_auto\"><div class=\"l-section-h i-cf\"><div class=\"g-cols vc_row via_grid cols_1 laptops-cols_inherit tablets-cols_inherit mobiles-cols_1 valign_middle type_default stacking_default\"><div class=\"wpb_column vc_column_container\"><div class=\"vc_column-inner\">[vc_raw_html]JTNDYSUyMGhyZWYlM0QlMjJodHRwcyUzQSUyRiUyRnRlc3QucHJvbWluLml0JTJGZnIlMkZjb21wb3NhbnRzLWFjdGlmcyUyRiUyMiUzRSUzQ3Rvcm5hJTIwYSUzRCUyMiUyMiUyMHR1dHRpJTNEJTIyJTIyJTIwaSUzRCUyMiUyMiUyMGNvbXBvbmVudGklM0QlMjIlMjIlMjBhdHRpdmklM0QlMjIlMjIlM0UlM0MlMkZ0b3JuYSUzRSUzQyUyRmElM0U=[\/vc_raw_html]<\/div><\/div><\/div><\/div><\/section>\n<\/div><\/div><\/div><\/div><\/section><section class=\"l-section wpb_row fascia-uno inositolo-pag height_small\"><div class=\"l-section-h i-cf\"><div class=\"g-cols vc_row via_grid cols_2 laptops-cols_inherit tablets-cols_inherit mobiles-cols_1 valign_top type_default stacking_default\"><div class=\"wpb_column vc_column_container\"><div class=\"vc_column-inner\"><div class=\"w-image has_ratio align_none\"><div class=\"w-image-h\"><div style=\"padding-bottom:56.25%\"><\/div><img decoding=\"async\" width=\"1024\" height=\"1024\" src=\"https:\/\/www.promin.it\/wp-content\/uploads\/2024\/10\/tuorlo-2-1024-formula-colina-px.webp\" class=\"attachment-large size-large\" alt=\"\" loading=\"lazy\" srcset=\"https:\/\/www.promin.it\/wp-content\/uploads\/2024\/10\/tuorlo-2-1024-formula-colina-px.webp 1024w, https:\/\/www.promin.it\/wp-content\/uploads\/2024\/10\/tuorlo-2-1024-formula-colina-px-300x300.webp 300w, https:\/\/www.promin.it\/wp-content\/uploads\/2024\/10\/tuorlo-2-1024-formula-colina-px-150x150.webp 150w, https:\/\/www.promin.it\/wp-content\/uploads\/2024\/10\/tuorlo-2-1024-formula-colina-px-600x600.webp 600w\" sizes=\"(max-width: 1024px) 100vw, 1024px\" \/><\/div><\/div><div class=\"w-separator size_medium\"><\/div><div class=\"wpb_text_column\"><div class=\"wpb_wrapper\"><p><em>Description&nbsp;: La choline est une substance organique class\u00e9e comme nutriment essentiel.<\/em><\/p>\n<p>Classification scientifique : il s\u2019agit d\u2019un sel d\u2019ammonium quaternaire.<\/p>\n<p>C\u2019est un nutriment essentiel largement distribu\u00e9 dans l\u2019alimentation, notamment sous forme de phosphatidylcholine (l\u00e9cithine) et de phospholipide sphingomy\u00e9line (composants des membranes biologiques), mais aussi sous forme de choline libre.<\/p>\n<\/div><\/div><\/div><\/div><div class=\"wpb_column vc_column_container\"><div class=\"vc_column-inner\"><div class=\"wpb_text_column\"><div class=\"wpb_wrapper\"><p>Ce nutriment est sans aucun doute crucial pour la structure et le fonctionnement de toutes les cellules vivantes, il est en fait un constituant des phospholipides qui composent la membrane cellulaire et du neurotransmetteur ac\u00e9tylcholine.<\/p>\n<p>Cette mol\u00e9cule joue de nombreux r\u00f4les d\u2019une importance absolue dans le corps humain.<\/p>\n<p>Revendication selon 432-2012 :<\/p>\n<p>Contribue au m\u00e9tabolisme normal de l\u2019homocyst\u00e9ine.<br \/>  M\u00e9tabolisme lipidique normal.<br \/>  Maintien d\u2019une fonction h\u00e9patique normale.<\/p>\n<p>Promin s\u2019engage \u00e0 choisir quotidiennement des mati\u00e8res premi\u00e8res de valeur absolue, contr\u00f4l\u00e9es et test\u00e9es selon des normes strictes et dans le respect de toutes les exigences l\u00e9gales.<\/p>\n<p><em>Les compl\u00e9ments alimentaires formul\u00e9s et produits par Promin que je contient sont : <a href=\"https:\/\/www.promin.it\/fr\/?post_type=schede_prodotto&#038;p=19220\">INOSIMA COMPLEX<\/a><\/em><\/p>\n<\/div><\/div><\/div><\/div><\/div><\/div><\/section>\n","protected":false},"excerpt":{"rendered":"Choline [vc_raw_html]JTNDYSUyMGhyZWYlM0QlMjJodHRwcyUzQSUyRiUyRnRlc3QucHJvbWluLml0JTJGZnIlMkZjb21wb3NhbnRzLWFjdGlmcyUyRiUyMiUzRSUzQ3Rvcm5hJTIwYSUzRCUyMiUyMiUyMHR1dHRpJTNEJTIyJTIyJTIwaSUzRCUyMiUyMiUyMGNvbXBvbmVudGklM0QlMjIlMjIlMjBhdHRpdmklM0QlMjIlMjIlM0UlM0MlMkZ0b3JuYSUzRSUzQyUyRmElM0U=[\/vc_raw_html] Description&nbsp;: La choline est une substance organique class\u00e9e comme nutriment essentiel. Classification scientifique : il s\u2019agit d\u2019un sel d\u2019ammonium quaternaire. C\u2019est un nutriment essentiel largement distribu\u00e9 dans l\u2019alimentation, notamment sous forme de phosphatidylcholine (l\u00e9cithine) et de phospholipide sphingomy\u00e9line (composants des membranes biologiques), mais aussi sous forme de choline libre. Ce nutriment est sans...","protected":false},"author":5,"featured_media":19487,"parent":0,"menu_order":0,"comment_status":"closed","ping_status":"closed","template":"","meta":{"_acf_changed":false,"jetpack_post_was_ever_published":false,"footnotes":""},"class_list":["post-19657","page","type-page","status-publish","has-post-thumbnail","hentry"],"acf":[],"yoast_head":"<!-- This site is optimized with the Yoast SEO plugin v23.4 - https:\/\/yoast.com\/wordpress\/plugins\/seo\/ -->\n<title>Compl\u00e9ments alimentaires \u00e0 la choline - Promin - Produits m\u00e9dicaux int\u00e9gratifs<\/title>\n<meta name=\"description\" content=\"La choline est un composant essentiel largement r\u00e9pandu dans les aliments et contribue au maintien d\u2019une fonction h\u00e9patique normale, d\u2019un m\u00e9tabolisme normal des lipides et du m\u00e9tabolisme des ressources naturelles naturelles. Les compl\u00e9ments alimentaires Promin qui contiennent de la choline sont...\" \/>\n<meta name=\"robots\" content=\"index, follow, max-snippet:-1, max-image-preview:large, max-video-preview:-1\" \/>\n<link rel=\"canonical\" href=\"https:\/\/www.promin.it\/fr\/choline\/\" \/>\n<meta property=\"og:locale\" content=\"fr_FR\" \/>\n<meta property=\"og:type\" content=\"article\" \/>\n<meta property=\"og:title\" content=\"Compl\u00e9ments alimentaires \u00e0 la choline - Promin - Produits m\u00e9dicaux int\u00e9gratifs\" \/>\n<meta property=\"og:description\" content=\"La choline est un composant essentiel largement r\u00e9pandu dans les aliments et contribue au maintien d\u2019une fonction h\u00e9patique normale, d\u2019un m\u00e9tabolisme normal des lipides et du m\u00e9tabolisme des ressources naturelles naturelles. Les compl\u00e9ments alimentaires Promin qui contiennent de la choline sont...\" \/>\n<meta property=\"og:url\" content=\"https:\/\/www.promin.it\/fr\/choline\/\" \/>\n<meta property=\"og:site_name\" content=\"Promin\" \/>\n<meta property=\"article:publisher\" content=\"https:\/\/www.facebook.com\/prominmed\" \/>\n<meta property=\"article:modified_time\" content=\"2024-11-12T14:34:12+00:00\" \/>\n<meta property=\"og:image\" content=\"https:\/\/www.promin.it\/wp-content\/uploads\/2024\/10\/tuorlo-2-1024-formula-colina-px.webp\" \/>\n\t<meta property=\"og:image:width\" content=\"1024\" \/>\n\t<meta property=\"og:image:height\" content=\"1024\" \/>\n\t<meta property=\"og:image:type\" content=\"image\/webp\" \/>\n<meta name=\"twitter:card\" content=\"summary_large_image\" \/>\n<script type=\"application\/ld+json\" class=\"yoast-schema-graph\">{\"@context\":\"https:\/\/schema.org\",\"@graph\":[{\"@type\":\"WebPage\",\"@id\":\"https:\/\/www.promin.it\/fr\/choline\/\",\"url\":\"https:\/\/www.promin.it\/fr\/choline\/\",\"name\":\"Compl\u00e9ments alimentaires \u00e0 la choline - Promin - Produits m\u00e9dicaux int\u00e9gratifs\",\"isPartOf\":{\"@id\":\"https:\/\/www.promin.it\/#website\"},\"primaryImageOfPage\":{\"@id\":\"https:\/\/www.promin.it\/fr\/choline\/#primaryimage\"},\"image\":{\"@id\":\"https:\/\/www.promin.it\/fr\/choline\/#primaryimage\"},\"thumbnailUrl\":\"https:\/\/www.promin.it\/wp-content\/uploads\/2024\/10\/tuorlo-2-1024-formula-colina-px.webp\",\"datePublished\":\"2018-01-17T17:56:55+00:00\",\"dateModified\":\"2024-11-12T14:34:12+00:00\",\"description\":\"La choline est un composant essentiel largement r\u00e9pandu dans les aliments et contribue au maintien d\u2019une fonction h\u00e9patique normale, d\u2019un m\u00e9tabolisme normal des lipides et du m\u00e9tabolisme des ressources naturelles naturelles. Les compl\u00e9ments alimentaires Promin qui contiennent de la choline sont...\",\"breadcrumb\":{\"@id\":\"https:\/\/www.promin.it\/fr\/choline\/#breadcrumb\"},\"inLanguage\":\"fr-FR\",\"potentialAction\":[{\"@type\":\"ReadAction\",\"target\":[\"https:\/\/www.promin.it\/fr\/choline\/\"]}]},{\"@type\":\"ImageObject\",\"inLanguage\":\"fr-FR\",\"@id\":\"https:\/\/www.promin.it\/fr\/choline\/#primaryimage\",\"url\":\"https:\/\/www.promin.it\/wp-content\/uploads\/2024\/10\/tuorlo-2-1024-formula-colina-px.webp\",\"contentUrl\":\"https:\/\/www.promin.it\/wp-content\/uploads\/2024\/10\/tuorlo-2-1024-formula-colina-px.webp\",\"width\":1024,\"height\":1024},{\"@type\":\"BreadcrumbList\",\"@id\":\"https:\/\/www.promin.it\/fr\/choline\/#breadcrumb\",\"itemListElement\":[{\"@type\":\"ListItem\",\"position\":1,\"name\":\"Accueil\",\"item\":\"https:\/\/www.promin.it\/fr\/\"},{\"@type\":\"ListItem\",\"position\":2,\"name\":\"Choline\"}]},{\"@type\":\"WebSite\",\"@id\":\"https:\/\/www.promin.it\/#website\",\"url\":\"https:\/\/www.promin.it\/\",\"name\":\"Promin\",\"description\":\"Prodotti Medicina Integrata\",\"publisher\":{\"@id\":\"https:\/\/www.promin.it\/#organization\"},\"potentialAction\":[{\"@type\":\"SearchAction\",\"target\":{\"@type\":\"EntryPoint\",\"urlTemplate\":\"https:\/\/www.promin.it\/?s={search_term_string}\"},\"query-input\":{\"@type\":\"PropertyValueSpecification\",\"valueRequired\":true,\"valueName\":\"search_term_string\"}}],\"inLanguage\":\"fr-FR\"},{\"@type\":\"Organization\",\"@id\":\"https:\/\/www.promin.it\/#organization\",\"name\":\"Promin Srl\",\"alternateName\":\"Promin - Prodotti Medicina Integrata\",\"url\":\"https:\/\/www.promin.it\/\",\"logo\":{\"@type\":\"ImageObject\",\"inLanguage\":\"fr-FR\",\"@id\":\"https:\/\/www.promin.it\/#\/schema\/logo\/image\/\",\"url\":\"https:\/\/www.promin.it\/wp-content\/uploads\/2024\/11\/logo-promin-seo.jpg\",\"contentUrl\":\"https:\/\/www.promin.it\/wp-content\/uploads\/2024\/11\/logo-promin-seo.jpg\",\"width\":512,\"height\":512,\"caption\":\"Promin Srl\"},\"image\":{\"@id\":\"https:\/\/www.promin.it\/#\/schema\/logo\/image\/\"},\"sameAs\":[\"https:\/\/www.facebook.com\/prominmed\",\"https:\/\/www.instagram.com\/promin_medicina_integrata\/\",\"https:\/\/www.linkedin.com\/company\/promin-prodotti-medicina-integrata\/\"]}]}<\/script>\n<!-- \/ Yoast SEO plugin. -->","yoast_head_json":{"title":"Compl\u00e9ments alimentaires \u00e0 la choline - Promin - Produits m\u00e9dicaux int\u00e9gratifs","description":"La choline est un composant essentiel largement r\u00e9pandu dans les aliments et contribue au maintien d\u2019une fonction h\u00e9patique normale, d\u2019un m\u00e9tabolisme normal des lipides et du m\u00e9tabolisme des ressources naturelles naturelles. Les compl\u00e9ments alimentaires Promin qui contiennent de la choline sont...","robots":{"index":"index","follow":"follow","max-snippet":"max-snippet:-1","max-image-preview":"max-image-preview:large","max-video-preview":"max-video-preview:-1"},"canonical":"https:\/\/www.promin.it\/fr\/choline\/","og_locale":"fr_FR","og_type":"article","og_title":"Compl\u00e9ments alimentaires \u00e0 la choline - Promin - Produits m\u00e9dicaux int\u00e9gratifs","og_description":"La choline est un composant essentiel largement r\u00e9pandu dans les aliments et contribue au maintien d\u2019une fonction h\u00e9patique normale, d\u2019un m\u00e9tabolisme normal des lipides et du m\u00e9tabolisme des ressources naturelles naturelles. Les compl\u00e9ments alimentaires Promin qui contiennent de la choline sont...","og_url":"https:\/\/www.promin.it\/fr\/choline\/","og_site_name":"Promin","article_publisher":"https:\/\/www.facebook.com\/prominmed","article_modified_time":"2024-11-12T14:34:12+00:00","og_image":[{"width":1024,"height":1024,"url":"https:\/\/www.promin.it\/wp-content\/uploads\/2024\/10\/tuorlo-2-1024-formula-colina-px.webp","type":"image\/webp"}],"twitter_card":"summary_large_image","schema":{"@context":"https:\/\/schema.org","@graph":[{"@type":"WebPage","@id":"https:\/\/www.promin.it\/fr\/choline\/","url":"https:\/\/www.promin.it\/fr\/choline\/","name":"Compl\u00e9ments alimentaires \u00e0 la choline - Promin - Produits m\u00e9dicaux int\u00e9gratifs","isPartOf":{"@id":"https:\/\/www.promin.it\/#website"},"primaryImageOfPage":{"@id":"https:\/\/www.promin.it\/fr\/choline\/#primaryimage"},"image":{"@id":"https:\/\/www.promin.it\/fr\/choline\/#primaryimage"},"thumbnailUrl":"https:\/\/www.promin.it\/wp-content\/uploads\/2024\/10\/tuorlo-2-1024-formula-colina-px.webp","datePublished":"2018-01-17T17:56:55+00:00","dateModified":"2024-11-12T14:34:12+00:00","description":"La choline est un composant essentiel largement r\u00e9pandu dans les aliments et contribue au maintien d\u2019une fonction h\u00e9patique normale, d\u2019un m\u00e9tabolisme normal des lipides et du m\u00e9tabolisme des ressources naturelles naturelles. Les compl\u00e9ments alimentaires Promin qui contiennent de la choline sont...","breadcrumb":{"@id":"https:\/\/www.promin.it\/fr\/choline\/#breadcrumb"},"inLanguage":"fr-FR","potentialAction":[{"@type":"ReadAction","target":["https:\/\/www.promin.it\/fr\/choline\/"]}]},{"@type":"ImageObject","inLanguage":"fr-FR","@id":"https:\/\/www.promin.it\/fr\/choline\/#primaryimage","url":"https:\/\/www.promin.it\/wp-content\/uploads\/2024\/10\/tuorlo-2-1024-formula-colina-px.webp","contentUrl":"https:\/\/www.promin.it\/wp-content\/uploads\/2024\/10\/tuorlo-2-1024-formula-colina-px.webp","width":1024,"height":1024},{"@type":"BreadcrumbList","@id":"https:\/\/www.promin.it\/fr\/choline\/#breadcrumb","itemListElement":[{"@type":"ListItem","position":1,"name":"Accueil","item":"https:\/\/www.promin.it\/fr\/"},{"@type":"ListItem","position":2,"name":"Choline"}]},{"@type":"WebSite","@id":"https:\/\/www.promin.it\/#website","url":"https:\/\/www.promin.it\/","name":"Promin","description":"Prodotti Medicina Integrata","publisher":{"@id":"https:\/\/www.promin.it\/#organization"},"potentialAction":[{"@type":"SearchAction","target":{"@type":"EntryPoint","urlTemplate":"https:\/\/www.promin.it\/?s={search_term_string}"},"query-input":{"@type":"PropertyValueSpecification","valueRequired":true,"valueName":"search_term_string"}}],"inLanguage":"fr-FR"},{"@type":"Organization","@id":"https:\/\/www.promin.it\/#organization","name":"Promin Srl","alternateName":"Promin - Prodotti Medicina Integrata","url":"https:\/\/www.promin.it\/","logo":{"@type":"ImageObject","inLanguage":"fr-FR","@id":"https:\/\/www.promin.it\/#\/schema\/logo\/image\/","url":"https:\/\/www.promin.it\/wp-content\/uploads\/2024\/11\/logo-promin-seo.jpg","contentUrl":"https:\/\/www.promin.it\/wp-content\/uploads\/2024\/11\/logo-promin-seo.jpg","width":512,"height":512,"caption":"Promin Srl"},"image":{"@id":"https:\/\/www.promin.it\/#\/schema\/logo\/image\/"},"sameAs":["https:\/\/www.facebook.com\/prominmed","https:\/\/www.instagram.com\/promin_medicina_integrata\/","https:\/\/www.linkedin.com\/company\/promin-prodotti-medicina-integrata\/"]}]}},"jetpack_sharing_enabled":true,"jetpack_shortlink":"https:\/\/wp.me\/PaiRmh-573","_links":{"self":[{"href":"https:\/\/www.promin.it\/fr\/wp-json\/wp\/v2\/pages\/19657"}],"collection":[{"href":"https:\/\/www.promin.it\/fr\/wp-json\/wp\/v2\/pages"}],"about":[{"href":"https:\/\/www.promin.it\/fr\/wp-json\/wp\/v2\/types\/page"}],"author":[{"embeddable":true,"href":"https:\/\/www.promin.it\/fr\/wp-json\/wp\/v2\/users\/5"}],"replies":[{"embeddable":true,"href":"https:\/\/www.promin.it\/fr\/wp-json\/wp\/v2\/comments?post=19657"}],"version-history":[{"count":3,"href":"https:\/\/www.promin.it\/fr\/wp-json\/wp\/v2\/pages\/19657\/revisions"}],"predecessor-version":[{"id":20108,"href":"https:\/\/www.promin.it\/fr\/wp-json\/wp\/v2\/pages\/19657\/revisions\/20108"}],"wp:featuredmedia":[{"embeddable":true,"href":"https:\/\/www.promin.it\/fr\/wp-json\/wp\/v2\/media\/19487"}],"wp:attachment":[{"href":"https:\/\/www.promin.it\/fr\/wp-json\/wp\/v2\/media?parent=19657"}],"curies":[{"name":"wp","href":"https:\/\/api.w.org\/{rel}","templated":true}]}}