{"id":19660,"date":"2018-01-17T18:58:46","date_gmt":"2018-01-17T17:58:46","guid":{"rendered":"https:\/\/www.promin.it\/?page_id=19660"},"modified":"2024-11-12T15:34:50","modified_gmt":"2024-11-12T14:34:50","slug":"curcumine","status":"publish","type":"page","link":"https:\/\/www.promin.it\/fr\/curcumine\/","title":{"rendered":"Curcumine"},"content":{"rendered":"<section class=\"l-section wpb_row visore-interno height_auto width_full\"><div class=\"l-section-h i-cf\"><div class=\"g-cols vc_row via_grid cols_1-3 laptops-cols_inherit tablets-cols_inherit mobiles-cols_1 valign_middle type_default stacking_default\" style=\"--gap:0rem;\"><div class=\"wpb_column vc_column_container col-visore\"><div class=\"vc_column-inner\"><div class=\"w-image logo-promin-v align_none\"><div class=\"w-image-h\"><img decoding=\"async\" width=\"268\" height=\"117\" src=\"https:\/\/www.promin.it\/wp-content\/uploads\/2024\/09\/promin-logo-v.svg\" class=\"attachment-large size-large\" alt=\"\" loading=\"lazy\" \/><\/div><\/div><\/div><\/div><div class=\"wpb_column vc_column_container col-img componenti\"><div class=\"vc_column-inner\"><div class=\"wpb_text_column\"><div class=\"wpb_wrapper\"><h1>Curcumine<\/h1>\n<\/div><\/div><\/div><\/div><\/div><\/div><\/section><section class=\"l-section wpb_row fascia-breadcrums height_auto\"><div class=\"l-section-h i-cf\"><div class=\"g-cols vc_row via_grid cols_1 laptops-cols_inherit tablets-cols_inherit mobiles-cols_1 valign_top type_default stacking_default\"><div class=\"wpb_column vc_column_container\"><div class=\"vc_column-inner\"><section class=\"l-section wpb_row height_auto\"><div class=\"l-section-h i-cf\"><div class=\"g-cols vc_row via_grid cols_1 laptops-cols_inherit tablets-cols_inherit mobiles-cols_1 valign_middle type_default stacking_default\"><div class=\"wpb_column vc_column_container\"><div class=\"vc_column-inner\">[vc_raw_html]JTNDYSUyMGhyZWYlM0QlMjJodHRwcyUzQSUyRiUyRnRlc3QucHJvbWluLml0JTJGZnIlMkZjb21wb3NhbnRzLWFjdGlmcyUyRiUyMiUzRSUzQ3Rvcm5hJTIwYSUzRCUyMiUyMiUyMHR1dHRpJTNEJTIyJTIyJTIwaSUzRCUyMiUyMiUyMGNvbXBvbmVudGklM0QlMjIlMjIlMjBhdHRpdmklM0QlMjIlMjIlM0UlM0MlMkZ0b3JuYSUzRSUzQyUyRmElM0U=[\/vc_raw_html]<\/div><\/div><\/div><\/div><\/section>\n<\/div><\/div><\/div><\/div><\/section><section class=\"l-section wpb_row fascia-uno inositolo-pag height_small\"><div class=\"l-section-h i-cf\"><div class=\"g-cols vc_row via_grid cols_2 laptops-cols_inherit tablets-cols_inherit mobiles-cols_1 valign_top type_default stacking_default\"><div class=\"wpb_column vc_column_container\"><div class=\"vc_column-inner\"><div class=\"w-image has_ratio align_none\"><div class=\"w-image-h\"><div style=\"padding-bottom:56.25%\"><\/div><img decoding=\"async\" width=\"683\" height=\"683\" src=\"https:\/\/www.promin.it\/wp-content\/uploads\/2024\/10\/Curcuma-1024-formula-curcumina-px.webp\" class=\"attachment-large size-large\" alt=\"\" loading=\"lazy\" srcset=\"https:\/\/www.promin.it\/wp-content\/uploads\/2024\/10\/Curcuma-1024-formula-curcumina-px.webp 683w, https:\/\/www.promin.it\/wp-content\/uploads\/2024\/10\/Curcuma-1024-formula-curcumina-px-300x300.webp 300w, https:\/\/www.promin.it\/wp-content\/uploads\/2024\/10\/Curcuma-1024-formula-curcumina-px-150x150.webp 150w, https:\/\/www.promin.it\/wp-content\/uploads\/2024\/10\/Curcuma-1024-formula-curcumina-px-600x600.webp 600w\" sizes=\"(max-width: 683px) 100vw, 683px\" \/><\/div><\/div><div class=\"w-separator size_medium\"><\/div><div class=\"wpb_text_column\"><div class=\"wpb_wrapper\"><p><em>Description&nbsp;: La curcumine est un extrait de plante qui peut \u00eatre class\u00e9 parmi les polyph\u00e9nols.<\/em><\/p>\n<p><em>Nom botanique : Curcuma longa L.<\/em><\/p>\n<p>Depuis longtemps, la communaut\u00e9 scientifique \u00e9tudie la curcumine en lui attribuant de nombreuses propri\u00e9t\u00e9s : anti-inflammatoire, anti-arthritique, antioxydante&#8230;<\/p>\n<p>Les principaux constituants du m\u00e9dicament sont les curcumino\u00efdes (3-5%), c\u2019est-\u00e0-dire les m\u00e9langes de d\u00e9riv\u00e9s du cinnamoylm\u00e9thane, tels que la curcumine, la d\u00e9m\u00e9thoxy curcumine et la bis-d\u00e9m\u00e9thoxycurcumine (qui n\u2019est contenue que dans C. longa).<\/p>\n<\/div><\/div><\/div><\/div><div class=\"wpb_column vc_column_container\"><div class=\"vc_column-inner\"><div class=\"wpb_text_column\"><div class=\"wpb_wrapper\"><p>La fraction volatile, qui contient principalement des compos\u00e9s terp\u00e9niques caract\u00e9ristiques tels que le zingib\u00e9r\u00e8ne, le curcumol et le \u03b2-turm\u00e9rone, est quantitativement importante (3 \u00e0 5 %).<\/p>\n<p>Les acides arabine galactanes ukonan A \u00e0 ukonan D sont \u00e9galement pr\u00e9sents dans le m\u00e9dicament, mais en plus petites quantit\u00e9s.<\/p>\n<p>All\u00e9gation de sant\u00e9 (Min Sal. D\u00e9cret 9\/07\/2012) :<\/p>\n<p>Fonction articulaire.<br \/>  Fonction digestive.<br \/>  Lutte contre les troubles du cycle menstruel.<br \/>  Antioxydant.<br \/>  Fonction h\u00e9patique.<br \/>  Fonctionnalit\u00e9 du syst\u00e8me digestif.<\/p>\n<p>Promin s\u2019engage \u00e0 choisir quotidiennement des mati\u00e8res premi\u00e8res de valeur absolue, contr\u00f4l\u00e9es et test\u00e9es selon des normes strictes et dans le respect de toutes les exigences l\u00e9gales.<\/p>\n<p><em>Les compl\u00e9ments alimentaires formul\u00e9s et produits par Promin que je contient sont : <a href=\"https:\/\/www.promin.it\/fr\/?post_type=schede_prodotto&#038;p=19227\">QUISEDOL<\/a><\/em><\/p>\n<\/div><\/div><\/div><\/div><\/div><\/div><\/section>\n","protected":false},"excerpt":{"rendered":"Curcumine [vc_raw_html]JTNDYSUyMGhyZWYlM0QlMjJodHRwcyUzQSUyRiUyRnRlc3QucHJvbWluLml0JTJGZnIlMkZjb21wb3NhbnRzLWFjdGlmcyUyRiUyMiUzRSUzQ3Rvcm5hJTIwYSUzRCUyMiUyMiUyMHR1dHRpJTNEJTIyJTIyJTIwaSUzRCUyMiUyMiUyMGNvbXBvbmVudGklM0QlMjIlMjIlMjBhdHRpdmklM0QlMjIlMjIlM0UlM0MlMkZ0b3JuYSUzRSUzQyUyRmElM0U=[\/vc_raw_html] Description&nbsp;: La curcumine est un extrait de plante qui peut \u00eatre class\u00e9 parmi les polyph\u00e9nols. Nom botanique : Curcuma longa L. Depuis longtemps, la communaut\u00e9 scientifique \u00e9tudie la curcumine en lui attribuant de nombreuses propri\u00e9t\u00e9s : anti-inflammatoire, anti-arthritique, antioxydante&#8230; Les principaux constituants du m\u00e9dicament sont les curcumino\u00efdes (3-5%), c\u2019est-\u00e0-dire les m\u00e9langes de d\u00e9riv\u00e9s...","protected":false},"author":5,"featured_media":19493,"parent":0,"menu_order":0,"comment_status":"closed","ping_status":"closed","template":"","meta":{"_acf_changed":false,"jetpack_post_was_ever_published":false,"footnotes":""},"class_list":["post-19660","page","type-page","status-publish","has-post-thumbnail","hentry"],"acf":[],"yoast_head":"<!-- This site is optimized with the Yoast SEO plugin v23.4 - https:\/\/yoast.com\/wordpress\/plugins\/seo\/ -->\n<title>Compl\u00e9ments alimentaires \u00e0 base de curcumine - Promin - Produits de m\u00e9decine int\u00e9grative<\/title>\n<meta name=\"description\" content=\"La curcumine est un extrait de plante que l\u2019on peut classer parmi les polyph\u00e9nols auxquels la communaut\u00e9 scientifique a attribu\u00e9 de nombreuses propri\u00e9t\u00e9s : anti-inflammatoires, anti-arthritiques, antioxydants... Les compl\u00e9ments alimentaires Promin contenant de la curcumine sont...\" \/>\n<meta name=\"robots\" content=\"index, follow, max-snippet:-1, max-image-preview:large, max-video-preview:-1\" \/>\n<link rel=\"canonical\" href=\"https:\/\/www.promin.it\/fr\/curcumine\/\" \/>\n<meta property=\"og:locale\" content=\"fr_FR\" \/>\n<meta property=\"og:type\" content=\"article\" \/>\n<meta property=\"og:title\" content=\"Compl\u00e9ments alimentaires \u00e0 base de curcumine - Promin - Produits de m\u00e9decine int\u00e9grative\" \/>\n<meta property=\"og:description\" content=\"La curcumine est un extrait de plante que l\u2019on peut classer parmi les polyph\u00e9nols auxquels la communaut\u00e9 scientifique a attribu\u00e9 de nombreuses propri\u00e9t\u00e9s : anti-inflammatoires, anti-arthritiques, antioxydants... Les compl\u00e9ments alimentaires Promin contenant de la curcumine sont...\" \/>\n<meta property=\"og:url\" content=\"https:\/\/www.promin.it\/fr\/curcumine\/\" \/>\n<meta property=\"og:site_name\" content=\"Promin\" \/>\n<meta property=\"article:publisher\" content=\"https:\/\/www.facebook.com\/prominmed\" \/>\n<meta property=\"article:modified_time\" content=\"2024-11-12T14:34:50+00:00\" \/>\n<meta property=\"og:image\" content=\"https:\/\/www.promin.it\/wp-content\/uploads\/2024\/10\/Curcuma-1024-formula-curcumina-px.webp\" \/>\n\t<meta property=\"og:image:width\" content=\"683\" \/>\n\t<meta property=\"og:image:height\" content=\"683\" \/>\n\t<meta property=\"og:image:type\" content=\"image\/webp\" \/>\n<meta name=\"twitter:card\" content=\"summary_large_image\" \/>\n<script type=\"application\/ld+json\" class=\"yoast-schema-graph\">{\"@context\":\"https:\/\/schema.org\",\"@graph\":[{\"@type\":\"WebPage\",\"@id\":\"https:\/\/www.promin.it\/fr\/curcumine\/\",\"url\":\"https:\/\/www.promin.it\/fr\/curcumine\/\",\"name\":\"Compl\u00e9ments alimentaires \u00e0 base de curcumine - Promin - Produits de m\u00e9decine int\u00e9grative\",\"isPartOf\":{\"@id\":\"https:\/\/www.promin.it\/#website\"},\"primaryImageOfPage\":{\"@id\":\"https:\/\/www.promin.it\/fr\/curcumine\/#primaryimage\"},\"image\":{\"@id\":\"https:\/\/www.promin.it\/fr\/curcumine\/#primaryimage\"},\"thumbnailUrl\":\"https:\/\/www.promin.it\/wp-content\/uploads\/2024\/10\/Curcuma-1024-formula-curcumina-px.webp\",\"datePublished\":\"2018-01-17T17:58:46+00:00\",\"dateModified\":\"2024-11-12T14:34:50+00:00\",\"description\":\"La curcumine est un extrait de plante que l\u2019on peut classer parmi les polyph\u00e9nols auxquels la communaut\u00e9 scientifique a attribu\u00e9 de nombreuses propri\u00e9t\u00e9s : anti-inflammatoires, anti-arthritiques, antioxydants... Les compl\u00e9ments alimentaires Promin contenant de la curcumine sont...\",\"breadcrumb\":{\"@id\":\"https:\/\/www.promin.it\/fr\/curcumine\/#breadcrumb\"},\"inLanguage\":\"fr-FR\",\"potentialAction\":[{\"@type\":\"ReadAction\",\"target\":[\"https:\/\/www.promin.it\/fr\/curcumine\/\"]}]},{\"@type\":\"ImageObject\",\"inLanguage\":\"fr-FR\",\"@id\":\"https:\/\/www.promin.it\/fr\/curcumine\/#primaryimage\",\"url\":\"https:\/\/www.promin.it\/wp-content\/uploads\/2024\/10\/Curcuma-1024-formula-curcumina-px.webp\",\"contentUrl\":\"https:\/\/www.promin.it\/wp-content\/uploads\/2024\/10\/Curcuma-1024-formula-curcumina-px.webp\",\"width\":683,\"height\":683},{\"@type\":\"BreadcrumbList\",\"@id\":\"https:\/\/www.promin.it\/fr\/curcumine\/#breadcrumb\",\"itemListElement\":[{\"@type\":\"ListItem\",\"position\":1,\"name\":\"Accueil\",\"item\":\"https:\/\/www.promin.it\/fr\/\"},{\"@type\":\"ListItem\",\"position\":2,\"name\":\"Curcumine\"}]},{\"@type\":\"WebSite\",\"@id\":\"https:\/\/www.promin.it\/#website\",\"url\":\"https:\/\/www.promin.it\/\",\"name\":\"Promin\",\"description\":\"Prodotti Medicina Integrata\",\"publisher\":{\"@id\":\"https:\/\/www.promin.it\/#organization\"},\"potentialAction\":[{\"@type\":\"SearchAction\",\"target\":{\"@type\":\"EntryPoint\",\"urlTemplate\":\"https:\/\/www.promin.it\/?s={search_term_string}\"},\"query-input\":{\"@type\":\"PropertyValueSpecification\",\"valueRequired\":true,\"valueName\":\"search_term_string\"}}],\"inLanguage\":\"fr-FR\"},{\"@type\":\"Organization\",\"@id\":\"https:\/\/www.promin.it\/#organization\",\"name\":\"Promin Srl\",\"alternateName\":\"Promin - Prodotti Medicina Integrata\",\"url\":\"https:\/\/www.promin.it\/\",\"logo\":{\"@type\":\"ImageObject\",\"inLanguage\":\"fr-FR\",\"@id\":\"https:\/\/www.promin.it\/#\/schema\/logo\/image\/\",\"url\":\"https:\/\/www.promin.it\/wp-content\/uploads\/2024\/11\/logo-promin-seo.jpg\",\"contentUrl\":\"https:\/\/www.promin.it\/wp-content\/uploads\/2024\/11\/logo-promin-seo.jpg\",\"width\":512,\"height\":512,\"caption\":\"Promin Srl\"},\"image\":{\"@id\":\"https:\/\/www.promin.it\/#\/schema\/logo\/image\/\"},\"sameAs\":[\"https:\/\/www.facebook.com\/prominmed\",\"https:\/\/www.instagram.com\/promin_medicina_integrata\/\",\"https:\/\/www.linkedin.com\/company\/promin-prodotti-medicina-integrata\/\"]}]}<\/script>\n<!-- \/ Yoast SEO plugin. -->","yoast_head_json":{"title":"Compl\u00e9ments alimentaires \u00e0 base de curcumine - Promin - Produits de m\u00e9decine int\u00e9grative","description":"La curcumine est un extrait de plante que l\u2019on peut classer parmi les polyph\u00e9nols auxquels la communaut\u00e9 scientifique a attribu\u00e9 de nombreuses propri\u00e9t\u00e9s : anti-inflammatoires, anti-arthritiques, antioxydants... Les compl\u00e9ments alimentaires Promin contenant de la curcumine sont...","robots":{"index":"index","follow":"follow","max-snippet":"max-snippet:-1","max-image-preview":"max-image-preview:large","max-video-preview":"max-video-preview:-1"},"canonical":"https:\/\/www.promin.it\/fr\/curcumine\/","og_locale":"fr_FR","og_type":"article","og_title":"Compl\u00e9ments alimentaires \u00e0 base de curcumine - Promin - Produits de m\u00e9decine int\u00e9grative","og_description":"La curcumine est un extrait de plante que l\u2019on peut classer parmi les polyph\u00e9nols auxquels la communaut\u00e9 scientifique a attribu\u00e9 de nombreuses propri\u00e9t\u00e9s : anti-inflammatoires, anti-arthritiques, antioxydants... Les compl\u00e9ments alimentaires Promin contenant de la curcumine sont...","og_url":"https:\/\/www.promin.it\/fr\/curcumine\/","og_site_name":"Promin","article_publisher":"https:\/\/www.facebook.com\/prominmed","article_modified_time":"2024-11-12T14:34:50+00:00","og_image":[{"width":683,"height":683,"url":"https:\/\/www.promin.it\/wp-content\/uploads\/2024\/10\/Curcuma-1024-formula-curcumina-px.webp","type":"image\/webp"}],"twitter_card":"summary_large_image","schema":{"@context":"https:\/\/schema.org","@graph":[{"@type":"WebPage","@id":"https:\/\/www.promin.it\/fr\/curcumine\/","url":"https:\/\/www.promin.it\/fr\/curcumine\/","name":"Compl\u00e9ments alimentaires \u00e0 base de curcumine - Promin - Produits de m\u00e9decine int\u00e9grative","isPartOf":{"@id":"https:\/\/www.promin.it\/#website"},"primaryImageOfPage":{"@id":"https:\/\/www.promin.it\/fr\/curcumine\/#primaryimage"},"image":{"@id":"https:\/\/www.promin.it\/fr\/curcumine\/#primaryimage"},"thumbnailUrl":"https:\/\/www.promin.it\/wp-content\/uploads\/2024\/10\/Curcuma-1024-formula-curcumina-px.webp","datePublished":"2018-01-17T17:58:46+00:00","dateModified":"2024-11-12T14:34:50+00:00","description":"La curcumine est un extrait de plante que l\u2019on peut classer parmi les polyph\u00e9nols auxquels la communaut\u00e9 scientifique a attribu\u00e9 de nombreuses propri\u00e9t\u00e9s : anti-inflammatoires, anti-arthritiques, antioxydants... Les compl\u00e9ments alimentaires Promin contenant de la curcumine sont...","breadcrumb":{"@id":"https:\/\/www.promin.it\/fr\/curcumine\/#breadcrumb"},"inLanguage":"fr-FR","potentialAction":[{"@type":"ReadAction","target":["https:\/\/www.promin.it\/fr\/curcumine\/"]}]},{"@type":"ImageObject","inLanguage":"fr-FR","@id":"https:\/\/www.promin.it\/fr\/curcumine\/#primaryimage","url":"https:\/\/www.promin.it\/wp-content\/uploads\/2024\/10\/Curcuma-1024-formula-curcumina-px.webp","contentUrl":"https:\/\/www.promin.it\/wp-content\/uploads\/2024\/10\/Curcuma-1024-formula-curcumina-px.webp","width":683,"height":683},{"@type":"BreadcrumbList","@id":"https:\/\/www.promin.it\/fr\/curcumine\/#breadcrumb","itemListElement":[{"@type":"ListItem","position":1,"name":"Accueil","item":"https:\/\/www.promin.it\/fr\/"},{"@type":"ListItem","position":2,"name":"Curcumine"}]},{"@type":"WebSite","@id":"https:\/\/www.promin.it\/#website","url":"https:\/\/www.promin.it\/","name":"Promin","description":"Prodotti Medicina Integrata","publisher":{"@id":"https:\/\/www.promin.it\/#organization"},"potentialAction":[{"@type":"SearchAction","target":{"@type":"EntryPoint","urlTemplate":"https:\/\/www.promin.it\/?s={search_term_string}"},"query-input":{"@type":"PropertyValueSpecification","valueRequired":true,"valueName":"search_term_string"}}],"inLanguage":"fr-FR"},{"@type":"Organization","@id":"https:\/\/www.promin.it\/#organization","name":"Promin Srl","alternateName":"Promin - Prodotti Medicina Integrata","url":"https:\/\/www.promin.it\/","logo":{"@type":"ImageObject","inLanguage":"fr-FR","@id":"https:\/\/www.promin.it\/#\/schema\/logo\/image\/","url":"https:\/\/www.promin.it\/wp-content\/uploads\/2024\/11\/logo-promin-seo.jpg","contentUrl":"https:\/\/www.promin.it\/wp-content\/uploads\/2024\/11\/logo-promin-seo.jpg","width":512,"height":512,"caption":"Promin Srl"},"image":{"@id":"https:\/\/www.promin.it\/#\/schema\/logo\/image\/"},"sameAs":["https:\/\/www.facebook.com\/prominmed","https:\/\/www.instagram.com\/promin_medicina_integrata\/","https:\/\/www.linkedin.com\/company\/promin-prodotti-medicina-integrata\/"]}]}},"jetpack_sharing_enabled":true,"jetpack_shortlink":"https:\/\/wp.me\/PaiRmh-576","_links":{"self":[{"href":"https:\/\/www.promin.it\/fr\/wp-json\/wp\/v2\/pages\/19660"}],"collection":[{"href":"https:\/\/www.promin.it\/fr\/wp-json\/wp\/v2\/pages"}],"about":[{"href":"https:\/\/www.promin.it\/fr\/wp-json\/wp\/v2\/types\/page"}],"author":[{"embeddable":true,"href":"https:\/\/www.promin.it\/fr\/wp-json\/wp\/v2\/users\/5"}],"replies":[{"embeddable":true,"href":"https:\/\/www.promin.it\/fr\/wp-json\/wp\/v2\/comments?post=19660"}],"version-history":[{"count":3,"href":"https:\/\/www.promin.it\/fr\/wp-json\/wp\/v2\/pages\/19660\/revisions"}],"predecessor-version":[{"id":20109,"href":"https:\/\/www.promin.it\/fr\/wp-json\/wp\/v2\/pages\/19660\/revisions\/20109"}],"wp:featuredmedia":[{"embeddable":true,"href":"https:\/\/www.promin.it\/fr\/wp-json\/wp\/v2\/media\/19493"}],"wp:attachment":[{"href":"https:\/\/www.promin.it\/fr\/wp-json\/wp\/v2\/media?parent=19660"}],"curies":[{"name":"wp","href":"https:\/\/api.w.org\/{rel}","templated":true}]}}