{"id":19675,"date":"2018-01-17T19:17:44","date_gmt":"2018-01-17T18:17:44","guid":{"rendered":"https:\/\/www.promin.it\/?page_id=19675"},"modified":"2024-11-12T15:38:55","modified_gmt":"2024-11-12T14:38:55","slug":"moutarde-des-haies","status":"publish","type":"page","link":"https:\/\/www.promin.it\/fr\/moutarde-des-haies\/","title":{"rendered":"Moutarde des haies"},"content":{"rendered":"<section class=\"l-section wpb_row visore-interno height_auto width_full\"><div class=\"l-section-h i-cf\"><div class=\"g-cols vc_row via_grid cols_1-3 laptops-cols_inherit tablets-cols_inherit mobiles-cols_1 valign_middle type_default stacking_default\" style=\"--gap:0rem;\"><div class=\"wpb_column vc_column_container col-visore\"><div class=\"vc_column-inner\"><div class=\"w-image logo-promin-v align_none\"><div class=\"w-image-h\"><img decoding=\"async\" width=\"268\" height=\"117\" src=\"https:\/\/www.promin.it\/wp-content\/uploads\/2024\/09\/promin-logo-v.svg\" class=\"attachment-large size-large\" alt=\"\" loading=\"lazy\" \/><\/div><\/div><\/div><\/div><div class=\"wpb_column vc_column_container col-img componenti\"><div class=\"vc_column-inner\"><div class=\"wpb_text_column\"><div class=\"wpb_wrapper\"><h1>Moutarde des haies<\/h1>\n<\/div><\/div><\/div><\/div><\/div><\/div><\/section><section class=\"l-section wpb_row fascia-breadcrums height_auto\"><div class=\"l-section-h i-cf\"><div class=\"g-cols vc_row via_grid cols_1 laptops-cols_inherit tablets-cols_inherit mobiles-cols_1 valign_top type_default stacking_default\"><div class=\"wpb_column vc_column_container\"><div class=\"vc_column-inner\"><section class=\"l-section wpb_row height_auto\"><div class=\"l-section-h i-cf\"><div class=\"g-cols vc_row via_grid cols_1 laptops-cols_inherit tablets-cols_inherit mobiles-cols_1 valign_middle type_default stacking_default\"><div class=\"wpb_column vc_column_container\"><div class=\"vc_column-inner\">[vc_raw_html]JTNDYSUyMGhyZWYlM0QlMjJodHRwcyUzQSUyRiUyRnRlc3QucHJvbWluLml0JTJGZnIlMkZjb21wb3NhbnRzLWFjdGlmcyUyRiUyMiUzRSUzQ3Rvcm5hJTIwYSUzRCUyMiUyMiUyMHR1dHRpJTNEJTIyJTIyJTIwaSUzRCUyMiUyMiUyMGNvbXBvbmVudGklM0QlMjIlMjIlMjBhdHRpdmklM0QlMjIlMjIlM0UlM0MlMkZ0b3JuYSUzRSUzQyUyRmElM0U=[\/vc_raw_html]<\/div><\/div><\/div><\/div><\/section>\n<\/div><\/div><\/div><\/div><\/section><section class=\"l-section wpb_row fascia-uno inositolo-pag height_small\"><div class=\"l-section-h i-cf\"><div class=\"g-cols vc_row via_grid cols_2 laptops-cols_inherit tablets-cols_inherit mobiles-cols_1 valign_top type_default stacking_default\"><div class=\"wpb_column vc_column_container\"><div class=\"vc_column-inner\"><div class=\"w-image has_ratio align_none\"><div class=\"w-image-h\"><div style=\"padding-bottom:56.25%\"><\/div><img decoding=\"async\" width=\"1024\" height=\"1024\" src=\"https:\/\/www.promin.it\/wp-content\/uploads\/2024\/10\/Erisimo-1024-px.webp\" class=\"attachment-large size-large\" alt=\"\" loading=\"lazy\" srcset=\"https:\/\/www.promin.it\/wp-content\/uploads\/2024\/10\/Erisimo-1024-px.webp 1024w, https:\/\/www.promin.it\/wp-content\/uploads\/2024\/10\/Erisimo-1024-px-300x300.webp 300w, https:\/\/www.promin.it\/wp-content\/uploads\/2024\/10\/Erisimo-1024-px-150x150.webp 150w, https:\/\/www.promin.it\/wp-content\/uploads\/2024\/10\/Erisimo-1024-px-600x600.webp 600w\" sizes=\"(max-width: 1024px) 100vw, 1024px\" \/><\/div><\/div><div class=\"w-separator size_medium\"><\/div><div class=\"wpb_text_column\"><div class=\"wpb_wrapper\"><p><em>Description&nbsp;: La moutarde des haies est une plante r\u00e9pandue en Afrique et en Europe appartenant \u00e0 la famille des Brassicaceae.<\/em><\/p>\n<p><em>Nom botanique : Sisymbrium officinale SCOP.<\/em><\/p>\n<p>Le Sisymbrium officinale, ou \u00ab herbe des chanteurs \u00bb, est une plante utilis\u00e9e depuis l\u2019Antiquit\u00e9 pour ses propri\u00e9t\u00e9s th\u00e9rapeutiques et ses vertus au b\u00e9n\u00e9fice de la voix, de la gorge et des voies respiratoires en g\u00e9n\u00e9ral. En effet, il a une action \u00e9molliente et apaisante, soutient la fonctionnalit\u00e9 de la voix et contribue au bien-\u00eatre de la muqueuse oropharyng\u00e9e et des voies respiratoires sup\u00e9rieures. Les \u00e9tudes men\u00e9es tendent \u00e0 attribuer ces propri\u00e9t\u00e9s \u00e0 la pr\u00e9sence de compos\u00e9s mucilagineux et soufr\u00e9s, qui conf\u00e8rent leur activit\u00e9 fluidifiante et expectorante des s\u00e9cr\u00e9tions bronchiques. C\u2019est pr\u00e9cis\u00e9ment pour cette raison que la communaut\u00e9 scientifique a longtemps cru que cette plante est un excellent rem\u00e8de contre la toux de toutes sortes, elle est \u00e9galement utile pour apaiser la s\u00e9cheresse et l\u2019inflammation de la gorge des fumeurs, des chanteurs, des acteurs, des enseignants et en g\u00e9n\u00e9ral de tous ceux qui utilisent et abusent de la voix. L\u2019anecdote c\u00e9l\u00e8bre selon laquelle Tito Schipa, consid\u00e9r\u00e9 comme le plus grand t\u00e9nor de gr\u00e2ce de l\u2019histoire de l\u2019op\u00e9ra, a r\u00e9ussi \u00e0 terminer l\u2019une de ses performances gr\u00e2ce \u00e0 des gargarismes de d\u00e9coction de moutarde Hedge malgr\u00e9 le fait que seulement deux heures avant le spectacle, il \u00e9tait totalement aphonique.<\/p>\n<\/div><\/div><\/div><\/div><div class=\"wpb_column vc_column_container\"><div class=\"vc_column-inner\"><div class=\"wpb_text_column\"><div class=\"wpb_wrapper\"><h3>D\u00e9couvrez tout ce que vous devez savoir sur la moutarde des haies et la ligne de moutarde des haies de Promin<\/h3>\n<p><img decoding=\"async\" class=\"alignnone size-medium wp-image-17678\" src=\"https:\/\/www.promin.it\/wp-content\/uploads\/2024\/04\/pacchetto-coro-erisimo-300x300.jpg\" alt=\"\" width=\"300\" height=\"300\" srcset=\"https:\/\/www.promin.it\/wp-content\/uploads\/2024\/04\/pacchetto-coro-erisimo-300x300.jpg 300w, https:\/\/www.promin.it\/wp-content\/uploads\/2024\/04\/pacchetto-coro-erisimo-150x150.jpg 150w, https:\/\/www.promin.it\/wp-content\/uploads\/2024\/04\/pacchetto-coro-erisimo.jpg 600w\" sizes=\"(max-width: 300px) 100vw, 300px\" \/><\/p>\n<p><a class=\"w-btn us-btn-style_2 usg_btn_1\" href=\"https:\/\/www.coroerisimo.it\/\" target=\"_blank\" rel=\"noopener\"><span class=\"w-btn-label\">Id\u00e9es<\/span><\/a><\/p>\n<p>All\u00e9gation de sant\u00e9 (Min Sal. D\u00e9cret 9\/07\/2012) :<\/p>\n<p>Action \u00e9molliente et apaisante (muqueuse oropharyng\u00e9e).<br \/>\nTon de voix.<br \/>\nFonctionnalit\u00e9 des voies respiratoires sup\u00e9rieures.<\/p>\n<p>Promin s\u2019engage \u00e0 choisir quotidiennement des mati\u00e8res premi\u00e8res de valeur absolue, contr\u00f4l\u00e9es et test\u00e9es selon des normes strictes et dans le respect de toutes les exigences l\u00e9gales.<\/p>\n<p><em>Les compl\u00e9ments alimentaires formul\u00e9s et produits par Promin que je contiens sont : <a href=\"https:\/\/www.promin.it\/fr\/?post_type=schede_prodotto&#038;p=19209\">CHORUS HEDGE MUSTARD TABLETS<\/a> &#8211; <a href=\"\/corotuss\/\">COROTUSS<\/a> &#8211; <a href=\"https:\/\/www.promin.it\/fr\/?post_type=schede_prodotto&#038;p=19210\">CHORUS HEDGE MUSTARD SPRAY<\/a> &#8211; <a href=\"https:\/\/www.promin.it\/fr\/?post_type=schede_prodotto&#038;p=19211\">CHORUS HEDGE MUSTARD DROPS<\/a><\/em><\/p>\n<\/div><\/div><\/div><\/div><\/div><\/div><\/section>\n","protected":false},"excerpt":{"rendered":"Moutarde des haies [vc_raw_html]JTNDYSUyMGhyZWYlM0QlMjJodHRwcyUzQSUyRiUyRnRlc3QucHJvbWluLml0JTJGZnIlMkZjb21wb3NhbnRzLWFjdGlmcyUyRiUyMiUzRSUzQ3Rvcm5hJTIwYSUzRCUyMiUyMiUyMHR1dHRpJTNEJTIyJTIyJTIwaSUzRCUyMiUyMiUyMGNvbXBvbmVudGklM0QlMjIlMjIlMjBhdHRpdmklM0QlMjIlMjIlM0UlM0MlMkZ0b3JuYSUzRSUzQyUyRmElM0U=[\/vc_raw_html] Description&nbsp;: La moutarde des haies est une plante r\u00e9pandue en Afrique et en Europe appartenant \u00e0 la famille des Brassicaceae. Nom botanique : Sisymbrium officinale SCOP. Le Sisymbrium officinale, ou \u00ab herbe des chanteurs \u00bb, est une plante utilis\u00e9e depuis l\u2019Antiquit\u00e9 pour ses propri\u00e9t\u00e9s th\u00e9rapeutiques et ses vertus au b\u00e9n\u00e9fice de...","protected":false},"author":5,"featured_media":19515,"parent":0,"menu_order":0,"comment_status":"closed","ping_status":"closed","template":"","meta":{"_acf_changed":false,"jetpack_post_was_ever_published":false,"footnotes":""},"class_list":["post-19675","page","type-page","status-publish","has-post-thumbnail","hentry"],"acf":[],"yoast_head":"<!-- This site is optimized with the Yoast SEO plugin v23.4 - https:\/\/yoast.com\/wordpress\/plugins\/seo\/ -->\n<title>Compl\u00e9ments alimentaires \u00e0 la moutarde des haies - Promin - Produits de m\u00e9decine int\u00e9grative<\/title>\n<meta name=\"description\" content=\"La moutarde des haies ou \u00ab herbe des chanteurs \u00bb a une action \u00e9molliente et apaisante pour favoriser le bien-\u00eatre de la muqueuse oropharyng\u00e9e et la fonctionnalit\u00e9 de la voix...\" \/>\n<meta name=\"robots\" content=\"index, follow, max-snippet:-1, max-image-preview:large, max-video-preview:-1\" \/>\n<link rel=\"canonical\" href=\"https:\/\/www.promin.it\/fr\/moutarde-des-haies\/\" \/>\n<meta property=\"og:locale\" content=\"fr_FR\" \/>\n<meta property=\"og:type\" content=\"article\" \/>\n<meta property=\"og:title\" content=\"Compl\u00e9ments alimentaires \u00e0 la moutarde des haies - Promin - Produits de m\u00e9decine int\u00e9grative\" \/>\n<meta property=\"og:description\" content=\"La moutarde des haies ou \u00ab herbe des chanteurs \u00bb a une action \u00e9molliente et apaisante pour favoriser le bien-\u00eatre de la muqueuse oropharyng\u00e9e et la fonctionnalit\u00e9 de la voix...\" \/>\n<meta property=\"og:url\" content=\"https:\/\/www.promin.it\/fr\/moutarde-des-haies\/\" \/>\n<meta property=\"og:site_name\" content=\"Promin\" \/>\n<meta property=\"article:publisher\" content=\"https:\/\/www.facebook.com\/prominmed\" \/>\n<meta property=\"article:modified_time\" content=\"2024-11-12T14:38:55+00:00\" \/>\n<meta property=\"og:image\" content=\"https:\/\/www.promin.it\/wp-content\/uploads\/2024\/10\/Erisimo-1024-px.webp\" \/>\n\t<meta property=\"og:image:width\" content=\"1024\" \/>\n\t<meta property=\"og:image:height\" content=\"1024\" \/>\n\t<meta property=\"og:image:type\" content=\"image\/webp\" \/>\n<meta name=\"twitter:card\" content=\"summary_large_image\" \/>\n<script type=\"application\/ld+json\" class=\"yoast-schema-graph\">{\"@context\":\"https:\/\/schema.org\",\"@graph\":[{\"@type\":\"WebPage\",\"@id\":\"https:\/\/www.promin.it\/fr\/moutarde-des-haies\/\",\"url\":\"https:\/\/www.promin.it\/fr\/moutarde-des-haies\/\",\"name\":\"Compl\u00e9ments alimentaires \u00e0 la moutarde des haies - Promin - Produits de m\u00e9decine int\u00e9grative\",\"isPartOf\":{\"@id\":\"https:\/\/www.promin.it\/#website\"},\"primaryImageOfPage\":{\"@id\":\"https:\/\/www.promin.it\/fr\/moutarde-des-haies\/#primaryimage\"},\"image\":{\"@id\":\"https:\/\/www.promin.it\/fr\/moutarde-des-haies\/#primaryimage\"},\"thumbnailUrl\":\"https:\/\/www.promin.it\/wp-content\/uploads\/2024\/10\/Erisimo-1024-px.webp\",\"datePublished\":\"2018-01-17T18:17:44+00:00\",\"dateModified\":\"2024-11-12T14:38:55+00:00\",\"description\":\"La moutarde des haies ou \u00ab herbe des chanteurs \u00bb a une action \u00e9molliente et apaisante pour favoriser le bien-\u00eatre de la muqueuse oropharyng\u00e9e et la fonctionnalit\u00e9 de la voix...\",\"breadcrumb\":{\"@id\":\"https:\/\/www.promin.it\/fr\/moutarde-des-haies\/#breadcrumb\"},\"inLanguage\":\"fr-FR\",\"potentialAction\":[{\"@type\":\"ReadAction\",\"target\":[\"https:\/\/www.promin.it\/fr\/moutarde-des-haies\/\"]}]},{\"@type\":\"ImageObject\",\"inLanguage\":\"fr-FR\",\"@id\":\"https:\/\/www.promin.it\/fr\/moutarde-des-haies\/#primaryimage\",\"url\":\"https:\/\/www.promin.it\/wp-content\/uploads\/2024\/10\/Erisimo-1024-px.webp\",\"contentUrl\":\"https:\/\/www.promin.it\/wp-content\/uploads\/2024\/10\/Erisimo-1024-px.webp\",\"width\":1024,\"height\":1024},{\"@type\":\"BreadcrumbList\",\"@id\":\"https:\/\/www.promin.it\/fr\/moutarde-des-haies\/#breadcrumb\",\"itemListElement\":[{\"@type\":\"ListItem\",\"position\":1,\"name\":\"Accueil\",\"item\":\"https:\/\/www.promin.it\/fr\/\"},{\"@type\":\"ListItem\",\"position\":2,\"name\":\"Moutarde des haies\"}]},{\"@type\":\"WebSite\",\"@id\":\"https:\/\/www.promin.it\/#website\",\"url\":\"https:\/\/www.promin.it\/\",\"name\":\"Promin\",\"description\":\"Prodotti Medicina Integrata\",\"publisher\":{\"@id\":\"https:\/\/www.promin.it\/#organization\"},\"potentialAction\":[{\"@type\":\"SearchAction\",\"target\":{\"@type\":\"EntryPoint\",\"urlTemplate\":\"https:\/\/www.promin.it\/?s={search_term_string}\"},\"query-input\":{\"@type\":\"PropertyValueSpecification\",\"valueRequired\":true,\"valueName\":\"search_term_string\"}}],\"inLanguage\":\"fr-FR\"},{\"@type\":\"Organization\",\"@id\":\"https:\/\/www.promin.it\/#organization\",\"name\":\"Promin Srl\",\"alternateName\":\"Promin - Prodotti Medicina Integrata\",\"url\":\"https:\/\/www.promin.it\/\",\"logo\":{\"@type\":\"ImageObject\",\"inLanguage\":\"fr-FR\",\"@id\":\"https:\/\/www.promin.it\/#\/schema\/logo\/image\/\",\"url\":\"https:\/\/www.promin.it\/wp-content\/uploads\/2024\/11\/logo-promin-seo.jpg\",\"contentUrl\":\"https:\/\/www.promin.it\/wp-content\/uploads\/2024\/11\/logo-promin-seo.jpg\",\"width\":512,\"height\":512,\"caption\":\"Promin Srl\"},\"image\":{\"@id\":\"https:\/\/www.promin.it\/#\/schema\/logo\/image\/\"},\"sameAs\":[\"https:\/\/www.facebook.com\/prominmed\",\"https:\/\/www.instagram.com\/promin_medicina_integrata\/\",\"https:\/\/www.linkedin.com\/company\/promin-prodotti-medicina-integrata\/\"]}]}<\/script>\n<!-- \/ Yoast SEO plugin. -->","yoast_head_json":{"title":"Compl\u00e9ments alimentaires \u00e0 la moutarde des haies - Promin - Produits de m\u00e9decine int\u00e9grative","description":"La moutarde des haies ou \u00ab herbe des chanteurs \u00bb a une action \u00e9molliente et apaisante pour favoriser le bien-\u00eatre de la muqueuse oropharyng\u00e9e et la fonctionnalit\u00e9 de la voix...","robots":{"index":"index","follow":"follow","max-snippet":"max-snippet:-1","max-image-preview":"max-image-preview:large","max-video-preview":"max-video-preview:-1"},"canonical":"https:\/\/www.promin.it\/fr\/moutarde-des-haies\/","og_locale":"fr_FR","og_type":"article","og_title":"Compl\u00e9ments alimentaires \u00e0 la moutarde des haies - Promin - Produits de m\u00e9decine int\u00e9grative","og_description":"La moutarde des haies ou \u00ab herbe des chanteurs \u00bb a une action \u00e9molliente et apaisante pour favoriser le bien-\u00eatre de la muqueuse oropharyng\u00e9e et la fonctionnalit\u00e9 de la voix...","og_url":"https:\/\/www.promin.it\/fr\/moutarde-des-haies\/","og_site_name":"Promin","article_publisher":"https:\/\/www.facebook.com\/prominmed","article_modified_time":"2024-11-12T14:38:55+00:00","og_image":[{"width":1024,"height":1024,"url":"https:\/\/www.promin.it\/wp-content\/uploads\/2024\/10\/Erisimo-1024-px.webp","type":"image\/webp"}],"twitter_card":"summary_large_image","schema":{"@context":"https:\/\/schema.org","@graph":[{"@type":"WebPage","@id":"https:\/\/www.promin.it\/fr\/moutarde-des-haies\/","url":"https:\/\/www.promin.it\/fr\/moutarde-des-haies\/","name":"Compl\u00e9ments alimentaires \u00e0 la moutarde des haies - Promin - Produits de m\u00e9decine int\u00e9grative","isPartOf":{"@id":"https:\/\/www.promin.it\/#website"},"primaryImageOfPage":{"@id":"https:\/\/www.promin.it\/fr\/moutarde-des-haies\/#primaryimage"},"image":{"@id":"https:\/\/www.promin.it\/fr\/moutarde-des-haies\/#primaryimage"},"thumbnailUrl":"https:\/\/www.promin.it\/wp-content\/uploads\/2024\/10\/Erisimo-1024-px.webp","datePublished":"2018-01-17T18:17:44+00:00","dateModified":"2024-11-12T14:38:55+00:00","description":"La moutarde des haies ou \u00ab herbe des chanteurs \u00bb a une action \u00e9molliente et apaisante pour favoriser le bien-\u00eatre de la muqueuse oropharyng\u00e9e et la fonctionnalit\u00e9 de la voix...","breadcrumb":{"@id":"https:\/\/www.promin.it\/fr\/moutarde-des-haies\/#breadcrumb"},"inLanguage":"fr-FR","potentialAction":[{"@type":"ReadAction","target":["https:\/\/www.promin.it\/fr\/moutarde-des-haies\/"]}]},{"@type":"ImageObject","inLanguage":"fr-FR","@id":"https:\/\/www.promin.it\/fr\/moutarde-des-haies\/#primaryimage","url":"https:\/\/www.promin.it\/wp-content\/uploads\/2024\/10\/Erisimo-1024-px.webp","contentUrl":"https:\/\/www.promin.it\/wp-content\/uploads\/2024\/10\/Erisimo-1024-px.webp","width":1024,"height":1024},{"@type":"BreadcrumbList","@id":"https:\/\/www.promin.it\/fr\/moutarde-des-haies\/#breadcrumb","itemListElement":[{"@type":"ListItem","position":1,"name":"Accueil","item":"https:\/\/www.promin.it\/fr\/"},{"@type":"ListItem","position":2,"name":"Moutarde des haies"}]},{"@type":"WebSite","@id":"https:\/\/www.promin.it\/#website","url":"https:\/\/www.promin.it\/","name":"Promin","description":"Prodotti Medicina Integrata","publisher":{"@id":"https:\/\/www.promin.it\/#organization"},"potentialAction":[{"@type":"SearchAction","target":{"@type":"EntryPoint","urlTemplate":"https:\/\/www.promin.it\/?s={search_term_string}"},"query-input":{"@type":"PropertyValueSpecification","valueRequired":true,"valueName":"search_term_string"}}],"inLanguage":"fr-FR"},{"@type":"Organization","@id":"https:\/\/www.promin.it\/#organization","name":"Promin Srl","alternateName":"Promin - Prodotti Medicina Integrata","url":"https:\/\/www.promin.it\/","logo":{"@type":"ImageObject","inLanguage":"fr-FR","@id":"https:\/\/www.promin.it\/#\/schema\/logo\/image\/","url":"https:\/\/www.promin.it\/wp-content\/uploads\/2024\/11\/logo-promin-seo.jpg","contentUrl":"https:\/\/www.promin.it\/wp-content\/uploads\/2024\/11\/logo-promin-seo.jpg","width":512,"height":512,"caption":"Promin Srl"},"image":{"@id":"https:\/\/www.promin.it\/#\/schema\/logo\/image\/"},"sameAs":["https:\/\/www.facebook.com\/prominmed","https:\/\/www.instagram.com\/promin_medicina_integrata\/","https:\/\/www.linkedin.com\/company\/promin-prodotti-medicina-integrata\/"]}]}},"jetpack_sharing_enabled":true,"jetpack_shortlink":"https:\/\/wp.me\/PaiRmh-57l","_links":{"self":[{"href":"https:\/\/www.promin.it\/fr\/wp-json\/wp\/v2\/pages\/19675"}],"collection":[{"href":"https:\/\/www.promin.it\/fr\/wp-json\/wp\/v2\/pages"}],"about":[{"href":"https:\/\/www.promin.it\/fr\/wp-json\/wp\/v2\/types\/page"}],"author":[{"embeddable":true,"href":"https:\/\/www.promin.it\/fr\/wp-json\/wp\/v2\/users\/5"}],"replies":[{"embeddable":true,"href":"https:\/\/www.promin.it\/fr\/wp-json\/wp\/v2\/comments?post=19675"}],"version-history":[{"count":4,"href":"https:\/\/www.promin.it\/fr\/wp-json\/wp\/v2\/pages\/19675\/revisions"}],"predecessor-version":[{"id":20112,"href":"https:\/\/www.promin.it\/fr\/wp-json\/wp\/v2\/pages\/19675\/revisions\/20112"}],"wp:featuredmedia":[{"embeddable":true,"href":"https:\/\/www.promin.it\/fr\/wp-json\/wp\/v2\/media\/19515"}],"wp:attachment":[{"href":"https:\/\/www.promin.it\/fr\/wp-json\/wp\/v2\/media?parent=19675"}],"curies":[{"name":"wp","href":"https:\/\/api.w.org\/{rel}","templated":true}]}}