{"id":19683,"date":"2018-01-17T21:57:07","date_gmt":"2018-01-17T20:57:07","guid":{"rendered":"https:\/\/www.promin.it\/?page_id=19683"},"modified":"2024-12-12T16:54:16","modified_gmt":"2024-12-12T15:54:16","slug":"inositol-2","status":"publish","type":"page","link":"https:\/\/www.promin.it\/fr\/inositol-2\/","title":{"rendered":"Inositolo"},"content":{"rendered":"<section class=\"l-section wpb_row visore-interno height_auto width_full\"><div class=\"l-section-h i-cf\"><div class=\"g-cols vc_row via_grid cols_1-3 laptops-cols_inherit tablets-cols_inherit mobiles-cols_1 valign_middle type_default stacking_default\" style=\"--gap:0rem;\"><div class=\"wpb_column vc_column_container col-visore\"><div class=\"vc_column-inner\"><div class=\"w-image logo-promin-v align_none\"><div class=\"w-image-h\"><img decoding=\"async\" width=\"268\" height=\"117\" src=\"https:\/\/www.promin.it\/wp-content\/uploads\/2024\/09\/promin-logo-v.svg\" class=\"attachment-large size-large\" alt=\"\" loading=\"lazy\" \/><\/div><\/div><\/div><\/div><div class=\"wpb_column vc_column_container col-img componenti\"><div class=\"vc_column-inner\"><div class=\"wpb_text_column\"><div class=\"wpb_wrapper\"><h1>Inositolo<\/h1>\n<\/div><\/div><\/div><\/div><\/div><\/div><\/section><section class=\"l-section wpb_row fascia-breadcrums height_auto\"><div class=\"l-section-h i-cf\"><div class=\"g-cols vc_row via_grid cols_1 laptops-cols_inherit tablets-cols_inherit mobiles-cols_1 valign_top type_default stacking_default\"><div class=\"wpb_column vc_column_container\"><div class=\"vc_column-inner\"><section class=\"l-section wpb_row height_auto\"><div class=\"l-section-h i-cf\"><div class=\"g-cols vc_row via_grid cols_1 laptops-cols_inherit tablets-cols_inherit mobiles-cols_1 valign_middle type_default stacking_default\"><div class=\"wpb_column vc_column_container\"><div class=\"vc_column-inner\">[vc_raw_html]JTNDYSUyMGhyZWYlM0QlMjJodHRwcyUzQSUyRiUyRnRlc3QucHJvbWluLml0JTJGZnIlMkZjb21wb3NhbnRzLWFjdGlmcyUyRiUyMiUzRSUzQ3Rvcm5hJTIwYSUzRCUyMiUyMiUyMHR1dHRpJTNEJTIyJTIyJTIwaSUzRCUyMiUyMiUyMGNvbXBvbmVudGklM0QlMjIlMjIlMjBhdHRpdmklM0QlMjIlMjIlM0UlM0MlMkZ0b3JuYSUzRSUzQyUyRmElM0U=[\/vc_raw_html]<\/div><\/div><\/div><\/div><\/section>\n<\/div><\/div><\/div><\/div><\/section><section class=\"l-section wpb_row fascia-uno inositolo-pag height_small\"><div class=\"l-section-h i-cf\"><div class=\"g-cols vc_row via_grid cols_2 laptops-cols_inherit tablets-cols_inherit mobiles-cols_1 valign_top type_default stacking_default\"><div class=\"wpb_column vc_column_container\"><div class=\"vc_column-inner\"><div class=\"w-image has_ratio align_none\"><div class=\"w-image-h\"><div style=\"padding-bottom:56.25%\"><\/div><img decoding=\"async\" width=\"300\" height=\"300\" src=\"https:\/\/www.promin.it\/wp-content\/uploads\/2024\/10\/Crusca-di-riso-3-1024-px-inositolo-formula-chimica-e1523368606277.webp\" class=\"attachment-large size-large\" alt=\"\" loading=\"lazy\" srcset=\"https:\/\/www.promin.it\/wp-content\/uploads\/2024\/10\/Crusca-di-riso-3-1024-px-inositolo-formula-chimica-e1523368606277.webp 300w, https:\/\/www.promin.it\/wp-content\/uploads\/2024\/10\/Crusca-di-riso-3-1024-px-inositolo-formula-chimica-e1523368606277-150x150.webp 150w\" sizes=\"(max-width: 300px) 100vw, 300px\" \/><\/div><\/div><div class=\"w-separator size_medium\"><\/div><div class=\"wpb_text_column\"><div class=\"wpb_wrapper\"><p><em>Nom scientifique : Myo-Inositol<\/em><\/p>\n<\/div><\/div><\/div><\/div><div class=\"wpb_column vc_column_container\"><div class=\"vc_column-inner\"><div class=\"wpb_text_column\"><div class=\"wpb_wrapper\"><p>Description\u00a0: L\u2019inositol (ou m\u00e9soinsite ou vitamine B7) est un polyol carbocyclique.<\/p>\n<p>L\u2019inositol, \u00e9tant un pr\u00e9curseur des phospholipides, r\u00e9gule la synth\u00e8se de certains neurotransmetteurs et est n\u00e9cessaire \u00e0 leur bon fonctionnement, notamment pour le maintien de niveaux ad\u00e9quats de s\u00e9rotonine et d\u2019ac\u00e9tylcholine.<\/p>\n<p>Revendication selon 432-2012 : NON<\/p>\n<p><em>Les compl\u00e9ments alimentaires formul\u00e9s et produits par Promin qui contiennent &lt;de l\u2019Inositol&gt; sont : <a href=\"https:\/\/www.promin.it\/fr\/integratore-di-inositolo-2-2\/\">INOSIMA 500<\/a><\/em><\/p>\n<\/div><\/div><\/div><\/div><\/div><\/div><\/section>\n","protected":false},"excerpt":{"rendered":"Inositolo [vc_raw_html]JTNDYSUyMGhyZWYlM0QlMjJodHRwcyUzQSUyRiUyRnRlc3QucHJvbWluLml0JTJGZnIlMkZjb21wb3NhbnRzLWFjdGlmcyUyRiUyMiUzRSUzQ3Rvcm5hJTIwYSUzRCUyMiUyMiUyMHR1dHRpJTNEJTIyJTIyJTIwaSUzRCUyMiUyMiUyMGNvbXBvbmVudGklM0QlMjIlMjIlMjBhdHRpdmklM0QlMjIlMjIlM0UlM0MlMkZ0b3JuYSUzRSUzQyUyRmElM0U=[\/vc_raw_html] Nom scientifique : Myo-Inositol Description\u00a0: L\u2019inositol (ou m\u00e9soinsite ou vitamine B7) est un polyol carbocyclique. L\u2019inositol, \u00e9tant un pr\u00e9curseur des phospholipides, r\u00e9gule la synth\u00e8se de certains neurotransmetteurs et est n\u00e9cessaire \u00e0 leur bon fonctionnement, notamment pour le maintien de niveaux ad\u00e9quats de s\u00e9rotonine et d\u2019ac\u00e9tylcholine. Revendication selon 432-2012 : NON Les compl\u00e9ments alimentaires...","protected":false},"author":5,"featured_media":19537,"parent":0,"menu_order":0,"comment_status":"closed","ping_status":"closed","template":"","meta":{"_acf_changed":false,"jetpack_post_was_ever_published":false,"footnotes":""},"class_list":["post-19683","page","type-page","status-publish","has-post-thumbnail","hentry"],"acf":[],"yoast_head":"<!-- This site is optimized with the Yoast SEO plugin v23.4 - https:\/\/yoast.com\/wordpress\/plugins\/seo\/ -->\n<title>Inositol : Compl\u00e9ment Alimentaire pour la Sant\u00e9 | Promin<\/title>\n<meta name=\"description\" content=\"Inositol est un compl\u00e9ment alimentaire pour maintenir votre bien-\u00eatre g\u00e9n\u00e9ral. D\u00e9couvrez ses propri\u00e9t\u00e9s pour am\u00e9liorer votre sant\u00e9.\" \/>\n<meta name=\"robots\" content=\"index, follow, max-snippet:-1, max-image-preview:large, max-video-preview:-1\" \/>\n<link rel=\"canonical\" href=\"https:\/\/www.promin.it\/fr\/inositol-2\/\" \/>\n<meta property=\"og:locale\" content=\"fr_FR\" \/>\n<meta property=\"og:type\" content=\"article\" \/>\n<meta property=\"og:title\" content=\"Inositol : Compl\u00e9ment Alimentaire pour la Sant\u00e9 | Promin\" \/>\n<meta property=\"og:description\" content=\"Inositol est un compl\u00e9ment alimentaire pour maintenir votre bien-\u00eatre g\u00e9n\u00e9ral. D\u00e9couvrez ses propri\u00e9t\u00e9s pour am\u00e9liorer votre sant\u00e9.\" \/>\n<meta property=\"og:url\" content=\"https:\/\/www.promin.it\/fr\/inositol-2\/\" \/>\n<meta property=\"og:site_name\" content=\"Promin\" \/>\n<meta property=\"article:publisher\" content=\"https:\/\/www.facebook.com\/prominmed\" \/>\n<meta property=\"article:modified_time\" content=\"2024-12-12T15:54:16+00:00\" \/>\n<meta property=\"og:image\" content=\"https:\/\/www.promin.it\/wp-content\/uploads\/2024\/10\/Crusca-di-riso-3-1024-px-inositolo-formula-chimica-e1523368606277.webp\" \/>\n\t<meta property=\"og:image:width\" content=\"300\" \/>\n\t<meta property=\"og:image:height\" content=\"300\" \/>\n\t<meta property=\"og:image:type\" content=\"image\/webp\" \/>\n<meta name=\"twitter:card\" content=\"summary_large_image\" \/>\n<script type=\"application\/ld+json\" class=\"yoast-schema-graph\">{\"@context\":\"https:\/\/schema.org\",\"@graph\":[{\"@type\":\"WebPage\",\"@id\":\"https:\/\/www.promin.it\/fr\/inositol-2\/\",\"url\":\"https:\/\/www.promin.it\/fr\/inositol-2\/\",\"name\":\"Inositol : Compl\u00e9ment Alimentaire pour la Sant\u00e9 | Promin\",\"isPartOf\":{\"@id\":\"https:\/\/www.promin.it\/#website\"},\"primaryImageOfPage\":{\"@id\":\"https:\/\/www.promin.it\/fr\/inositol-2\/#primaryimage\"},\"image\":{\"@id\":\"https:\/\/www.promin.it\/fr\/inositol-2\/#primaryimage\"},\"thumbnailUrl\":\"https:\/\/www.promin.it\/wp-content\/uploads\/2024\/10\/Crusca-di-riso-3-1024-px-inositolo-formula-chimica-e1523368606277.webp\",\"datePublished\":\"2018-01-17T20:57:07+00:00\",\"dateModified\":\"2024-12-12T15:54:16+00:00\",\"description\":\"Inositol est un compl\u00e9ment alimentaire pour maintenir votre bien-\u00eatre g\u00e9n\u00e9ral. D\u00e9couvrez ses propri\u00e9t\u00e9s pour am\u00e9liorer votre sant\u00e9.\",\"breadcrumb\":{\"@id\":\"https:\/\/www.promin.it\/fr\/inositol-2\/#breadcrumb\"},\"inLanguage\":\"fr-FR\",\"potentialAction\":[{\"@type\":\"ReadAction\",\"target\":[\"https:\/\/www.promin.it\/fr\/inositol-2\/\"]}]},{\"@type\":\"ImageObject\",\"inLanguage\":\"fr-FR\",\"@id\":\"https:\/\/www.promin.it\/fr\/inositol-2\/#primaryimage\",\"url\":\"https:\/\/www.promin.it\/wp-content\/uploads\/2024\/10\/Crusca-di-riso-3-1024-px-inositolo-formula-chimica-e1523368606277.webp\",\"contentUrl\":\"https:\/\/www.promin.it\/wp-content\/uploads\/2024\/10\/Crusca-di-riso-3-1024-px-inositolo-formula-chimica-e1523368606277.webp\",\"width\":300,\"height\":300},{\"@type\":\"BreadcrumbList\",\"@id\":\"https:\/\/www.promin.it\/fr\/inositol-2\/#breadcrumb\",\"itemListElement\":[{\"@type\":\"ListItem\",\"position\":1,\"name\":\"Accueil\",\"item\":\"https:\/\/www.promin.it\/fr\/\"},{\"@type\":\"ListItem\",\"position\":2,\"name\":\"Inositolo\"}]},{\"@type\":\"WebSite\",\"@id\":\"https:\/\/www.promin.it\/#website\",\"url\":\"https:\/\/www.promin.it\/\",\"name\":\"Promin\",\"description\":\"Prodotti Medicina Integrata\",\"publisher\":{\"@id\":\"https:\/\/www.promin.it\/#organization\"},\"potentialAction\":[{\"@type\":\"SearchAction\",\"target\":{\"@type\":\"EntryPoint\",\"urlTemplate\":\"https:\/\/www.promin.it\/?s={search_term_string}\"},\"query-input\":{\"@type\":\"PropertyValueSpecification\",\"valueRequired\":true,\"valueName\":\"search_term_string\"}}],\"inLanguage\":\"fr-FR\"},{\"@type\":\"Organization\",\"@id\":\"https:\/\/www.promin.it\/#organization\",\"name\":\"Promin Srl\",\"alternateName\":\"Promin - Prodotti Medicina Integrata\",\"url\":\"https:\/\/www.promin.it\/\",\"logo\":{\"@type\":\"ImageObject\",\"inLanguage\":\"fr-FR\",\"@id\":\"https:\/\/www.promin.it\/#\/schema\/logo\/image\/\",\"url\":\"https:\/\/www.promin.it\/wp-content\/uploads\/2024\/11\/logo-promin-seo.jpg\",\"contentUrl\":\"https:\/\/www.promin.it\/wp-content\/uploads\/2024\/11\/logo-promin-seo.jpg\",\"width\":512,\"height\":512,\"caption\":\"Promin Srl\"},\"image\":{\"@id\":\"https:\/\/www.promin.it\/#\/schema\/logo\/image\/\"},\"sameAs\":[\"https:\/\/www.facebook.com\/prominmed\",\"https:\/\/www.instagram.com\/promin_medicina_integrata\/\",\"https:\/\/www.linkedin.com\/company\/promin-prodotti-medicina-integrata\/\"]}]}<\/script>\n<!-- \/ Yoast SEO plugin. -->","yoast_head_json":{"title":"Inositol : Compl\u00e9ment Alimentaire pour la Sant\u00e9 | Promin","description":"Inositol est un compl\u00e9ment alimentaire pour maintenir votre bien-\u00eatre g\u00e9n\u00e9ral. D\u00e9couvrez ses propri\u00e9t\u00e9s pour am\u00e9liorer votre sant\u00e9.","robots":{"index":"index","follow":"follow","max-snippet":"max-snippet:-1","max-image-preview":"max-image-preview:large","max-video-preview":"max-video-preview:-1"},"canonical":"https:\/\/www.promin.it\/fr\/inositol-2\/","og_locale":"fr_FR","og_type":"article","og_title":"Inositol : Compl\u00e9ment Alimentaire pour la Sant\u00e9 | Promin","og_description":"Inositol est un compl\u00e9ment alimentaire pour maintenir votre bien-\u00eatre g\u00e9n\u00e9ral. D\u00e9couvrez ses propri\u00e9t\u00e9s pour am\u00e9liorer votre sant\u00e9.","og_url":"https:\/\/www.promin.it\/fr\/inositol-2\/","og_site_name":"Promin","article_publisher":"https:\/\/www.facebook.com\/prominmed","article_modified_time":"2024-12-12T15:54:16+00:00","og_image":[{"width":300,"height":300,"url":"https:\/\/www.promin.it\/wp-content\/uploads\/2024\/10\/Crusca-di-riso-3-1024-px-inositolo-formula-chimica-e1523368606277.webp","type":"image\/webp"}],"twitter_card":"summary_large_image","schema":{"@context":"https:\/\/schema.org","@graph":[{"@type":"WebPage","@id":"https:\/\/www.promin.it\/fr\/inositol-2\/","url":"https:\/\/www.promin.it\/fr\/inositol-2\/","name":"Inositol : Compl\u00e9ment Alimentaire pour la Sant\u00e9 | Promin","isPartOf":{"@id":"https:\/\/www.promin.it\/#website"},"primaryImageOfPage":{"@id":"https:\/\/www.promin.it\/fr\/inositol-2\/#primaryimage"},"image":{"@id":"https:\/\/www.promin.it\/fr\/inositol-2\/#primaryimage"},"thumbnailUrl":"https:\/\/www.promin.it\/wp-content\/uploads\/2024\/10\/Crusca-di-riso-3-1024-px-inositolo-formula-chimica-e1523368606277.webp","datePublished":"2018-01-17T20:57:07+00:00","dateModified":"2024-12-12T15:54:16+00:00","description":"Inositol est un compl\u00e9ment alimentaire pour maintenir votre bien-\u00eatre g\u00e9n\u00e9ral. D\u00e9couvrez ses propri\u00e9t\u00e9s pour am\u00e9liorer votre sant\u00e9.","breadcrumb":{"@id":"https:\/\/www.promin.it\/fr\/inositol-2\/#breadcrumb"},"inLanguage":"fr-FR","potentialAction":[{"@type":"ReadAction","target":["https:\/\/www.promin.it\/fr\/inositol-2\/"]}]},{"@type":"ImageObject","inLanguage":"fr-FR","@id":"https:\/\/www.promin.it\/fr\/inositol-2\/#primaryimage","url":"https:\/\/www.promin.it\/wp-content\/uploads\/2024\/10\/Crusca-di-riso-3-1024-px-inositolo-formula-chimica-e1523368606277.webp","contentUrl":"https:\/\/www.promin.it\/wp-content\/uploads\/2024\/10\/Crusca-di-riso-3-1024-px-inositolo-formula-chimica-e1523368606277.webp","width":300,"height":300},{"@type":"BreadcrumbList","@id":"https:\/\/www.promin.it\/fr\/inositol-2\/#breadcrumb","itemListElement":[{"@type":"ListItem","position":1,"name":"Accueil","item":"https:\/\/www.promin.it\/fr\/"},{"@type":"ListItem","position":2,"name":"Inositolo"}]},{"@type":"WebSite","@id":"https:\/\/www.promin.it\/#website","url":"https:\/\/www.promin.it\/","name":"Promin","description":"Prodotti Medicina Integrata","publisher":{"@id":"https:\/\/www.promin.it\/#organization"},"potentialAction":[{"@type":"SearchAction","target":{"@type":"EntryPoint","urlTemplate":"https:\/\/www.promin.it\/?s={search_term_string}"},"query-input":{"@type":"PropertyValueSpecification","valueRequired":true,"valueName":"search_term_string"}}],"inLanguage":"fr-FR"},{"@type":"Organization","@id":"https:\/\/www.promin.it\/#organization","name":"Promin Srl","alternateName":"Promin - Prodotti Medicina Integrata","url":"https:\/\/www.promin.it\/","logo":{"@type":"ImageObject","inLanguage":"fr-FR","@id":"https:\/\/www.promin.it\/#\/schema\/logo\/image\/","url":"https:\/\/www.promin.it\/wp-content\/uploads\/2024\/11\/logo-promin-seo.jpg","contentUrl":"https:\/\/www.promin.it\/wp-content\/uploads\/2024\/11\/logo-promin-seo.jpg","width":512,"height":512,"caption":"Promin Srl"},"image":{"@id":"https:\/\/www.promin.it\/#\/schema\/logo\/image\/"},"sameAs":["https:\/\/www.facebook.com\/prominmed","https:\/\/www.instagram.com\/promin_medicina_integrata\/","https:\/\/www.linkedin.com\/company\/promin-prodotti-medicina-integrata\/"]}]}},"jetpack_sharing_enabled":true,"jetpack_shortlink":"https:\/\/wp.me\/PaiRmh-57t","_links":{"self":[{"href":"https:\/\/www.promin.it\/fr\/wp-json\/wp\/v2\/pages\/19683"}],"collection":[{"href":"https:\/\/www.promin.it\/fr\/wp-json\/wp\/v2\/pages"}],"about":[{"href":"https:\/\/www.promin.it\/fr\/wp-json\/wp\/v2\/types\/page"}],"author":[{"embeddable":true,"href":"https:\/\/www.promin.it\/fr\/wp-json\/wp\/v2\/users\/5"}],"replies":[{"embeddable":true,"href":"https:\/\/www.promin.it\/fr\/wp-json\/wp\/v2\/comments?post=19683"}],"version-history":[{"count":3,"href":"https:\/\/www.promin.it\/fr\/wp-json\/wp\/v2\/pages\/19683\/revisions"}],"predecessor-version":[{"id":20455,"href":"https:\/\/www.promin.it\/fr\/wp-json\/wp\/v2\/pages\/19683\/revisions\/20455"}],"wp:featuredmedia":[{"embeddable":true,"href":"https:\/\/www.promin.it\/fr\/wp-json\/wp\/v2\/media\/19537"}],"wp:attachment":[{"href":"https:\/\/www.promin.it\/fr\/wp-json\/wp\/v2\/media?parent=19683"}],"curies":[{"name":"wp","href":"https:\/\/api.w.org\/{rel}","templated":true}]}}