{"id":19690,"date":"2018-01-17T22:07:47","date_gmt":"2018-01-17T21:07:47","guid":{"rendered":"https:\/\/www.promin.it\/?page_id=19690"},"modified":"2024-11-12T15:44:30","modified_gmt":"2024-11-12T14:44:30","slug":"magnesium","status":"publish","type":"page","link":"https:\/\/www.promin.it\/fr\/magnesium\/","title":{"rendered":"Magn\u00e9sium"},"content":{"rendered":"<section class=\"l-section wpb_row visore-interno height_auto width_full\"><div class=\"l-section-h i-cf\"><div class=\"g-cols vc_row via_grid cols_1-3 laptops-cols_inherit tablets-cols_inherit mobiles-cols_1 valign_middle type_default stacking_default\" style=\"--gap:0rem;\"><div class=\"wpb_column vc_column_container col-visore\"><div class=\"vc_column-inner\"><div class=\"w-image logo-promin-v align_none\"><div class=\"w-image-h\"><img decoding=\"async\" width=\"268\" height=\"117\" src=\"https:\/\/www.promin.it\/wp-content\/uploads\/2024\/09\/promin-logo-v.svg\" class=\"attachment-large size-large\" alt=\"\" loading=\"lazy\" \/><\/div><\/div><\/div><\/div><div class=\"wpb_column vc_column_container col-img componenti\"><div class=\"vc_column-inner\"><div class=\"wpb_text_column\"><div class=\"wpb_wrapper\"><h1>Magn\u00e9sium<\/h1>\n<\/div><\/div><\/div><\/div><\/div><\/div><\/section><section class=\"l-section wpb_row fascia-breadcrums height_auto\"><div class=\"l-section-h i-cf\"><div class=\"g-cols vc_row via_grid cols_1 laptops-cols_inherit tablets-cols_inherit mobiles-cols_1 valign_top type_default stacking_default\"><div class=\"wpb_column vc_column_container\"><div class=\"vc_column-inner\"><section class=\"l-section wpb_row height_auto\"><div class=\"l-section-h i-cf\"><div class=\"g-cols vc_row via_grid cols_1 laptops-cols_inherit tablets-cols_inherit mobiles-cols_1 valign_middle type_default stacking_default\"><div class=\"wpb_column vc_column_container\"><div class=\"vc_column-inner\">[vc_raw_html]JTNDYSUyMGhyZWYlM0QlMjJodHRwcyUzQSUyRiUyRnRlc3QucHJvbWluLml0JTJGZnIlMkZjb21wb3NhbnRzLWFjdGlmcyUyRiUyMiUzRSUzQ3Rvcm5hJTIwYSUzRCUyMiUyMiUyMHR1dHRpJTNEJTIyJTIyJTIwaSUzRCUyMiUyMiUyMGNvbXBvbmVudGklM0QlMjIlMjIlMjBhdHRpdmklM0QlMjIlMjIlM0UlM0MlMkZ0b3JuYSUzRSUzQyUyRmElM0U=[\/vc_raw_html]<\/div><\/div><\/div><\/div><\/section>\n<\/div><\/div><\/div><\/div><\/section><section class=\"l-section wpb_row fascia-uno inositolo-pag height_small\"><div class=\"l-section-h i-cf\"><div class=\"g-cols vc_row via_grid cols_2 laptops-cols_inherit tablets-cols_inherit mobiles-cols_1 valign_top type_default stacking_default\"><div class=\"wpb_column vc_column_container\"><div class=\"vc_column-inner\"><div class=\"w-image has_ratio align_none\"><div class=\"w-image-h\"><div style=\"padding-bottom:56.25%\"><\/div><img decoding=\"async\" width=\"1024\" height=\"1024\" src=\"https:\/\/www.promin.it\/wp-content\/uploads\/2024\/10\/Noce-1024-PX.webp\" class=\"attachment-large size-large\" alt=\"\" loading=\"lazy\" srcset=\"https:\/\/www.promin.it\/wp-content\/uploads\/2024\/10\/Noce-1024-PX.webp 1024w, https:\/\/www.promin.it\/wp-content\/uploads\/2024\/10\/Noce-1024-PX-300x300.webp 300w, https:\/\/www.promin.it\/wp-content\/uploads\/2024\/10\/Noce-1024-PX-150x150.webp 150w, https:\/\/www.promin.it\/wp-content\/uploads\/2024\/10\/Noce-1024-PX-600x600.webp 600w\" sizes=\"(max-width: 1024px) 100vw, 1024px\" \/><\/div><\/div><div class=\"w-separator size_medium\"><\/div><div class=\"wpb_text_column\"><div class=\"wpb_wrapper\"><p><em>Description&nbsp;: Le magn\u00e9sium est le huiti\u00e8me \u00e9l\u00e9ment le plus abondant et repr\u00e9sente environ 2% de la cro\u00fbte terrestre.<\/em><\/p>\n<p>\u00c0 partir de la lib\u00e9ration des deux \u00e9lectrons pr\u00e9sents dans la couche la plus externe de l\u2019atome de magn\u00e9sium, l\u2019ion magn\u00e9sium (Mg2+) est form\u00e9, qui constitue la forme r\u00e9active de l\u2019\u00e9l\u00e9ment, capable de se lier aux macromol\u00e9cules et de servir de cofacteur enzymatique.<\/p>\n<\/div><\/div><\/div><\/div><div class=\"wpb_column vc_column_container\"><div class=\"vc_column-inner\"><div class=\"wpb_text_column\"><div class=\"wpb_wrapper\"><p>All\u00e9gation selon 432-2012 :<\/p>\n<p>Le magn\u00e9sium contribue \u00e0 la r\u00e9duction de la fatigue et de l\u2019\u00e9puisement<br \/>\nLe magn\u00e9sium contribue \u00e0 l\u2019\u00e9quilibre \u00e9lectrolytique<br \/>\nLe magn\u00e9sium contribue \u00e0 un m\u00e9tabolisme \u00e9nerg\u00e9tique normal<br \/>\nLe magn\u00e9sium contribue au fonctionnement normal du syst\u00e8me nerveux<br \/>\nLe magn\u00e9sium contribue \u00e0 une fonction musculaire<br \/>\nnormale Le magn\u00e9sium contribue \u00e0 la synth\u00e8se normale des prot\u00e9ines<br \/>\nLe magn\u00e9sium contribue \u00e0 une fonction psychologique<br \/>\n normaleLe magn\u00e9sium contribue au maintien d\u2019une ossature normale<br \/>\nLe magn\u00e9sium contribue au maintien d\u2019une dentition normale<\/p>\n<p> <em>Les compl\u00e9ments alimentaires formul\u00e9s et produits par Promin qui contiennent &lt;du magn\u00e9sium&gt; sont : <a href=\"https:\/\/www.promin.it\/fr\/?post_type=schede_prodotto&#038;p=19206\">ASCOPROMIN MG<\/a><\/em><\/p>\n<\/div><\/div><\/div><\/div><\/div><\/div><\/section>\n","protected":false},"excerpt":{"rendered":"Magn\u00e9sium [vc_raw_html]JTNDYSUyMGhyZWYlM0QlMjJodHRwcyUzQSUyRiUyRnRlc3QucHJvbWluLml0JTJGZnIlMkZjb21wb3NhbnRzLWFjdGlmcyUyRiUyMiUzRSUzQ3Rvcm5hJTIwYSUzRCUyMiUyMiUyMHR1dHRpJTNEJTIyJTIyJTIwaSUzRCUyMiUyMiUyMGNvbXBvbmVudGklM0QlMjIlMjIlMjBhdHRpdmklM0QlMjIlMjIlM0UlM0MlMkZ0b3JuYSUzRSUzQyUyRmElM0U=[\/vc_raw_html] Description&nbsp;: Le magn\u00e9sium est le huiti\u00e8me \u00e9l\u00e9ment le plus abondant et repr\u00e9sente environ 2% de la cro\u00fbte terrestre. \u00c0 partir de la lib\u00e9ration des deux \u00e9lectrons pr\u00e9sents dans la couche la plus externe de l\u2019atome de magn\u00e9sium, l\u2019ion magn\u00e9sium (Mg2+) est form\u00e9, qui constitue la forme r\u00e9active de l\u2019\u00e9l\u00e9ment, capable de se lier...","protected":false},"author":5,"featured_media":19554,"parent":0,"menu_order":0,"comment_status":"closed","ping_status":"closed","template":"","meta":{"_acf_changed":false,"jetpack_post_was_ever_published":false,"footnotes":""},"class_list":["post-19690","page","type-page","status-publish","has-post-thumbnail","hentry"],"acf":[],"yoast_head":"<!-- This site is optimized with the Yoast SEO plugin v23.4 - https:\/\/yoast.com\/wordpress\/plugins\/seo\/ -->\n<title>Magn\u00e9sium - Promin<\/title>\n<meta name=\"robots\" content=\"index, follow, max-snippet:-1, max-image-preview:large, max-video-preview:-1\" \/>\n<link rel=\"canonical\" href=\"https:\/\/www.promin.it\/fr\/magnesium\/\" \/>\n<meta property=\"og:locale\" content=\"fr_FR\" \/>\n<meta property=\"og:type\" content=\"article\" \/>\n<meta property=\"og:title\" content=\"Magn\u00e9sium - Promin\" \/>\n<meta property=\"og:url\" content=\"https:\/\/www.promin.it\/fr\/magnesium\/\" \/>\n<meta property=\"og:site_name\" content=\"Promin\" \/>\n<meta property=\"article:publisher\" content=\"https:\/\/www.facebook.com\/prominmed\" \/>\n<meta property=\"article:modified_time\" content=\"2024-11-12T14:44:30+00:00\" \/>\n<meta property=\"og:image\" content=\"https:\/\/www.promin.it\/wp-content\/uploads\/2024\/10\/Noce-1024-PX.webp\" \/>\n\t<meta property=\"og:image:width\" content=\"1024\" \/>\n\t<meta property=\"og:image:height\" content=\"1024\" \/>\n\t<meta property=\"og:image:type\" content=\"image\/webp\" \/>\n<meta name=\"twitter:card\" content=\"summary_large_image\" \/>\n<script type=\"application\/ld+json\" class=\"yoast-schema-graph\">{\"@context\":\"https:\/\/schema.org\",\"@graph\":[{\"@type\":\"WebPage\",\"@id\":\"https:\/\/www.promin.it\/fr\/magnesium\/\",\"url\":\"https:\/\/www.promin.it\/fr\/magnesium\/\",\"name\":\"Magn\u00e9sium - Promin\",\"isPartOf\":{\"@id\":\"https:\/\/www.promin.it\/#website\"},\"primaryImageOfPage\":{\"@id\":\"https:\/\/www.promin.it\/fr\/magnesium\/#primaryimage\"},\"image\":{\"@id\":\"https:\/\/www.promin.it\/fr\/magnesium\/#primaryimage\"},\"thumbnailUrl\":\"https:\/\/www.promin.it\/wp-content\/uploads\/2024\/10\/Noce-1024-PX.webp\",\"datePublished\":\"2018-01-17T21:07:47+00:00\",\"dateModified\":\"2024-11-12T14:44:30+00:00\",\"breadcrumb\":{\"@id\":\"https:\/\/www.promin.it\/fr\/magnesium\/#breadcrumb\"},\"inLanguage\":\"fr-FR\",\"potentialAction\":[{\"@type\":\"ReadAction\",\"target\":[\"https:\/\/www.promin.it\/fr\/magnesium\/\"]}]},{\"@type\":\"ImageObject\",\"inLanguage\":\"fr-FR\",\"@id\":\"https:\/\/www.promin.it\/fr\/magnesium\/#primaryimage\",\"url\":\"https:\/\/www.promin.it\/wp-content\/uploads\/2024\/10\/Noce-1024-PX.webp\",\"contentUrl\":\"https:\/\/www.promin.it\/wp-content\/uploads\/2024\/10\/Noce-1024-PX.webp\",\"width\":1024,\"height\":1024},{\"@type\":\"BreadcrumbList\",\"@id\":\"https:\/\/www.promin.it\/fr\/magnesium\/#breadcrumb\",\"itemListElement\":[{\"@type\":\"ListItem\",\"position\":1,\"name\":\"Accueil\",\"item\":\"https:\/\/www.promin.it\/fr\/\"},{\"@type\":\"ListItem\",\"position\":2,\"name\":\"Magn\u00e9sium\"}]},{\"@type\":\"WebSite\",\"@id\":\"https:\/\/www.promin.it\/#website\",\"url\":\"https:\/\/www.promin.it\/\",\"name\":\"Promin\",\"description\":\"Prodotti Medicina Integrata\",\"publisher\":{\"@id\":\"https:\/\/www.promin.it\/#organization\"},\"potentialAction\":[{\"@type\":\"SearchAction\",\"target\":{\"@type\":\"EntryPoint\",\"urlTemplate\":\"https:\/\/www.promin.it\/?s={search_term_string}\"},\"query-input\":{\"@type\":\"PropertyValueSpecification\",\"valueRequired\":true,\"valueName\":\"search_term_string\"}}],\"inLanguage\":\"fr-FR\"},{\"@type\":\"Organization\",\"@id\":\"https:\/\/www.promin.it\/#organization\",\"name\":\"Promin Srl\",\"alternateName\":\"Promin - Prodotti Medicina Integrata\",\"url\":\"https:\/\/www.promin.it\/\",\"logo\":{\"@type\":\"ImageObject\",\"inLanguage\":\"fr-FR\",\"@id\":\"https:\/\/www.promin.it\/#\/schema\/logo\/image\/\",\"url\":\"https:\/\/www.promin.it\/wp-content\/uploads\/2024\/11\/logo-promin-seo.jpg\",\"contentUrl\":\"https:\/\/www.promin.it\/wp-content\/uploads\/2024\/11\/logo-promin-seo.jpg\",\"width\":512,\"height\":512,\"caption\":\"Promin Srl\"},\"image\":{\"@id\":\"https:\/\/www.promin.it\/#\/schema\/logo\/image\/\"},\"sameAs\":[\"https:\/\/www.facebook.com\/prominmed\",\"https:\/\/www.instagram.com\/promin_medicina_integrata\/\",\"https:\/\/www.linkedin.com\/company\/promin-prodotti-medicina-integrata\/\"]}]}<\/script>\n<!-- \/ Yoast SEO plugin. -->","yoast_head_json":{"title":"Magn\u00e9sium - Promin","robots":{"index":"index","follow":"follow","max-snippet":"max-snippet:-1","max-image-preview":"max-image-preview:large","max-video-preview":"max-video-preview:-1"},"canonical":"https:\/\/www.promin.it\/fr\/magnesium\/","og_locale":"fr_FR","og_type":"article","og_title":"Magn\u00e9sium - Promin","og_url":"https:\/\/www.promin.it\/fr\/magnesium\/","og_site_name":"Promin","article_publisher":"https:\/\/www.facebook.com\/prominmed","article_modified_time":"2024-11-12T14:44:30+00:00","og_image":[{"width":1024,"height":1024,"url":"https:\/\/www.promin.it\/wp-content\/uploads\/2024\/10\/Noce-1024-PX.webp","type":"image\/webp"}],"twitter_card":"summary_large_image","schema":{"@context":"https:\/\/schema.org","@graph":[{"@type":"WebPage","@id":"https:\/\/www.promin.it\/fr\/magnesium\/","url":"https:\/\/www.promin.it\/fr\/magnesium\/","name":"Magn\u00e9sium - Promin","isPartOf":{"@id":"https:\/\/www.promin.it\/#website"},"primaryImageOfPage":{"@id":"https:\/\/www.promin.it\/fr\/magnesium\/#primaryimage"},"image":{"@id":"https:\/\/www.promin.it\/fr\/magnesium\/#primaryimage"},"thumbnailUrl":"https:\/\/www.promin.it\/wp-content\/uploads\/2024\/10\/Noce-1024-PX.webp","datePublished":"2018-01-17T21:07:47+00:00","dateModified":"2024-11-12T14:44:30+00:00","breadcrumb":{"@id":"https:\/\/www.promin.it\/fr\/magnesium\/#breadcrumb"},"inLanguage":"fr-FR","potentialAction":[{"@type":"ReadAction","target":["https:\/\/www.promin.it\/fr\/magnesium\/"]}]},{"@type":"ImageObject","inLanguage":"fr-FR","@id":"https:\/\/www.promin.it\/fr\/magnesium\/#primaryimage","url":"https:\/\/www.promin.it\/wp-content\/uploads\/2024\/10\/Noce-1024-PX.webp","contentUrl":"https:\/\/www.promin.it\/wp-content\/uploads\/2024\/10\/Noce-1024-PX.webp","width":1024,"height":1024},{"@type":"BreadcrumbList","@id":"https:\/\/www.promin.it\/fr\/magnesium\/#breadcrumb","itemListElement":[{"@type":"ListItem","position":1,"name":"Accueil","item":"https:\/\/www.promin.it\/fr\/"},{"@type":"ListItem","position":2,"name":"Magn\u00e9sium"}]},{"@type":"WebSite","@id":"https:\/\/www.promin.it\/#website","url":"https:\/\/www.promin.it\/","name":"Promin","description":"Prodotti Medicina Integrata","publisher":{"@id":"https:\/\/www.promin.it\/#organization"},"potentialAction":[{"@type":"SearchAction","target":{"@type":"EntryPoint","urlTemplate":"https:\/\/www.promin.it\/?s={search_term_string}"},"query-input":{"@type":"PropertyValueSpecification","valueRequired":true,"valueName":"search_term_string"}}],"inLanguage":"fr-FR"},{"@type":"Organization","@id":"https:\/\/www.promin.it\/#organization","name":"Promin Srl","alternateName":"Promin - Prodotti Medicina Integrata","url":"https:\/\/www.promin.it\/","logo":{"@type":"ImageObject","inLanguage":"fr-FR","@id":"https:\/\/www.promin.it\/#\/schema\/logo\/image\/","url":"https:\/\/www.promin.it\/wp-content\/uploads\/2024\/11\/logo-promin-seo.jpg","contentUrl":"https:\/\/www.promin.it\/wp-content\/uploads\/2024\/11\/logo-promin-seo.jpg","width":512,"height":512,"caption":"Promin Srl"},"image":{"@id":"https:\/\/www.promin.it\/#\/schema\/logo\/image\/"},"sameAs":["https:\/\/www.facebook.com\/prominmed","https:\/\/www.instagram.com\/promin_medicina_integrata\/","https:\/\/www.linkedin.com\/company\/promin-prodotti-medicina-integrata\/"]}]}},"jetpack_sharing_enabled":true,"jetpack_shortlink":"https:\/\/wp.me\/PaiRmh-57A","_links":{"self":[{"href":"https:\/\/www.promin.it\/fr\/wp-json\/wp\/v2\/pages\/19690"}],"collection":[{"href":"https:\/\/www.promin.it\/fr\/wp-json\/wp\/v2\/pages"}],"about":[{"href":"https:\/\/www.promin.it\/fr\/wp-json\/wp\/v2\/types\/page"}],"author":[{"embeddable":true,"href":"https:\/\/www.promin.it\/fr\/wp-json\/wp\/v2\/users\/5"}],"replies":[{"embeddable":true,"href":"https:\/\/www.promin.it\/fr\/wp-json\/wp\/v2\/comments?post=19690"}],"version-history":[{"count":3,"href":"https:\/\/www.promin.it\/fr\/wp-json\/wp\/v2\/pages\/19690\/revisions"}],"predecessor-version":[{"id":20119,"href":"https:\/\/www.promin.it\/fr\/wp-json\/wp\/v2\/pages\/19690\/revisions\/20119"}],"wp:featuredmedia":[{"embeddable":true,"href":"https:\/\/www.promin.it\/fr\/wp-json\/wp\/v2\/media\/19554"}],"wp:attachment":[{"href":"https:\/\/www.promin.it\/fr\/wp-json\/wp\/v2\/media?parent=19690"}],"curies":[{"name":"wp","href":"https:\/\/api.w.org\/{rel}","templated":true}]}}