{"id":19696,"date":"2018-01-17T22:14:24","date_gmt":"2018-01-17T21:14:24","guid":{"rendered":"https:\/\/www.promin.it\/?page_id=19696"},"modified":"2024-11-12T15:46:09","modified_gmt":"2024-11-12T14:46:09","slug":"manne-de-ble-entier-de-cendre-2","status":"publish","type":"page","link":"https:\/\/www.promin.it\/fr\/manne-de-ble-entier-de-cendre-2\/","title":{"rendered":"Manne compl\u00e8te de cendres"},"content":{"rendered":"<section class=\"l-section wpb_row visore-interno height_auto width_full\"><div class=\"l-section-h i-cf\"><div class=\"g-cols vc_row via_grid cols_1-3 laptops-cols_inherit tablets-cols_inherit mobiles-cols_1 valign_middle type_default stacking_default\" style=\"--gap:0rem;\"><div class=\"wpb_column vc_column_container col-visore\"><div class=\"vc_column-inner\"><div class=\"w-image logo-promin-v align_none\"><div class=\"w-image-h\"><img decoding=\"async\" width=\"268\" height=\"117\" src=\"https:\/\/www.promin.it\/wp-content\/uploads\/2024\/09\/promin-logo-v.svg\" class=\"attachment-large size-large\" alt=\"\" loading=\"lazy\" \/><\/div><\/div><\/div><\/div><div class=\"wpb_column vc_column_container col-img componenti\"><div class=\"vc_column-inner\"><div class=\"wpb_text_column\"><div class=\"wpb_wrapper\"><h1>Manne compl\u00e8te de cendres<\/h1>\n<\/div><\/div><\/div><\/div><\/div><\/div><\/section><section class=\"l-section wpb_row fascia-breadcrums height_auto\"><div class=\"l-section-h i-cf\"><div class=\"g-cols vc_row via_grid cols_1 laptops-cols_inherit tablets-cols_inherit mobiles-cols_1 valign_top type_default stacking_default\"><div class=\"wpb_column vc_column_container\"><div class=\"vc_column-inner\"><section class=\"l-section wpb_row height_auto\"><div class=\"l-section-h i-cf\"><div class=\"g-cols vc_row via_grid cols_1 laptops-cols_inherit tablets-cols_inherit mobiles-cols_1 valign_middle type_default stacking_default\"><div class=\"wpb_column vc_column_container\"><div class=\"vc_column-inner\">[vc_raw_html]JTNDYSUyMGhyZWYlM0QlMjJodHRwcyUzQSUyRiUyRnRlc3QucHJvbWluLml0JTJGZnIlMkZjb21wb3NhbnRzLWFjdGlmcyUyRiUyMiUzRSUzQ3Rvcm5hJTIwYSUzRCUyMiUyMiUyMHR1dHRpJTNEJTIyJTIyJTIwaSUzRCUyMiUyMiUyMGNvbXBvbmVudGklM0QlMjIlMjIlMjBhdHRpdmklM0QlMjIlMjIlM0UlM0MlMkZ0b3JuYSUzRSUzQyUyRmElM0U=[\/vc_raw_html]<\/div><\/div><\/div><\/div><\/section>\n<\/div><\/div><\/div><\/div><\/section><section class=\"l-section wpb_row fascia-uno inositolo-pag height_small\"><div class=\"l-section-h i-cf\"><div class=\"g-cols vc_row via_grid cols_2 laptops-cols_inherit tablets-cols_inherit mobiles-cols_1 valign_top type_default stacking_default\"><div class=\"wpb_column vc_column_container\"><div class=\"vc_column-inner\"><div class=\"w-image has_ratio align_none\"><div class=\"w-image-h\"><div style=\"padding-bottom:56.25%\"><\/div><img decoding=\"async\" width=\"1024\" height=\"1024\" src=\"https:\/\/www.promin.it\/wp-content\/uploads\/2017\/11\/manna-1024-px.jpg\" class=\"attachment-large size-large\" alt=\"\" loading=\"lazy\" srcset=\"https:\/\/www.promin.it\/wp-content\/uploads\/2017\/11\/manna-1024-px.jpg 1024w, https:\/\/www.promin.it\/wp-content\/uploads\/2017\/11\/manna-1024-px-300x300.jpg 300w, https:\/\/www.promin.it\/wp-content\/uploads\/2017\/11\/manna-1024-px-100x100.jpg 100w, https:\/\/www.promin.it\/wp-content\/uploads\/2017\/11\/manna-1024-px-600x600.jpg 600w, https:\/\/www.promin.it\/wp-content\/uploads\/2017\/11\/manna-1024-px-150x150.jpg 150w, https:\/\/www.promin.it\/wp-content\/uploads\/2017\/11\/manna-1024-px-768x768.jpg 768w, https:\/\/www.promin.it\/wp-content\/uploads\/2017\/11\/manna-1024-px-370x370.jpg 370w\" sizes=\"(max-width: 1024px) 100vw, 1024px\" \/><\/div><\/div><div class=\"w-separator size_medium\"><\/div><div class=\"wpb_text_column\"><div class=\"wpb_wrapper\"><p><em>Description&nbsp;: La manne est la s\u00e8ve extraite de l\u2019\u00e9corce des fr\u00eanes.<\/em><\/p>\n<p><em>Nom botanique : Fraxinus ornus L.<\/em><\/p>\n<p>Il s\u2019agit d\u2019une s\u00e8ve naturelle compos\u00e9e principalement de mannitol et de manninotriose mais aussi de manninot\u00e9rose, de glucose et de fructose. Des \u00e9l\u00e9ments tels que des min\u00e9raux, des r\u00e9sines, des vitamines, des enzymes, des mucilages et des tanins sont \u00e9galement pr\u00e9sents dans cette substance rare et pr\u00e9cieuse. La composition de cette mati\u00e8re premi\u00e8re est extr\u00eamement complexe et peut varier en fonction d\u2019innombrables facteurs tels que le substrat dans lequel la plante pousse, l\u2019exposition et l\u2019\u00e2ge de la plante elle-m\u00eame.<\/p>\n<\/div><\/div><\/div><\/div><div class=\"wpb_column vc_column_container\"><div class=\"vc_column-inner\"><div class=\"wpb_text_column\"><div class=\"wpb_wrapper\"><p>Ce sont les mannite, le mucilage et les acides organiques contenus dans la manne qui pr\u00e9sentent un int\u00e9r\u00eat consid\u00e9rable : ces substances sont en effet utiles pour la r\u00e9gulation du poids corporel et contribuent \u00e0 l\u2019\u00e9limination normale des d\u00e9chets et de l\u2019exc\u00e8s de graisse. Les composants antioxydants pr\u00e9sents en grande quantit\u00e9 dans la manne lui conf\u00e8rent \u00e9galement une propri\u00e9t\u00e9 purifiante pour l\u2019ensemble de l\u2019organisme. \u00c0 toutes ces caract\u00e9ristiques importantes, il faut ajouter le fait que la manne est facilement assimilable par l\u2019organisme et qu\u2019elle est donc rapide \u00e0 utiliser.<\/p>\n<p><a class=\"w-btn us-btn-style_2 usg_btn_1\" href=\"http:\/\/obiettivobenessere.tgcom24.it\/2010\/12\/03\/la-manna-regolarizza-lintestino-e-ti-aiuta-a-perdere-peso\/\" target=\"_blank\" rel=\"noopener\"><span class=\"w-btn-label\">Id\u00e9es<\/span><\/a><\/p>\n<p>All\u00e9gation de sant\u00e9 (Min Sal. D\u00e9cret 9\/07\/2012) :<\/p>\n<p>R\u00e9gularit\u00e9 du transit intestinal.<br \/>\nVolume et consistance normaux des selles.<\/p>\n<p>Promin s\u2019engage \u00e0 choisir quotidiennement des mati\u00e8res premi\u00e8res de valeur absolue, contr\u00f4l\u00e9es et test\u00e9es selon des normes strictes et dans le respect de toutes les exigences l\u00e9gales.<\/p>\n<p><em>Les compl\u00e9ments alimentaires formul\u00e9s et produits par Promin que je contiens sont : <a href=\"\/mannoli\/\">MANNOL\u00cc<\/a><\/em><\/p>\n<\/div><\/div><\/div><\/div><\/div><\/div><\/section>\n","protected":false},"excerpt":{"rendered":"Manne compl\u00e8te de cendres [vc_raw_html]JTNDYSUyMGhyZWYlM0QlMjJodHRwcyUzQSUyRiUyRnRlc3QucHJvbWluLml0JTJGZnIlMkZjb21wb3NhbnRzLWFjdGlmcyUyRiUyMiUzRSUzQ3Rvcm5hJTIwYSUzRCUyMiUyMiUyMHR1dHRpJTNEJTIyJTIyJTIwaSUzRCUyMiUyMiUyMGNvbXBvbmVudGklM0QlMjIlMjIlMjBhdHRpdmklM0QlMjIlMjIlM0UlM0MlMkZ0b3JuYSUzRSUzQyUyRmElM0U=[\/vc_raw_html] Description&nbsp;: La manne est la s\u00e8ve extraite de l\u2019\u00e9corce des fr\u00eanes. Nom botanique : Fraxinus ornus L. Il s\u2019agit d\u2019une s\u00e8ve naturelle compos\u00e9e principalement de mannitol et de manninotriose mais aussi de manninot\u00e9rose, de glucose et de fructose. Des \u00e9l\u00e9ments tels que des min\u00e9raux, des r\u00e9sines, des vitamines, des enzymes,...","protected":false},"author":5,"featured_media":18551,"parent":0,"menu_order":0,"comment_status":"closed","ping_status":"closed","template":"","meta":{"_acf_changed":false,"jetpack_post_was_ever_published":false,"footnotes":""},"class_list":["post-19696","page","type-page","status-publish","has-post-thumbnail","hentry"],"acf":[],"yoast_head":"<!-- This site is optimized with the Yoast SEO plugin v23.4 - https:\/\/yoast.com\/wordpress\/plugins\/seo\/ -->\n<title>Manne compl\u00e8te de cendres - Promin - Prodotti Medicina Integrata<\/title>\n<meta name=\"description\" content=\"La manne compl\u00e8te de cendres est une substance naturelle tr\u00e8s complexe dont les composants sont utiles pour la r\u00e9gularit\u00e9 du transit intestinal et...\" \/>\n<meta name=\"robots\" content=\"index, follow, max-snippet:-1, max-image-preview:large, max-video-preview:-1\" \/>\n<link rel=\"canonical\" href=\"https:\/\/www.promin.it\/fr\/manne-de-ble-entier-de-cendre-2\/\" \/>\n<meta property=\"og:locale\" content=\"fr_FR\" \/>\n<meta property=\"og:type\" content=\"article\" \/>\n<meta property=\"og:title\" content=\"Manne compl\u00e8te de cendres - Promin - Prodotti Medicina Integrata\" \/>\n<meta property=\"og:description\" content=\"La manne compl\u00e8te de cendres est une substance naturelle tr\u00e8s complexe dont les composants sont utiles pour la r\u00e9gularit\u00e9 du transit intestinal et...\" \/>\n<meta property=\"og:url\" content=\"https:\/\/www.promin.it\/fr\/manne-de-ble-entier-de-cendre-2\/\" \/>\n<meta property=\"og:site_name\" content=\"Promin\" \/>\n<meta property=\"article:publisher\" content=\"https:\/\/www.facebook.com\/prominmed\" \/>\n<meta property=\"article:modified_time\" content=\"2024-11-12T14:46:09+00:00\" \/>\n<meta property=\"og:image\" content=\"https:\/\/www.promin.it\/wp-content\/uploads\/2017\/11\/manna-1024-px.jpg\" \/>\n\t<meta property=\"og:image:width\" content=\"1024\" \/>\n\t<meta property=\"og:image:height\" content=\"1024\" \/>\n\t<meta property=\"og:image:type\" content=\"image\/jpeg\" \/>\n<meta name=\"twitter:card\" content=\"summary_large_image\" \/>\n<script type=\"application\/ld+json\" class=\"yoast-schema-graph\">{\"@context\":\"https:\/\/schema.org\",\"@graph\":[{\"@type\":\"WebPage\",\"@id\":\"https:\/\/www.promin.it\/fr\/manne-de-ble-entier-de-cendre-2\/\",\"url\":\"https:\/\/www.promin.it\/fr\/manne-de-ble-entier-de-cendre-2\/\",\"name\":\"Manne compl\u00e8te de cendres - Promin - Prodotti Medicina Integrata\",\"isPartOf\":{\"@id\":\"https:\/\/www.promin.it\/#website\"},\"primaryImageOfPage\":{\"@id\":\"https:\/\/www.promin.it\/fr\/manne-de-ble-entier-de-cendre-2\/#primaryimage\"},\"image\":{\"@id\":\"https:\/\/www.promin.it\/fr\/manne-de-ble-entier-de-cendre-2\/#primaryimage\"},\"thumbnailUrl\":\"https:\/\/www.promin.it\/wp-content\/uploads\/2017\/11\/manna-1024-px.jpg\",\"datePublished\":\"2018-01-17T21:14:24+00:00\",\"dateModified\":\"2024-11-12T14:46:09+00:00\",\"description\":\"La manne compl\u00e8te de cendres est une substance naturelle tr\u00e8s complexe dont les composants sont utiles pour la r\u00e9gularit\u00e9 du transit intestinal et...\",\"breadcrumb\":{\"@id\":\"https:\/\/www.promin.it\/fr\/manne-de-ble-entier-de-cendre-2\/#breadcrumb\"},\"inLanguage\":\"fr-FR\",\"potentialAction\":[{\"@type\":\"ReadAction\",\"target\":[\"https:\/\/www.promin.it\/fr\/manne-de-ble-entier-de-cendre-2\/\"]}]},{\"@type\":\"ImageObject\",\"inLanguage\":\"fr-FR\",\"@id\":\"https:\/\/www.promin.it\/fr\/manne-de-ble-entier-de-cendre-2\/#primaryimage\",\"url\":\"https:\/\/www.promin.it\/wp-content\/uploads\/2017\/11\/manna-1024-px.jpg\",\"contentUrl\":\"https:\/\/www.promin.it\/wp-content\/uploads\/2017\/11\/manna-1024-px.jpg\",\"width\":1024,\"height\":1024},{\"@type\":\"BreadcrumbList\",\"@id\":\"https:\/\/www.promin.it\/fr\/manne-de-ble-entier-de-cendre-2\/#breadcrumb\",\"itemListElement\":[{\"@type\":\"ListItem\",\"position\":1,\"name\":\"Accueil\",\"item\":\"https:\/\/www.promin.it\/fr\/\"},{\"@type\":\"ListItem\",\"position\":2,\"name\":\"Manne compl\u00e8te de cendres\"}]},{\"@type\":\"WebSite\",\"@id\":\"https:\/\/www.promin.it\/#website\",\"url\":\"https:\/\/www.promin.it\/\",\"name\":\"Promin\",\"description\":\"Prodotti Medicina Integrata\",\"publisher\":{\"@id\":\"https:\/\/www.promin.it\/#organization\"},\"potentialAction\":[{\"@type\":\"SearchAction\",\"target\":{\"@type\":\"EntryPoint\",\"urlTemplate\":\"https:\/\/www.promin.it\/?s={search_term_string}\"},\"query-input\":{\"@type\":\"PropertyValueSpecification\",\"valueRequired\":true,\"valueName\":\"search_term_string\"}}],\"inLanguage\":\"fr-FR\"},{\"@type\":\"Organization\",\"@id\":\"https:\/\/www.promin.it\/#organization\",\"name\":\"Promin Srl\",\"alternateName\":\"Promin - Prodotti Medicina Integrata\",\"url\":\"https:\/\/www.promin.it\/\",\"logo\":{\"@type\":\"ImageObject\",\"inLanguage\":\"fr-FR\",\"@id\":\"https:\/\/www.promin.it\/#\/schema\/logo\/image\/\",\"url\":\"https:\/\/www.promin.it\/wp-content\/uploads\/2024\/11\/logo-promin-seo.jpg\",\"contentUrl\":\"https:\/\/www.promin.it\/wp-content\/uploads\/2024\/11\/logo-promin-seo.jpg\",\"width\":512,\"height\":512,\"caption\":\"Promin Srl\"},\"image\":{\"@id\":\"https:\/\/www.promin.it\/#\/schema\/logo\/image\/\"},\"sameAs\":[\"https:\/\/www.facebook.com\/prominmed\",\"https:\/\/www.instagram.com\/promin_medicina_integrata\/\",\"https:\/\/www.linkedin.com\/company\/promin-prodotti-medicina-integrata\/\"]}]}<\/script>\n<!-- \/ Yoast SEO plugin. -->","yoast_head_json":{"title":"Manne compl\u00e8te de cendres - Promin - Prodotti Medicina Integrata","description":"La manne compl\u00e8te de cendres est une substance naturelle tr\u00e8s complexe dont les composants sont utiles pour la r\u00e9gularit\u00e9 du transit intestinal et...","robots":{"index":"index","follow":"follow","max-snippet":"max-snippet:-1","max-image-preview":"max-image-preview:large","max-video-preview":"max-video-preview:-1"},"canonical":"https:\/\/www.promin.it\/fr\/manne-de-ble-entier-de-cendre-2\/","og_locale":"fr_FR","og_type":"article","og_title":"Manne compl\u00e8te de cendres - Promin - Prodotti Medicina Integrata","og_description":"La manne compl\u00e8te de cendres est une substance naturelle tr\u00e8s complexe dont les composants sont utiles pour la r\u00e9gularit\u00e9 du transit intestinal et...","og_url":"https:\/\/www.promin.it\/fr\/manne-de-ble-entier-de-cendre-2\/","og_site_name":"Promin","article_publisher":"https:\/\/www.facebook.com\/prominmed","article_modified_time":"2024-11-12T14:46:09+00:00","og_image":[{"width":1024,"height":1024,"url":"https:\/\/www.promin.it\/wp-content\/uploads\/2017\/11\/manna-1024-px.jpg","type":"image\/jpeg"}],"twitter_card":"summary_large_image","schema":{"@context":"https:\/\/schema.org","@graph":[{"@type":"WebPage","@id":"https:\/\/www.promin.it\/fr\/manne-de-ble-entier-de-cendre-2\/","url":"https:\/\/www.promin.it\/fr\/manne-de-ble-entier-de-cendre-2\/","name":"Manne compl\u00e8te de cendres - Promin - Prodotti Medicina Integrata","isPartOf":{"@id":"https:\/\/www.promin.it\/#website"},"primaryImageOfPage":{"@id":"https:\/\/www.promin.it\/fr\/manne-de-ble-entier-de-cendre-2\/#primaryimage"},"image":{"@id":"https:\/\/www.promin.it\/fr\/manne-de-ble-entier-de-cendre-2\/#primaryimage"},"thumbnailUrl":"https:\/\/www.promin.it\/wp-content\/uploads\/2017\/11\/manna-1024-px.jpg","datePublished":"2018-01-17T21:14:24+00:00","dateModified":"2024-11-12T14:46:09+00:00","description":"La manne compl\u00e8te de cendres est une substance naturelle tr\u00e8s complexe dont les composants sont utiles pour la r\u00e9gularit\u00e9 du transit intestinal et...","breadcrumb":{"@id":"https:\/\/www.promin.it\/fr\/manne-de-ble-entier-de-cendre-2\/#breadcrumb"},"inLanguage":"fr-FR","potentialAction":[{"@type":"ReadAction","target":["https:\/\/www.promin.it\/fr\/manne-de-ble-entier-de-cendre-2\/"]}]},{"@type":"ImageObject","inLanguage":"fr-FR","@id":"https:\/\/www.promin.it\/fr\/manne-de-ble-entier-de-cendre-2\/#primaryimage","url":"https:\/\/www.promin.it\/wp-content\/uploads\/2017\/11\/manna-1024-px.jpg","contentUrl":"https:\/\/www.promin.it\/wp-content\/uploads\/2017\/11\/manna-1024-px.jpg","width":1024,"height":1024},{"@type":"BreadcrumbList","@id":"https:\/\/www.promin.it\/fr\/manne-de-ble-entier-de-cendre-2\/#breadcrumb","itemListElement":[{"@type":"ListItem","position":1,"name":"Accueil","item":"https:\/\/www.promin.it\/fr\/"},{"@type":"ListItem","position":2,"name":"Manne compl\u00e8te de cendres"}]},{"@type":"WebSite","@id":"https:\/\/www.promin.it\/#website","url":"https:\/\/www.promin.it\/","name":"Promin","description":"Prodotti Medicina Integrata","publisher":{"@id":"https:\/\/www.promin.it\/#organization"},"potentialAction":[{"@type":"SearchAction","target":{"@type":"EntryPoint","urlTemplate":"https:\/\/www.promin.it\/?s={search_term_string}"},"query-input":{"@type":"PropertyValueSpecification","valueRequired":true,"valueName":"search_term_string"}}],"inLanguage":"fr-FR"},{"@type":"Organization","@id":"https:\/\/www.promin.it\/#organization","name":"Promin Srl","alternateName":"Promin - Prodotti Medicina Integrata","url":"https:\/\/www.promin.it\/","logo":{"@type":"ImageObject","inLanguage":"fr-FR","@id":"https:\/\/www.promin.it\/#\/schema\/logo\/image\/","url":"https:\/\/www.promin.it\/wp-content\/uploads\/2024\/11\/logo-promin-seo.jpg","contentUrl":"https:\/\/www.promin.it\/wp-content\/uploads\/2024\/11\/logo-promin-seo.jpg","width":512,"height":512,"caption":"Promin Srl"},"image":{"@id":"https:\/\/www.promin.it\/#\/schema\/logo\/image\/"},"sameAs":["https:\/\/www.facebook.com\/prominmed","https:\/\/www.instagram.com\/promin_medicina_integrata\/","https:\/\/www.linkedin.com\/company\/promin-prodotti-medicina-integrata\/"]}]}},"jetpack_sharing_enabled":true,"jetpack_shortlink":"https:\/\/wp.me\/PaiRmh-57G","_links":{"self":[{"href":"https:\/\/www.promin.it\/fr\/wp-json\/wp\/v2\/pages\/19696"}],"collection":[{"href":"https:\/\/www.promin.it\/fr\/wp-json\/wp\/v2\/pages"}],"about":[{"href":"https:\/\/www.promin.it\/fr\/wp-json\/wp\/v2\/types\/page"}],"author":[{"embeddable":true,"href":"https:\/\/www.promin.it\/fr\/wp-json\/wp\/v2\/users\/5"}],"replies":[{"embeddable":true,"href":"https:\/\/www.promin.it\/fr\/wp-json\/wp\/v2\/comments?post=19696"}],"version-history":[{"count":3,"href":"https:\/\/www.promin.it\/fr\/wp-json\/wp\/v2\/pages\/19696\/revisions"}],"predecessor-version":[{"id":20122,"href":"https:\/\/www.promin.it\/fr\/wp-json\/wp\/v2\/pages\/19696\/revisions\/20122"}],"wp:featuredmedia":[{"embeddable":true,"href":"https:\/\/www.promin.it\/fr\/wp-json\/wp\/v2\/media\/18551"}],"wp:attachment":[{"href":"https:\/\/www.promin.it\/fr\/wp-json\/wp\/v2\/media?parent=19696"}],"curies":[{"name":"wp","href":"https:\/\/api.w.org\/{rel}","templated":true}]}}