{"id":19714,"date":"2018-01-17T22:20:42","date_gmt":"2018-01-17T21:20:42","guid":{"rendered":"https:\/\/www.promin.it\/?page_id=19714"},"modified":"2024-11-12T15:49:16","modified_gmt":"2024-11-12T14:49:16","slug":"sod-superoxyde-dismutase","status":"publish","type":"page","link":"https:\/\/www.promin.it\/fr\/sod-superoxyde-dismutase\/","title":{"rendered":"SOD (Superoxyde Dismutase)"},"content":{"rendered":"<section class=\"l-section wpb_row visore-interno height_auto width_full\"><div class=\"l-section-h i-cf\"><div class=\"g-cols vc_row via_grid cols_1-3 laptops-cols_inherit tablets-cols_inherit mobiles-cols_1 valign_middle type_default stacking_default\" style=\"--gap:0rem;\"><div class=\"wpb_column vc_column_container col-visore\"><div class=\"vc_column-inner\"><div class=\"w-image logo-promin-v align_none\"><div class=\"w-image-h\"><img decoding=\"async\" width=\"268\" height=\"117\" src=\"https:\/\/www.promin.it\/wp-content\/uploads\/2024\/09\/promin-logo-v.svg\" class=\"attachment-large size-large\" alt=\"\" loading=\"lazy\" \/><\/div><\/div><\/div><\/div><div class=\"wpb_column vc_column_container col-img componenti\"><div class=\"vc_column-inner\"><div class=\"wpb_text_column\"><div class=\"wpb_wrapper\"><h1>SOD (Superoxyde Dismutase)<\/h1>\n<\/div><\/div><\/div><\/div><\/div><\/div><\/section><section class=\"l-section wpb_row fascia-breadcrums height_auto\"><div class=\"l-section-h i-cf\"><div class=\"g-cols vc_row via_grid cols_1 laptops-cols_inherit tablets-cols_inherit mobiles-cols_1 valign_top type_default stacking_default\"><div class=\"wpb_column vc_column_container\"><div class=\"vc_column-inner\"><section class=\"l-section wpb_row height_auto\"><div class=\"l-section-h i-cf\"><div class=\"g-cols vc_row via_grid cols_1 laptops-cols_inherit tablets-cols_inherit mobiles-cols_1 valign_middle type_default stacking_default\"><div class=\"wpb_column vc_column_container\"><div class=\"vc_column-inner\">[vc_raw_html]JTNDYSUyMGhyZWYlM0QlMjJodHRwcyUzQSUyRiUyRnRlc3QucHJvbWluLml0JTJGZnIlMkZjb21wb3NhbnRzLWFjdGlmcyUyRiUyMiUzRSUzQ3Rvcm5hJTIwYSUzRCUyMiUyMiUyMHR1dHRpJTNEJTIyJTIyJTIwaSUzRCUyMiUyMiUyMGNvbXBvbmVudGklM0QlMjIlMjIlMjBhdHRpdmklM0QlMjIlMjIlM0UlM0MlMkZ0b3JuYSUzRSUzQyUyRmElM0U=[\/vc_raw_html]<\/div><\/div><\/div><\/div><\/section>\n<\/div><\/div><\/div><\/div><\/section><section class=\"l-section wpb_row fascia-uno inositolo-pag height_small\"><div class=\"l-section-h i-cf\"><div class=\"g-cols vc_row via_grid cols_2 laptops-cols_inherit tablets-cols_inherit mobiles-cols_1 valign_top type_default stacking_default\"><div class=\"wpb_column vc_column_container\"><div class=\"vc_column-inner\"><div class=\"w-image has_ratio align_none\"><div class=\"w-image-h\"><div style=\"padding-bottom:56.25%\"><\/div><img decoding=\"async\" width=\"1024\" height=\"1024\" src=\"https:\/\/www.promin.it\/wp-content\/uploads\/2024\/10\/melone-1024-px.webp\" class=\"attachment-large size-large\" alt=\"\" loading=\"lazy\" srcset=\"https:\/\/www.promin.it\/wp-content\/uploads\/2024\/10\/melone-1024-px.webp 1024w, https:\/\/www.promin.it\/wp-content\/uploads\/2024\/10\/melone-1024-px-300x300.webp 300w, https:\/\/www.promin.it\/wp-content\/uploads\/2024\/10\/melone-1024-px-150x150.webp 150w, https:\/\/www.promin.it\/wp-content\/uploads\/2024\/10\/melone-1024-px-600x600.webp 600w\" sizes=\"(max-width: 1024px) 100vw, 1024px\" \/><\/div><\/div><div class=\"w-separator size_medium\"><\/div><div class=\"wpb_text_column\"><div class=\"wpb_wrapper\"><p><em>La superoxyde dismutase (SOD) est une enzyme antioxydante.<\/em><\/p>\n<p>De plus, une superoxyde dismutase (SOD) est une m\u00e9talloenzyme appartenant \u00e0 la classe des oxydor\u00e9ductases. La SOD est pr\u00e9sente dans le cytoplasme, les mitochondries et d\u2019autres or\u00e9anelles cellulaires et est normalement produite par les cellules du corps pour \u00ab d\u00e9composer \u00bb le radical superoxyde en mol\u00e9cules moins nocives. <\/p>\n<\/div><\/div><\/div><\/div><div class=\"wpb_column vc_column_container\"><div class=\"vc_column-inner\"><div class=\"wpb_text_column\"><div class=\"wpb_wrapper\"><p>C\u2019est pr\u00e9cis\u00e9ment pour cette raison que l\u2019efficacit\u00e9 de cette enzyme est cruciale pour le bon \u00e9tat redox cellulaire. En fait, l\u2019enzyme superoxyde dismutase catalyse la r\u00e9action chimique : <\/p>\n<p>2 O\u20132 2H+= O2+H2O2<\/p>\n<p>C\u2019est donc un antioxydant important dans presque toutes les cellules expos\u00e9es \u00e0 l\u2019oxyg\u00e8ne.<\/p>\n<p>Revendication selon 432-2012 : NON<\/p>\n<p>Promin s\u2019engage \u00e0 choisir quotidiennement des mati\u00e8res premi\u00e8res de valeur absolue, contr\u00f4l\u00e9es et test\u00e9es selon des normes strictes et dans le respect de toutes les exigences l\u00e9gales.<\/p>\n<p><em>Les compl\u00e9ments alimentaires formul\u00e9s et produits par Promin qui contiennent l\u2019enzyme sont : <a href=\"https:\/\/www.promin.it\/fr\/?post_type=schede_prodotto&#038;p=19227\">QUISEDOL<\/a><\/em><\/p>\n<\/div><\/div><\/div><\/div><\/div><\/div><\/section>\n","protected":false},"excerpt":{"rendered":"SOD (Superoxyde Dismutase) [vc_raw_html]JTNDYSUyMGhyZWYlM0QlMjJodHRwcyUzQSUyRiUyRnRlc3QucHJvbWluLml0JTJGZnIlMkZjb21wb3NhbnRzLWFjdGlmcyUyRiUyMiUzRSUzQ3Rvcm5hJTIwYSUzRCUyMiUyMiUyMHR1dHRpJTNEJTIyJTIyJTIwaSUzRCUyMiUyMiUyMGNvbXBvbmVudGklM0QlMjIlMjIlMjBhdHRpdmklM0QlMjIlMjIlM0UlM0MlMkZ0b3JuYSUzRSUzQyUyRmElM0U=[\/vc_raw_html] La superoxyde dismutase (SOD) est une enzyme antioxydante. De plus, une superoxyde dismutase (SOD) est une m\u00e9talloenzyme appartenant \u00e0 la classe des oxydor\u00e9ductases. La SOD est pr\u00e9sente dans le cytoplasme, les mitochondries et d\u2019autres or\u00e9anelles cellulaires et est normalement produite par les cellules du corps pour \u00ab d\u00e9composer \u00bb le radical...","protected":false},"author":5,"featured_media":19595,"parent":0,"menu_order":0,"comment_status":"closed","ping_status":"closed","template":"","meta":{"_acf_changed":false,"jetpack_post_was_ever_published":false,"footnotes":""},"class_list":["post-19714","page","type-page","status-publish","has-post-thumbnail","hentry"],"acf":[],"yoast_head":"<!-- This site is optimized with the Yoast SEO plugin v23.4 - https:\/\/yoast.com\/wordpress\/plugins\/seo\/ -->\n<title>Superoxyde dismutase (SOD) - Promin - Produits pour la m\u00e9decine int\u00e9gr\u00e9e<\/title>\n<meta name=\"description\" content=\"La superoxyde dismutase (SOD) est une enzyme antioxydante d\u2019une importance cruciale pour le bon \u00e9tat redox cellulaire. D\u00e9couvrez les compl\u00e9ments alimentaires Promin contenant l\u2019enzyme Superoxyde dismutase (SOD)...\" \/>\n<meta name=\"robots\" content=\"index, follow, max-snippet:-1, max-image-preview:large, max-video-preview:-1\" \/>\n<link rel=\"canonical\" href=\"https:\/\/www.promin.it\/fr\/sod-superoxyde-dismutase\/\" \/>\n<meta property=\"og:locale\" content=\"fr_FR\" \/>\n<meta property=\"og:type\" content=\"article\" \/>\n<meta property=\"og:title\" content=\"Superoxyde dismutase (SOD) - Promin - Produits pour la m\u00e9decine int\u00e9gr\u00e9e\" \/>\n<meta property=\"og:description\" content=\"La superoxyde dismutase (SOD) est une enzyme antioxydante d\u2019une importance cruciale pour le bon \u00e9tat redox cellulaire. D\u00e9couvrez les compl\u00e9ments alimentaires Promin contenant l\u2019enzyme Superoxyde dismutase (SOD)...\" \/>\n<meta property=\"og:url\" content=\"https:\/\/www.promin.it\/fr\/sod-superoxyde-dismutase\/\" \/>\n<meta property=\"og:site_name\" content=\"Promin\" \/>\n<meta property=\"article:publisher\" content=\"https:\/\/www.facebook.com\/prominmed\" \/>\n<meta property=\"article:modified_time\" content=\"2024-11-12T14:49:16+00:00\" \/>\n<meta property=\"og:image\" content=\"https:\/\/www.promin.it\/wp-content\/uploads\/2024\/10\/melone-1024-px.webp\" \/>\n\t<meta property=\"og:image:width\" content=\"1024\" \/>\n\t<meta property=\"og:image:height\" content=\"1024\" \/>\n\t<meta property=\"og:image:type\" content=\"image\/webp\" \/>\n<meta name=\"twitter:card\" content=\"summary_large_image\" \/>\n<script type=\"application\/ld+json\" class=\"yoast-schema-graph\">{\"@context\":\"https:\/\/schema.org\",\"@graph\":[{\"@type\":\"WebPage\",\"@id\":\"https:\/\/www.promin.it\/fr\/sod-superoxyde-dismutase\/\",\"url\":\"https:\/\/www.promin.it\/fr\/sod-superoxyde-dismutase\/\",\"name\":\"Superoxyde dismutase (SOD) - Promin - Produits pour la m\u00e9decine int\u00e9gr\u00e9e\",\"isPartOf\":{\"@id\":\"https:\/\/www.promin.it\/#website\"},\"primaryImageOfPage\":{\"@id\":\"https:\/\/www.promin.it\/fr\/sod-superoxyde-dismutase\/#primaryimage\"},\"image\":{\"@id\":\"https:\/\/www.promin.it\/fr\/sod-superoxyde-dismutase\/#primaryimage\"},\"thumbnailUrl\":\"https:\/\/www.promin.it\/wp-content\/uploads\/2024\/10\/melone-1024-px.webp\",\"datePublished\":\"2018-01-17T21:20:42+00:00\",\"dateModified\":\"2024-11-12T14:49:16+00:00\",\"description\":\"La superoxyde dismutase (SOD) est une enzyme antioxydante d\u2019une importance cruciale pour le bon \u00e9tat redox cellulaire. D\u00e9couvrez les compl\u00e9ments alimentaires Promin contenant l\u2019enzyme Superoxyde dismutase (SOD)...\",\"breadcrumb\":{\"@id\":\"https:\/\/www.promin.it\/fr\/sod-superoxyde-dismutase\/#breadcrumb\"},\"inLanguage\":\"fr-FR\",\"potentialAction\":[{\"@type\":\"ReadAction\",\"target\":[\"https:\/\/www.promin.it\/fr\/sod-superoxyde-dismutase\/\"]}]},{\"@type\":\"ImageObject\",\"inLanguage\":\"fr-FR\",\"@id\":\"https:\/\/www.promin.it\/fr\/sod-superoxyde-dismutase\/#primaryimage\",\"url\":\"https:\/\/www.promin.it\/wp-content\/uploads\/2024\/10\/melone-1024-px.webp\",\"contentUrl\":\"https:\/\/www.promin.it\/wp-content\/uploads\/2024\/10\/melone-1024-px.webp\",\"width\":1024,\"height\":1024},{\"@type\":\"BreadcrumbList\",\"@id\":\"https:\/\/www.promin.it\/fr\/sod-superoxyde-dismutase\/#breadcrumb\",\"itemListElement\":[{\"@type\":\"ListItem\",\"position\":1,\"name\":\"Accueil\",\"item\":\"https:\/\/www.promin.it\/fr\/\"},{\"@type\":\"ListItem\",\"position\":2,\"name\":\"SOD (Superoxyde Dismutase)\"}]},{\"@type\":\"WebSite\",\"@id\":\"https:\/\/www.promin.it\/#website\",\"url\":\"https:\/\/www.promin.it\/\",\"name\":\"Promin\",\"description\":\"Prodotti Medicina Integrata\",\"publisher\":{\"@id\":\"https:\/\/www.promin.it\/#organization\"},\"potentialAction\":[{\"@type\":\"SearchAction\",\"target\":{\"@type\":\"EntryPoint\",\"urlTemplate\":\"https:\/\/www.promin.it\/?s={search_term_string}\"},\"query-input\":{\"@type\":\"PropertyValueSpecification\",\"valueRequired\":true,\"valueName\":\"search_term_string\"}}],\"inLanguage\":\"fr-FR\"},{\"@type\":\"Organization\",\"@id\":\"https:\/\/www.promin.it\/#organization\",\"name\":\"Promin Srl\",\"alternateName\":\"Promin - Prodotti Medicina Integrata\",\"url\":\"https:\/\/www.promin.it\/\",\"logo\":{\"@type\":\"ImageObject\",\"inLanguage\":\"fr-FR\",\"@id\":\"https:\/\/www.promin.it\/#\/schema\/logo\/image\/\",\"url\":\"https:\/\/www.promin.it\/wp-content\/uploads\/2024\/11\/logo-promin-seo.jpg\",\"contentUrl\":\"https:\/\/www.promin.it\/wp-content\/uploads\/2024\/11\/logo-promin-seo.jpg\",\"width\":512,\"height\":512,\"caption\":\"Promin Srl\"},\"image\":{\"@id\":\"https:\/\/www.promin.it\/#\/schema\/logo\/image\/\"},\"sameAs\":[\"https:\/\/www.facebook.com\/prominmed\",\"https:\/\/www.instagram.com\/promin_medicina_integrata\/\",\"https:\/\/www.linkedin.com\/company\/promin-prodotti-medicina-integrata\/\"]}]}<\/script>\n<!-- \/ Yoast SEO plugin. -->","yoast_head_json":{"title":"Superoxyde dismutase (SOD) - Promin - Produits pour la m\u00e9decine int\u00e9gr\u00e9e","description":"La superoxyde dismutase (SOD) est une enzyme antioxydante d\u2019une importance cruciale pour le bon \u00e9tat redox cellulaire. D\u00e9couvrez les compl\u00e9ments alimentaires Promin contenant l\u2019enzyme Superoxyde dismutase (SOD)...","robots":{"index":"index","follow":"follow","max-snippet":"max-snippet:-1","max-image-preview":"max-image-preview:large","max-video-preview":"max-video-preview:-1"},"canonical":"https:\/\/www.promin.it\/fr\/sod-superoxyde-dismutase\/","og_locale":"fr_FR","og_type":"article","og_title":"Superoxyde dismutase (SOD) - Promin - Produits pour la m\u00e9decine int\u00e9gr\u00e9e","og_description":"La superoxyde dismutase (SOD) est une enzyme antioxydante d\u2019une importance cruciale pour le bon \u00e9tat redox cellulaire. D\u00e9couvrez les compl\u00e9ments alimentaires Promin contenant l\u2019enzyme Superoxyde dismutase (SOD)...","og_url":"https:\/\/www.promin.it\/fr\/sod-superoxyde-dismutase\/","og_site_name":"Promin","article_publisher":"https:\/\/www.facebook.com\/prominmed","article_modified_time":"2024-11-12T14:49:16+00:00","og_image":[{"width":1024,"height":1024,"url":"https:\/\/www.promin.it\/wp-content\/uploads\/2024\/10\/melone-1024-px.webp","type":"image\/webp"}],"twitter_card":"summary_large_image","schema":{"@context":"https:\/\/schema.org","@graph":[{"@type":"WebPage","@id":"https:\/\/www.promin.it\/fr\/sod-superoxyde-dismutase\/","url":"https:\/\/www.promin.it\/fr\/sod-superoxyde-dismutase\/","name":"Superoxyde dismutase (SOD) - Promin - Produits pour la m\u00e9decine int\u00e9gr\u00e9e","isPartOf":{"@id":"https:\/\/www.promin.it\/#website"},"primaryImageOfPage":{"@id":"https:\/\/www.promin.it\/fr\/sod-superoxyde-dismutase\/#primaryimage"},"image":{"@id":"https:\/\/www.promin.it\/fr\/sod-superoxyde-dismutase\/#primaryimage"},"thumbnailUrl":"https:\/\/www.promin.it\/wp-content\/uploads\/2024\/10\/melone-1024-px.webp","datePublished":"2018-01-17T21:20:42+00:00","dateModified":"2024-11-12T14:49:16+00:00","description":"La superoxyde dismutase (SOD) est une enzyme antioxydante d\u2019une importance cruciale pour le bon \u00e9tat redox cellulaire. D\u00e9couvrez les compl\u00e9ments alimentaires Promin contenant l\u2019enzyme Superoxyde dismutase (SOD)...","breadcrumb":{"@id":"https:\/\/www.promin.it\/fr\/sod-superoxyde-dismutase\/#breadcrumb"},"inLanguage":"fr-FR","potentialAction":[{"@type":"ReadAction","target":["https:\/\/www.promin.it\/fr\/sod-superoxyde-dismutase\/"]}]},{"@type":"ImageObject","inLanguage":"fr-FR","@id":"https:\/\/www.promin.it\/fr\/sod-superoxyde-dismutase\/#primaryimage","url":"https:\/\/www.promin.it\/wp-content\/uploads\/2024\/10\/melone-1024-px.webp","contentUrl":"https:\/\/www.promin.it\/wp-content\/uploads\/2024\/10\/melone-1024-px.webp","width":1024,"height":1024},{"@type":"BreadcrumbList","@id":"https:\/\/www.promin.it\/fr\/sod-superoxyde-dismutase\/#breadcrumb","itemListElement":[{"@type":"ListItem","position":1,"name":"Accueil","item":"https:\/\/www.promin.it\/fr\/"},{"@type":"ListItem","position":2,"name":"SOD (Superoxyde Dismutase)"}]},{"@type":"WebSite","@id":"https:\/\/www.promin.it\/#website","url":"https:\/\/www.promin.it\/","name":"Promin","description":"Prodotti Medicina Integrata","publisher":{"@id":"https:\/\/www.promin.it\/#organization"},"potentialAction":[{"@type":"SearchAction","target":{"@type":"EntryPoint","urlTemplate":"https:\/\/www.promin.it\/?s={search_term_string}"},"query-input":{"@type":"PropertyValueSpecification","valueRequired":true,"valueName":"search_term_string"}}],"inLanguage":"fr-FR"},{"@type":"Organization","@id":"https:\/\/www.promin.it\/#organization","name":"Promin Srl","alternateName":"Promin - Prodotti Medicina Integrata","url":"https:\/\/www.promin.it\/","logo":{"@type":"ImageObject","inLanguage":"fr-FR","@id":"https:\/\/www.promin.it\/#\/schema\/logo\/image\/","url":"https:\/\/www.promin.it\/wp-content\/uploads\/2024\/11\/logo-promin-seo.jpg","contentUrl":"https:\/\/www.promin.it\/wp-content\/uploads\/2024\/11\/logo-promin-seo.jpg","width":512,"height":512,"caption":"Promin Srl"},"image":{"@id":"https:\/\/www.promin.it\/#\/schema\/logo\/image\/"},"sameAs":["https:\/\/www.facebook.com\/prominmed","https:\/\/www.instagram.com\/promin_medicina_integrata\/","https:\/\/www.linkedin.com\/company\/promin-prodotti-medicina-integrata\/"]}]}},"jetpack_sharing_enabled":true,"jetpack_shortlink":"https:\/\/wp.me\/PaiRmh-57Y","_links":{"self":[{"href":"https:\/\/www.promin.it\/fr\/wp-json\/wp\/v2\/pages\/19714"}],"collection":[{"href":"https:\/\/www.promin.it\/fr\/wp-json\/wp\/v2\/pages"}],"about":[{"href":"https:\/\/www.promin.it\/fr\/wp-json\/wp\/v2\/types\/page"}],"author":[{"embeddable":true,"href":"https:\/\/www.promin.it\/fr\/wp-json\/wp\/v2\/users\/5"}],"replies":[{"embeddable":true,"href":"https:\/\/www.promin.it\/fr\/wp-json\/wp\/v2\/comments?post=19714"}],"version-history":[{"count":2,"href":"https:\/\/www.promin.it\/fr\/wp-json\/wp\/v2\/pages\/19714\/revisions"}],"predecessor-version":[{"id":20127,"href":"https:\/\/www.promin.it\/fr\/wp-json\/wp\/v2\/pages\/19714\/revisions\/20127"}],"wp:featuredmedia":[{"embeddable":true,"href":"https:\/\/www.promin.it\/fr\/wp-json\/wp\/v2\/media\/19595"}],"wp:attachment":[{"href":"https:\/\/www.promin.it\/fr\/wp-json\/wp\/v2\/media?parent=19714"}],"curies":[{"name":"wp","href":"https:\/\/api.w.org\/{rel}","templated":true}]}}