{"id":19721,"date":"2018-01-17T22:25:39","date_gmt":"2018-01-17T21:25:39","guid":{"rendered":"https:\/\/www.promin.it\/?page_id=19721"},"modified":"2024-11-12T15:51:20","modified_gmt":"2024-11-12T14:51:20","slug":"vitamine-a","status":"publish","type":"page","link":"https:\/\/www.promin.it\/fr\/vitamine-a\/","title":{"rendered":"Vitamine A"},"content":{"rendered":"<section class=\"l-section wpb_row visore-interno height_auto width_full\"><div class=\"l-section-h i-cf\"><div class=\"g-cols vc_row via_grid cols_1-3 laptops-cols_inherit tablets-cols_inherit mobiles-cols_1 valign_middle type_default stacking_default\" style=\"--gap:0rem;\"><div class=\"wpb_column vc_column_container col-visore\"><div class=\"vc_column-inner\"><div class=\"w-image logo-promin-v align_none\"><div class=\"w-image-h\"><img decoding=\"async\" width=\"268\" height=\"117\" src=\"https:\/\/www.promin.it\/wp-content\/uploads\/2024\/09\/promin-logo-v.svg\" class=\"attachment-large size-large\" alt=\"\" loading=\"lazy\" \/><\/div><\/div><\/div><\/div><div class=\"wpb_column vc_column_container col-img componenti\"><div class=\"vc_column-inner\"><div class=\"wpb_text_column\"><div class=\"wpb_wrapper\"><h1>Vitamine A<\/h1>\n<\/div><\/div><\/div><\/div><\/div><\/div><\/section><section class=\"l-section wpb_row fascia-breadcrums height_auto\"><div class=\"l-section-h i-cf\"><div class=\"g-cols vc_row via_grid cols_1 laptops-cols_inherit tablets-cols_inherit mobiles-cols_1 valign_top type_default stacking_default\"><div class=\"wpb_column vc_column_container\"><div class=\"vc_column-inner\"><section class=\"l-section wpb_row height_auto\"><div class=\"l-section-h i-cf\"><div class=\"g-cols vc_row via_grid cols_1 laptops-cols_inherit tablets-cols_inherit mobiles-cols_1 valign_middle type_default stacking_default\"><div class=\"wpb_column vc_column_container\"><div class=\"vc_column-inner\">[vc_raw_html]JTNDYSUyMGhyZWYlM0QlMjJodHRwcyUzQSUyRiUyRnRlc3QucHJvbWluLml0JTJGZnIlMkZjb21wb3NhbnRzLWFjdGlmcyUyRiUyMiUzRSUzQ3Rvcm5hJTIwYSUzRCUyMiUyMiUyMHR1dHRpJTNEJTIyJTIyJTIwaSUzRCUyMiUyMiUyMGNvbXBvbmVudGklM0QlMjIlMjIlMjBhdHRpdmklM0QlMjIlMjIlM0UlM0MlMkZ0b3JuYSUzRSUzQyUyRmElM0U=[\/vc_raw_html]<\/div><\/div><\/div><\/div><\/section>\n<\/div><\/div><\/div><\/div><\/section><section class=\"l-section wpb_row fascia-uno inositolo-pag height_small\"><div class=\"l-section-h i-cf\"><div class=\"g-cols vc_row via_grid cols_2 laptops-cols_inherit tablets-cols_inherit mobiles-cols_1 valign_top type_default stacking_default\"><div class=\"wpb_column vc_column_container\"><div class=\"vc_column-inner\"><div class=\"w-image has_ratio align_none\"><div class=\"w-image-h\"><div style=\"padding-bottom:56.25%\"><\/div><img decoding=\"async\" width=\"1024\" height=\"1024\" src=\"https:\/\/www.promin.it\/wp-content\/uploads\/2024\/10\/Carota-1024-px-Vitamina-A-3.webp\" class=\"attachment-large size-large\" alt=\"\" loading=\"lazy\" srcset=\"https:\/\/www.promin.it\/wp-content\/uploads\/2024\/10\/Carota-1024-px-Vitamina-A-3.webp 1024w, https:\/\/www.promin.it\/wp-content\/uploads\/2024\/10\/Carota-1024-px-Vitamina-A-3-300x300.webp 300w, https:\/\/www.promin.it\/wp-content\/uploads\/2024\/10\/Carota-1024-px-Vitamina-A-3-150x150.webp 150w, https:\/\/www.promin.it\/wp-content\/uploads\/2024\/10\/Carota-1024-px-Vitamina-A-3-600x600.webp 600w\" sizes=\"(max-width: 1024px) 100vw, 1024px\" \/><\/div><\/div><div class=\"w-separator size_medium\"><\/div><div class=\"wpb_text_column\"><div class=\"wpb_wrapper\"><p><em>Description&nbsp;: La vitamine A est une vitamine liposoluble.<\/em><\/p>\n<p><em>Nom scientifique : R\u00e9tinol<\/em><\/p>\n<p>&nbsp;<\/p>\n<\/div><\/div><\/div><\/div><div class=\"wpb_column vc_column_container\"><div class=\"vc_column-inner\"><div class=\"wpb_text_column\"><div class=\"wpb_wrapper\"><p>La vitamine A se pr\u00e9sente sous trois formes diff\u00e9rentes : alcoolique (r\u00e9tinol), ald\u00e9hyde (r\u00e9tinald\u00e9hyde) et acide (acide r\u00e9tino\u00efque). Ce sont des d\u00e9riv\u00e9s isopr\u00e9no\u00efques, constitu\u00e9s de l\u2019union de 4 cha\u00eenes d\u2019isopr\u00e8ne. <\/p>\n<p>Revendication selon 432-2012 :<\/p>\n<p>Contribue au m\u00e9tabolisme normal du fer.<br \/>  Contribue au maintien de muqueuses normales.<br \/>  Contribue au maintien d\u2019une peau normale.<br \/>  Contribue au maintien d\u2019une vision normale.<br \/>  Il intervient dans le processus de sp\u00e9cialisation cellulaire.<\/p>\n<p>Promin s\u2019engage \u00e0 choisir quotidiennement des mati\u00e8res premi\u00e8res de valeur absolue, contr\u00f4l\u00e9es et test\u00e9es selon des normes strictes et dans le respect de toutes les exigences l\u00e9gales.<\/p>\n<p><em>Les compl\u00e9ments alimentaires formul\u00e9s et produits par Promin que je contient sont : <a href=\"\/fito-gastrolene\/\">PHYTO-GASTROLENE<\/a> &#8211; <a href=\"https:\/\/www.promin.it\/fr\/?p=19428\">INOCREMA BIANCA<\/a><\/em><\/p>\n<\/div><\/div><\/div><\/div><\/div><\/div><\/section>\n","protected":false},"excerpt":{"rendered":"Vitamine A [vc_raw_html]JTNDYSUyMGhyZWYlM0QlMjJodHRwcyUzQSUyRiUyRnRlc3QucHJvbWluLml0JTJGZnIlMkZjb21wb3NhbnRzLWFjdGlmcyUyRiUyMiUzRSUzQ3Rvcm5hJTIwYSUzRCUyMiUyMiUyMHR1dHRpJTNEJTIyJTIyJTIwaSUzRCUyMiUyMiUyMGNvbXBvbmVudGklM0QlMjIlMjIlMjBhdHRpdmklM0QlMjIlMjIlM0UlM0MlMkZ0b3JuYSUzRSUzQyUyRmElM0U=[\/vc_raw_html] Description&nbsp;: La vitamine A est une vitamine liposoluble. Nom scientifique : R\u00e9tinol &nbsp; La vitamine A se pr\u00e9sente sous trois formes diff\u00e9rentes : alcoolique (r\u00e9tinol), ald\u00e9hyde (r\u00e9tinald\u00e9hyde) et acide (acide r\u00e9tino\u00efque). Ce sont des d\u00e9riv\u00e9s isopr\u00e9no\u00efques, constitu\u00e9s de l\u2019union de 4 cha\u00eenes d\u2019isopr\u00e8ne. Revendication selon 432-2012 : Contribue au m\u00e9tabolisme normal du...","protected":false},"author":5,"featured_media":19610,"parent":0,"menu_order":0,"comment_status":"closed","ping_status":"closed","template":"","meta":{"_acf_changed":false,"jetpack_post_was_ever_published":false,"footnotes":""},"class_list":["post-19721","page","type-page","status-publish","has-post-thumbnail","hentry"],"acf":[],"yoast_head":"<!-- This site is optimized with the Yoast SEO plugin v23.4 - https:\/\/yoast.com\/wordpress\/plugins\/seo\/ -->\n<title>Compl\u00e9ments alimentaires \u00e0 base de vitamine A - Promin - Produits de m\u00e9decine int\u00e9grative<\/title>\n<meta name=\"description\" content=\"La vitamine A ou R\u00e9tinol poss\u00e8de de nombreuses propri\u00e9t\u00e9s, notamment elle contribue au maintien des muqueuses normales et \u00e0 l\u2019entretien normal de la peau... Les compl\u00e9ments alimentaires et les cr\u00e8mes contenant de la vitamine A sont...\" \/>\n<meta name=\"robots\" content=\"index, follow, max-snippet:-1, max-image-preview:large, max-video-preview:-1\" \/>\n<link rel=\"canonical\" href=\"https:\/\/www.promin.it\/fr\/vitamine-a\/\" \/>\n<meta property=\"og:locale\" content=\"fr_FR\" \/>\n<meta property=\"og:type\" content=\"article\" \/>\n<meta property=\"og:title\" content=\"Compl\u00e9ments alimentaires \u00e0 base de vitamine A - Promin - Produits de m\u00e9decine int\u00e9grative\" \/>\n<meta property=\"og:description\" content=\"La vitamine A ou R\u00e9tinol poss\u00e8de de nombreuses propri\u00e9t\u00e9s, notamment elle contribue au maintien des muqueuses normales et \u00e0 l\u2019entretien normal de la peau... Les compl\u00e9ments alimentaires et les cr\u00e8mes contenant de la vitamine A sont...\" \/>\n<meta property=\"og:url\" content=\"https:\/\/www.promin.it\/fr\/vitamine-a\/\" \/>\n<meta property=\"og:site_name\" content=\"Promin\" \/>\n<meta property=\"article:publisher\" content=\"https:\/\/www.facebook.com\/prominmed\" \/>\n<meta property=\"article:modified_time\" content=\"2024-11-12T14:51:20+00:00\" \/>\n<meta property=\"og:image\" content=\"https:\/\/www.promin.it\/wp-content\/uploads\/2024\/10\/Carota-1024-px-Vitamina-A-3.webp\" \/>\n\t<meta property=\"og:image:width\" content=\"1024\" \/>\n\t<meta property=\"og:image:height\" content=\"1024\" \/>\n\t<meta property=\"og:image:type\" content=\"image\/webp\" \/>\n<meta name=\"twitter:card\" content=\"summary_large_image\" \/>\n<script type=\"application\/ld+json\" class=\"yoast-schema-graph\">{\"@context\":\"https:\/\/schema.org\",\"@graph\":[{\"@type\":\"WebPage\",\"@id\":\"https:\/\/www.promin.it\/fr\/vitamine-a\/\",\"url\":\"https:\/\/www.promin.it\/fr\/vitamine-a\/\",\"name\":\"Compl\u00e9ments alimentaires \u00e0 base de vitamine A - Promin - Produits de m\u00e9decine int\u00e9grative\",\"isPartOf\":{\"@id\":\"https:\/\/www.promin.it\/#website\"},\"primaryImageOfPage\":{\"@id\":\"https:\/\/www.promin.it\/fr\/vitamine-a\/#primaryimage\"},\"image\":{\"@id\":\"https:\/\/www.promin.it\/fr\/vitamine-a\/#primaryimage\"},\"thumbnailUrl\":\"https:\/\/www.promin.it\/wp-content\/uploads\/2024\/10\/Carota-1024-px-Vitamina-A-3.webp\",\"datePublished\":\"2018-01-17T21:25:39+00:00\",\"dateModified\":\"2024-11-12T14:51:20+00:00\",\"description\":\"La vitamine A ou R\u00e9tinol poss\u00e8de de nombreuses propri\u00e9t\u00e9s, notamment elle contribue au maintien des muqueuses normales et \u00e0 l\u2019entretien normal de la peau... Les compl\u00e9ments alimentaires et les cr\u00e8mes contenant de la vitamine A sont...\",\"breadcrumb\":{\"@id\":\"https:\/\/www.promin.it\/fr\/vitamine-a\/#breadcrumb\"},\"inLanguage\":\"fr-FR\",\"potentialAction\":[{\"@type\":\"ReadAction\",\"target\":[\"https:\/\/www.promin.it\/fr\/vitamine-a\/\"]}]},{\"@type\":\"ImageObject\",\"inLanguage\":\"fr-FR\",\"@id\":\"https:\/\/www.promin.it\/fr\/vitamine-a\/#primaryimage\",\"url\":\"https:\/\/www.promin.it\/wp-content\/uploads\/2024\/10\/Carota-1024-px-Vitamina-A-3.webp\",\"contentUrl\":\"https:\/\/www.promin.it\/wp-content\/uploads\/2024\/10\/Carota-1024-px-Vitamina-A-3.webp\",\"width\":1024,\"height\":1024},{\"@type\":\"BreadcrumbList\",\"@id\":\"https:\/\/www.promin.it\/fr\/vitamine-a\/#breadcrumb\",\"itemListElement\":[{\"@type\":\"ListItem\",\"position\":1,\"name\":\"Accueil\",\"item\":\"https:\/\/www.promin.it\/fr\/\"},{\"@type\":\"ListItem\",\"position\":2,\"name\":\"Vitamine A\"}]},{\"@type\":\"WebSite\",\"@id\":\"https:\/\/www.promin.it\/#website\",\"url\":\"https:\/\/www.promin.it\/\",\"name\":\"Promin\",\"description\":\"Prodotti Medicina Integrata\",\"publisher\":{\"@id\":\"https:\/\/www.promin.it\/#organization\"},\"potentialAction\":[{\"@type\":\"SearchAction\",\"target\":{\"@type\":\"EntryPoint\",\"urlTemplate\":\"https:\/\/www.promin.it\/?s={search_term_string}\"},\"query-input\":{\"@type\":\"PropertyValueSpecification\",\"valueRequired\":true,\"valueName\":\"search_term_string\"}}],\"inLanguage\":\"fr-FR\"},{\"@type\":\"Organization\",\"@id\":\"https:\/\/www.promin.it\/#organization\",\"name\":\"Promin Srl\",\"alternateName\":\"Promin - Prodotti Medicina Integrata\",\"url\":\"https:\/\/www.promin.it\/\",\"logo\":{\"@type\":\"ImageObject\",\"inLanguage\":\"fr-FR\",\"@id\":\"https:\/\/www.promin.it\/#\/schema\/logo\/image\/\",\"url\":\"https:\/\/www.promin.it\/wp-content\/uploads\/2024\/11\/logo-promin-seo.jpg\",\"contentUrl\":\"https:\/\/www.promin.it\/wp-content\/uploads\/2024\/11\/logo-promin-seo.jpg\",\"width\":512,\"height\":512,\"caption\":\"Promin Srl\"},\"image\":{\"@id\":\"https:\/\/www.promin.it\/#\/schema\/logo\/image\/\"},\"sameAs\":[\"https:\/\/www.facebook.com\/prominmed\",\"https:\/\/www.instagram.com\/promin_medicina_integrata\/\",\"https:\/\/www.linkedin.com\/company\/promin-prodotti-medicina-integrata\/\"]}]}<\/script>\n<!-- \/ Yoast SEO plugin. -->","yoast_head_json":{"title":"Compl\u00e9ments alimentaires \u00e0 base de vitamine A - Promin - Produits de m\u00e9decine int\u00e9grative","description":"La vitamine A ou R\u00e9tinol poss\u00e8de de nombreuses propri\u00e9t\u00e9s, notamment elle contribue au maintien des muqueuses normales et \u00e0 l\u2019entretien normal de la peau... Les compl\u00e9ments alimentaires et les cr\u00e8mes contenant de la vitamine A sont...","robots":{"index":"index","follow":"follow","max-snippet":"max-snippet:-1","max-image-preview":"max-image-preview:large","max-video-preview":"max-video-preview:-1"},"canonical":"https:\/\/www.promin.it\/fr\/vitamine-a\/","og_locale":"fr_FR","og_type":"article","og_title":"Compl\u00e9ments alimentaires \u00e0 base de vitamine A - Promin - Produits de m\u00e9decine int\u00e9grative","og_description":"La vitamine A ou R\u00e9tinol poss\u00e8de de nombreuses propri\u00e9t\u00e9s, notamment elle contribue au maintien des muqueuses normales et \u00e0 l\u2019entretien normal de la peau... Les compl\u00e9ments alimentaires et les cr\u00e8mes contenant de la vitamine A sont...","og_url":"https:\/\/www.promin.it\/fr\/vitamine-a\/","og_site_name":"Promin","article_publisher":"https:\/\/www.facebook.com\/prominmed","article_modified_time":"2024-11-12T14:51:20+00:00","og_image":[{"width":1024,"height":1024,"url":"https:\/\/www.promin.it\/wp-content\/uploads\/2024\/10\/Carota-1024-px-Vitamina-A-3.webp","type":"image\/webp"}],"twitter_card":"summary_large_image","schema":{"@context":"https:\/\/schema.org","@graph":[{"@type":"WebPage","@id":"https:\/\/www.promin.it\/fr\/vitamine-a\/","url":"https:\/\/www.promin.it\/fr\/vitamine-a\/","name":"Compl\u00e9ments alimentaires \u00e0 base de vitamine A - Promin - Produits de m\u00e9decine int\u00e9grative","isPartOf":{"@id":"https:\/\/www.promin.it\/#website"},"primaryImageOfPage":{"@id":"https:\/\/www.promin.it\/fr\/vitamine-a\/#primaryimage"},"image":{"@id":"https:\/\/www.promin.it\/fr\/vitamine-a\/#primaryimage"},"thumbnailUrl":"https:\/\/www.promin.it\/wp-content\/uploads\/2024\/10\/Carota-1024-px-Vitamina-A-3.webp","datePublished":"2018-01-17T21:25:39+00:00","dateModified":"2024-11-12T14:51:20+00:00","description":"La vitamine A ou R\u00e9tinol poss\u00e8de de nombreuses propri\u00e9t\u00e9s, notamment elle contribue au maintien des muqueuses normales et \u00e0 l\u2019entretien normal de la peau... Les compl\u00e9ments alimentaires et les cr\u00e8mes contenant de la vitamine A sont...","breadcrumb":{"@id":"https:\/\/www.promin.it\/fr\/vitamine-a\/#breadcrumb"},"inLanguage":"fr-FR","potentialAction":[{"@type":"ReadAction","target":["https:\/\/www.promin.it\/fr\/vitamine-a\/"]}]},{"@type":"ImageObject","inLanguage":"fr-FR","@id":"https:\/\/www.promin.it\/fr\/vitamine-a\/#primaryimage","url":"https:\/\/www.promin.it\/wp-content\/uploads\/2024\/10\/Carota-1024-px-Vitamina-A-3.webp","contentUrl":"https:\/\/www.promin.it\/wp-content\/uploads\/2024\/10\/Carota-1024-px-Vitamina-A-3.webp","width":1024,"height":1024},{"@type":"BreadcrumbList","@id":"https:\/\/www.promin.it\/fr\/vitamine-a\/#breadcrumb","itemListElement":[{"@type":"ListItem","position":1,"name":"Accueil","item":"https:\/\/www.promin.it\/fr\/"},{"@type":"ListItem","position":2,"name":"Vitamine A"}]},{"@type":"WebSite","@id":"https:\/\/www.promin.it\/#website","url":"https:\/\/www.promin.it\/","name":"Promin","description":"Prodotti Medicina Integrata","publisher":{"@id":"https:\/\/www.promin.it\/#organization"},"potentialAction":[{"@type":"SearchAction","target":{"@type":"EntryPoint","urlTemplate":"https:\/\/www.promin.it\/?s={search_term_string}"},"query-input":{"@type":"PropertyValueSpecification","valueRequired":true,"valueName":"search_term_string"}}],"inLanguage":"fr-FR"},{"@type":"Organization","@id":"https:\/\/www.promin.it\/#organization","name":"Promin Srl","alternateName":"Promin - Prodotti Medicina Integrata","url":"https:\/\/www.promin.it\/","logo":{"@type":"ImageObject","inLanguage":"fr-FR","@id":"https:\/\/www.promin.it\/#\/schema\/logo\/image\/","url":"https:\/\/www.promin.it\/wp-content\/uploads\/2024\/11\/logo-promin-seo.jpg","contentUrl":"https:\/\/www.promin.it\/wp-content\/uploads\/2024\/11\/logo-promin-seo.jpg","width":512,"height":512,"caption":"Promin Srl"},"image":{"@id":"https:\/\/www.promin.it\/#\/schema\/logo\/image\/"},"sameAs":["https:\/\/www.facebook.com\/prominmed","https:\/\/www.instagram.com\/promin_medicina_integrata\/","https:\/\/www.linkedin.com\/company\/promin-prodotti-medicina-integrata\/"]}]}},"jetpack_sharing_enabled":true,"jetpack_shortlink":"https:\/\/wp.me\/PaiRmh-585","_links":{"self":[{"href":"https:\/\/www.promin.it\/fr\/wp-json\/wp\/v2\/pages\/19721"}],"collection":[{"href":"https:\/\/www.promin.it\/fr\/wp-json\/wp\/v2\/pages"}],"about":[{"href":"https:\/\/www.promin.it\/fr\/wp-json\/wp\/v2\/types\/page"}],"author":[{"embeddable":true,"href":"https:\/\/www.promin.it\/fr\/wp-json\/wp\/v2\/users\/5"}],"replies":[{"embeddable":true,"href":"https:\/\/www.promin.it\/fr\/wp-json\/wp\/v2\/comments?post=19721"}],"version-history":[{"count":3,"href":"https:\/\/www.promin.it\/fr\/wp-json\/wp\/v2\/pages\/19721\/revisions"}],"predecessor-version":[{"id":20130,"href":"https:\/\/www.promin.it\/fr\/wp-json\/wp\/v2\/pages\/19721\/revisions\/20130"}],"wp:featuredmedia":[{"embeddable":true,"href":"https:\/\/www.promin.it\/fr\/wp-json\/wp\/v2\/media\/19610"}],"wp:attachment":[{"href":"https:\/\/www.promin.it\/fr\/wp-json\/wp\/v2\/media?parent=19721"}],"curies":[{"name":"wp","href":"https:\/\/api.w.org\/{rel}","templated":true}]}}