{"id":19727,"date":"2018-01-17T22:28:50","date_gmt":"2018-01-17T21:28:50","guid":{"rendered":"https:\/\/www.promin.it\/?page_id=19727"},"modified":"2024-11-12T15:52:32","modified_gmt":"2024-11-12T14:52:32","slug":"vitamine-e","status":"publish","type":"page","link":"https:\/\/www.promin.it\/fr\/vitamine-e\/","title":{"rendered":"Vitamine E"},"content":{"rendered":"<section class=\"l-section wpb_row visore-interno height_auto width_full\"><div class=\"l-section-h i-cf\"><div class=\"g-cols vc_row via_grid cols_1-3 laptops-cols_inherit tablets-cols_inherit mobiles-cols_1 valign_middle type_default stacking_default\" style=\"--gap:0rem;\"><div class=\"wpb_column vc_column_container col-visore\"><div class=\"vc_column-inner\"><div class=\"w-image logo-promin-v align_none\"><div class=\"w-image-h\"><img decoding=\"async\" width=\"268\" height=\"117\" src=\"https:\/\/www.promin.it\/wp-content\/uploads\/2024\/09\/promin-logo-v.svg\" class=\"attachment-large size-large\" alt=\"\" loading=\"lazy\" \/><\/div><\/div><\/div><\/div><div class=\"wpb_column vc_column_container col-img componenti\"><div class=\"vc_column-inner\"><div class=\"wpb_text_column\"><div class=\"wpb_wrapper\"><h1>Vitamine e<\/h1>\n<\/div><\/div><\/div><\/div><\/div><\/div><\/section><section class=\"l-section wpb_row fascia-breadcrums height_auto\"><div class=\"l-section-h i-cf\"><div class=\"g-cols vc_row via_grid cols_1 laptops-cols_inherit tablets-cols_inherit mobiles-cols_1 valign_top type_default stacking_default\"><div class=\"wpb_column vc_column_container\"><div class=\"vc_column-inner\"><section class=\"l-section wpb_row height_auto\"><div class=\"l-section-h i-cf\"><div class=\"g-cols vc_row via_grid cols_1 laptops-cols_inherit tablets-cols_inherit mobiles-cols_1 valign_middle type_default stacking_default\"><div class=\"wpb_column vc_column_container\"><div class=\"vc_column-inner\">[vc_raw_html]JTNDYSUyMGhyZWYlM0QlMjJodHRwcyUzQSUyRiUyRnRlc3QucHJvbWluLml0JTJGZnIlMkZjb21wb3NhbnRzLWFjdGlmcyUyRiUyMiUzRSUzQ3Rvcm5hJTIwYSUzRCUyMiUyMiUyMHR1dHRpJTNEJTIyJTIyJTIwaSUzRCUyMiUyMiUyMGNvbXBvbmVudGklM0QlMjIlMjIlMjBhdHRpdmklM0QlMjIlMjIlM0UlM0MlMkZ0b3JuYSUzRSUzQyUyRmElM0U=[\/vc_raw_html]<\/div><\/div><\/div><\/div><\/section>\n<\/div><\/div><\/div><\/div><\/section><section class=\"l-section wpb_row fascia-uno inositolo-pag height_small\"><div class=\"l-section-h i-cf\"><div class=\"g-cols vc_row via_grid cols_2 laptops-cols_inherit tablets-cols_inherit mobiles-cols_1 valign_top type_default stacking_default\"><div class=\"wpb_column vc_column_container\"><div class=\"vc_column-inner\"><div class=\"w-image has_ratio align_none\"><div class=\"w-image-h\"><div style=\"padding-bottom:56.25%\"><\/div><img decoding=\"async\" width=\"1024\" height=\"1024\" src=\"https:\/\/www.promin.it\/wp-content\/uploads\/2024\/10\/Ulivo-3-1024-px-vitamina-E.webp\" class=\"attachment-large size-large\" alt=\"\" loading=\"lazy\" srcset=\"https:\/\/www.promin.it\/wp-content\/uploads\/2024\/10\/Ulivo-3-1024-px-vitamina-E.webp 1024w, https:\/\/www.promin.it\/wp-content\/uploads\/2024\/10\/Ulivo-3-1024-px-vitamina-E-300x300.webp 300w, https:\/\/www.promin.it\/wp-content\/uploads\/2024\/10\/Ulivo-3-1024-px-vitamina-E-150x150.webp 150w, https:\/\/www.promin.it\/wp-content\/uploads\/2024\/10\/Ulivo-3-1024-px-vitamina-E-600x600.webp 600w\" sizes=\"(max-width: 1024px) 100vw, 1024px\" \/><\/div><\/div><div class=\"w-separator size_medium\"><\/div><div class=\"wpb_text_column\"><div class=\"wpb_wrapper\"><p><em>Description&nbsp;: La vitamine E est un antioxydant liposoluble.<\/em><\/p>\n<p><em>Nom scientifique : Tocotri\u00e9nol \/ Tocoph\u00e9rol.<\/em><\/p>\n<p>&nbsp;<\/p>\n<\/div><\/div><\/div><\/div><div class=\"wpb_column vc_column_container\"><div class=\"vc_column-inner\"><div class=\"wpb_text_column\"><div class=\"wpb_wrapper\"><p>La vitamine E est consid\u00e9r\u00e9e par la communaut\u00e9 scientifique comme un composant fondamental de la vie humaine. Il s\u2019agit en fait d\u2019un puissant antioxydant que l\u2019on retrouve dans de nombreux l\u00e9gumes tels que les fruits, l\u2019huile d\u2019olive, l\u2019huile de chanvre et l\u2019huile de germe de bl\u00e9. <\/p>\n<p>Il existe huit types de vitamine E : trois types de tocotri\u00e9nols (\u03b1, \u03b2, \u03b3 et \u03b4, initialement appel\u00e9s vitamine T) et trois types de tocoph\u00e9rols (\u03b1, \u03b2, \u03b3 et \u03b4).<\/p>\n<p>Biologiquement, l\u2019alpha-tocoph\u00e9rol est la forme la plus puissante et la plus active de vitamines.<\/p>\n<p>Revendication selon 432-2012 :<br \/> La vitamine E contribue \u00e0 la protection des cellules contre le stress oxydatif.<\/p>\n<p>Promin s\u2019engage \u00e0 choisir quotidiennement des mati\u00e8res premi\u00e8res de valeur absolue, contr\u00f4l\u00e9es et test\u00e9es selon des normes strictes et dans le respect de toutes les exigences l\u00e9gales.<\/p>\n<p><em>Les compl\u00e9ments alimentaires formul\u00e9s et produits par Promin que je contient sont : <a href=\"\/inosima-complex\/\">COMPLEXE INOSIMA<\/a> &#8211; <a href=\"\/fito-gastrolene\/\">PHYTO-GASTROL\u00c8NE<\/a><\/em><\/p>\n<\/div><\/div><\/div><\/div><\/div><\/div><\/section>\n","protected":false},"excerpt":{"rendered":"Vitamine e [vc_raw_html]JTNDYSUyMGhyZWYlM0QlMjJodHRwcyUzQSUyRiUyRnRlc3QucHJvbWluLml0JTJGZnIlMkZjb21wb3NhbnRzLWFjdGlmcyUyRiUyMiUzRSUzQ3Rvcm5hJTIwYSUzRCUyMiUyMiUyMHR1dHRpJTNEJTIyJTIyJTIwaSUzRCUyMiUyMiUyMGNvbXBvbmVudGklM0QlMjIlMjIlMjBhdHRpdmklM0QlMjIlMjIlM0UlM0MlMkZ0b3JuYSUzRSUzQyUyRmElM0U=[\/vc_raw_html] Description&nbsp;: La vitamine E est un antioxydant liposoluble. Nom scientifique : Tocotri\u00e9nol \/ Tocoph\u00e9rol. &nbsp; La vitamine E est consid\u00e9r\u00e9e par la communaut\u00e9 scientifique comme un composant fondamental de la vie humaine. Il s\u2019agit en fait d\u2019un puissant antioxydant que l\u2019on retrouve dans de nombreux l\u00e9gumes tels que les fruits, l\u2019huile d\u2019olive,...","protected":false},"author":5,"featured_media":19620,"parent":0,"menu_order":0,"comment_status":"closed","ping_status":"closed","template":"","meta":{"_acf_changed":false,"jetpack_post_was_ever_published":false,"footnotes":""},"class_list":["post-19727","page","type-page","status-publish","has-post-thumbnail","hentry"],"acf":[],"yoast_head":"<!-- This site is optimized with the Yoast SEO plugin v23.4 - https:\/\/yoast.com\/wordpress\/plugins\/seo\/ -->\n<title>Compl\u00e9ments alimentaires \u00e0 base de vitamine E - Promin - Produits M\u00e9decine int\u00e9grative<\/title>\n<meta name=\"description\" content=\"La vitamine E est essentielle \u00e0 la vie humaine car c\u2019est un puissant antioxydant contenu dans de nombreuses plantes, dont... Les compl\u00e9ments alimentaires Promin contenant de la vitamine E sont...\" \/>\n<meta name=\"robots\" content=\"index, follow, max-snippet:-1, max-image-preview:large, max-video-preview:-1\" \/>\n<link rel=\"canonical\" href=\"https:\/\/www.promin.it\/fr\/vitamine-e\/\" \/>\n<meta property=\"og:locale\" content=\"fr_FR\" \/>\n<meta property=\"og:type\" content=\"article\" \/>\n<meta property=\"og:title\" content=\"Compl\u00e9ments alimentaires \u00e0 base de vitamine E - Promin - Produits M\u00e9decine int\u00e9grative\" \/>\n<meta property=\"og:description\" content=\"La vitamine E est essentielle \u00e0 la vie humaine car c\u2019est un puissant antioxydant contenu dans de nombreuses plantes, dont... Les compl\u00e9ments alimentaires Promin contenant de la vitamine E sont...\" \/>\n<meta property=\"og:url\" content=\"https:\/\/www.promin.it\/fr\/vitamine-e\/\" \/>\n<meta property=\"og:site_name\" content=\"Promin\" \/>\n<meta property=\"article:publisher\" content=\"https:\/\/www.facebook.com\/prominmed\" \/>\n<meta property=\"article:modified_time\" content=\"2024-11-12T14:52:32+00:00\" \/>\n<meta property=\"og:image\" content=\"https:\/\/www.promin.it\/wp-content\/uploads\/2024\/10\/Ulivo-3-1024-px-vitamina-E.webp\" \/>\n\t<meta property=\"og:image:width\" content=\"1024\" \/>\n\t<meta property=\"og:image:height\" content=\"1024\" \/>\n\t<meta property=\"og:image:type\" content=\"image\/webp\" \/>\n<meta name=\"twitter:card\" content=\"summary_large_image\" \/>\n<script type=\"application\/ld+json\" class=\"yoast-schema-graph\">{\"@context\":\"https:\/\/schema.org\",\"@graph\":[{\"@type\":\"WebPage\",\"@id\":\"https:\/\/www.promin.it\/fr\/vitamine-e\/\",\"url\":\"https:\/\/www.promin.it\/fr\/vitamine-e\/\",\"name\":\"Compl\u00e9ments alimentaires \u00e0 base de vitamine E - Promin - Produits M\u00e9decine int\u00e9grative\",\"isPartOf\":{\"@id\":\"https:\/\/www.promin.it\/#website\"},\"primaryImageOfPage\":{\"@id\":\"https:\/\/www.promin.it\/fr\/vitamine-e\/#primaryimage\"},\"image\":{\"@id\":\"https:\/\/www.promin.it\/fr\/vitamine-e\/#primaryimage\"},\"thumbnailUrl\":\"https:\/\/www.promin.it\/wp-content\/uploads\/2024\/10\/Ulivo-3-1024-px-vitamina-E.webp\",\"datePublished\":\"2018-01-17T21:28:50+00:00\",\"dateModified\":\"2024-11-12T14:52:32+00:00\",\"description\":\"La vitamine E est essentielle \u00e0 la vie humaine car c\u2019est un puissant antioxydant contenu dans de nombreuses plantes, dont... Les compl\u00e9ments alimentaires Promin contenant de la vitamine E sont...\",\"breadcrumb\":{\"@id\":\"https:\/\/www.promin.it\/fr\/vitamine-e\/#breadcrumb\"},\"inLanguage\":\"fr-FR\",\"potentialAction\":[{\"@type\":\"ReadAction\",\"target\":[\"https:\/\/www.promin.it\/fr\/vitamine-e\/\"]}]},{\"@type\":\"ImageObject\",\"inLanguage\":\"fr-FR\",\"@id\":\"https:\/\/www.promin.it\/fr\/vitamine-e\/#primaryimage\",\"url\":\"https:\/\/www.promin.it\/wp-content\/uploads\/2024\/10\/Ulivo-3-1024-px-vitamina-E.webp\",\"contentUrl\":\"https:\/\/www.promin.it\/wp-content\/uploads\/2024\/10\/Ulivo-3-1024-px-vitamina-E.webp\",\"width\":1024,\"height\":1024},{\"@type\":\"BreadcrumbList\",\"@id\":\"https:\/\/www.promin.it\/fr\/vitamine-e\/#breadcrumb\",\"itemListElement\":[{\"@type\":\"ListItem\",\"position\":1,\"name\":\"Accueil\",\"item\":\"https:\/\/www.promin.it\/fr\/\"},{\"@type\":\"ListItem\",\"position\":2,\"name\":\"Vitamine E\"}]},{\"@type\":\"WebSite\",\"@id\":\"https:\/\/www.promin.it\/#website\",\"url\":\"https:\/\/www.promin.it\/\",\"name\":\"Promin\",\"description\":\"Prodotti Medicina Integrata\",\"publisher\":{\"@id\":\"https:\/\/www.promin.it\/#organization\"},\"potentialAction\":[{\"@type\":\"SearchAction\",\"target\":{\"@type\":\"EntryPoint\",\"urlTemplate\":\"https:\/\/www.promin.it\/?s={search_term_string}\"},\"query-input\":{\"@type\":\"PropertyValueSpecification\",\"valueRequired\":true,\"valueName\":\"search_term_string\"}}],\"inLanguage\":\"fr-FR\"},{\"@type\":\"Organization\",\"@id\":\"https:\/\/www.promin.it\/#organization\",\"name\":\"Promin Srl\",\"alternateName\":\"Promin - Prodotti Medicina Integrata\",\"url\":\"https:\/\/www.promin.it\/\",\"logo\":{\"@type\":\"ImageObject\",\"inLanguage\":\"fr-FR\",\"@id\":\"https:\/\/www.promin.it\/#\/schema\/logo\/image\/\",\"url\":\"https:\/\/www.promin.it\/wp-content\/uploads\/2024\/11\/logo-promin-seo.jpg\",\"contentUrl\":\"https:\/\/www.promin.it\/wp-content\/uploads\/2024\/11\/logo-promin-seo.jpg\",\"width\":512,\"height\":512,\"caption\":\"Promin Srl\"},\"image\":{\"@id\":\"https:\/\/www.promin.it\/#\/schema\/logo\/image\/\"},\"sameAs\":[\"https:\/\/www.facebook.com\/prominmed\",\"https:\/\/www.instagram.com\/promin_medicina_integrata\/\",\"https:\/\/www.linkedin.com\/company\/promin-prodotti-medicina-integrata\/\"]}]}<\/script>\n<!-- \/ Yoast SEO plugin. -->","yoast_head_json":{"title":"Compl\u00e9ments alimentaires \u00e0 base de vitamine E - Promin - Produits M\u00e9decine int\u00e9grative","description":"La vitamine E est essentielle \u00e0 la vie humaine car c\u2019est un puissant antioxydant contenu dans de nombreuses plantes, dont... Les compl\u00e9ments alimentaires Promin contenant de la vitamine E sont...","robots":{"index":"index","follow":"follow","max-snippet":"max-snippet:-1","max-image-preview":"max-image-preview:large","max-video-preview":"max-video-preview:-1"},"canonical":"https:\/\/www.promin.it\/fr\/vitamine-e\/","og_locale":"fr_FR","og_type":"article","og_title":"Compl\u00e9ments alimentaires \u00e0 base de vitamine E - Promin - Produits M\u00e9decine int\u00e9grative","og_description":"La vitamine E est essentielle \u00e0 la vie humaine car c\u2019est un puissant antioxydant contenu dans de nombreuses plantes, dont... Les compl\u00e9ments alimentaires Promin contenant de la vitamine E sont...","og_url":"https:\/\/www.promin.it\/fr\/vitamine-e\/","og_site_name":"Promin","article_publisher":"https:\/\/www.facebook.com\/prominmed","article_modified_time":"2024-11-12T14:52:32+00:00","og_image":[{"width":1024,"height":1024,"url":"https:\/\/www.promin.it\/wp-content\/uploads\/2024\/10\/Ulivo-3-1024-px-vitamina-E.webp","type":"image\/webp"}],"twitter_card":"summary_large_image","schema":{"@context":"https:\/\/schema.org","@graph":[{"@type":"WebPage","@id":"https:\/\/www.promin.it\/fr\/vitamine-e\/","url":"https:\/\/www.promin.it\/fr\/vitamine-e\/","name":"Compl\u00e9ments alimentaires \u00e0 base de vitamine E - Promin - Produits M\u00e9decine int\u00e9grative","isPartOf":{"@id":"https:\/\/www.promin.it\/#website"},"primaryImageOfPage":{"@id":"https:\/\/www.promin.it\/fr\/vitamine-e\/#primaryimage"},"image":{"@id":"https:\/\/www.promin.it\/fr\/vitamine-e\/#primaryimage"},"thumbnailUrl":"https:\/\/www.promin.it\/wp-content\/uploads\/2024\/10\/Ulivo-3-1024-px-vitamina-E.webp","datePublished":"2018-01-17T21:28:50+00:00","dateModified":"2024-11-12T14:52:32+00:00","description":"La vitamine E est essentielle \u00e0 la vie humaine car c\u2019est un puissant antioxydant contenu dans de nombreuses plantes, dont... Les compl\u00e9ments alimentaires Promin contenant de la vitamine E sont...","breadcrumb":{"@id":"https:\/\/www.promin.it\/fr\/vitamine-e\/#breadcrumb"},"inLanguage":"fr-FR","potentialAction":[{"@type":"ReadAction","target":["https:\/\/www.promin.it\/fr\/vitamine-e\/"]}]},{"@type":"ImageObject","inLanguage":"fr-FR","@id":"https:\/\/www.promin.it\/fr\/vitamine-e\/#primaryimage","url":"https:\/\/www.promin.it\/wp-content\/uploads\/2024\/10\/Ulivo-3-1024-px-vitamina-E.webp","contentUrl":"https:\/\/www.promin.it\/wp-content\/uploads\/2024\/10\/Ulivo-3-1024-px-vitamina-E.webp","width":1024,"height":1024},{"@type":"BreadcrumbList","@id":"https:\/\/www.promin.it\/fr\/vitamine-e\/#breadcrumb","itemListElement":[{"@type":"ListItem","position":1,"name":"Accueil","item":"https:\/\/www.promin.it\/fr\/"},{"@type":"ListItem","position":2,"name":"Vitamine E"}]},{"@type":"WebSite","@id":"https:\/\/www.promin.it\/#website","url":"https:\/\/www.promin.it\/","name":"Promin","description":"Prodotti Medicina Integrata","publisher":{"@id":"https:\/\/www.promin.it\/#organization"},"potentialAction":[{"@type":"SearchAction","target":{"@type":"EntryPoint","urlTemplate":"https:\/\/www.promin.it\/?s={search_term_string}"},"query-input":{"@type":"PropertyValueSpecification","valueRequired":true,"valueName":"search_term_string"}}],"inLanguage":"fr-FR"},{"@type":"Organization","@id":"https:\/\/www.promin.it\/#organization","name":"Promin Srl","alternateName":"Promin - Prodotti Medicina Integrata","url":"https:\/\/www.promin.it\/","logo":{"@type":"ImageObject","inLanguage":"fr-FR","@id":"https:\/\/www.promin.it\/#\/schema\/logo\/image\/","url":"https:\/\/www.promin.it\/wp-content\/uploads\/2024\/11\/logo-promin-seo.jpg","contentUrl":"https:\/\/www.promin.it\/wp-content\/uploads\/2024\/11\/logo-promin-seo.jpg","width":512,"height":512,"caption":"Promin Srl"},"image":{"@id":"https:\/\/www.promin.it\/#\/schema\/logo\/image\/"},"sameAs":["https:\/\/www.facebook.com\/prominmed","https:\/\/www.instagram.com\/promin_medicina_integrata\/","https:\/\/www.linkedin.com\/company\/promin-prodotti-medicina-integrata\/"]}]}},"jetpack_sharing_enabled":true,"jetpack_shortlink":"https:\/\/wp.me\/PaiRmh-58b","_links":{"self":[{"href":"https:\/\/www.promin.it\/fr\/wp-json\/wp\/v2\/pages\/19727"}],"collection":[{"href":"https:\/\/www.promin.it\/fr\/wp-json\/wp\/v2\/pages"}],"about":[{"href":"https:\/\/www.promin.it\/fr\/wp-json\/wp\/v2\/types\/page"}],"author":[{"embeddable":true,"href":"https:\/\/www.promin.it\/fr\/wp-json\/wp\/v2\/users\/5"}],"replies":[{"embeddable":true,"href":"https:\/\/www.promin.it\/fr\/wp-json\/wp\/v2\/comments?post=19727"}],"version-history":[{"count":3,"href":"https:\/\/www.promin.it\/fr\/wp-json\/wp\/v2\/pages\/19727\/revisions"}],"predecessor-version":[{"id":20132,"href":"https:\/\/www.promin.it\/fr\/wp-json\/wp\/v2\/pages\/19727\/revisions\/20132"}],"wp:featuredmedia":[{"embeddable":true,"href":"https:\/\/www.promin.it\/fr\/wp-json\/wp\/v2\/media\/19620"}],"wp:attachment":[{"href":"https:\/\/www.promin.it\/fr\/wp-json\/wp\/v2\/media?parent=19727"}],"curies":[{"name":"wp","href":"https:\/\/api.w.org\/{rel}","templated":true}]}}