{"id":19733,"date":"2018-01-17T22:35:36","date_gmt":"2018-01-17T21:35:36","guid":{"rendered":"https:\/\/www.promin.it\/?page_id=19733"},"modified":"2024-11-12T15:53:45","modified_gmt":"2024-11-12T14:53:45","slug":"zinc","status":"publish","type":"page","link":"https:\/\/www.promin.it\/fr\/zinc\/","title":{"rendered":"Zinc"},"content":{"rendered":"<section class=\"l-section wpb_row visore-interno height_auto width_full\"><div class=\"l-section-h i-cf\"><div class=\"g-cols vc_row via_grid cols_1-3 laptops-cols_inherit tablets-cols_inherit mobiles-cols_1 valign_middle type_default stacking_default\" style=\"--gap:0rem;\"><div class=\"wpb_column vc_column_container col-visore\"><div class=\"vc_column-inner\"><div class=\"w-image logo-promin-v align_none\"><div class=\"w-image-h\"><img decoding=\"async\" width=\"268\" height=\"117\" src=\"https:\/\/www.promin.it\/wp-content\/uploads\/2024\/09\/promin-logo-v.svg\" class=\"attachment-large size-large\" alt=\"\" loading=\"lazy\" \/><\/div><\/div><\/div><\/div><div class=\"wpb_column vc_column_container col-img componenti\"><div class=\"vc_column-inner\"><div class=\"wpb_text_column\"><div class=\"wpb_wrapper\"><h1>Zinc<\/h1>\n<\/div><\/div><\/div><\/div><\/div><\/div><\/section><section class=\"l-section wpb_row fascia-breadcrums height_auto\"><div class=\"l-section-h i-cf\"><div class=\"g-cols vc_row via_grid cols_1 laptops-cols_inherit tablets-cols_inherit mobiles-cols_1 valign_top type_default stacking_default\"><div class=\"wpb_column vc_column_container\"><div class=\"vc_column-inner\"><section class=\"l-section wpb_row height_auto\"><div class=\"l-section-h i-cf\"><div class=\"g-cols vc_row via_grid cols_1 laptops-cols_inherit tablets-cols_inherit mobiles-cols_1 valign_middle type_default stacking_default\"><div class=\"wpb_column vc_column_container\"><div class=\"vc_column-inner\">[vc_raw_html]JTNDYSUyMGhyZWYlM0QlMjJodHRwcyUzQSUyRiUyRnRlc3QucHJvbWluLml0JTJGZnIlMkZjb21wb3NhbnRzLWFjdGlmcyUyRiUyMiUzRSUzQ3Rvcm5hJTIwYSUzRCUyMiUyMiUyMHR1dHRpJTNEJTIyJTIyJTIwaSUzRCUyMiUyMiUyMGNvbXBvbmVudGklM0QlMjIlMjIlMjBhdHRpdmklM0QlMjIlMjIlM0UlM0MlMkZ0b3JuYSUzRSUzQyUyRmElM0U=[\/vc_raw_html]<\/div><\/div><\/div><\/div><\/section>\n<\/div><\/div><\/div><\/div><\/section><section class=\"l-section wpb_row fascia-uno inositolo-pag height_small\"><div class=\"l-section-h i-cf\"><div class=\"g-cols vc_row via_grid cols_2 laptops-cols_inherit tablets-cols_inherit mobiles-cols_1 valign_top type_default stacking_default\"><div class=\"wpb_column vc_column_container\"><div class=\"vc_column-inner\"><div class=\"w-image has_ratio align_none\"><div class=\"w-image-h\"><div style=\"padding-bottom:56.25%\"><\/div><img decoding=\"async\" width=\"1024\" height=\"1024\" src=\"https:\/\/www.promin.it\/wp-content\/uploads\/2024\/10\/Mandorlo-1024-px.webp\" class=\"attachment-large size-large\" alt=\"\" loading=\"lazy\" srcset=\"https:\/\/www.promin.it\/wp-content\/uploads\/2024\/10\/Mandorlo-1024-px.webp 1024w, https:\/\/www.promin.it\/wp-content\/uploads\/2024\/10\/Mandorlo-1024-px-300x300.webp 300w, https:\/\/www.promin.it\/wp-content\/uploads\/2024\/10\/Mandorlo-1024-px-150x150.webp 150w, https:\/\/www.promin.it\/wp-content\/uploads\/2024\/10\/Mandorlo-1024-px-600x600.webp 600w\" sizes=\"(max-width: 1024px) 100vw, 1024px\" \/><\/div><\/div><div class=\"w-separator size_medium\"><\/div><div class=\"wpb_text_column\"><div class=\"wpb_wrapper\"><p><em>Description&nbsp;: Le zinc est un \u00e9l\u00e9ment chimique fondamental.<\/em><\/p>\n<p>Symbole chimique : Zn.<\/p>\n<p>Le zinc est un m\u00e9tal indispensable pour notre corps car il est un \u00e9l\u00e9ment constitutif de plus de deux cents enzymes et de nombreuses autres prot\u00e9ines. Apr\u00e8s le fer, le zinc est l\u2019oligo-\u00e9l\u00e9ment essentiel pr\u00e9sent dans le corps humain en plus grande quantit\u00e9. L\u2019importance de ce m\u00e9tal pour la sant\u00e9 humaine est reconnue depuis longtemps par la communaut\u00e9 scientifique, \u00e0 tel point que l\u2019EFSA elle-m\u00eame a approuv\u00e9 de nombreuses all\u00e9gations.<\/p>\n<\/div><\/div><\/div><\/div><div class=\"wpb_column vc_column_container\"><div class=\"vc_column-inner\"><div class=\"wpb_text_column\"><div class=\"wpb_wrapper\"><p>Revendication selon 432-2012 :<\/p>\n<p>Le zinc contribue \u00e0 un m\u00e9tabolisme acido-basique normal.<br \/>  M\u00e9tabolisme normal des glucides.<br \/>  Fonction cognitive normale.<br \/>  Synth\u00e8se normale de l\u2019ADN.<br \/>  Fertilit\u00e9 normale et reproduction normale.<br \/>  M\u00e9tabolisme normal des macronutriments.<br \/>  M\u00e9tabolisme normal des acides gras.<br \/>  M\u00e9tabolisme normal de la vitamine A.<br \/>  Synth\u00e8se normale des prot\u00e9ines.<br \/>  Maintien d\u2019une ossature normale.<br \/>  Entretien des cheveux normaux.<br \/>  Entretien des ongles normaux.<br \/>  Maintien d\u2019une peau normale.<br \/>  Taux normal de testost\u00e9rone dans le sang.<br \/>  Capacit\u00e9 visuelle normale.<br \/>  Fonctionnement normal du syst\u00e8me immunitaire.<br \/>  Protection des cellules contre le stress oxydatif.<br \/>  Il intervient dans le processus de division cellulaire.<\/p>\n<p>Promin s\u2019engage \u00e0 choisir quotidiennement des mati\u00e8res premi\u00e8res de valeur absolue, contr\u00f4l\u00e9es et test\u00e9es selon des normes strictes et dans le respect de toutes les exigences l\u00e9gales.<\/p>\n<p><em>Les compl\u00e9ments alimentaires formul\u00e9s et produits par Promin que je contient sont : <a href=\"https:\/\/www.promin.it\/fr\/?post_type=schede_prodotto&#038;p=19212\">DELTURIL<\/a><\/em><\/p>\n<\/div><\/div><\/div><\/div><\/div><\/div><\/section>\n","protected":false},"excerpt":{"rendered":"Zinc [vc_raw_html]JTNDYSUyMGhyZWYlM0QlMjJodHRwcyUzQSUyRiUyRnRlc3QucHJvbWluLml0JTJGZnIlMkZjb21wb3NhbnRzLWFjdGlmcyUyRiUyMiUzRSUzQ3Rvcm5hJTIwYSUzRCUyMiUyMiUyMHR1dHRpJTNEJTIyJTIyJTIwaSUzRCUyMiUyMiUyMGNvbXBvbmVudGklM0QlMjIlMjIlMjBhdHRpdmklM0QlMjIlMjIlM0UlM0MlMkZ0b3JuYSUzRSUzQyUyRmElM0U=[\/vc_raw_html] Description&nbsp;: Le zinc est un \u00e9l\u00e9ment chimique fondamental. Symbole chimique : Zn. Le zinc est un m\u00e9tal indispensable pour notre corps car il est un \u00e9l\u00e9ment constitutif de plus de deux cents enzymes et de nombreuses autres prot\u00e9ines. Apr\u00e8s le fer, le zinc est l\u2019oligo-\u00e9l\u00e9ment essentiel pr\u00e9sent dans le corps humain en plus...","protected":false},"author":5,"featured_media":19630,"parent":0,"menu_order":0,"comment_status":"closed","ping_status":"closed","template":"","meta":{"_acf_changed":false,"jetpack_post_was_ever_published":false,"footnotes":""},"class_list":["post-19733","page","type-page","status-publish","has-post-thumbnail","hentry"],"acf":[],"yoast_head":"<!-- This site is optimized with the Yoast SEO plugin v23.4 - https:\/\/yoast.com\/wordpress\/plugins\/seo\/ -->\n<title>Compl\u00e9ments alimentaires \u00e0 base de zinc - Promin - Produits m\u00e9dicaux int\u00e9gratifs<\/title>\n<meta name=\"description\" content=\"Le zinc est un m\u00e9tal indispensable pour le corps humain car il est un \u00e9l\u00e9ment constitutif de plus de deux cents enzymes et de nombreuses prot\u00e9ines... Les compl\u00e9ments alimentaires Promin contenant du zinc sont...\" \/>\n<meta name=\"robots\" content=\"index, follow, max-snippet:-1, max-image-preview:large, max-video-preview:-1\" \/>\n<link rel=\"canonical\" href=\"https:\/\/www.promin.it\/fr\/zinc\/\" \/>\n<meta property=\"og:locale\" content=\"fr_FR\" \/>\n<meta property=\"og:type\" content=\"article\" \/>\n<meta property=\"og:title\" content=\"Compl\u00e9ments alimentaires \u00e0 base de zinc - Promin - Produits m\u00e9dicaux int\u00e9gratifs\" \/>\n<meta property=\"og:description\" content=\"Le zinc est un m\u00e9tal indispensable pour le corps humain car il est un \u00e9l\u00e9ment constitutif de plus de deux cents enzymes et de nombreuses prot\u00e9ines... Les compl\u00e9ments alimentaires Promin contenant du zinc sont...\" \/>\n<meta property=\"og:url\" content=\"https:\/\/www.promin.it\/fr\/zinc\/\" \/>\n<meta property=\"og:site_name\" content=\"Promin\" \/>\n<meta property=\"article:publisher\" content=\"https:\/\/www.facebook.com\/prominmed\" \/>\n<meta property=\"article:modified_time\" content=\"2024-11-12T14:53:45+00:00\" \/>\n<meta property=\"og:image\" content=\"https:\/\/www.promin.it\/wp-content\/uploads\/2024\/10\/Mandorlo-1024-px.webp\" \/>\n\t<meta property=\"og:image:width\" content=\"1024\" \/>\n\t<meta property=\"og:image:height\" content=\"1024\" \/>\n\t<meta property=\"og:image:type\" content=\"image\/webp\" \/>\n<meta name=\"twitter:card\" content=\"summary_large_image\" \/>\n<script type=\"application\/ld+json\" class=\"yoast-schema-graph\">{\"@context\":\"https:\/\/schema.org\",\"@graph\":[{\"@type\":\"WebPage\",\"@id\":\"https:\/\/www.promin.it\/fr\/zinc\/\",\"url\":\"https:\/\/www.promin.it\/fr\/zinc\/\",\"name\":\"Compl\u00e9ments alimentaires \u00e0 base de zinc - Promin - Produits m\u00e9dicaux int\u00e9gratifs\",\"isPartOf\":{\"@id\":\"https:\/\/www.promin.it\/#website\"},\"primaryImageOfPage\":{\"@id\":\"https:\/\/www.promin.it\/fr\/zinc\/#primaryimage\"},\"image\":{\"@id\":\"https:\/\/www.promin.it\/fr\/zinc\/#primaryimage\"},\"thumbnailUrl\":\"https:\/\/www.promin.it\/wp-content\/uploads\/2024\/10\/Mandorlo-1024-px.webp\",\"datePublished\":\"2018-01-17T21:35:36+00:00\",\"dateModified\":\"2024-11-12T14:53:45+00:00\",\"description\":\"Le zinc est un m\u00e9tal indispensable pour le corps humain car il est un \u00e9l\u00e9ment constitutif de plus de deux cents enzymes et de nombreuses prot\u00e9ines... Les compl\u00e9ments alimentaires Promin contenant du zinc sont...\",\"breadcrumb\":{\"@id\":\"https:\/\/www.promin.it\/fr\/zinc\/#breadcrumb\"},\"inLanguage\":\"fr-FR\",\"potentialAction\":[{\"@type\":\"ReadAction\",\"target\":[\"https:\/\/www.promin.it\/fr\/zinc\/\"]}]},{\"@type\":\"ImageObject\",\"inLanguage\":\"fr-FR\",\"@id\":\"https:\/\/www.promin.it\/fr\/zinc\/#primaryimage\",\"url\":\"https:\/\/www.promin.it\/wp-content\/uploads\/2024\/10\/Mandorlo-1024-px.webp\",\"contentUrl\":\"https:\/\/www.promin.it\/wp-content\/uploads\/2024\/10\/Mandorlo-1024-px.webp\",\"width\":1024,\"height\":1024},{\"@type\":\"BreadcrumbList\",\"@id\":\"https:\/\/www.promin.it\/fr\/zinc\/#breadcrumb\",\"itemListElement\":[{\"@type\":\"ListItem\",\"position\":1,\"name\":\"Accueil\",\"item\":\"https:\/\/www.promin.it\/fr\/\"},{\"@type\":\"ListItem\",\"position\":2,\"name\":\"Zinc\"}]},{\"@type\":\"WebSite\",\"@id\":\"https:\/\/www.promin.it\/#website\",\"url\":\"https:\/\/www.promin.it\/\",\"name\":\"Promin\",\"description\":\"Prodotti Medicina Integrata\",\"publisher\":{\"@id\":\"https:\/\/www.promin.it\/#organization\"},\"potentialAction\":[{\"@type\":\"SearchAction\",\"target\":{\"@type\":\"EntryPoint\",\"urlTemplate\":\"https:\/\/www.promin.it\/?s={search_term_string}\"},\"query-input\":{\"@type\":\"PropertyValueSpecification\",\"valueRequired\":true,\"valueName\":\"search_term_string\"}}],\"inLanguage\":\"fr-FR\"},{\"@type\":\"Organization\",\"@id\":\"https:\/\/www.promin.it\/#organization\",\"name\":\"Promin Srl\",\"alternateName\":\"Promin - Prodotti Medicina Integrata\",\"url\":\"https:\/\/www.promin.it\/\",\"logo\":{\"@type\":\"ImageObject\",\"inLanguage\":\"fr-FR\",\"@id\":\"https:\/\/www.promin.it\/#\/schema\/logo\/image\/\",\"url\":\"https:\/\/www.promin.it\/wp-content\/uploads\/2024\/11\/logo-promin-seo.jpg\",\"contentUrl\":\"https:\/\/www.promin.it\/wp-content\/uploads\/2024\/11\/logo-promin-seo.jpg\",\"width\":512,\"height\":512,\"caption\":\"Promin Srl\"},\"image\":{\"@id\":\"https:\/\/www.promin.it\/#\/schema\/logo\/image\/\"},\"sameAs\":[\"https:\/\/www.facebook.com\/prominmed\",\"https:\/\/www.instagram.com\/promin_medicina_integrata\/\",\"https:\/\/www.linkedin.com\/company\/promin-prodotti-medicina-integrata\/\"]}]}<\/script>\n<!-- \/ Yoast SEO plugin. -->","yoast_head_json":{"title":"Compl\u00e9ments alimentaires \u00e0 base de zinc - Promin - Produits m\u00e9dicaux int\u00e9gratifs","description":"Le zinc est un m\u00e9tal indispensable pour le corps humain car il est un \u00e9l\u00e9ment constitutif de plus de deux cents enzymes et de nombreuses prot\u00e9ines... Les compl\u00e9ments alimentaires Promin contenant du zinc sont...","robots":{"index":"index","follow":"follow","max-snippet":"max-snippet:-1","max-image-preview":"max-image-preview:large","max-video-preview":"max-video-preview:-1"},"canonical":"https:\/\/www.promin.it\/fr\/zinc\/","og_locale":"fr_FR","og_type":"article","og_title":"Compl\u00e9ments alimentaires \u00e0 base de zinc - Promin - Produits m\u00e9dicaux int\u00e9gratifs","og_description":"Le zinc est un m\u00e9tal indispensable pour le corps humain car il est un \u00e9l\u00e9ment constitutif de plus de deux cents enzymes et de nombreuses prot\u00e9ines... Les compl\u00e9ments alimentaires Promin contenant du zinc sont...","og_url":"https:\/\/www.promin.it\/fr\/zinc\/","og_site_name":"Promin","article_publisher":"https:\/\/www.facebook.com\/prominmed","article_modified_time":"2024-11-12T14:53:45+00:00","og_image":[{"width":1024,"height":1024,"url":"https:\/\/www.promin.it\/wp-content\/uploads\/2024\/10\/Mandorlo-1024-px.webp","type":"image\/webp"}],"twitter_card":"summary_large_image","schema":{"@context":"https:\/\/schema.org","@graph":[{"@type":"WebPage","@id":"https:\/\/www.promin.it\/fr\/zinc\/","url":"https:\/\/www.promin.it\/fr\/zinc\/","name":"Compl\u00e9ments alimentaires \u00e0 base de zinc - Promin - Produits m\u00e9dicaux int\u00e9gratifs","isPartOf":{"@id":"https:\/\/www.promin.it\/#website"},"primaryImageOfPage":{"@id":"https:\/\/www.promin.it\/fr\/zinc\/#primaryimage"},"image":{"@id":"https:\/\/www.promin.it\/fr\/zinc\/#primaryimage"},"thumbnailUrl":"https:\/\/www.promin.it\/wp-content\/uploads\/2024\/10\/Mandorlo-1024-px.webp","datePublished":"2018-01-17T21:35:36+00:00","dateModified":"2024-11-12T14:53:45+00:00","description":"Le zinc est un m\u00e9tal indispensable pour le corps humain car il est un \u00e9l\u00e9ment constitutif de plus de deux cents enzymes et de nombreuses prot\u00e9ines... Les compl\u00e9ments alimentaires Promin contenant du zinc sont...","breadcrumb":{"@id":"https:\/\/www.promin.it\/fr\/zinc\/#breadcrumb"},"inLanguage":"fr-FR","potentialAction":[{"@type":"ReadAction","target":["https:\/\/www.promin.it\/fr\/zinc\/"]}]},{"@type":"ImageObject","inLanguage":"fr-FR","@id":"https:\/\/www.promin.it\/fr\/zinc\/#primaryimage","url":"https:\/\/www.promin.it\/wp-content\/uploads\/2024\/10\/Mandorlo-1024-px.webp","contentUrl":"https:\/\/www.promin.it\/wp-content\/uploads\/2024\/10\/Mandorlo-1024-px.webp","width":1024,"height":1024},{"@type":"BreadcrumbList","@id":"https:\/\/www.promin.it\/fr\/zinc\/#breadcrumb","itemListElement":[{"@type":"ListItem","position":1,"name":"Accueil","item":"https:\/\/www.promin.it\/fr\/"},{"@type":"ListItem","position":2,"name":"Zinc"}]},{"@type":"WebSite","@id":"https:\/\/www.promin.it\/#website","url":"https:\/\/www.promin.it\/","name":"Promin","description":"Prodotti Medicina Integrata","publisher":{"@id":"https:\/\/www.promin.it\/#organization"},"potentialAction":[{"@type":"SearchAction","target":{"@type":"EntryPoint","urlTemplate":"https:\/\/www.promin.it\/?s={search_term_string}"},"query-input":{"@type":"PropertyValueSpecification","valueRequired":true,"valueName":"search_term_string"}}],"inLanguage":"fr-FR"},{"@type":"Organization","@id":"https:\/\/www.promin.it\/#organization","name":"Promin Srl","alternateName":"Promin - Prodotti Medicina Integrata","url":"https:\/\/www.promin.it\/","logo":{"@type":"ImageObject","inLanguage":"fr-FR","@id":"https:\/\/www.promin.it\/#\/schema\/logo\/image\/","url":"https:\/\/www.promin.it\/wp-content\/uploads\/2024\/11\/logo-promin-seo.jpg","contentUrl":"https:\/\/www.promin.it\/wp-content\/uploads\/2024\/11\/logo-promin-seo.jpg","width":512,"height":512,"caption":"Promin Srl"},"image":{"@id":"https:\/\/www.promin.it\/#\/schema\/logo\/image\/"},"sameAs":["https:\/\/www.facebook.com\/prominmed","https:\/\/www.instagram.com\/promin_medicina_integrata\/","https:\/\/www.linkedin.com\/company\/promin-prodotti-medicina-integrata\/"]}]}},"jetpack_sharing_enabled":true,"jetpack_shortlink":"https:\/\/wp.me\/PaiRmh-58h","_links":{"self":[{"href":"https:\/\/www.promin.it\/fr\/wp-json\/wp\/v2\/pages\/19733"}],"collection":[{"href":"https:\/\/www.promin.it\/fr\/wp-json\/wp\/v2\/pages"}],"about":[{"href":"https:\/\/www.promin.it\/fr\/wp-json\/wp\/v2\/types\/page"}],"author":[{"embeddable":true,"href":"https:\/\/www.promin.it\/fr\/wp-json\/wp\/v2\/users\/5"}],"replies":[{"embeddable":true,"href":"https:\/\/www.promin.it\/fr\/wp-json\/wp\/v2\/comments?post=19733"}],"version-history":[{"count":3,"href":"https:\/\/www.promin.it\/fr\/wp-json\/wp\/v2\/pages\/19733\/revisions"}],"predecessor-version":[{"id":20134,"href":"https:\/\/www.promin.it\/fr\/wp-json\/wp\/v2\/pages\/19733\/revisions\/20134"}],"wp:featuredmedia":[{"embeddable":true,"href":"https:\/\/www.promin.it\/fr\/wp-json\/wp\/v2\/media\/19630"}],"wp:attachment":[{"href":"https:\/\/www.promin.it\/fr\/wp-json\/wp\/v2\/media?parent=19733"}],"curies":[{"name":"wp","href":"https:\/\/api.w.org\/{rel}","templated":true}]}}