{"id":20464,"date":"2018-03-17T10:43:31","date_gmt":"2018-03-17T09:43:31","guid":{"rendered":"https:\/\/www.promin.it\/ligne-inositolo\/"},"modified":"2024-12-13T13:07:37","modified_gmt":"2024-12-13T12:07:37","slug":"ligne-inositolo","status":"publish","type":"page","link":"https:\/\/www.promin.it\/fr\/ligne-inositolo\/","title":{"rendered":"LIGNE D&rsquo;INOSITOLO"},"content":{"rendered":"<section class=\"l-section wpb_row visore-interno height_auto width_full\"><div class=\"l-section-h i-cf\"><div class=\"g-cols vc_row via_grid cols_1-3 laptops-cols_inherit tablets-cols_inherit mobiles-cols_1 valign_middle type_default stacking_default\" style=\"--gap:0rem;\"><div class=\"wpb_column vc_column_container col-visore\"><div class=\"vc_column-inner\"><div class=\"w-image logo-promin-v align_none\"><div class=\"w-image-h\"><img decoding=\"async\" width=\"268\" height=\"117\" src=\"https:\/\/www.promin.it\/wp-content\/uploads\/2024\/09\/promin-logo-v.svg\" class=\"attachment-large size-large\" alt=\"\" loading=\"lazy\" \/><\/div><\/div><\/div><\/div><div class=\"wpb_column vc_column_container col-img inositolo\"><div class=\"vc_column-inner\"><div class=\"wpb_text_column\"><div class=\"wpb_wrapper\"><h1>Ligne Inositolo<\/h1>\n<\/div><\/div><\/div><\/div><\/div><\/div><\/section><section class=\"l-section wpb_row fascia-breadcrums height_auto\"><div class=\"l-section-h i-cf\"><div class=\"g-cols vc_row via_grid cols_1 laptops-cols_inherit tablets-cols_inherit mobiles-cols_1 valign_top type_default stacking_default\"><div class=\"wpb_column vc_column_container\"><div class=\"vc_column-inner\"><\/div><\/div><\/div><\/div><\/section><section class=\"l-section wpb_row height_auto\"><div class=\"l-section-h i-cf\"><div class=\"g-cols vc_row via_grid cols_1 laptops-cols_inherit tablets-cols_inherit mobiles-cols_1 valign_top type_default stacking_default\"><div class=\"wpb_column vc_column_container us_custom_af6a9b6a\"><div class=\"vc_column-inner\"><div class=\"wpb_text_column\"><div class=\"wpb_wrapper\"><h2>Inositolo<\/h2>\n<p>Autrefois utilis\u00e9 presque exclusivement par voie parent\u00e9rale (injections et gouttes) car soumis \u00e0 des modifications importantes au contact de l&rsquo;acidit\u00e9 de l&rsquo;estomac, Promin a recherch\u00e9 au fil des ann\u00e9es des formes d&rsquo;administration plus faciles et tout aussi efficaces, conscient que la facilit\u00e9 d&rsquo;utilisation tend \u00e0 augmenter l&rsquo;adh\u00e9sion des patients aux programmes th\u00e9rapeutiques. Aujourd&rsquo;hui, gr\u00e2ce \u00e0 Promin, l&rsquo;Inositol (Myo-Inositol) est disponible en <strong>comprim\u00e9s brevet\u00e9s \u00e0 lib\u00e9ration lente (Inosima 500, Inosima Complex et InoVITIS)<\/strong>, en comprim\u00e9s orosolubles brevet\u00e9s <strong>(InoSAMe Brain)<\/strong> et en cr\u00e8mes eudermiques <strong>(Inocrema White et Inocrema Pink)<\/strong>. Ces produits sont \u00e0 base d&rsquo;Inositol seul pour un effet g\u00e9n\u00e9ral de soutien des processus m\u00e9taboliques, ou d&rsquo;Inositol associ\u00e9 \u00e0 des actifs synergiques pour un effet cibl\u00e9 et plus complet sur un organe ou un appareil sp\u00e9cifique.<\/p>\n<\/div><\/div><\/div><\/div><\/div><\/div><\/section><section class=\"l-section wpb_row us_custom_35d02291 height_auto\"><div class=\"l-section-h i-cf\"><div class=\"g-cols vc_row via_grid cols_1 laptops-cols_inherit tablets-cols_inherit mobiles-cols_1 valign_top type_default stacking_default\"><div class=\"wpb_column vc_column_container\"><div class=\"vc_column-inner\"><div class=\"wpb_text_column\"><div class=\"wpb_wrapper\"><h2>Ligne Inositolo de Promin<\/h2>\n<\/div><\/div><\/div><\/div><\/div><\/div><\/section><section class=\"l-section wpb_row fascia-uno inositolo-pag height_small\"><div class=\"l-section-h i-cf\"><div class=\"g-cols vc_row via_grid cols_2 laptops-cols_inherit tablets-cols_inherit mobiles-cols_1 valign_top type_default stacking_default\"><div class=\"wpb_column vc_column_container\"><div class=\"vc_column-inner\"><div class=\"wpb_text_column\"><div class=\"wpb_wrapper\"><h3 class=\"inositolo-subtitle\">Syndrome m\u00e9tabolique et pr\u00e9vention cardiovasculaire<\/h3>\n<p><strong>InoVITIS, comprim\u00e9s \u00e0 lib\u00e9ration lente de<\/strong><strong> proanthocyanidines oligom\u00e9riques (Ecovitis\u00ae), d&rsquo;inositol et de chrome pour la pr\u00e9vention et le contr\u00f4le de l&rsquo;inflammation, du syndrome m\u00e9tabolique et des maladies cardiovasculaires.<\/strong> L&rsquo;<strong>inositol et le chrome<\/strong> modulent l&rsquo;action de l&rsquo;insuline et ont des effets hypoglyc\u00e9miants et r\u00e9gulateurs des lipides. Les <strong>proanthocyanidines oligom\u00e9riques<\/strong> ont une importante fonction anti-inflammatoire, antioxydante, antihypertensive et de protection cardiovasculaire. <strong>InoVITIS<\/strong> est une aide pr\u00e9cieuse pour la pr\u00e9vention cardiom\u00e9tabolique et le contr\u00f4le de tous les facteurs de risque tels que l&rsquo;ob\u00e9sit\u00e9, le surpoids, la r\u00e9sistance \u00e0 l&rsquo;insuline, la dyslipid\u00e9mie, l&rsquo;hypertension et, chez les femmes, le pcos et les d\u00e9s\u00e9quilibres hormonaux d&rsquo;origine m\u00e9tabolique qui augmentent la probabilit\u00e9 de d\u00e9velopper un diab\u00e8te et des maladies cardiovasculaires.<\/p>\n<p class=\"inositolo-blocco-prod\"><img decoding=\"async\" class=\"alignnone size-medium wp-image-17622\" src=\"https:\/\/www.promin.it\/wp-content\/uploads\/2024\/10\/inovitis-inositolo-cromo-ecovitis-300x300.jpg\" alt=\"\" width=\"300\" height=\"300\" srcset=\"https:\/\/www.promin.it\/wp-content\/uploads\/2024\/10\/inovitis-inositolo-cromo-ecovitis-300x300.jpg 300w, https:\/\/www.promin.it\/wp-content\/uploads\/2024\/10\/inovitis-inositolo-cromo-ecovitis-150x150.jpg 150w, https:\/\/www.promin.it\/wp-content\/uploads\/2024\/10\/inovitis-inositolo-cromo-ecovitis.jpg 600w\" sizes=\"(max-width: 300px) 100vw, 300px\" \/><br \/>\n<a class=\"w-btn us-btn-style_2 usg_btn_1\" href=\"https:\/\/www.promin.it\/fr\/prodotto\/inovitis-promin-60-comprimes\/\">Approfondissement<\/a><\/p>\n<h3 class=\"inositolo-subtitle\">M\u00e9tabolisme du foie<\/h3>\n<p><strong>Inosima Complex, comprim\u00e9s orosolubles d&rsquo;Inositol<\/strong>, de <strong>Choline et de Vitamine E, des nutriments qui agissent en synergie pour soutenir la fonction h\u00e9patique, les processus de purification et l&rsquo;\u00e9quilibre du cholest\u00e9rol, des triglyc\u00e9rides et de la glyc\u00e9mie.<\/strong> La <strong>choline et l&rsquo;inositol<\/strong> ont un effet lipotrope, c&rsquo;est-\u00e0-dire qu&rsquo;ils favorisent la mobilisation des graisses du foie et emp\u00eachent leur accumulation, prot\u00e9geant ainsi contre des ph\u00e9nom\u00e8nes tels que la dyslipid\u00e9mie, la st\u00e9atose, etc. La <strong>vitamine E<\/strong> prot\u00e8ge le foie des radicaux libres, ennemis de son bien-\u00eatre, et constitue \u00e9galement l&rsquo;une des interventions naturelles les plus pr\u00e9cieuses contre l&rsquo;accumulation de graisses dans les h\u00e9patocytes ou la st\u00e9atose h\u00e9patique.<\/p>\n<p class=\"inositolo-blocco-prod\"><img decoding=\"async\" class=\"size-medium wp-image-19824 aligncenter\" src=\"https:\/\/www.promin.it\/wp-content\/uploads\/2024\/11\/inosima-complex-30-225x300.webp\" alt=\"\" width=\"225\" height=\"300\" srcset=\"https:\/\/www.promin.it\/wp-content\/uploads\/2024\/11\/inosima-complex-30-225x300.webp 225w, https:\/\/www.promin.it\/wp-content\/uploads\/2024\/11\/inosima-complex-30.webp 600w\" sizes=\"(max-width: 225px) 100vw, 225px\" \/><br \/>\n<a class=\"w-btn us-btn-style_2 usg_btn_1\" href=\"https:\/\/www.promin.it\/fr\/prodotto\/inosima-complex-30\/\">Approfondissement<\/a><\/p>\n<h3 class=\"inositolo-subtitle\">Favorise la fonction mitochondriale, la r\u00e9gulation de l&rsquo;\u00e9nergie et le bien-\u00eatre g\u00e9n\u00e9ral de l&rsquo;organisme.<\/h3>\n<p><strong>Inosima 500 : 100 comprim\u00e9s \u00e0 lib\u00e9ration lente de Myo-Inositol, avec une action syst\u00e9mique et un soutien g\u00e9n\u00e9ral des processus m\u00e9taboliques.<\/strong><\/p>\n<p>Pilier de la ligne, il est recommand\u00e9 dans les traitements visant \u00e0 maintenir l&rsquo;\u00e9quilibre m\u00e9tabolique et dans les traitements prolong\u00e9s recommand\u00e9s pour les troubles h\u00e9patiques chroniques, les formes de mauvaise digestion, les irr\u00e9gularit\u00e9s intestinales, l&rsquo;acn\u00e9, les ovaires polykystiques et l&rsquo;infertilit\u00e9 qui en d\u00e9coule.<\/p>\n<p class=\"inositolo-blocco-prod\"><img decoding=\"async\" class=\"alignnone size-medium wp-image-17620\" src=\"https:\/\/www.promin.it\/wp-content\/uploads\/2024\/10\/inosima-500-inositolo-compresse-lento-rilascio-300x300.jpg\" alt=\"\" width=\"300\" height=\"300\" srcset=\"https:\/\/www.promin.it\/wp-content\/uploads\/2024\/10\/inosima-500-inositolo-compresse-lento-rilascio-300x300.jpg 300w, https:\/\/www.promin.it\/wp-content\/uploads\/2024\/10\/inosima-500-inositolo-compresse-lento-rilascio-150x150.jpg 150w, https:\/\/www.promin.it\/wp-content\/uploads\/2024\/10\/inosima-500-inositolo-compresse-lento-rilascio.jpg 600w\" sizes=\"(max-width: 300px) 100vw, 300px\" \/><br \/>\n<a class=\"w-btn us-btn-style_2 usg_btn_1\" href=\"https:\/\/www.promin.it\/fr\/prodotto\/inosima-500\/\">Approfondissement<\/a><\/p>\n<\/div><\/div><\/div><\/div><div class=\"wpb_column vc_column_container\"><div class=\"vc_column-inner\"><div class=\"wpb_text_column\"><div class=\"wpb_wrapper\"><h3 class=\"inositolo-subtitle\">M\u00e9tabolisme c\u00e9r\u00e9bral<\/h3>\n<p>InoSAMe Brain<strong>, comprim\u00e9s orosolubles d&rsquo;Inositol, Same (l-ad\u00e9nosyl-s-m\u00e9thionine), Magn\u00e9sium<\/strong> <strong>pour soutenir l&rsquo;humeur et les fonctions cognitives, la m\u00e9moire, la concentration<\/strong> Les principes actifs d&rsquo;InoSAMe Brain agissent en synergie pour combattre les moments de d\u00e9pression, d&rsquo;anxi\u00e9t\u00e9 et de stress, le sommeil irr\u00e9gulier, la faim nerveuse et d&rsquo;autres inconforts \u00e9motionnels qui sous-tendent \u00e9galement des troubles physiques tels que la fibromyalgie.<\/p>\n<p class=\"inositolo-blocco-prod\"><img decoding=\"async\" class=\"alignnone size-medium wp-image-17619\" src=\"https:\/\/www.promin.it\/wp-content\/uploads\/2024\/10\/inosame-brain-same-inositolo-magnesio-300x300.jpg\" alt=\"\" width=\"300\" height=\"300\" srcset=\"https:\/\/www.promin.it\/wp-content\/uploads\/2024\/10\/inosame-brain-same-inositolo-magnesio-300x300.jpg 300w, https:\/\/www.promin.it\/wp-content\/uploads\/2024\/10\/inosame-brain-same-inositolo-magnesio-150x150.jpg 150w, https:\/\/www.promin.it\/wp-content\/uploads\/2024\/10\/inosame-brain-same-inositolo-magnesio.jpg 600w\" sizes=\"(max-width: 300px) 100vw, 300px\" \/><br \/>\n<a class=\"w-btn us-btn-style_2 usg_btn_1\" href=\"https:\/\/www.promin.it\/fr\/prodotto\/paquet-de-protection-de-lhumeur-du-cerveau-inosame\/\">Approfondissement<\/a><\/p>\n<h3 class=\"inositolo-subtitle\">R\u00e9gularit\u00e9 intestinale<\/h3>\n<p><strong>Mannol\u00ec, manne compl\u00e8te et inositol pour le bien-\u00eatre et la r\u00e9gularit\u00e9 intestinale<\/strong><\/p>\n<p>A base de manne int\u00e9grale de cendres, d&rsquo;Inositol et d&rsquo;extraits v\u00e9g\u00e9taux synergiques, Mannol\u00ec by Promin favorise les processus de purification physiologique de l&rsquo;organisme et contribue \u00e0 r\u00e9tablir la fra\u00eecheur et la r\u00e9gularit\u00e9 intestinale. La manne int\u00e9grale de Mannol\u00ec est un phytocomplexe qui contient, outre la mannite l\u00e9g\u00e8rement laxative, des sels min\u00e9raux, des mucilages et des pr\u00e9biotiques pr\u00e9cieux pour l&rsquo;intestin. L&rsquo;inositol contribue \u00e0 fluidifier la bile, laxatif physiologique naturel de l&rsquo;organisme. Gr\u00e2ce \u00e0 ses composants, Mannol\u00ec aide \u00e0 combattre les principaux troubles caus\u00e9s par un intestin paresseux : inflammations, ballonnements, constipation, h\u00e9morro\u00efdes, \u00e9ruptions cutan\u00e9es.  <\/p>\n<p class=\"inositolo-blocco-prod\"><img decoding=\"async\" class=\"alignnone size-medium wp-image-17634\" src=\"https:\/\/www.promin.it\/wp-content\/uploads\/2021\/04\/mannoli-integratore-inositolo-finocchio-cannella-300x300.jpg\" alt=\"\" width=\"300\" height=\"300\" srcset=\"https:\/\/www.promin.it\/wp-content\/uploads\/2021\/04\/mannoli-integratore-inositolo-finocchio-cannella-300x300.jpg 300w, https:\/\/www.promin.it\/wp-content\/uploads\/2021\/04\/mannoli-integratore-inositolo-finocchio-cannella-150x150.jpg 150w, https:\/\/www.promin.it\/wp-content\/uploads\/2021\/04\/mannoli-integratore-inositolo-finocchio-cannella.jpg 600w\" sizes=\"(max-width: 300px) 100vw, 300px\" \/><br \/>\n<a class=\"w-btn us-btn-style_2 usg_btn_1\" href=\"https:\/\/www.promin.it\/fr\/prodotto\/mannoli-regulateur-rafraichissant-intestinal-manne-de-grains-entiers\/\">Approfondissement<\/a><\/p>\n<h3 class=\"inositolo-subtitle\">Cr\u00e8mes eudermiques \u00e0 l&rsquo;inositolo<\/h3>\n<p><strong>Inocrema Bianca, cr\u00e8me eudermique \u00e0 base d&rsquo;Inositol, de Vitamine E et de Vitamine A avec de l&rsquo;huile de Ribes nigrum et de l&rsquo;extrait d&rsquo;Orchid\u00e9e.<\/strong><\/p>\n<p>Combinaison d&rsquo;antioxydants, d&rsquo;huiles et d&rsquo;extraits de plantes \u00e0 l&rsquo;action r\u00e9\u00e9quilibrante, apaisante et eutrophique. Les vitamines E et A ont une action antioxydante et r\u00e9\u00e9pith\u00e9lialisante. Avec l&rsquo;Inositol, un important bior\u00e9gulateur du m\u00e9tabolisme cellulaire, elles contribuent \u00e0 renforcer la r\u00e9activit\u00e9 de la peau face \u00e0 des stimuli pathologiques de diff\u00e9rentes natures : agents allerg\u00e8nes, piq\u00fbres d&rsquo;insectes, exposition excessive au soleil ou \u00e0 de basses temp\u00e9ratures, traitements esth\u00e9tiques invasifs tels que le peeling, le laser, la dermabrasion et les lampes solaires. Gr\u00e2ce aux propri\u00e9t\u00e9s hydratantes, r\u00e9g\u00e9n\u00e9rantes, trophiques et anti-\u00e2ge de ses nutriments, Inocrema Bianca peut \u00eatre utilis\u00e9 quotidiennement pour aider \u00e0 pr\u00e9server la tonicit\u00e9, l&rsquo;\u00e9lasticit\u00e9 et la turgescence de la peau.<\/p>\n<p class=\"inositolo-blocco-prod\"><img decoding=\"async\" class=\"alignnone size-medium wp-image-17617\" src=\"https:\/\/www.promin.it\/wp-content\/uploads\/2024\/10\/inocrema-bianca-inositolo-vitamina-vitamina-a--300x300.jpg\" alt=\"\" width=\"300\" height=\"300\" srcset=\"https:\/\/www.promin.it\/wp-content\/uploads\/2024\/10\/inocrema-bianca-inositolo-vitamina-vitamina-a--300x300.jpg 300w, https:\/\/www.promin.it\/wp-content\/uploads\/2024\/10\/inocrema-bianca-inositolo-vitamina-vitamina-a--150x150.jpg 150w, https:\/\/www.promin.it\/wp-content\/uploads\/2024\/10\/inocrema-bianca-inositolo-vitamina-vitamina-a-.jpg 600w\" sizes=\"(max-width: 300px) 100vw, 300px\" \/><br \/>\n<a class=\"w-btn us-btn-style_2 usg_btn_1\" href=\"https:\/\/www.promin.it\/fr\/prodotto\/inocrema-blanc\/\">Approfondissement<\/a><\/p>\n<p><strong>Inocrema rosa, cr\u00e8me eudermique \u00e0 base d&rsquo;Inositol, de Myrtille, de Vitis vinifera, d&rsquo;H\u00e9lichryse et d&rsquo;extraits synergiques de plantes \u00e0 action vasoprotectrice-capillarotrope.<\/strong><\/p>\n<p>L&rsquo;inositol est un important \u00e9quilibrant du m\u00e9tabolisme cellulaire et d\u00e9montre une action protectrice capillaire marqu\u00e9e gr\u00e2ce \u00e0 son pouvoir anti-jaluronidasique. Les extraits de myrtille et de vitis vinifera, gr\u00e2ce \u00e0 leur richesse en flavono\u00efdes, renforcent l&rsquo;action vasoprotectrice de la cr\u00e8me, en aidant \u00e0 maintenir des capillaires sains et \u00e0 favoriser une bonne circulation. Inocrema rosa, gr\u00e2ce aux principes actifs rendus biodisponibles par la composition particuli\u00e8re de sa base, est une aide importante dans les cas de tendance \u00e0 l&rsquo;alt\u00e9ration de la perm\u00e9abilit\u00e9 et de la r\u00e9sistance capillaire : couperose, jambes fatigu\u00e9es et lourdes, tendance \u00e0 la formation d&rsquo;ecchymoses et de microh\u00e9morragies, troubles du plexus veineux h\u00e9morro\u00efdaire.<\/p>\n<p class=\"inositolo-blocco-prod\"><img decoding=\"async\" class=\"alignnone size-medium wp-image-17618\" src=\"https:\/\/www.promin.it\/wp-content\/uploads\/2024\/10\/inocrema-rosa-elicriso-picnogerolo-mirtillo-ribes-300x300.jpg\" alt=\"\" width=\"300\" height=\"300\" srcset=\"https:\/\/www.promin.it\/wp-content\/uploads\/2024\/10\/inocrema-rosa-elicriso-picnogerolo-mirtillo-ribes-300x300.jpg 300w, https:\/\/www.promin.it\/wp-content\/uploads\/2024\/10\/inocrema-rosa-elicriso-picnogerolo-mirtillo-ribes-150x150.jpg 150w, https:\/\/www.promin.it\/wp-content\/uploads\/2024\/10\/inocrema-rosa-elicriso-picnogerolo-mirtillo-ribes.jpg 600w\" sizes=\"(max-width: 300px) 100vw, 300px\" \/><br \/>\n<a class=\"w-btn us-btn-style_2 usg_btn_1\" href=\"https:\/\/www.promin.it\/fr\/prodotto\/inocrema-rosa\/\">Approfondissement<\/a><\/p>\n<\/div><\/div><\/div><\/div><\/div><\/div><\/section>\n","protected":false},"excerpt":{"rendered":"Ligne Inositolo Inositolo Autrefois utilis\u00e9 presque exclusivement par voie parent\u00e9rale (injections et gouttes) car soumis \u00e0 des modifications importantes au contact de l&rsquo;acidit\u00e9 de l&rsquo;estomac, Promin a recherch\u00e9 au fil des ann\u00e9es des formes d&rsquo;administration plus faciles et tout aussi efficaces, conscient que la facilit\u00e9 d&rsquo;utilisation tend \u00e0 augmenter l&rsquo;adh\u00e9sion des patients aux programmes th\u00e9rapeutiques....","protected":false},"author":4,"featured_media":0,"parent":0,"menu_order":0,"comment_status":"closed","ping_status":"closed","template":"","meta":{"_acf_changed":false,"jetpack_post_was_ever_published":false,"footnotes":""},"class_list":["post-20464","page","type-page","status-publish","hentry"],"acf":[],"yoast_head":"<!-- This site is optimized with the Yoast SEO plugin v23.4 - https:\/\/yoast.com\/wordpress\/plugins\/seo\/ -->\n<title>Ligne Inositol de Promin<\/title>\n<meta name=\"description\" content=\"Mannoli est un compl\u00e9ment naturel qui favorise le bien-\u00eatre intestinal. D\u00e9couvrez comment ce rem\u00e8de aide \u00e0 am\u00e9liorer la digestion et le transit.\" \/>\n<meta name=\"robots\" content=\"index, follow, max-snippet:-1, max-image-preview:large, max-video-preview:-1\" \/>\n<link rel=\"canonical\" href=\"https:\/\/www.promin.it\/fr\/ligne-inositolo\/\" \/>\n<meta property=\"og:locale\" content=\"fr_FR\" \/>\n<meta property=\"og:type\" content=\"article\" \/>\n<meta property=\"og:title\" content=\"Ligne Inositol de Promin\" \/>\n<meta property=\"og:description\" content=\"Mannoli est un compl\u00e9ment naturel qui favorise le bien-\u00eatre intestinal. D\u00e9couvrez comment ce rem\u00e8de aide \u00e0 am\u00e9liorer la digestion et le transit.\" \/>\n<meta property=\"og:url\" content=\"https:\/\/www.promin.it\/fr\/ligne-inositolo\/\" \/>\n<meta property=\"og:site_name\" content=\"Promin\" \/>\n<meta property=\"article:publisher\" content=\"https:\/\/www.facebook.com\/prominmed\" \/>\n<meta property=\"article:modified_time\" content=\"2024-12-13T12:07:37+00:00\" \/>\n<meta property=\"og:image\" content=\"https:\/\/www.promin.it\/wp-content\/uploads\/2024\/10\/inovitis-inositolo-cromo-ecovitis-300x300.jpg\" \/>\n<meta name=\"twitter:card\" content=\"summary_large_image\" \/>\n<script type=\"application\/ld+json\" class=\"yoast-schema-graph\">{\"@context\":\"https:\/\/schema.org\",\"@graph\":[{\"@type\":\"WebPage\",\"@id\":\"https:\/\/www.promin.it\/fr\/ligne-inositolo\/\",\"url\":\"https:\/\/www.promin.it\/fr\/ligne-inositolo\/\",\"name\":\"Ligne Inositol de Promin\",\"isPartOf\":{\"@id\":\"https:\/\/www.promin.it\/#website\"},\"primaryImageOfPage\":{\"@id\":\"https:\/\/www.promin.it\/fr\/ligne-inositolo\/#primaryimage\"},\"image\":{\"@id\":\"https:\/\/www.promin.it\/fr\/ligne-inositolo\/#primaryimage\"},\"thumbnailUrl\":\"https:\/\/www.promin.it\/wp-content\/uploads\/2024\/10\/inovitis-inositolo-cromo-ecovitis-300x300.jpg\",\"datePublished\":\"2018-03-17T09:43:31+00:00\",\"dateModified\":\"2024-12-13T12:07:37+00:00\",\"description\":\"Mannoli est un compl\u00e9ment naturel qui favorise le bien-\u00eatre intestinal. D\u00e9couvrez comment ce rem\u00e8de aide \u00e0 am\u00e9liorer la digestion et le transit.\",\"breadcrumb\":{\"@id\":\"https:\/\/www.promin.it\/fr\/ligne-inositolo\/#breadcrumb\"},\"inLanguage\":\"fr-FR\",\"potentialAction\":[{\"@type\":\"ReadAction\",\"target\":[\"https:\/\/www.promin.it\/fr\/ligne-inositolo\/\"]}]},{\"@type\":\"ImageObject\",\"inLanguage\":\"fr-FR\",\"@id\":\"https:\/\/www.promin.it\/fr\/ligne-inositolo\/#primaryimage\",\"url\":\"https:\/\/www.promin.it\/wp-content\/uploads\/2024\/10\/inovitis-inositolo-cromo-ecovitis-300x300.jpg\",\"contentUrl\":\"https:\/\/www.promin.it\/wp-content\/uploads\/2024\/10\/inovitis-inositolo-cromo-ecovitis-300x300.jpg\"},{\"@type\":\"BreadcrumbList\",\"@id\":\"https:\/\/www.promin.it\/fr\/ligne-inositolo\/#breadcrumb\",\"itemListElement\":[{\"@type\":\"ListItem\",\"position\":1,\"name\":\"Accueil\",\"item\":\"https:\/\/www.promin.it\/fr\/\"},{\"@type\":\"ListItem\",\"position\":2,\"name\":\"LIGNE D&rsquo;INOSITOLO\"}]},{\"@type\":\"WebSite\",\"@id\":\"https:\/\/www.promin.it\/#website\",\"url\":\"https:\/\/www.promin.it\/\",\"name\":\"Promin\",\"description\":\"Prodotti Medicina Integrata\",\"publisher\":{\"@id\":\"https:\/\/www.promin.it\/#organization\"},\"potentialAction\":[{\"@type\":\"SearchAction\",\"target\":{\"@type\":\"EntryPoint\",\"urlTemplate\":\"https:\/\/www.promin.it\/?s={search_term_string}\"},\"query-input\":{\"@type\":\"PropertyValueSpecification\",\"valueRequired\":true,\"valueName\":\"search_term_string\"}}],\"inLanguage\":\"fr-FR\"},{\"@type\":\"Organization\",\"@id\":\"https:\/\/www.promin.it\/#organization\",\"name\":\"Promin Srl\",\"alternateName\":\"Promin - Prodotti Medicina Integrata\",\"url\":\"https:\/\/www.promin.it\/\",\"logo\":{\"@type\":\"ImageObject\",\"inLanguage\":\"fr-FR\",\"@id\":\"https:\/\/www.promin.it\/#\/schema\/logo\/image\/\",\"url\":\"https:\/\/www.promin.it\/wp-content\/uploads\/2024\/11\/logo-promin-seo.jpg\",\"contentUrl\":\"https:\/\/www.promin.it\/wp-content\/uploads\/2024\/11\/logo-promin-seo.jpg\",\"width\":512,\"height\":512,\"caption\":\"Promin Srl\"},\"image\":{\"@id\":\"https:\/\/www.promin.it\/#\/schema\/logo\/image\/\"},\"sameAs\":[\"https:\/\/www.facebook.com\/prominmed\",\"https:\/\/www.instagram.com\/promin_medicina_integrata\/\",\"https:\/\/www.linkedin.com\/company\/promin-prodotti-medicina-integrata\/\"]}]}<\/script>\n<!-- \/ Yoast SEO plugin. -->","yoast_head_json":{"title":"Ligne Inositol de Promin","description":"Mannoli est un compl\u00e9ment naturel qui favorise le bien-\u00eatre intestinal. D\u00e9couvrez comment ce rem\u00e8de aide \u00e0 am\u00e9liorer la digestion et le transit.","robots":{"index":"index","follow":"follow","max-snippet":"max-snippet:-1","max-image-preview":"max-image-preview:large","max-video-preview":"max-video-preview:-1"},"canonical":"https:\/\/www.promin.it\/fr\/ligne-inositolo\/","og_locale":"fr_FR","og_type":"article","og_title":"Ligne Inositol de Promin","og_description":"Mannoli est un compl\u00e9ment naturel qui favorise le bien-\u00eatre intestinal. D\u00e9couvrez comment ce rem\u00e8de aide \u00e0 am\u00e9liorer la digestion et le transit.","og_url":"https:\/\/www.promin.it\/fr\/ligne-inositolo\/","og_site_name":"Promin","article_publisher":"https:\/\/www.facebook.com\/prominmed","article_modified_time":"2024-12-13T12:07:37+00:00","og_image":[{"url":"https:\/\/www.promin.it\/wp-content\/uploads\/2024\/10\/inovitis-inositolo-cromo-ecovitis-300x300.jpg"}],"twitter_card":"summary_large_image","schema":{"@context":"https:\/\/schema.org","@graph":[{"@type":"WebPage","@id":"https:\/\/www.promin.it\/fr\/ligne-inositolo\/","url":"https:\/\/www.promin.it\/fr\/ligne-inositolo\/","name":"Ligne Inositol de Promin","isPartOf":{"@id":"https:\/\/www.promin.it\/#website"},"primaryImageOfPage":{"@id":"https:\/\/www.promin.it\/fr\/ligne-inositolo\/#primaryimage"},"image":{"@id":"https:\/\/www.promin.it\/fr\/ligne-inositolo\/#primaryimage"},"thumbnailUrl":"https:\/\/www.promin.it\/wp-content\/uploads\/2024\/10\/inovitis-inositolo-cromo-ecovitis-300x300.jpg","datePublished":"2018-03-17T09:43:31+00:00","dateModified":"2024-12-13T12:07:37+00:00","description":"Mannoli est un compl\u00e9ment naturel qui favorise le bien-\u00eatre intestinal. D\u00e9couvrez comment ce rem\u00e8de aide \u00e0 am\u00e9liorer la digestion et le transit.","breadcrumb":{"@id":"https:\/\/www.promin.it\/fr\/ligne-inositolo\/#breadcrumb"},"inLanguage":"fr-FR","potentialAction":[{"@type":"ReadAction","target":["https:\/\/www.promin.it\/fr\/ligne-inositolo\/"]}]},{"@type":"ImageObject","inLanguage":"fr-FR","@id":"https:\/\/www.promin.it\/fr\/ligne-inositolo\/#primaryimage","url":"https:\/\/www.promin.it\/wp-content\/uploads\/2024\/10\/inovitis-inositolo-cromo-ecovitis-300x300.jpg","contentUrl":"https:\/\/www.promin.it\/wp-content\/uploads\/2024\/10\/inovitis-inositolo-cromo-ecovitis-300x300.jpg"},{"@type":"BreadcrumbList","@id":"https:\/\/www.promin.it\/fr\/ligne-inositolo\/#breadcrumb","itemListElement":[{"@type":"ListItem","position":1,"name":"Accueil","item":"https:\/\/www.promin.it\/fr\/"},{"@type":"ListItem","position":2,"name":"LIGNE D&rsquo;INOSITOLO"}]},{"@type":"WebSite","@id":"https:\/\/www.promin.it\/#website","url":"https:\/\/www.promin.it\/","name":"Promin","description":"Prodotti Medicina Integrata","publisher":{"@id":"https:\/\/www.promin.it\/#organization"},"potentialAction":[{"@type":"SearchAction","target":{"@type":"EntryPoint","urlTemplate":"https:\/\/www.promin.it\/?s={search_term_string}"},"query-input":{"@type":"PropertyValueSpecification","valueRequired":true,"valueName":"search_term_string"}}],"inLanguage":"fr-FR"},{"@type":"Organization","@id":"https:\/\/www.promin.it\/#organization","name":"Promin Srl","alternateName":"Promin - Prodotti Medicina Integrata","url":"https:\/\/www.promin.it\/","logo":{"@type":"ImageObject","inLanguage":"fr-FR","@id":"https:\/\/www.promin.it\/#\/schema\/logo\/image\/","url":"https:\/\/www.promin.it\/wp-content\/uploads\/2024\/11\/logo-promin-seo.jpg","contentUrl":"https:\/\/www.promin.it\/wp-content\/uploads\/2024\/11\/logo-promin-seo.jpg","width":512,"height":512,"caption":"Promin Srl"},"image":{"@id":"https:\/\/www.promin.it\/#\/schema\/logo\/image\/"},"sameAs":["https:\/\/www.facebook.com\/prominmed","https:\/\/www.instagram.com\/promin_medicina_integrata\/","https:\/\/www.linkedin.com\/company\/promin-prodotti-medicina-integrata\/"]}]}},"jetpack_sharing_enabled":true,"jetpack_shortlink":"https:\/\/wp.me\/PaiRmh-5k4","_links":{"self":[{"href":"https:\/\/www.promin.it\/fr\/wp-json\/wp\/v2\/pages\/20464"}],"collection":[{"href":"https:\/\/www.promin.it\/fr\/wp-json\/wp\/v2\/pages"}],"about":[{"href":"https:\/\/www.promin.it\/fr\/wp-json\/wp\/v2\/types\/page"}],"author":[{"embeddable":true,"href":"https:\/\/www.promin.it\/fr\/wp-json\/wp\/v2\/users\/4"}],"replies":[{"embeddable":true,"href":"https:\/\/www.promin.it\/fr\/wp-json\/wp\/v2\/comments?post=20464"}],"version-history":[{"count":2,"href":"https:\/\/www.promin.it\/fr\/wp-json\/wp\/v2\/pages\/20464\/revisions"}],"predecessor-version":[{"id":20466,"href":"https:\/\/www.promin.it\/fr\/wp-json\/wp\/v2\/pages\/20464\/revisions\/20466"}],"wp:attachment":[{"href":"https:\/\/www.promin.it\/fr\/wp-json\/wp\/v2\/media?parent=20464"}],"curies":[{"name":"wp","href":"https:\/\/api.w.org\/{rel}","templated":true}]}}