{"id":19357,"date":"2021-04-21T11:16:53","date_gmt":"2021-04-21T09:16:53","guid":{"rendered":"https:\/\/www.promin.it\/?post_type=product&#038;p=19357"},"modified":"2024-11-11T12:07:11","modified_gmt":"2024-11-11T11:07:11","slug":"mannoli-promotion-de-la-quantite","status":"publish","type":"product","link":"https:\/\/www.promin.it\/fr\/prodotto\/mannoli-promotion-de-la-quantite\/","title":{"rendered":"Mannol\u00ec \u2013 Promotion de la quantit\u00e9"},"content":{"rendered":"<h3>Promotion Mannol\u00ec<\/h3>\n<p><strong>REMISE SUR QUANTIT\u00c9\u00a0: <\/strong><br \/>\n3 paquets de 20 bst \u20ac68,10\u00a0;<br \/>\n5 paquets de 20 bst 112,80 \u20ac ;<br \/>\n10 paquets de 20 bst \u20ac223,45. Compl\u00e9ment alimentaire \u00e0 base de <strong>Manne et<\/strong> d\u2019Inositol complets, au Fenouil et \u00e0 la Cannelle pour <strong>la r\u00e9gularit\u00e9 et la fra\u00eecheur intestinales<\/strong>.<\/p>\n<h3>MANNOL\u00cc<\/h3>\n<p><strong>Mannol\u00ec<\/strong> est un compl\u00e9ment alimentaire de Manne enti\u00e8re des Madonie, avec de l\u2019Inositol et des extraits de Fenouil et de Cannelle, des principes actifs qui contribuent au maintien de la fra\u00eecheur et de la r\u00e9gularit\u00e9 intestinale.<\/p>\n<ul>\n<li><strong>La manne contribue \u00e0<\/strong> la r\u00e9gularit\u00e9 du transit intestinal et au volume normal et \u00e0 la consistance des selles.<\/li>\n<li><strong>Le fenouil<\/strong> a une fonction digestive, contribue \u00e0 la motilit\u00e9 intestinale r\u00e9guli\u00e8re et \u00e0 l\u2019\u00e9limination des gaz.<\/li>\n<li><strong>La cannelle<\/strong> a une fonction digestive et contribue \u00e0 un transit intestinal r\u00e9gulier et \u00e0 l\u2019\u00e9limination des gaz intestinaux.<\/li>\n<li><strong>L\u2019inositol<\/strong> est un membre non officiel du groupe des vitamines B et un composant principal des membranes cellulaires.<\/li>\n<\/ul>\n<p>La manne de Mannol\u00ec est l\u2019une des plus belles qualit\u00e9s : les cannoli de manne de Madonie Ash. En plus de la mannite, qui a plusieurs actions b\u00e9n\u00e9fiques sur le corps humain, la manne en tant que phytocomplexe contient d\u2019autres principes actifs qui \u00e9largissent son champ d\u2019action au b\u00e9n\u00e9fice du syst\u00e8me gastro-intestinal : mananninostriose, manninotetrose \u00e0 effet pr\u00e9biotique, min\u00e9raux, r\u00e9sine, vitamines, enzymes, mucilage, pectines, tanins, etc.<\/p>\n<h3>INFORMATIONS TECHNIQUES SUR LE PRODUIT<\/h3>\n<ul>\n<li><strong>INGR\u00c9DIENTS\u00a0:<\/strong> Jus de manne naturelle (de Fraxinus Manna), maltodextrine, inositol, fruits de fenouil (Foenicum Vulgare) d.e., \u00e9corce de cannelle (Cinnamomum Zeylanicum) d.e.<\/li>\n<li><strong>CONDITIONNEMENT : Bo\u00eete<\/strong> de 20 sachets unidoses<\/li>\n<li><strong>FORME PHARMACEUTIQUE :<\/strong> Granul\u00e9s solubles \u00e0 dissoudre dans l\u2019eau.<\/li>\n<li><strong>MODE D\u2019EMPLOI : Pour<\/strong> lutter contre la constipation, 4 sachets par jour avant les repas, 2 le matin, au petit-d\u00e9jeuner ou au d\u00e9jeuner et 2 le soir dissous dans de l\u2019eau, du th\u00e9, du caf\u00e9, du lait ou des tisanes jusqu\u2019\u00e0 ce que le trouble disparaisse (la manne a l\u2019avantage d\u2019\u00eatre un \u00e9dulcorant naturel \u00e0 faible teneur en glucose et en fructose). Ensuite, divisez par deux la dose et prenez pendant quelques jours de plus. Comme rafra\u00eechissement intestinal, pour maintenir un intestin actif, propre et d\u00e9senflamm\u00e9, pour soutenir la purification de l\u2019organisme des d\u00e9chets, des toxines et des radicaux libres 1 ou 2 sachets par jour le soir, avant un repas, pendant environ 10 jours par mois.<\/li>\n<li><strong>ALLERG\u00c8NES :<\/strong> Non pr\u00e9sent (Promin ne garantit pas l\u2019absence d\u2019une \u00e9ventuelle contamination crois\u00e9e tout au long de la cha\u00eene de production)<\/li>\n<li><strong>CODE CODIFA :<\/strong> 935607907 (Indiquez \u00e0 votre pharmacien le code CODIFA, afin de ne pas avoir de probl\u00e8mes pour trouver le produit)<\/li>\n<\/ul>\n<p>Avertissements : Ne d\u00e9passez pas la dose quotidienne recommand\u00e9e. Tenir hors de port\u00e9e des enfants de moins de 3 ans. Les suppl\u00e9ments ne sont pas destin\u00e9s \u00e0 se substituer \u00e0 une alimentation vari\u00e9e et \u00e9quilibr\u00e9e et \u00e0 un mode de vie sain.<\/p>\n","protected":false},"excerpt":{"rendered":"<div align=\"center\">\n<div style=\"text-align: left;\" align=\"center\">\n<div style=\"text-align: center;\" align=\"center\">N\u00b0 3 paquets de MANNOLI&rsquo; 68,10 \u20ac<br \/>\nau lieu de 79,50 \u20ac.<\/div>\n<div align=\"center\"><span style=\"font-size: 12pt;\"> <\/span>N\u00b0 5 paquets de MANNOLI&rsquo; 112,80 \u20ac<br \/>\nau lieu de 132,50 \u20ac.<\/div>\n<\/div>\n<\/div>\n<div align=\"center\">N\u00b0 10 paquets de MANNOLI&rsquo; 223,45 \u20ac<br \/>\nau lieu de 265,00 \u20ac.<\/div>\n<div align=\"center\"><\/div>\n<div align=\"center\"><\/div>\n<div align=\"center\"><\/div>\n<div align=\"center\">\n<div style=\"text-align: left;\" align=\"center\">\n<div align=\"center\">\n<div>\n<div style=\"text-align: center;\"><span style=\"font-size: x-large;\"><u>Livraison gratuite + un cadeau offert \u00e0 la livraison\u00a0!<\/u><\/span><\/div>\n<\/div>\n<\/div>\n<\/div>\n<\/div>\n","protected":false},"featured_media":19103,"template":"","meta":{"_acf_changed":false,"jetpack_post_was_ever_published":false,"jetpack_publicize_message":"","jetpack_publicize_feature_enabled":true,"jetpack_social_post_already_shared":true,"jetpack_social_options":{"image_generator_settings":{"template":"highway","enabled":false},"version":2}},"product_cat":[658,654,656,652,657,640,643,653,663,655,626,625],"product_tag":[671,667,668,670,645,672,673,646,666,665,662,669],"class_list":{"0":"post-19357","1":"product","2":"type-product","3":"status-publish","4":"has-post-thumbnail","6":"product_cat-cannelle","7":"product_cat-cholesterol-triglycerides","8":"product_cat-digestion","9":"product_cat-fenouil","10":"product_cat-foie","11":"product_cat-inositolo-fr","12":"product_cat-linea-inositolo-fr","13":"product_cat-manne-naturelle","14":"product_cat-promotions","15":"product_cat-purification","16":"product_cat-systeme-gastro-intestinal","17":"product_cat-systeme-hepatique","18":"product_tag-cannelle","19":"product_tag-constipation","20":"product_tag-constipation-fr","21":"product_tag-fenouil","22":"product_tag-inositolo-fr","23":"product_tag-laxatifs","24":"product_tag-laxatifs-naturels","25":"product_tag-ligne-dinositol","26":"product_tag-manne-de-cendres","27":"product_tag-manne-naturelle","28":"product_tag-promotions","29":"product_tag-regularite-intestinale","31":"first","32":"instock","33":"taxable","34":"shipping-taxable","35":"purchasable","36":"product-type-variable"},"jetpack_publicize_connections":[],"acf":[],"yoast_head":"<!-- This site is optimized with the Yoast SEO plugin v23.4 - https:\/\/yoast.com\/wordpress\/plugins\/seo\/ -->\n<title>quantit\u00e9 de Mannol\u00ec - Promotion - R\u00e9gularit\u00e9 intestinale de mani\u00e8re naturelle<\/title>\n<meta name=\"description\" content=\"quantit\u00e9 de Mannol\u00ec promotion - Suppl\u00e9ment pour la constipation et la r\u00e9gularit\u00e9 intestinale naturelle, sans anthraquinones - 3 paquets \u00e0 68,10 \u20ac au lieu de 74,70 \u20ac. Livraison gratuite + livraison gratuite !\" \/>\n<meta name=\"robots\" content=\"index, follow, max-snippet:-1, max-image-preview:large, max-video-preview:-1\" \/>\n<link rel=\"canonical\" href=\"https:\/\/www.promin.it\/prodotto\/mannoli-promozione-quantita\/\" \/>\n<meta property=\"og:locale\" content=\"fr_FR\" \/>\n<meta property=\"og:type\" content=\"article\" \/>\n<meta property=\"og:title\" content=\"quantit\u00e9 de Mannol\u00ec - Promotion - R\u00e9gularit\u00e9 intestinale de mani\u00e8re naturelle\" \/>\n<meta property=\"og:description\" content=\"quantit\u00e9 de Mannol\u00ec promotion - Suppl\u00e9ment pour la constipation et la r\u00e9gularit\u00e9 intestinale naturelle, sans anthraquinones - 3 paquets \u00e0 68,10 \u20ac au lieu de 74,70 \u20ac. Livraison gratuite + livraison gratuite !\" \/>\n<meta property=\"og:url\" content=\"https:\/\/www.promin.it\/prodotto\/mannoli-promozione-quantita\/\" \/>\n<meta property=\"og:site_name\" content=\"Promin\" \/>\n<meta property=\"article:publisher\" content=\"https:\/\/www.facebook.com\/prominmed\" \/>\n<meta property=\"article:modified_time\" content=\"2024-11-11T11:07:11+00:00\" \/>\n<meta property=\"og:image\" content=\"https:\/\/www.promin.it\/wp-content\/uploads\/2021\/04\/mannoli-integratore-inositolo-finocchio-cannella.jpg\" \/>\n\t<meta property=\"og:image:width\" content=\"600\" \/>\n\t<meta property=\"og:image:height\" content=\"600\" \/>\n\t<meta property=\"og:image:type\" content=\"image\/jpeg\" \/>\n<meta name=\"twitter:card\" content=\"summary_large_image\" \/>\n<script type=\"application\/ld+json\" class=\"yoast-schema-graph\">{\"@context\":\"https:\/\/schema.org\",\"@graph\":[{\"@type\":\"WebPage\",\"@id\":\"https:\/\/www.promin.it\/prodotto\/mannoli-promozione-quantita\/\",\"url\":\"https:\/\/www.promin.it\/prodotto\/mannoli-promozione-quantita\/\",\"name\":\"quantit\u00e9 de Mannol\u00ec - Promotion - R\u00e9gularit\u00e9 intestinale de mani\u00e8re naturelle\",\"isPartOf\":{\"@id\":\"https:\/\/www.promin.it\/#website\"},\"primaryImageOfPage\":{\"@id\":\"https:\/\/www.promin.it\/prodotto\/mannoli-promozione-quantita\/#primaryimage\"},\"image\":{\"@id\":\"https:\/\/www.promin.it\/prodotto\/mannoli-promozione-quantita\/#primaryimage\"},\"thumbnailUrl\":\"https:\/\/www.promin.it\/wp-content\/uploads\/2021\/04\/mannoli-integratore-inositolo-finocchio-cannella.jpg\",\"datePublished\":\"2021-04-21T09:16:53+00:00\",\"dateModified\":\"2024-11-11T11:07:11+00:00\",\"description\":\"quantit\u00e9 de Mannol\u00ec promotion - Suppl\u00e9ment pour la constipation et la r\u00e9gularit\u00e9 intestinale naturelle, sans anthraquinones - 3 paquets \u00e0 68,10 \u20ac au lieu de 74,70 \u20ac. Livraison gratuite + livraison gratuite !\",\"breadcrumb\":{\"@id\":\"https:\/\/www.promin.it\/prodotto\/mannoli-promozione-quantita\/#breadcrumb\"},\"inLanguage\":\"fr-FR\",\"potentialAction\":[{\"@type\":\"ReadAction\",\"target\":[\"https:\/\/www.promin.it\/prodotto\/mannoli-promozione-quantita\/\"]}]},{\"@type\":\"ImageObject\",\"inLanguage\":\"fr-FR\",\"@id\":\"https:\/\/www.promin.it\/prodotto\/mannoli-promozione-quantita\/#primaryimage\",\"url\":\"https:\/\/www.promin.it\/wp-content\/uploads\/2021\/04\/mannoli-integratore-inositolo-finocchio-cannella.jpg\",\"contentUrl\":\"https:\/\/www.promin.it\/wp-content\/uploads\/2021\/04\/mannoli-integratore-inositolo-finocchio-cannella.jpg\",\"width\":600,\"height\":600},{\"@type\":\"BreadcrumbList\",\"@id\":\"https:\/\/www.promin.it\/prodotto\/mannoli-promozione-quantita\/#breadcrumb\",\"itemListElement\":[{\"@type\":\"ListItem\",\"position\":1,\"name\":\"Accueil\",\"item\":\"https:\/\/www.promin.it\/fr\/\"},{\"@type\":\"ListItem\",\"position\":2,\"name\":\"Boutique\",\"item\":\"https:\/\/www.promin.it\/fr\/boutique\/\"},{\"@type\":\"ListItem\",\"position\":3,\"name\":\"Mannol\u00ec \u2013 Promotion de la quantit\u00e9\"}]},{\"@type\":\"WebSite\",\"@id\":\"https:\/\/www.promin.it\/#website\",\"url\":\"https:\/\/www.promin.it\/\",\"name\":\"Promin\",\"description\":\"Prodotti Medicina Integrata\",\"publisher\":{\"@id\":\"https:\/\/www.promin.it\/#organization\"},\"potentialAction\":[{\"@type\":\"SearchAction\",\"target\":{\"@type\":\"EntryPoint\",\"urlTemplate\":\"https:\/\/www.promin.it\/?s={search_term_string}\"},\"query-input\":{\"@type\":\"PropertyValueSpecification\",\"valueRequired\":true,\"valueName\":\"search_term_string\"}}],\"inLanguage\":\"fr-FR\"},{\"@type\":\"Organization\",\"@id\":\"https:\/\/www.promin.it\/#organization\",\"name\":\"Promin Srl\",\"alternateName\":\"Promin - Prodotti Medicina Integrata\",\"url\":\"https:\/\/www.promin.it\/\",\"logo\":{\"@type\":\"ImageObject\",\"inLanguage\":\"fr-FR\",\"@id\":\"https:\/\/www.promin.it\/#\/schema\/logo\/image\/\",\"url\":\"https:\/\/www.promin.it\/wp-content\/uploads\/2024\/11\/logo-promin-seo.jpg\",\"contentUrl\":\"https:\/\/www.promin.it\/wp-content\/uploads\/2024\/11\/logo-promin-seo.jpg\",\"width\":512,\"height\":512,\"caption\":\"Promin Srl\"},\"image\":{\"@id\":\"https:\/\/www.promin.it\/#\/schema\/logo\/image\/\"},\"sameAs\":[\"https:\/\/www.facebook.com\/prominmed\",\"https:\/\/www.instagram.com\/promin_medicina_integrata\/\",\"https:\/\/www.linkedin.com\/company\/promin-prodotti-medicina-integrata\/\"]}]}<\/script>\n<!-- \/ Yoast SEO plugin. -->","yoast_head_json":{"title":"quantit\u00e9 de Mannol\u00ec - Promotion - R\u00e9gularit\u00e9 intestinale de mani\u00e8re naturelle","description":"quantit\u00e9 de Mannol\u00ec promotion - Suppl\u00e9ment pour la constipation et la r\u00e9gularit\u00e9 intestinale naturelle, sans anthraquinones - 3 paquets \u00e0 68,10 \u20ac au lieu de 74,70 \u20ac. Livraison gratuite + livraison gratuite !","robots":{"index":"index","follow":"follow","max-snippet":"max-snippet:-1","max-image-preview":"max-image-preview:large","max-video-preview":"max-video-preview:-1"},"canonical":"https:\/\/www.promin.it\/prodotto\/mannoli-promozione-quantita\/","og_locale":"fr_FR","og_type":"article","og_title":"quantit\u00e9 de Mannol\u00ec - Promotion - R\u00e9gularit\u00e9 intestinale de mani\u00e8re naturelle","og_description":"quantit\u00e9 de Mannol\u00ec promotion - Suppl\u00e9ment pour la constipation et la r\u00e9gularit\u00e9 intestinale naturelle, sans anthraquinones - 3 paquets \u00e0 68,10 \u20ac au lieu de 74,70 \u20ac. Livraison gratuite + livraison gratuite !","og_url":"https:\/\/www.promin.it\/prodotto\/mannoli-promozione-quantita\/","og_site_name":"Promin","article_publisher":"https:\/\/www.facebook.com\/prominmed","article_modified_time":"2024-11-11T11:07:11+00:00","og_image":[{"width":600,"height":600,"url":"https:\/\/www.promin.it\/wp-content\/uploads\/2021\/04\/mannoli-integratore-inositolo-finocchio-cannella.jpg","type":"image\/jpeg"}],"twitter_card":"summary_large_image","schema":{"@context":"https:\/\/schema.org","@graph":[{"@type":"WebPage","@id":"https:\/\/www.promin.it\/prodotto\/mannoli-promozione-quantita\/","url":"https:\/\/www.promin.it\/prodotto\/mannoli-promozione-quantita\/","name":"quantit\u00e9 de Mannol\u00ec - Promotion - R\u00e9gularit\u00e9 intestinale de mani\u00e8re naturelle","isPartOf":{"@id":"https:\/\/www.promin.it\/#website"},"primaryImageOfPage":{"@id":"https:\/\/www.promin.it\/prodotto\/mannoli-promozione-quantita\/#primaryimage"},"image":{"@id":"https:\/\/www.promin.it\/prodotto\/mannoli-promozione-quantita\/#primaryimage"},"thumbnailUrl":"https:\/\/www.promin.it\/wp-content\/uploads\/2021\/04\/mannoli-integratore-inositolo-finocchio-cannella.jpg","datePublished":"2021-04-21T09:16:53+00:00","dateModified":"2024-11-11T11:07:11+00:00","description":"quantit\u00e9 de Mannol\u00ec promotion - Suppl\u00e9ment pour la constipation et la r\u00e9gularit\u00e9 intestinale naturelle, sans anthraquinones - 3 paquets \u00e0 68,10 \u20ac au lieu de 74,70 \u20ac. Livraison gratuite + livraison gratuite !","breadcrumb":{"@id":"https:\/\/www.promin.it\/prodotto\/mannoli-promozione-quantita\/#breadcrumb"},"inLanguage":"fr-FR","potentialAction":[{"@type":"ReadAction","target":["https:\/\/www.promin.it\/prodotto\/mannoli-promozione-quantita\/"]}]},{"@type":"ImageObject","inLanguage":"fr-FR","@id":"https:\/\/www.promin.it\/prodotto\/mannoli-promozione-quantita\/#primaryimage","url":"https:\/\/www.promin.it\/wp-content\/uploads\/2021\/04\/mannoli-integratore-inositolo-finocchio-cannella.jpg","contentUrl":"https:\/\/www.promin.it\/wp-content\/uploads\/2021\/04\/mannoli-integratore-inositolo-finocchio-cannella.jpg","width":600,"height":600},{"@type":"BreadcrumbList","@id":"https:\/\/www.promin.it\/prodotto\/mannoli-promozione-quantita\/#breadcrumb","itemListElement":[{"@type":"ListItem","position":1,"name":"Accueil","item":"https:\/\/www.promin.it\/fr\/"},{"@type":"ListItem","position":2,"name":"Boutique","item":"https:\/\/www.promin.it\/fr\/boutique\/"},{"@type":"ListItem","position":3,"name":"Mannol\u00ec \u2013 Promotion de la quantit\u00e9"}]},{"@type":"WebSite","@id":"https:\/\/www.promin.it\/#website","url":"https:\/\/www.promin.it\/","name":"Promin","description":"Prodotti Medicina Integrata","publisher":{"@id":"https:\/\/www.promin.it\/#organization"},"potentialAction":[{"@type":"SearchAction","target":{"@type":"EntryPoint","urlTemplate":"https:\/\/www.promin.it\/?s={search_term_string}"},"query-input":{"@type":"PropertyValueSpecification","valueRequired":true,"valueName":"search_term_string"}}],"inLanguage":"fr-FR"},{"@type":"Organization","@id":"https:\/\/www.promin.it\/#organization","name":"Promin Srl","alternateName":"Promin - Prodotti Medicina Integrata","url":"https:\/\/www.promin.it\/","logo":{"@type":"ImageObject","inLanguage":"fr-FR","@id":"https:\/\/www.promin.it\/#\/schema\/logo\/image\/","url":"https:\/\/www.promin.it\/wp-content\/uploads\/2024\/11\/logo-promin-seo.jpg","contentUrl":"https:\/\/www.promin.it\/wp-content\/uploads\/2024\/11\/logo-promin-seo.jpg","width":512,"height":512,"caption":"Promin Srl"},"image":{"@id":"https:\/\/www.promin.it\/#\/schema\/logo\/image\/"},"sameAs":["https:\/\/www.facebook.com\/prominmed","https:\/\/www.instagram.com\/promin_medicina_integrata\/","https:\/\/www.linkedin.com\/company\/promin-prodotti-medicina-integrata\/"]}]}},"jetpack_sharing_enabled":true,"_links":{"self":[{"href":"https:\/\/www.promin.it\/fr\/wp-json\/wp\/v2\/product\/19357"}],"collection":[{"href":"https:\/\/www.promin.it\/fr\/wp-json\/wp\/v2\/product"}],"about":[{"href":"https:\/\/www.promin.it\/fr\/wp-json\/wp\/v2\/types\/product"}],"wp:featuredmedia":[{"embeddable":true,"href":"https:\/\/www.promin.it\/fr\/wp-json\/wp\/v2\/media\/19103"}],"wp:attachment":[{"href":"https:\/\/www.promin.it\/fr\/wp-json\/wp\/v2\/media?parent=19357"}],"wp:term":[{"taxonomy":"product_cat","embeddable":true,"href":"https:\/\/www.promin.it\/fr\/wp-json\/wp\/v2\/product_cat?post=19357"},{"taxonomy":"product_tag","embeddable":true,"href":"https:\/\/www.promin.it\/fr\/wp-json\/wp\/v2\/product_tag?post=19357"}],"curies":[{"name":"wp","href":"https:\/\/api.w.org\/{rel}","templated":true}]}}