{"id":19361,"date":"2021-01-21T12:32:31","date_gmt":"2021-01-21T11:32:31","guid":{"rendered":"https:\/\/www.promin.it\/?post_type=product&#038;p=19361"},"modified":"2024-11-11T12:08:20","modified_gmt":"2024-11-11T11:08:20","slug":"ck-promin-50-promotion-de-la-quantite","status":"publish","type":"product","link":"https:\/\/www.promin.it\/fr\/prodotto\/ck-promin-50-promotion-de-la-quantite\/","title":{"rendered":"CK PROMIN 50 \u2013 Promotion de la quantit\u00e9"},"content":{"rendered":"<p><strong>CK PROMIN 50+50, remise sur quantit\u00e9 pour l\u2019achat de 3 packs<\/strong> Compl\u00e9ment alimentaire Ascorbate de Potassium en sachets distingu\u00e9s par composant : Acide ascorbique + Bicarbonate de potassium tr\u00e8s pur, sans excipients. Il s\u2019agit d\u2019une forme de vitamine C \u00e0 forte p\u00e9n\u00e9tration cellulaire, indiqu\u00e9e dans tous les cas de faible apport ou de besoin accru en vitamine C et en potassium.<\/p>\n<ul>\n<li><strong>La vitamine C<\/strong> contribue au fonctionnement normal du syst\u00e8me immunitaire et \u00e0 la protection des cellules contre le stress oxydatif, responsable des processus d\u00e9g\u00e9n\u00e9ratifs et du vieillissement.<\/li>\n<\/ul>\n<p>Il contribue \u00e9galement \u00e0 la formation normale de collag\u00e8ne. Sa suppl\u00e9mentation peut \u00eatre utile pour maintenir le bien-\u00eatre des os, du cartilage, de la peau, des vaisseaux sanguins.<\/p>\n<ul>\n<li><strong>Le potassium<\/strong> participe au maintien de l\u2019\u00e9quilibre cellulaire, ce qui est important pour l\u2019hom\u00e9ostasie de l&rsquo;<\/li>\n<\/ul>\n<p>Il participe \u00e9galement au fonctionnement normal du syst\u00e8me nerveux, \u00e0 la fonction musculaire normale et \u00e0 la pression art\u00e9rielle normale. L\u2019Ascorbate de Potassium obtenu \u00e0 partir de l\u2019union d\u2019un sachet d\u2019acide ascorbique + un sachet de bicarbonate de potassium dissous dans l\u2019eau et solubilis\u00e9 au moment de la prise permet une biodisponibilit\u00e9 optimale du potassium en pr\u00e9sence du support ascorbique. Les sachets pr\u00e9dos\u00e9s et thermosoud\u00e9s, en aluminium, poly\u00e9thyl\u00e8ne et papier, prot\u00e8gent les composants de nature instable, hygroscopique et photosensible.<\/p>\n<h3>INFORMATIONS TECHNIQUES SUR LE PRODUIT<\/h3>\n<ul>\n<li><strong>INGR\u00c9DIENTS:<\/strong> Sachet d\u2019orange : Acide ascorbique ; Sachet bleu : Bicarbonate de potassium.<\/li>\n<li><strong>EMBALLAGE:<\/strong> Bo\u00eete de 100 sachets de Vitamine C + 100 sachets de Bicarbonate de Potassium<\/li>\n<li><strong>EMBALLAGE:<\/strong> Bo\u00eete de 50 sachets de Vitamine C + 50 sachets de Bicarbonate de Potassium<\/li>\n<li><strong>FORME PHARMACEUTIQUE :<\/strong> Poudre soluble en sachets unidoses<\/li>\n<li><strong>MODE D\u2019EMPLOI\u00a0:<\/strong> Pour soutenir g\u00e9n\u00e9riquement les d\u00e9fenses physiologiques, l\u2019\u00e9quilibre et le bien-\u00eatre de l\u2019organisme, une dose d\u2019Ascorbate de Potassium avant les repas, trois fois par semaine, m\u00eame ind\u00e9finiment. Nous vous rappelons que l\u2019acide ascorbique doit \u00eatre pris quotidiennement par notre corps avec l\u2019alimentation et qu\u2019il est \u00e9galement souhaitable de le compl\u00e9ter pour ne pas \u00eatre dans des situations \u00e0 risque. En p\u00e9riode de besoin accru en vitamine C et en potassium, deux ou trois doses par jour d\u2019ascorbate de potassium, selon prescription m\u00e9dicale. Un contr\u00f4le p\u00e9riodique des param\u00e8tres cliniques par le m\u00e9decin g\u00e9n\u00e9raliste est toujours \u00e9videmment recommand\u00e9.<\/li>\n<li><strong>ALLERG\u00c8NES:<\/strong> Non pr\u00e9sent (Promin ne garantit pas l\u2019absence d\u2019une \u00e9ventuelle contamination crois\u00e9e tout au long de la cha\u00eene de production)<\/li>\n<li><strong>CODIFA CODIFA :<\/strong> 901924795 (pack 100 +100) ; 901924783 (pack 50 + 50)<\/li>\n<li>Avertissements : Ne d\u00e9passez pas la dose quotidienne recommand\u00e9e. Tenir hors de port\u00e9e des enfants de moins de 3 ans. Les suppl\u00e9ments ne sont pas destin\u00e9s \u00e0 se substituer \u00e0 une alimentation vari\u00e9e et \u00e9quilibr\u00e9e et \u00e0 un mode de vie sain.<\/li>\n<\/ul>\n","protected":false},"excerpt":{"rendered":"<div style=\"text-align: center;\" align=\"center\">N\u00b0 3 paquets de CK PROMIN 50 + 50 \u00e0 50,00 \u20ac au lieu de 66,00 \u20ac.<\/div>\n<div align=\"center\"><\/div>\n<div style=\"text-align: center;\" align=\"center\"><\/div>\n<div align=\"center\"><\/div>\n<div align=\"center\">\n<div>\n<div style=\"text-align: center;\"><span style=\"font-size: x-large;\"><u>Livraison gratuite + un \u00e9chantillon Promin gratuit\u00a0!<\/u><\/span><\/div>\n<\/div>\n<\/div>\n","protected":false},"featured_media":19104,"template":"","meta":{"_acf_changed":false,"jetpack_post_was_ever_published":false,"jetpack_publicize_message":"","jetpack_publicize_feature_enabled":true,"jetpack_social_post_already_shared":true,"jetpack_social_options":{"image_generator_settings":{"template":"highway","enabled":false},"version":2}},"product_cat":[641,674,676,677,663,675,613,614],"product_tag":[681,680,662,679],"class_list":{"0":"post-19361","1":"product","2":"type-product","3":"status-publish","4":"has-post-thumbnail","6":"product_cat-antioxydants","7":"product_cat-bicarbonate-de-potassium","8":"product_cat-ligne-ascorbate","9":"product_cat-potassium","10":"product_cat-promotions","11":"product_cat-vitamine-c-pure-99","12":"product_cat-antioxydant","13":"product_cat-basifiant","14":"product_tag-immunite","15":"product_tag-potassium-ascorbate","16":"product_tag-promotions","17":"product_tag-vitamine-c","19":"first","20":"instock","21":"sale","22":"taxable","23":"shipping-taxable","24":"purchasable","25":"product-type-variable"},"jetpack_publicize_connections":[],"acf":[],"yoast_head":"<!-- This site is optimized with the Yoast SEO plugin v23.4 - https:\/\/yoast.com\/wordpress\/plugins\/seo\/ -->\n<title>quantit\u00e9 de CK Promin - Promotion - Ascorbate de potassium<\/title>\n<meta name=\"description\" content=\"quantit\u00e9 de CK promotion - N\u00b0 2 paquets de CK PROMIN 100 +100 \u00e0 53,80 \u20ac au lieu de 60,00 \u20ac. N\u00b0 3 paquets de CK PROMIN 100 +100 \u00e0 79,40 \u20ac au lieu de 90,00 \u20ac. Livraison gratuite + un cadeau offert \u00e0 la livraison\u00a0!\" \/>\n<meta name=\"robots\" content=\"index, follow, max-snippet:-1, max-image-preview:large, max-video-preview:-1\" \/>\n<link rel=\"canonical\" href=\"https:\/\/www.promin.it\/fr\/prodotto\/ck-promin-50-promotion-de-la-quantite\/\" \/>\n<meta property=\"og:locale\" content=\"fr_FR\" \/>\n<meta property=\"og:type\" content=\"article\" \/>\n<meta property=\"og:title\" content=\"quantit\u00e9 de CK Promin - Promotion - Ascorbate de potassium\" \/>\n<meta property=\"og:description\" content=\"quantit\u00e9 de CK promotion - N\u00b0 2 paquets de CK PROMIN 100 +100 \u00e0 53,80 \u20ac au lieu de 60,00 \u20ac. N\u00b0 3 paquets de CK PROMIN 100 +100 \u00e0 79,40 \u20ac au lieu de 90,00 \u20ac. Livraison gratuite + un cadeau offert \u00e0 la livraison\u00a0!\" \/>\n<meta property=\"og:url\" content=\"https:\/\/www.promin.it\/fr\/prodotto\/ck-promin-50-promotion-de-la-quantite\/\" \/>\n<meta property=\"og:site_name\" content=\"Promin\" \/>\n<meta property=\"article:publisher\" content=\"https:\/\/www.facebook.com\/prominmed\" \/>\n<meta property=\"article:modified_time\" content=\"2024-11-11T11:08:20+00:00\" \/>\n<meta property=\"og:image\" content=\"https:\/\/www.promin.it\/wp-content\/uploads\/2021\/01\/ck-promin-ascorbato-di-potassio.jpg\" \/>\n\t<meta property=\"og:image:width\" content=\"600\" \/>\n\t<meta property=\"og:image:height\" content=\"600\" \/>\n\t<meta property=\"og:image:type\" content=\"image\/jpeg\" \/>\n<meta name=\"twitter:card\" content=\"summary_large_image\" \/>\n<script type=\"application\/ld+json\" class=\"yoast-schema-graph\">{\"@context\":\"https:\/\/schema.org\",\"@graph\":[{\"@type\":\"WebPage\",\"@id\":\"https:\/\/www.promin.it\/fr\/prodotto\/ck-promin-50-promotion-de-la-quantite\/\",\"url\":\"https:\/\/www.promin.it\/fr\/prodotto\/ck-promin-50-promotion-de-la-quantite\/\",\"name\":\"quantit\u00e9 de CK Promin - Promotion - Ascorbate de potassium\",\"isPartOf\":{\"@id\":\"https:\/\/www.promin.it\/#website\"},\"primaryImageOfPage\":{\"@id\":\"https:\/\/www.promin.it\/fr\/prodotto\/ck-promin-50-promotion-de-la-quantite\/#primaryimage\"},\"image\":{\"@id\":\"https:\/\/www.promin.it\/fr\/prodotto\/ck-promin-50-promotion-de-la-quantite\/#primaryimage\"},\"thumbnailUrl\":\"https:\/\/www.promin.it\/wp-content\/uploads\/2021\/01\/ck-promin-ascorbato-di-potassio.jpg\",\"datePublished\":\"2021-01-21T11:32:31+00:00\",\"dateModified\":\"2024-11-11T11:08:20+00:00\",\"description\":\"quantit\u00e9 de CK promotion - N\u00b0 2 paquets de CK PROMIN 100 +100 \u00e0 53,80 \u20ac au lieu de 60,00 \u20ac. N\u00b0 3 paquets de CK PROMIN 100 +100 \u00e0 79,40 \u20ac au lieu de 90,00 \u20ac. Livraison gratuite + un cadeau offert \u00e0 la livraison\u00a0!\",\"breadcrumb\":{\"@id\":\"https:\/\/www.promin.it\/fr\/prodotto\/ck-promin-50-promotion-de-la-quantite\/#breadcrumb\"},\"inLanguage\":\"fr-FR\",\"potentialAction\":[{\"@type\":\"ReadAction\",\"target\":[\"https:\/\/www.promin.it\/fr\/prodotto\/ck-promin-50-promotion-de-la-quantite\/\"]}]},{\"@type\":\"ImageObject\",\"inLanguage\":\"fr-FR\",\"@id\":\"https:\/\/www.promin.it\/fr\/prodotto\/ck-promin-50-promotion-de-la-quantite\/#primaryimage\",\"url\":\"https:\/\/www.promin.it\/wp-content\/uploads\/2021\/01\/ck-promin-ascorbato-di-potassio.jpg\",\"contentUrl\":\"https:\/\/www.promin.it\/wp-content\/uploads\/2021\/01\/ck-promin-ascorbato-di-potassio.jpg\",\"width\":600,\"height\":600},{\"@type\":\"BreadcrumbList\",\"@id\":\"https:\/\/www.promin.it\/fr\/prodotto\/ck-promin-50-promotion-de-la-quantite\/#breadcrumb\",\"itemListElement\":[{\"@type\":\"ListItem\",\"position\":1,\"name\":\"Accueil\",\"item\":\"https:\/\/www.promin.it\/fr\/\"},{\"@type\":\"ListItem\",\"position\":2,\"name\":\"Boutique\",\"item\":\"https:\/\/www.promin.it\/fr\/boutique\/\"},{\"@type\":\"ListItem\",\"position\":3,\"name\":\"CK PROMIN 50 \u2013 Promotion de la quantit\u00e9\"}]},{\"@type\":\"WebSite\",\"@id\":\"https:\/\/www.promin.it\/#website\",\"url\":\"https:\/\/www.promin.it\/\",\"name\":\"Promin\",\"description\":\"Prodotti Medicina Integrata\",\"publisher\":{\"@id\":\"https:\/\/www.promin.it\/#organization\"},\"potentialAction\":[{\"@type\":\"SearchAction\",\"target\":{\"@type\":\"EntryPoint\",\"urlTemplate\":\"https:\/\/www.promin.it\/?s={search_term_string}\"},\"query-input\":{\"@type\":\"PropertyValueSpecification\",\"valueRequired\":true,\"valueName\":\"search_term_string\"}}],\"inLanguage\":\"fr-FR\"},{\"@type\":\"Organization\",\"@id\":\"https:\/\/www.promin.it\/#organization\",\"name\":\"Promin Srl\",\"alternateName\":\"Promin - Prodotti Medicina Integrata\",\"url\":\"https:\/\/www.promin.it\/\",\"logo\":{\"@type\":\"ImageObject\",\"inLanguage\":\"fr-FR\",\"@id\":\"https:\/\/www.promin.it\/#\/schema\/logo\/image\/\",\"url\":\"https:\/\/www.promin.it\/wp-content\/uploads\/2024\/11\/logo-promin-seo.jpg\",\"contentUrl\":\"https:\/\/www.promin.it\/wp-content\/uploads\/2024\/11\/logo-promin-seo.jpg\",\"width\":512,\"height\":512,\"caption\":\"Promin Srl\"},\"image\":{\"@id\":\"https:\/\/www.promin.it\/#\/schema\/logo\/image\/\"},\"sameAs\":[\"https:\/\/www.facebook.com\/prominmed\",\"https:\/\/www.instagram.com\/promin_medicina_integrata\/\",\"https:\/\/www.linkedin.com\/company\/promin-prodotti-medicina-integrata\/\"]}]}<\/script>\n<!-- \/ Yoast SEO plugin. -->","yoast_head_json":{"title":"quantit\u00e9 de CK Promin - Promotion - Ascorbate de potassium","description":"quantit\u00e9 de CK promotion - N\u00b0 2 paquets de CK PROMIN 100 +100 \u00e0 53,80 \u20ac au lieu de 60,00 \u20ac. N\u00b0 3 paquets de CK PROMIN 100 +100 \u00e0 79,40 \u20ac au lieu de 90,00 \u20ac. Livraison gratuite + un cadeau offert \u00e0 la livraison\u00a0!","robots":{"index":"index","follow":"follow","max-snippet":"max-snippet:-1","max-image-preview":"max-image-preview:large","max-video-preview":"max-video-preview:-1"},"canonical":"https:\/\/www.promin.it\/fr\/prodotto\/ck-promin-50-promotion-de-la-quantite\/","og_locale":"fr_FR","og_type":"article","og_title":"quantit\u00e9 de CK Promin - Promotion - Ascorbate de potassium","og_description":"quantit\u00e9 de CK promotion - N\u00b0 2 paquets de CK PROMIN 100 +100 \u00e0 53,80 \u20ac au lieu de 60,00 \u20ac. N\u00b0 3 paquets de CK PROMIN 100 +100 \u00e0 79,40 \u20ac au lieu de 90,00 \u20ac. Livraison gratuite + un cadeau offert \u00e0 la livraison\u00a0!","og_url":"https:\/\/www.promin.it\/fr\/prodotto\/ck-promin-50-promotion-de-la-quantite\/","og_site_name":"Promin","article_publisher":"https:\/\/www.facebook.com\/prominmed","article_modified_time":"2024-11-11T11:08:20+00:00","og_image":[{"width":600,"height":600,"url":"https:\/\/www.promin.it\/wp-content\/uploads\/2021\/01\/ck-promin-ascorbato-di-potassio.jpg","type":"image\/jpeg"}],"twitter_card":"summary_large_image","schema":{"@context":"https:\/\/schema.org","@graph":[{"@type":"WebPage","@id":"https:\/\/www.promin.it\/fr\/prodotto\/ck-promin-50-promotion-de-la-quantite\/","url":"https:\/\/www.promin.it\/fr\/prodotto\/ck-promin-50-promotion-de-la-quantite\/","name":"quantit\u00e9 de CK Promin - Promotion - Ascorbate de potassium","isPartOf":{"@id":"https:\/\/www.promin.it\/#website"},"primaryImageOfPage":{"@id":"https:\/\/www.promin.it\/fr\/prodotto\/ck-promin-50-promotion-de-la-quantite\/#primaryimage"},"image":{"@id":"https:\/\/www.promin.it\/fr\/prodotto\/ck-promin-50-promotion-de-la-quantite\/#primaryimage"},"thumbnailUrl":"https:\/\/www.promin.it\/wp-content\/uploads\/2021\/01\/ck-promin-ascorbato-di-potassio.jpg","datePublished":"2021-01-21T11:32:31+00:00","dateModified":"2024-11-11T11:08:20+00:00","description":"quantit\u00e9 de CK promotion - N\u00b0 2 paquets de CK PROMIN 100 +100 \u00e0 53,80 \u20ac au lieu de 60,00 \u20ac. N\u00b0 3 paquets de CK PROMIN 100 +100 \u00e0 79,40 \u20ac au lieu de 90,00 \u20ac. Livraison gratuite + un cadeau offert \u00e0 la livraison\u00a0!","breadcrumb":{"@id":"https:\/\/www.promin.it\/fr\/prodotto\/ck-promin-50-promotion-de-la-quantite\/#breadcrumb"},"inLanguage":"fr-FR","potentialAction":[{"@type":"ReadAction","target":["https:\/\/www.promin.it\/fr\/prodotto\/ck-promin-50-promotion-de-la-quantite\/"]}]},{"@type":"ImageObject","inLanguage":"fr-FR","@id":"https:\/\/www.promin.it\/fr\/prodotto\/ck-promin-50-promotion-de-la-quantite\/#primaryimage","url":"https:\/\/www.promin.it\/wp-content\/uploads\/2021\/01\/ck-promin-ascorbato-di-potassio.jpg","contentUrl":"https:\/\/www.promin.it\/wp-content\/uploads\/2021\/01\/ck-promin-ascorbato-di-potassio.jpg","width":600,"height":600},{"@type":"BreadcrumbList","@id":"https:\/\/www.promin.it\/fr\/prodotto\/ck-promin-50-promotion-de-la-quantite\/#breadcrumb","itemListElement":[{"@type":"ListItem","position":1,"name":"Accueil","item":"https:\/\/www.promin.it\/fr\/"},{"@type":"ListItem","position":2,"name":"Boutique","item":"https:\/\/www.promin.it\/fr\/boutique\/"},{"@type":"ListItem","position":3,"name":"CK PROMIN 50 \u2013 Promotion de la quantit\u00e9"}]},{"@type":"WebSite","@id":"https:\/\/www.promin.it\/#website","url":"https:\/\/www.promin.it\/","name":"Promin","description":"Prodotti Medicina Integrata","publisher":{"@id":"https:\/\/www.promin.it\/#organization"},"potentialAction":[{"@type":"SearchAction","target":{"@type":"EntryPoint","urlTemplate":"https:\/\/www.promin.it\/?s={search_term_string}"},"query-input":{"@type":"PropertyValueSpecification","valueRequired":true,"valueName":"search_term_string"}}],"inLanguage":"fr-FR"},{"@type":"Organization","@id":"https:\/\/www.promin.it\/#organization","name":"Promin Srl","alternateName":"Promin - Prodotti Medicina Integrata","url":"https:\/\/www.promin.it\/","logo":{"@type":"ImageObject","inLanguage":"fr-FR","@id":"https:\/\/www.promin.it\/#\/schema\/logo\/image\/","url":"https:\/\/www.promin.it\/wp-content\/uploads\/2024\/11\/logo-promin-seo.jpg","contentUrl":"https:\/\/www.promin.it\/wp-content\/uploads\/2024\/11\/logo-promin-seo.jpg","width":512,"height":512,"caption":"Promin Srl"},"image":{"@id":"https:\/\/www.promin.it\/#\/schema\/logo\/image\/"},"sameAs":["https:\/\/www.facebook.com\/prominmed","https:\/\/www.instagram.com\/promin_medicina_integrata\/","https:\/\/www.linkedin.com\/company\/promin-prodotti-medicina-integrata\/"]}]}},"jetpack_sharing_enabled":true,"_links":{"self":[{"href":"https:\/\/www.promin.it\/fr\/wp-json\/wp\/v2\/product\/19361"}],"collection":[{"href":"https:\/\/www.promin.it\/fr\/wp-json\/wp\/v2\/product"}],"about":[{"href":"https:\/\/www.promin.it\/fr\/wp-json\/wp\/v2\/types\/product"}],"wp:featuredmedia":[{"embeddable":true,"href":"https:\/\/www.promin.it\/fr\/wp-json\/wp\/v2\/media\/19104"}],"wp:attachment":[{"href":"https:\/\/www.promin.it\/fr\/wp-json\/wp\/v2\/media?parent=19361"}],"wp:term":[{"taxonomy":"product_cat","embeddable":true,"href":"https:\/\/www.promin.it\/fr\/wp-json\/wp\/v2\/product_cat?post=19361"},{"taxonomy":"product_tag","embeddable":true,"href":"https:\/\/www.promin.it\/fr\/wp-json\/wp\/v2\/product_tag?post=19361"}],"curies":[{"name":"wp","href":"https:\/\/api.w.org\/{rel}","templated":true}]}}