{"id":19364,"date":"2019-02-08T10:37:25","date_gmt":"2019-02-08T09:37:25","guid":{"rendered":"https:\/\/www.promin.it\/?post_type=product&#038;p=19364"},"modified":"2024-11-11T12:12:43","modified_gmt":"2024-11-11T11:12:43","slug":"offre-lancement-refrain-homism-zero-haie","status":"publish","type":"product","link":"https:\/\/www.promin.it\/fr\/prodotto\/offre-lancement-refrain-homism-zero-haie\/","title":{"rendered":"Offre de lancement Coro Erisimo Zero"},"content":{"rendered":"<p><strong>Hedge Mustard Line de Promin, une gamme de compl\u00e9ments alimentaires \u00e0 base d\u2019extrait de Hedge Mustard :<\/strong><br \/>\nMoutarde des haies : soutenir la fonctionnalit\u00e9 des voies respiratoires sup\u00e9rieures et en particulier de la muqueuse oropharyng\u00e9e est utile pour le bien-\u00eatre de la gorge et pour soutenir le timbre de la voix.<\/p>\n<p><em>Nom botanique : Sisymbrium officinale SCOP.<\/em><\/p>\n<p>La moutarde des haies (Sisymbrium officinale scop), ou \u00ab herbe des chanteurs \u00bb, est une plante utilis\u00e9e depuis l\u2019Antiquit\u00e9 pour ses propri\u00e9t\u00e9s th\u00e9rapeutiques et ses vertus au profit de la gorge et de la voix ; En effet, il a une action \u00e9molliente et apaisante, soutient la fonctionnalit\u00e9 de la voix et contribue au bien-\u00eatre de la muqueuse oropharyng\u00e9e et des voies respiratoires sup\u00e9rieures.<br \/>\nLes \u00e9tudes men\u00e9es tendent \u00e0 attribuer ces propri\u00e9t\u00e9s \u00e0 la pr\u00e9sence de compos\u00e9s mucilagineux et soufr\u00e9s, qui conf\u00e8rent leur activit\u00e9 fluidifiante et expectorante des s\u00e9cr\u00e9tions bronchiques. C\u2019est pr\u00e9cis\u00e9ment pour cette raison que la communaut\u00e9 scientifique croit depuis longtemps que la moutarde des haies est un excellent rem\u00e8de contre la toux de toutes sortes&nbsp;; Il est \u00e9galement utile pour apaiser la s\u00e9cheresse et l\u2019inflammation de la gorge des fumeurs, des chanteurs, des acteurs, des enseignants et en g\u00e9n\u00e9ral de tous ceux qui utilisent et abusent de la voix. <\/p>\n<p><strong>Haie Ligne Moutarde Promin<\/strong><\/p>\n<ul>\n<li><a href=\"https:\/\/www.promin.it\/prodotto\/coro-erisimo-zero\/\">Chorus Haie Moutarde Z\u00e9ro<\/a><\/li>\n<\/ul>\n<p>Barres sans sucre et sans gluten contenant de la moutarde des haies \u00e0 dissoudre lentement dans la bouche pour <strong>une aide rapide pour la voix et la gorge<\/strong>.<\/p>\n<ul>\n<li><a href=\"http:\/\/www.promin.it\/prodotto\/coro-erisimo-compresse\/\">Chorus Hedge Moutarde Comprim\u00e9s<\/a><\/li>\n<\/ul>\n<p>Unique et inimitable : de d\u00e9licieux comprim\u00e9s contenant de la Moutarde des Haies \u00e0 dissoudre lentement dans la bouche pour <strong>une action \u00e9molliente et apaisante sur la muqueuse oropharyng\u00e9e<\/strong>.<\/p>\n<ul>\n<li><a href=\"http:\/\/www.promin.it\/prodotto\/coro-erisimo-spray\/\">Chorus Hedge Spray Moutarde<\/a><\/li>\n<\/ul>\n<p>Spray oral \u00e0 base d\u2019extrait alcoolique de moutarde des haies au thym sauvage et \u00e0 la m\u00e9laleuca. Les composants de Coro Erisimo Spray sont utiles <strong>pour la voix et le bien-\u00eatre de la gorge<\/strong>. <\/p>\n<ul>\n<li><a href=\"http:\/\/www.promin.it\/prodotto\/coro-erisimo-gocce\/\">Ch\u0153ur Erisimo Gocce<\/a><\/li>\n<\/ul>\n<p>Le \u00ab bain de bouche \u00bb des cordes vocales. Compl\u00e9ment alimentaire \u00e0 base d\u2019extrait glycolique de Moutarde des Haies, de Mauve, de Guimauve et de Sauge \u00e0 ing\u00e9rer ou \u00e0 gargariser. <\/p>\n<ul>\n<li><a href=\"http:\/\/www.promin.it\/prodotto\/corotuss\/\">Corotuss<\/a><\/li>\n<\/ul>\n<p>Le sirop 100% naturel \u00e0 base de moutarde des haies, de ch\u00e2taigne Vesca, de thym sauvage, d\u2019\u00e9chinac\u00e9e et de tilleul pour favoriser la <strong>fonction fluidifiante et expectorante<\/strong> naturelle.<\/p>\n","protected":false},"excerpt":{"rendered":"<p><span style=\"font-size: 10pt;\">Achetez 3 paquets de Coro Erisimo Zero et vous aurez, SANS FRAIS DE PORT, un produit gratuit de votre choix entre Coro Erisimo Spray, Corotuss et Coro Erisimo Drops<\/span><\/p>\n<p><span style=\"font-size: 10pt;\"><strong>Pour b\u00e9n\u00e9ficier de la livraison gratuite, utilisez le code lors de l\u2019achat&nbsp;: <\/strong><strong>Promo Erisimo Zero<\/strong><\/span><\/p>\n","protected":false},"featured_media":18824,"template":"","meta":{"_acf_changed":false,"jetpack_post_was_ever_published":false,"jetpack_publicize_message":"","jetpack_publicize_feature_enabled":true,"jetpack_social_post_already_shared":true,"jetpack_social_options":{"image_generator_settings":{"template":"highway","enabled":false},"version":2}},"product_cat":[688,663],"product_tag":[],"class_list":{"0":"post-19364","1":"product","2":"type-product","3":"status-publish","4":"has-post-thumbnail","6":"product_cat-ligne-de-moutarde-de-haie","7":"product_cat-promotions","9":"first","10":"instock","11":"sale","12":"taxable","13":"shipping-taxable","14":"purchasable","15":"product-type-variable"},"jetpack_publicize_connections":[],"acf":[],"yoast_head":"<!-- This site is optimized with the Yoast SEO plugin v23.4 - https:\/\/yoast.com\/wordpress\/plugins\/seo\/ -->\n<title>Offre de lancement Coro Erisimo Zero - Promin<\/title>\n<meta name=\"robots\" content=\"index, follow, max-snippet:-1, max-image-preview:large, max-video-preview:-1\" \/>\n<link rel=\"canonical\" href=\"https:\/\/www.promin.it\/fr\/prodotto\/offre-lancement-refrain-homism-zero-haie\/\" \/>\n<meta property=\"og:locale\" content=\"fr_FR\" \/>\n<meta property=\"og:type\" content=\"article\" \/>\n<meta property=\"og:title\" content=\"Offre de lancement Coro Erisimo Zero - Promin\" \/>\n<meta property=\"og:description\" content=\"Achetez 3 paquets de Coro Erisimo Zero et vous aurez, SANS FRAIS DE PORT, un produit gratuit de votre choix entre Coro Erisimo Spray, Corotuss et Coro Erisimo Drops Pour b\u00e9n\u00e9ficier de la livraison gratuite, utilisez le code lors de l\u2019achat&nbsp;: Promo Erisimo Zero\" \/>\n<meta property=\"og:url\" content=\"https:\/\/www.promin.it\/fr\/prodotto\/offre-lancement-refrain-homism-zero-haie\/\" \/>\n<meta property=\"og:site_name\" content=\"Promin\" \/>\n<meta property=\"article:publisher\" content=\"https:\/\/www.facebook.com\/prominmed\" \/>\n<meta property=\"article:modified_time\" content=\"2024-11-11T11:12:43+00:00\" \/>\n<meta property=\"og:image\" content=\"https:\/\/www.promin.it\/wp-content\/uploads\/2019\/02\/Linea-COROERISIMO.jpg\" \/>\n\t<meta property=\"og:image:width\" content=\"1000\" \/>\n\t<meta property=\"og:image:height\" content=\"880\" \/>\n\t<meta property=\"og:image:type\" content=\"image\/jpeg\" \/>\n<meta name=\"twitter:card\" content=\"summary_large_image\" \/>\n<script type=\"application\/ld+json\" class=\"yoast-schema-graph\">{\"@context\":\"https:\/\/schema.org\",\"@graph\":[{\"@type\":\"WebPage\",\"@id\":\"https:\/\/www.promin.it\/fr\/prodotto\/offre-lancement-refrain-homism-zero-haie\/\",\"url\":\"https:\/\/www.promin.it\/fr\/prodotto\/offre-lancement-refrain-homism-zero-haie\/\",\"name\":\"Offre de lancement Coro Erisimo Zero - Promin\",\"isPartOf\":{\"@id\":\"https:\/\/www.promin.it\/#website\"},\"primaryImageOfPage\":{\"@id\":\"https:\/\/www.promin.it\/fr\/prodotto\/offre-lancement-refrain-homism-zero-haie\/#primaryimage\"},\"image\":{\"@id\":\"https:\/\/www.promin.it\/fr\/prodotto\/offre-lancement-refrain-homism-zero-haie\/#primaryimage\"},\"thumbnailUrl\":\"https:\/\/www.promin.it\/wp-content\/uploads\/2019\/02\/Linea-COROERISIMO.jpg\",\"datePublished\":\"2019-02-08T09:37:25+00:00\",\"dateModified\":\"2024-11-11T11:12:43+00:00\",\"breadcrumb\":{\"@id\":\"https:\/\/www.promin.it\/fr\/prodotto\/offre-lancement-refrain-homism-zero-haie\/#breadcrumb\"},\"inLanguage\":\"fr-FR\",\"potentialAction\":[{\"@type\":\"ReadAction\",\"target\":[\"https:\/\/www.promin.it\/fr\/prodotto\/offre-lancement-refrain-homism-zero-haie\/\"]}]},{\"@type\":\"ImageObject\",\"inLanguage\":\"fr-FR\",\"@id\":\"https:\/\/www.promin.it\/fr\/prodotto\/offre-lancement-refrain-homism-zero-haie\/#primaryimage\",\"url\":\"https:\/\/www.promin.it\/wp-content\/uploads\/2019\/02\/Linea-COROERISIMO.jpg\",\"contentUrl\":\"https:\/\/www.promin.it\/wp-content\/uploads\/2019\/02\/Linea-COROERISIMO.jpg\",\"width\":1000,\"height\":880,\"caption\":\"Toux, baisse de la voix\"},{\"@type\":\"BreadcrumbList\",\"@id\":\"https:\/\/www.promin.it\/fr\/prodotto\/offre-lancement-refrain-homism-zero-haie\/#breadcrumb\",\"itemListElement\":[{\"@type\":\"ListItem\",\"position\":1,\"name\":\"Accueil\",\"item\":\"https:\/\/www.promin.it\/fr\/\"},{\"@type\":\"ListItem\",\"position\":2,\"name\":\"Boutique\",\"item\":\"https:\/\/www.promin.it\/fr\/boutique\/\"},{\"@type\":\"ListItem\",\"position\":3,\"name\":\"Offre de lancement Coro Erisimo Zero\"}]},{\"@type\":\"WebSite\",\"@id\":\"https:\/\/www.promin.it\/#website\",\"url\":\"https:\/\/www.promin.it\/\",\"name\":\"Promin\",\"description\":\"Prodotti Medicina Integrata\",\"publisher\":{\"@id\":\"https:\/\/www.promin.it\/#organization\"},\"potentialAction\":[{\"@type\":\"SearchAction\",\"target\":{\"@type\":\"EntryPoint\",\"urlTemplate\":\"https:\/\/www.promin.it\/?s={search_term_string}\"},\"query-input\":{\"@type\":\"PropertyValueSpecification\",\"valueRequired\":true,\"valueName\":\"search_term_string\"}}],\"inLanguage\":\"fr-FR\"},{\"@type\":\"Organization\",\"@id\":\"https:\/\/www.promin.it\/#organization\",\"name\":\"Promin Srl\",\"alternateName\":\"Promin - Prodotti Medicina Integrata\",\"url\":\"https:\/\/www.promin.it\/\",\"logo\":{\"@type\":\"ImageObject\",\"inLanguage\":\"fr-FR\",\"@id\":\"https:\/\/www.promin.it\/#\/schema\/logo\/image\/\",\"url\":\"https:\/\/www.promin.it\/wp-content\/uploads\/2024\/11\/logo-promin-seo.jpg\",\"contentUrl\":\"https:\/\/www.promin.it\/wp-content\/uploads\/2024\/11\/logo-promin-seo.jpg\",\"width\":512,\"height\":512,\"caption\":\"Promin Srl\"},\"image\":{\"@id\":\"https:\/\/www.promin.it\/#\/schema\/logo\/image\/\"},\"sameAs\":[\"https:\/\/www.facebook.com\/prominmed\",\"https:\/\/www.instagram.com\/promin_medicina_integrata\/\",\"https:\/\/www.linkedin.com\/company\/promin-prodotti-medicina-integrata\/\"]}]}<\/script>\n<!-- \/ Yoast SEO plugin. -->","yoast_head_json":{"title":"Offre de lancement Coro Erisimo Zero - Promin","robots":{"index":"index","follow":"follow","max-snippet":"max-snippet:-1","max-image-preview":"max-image-preview:large","max-video-preview":"max-video-preview:-1"},"canonical":"https:\/\/www.promin.it\/fr\/prodotto\/offre-lancement-refrain-homism-zero-haie\/","og_locale":"fr_FR","og_type":"article","og_title":"Offre de lancement Coro Erisimo Zero - Promin","og_description":"Achetez 3 paquets de Coro Erisimo Zero et vous aurez, SANS FRAIS DE PORT, un produit gratuit de votre choix entre Coro Erisimo Spray, Corotuss et Coro Erisimo Drops Pour b\u00e9n\u00e9ficier de la livraison gratuite, utilisez le code lors de l\u2019achat&nbsp;: Promo Erisimo Zero","og_url":"https:\/\/www.promin.it\/fr\/prodotto\/offre-lancement-refrain-homism-zero-haie\/","og_site_name":"Promin","article_publisher":"https:\/\/www.facebook.com\/prominmed","article_modified_time":"2024-11-11T11:12:43+00:00","og_image":[{"width":1000,"height":880,"url":"https:\/\/www.promin.it\/wp-content\/uploads\/2019\/02\/Linea-COROERISIMO.jpg","type":"image\/jpeg"}],"twitter_card":"summary_large_image","schema":{"@context":"https:\/\/schema.org","@graph":[{"@type":"WebPage","@id":"https:\/\/www.promin.it\/fr\/prodotto\/offre-lancement-refrain-homism-zero-haie\/","url":"https:\/\/www.promin.it\/fr\/prodotto\/offre-lancement-refrain-homism-zero-haie\/","name":"Offre de lancement Coro Erisimo Zero - Promin","isPartOf":{"@id":"https:\/\/www.promin.it\/#website"},"primaryImageOfPage":{"@id":"https:\/\/www.promin.it\/fr\/prodotto\/offre-lancement-refrain-homism-zero-haie\/#primaryimage"},"image":{"@id":"https:\/\/www.promin.it\/fr\/prodotto\/offre-lancement-refrain-homism-zero-haie\/#primaryimage"},"thumbnailUrl":"https:\/\/www.promin.it\/wp-content\/uploads\/2019\/02\/Linea-COROERISIMO.jpg","datePublished":"2019-02-08T09:37:25+00:00","dateModified":"2024-11-11T11:12:43+00:00","breadcrumb":{"@id":"https:\/\/www.promin.it\/fr\/prodotto\/offre-lancement-refrain-homism-zero-haie\/#breadcrumb"},"inLanguage":"fr-FR","potentialAction":[{"@type":"ReadAction","target":["https:\/\/www.promin.it\/fr\/prodotto\/offre-lancement-refrain-homism-zero-haie\/"]}]},{"@type":"ImageObject","inLanguage":"fr-FR","@id":"https:\/\/www.promin.it\/fr\/prodotto\/offre-lancement-refrain-homism-zero-haie\/#primaryimage","url":"https:\/\/www.promin.it\/wp-content\/uploads\/2019\/02\/Linea-COROERISIMO.jpg","contentUrl":"https:\/\/www.promin.it\/wp-content\/uploads\/2019\/02\/Linea-COROERISIMO.jpg","width":1000,"height":880,"caption":"Toux, baisse de la voix"},{"@type":"BreadcrumbList","@id":"https:\/\/www.promin.it\/fr\/prodotto\/offre-lancement-refrain-homism-zero-haie\/#breadcrumb","itemListElement":[{"@type":"ListItem","position":1,"name":"Accueil","item":"https:\/\/www.promin.it\/fr\/"},{"@type":"ListItem","position":2,"name":"Boutique","item":"https:\/\/www.promin.it\/fr\/boutique\/"},{"@type":"ListItem","position":3,"name":"Offre de lancement Coro Erisimo Zero"}]},{"@type":"WebSite","@id":"https:\/\/www.promin.it\/#website","url":"https:\/\/www.promin.it\/","name":"Promin","description":"Prodotti Medicina Integrata","publisher":{"@id":"https:\/\/www.promin.it\/#organization"},"potentialAction":[{"@type":"SearchAction","target":{"@type":"EntryPoint","urlTemplate":"https:\/\/www.promin.it\/?s={search_term_string}"},"query-input":{"@type":"PropertyValueSpecification","valueRequired":true,"valueName":"search_term_string"}}],"inLanguage":"fr-FR"},{"@type":"Organization","@id":"https:\/\/www.promin.it\/#organization","name":"Promin Srl","alternateName":"Promin - Prodotti Medicina Integrata","url":"https:\/\/www.promin.it\/","logo":{"@type":"ImageObject","inLanguage":"fr-FR","@id":"https:\/\/www.promin.it\/#\/schema\/logo\/image\/","url":"https:\/\/www.promin.it\/wp-content\/uploads\/2024\/11\/logo-promin-seo.jpg","contentUrl":"https:\/\/www.promin.it\/wp-content\/uploads\/2024\/11\/logo-promin-seo.jpg","width":512,"height":512,"caption":"Promin Srl"},"image":{"@id":"https:\/\/www.promin.it\/#\/schema\/logo\/image\/"},"sameAs":["https:\/\/www.facebook.com\/prominmed","https:\/\/www.instagram.com\/promin_medicina_integrata\/","https:\/\/www.linkedin.com\/company\/promin-prodotti-medicina-integrata\/"]}]}},"jetpack_sharing_enabled":true,"_links":{"self":[{"href":"https:\/\/www.promin.it\/fr\/wp-json\/wp\/v2\/product\/19364"}],"collection":[{"href":"https:\/\/www.promin.it\/fr\/wp-json\/wp\/v2\/product"}],"about":[{"href":"https:\/\/www.promin.it\/fr\/wp-json\/wp\/v2\/types\/product"}],"wp:featuredmedia":[{"embeddable":true,"href":"https:\/\/www.promin.it\/fr\/wp-json\/wp\/v2\/media\/18824"}],"wp:attachment":[{"href":"https:\/\/www.promin.it\/fr\/wp-json\/wp\/v2\/media?parent=19364"}],"wp:term":[{"taxonomy":"product_cat","embeddable":true,"href":"https:\/\/www.promin.it\/fr\/wp-json\/wp\/v2\/product_cat?post=19364"},{"taxonomy":"product_tag","embeddable":true,"href":"https:\/\/www.promin.it\/fr\/wp-json\/wp\/v2\/product_tag?post=19364"}],"curies":[{"name":"wp","href":"https:\/\/api.w.org\/{rel}","templated":true}]}}