{"id":19382,"date":"2018-01-08T16:16:33","date_gmt":"2018-01-08T15:16:33","guid":{"rendered":"https:\/\/www.promin.it\/?post_type=product&#038;p=19382"},"modified":"2024-11-11T12:12:44","modified_gmt":"2024-11-11T11:12:44","slug":"chorus-comprimes-de-moutarde","status":"publish","type":"product","link":"https:\/\/www.promin.it\/fr\/prodotto\/chorus-comprimes-de-moutarde\/","title":{"rendered":"Chorus Hedge Moutarde Comprim\u00e9s"},"content":{"rendered":"<p>Rainure Moutarde : forte pour la voix, efficace pour la gorge. Soutenir la fonctionnalit\u00e9 des voies respiratoires sup\u00e9rieures et en particulier de la muqueuse oropharyng\u00e9e est utile pour le bien-\u00eatre de la gorge et pour soutenir le ton de la voix. <u>Comprim\u00e9s CHORUS HEDGE MUSTARD :<\/u> comprim\u00e9s orodispersibles \u00e0 base d\u2019extrait fluide de Hedge Mustard.<\/p>\n<ul>\n<li><strong><u>La moutarde des haies<\/u> (<em>Sisymbrium officinale scop), <\/em>ou \u00ab herbe des chanteurs \u00bb, est une plante utilis\u00e9e depuis l\u2019Antiquit\u00e9 pour ses propri\u00e9t\u00e9s th\u00e9rapeutiques et ses vertus au profit de la gorge et de la voix. En effet, il a une action \u00e9molliente et apaisante, soutient la fonctionnalit\u00e9 de la voix et contribue au bien-\u00eatre de la muqueuse oropharyng\u00e9e et des voies respiratoires sup\u00e9rieures. <\/strong><\/li>\n<\/ul>\n<p>Dans les comprim\u00e9s CORO ERIMOSMO, la moutarde des haies est associ\u00e9e \u00e0 des ar\u00f4mes balsamiques naturels qui donnent au produit un go\u00fbt agr\u00e9able. <strong>Ingr\u00e9dients<\/strong><br \/>\nSucre, maltodextrine, extrait de moutarde des haies. Anti-agglom\u00e9rant : st\u00e9arate de magn\u00e9sium. Ar\u00f4mes, menthol.<\/p>\n<h3>Mode d\u2019emploi<\/h3>\n<p>4 \u00e0 6 comprim\u00e9s par jour, au besoin, \u00e0 dissoudre lentement dans la bouche.<\/p>\n<h3>Pr\u00e9sentation<\/h3>\n<p>\u2022 Bo\u00eete de 3 plaquettes thermoform\u00e9es de 8 comprim\u00e9s chacune. \u2022 Pr\u00e9sentoir avec 32 bo\u00eetes.<\/p>\n<p><strong>Il n\u2019y a pas de contre-indications ou d\u2019intol\u00e9rances connues au produit.<\/strong><\/p>\n<h3>D\u00e9couvrez les autres produits de la gamme Hedge Mustard :<\/h3>\n<ul>\n<li><a href=\"https:\/\/www.promin.it\/prodotto\/coro-erisimo-zero\/\">Chorus Haie Moutarde Z\u00e9ro<\/a><\/li>\n<li><a href=\"https:\/\/www.promin.it\/prodotto\/coro-erisimo-spray\/\">Chorus Hedge Spray Moutarde<\/a><\/li>\n<li><a href=\"https:\/\/www.promin.it\/prodotto\/coro-erisimo-gocce\/\">Ch\u0153ur Erisimo Gocce<\/a><\/li>\n<li><a href=\"https:\/\/www.promin.it\/prodotto\/corotuss\/\">Corotuss<\/a><\/li>\n<\/ul>\n","protected":false},"excerpt":{"rendered":"<p style=\"text-align: center;\">Unique et inimitable : de d\u00e9licieux comprim\u00e9s contenant de la Moutarde des Haies \u00e0 dissoudre lentement dans la bouche pour <strong>une action \u00e9molliente et apaisante sur la muqueuse oropharyng\u00e9e<\/strong>.<\/p>\n","protected":false},"featured_media":21270,"template":"","meta":{"_acf_changed":false,"jetpack_post_was_ever_published":false,"jetpack_publicize_message":"","jetpack_publicize_feature_enabled":true,"jetpack_social_post_already_shared":true,"jetpack_social_options":{"image_generator_settings":{"template":"highway","enabled":false},"version":2}},"product_cat":[693,688,684,692,694,632],"product_tag":[],"class_list":{"0":"post-19382","1":"product","2":"type-product","3":"status-publish","4":"has-post-thumbnail","6":"product_cat-aerien","7":"product_cat-ligne-de-moutarde-de-haie","8":"product_cat-lignes-promin","9":"product_cat-moutarde-des-haies","10":"product_cat-voix","11":"product_cat-systeme-vocal-respiratoire","13":"first","14":"instock","15":"taxable","16":"shipping-taxable","17":"purchasable","18":"product-type-simple"},"jetpack_publicize_connections":[],"acf":[],"yoast_head":"<!-- This site is optimized with the Yoast SEO plugin v23.4 - https:\/\/yoast.com\/wordpress\/plugins\/seo\/ -->\n<title>Coro Erisimo comprim\u00e9s - Suppl\u00e9ment de moutarde des haies pour la voix et la gorge<\/title>\n<meta name=\"description\" content=\"Chorus Hedge Mustard Tablets de Promin - D\u00e9licieux comprim\u00e9s \u00e0 base de Sisymbrium officinale SCOP, l\u2019herbe des chanteurs... Fort pour la voix, efficace pour la gorge... D\u00e9couvrez toutes les fonctionnalit\u00e9s...\" \/>\n<meta name=\"robots\" content=\"index, follow, max-snippet:-1, max-image-preview:large, max-video-preview:-1\" \/>\n<link rel=\"canonical\" href=\"https:\/\/www.promin.it\/fr\/prodotto\/chorus-comprimes-de-moutarde\/\" \/>\n<meta property=\"og:locale\" content=\"fr_FR\" \/>\n<meta property=\"og:type\" content=\"article\" \/>\n<meta property=\"og:title\" content=\"Coro Erisimo comprim\u00e9s - Suppl\u00e9ment de moutarde des haies pour la voix et la gorge\" \/>\n<meta property=\"og:description\" content=\"Chorus Hedge Mustard Tablets de Promin - D\u00e9licieux comprim\u00e9s \u00e0 base de Sisymbrium officinale SCOP, l\u2019herbe des chanteurs... Fort pour la voix, efficace pour la gorge... D\u00e9couvrez toutes les fonctionnalit\u00e9s...\" \/>\n<meta property=\"og:url\" content=\"https:\/\/www.promin.it\/fr\/prodotto\/chorus-comprimes-de-moutarde\/\" \/>\n<meta property=\"og:site_name\" content=\"Promin\" \/>\n<meta property=\"article:publisher\" content=\"https:\/\/www.facebook.com\/prominmed\" \/>\n<meta property=\"article:modified_time\" content=\"2024-11-11T11:12:44+00:00\" \/>\n<meta property=\"og:image\" content=\"https:\/\/www.promin.it\/wp-content\/uploads\/2018\/01\/CORO-ERISIMO-24-CPRS.jpg\" \/>\n\t<meta property=\"og:image:width\" content=\"1969\" \/>\n\t<meta property=\"og:image:height\" content=\"1476\" \/>\n\t<meta property=\"og:image:type\" content=\"image\/jpeg\" \/>\n<meta name=\"twitter:card\" content=\"summary_large_image\" \/>\n<script type=\"application\/ld+json\" class=\"yoast-schema-graph\">{\"@context\":\"https:\/\/schema.org\",\"@graph\":[{\"@type\":\"WebPage\",\"@id\":\"https:\/\/www.promin.it\/fr\/prodotto\/chorus-comprimes-de-moutarde\/\",\"url\":\"https:\/\/www.promin.it\/fr\/prodotto\/chorus-comprimes-de-moutarde\/\",\"name\":\"Coro Erisimo comprim\u00e9s - Suppl\u00e9ment de moutarde des haies pour la voix et la gorge\",\"isPartOf\":{\"@id\":\"https:\/\/www.promin.it\/#website\"},\"primaryImageOfPage\":{\"@id\":\"https:\/\/www.promin.it\/fr\/prodotto\/chorus-comprimes-de-moutarde\/#primaryimage\"},\"image\":{\"@id\":\"https:\/\/www.promin.it\/fr\/prodotto\/chorus-comprimes-de-moutarde\/#primaryimage\"},\"thumbnailUrl\":\"https:\/\/www.promin.it\/wp-content\/uploads\/2018\/01\/CORO-ERISIMO-24-CPRS-1.jpg\",\"datePublished\":\"2018-01-08T15:16:33+00:00\",\"dateModified\":\"2024-11-11T11:12:44+00:00\",\"description\":\"Chorus Hedge Mustard Tablets de Promin - D\u00e9licieux comprim\u00e9s \u00e0 base de Sisymbrium officinale SCOP, l\u2019herbe des chanteurs... Fort pour la voix, efficace pour la gorge... D\u00e9couvrez toutes les fonctionnalit\u00e9s...\",\"breadcrumb\":{\"@id\":\"https:\/\/www.promin.it\/fr\/prodotto\/chorus-comprimes-de-moutarde\/#breadcrumb\"},\"inLanguage\":\"fr-FR\",\"potentialAction\":[{\"@type\":\"ReadAction\",\"target\":[\"https:\/\/www.promin.it\/fr\/prodotto\/chorus-comprimes-de-moutarde\/\"]}]},{\"@type\":\"ImageObject\",\"inLanguage\":\"fr-FR\",\"@id\":\"https:\/\/www.promin.it\/fr\/prodotto\/chorus-comprimes-de-moutarde\/#primaryimage\",\"url\":\"https:\/\/www.promin.it\/wp-content\/uploads\/2018\/01\/CORO-ERISIMO-24-CPRS-1.jpg\",\"contentUrl\":\"https:\/\/www.promin.it\/wp-content\/uploads\/2018\/01\/CORO-ERISIMO-24-CPRS-1.jpg\",\"width\":1969,\"height\":1476,\"caption\":\"OLYMPUS DIGITAL CAMERA\"},{\"@type\":\"BreadcrumbList\",\"@id\":\"https:\/\/www.promin.it\/fr\/prodotto\/chorus-comprimes-de-moutarde\/#breadcrumb\",\"itemListElement\":[{\"@type\":\"ListItem\",\"position\":1,\"name\":\"Accueil\",\"item\":\"https:\/\/www.promin.it\/fr\/\"},{\"@type\":\"ListItem\",\"position\":2,\"name\":\"Boutique\",\"item\":\"https:\/\/www.promin.it\/fr\/boutique\/\"},{\"@type\":\"ListItem\",\"position\":3,\"name\":\"Chorus Hedge Moutarde Comprim\u00e9s\"}]},{\"@type\":\"WebSite\",\"@id\":\"https:\/\/www.promin.it\/#website\",\"url\":\"https:\/\/www.promin.it\/\",\"name\":\"Promin\",\"description\":\"Prodotti Medicina Integrata\",\"publisher\":{\"@id\":\"https:\/\/www.promin.it\/#organization\"},\"potentialAction\":[{\"@type\":\"SearchAction\",\"target\":{\"@type\":\"EntryPoint\",\"urlTemplate\":\"https:\/\/www.promin.it\/?s={search_term_string}\"},\"query-input\":{\"@type\":\"PropertyValueSpecification\",\"valueRequired\":true,\"valueName\":\"search_term_string\"}}],\"inLanguage\":\"fr-FR\"},{\"@type\":\"Organization\",\"@id\":\"https:\/\/www.promin.it\/#organization\",\"name\":\"Promin Srl\",\"alternateName\":\"Promin - Prodotti Medicina Integrata\",\"url\":\"https:\/\/www.promin.it\/\",\"logo\":{\"@type\":\"ImageObject\",\"inLanguage\":\"fr-FR\",\"@id\":\"https:\/\/www.promin.it\/#\/schema\/logo\/image\/\",\"url\":\"https:\/\/www.promin.it\/wp-content\/uploads\/2024\/11\/logo-promin-seo.jpg\",\"contentUrl\":\"https:\/\/www.promin.it\/wp-content\/uploads\/2024\/11\/logo-promin-seo.jpg\",\"width\":512,\"height\":512,\"caption\":\"Promin Srl\"},\"image\":{\"@id\":\"https:\/\/www.promin.it\/#\/schema\/logo\/image\/\"},\"sameAs\":[\"https:\/\/www.facebook.com\/prominmed\",\"https:\/\/www.instagram.com\/promin_medicina_integrata\/\",\"https:\/\/www.linkedin.com\/company\/promin-prodotti-medicina-integrata\/\"]}]}<\/script>\n<!-- \/ Yoast SEO plugin. -->","yoast_head_json":{"title":"Coro Erisimo comprim\u00e9s - Suppl\u00e9ment de moutarde des haies pour la voix et la gorge","description":"Chorus Hedge Mustard Tablets de Promin - D\u00e9licieux comprim\u00e9s \u00e0 base de Sisymbrium officinale SCOP, l\u2019herbe des chanteurs... Fort pour la voix, efficace pour la gorge... D\u00e9couvrez toutes les fonctionnalit\u00e9s...","robots":{"index":"index","follow":"follow","max-snippet":"max-snippet:-1","max-image-preview":"max-image-preview:large","max-video-preview":"max-video-preview:-1"},"canonical":"https:\/\/www.promin.it\/fr\/prodotto\/chorus-comprimes-de-moutarde\/","og_locale":"fr_FR","og_type":"article","og_title":"Coro Erisimo comprim\u00e9s - Suppl\u00e9ment de moutarde des haies pour la voix et la gorge","og_description":"Chorus Hedge Mustard Tablets de Promin - D\u00e9licieux comprim\u00e9s \u00e0 base de Sisymbrium officinale SCOP, l\u2019herbe des chanteurs... Fort pour la voix, efficace pour la gorge... D\u00e9couvrez toutes les fonctionnalit\u00e9s...","og_url":"https:\/\/www.promin.it\/fr\/prodotto\/chorus-comprimes-de-moutarde\/","og_site_name":"Promin","article_publisher":"https:\/\/www.facebook.com\/prominmed","article_modified_time":"2024-11-11T11:12:44+00:00","og_image":[{"width":1969,"height":1476,"url":"https:\/\/www.promin.it\/wp-content\/uploads\/2018\/01\/CORO-ERISIMO-24-CPRS.jpg","type":"image\/jpeg"}],"twitter_card":"summary_large_image","schema":{"@context":"https:\/\/schema.org","@graph":[{"@type":"WebPage","@id":"https:\/\/www.promin.it\/fr\/prodotto\/chorus-comprimes-de-moutarde\/","url":"https:\/\/www.promin.it\/fr\/prodotto\/chorus-comprimes-de-moutarde\/","name":"Coro Erisimo comprim\u00e9s - Suppl\u00e9ment de moutarde des haies pour la voix et la gorge","isPartOf":{"@id":"https:\/\/www.promin.it\/#website"},"primaryImageOfPage":{"@id":"https:\/\/www.promin.it\/fr\/prodotto\/chorus-comprimes-de-moutarde\/#primaryimage"},"image":{"@id":"https:\/\/www.promin.it\/fr\/prodotto\/chorus-comprimes-de-moutarde\/#primaryimage"},"thumbnailUrl":"https:\/\/www.promin.it\/wp-content\/uploads\/2018\/01\/CORO-ERISIMO-24-CPRS-1.jpg","datePublished":"2018-01-08T15:16:33+00:00","dateModified":"2024-11-11T11:12:44+00:00","description":"Chorus Hedge Mustard Tablets de Promin - D\u00e9licieux comprim\u00e9s \u00e0 base de Sisymbrium officinale SCOP, l\u2019herbe des chanteurs... Fort pour la voix, efficace pour la gorge... D\u00e9couvrez toutes les fonctionnalit\u00e9s...","breadcrumb":{"@id":"https:\/\/www.promin.it\/fr\/prodotto\/chorus-comprimes-de-moutarde\/#breadcrumb"},"inLanguage":"fr-FR","potentialAction":[{"@type":"ReadAction","target":["https:\/\/www.promin.it\/fr\/prodotto\/chorus-comprimes-de-moutarde\/"]}]},{"@type":"ImageObject","inLanguage":"fr-FR","@id":"https:\/\/www.promin.it\/fr\/prodotto\/chorus-comprimes-de-moutarde\/#primaryimage","url":"https:\/\/www.promin.it\/wp-content\/uploads\/2018\/01\/CORO-ERISIMO-24-CPRS-1.jpg","contentUrl":"https:\/\/www.promin.it\/wp-content\/uploads\/2018\/01\/CORO-ERISIMO-24-CPRS-1.jpg","width":1969,"height":1476,"caption":"OLYMPUS DIGITAL CAMERA"},{"@type":"BreadcrumbList","@id":"https:\/\/www.promin.it\/fr\/prodotto\/chorus-comprimes-de-moutarde\/#breadcrumb","itemListElement":[{"@type":"ListItem","position":1,"name":"Accueil","item":"https:\/\/www.promin.it\/fr\/"},{"@type":"ListItem","position":2,"name":"Boutique","item":"https:\/\/www.promin.it\/fr\/boutique\/"},{"@type":"ListItem","position":3,"name":"Chorus Hedge Moutarde Comprim\u00e9s"}]},{"@type":"WebSite","@id":"https:\/\/www.promin.it\/#website","url":"https:\/\/www.promin.it\/","name":"Promin","description":"Prodotti Medicina Integrata","publisher":{"@id":"https:\/\/www.promin.it\/#organization"},"potentialAction":[{"@type":"SearchAction","target":{"@type":"EntryPoint","urlTemplate":"https:\/\/www.promin.it\/?s={search_term_string}"},"query-input":{"@type":"PropertyValueSpecification","valueRequired":true,"valueName":"search_term_string"}}],"inLanguage":"fr-FR"},{"@type":"Organization","@id":"https:\/\/www.promin.it\/#organization","name":"Promin Srl","alternateName":"Promin - Prodotti Medicina Integrata","url":"https:\/\/www.promin.it\/","logo":{"@type":"ImageObject","inLanguage":"fr-FR","@id":"https:\/\/www.promin.it\/#\/schema\/logo\/image\/","url":"https:\/\/www.promin.it\/wp-content\/uploads\/2024\/11\/logo-promin-seo.jpg","contentUrl":"https:\/\/www.promin.it\/wp-content\/uploads\/2024\/11\/logo-promin-seo.jpg","width":512,"height":512,"caption":"Promin Srl"},"image":{"@id":"https:\/\/www.promin.it\/#\/schema\/logo\/image\/"},"sameAs":["https:\/\/www.facebook.com\/prominmed","https:\/\/www.instagram.com\/promin_medicina_integrata\/","https:\/\/www.linkedin.com\/company\/promin-prodotti-medicina-integrata\/"]}]}},"jetpack_sharing_enabled":true,"_links":{"self":[{"href":"https:\/\/www.promin.it\/fr\/wp-json\/wp\/v2\/product\/19382"}],"collection":[{"href":"https:\/\/www.promin.it\/fr\/wp-json\/wp\/v2\/product"}],"about":[{"href":"https:\/\/www.promin.it\/fr\/wp-json\/wp\/v2\/types\/product"}],"wp:featuredmedia":[{"embeddable":true,"href":"https:\/\/www.promin.it\/fr\/wp-json\/wp\/v2\/media\/21270"}],"wp:attachment":[{"href":"https:\/\/www.promin.it\/fr\/wp-json\/wp\/v2\/media?parent=19382"}],"wp:term":[{"taxonomy":"product_cat","embeddable":true,"href":"https:\/\/www.promin.it\/fr\/wp-json\/wp\/v2\/product_cat?post=19382"},{"taxonomy":"product_tag","embeddable":true,"href":"https:\/\/www.promin.it\/fr\/wp-json\/wp\/v2\/product_tag?post=19382"}],"curies":[{"name":"wp","href":"https:\/\/api.w.org\/{rel}","templated":true}]}}