{"id":19383,"date":"2018-01-06T20:45:45","date_gmt":"2018-01-06T19:45:45","guid":{"rendered":"https:\/\/www.promin.it\/?post_type=product&#038;p=19383"},"modified":"2024-11-11T12:12:44","modified_gmt":"2024-11-11T11:12:44","slug":"rainrain-haie-moutarde-zero","status":"publish","type":"product","link":"https:\/\/www.promin.it\/fr\/prodotto\/rainrain-haie-moutarde-zero\/","title":{"rendered":"Chorus Haie Moutarde Z\u00e9ro"},"content":{"rendered":"<p><strong>Coro Erisimo Zero<\/strong>, un compl\u00e9ment alimentaire sans sucre, sans gluten et sans \u00e9dulcorant intensif, a \u00e9t\u00e9 formul\u00e9 pour tous ceux qui ont besoin de prendre de la moutarde des haies tout en devant suivre un r\u00e9gime sans gluten et sans sucre en m\u00eame temps. Il est indiqu\u00e9 dans les aphonies, l\u2019enrouement, l\u2019abaissement de la voix d\u00fb \u00e0 l\u2019utilisation et \u00e0 l\u2019abus de la voix, le tabagisme et les troubles de la voix dus \u00e0 des causes organiques (laryngite virale\/bact\u00e9rienne, rhume, reflux gastro-\u0153sophagien, reflux laryngo-pharyng\u00e9, etc.) <strong>Coro Erisimo Zero<\/strong> : comprim\u00e9s orodispersibles \u00e0 base d\u2019extrait fluide de moutarde des haies.<\/p>\n<ul>\n<li><strong><u>La moutarde des haies  <\/u><\/strong><strong>(<em>Sisymbrium officinale scop), <\/em>ou \u00ab herbe des chanteurs \u00bb, est une plante utilis\u00e9e depuis l\u2019Antiquit\u00e9 pour ses propri\u00e9t\u00e9s th\u00e9rapeutiques et ses vertus au b\u00e9n\u00e9fice de la gorge et de la voix. En effet, il a une action \u00e9molliente et apaisante, soutient la fonctionnalit\u00e9 de la voix et contribue au bien-\u00eatre de la muqueuse oropharyng\u00e9e et des voies respiratoires sup\u00e9rieures. <\/strong><\/li>\n<\/ul>\n<p>Dans les <strong>comprim\u00e9s Coro Erisimo Zero<\/strong>, la moutarde des haies est associ\u00e9e \u00e0 des ar\u00f4mes balsamiques naturels qui donnent au produit un go\u00fbt agr\u00e9able.<\/p>\n<h3>Ingr\u00e9dients Coro Erisimo Zero, compl\u00e9ment en comprim\u00e9s :<\/h3>\n<p>\u00c9dulcorant : Xylitol ; Maltodextrine; Moutarde des haies (<em>Sisymbrium officinale scop.,<\/em> summitas c. floribus) extrait fluide&nbsp;; Anti-agglom\u00e9rants : sel de magn\u00e9sium d\u2019acides gras, dioxyde de silicium ; Agent de charge : Cellulose microcristalline (gel de cellulose) ; Parfums. <\/p>\n<h3>Mode d\u2019emploi<\/h3>\n<p>4 comprim\u00e9s par jour, au besoin, \u00e0 dissoudre lentement dans la bouche.<\/p>\n<h3>Pr\u00e9sentation<\/h3>\n<p>\u2022 Bo\u00eete de 2 plaquettes thermoform\u00e9es de 12 comprim\u00e9s chacune. \u2022 Affichage de 10 bo\u00eetes.<\/p>\n<p><strong>Il n\u2019y a pas de contre-indications ou d\u2019intol\u00e9rances connues au produit.<\/strong><\/p>\n<h3>D\u00e9couvrez les autres produits de la gamme Hedge Mustard :<\/h3>\n<h5><a href=\"https:\/\/www.promin.it\/prodotto\/coro-erisimo-spray\/\">&#8211; Rainage Hedge Moutarde en vaporisateur<\/a><br \/>\n<a href=\"https:\/\/www.promin.it\/prodotto\/coro-erisimo-compresse\/\">&#8211; Chorus Hedge Moutarde Pastilles<\/a><br \/>\n<a href=\"https:\/\/www.promin.it\/prodotto\/coro-erisimo-gocce\/\">&#8211; Ch\u0153ur Erisimo Gocce<\/a><br \/>\n<a href=\"https:\/\/www.promin.it\/prodotto\/corotuss\/\">&#8211; Corotuss<\/a><\/h5>\n","protected":false},"excerpt":{"rendered":"<p style=\"text-align: center;\">  Barres sans sucre et sans gluten contenant de la moutarde des haies \u00e0 dissoudre lentement dans la bouche pour <strong>une aide rapide pour la voix et la gorge<\/strong>.<\/p>\n","protected":false},"featured_media":20215,"template":"","meta":{"_acf_changed":false,"jetpack_post_was_ever_published":false,"jetpack_publicize_message":"","jetpack_publicize_feature_enabled":true,"jetpack_social_post_already_shared":true,"jetpack_social_options":{"image_generator_settings":{"template":"highway","enabled":false},"version":2}},"product_cat":[693,688,684,692,694,632],"product_tag":[695,700,701,696,697,702,698,699],"class_list":{"0":"post-19383","1":"product","2":"type-product","3":"status-publish","4":"has-post-thumbnail","6":"product_cat-aerien","7":"product_cat-ligne-de-moutarde-de-haie","8":"product_cat-lignes-promin","9":"product_cat-moutarde-des-haies","10":"product_cat-voix","11":"product_cat-systeme-vocal-respiratoire","12":"product_tag-aerien","13":"product_tag-chanter-mieux","14":"product_tag-gorge","15":"product_tag-moutarde-des-haies","16":"product_tag-rainrain-hedge-moutarde","17":"product_tag-sans-gluten","18":"product_tag-sans-sucre","19":"product_tag-voix","21":"first","22":"instock","23":"taxable","24":"shipping-taxable","25":"purchasable","26":"product-type-simple"},"jetpack_publicize_connections":[],"acf":[],"yoast_head":"<!-- This site is optimized with the Yoast SEO plugin v23.4 - https:\/\/yoast.com\/wordpress\/plugins\/seo\/ -->\n<title>Acheter Coro Erisimo Zero - Suppl\u00e9ment de moutarde des haies pour la voix et la gorge<\/title>\n<meta name=\"description\" content=\"Acheter Coro Erisimo Zero - Compl\u00e9ment alimentaire pour la gorge et la voix \u00e0 base de moutarde des haies : sans sucre, sans gluten et sans \u00e9dulcorants intensifs.\" \/>\n<meta name=\"robots\" content=\"index, follow, max-snippet:-1, max-image-preview:large, max-video-preview:-1\" \/>\n<link rel=\"canonical\" href=\"https:\/\/www.promin.it\/fr\/prodotto\/rainrain-haie-moutarde-zero\/\" \/>\n<meta property=\"og:locale\" content=\"fr_FR\" \/>\n<meta property=\"og:type\" content=\"article\" \/>\n<meta property=\"og:title\" content=\"Acheter Coro Erisimo Zero - Suppl\u00e9ment de moutarde des haies pour la voix et la gorge\" \/>\n<meta property=\"og:description\" content=\"Acheter Coro Erisimo Zero - Compl\u00e9ment alimentaire pour la gorge et la voix \u00e0 base de moutarde des haies : sans sucre, sans gluten et sans \u00e9dulcorants intensifs.\" \/>\n<meta property=\"og:url\" content=\"https:\/\/www.promin.it\/fr\/prodotto\/rainrain-haie-moutarde-zero\/\" \/>\n<meta property=\"og:site_name\" content=\"Promin\" \/>\n<meta property=\"article:publisher\" content=\"https:\/\/www.facebook.com\/prominmed\" \/>\n<meta property=\"article:modified_time\" content=\"2024-11-11T11:12:44+00:00\" \/>\n<meta property=\"og:image\" content=\"https:\/\/www.promin.it\/wp-content\/uploads\/2018\/10\/Coro_Erisimo-Zero-24-cpr-1.jpg\" \/>\n\t<meta property=\"og:image:width\" content=\"1066\" \/>\n\t<meta property=\"og:image:height\" content=\"789\" \/>\n\t<meta property=\"og:image:type\" content=\"image\/jpeg\" \/>\n<meta name=\"twitter:card\" content=\"summary_large_image\" \/>\n<script type=\"application\/ld+json\" class=\"yoast-schema-graph\">{\"@context\":\"https:\/\/schema.org\",\"@graph\":[{\"@type\":\"WebPage\",\"@id\":\"https:\/\/www.promin.it\/fr\/prodotto\/rainrain-haie-moutarde-zero\/\",\"url\":\"https:\/\/www.promin.it\/fr\/prodotto\/rainrain-haie-moutarde-zero\/\",\"name\":\"Acheter Coro Erisimo Zero - Suppl\u00e9ment de moutarde des haies pour la voix et la gorge\",\"isPartOf\":{\"@id\":\"https:\/\/www.promin.it\/#website\"},\"primaryImageOfPage\":{\"@id\":\"https:\/\/www.promin.it\/fr\/prodotto\/rainrain-haie-moutarde-zero\/#primaryimage\"},\"image\":{\"@id\":\"https:\/\/www.promin.it\/fr\/prodotto\/rainrain-haie-moutarde-zero\/#primaryimage\"},\"thumbnailUrl\":\"https:\/\/www.promin.it\/wp-content\/uploads\/2018\/01\/Coro_Erisimo-Zero-24-cpr-1.webp\",\"datePublished\":\"2018-01-06T19:45:45+00:00\",\"dateModified\":\"2024-11-11T11:12:44+00:00\",\"description\":\"Acheter Coro Erisimo Zero - Compl\u00e9ment alimentaire pour la gorge et la voix \u00e0 base de moutarde des haies : sans sucre, sans gluten et sans \u00e9dulcorants intensifs.\",\"breadcrumb\":{\"@id\":\"https:\/\/www.promin.it\/fr\/prodotto\/rainrain-haie-moutarde-zero\/#breadcrumb\"},\"inLanguage\":\"fr-FR\",\"potentialAction\":[{\"@type\":\"ReadAction\",\"target\":[\"https:\/\/www.promin.it\/fr\/prodotto\/rainrain-haie-moutarde-zero\/\"]}]},{\"@type\":\"ImageObject\",\"inLanguage\":\"fr-FR\",\"@id\":\"https:\/\/www.promin.it\/fr\/prodotto\/rainrain-haie-moutarde-zero\/#primaryimage\",\"url\":\"https:\/\/www.promin.it\/wp-content\/uploads\/2018\/01\/Coro_Erisimo-Zero-24-cpr-1.webp\",\"contentUrl\":\"https:\/\/www.promin.it\/wp-content\/uploads\/2018\/01\/Coro_Erisimo-Zero-24-cpr-1.webp\",\"width\":1066,\"height\":789},{\"@type\":\"BreadcrumbList\",\"@id\":\"https:\/\/www.promin.it\/fr\/prodotto\/rainrain-haie-moutarde-zero\/#breadcrumb\",\"itemListElement\":[{\"@type\":\"ListItem\",\"position\":1,\"name\":\"Accueil\",\"item\":\"https:\/\/www.promin.it\/fr\/\"},{\"@type\":\"ListItem\",\"position\":2,\"name\":\"Boutique\",\"item\":\"https:\/\/www.promin.it\/fr\/boutique\/\"},{\"@type\":\"ListItem\",\"position\":3,\"name\":\"Chorus Haie Moutarde Z\u00e9ro\"}]},{\"@type\":\"WebSite\",\"@id\":\"https:\/\/www.promin.it\/#website\",\"url\":\"https:\/\/www.promin.it\/\",\"name\":\"Promin\",\"description\":\"Prodotti Medicina Integrata\",\"publisher\":{\"@id\":\"https:\/\/www.promin.it\/#organization\"},\"potentialAction\":[{\"@type\":\"SearchAction\",\"target\":{\"@type\":\"EntryPoint\",\"urlTemplate\":\"https:\/\/www.promin.it\/?s={search_term_string}\"},\"query-input\":{\"@type\":\"PropertyValueSpecification\",\"valueRequired\":true,\"valueName\":\"search_term_string\"}}],\"inLanguage\":\"fr-FR\"},{\"@type\":\"Organization\",\"@id\":\"https:\/\/www.promin.it\/#organization\",\"name\":\"Promin Srl\",\"alternateName\":\"Promin - Prodotti Medicina Integrata\",\"url\":\"https:\/\/www.promin.it\/\",\"logo\":{\"@type\":\"ImageObject\",\"inLanguage\":\"fr-FR\",\"@id\":\"https:\/\/www.promin.it\/#\/schema\/logo\/image\/\",\"url\":\"https:\/\/www.promin.it\/wp-content\/uploads\/2024\/11\/logo-promin-seo.jpg\",\"contentUrl\":\"https:\/\/www.promin.it\/wp-content\/uploads\/2024\/11\/logo-promin-seo.jpg\",\"width\":512,\"height\":512,\"caption\":\"Promin Srl\"},\"image\":{\"@id\":\"https:\/\/www.promin.it\/#\/schema\/logo\/image\/\"},\"sameAs\":[\"https:\/\/www.facebook.com\/prominmed\",\"https:\/\/www.instagram.com\/promin_medicina_integrata\/\",\"https:\/\/www.linkedin.com\/company\/promin-prodotti-medicina-integrata\/\"]}]}<\/script>\n<!-- \/ Yoast SEO plugin. -->","yoast_head_json":{"title":"Acheter Coro Erisimo Zero - Suppl\u00e9ment de moutarde des haies pour la voix et la gorge","description":"Acheter Coro Erisimo Zero - Compl\u00e9ment alimentaire pour la gorge et la voix \u00e0 base de moutarde des haies : sans sucre, sans gluten et sans \u00e9dulcorants intensifs.","robots":{"index":"index","follow":"follow","max-snippet":"max-snippet:-1","max-image-preview":"max-image-preview:large","max-video-preview":"max-video-preview:-1"},"canonical":"https:\/\/www.promin.it\/fr\/prodotto\/rainrain-haie-moutarde-zero\/","og_locale":"fr_FR","og_type":"article","og_title":"Acheter Coro Erisimo Zero - Suppl\u00e9ment de moutarde des haies pour la voix et la gorge","og_description":"Acheter Coro Erisimo Zero - Compl\u00e9ment alimentaire pour la gorge et la voix \u00e0 base de moutarde des haies : sans sucre, sans gluten et sans \u00e9dulcorants intensifs.","og_url":"https:\/\/www.promin.it\/fr\/prodotto\/rainrain-haie-moutarde-zero\/","og_site_name":"Promin","article_publisher":"https:\/\/www.facebook.com\/prominmed","article_modified_time":"2024-11-11T11:12:44+00:00","og_image":[{"width":1066,"height":789,"url":"https:\/\/www.promin.it\/wp-content\/uploads\/2018\/10\/Coro_Erisimo-Zero-24-cpr-1.jpg","type":"image\/jpeg"}],"twitter_card":"summary_large_image","schema":{"@context":"https:\/\/schema.org","@graph":[{"@type":"WebPage","@id":"https:\/\/www.promin.it\/fr\/prodotto\/rainrain-haie-moutarde-zero\/","url":"https:\/\/www.promin.it\/fr\/prodotto\/rainrain-haie-moutarde-zero\/","name":"Acheter Coro Erisimo Zero - Suppl\u00e9ment de moutarde des haies pour la voix et la gorge","isPartOf":{"@id":"https:\/\/www.promin.it\/#website"},"primaryImageOfPage":{"@id":"https:\/\/www.promin.it\/fr\/prodotto\/rainrain-haie-moutarde-zero\/#primaryimage"},"image":{"@id":"https:\/\/www.promin.it\/fr\/prodotto\/rainrain-haie-moutarde-zero\/#primaryimage"},"thumbnailUrl":"https:\/\/www.promin.it\/wp-content\/uploads\/2018\/01\/Coro_Erisimo-Zero-24-cpr-1.webp","datePublished":"2018-01-06T19:45:45+00:00","dateModified":"2024-11-11T11:12:44+00:00","description":"Acheter Coro Erisimo Zero - Compl\u00e9ment alimentaire pour la gorge et la voix \u00e0 base de moutarde des haies : sans sucre, sans gluten et sans \u00e9dulcorants intensifs.","breadcrumb":{"@id":"https:\/\/www.promin.it\/fr\/prodotto\/rainrain-haie-moutarde-zero\/#breadcrumb"},"inLanguage":"fr-FR","potentialAction":[{"@type":"ReadAction","target":["https:\/\/www.promin.it\/fr\/prodotto\/rainrain-haie-moutarde-zero\/"]}]},{"@type":"ImageObject","inLanguage":"fr-FR","@id":"https:\/\/www.promin.it\/fr\/prodotto\/rainrain-haie-moutarde-zero\/#primaryimage","url":"https:\/\/www.promin.it\/wp-content\/uploads\/2018\/01\/Coro_Erisimo-Zero-24-cpr-1.webp","contentUrl":"https:\/\/www.promin.it\/wp-content\/uploads\/2018\/01\/Coro_Erisimo-Zero-24-cpr-1.webp","width":1066,"height":789},{"@type":"BreadcrumbList","@id":"https:\/\/www.promin.it\/fr\/prodotto\/rainrain-haie-moutarde-zero\/#breadcrumb","itemListElement":[{"@type":"ListItem","position":1,"name":"Accueil","item":"https:\/\/www.promin.it\/fr\/"},{"@type":"ListItem","position":2,"name":"Boutique","item":"https:\/\/www.promin.it\/fr\/boutique\/"},{"@type":"ListItem","position":3,"name":"Chorus Haie Moutarde Z\u00e9ro"}]},{"@type":"WebSite","@id":"https:\/\/www.promin.it\/#website","url":"https:\/\/www.promin.it\/","name":"Promin","description":"Prodotti Medicina Integrata","publisher":{"@id":"https:\/\/www.promin.it\/#organization"},"potentialAction":[{"@type":"SearchAction","target":{"@type":"EntryPoint","urlTemplate":"https:\/\/www.promin.it\/?s={search_term_string}"},"query-input":{"@type":"PropertyValueSpecification","valueRequired":true,"valueName":"search_term_string"}}],"inLanguage":"fr-FR"},{"@type":"Organization","@id":"https:\/\/www.promin.it\/#organization","name":"Promin Srl","alternateName":"Promin - Prodotti Medicina Integrata","url":"https:\/\/www.promin.it\/","logo":{"@type":"ImageObject","inLanguage":"fr-FR","@id":"https:\/\/www.promin.it\/#\/schema\/logo\/image\/","url":"https:\/\/www.promin.it\/wp-content\/uploads\/2024\/11\/logo-promin-seo.jpg","contentUrl":"https:\/\/www.promin.it\/wp-content\/uploads\/2024\/11\/logo-promin-seo.jpg","width":512,"height":512,"caption":"Promin Srl"},"image":{"@id":"https:\/\/www.promin.it\/#\/schema\/logo\/image\/"},"sameAs":["https:\/\/www.facebook.com\/prominmed","https:\/\/www.instagram.com\/promin_medicina_integrata\/","https:\/\/www.linkedin.com\/company\/promin-prodotti-medicina-integrata\/"]}]}},"jetpack_sharing_enabled":true,"_links":{"self":[{"href":"https:\/\/www.promin.it\/fr\/wp-json\/wp\/v2\/product\/19383"}],"collection":[{"href":"https:\/\/www.promin.it\/fr\/wp-json\/wp\/v2\/product"}],"about":[{"href":"https:\/\/www.promin.it\/fr\/wp-json\/wp\/v2\/types\/product"}],"wp:featuredmedia":[{"embeddable":true,"href":"https:\/\/www.promin.it\/fr\/wp-json\/wp\/v2\/media\/20215"}],"wp:attachment":[{"href":"https:\/\/www.promin.it\/fr\/wp-json\/wp\/v2\/media?parent=19383"}],"wp:term":[{"taxonomy":"product_cat","embeddable":true,"href":"https:\/\/www.promin.it\/fr\/wp-json\/wp\/v2\/product_cat?post=19383"},{"taxonomy":"product_tag","embeddable":true,"href":"https:\/\/www.promin.it\/fr\/wp-json\/wp\/v2\/product_tag?post=19383"}],"curies":[{"name":"wp","href":"https:\/\/api.w.org\/{rel}","templated":true}]}}