{"id":19384,"date":"2018-01-04T16:34:45","date_gmt":"2018-01-04T15:34:45","guid":{"rendered":"https:\/\/www.promin.it\/?post_type=product&#038;p=19384"},"modified":"2024-11-11T12:12:44","modified_gmt":"2024-11-11T11:12:44","slug":"chorus-moutarde-gouttes","status":"publish","type":"product","link":"https:\/\/www.promin.it\/fr\/prodotto\/chorus-moutarde-gouttes\/","title":{"rendered":"Chorus Hedge Gouttes de moutarde"},"content":{"rendered":"<p>CORO ERISIMO GOCCE, compl\u00e9ment alimentaire \u00e0 base d\u2019extraits glycoliques de moutarde des haies, de mauve, de guimauve et de sauge, des ingr\u00e9dients actifs qui soutiennent la fonctionnalit\u00e9 de la voix et contribuent au bien-\u00eatre de la gorge et des voies respiratoires sup\u00e9rieures.<\/p>\n<ul>\n<li><strong>La moutarde des haies<\/strong> (<em>Sisymbrium officinale scop<\/em>), ou \u00ab herbe des chanteurs \u00bb, est une plante utilis\u00e9e depuis l\u2019Antiquit\u00e9 pour ses propri\u00e9t\u00e9s th\u00e9rapeutiques et ses vertus au profit de la gorge et de la voix. En effet, il a une action \u00e9molliente et apaisante, soutient la fonctionnalit\u00e9 de la voix et contribue au bien-\u00eatre de la muqueuse oropharyng\u00e9e et des voies respiratoires sup\u00e9rieures. <\/li>\n<li><strong>La mauve<\/strong> (<em>Malva sylvestris L.),<\/em> riche en mucilage (arabinogalactanes), en flavono\u00efdes, en anthocyanes, a une action \u00e9molliente et apaisante. Il est utile pour la fonctionnalit\u00e9 de la muqueuse oropharyng\u00e9e et contribue \u00e0 la fluidit\u00e9 des s\u00e9cr\u00e9tions bronchiques <\/li>\n<li><strong>Guimauve<\/strong> (<em>Althea officinalis L.<\/em>) riche en mucilage, tanins, phytost\u00e9rols, etc. Il a une action apaisante et contribue \u00e0 la fonctionnalit\u00e9 des muqueuses du syst\u00e8me respiratoire.<\/li>\n<li><strong>La sauge <\/strong>(<em>Salvia officinalis L.), dont les<\/em> principaux constituants sont : l\u2019huile essentielle contenant de la thuyone, du liniol, du camphre, du born\u00e9ol, des acides triterp\u00e9niques, des flavono\u00efdes, des tanins, etc., favorise le bien-\u00eatre du nez et de la gorge.<\/li>\n<\/ul>\n<p>Sa particularit\u00e9 r\u00e9side dans l\u2019association de plusieurs phytocomleps qui agissent avec des m\u00e9canismes compl\u00e9mentaires, se valorisant mutuellement.<\/p>\n<h3>INFORMATIONS TECHNIQUES SUR LE PRODUIT<\/h3>\n<ul>\n<li><strong>INGR\u00c9DIENTS&nbsp;:<\/strong> Sisymbrium officinale Scop. extrait glycolique de Malva Sylvestris L. (feuilles), extrait glycolique de Salvia officinalis L. (feuilles), extrait glycolique d\u2019Althaea officinalis L. (feuilles et racines) <\/li>\n<li><strong>EMBALLAGE&nbsp;: Bo\u00eete<\/strong> contenant un flacon de 50 ml avec compte-gouttes<\/li>\n<li><strong>FORME PHARMACEUTIQUE :<\/strong> Extrait glycolique pour solution buvable.<\/li>\n<li><strong>MODE D\u2019EMPLOI :<\/strong> 20 gouttes, 3 fois par jour dans 100 ml d\u2019eau (un demi-verre) \u00e0 prendre avant les repas pour une action plus importante et profonde, ou simplement pour se gargariser pour un bon entretien g\u00e9n\u00e9ral des cordes vocales et de la voix.<\/li>\n<li><strong>ALLERG\u00c8NES :<\/strong> Non pr\u00e9sent (Promin ne garantit pas l\u2019absence d\u2019une \u00e9ventuelle contamination crois\u00e9e tout au long de la cha\u00eene de production)<\/li>\n<li><strong>CODE CODIFA :<\/strong> 939930741 (Indiquez \u00e0 votre pharmacien le code CODIFA, afin de ne pas avoir de probl\u00e8mes pour trouver le produit)<\/li>\n<\/ul>\n<p>Avertissements : Ne d\u00e9passez pas la dose quotidienne recommand\u00e9e. Tenir hors de port\u00e9e des enfants de moins de 3 ans. Les suppl\u00e9ments ne sont pas destin\u00e9s \u00e0 se substituer \u00e0 une alimentation vari\u00e9e et \u00e9quilibr\u00e9e et \u00e0 un mode de vie sain.  <\/p>\n<h3>D\u00e9couvrez les autres produits de la gamme Hedge Mustard :<\/h3>\n<ul>\n<li><a href=\"https:\/\/www.promin.it\/prodotto\/coro-erisimo-zero\/\">Chorus Haie Moutarde Z\u00e9ro<\/a><\/li>\n<li><a href=\"http:\/\/www.promin.it\/prodotto\/coro-erisimo-compresse\/\">Chorus Hedge Moutarde Comprim\u00e9s<\/a><\/li>\n<li><a href=\"http:\/\/www.promin.it\/prodotto\/coro-erisimo-spray\/\">Chorus Hedge Spray Moutarde<\/a><\/li>\n<li><a href=\"http:\/\/www.promin.it\/prodotto\/corotuss\/\">Corotuss<\/a><\/li>\n<\/ul>\n","protected":false},"excerpt":{"rendered":"<p style=\"text-align: center;\"><strong>Le \u00ab bain de bouche \u00bb des cordes vocales<\/strong>. Compl\u00e9ment alimentaire \u00e0 base d\u2019extrait glycolique de Moutarde des Haies, de Mauve, de Guimauve et de Sauge \u00e0 ing\u00e9rer ou \u00e0 gargariser. <\/p>\n","protected":false},"featured_media":19083,"template":"","meta":{"_acf_changed":false,"jetpack_post_was_ever_published":false,"jetpack_publicize_message":"","jetpack_publicize_feature_enabled":true,"jetpack_social_post_already_shared":true,"jetpack_social_options":{"image_generator_settings":{"template":"highway","enabled":false},"version":2}},"product_cat":[703,688,684,705,692,704,632],"product_tag":[],"class_list":{"0":"post-19384","1":"product","2":"type-product","3":"status-publish","4":"has-post-thumbnail","6":"product_cat-altea-fr","7":"product_cat-ligne-de-moutarde-de-haie","8":"product_cat-lignes-promin","9":"product_cat-mauve","10":"product_cat-moutarde-des-haies","11":"product_cat-sauge","12":"product_cat-systeme-vocal-respiratoire","14":"first","15":"instock","16":"taxable","17":"shipping-taxable","18":"purchasable","19":"product-type-simple"},"jetpack_publicize_connections":[],"acf":[],"yoast_head":"<!-- This site is optimized with the Yoast SEO plugin v23.4 - https:\/\/yoast.com\/wordpress\/plugins\/seo\/ -->\n<title>Coro Hedge Mustard Drops - Suppl\u00e9ment \u00e0 base d\u2019extrait glycolique de moutarde des haies<\/title>\n<meta name=\"description\" content=\"Ch\u0153ur Erisimo Gocce - De Promin le \u00ab\u00a0bain de bouche\u00a0\u00bb des cordes vocales. Compl\u00e9ment alimentaire \u00e0 base d\u2019extrait glycolique de Moutarde des Haies, de Mauve, de Guimauve et de Sauge \u00e0 ing\u00e9rer ou \u00e0 gargariser\" \/>\n<meta name=\"robots\" content=\"index, follow, max-snippet:-1, max-image-preview:large, max-video-preview:-1\" \/>\n<link rel=\"canonical\" href=\"https:\/\/www.promin.it\/fr\/prodotto\/chorus-moutarde-gouttes\/\" \/>\n<meta property=\"og:locale\" content=\"fr_FR\" \/>\n<meta property=\"og:type\" content=\"article\" \/>\n<meta property=\"og:title\" content=\"Coro Hedge Mustard Drops - Suppl\u00e9ment \u00e0 base d\u2019extrait glycolique de moutarde des haies\" \/>\n<meta property=\"og:description\" content=\"Ch\u0153ur Erisimo Gocce - De Promin le \u00ab\u00a0bain de bouche\u00a0\u00bb des cordes vocales. Compl\u00e9ment alimentaire \u00e0 base d\u2019extrait glycolique de Moutarde des Haies, de Mauve, de Guimauve et de Sauge \u00e0 ing\u00e9rer ou \u00e0 gargariser\" \/>\n<meta property=\"og:url\" content=\"https:\/\/www.promin.it\/fr\/prodotto\/chorus-moutarde-gouttes\/\" \/>\n<meta property=\"og:site_name\" content=\"Promin\" \/>\n<meta property=\"article:publisher\" content=\"https:\/\/www.facebook.com\/prominmed\" \/>\n<meta property=\"article:modified_time\" content=\"2024-11-11T11:12:44+00:00\" \/>\n<meta property=\"og:image\" content=\"https:\/\/www.promin.it\/wp-content\/uploads\/2024\/10\/coro-erisimo-gocce-corde-vocali-erisimo-malva.jpg\" \/>\n\t<meta property=\"og:image:width\" content=\"600\" \/>\n\t<meta property=\"og:image:height\" content=\"600\" \/>\n\t<meta property=\"og:image:type\" content=\"image\/jpeg\" \/>\n<meta name=\"twitter:card\" content=\"summary_large_image\" \/>\n<script type=\"application\/ld+json\" class=\"yoast-schema-graph\">{\"@context\":\"https:\/\/schema.org\",\"@graph\":[{\"@type\":\"WebPage\",\"@id\":\"https:\/\/www.promin.it\/fr\/prodotto\/chorus-moutarde-gouttes\/\",\"url\":\"https:\/\/www.promin.it\/fr\/prodotto\/chorus-moutarde-gouttes\/\",\"name\":\"Coro Hedge Mustard Drops - Suppl\u00e9ment \u00e0 base d\u2019extrait glycolique de moutarde des haies\",\"isPartOf\":{\"@id\":\"https:\/\/www.promin.it\/#website\"},\"primaryImageOfPage\":{\"@id\":\"https:\/\/www.promin.it\/fr\/prodotto\/chorus-moutarde-gouttes\/#primaryimage\"},\"image\":{\"@id\":\"https:\/\/www.promin.it\/fr\/prodotto\/chorus-moutarde-gouttes\/#primaryimage\"},\"thumbnailUrl\":\"https:\/\/www.promin.it\/wp-content\/uploads\/2024\/10\/coro-erisimo-gocce-corde-vocali-erisimo-malva.jpg\",\"datePublished\":\"2018-01-04T15:34:45+00:00\",\"dateModified\":\"2024-11-11T11:12:44+00:00\",\"description\":\"Ch\u0153ur Erisimo Gocce - De Promin le \u00ab\u00a0bain de bouche\u00a0\u00bb des cordes vocales. Compl\u00e9ment alimentaire \u00e0 base d\u2019extrait glycolique de Moutarde des Haies, de Mauve, de Guimauve et de Sauge \u00e0 ing\u00e9rer ou \u00e0 gargariser\",\"breadcrumb\":{\"@id\":\"https:\/\/www.promin.it\/fr\/prodotto\/chorus-moutarde-gouttes\/#breadcrumb\"},\"inLanguage\":\"fr-FR\",\"potentialAction\":[{\"@type\":\"ReadAction\",\"target\":[\"https:\/\/www.promin.it\/fr\/prodotto\/chorus-moutarde-gouttes\/\"]}]},{\"@type\":\"ImageObject\",\"inLanguage\":\"fr-FR\",\"@id\":\"https:\/\/www.promin.it\/fr\/prodotto\/chorus-moutarde-gouttes\/#primaryimage\",\"url\":\"https:\/\/www.promin.it\/wp-content\/uploads\/2024\/10\/coro-erisimo-gocce-corde-vocali-erisimo-malva.jpg\",\"contentUrl\":\"https:\/\/www.promin.it\/wp-content\/uploads\/2024\/10\/coro-erisimo-gocce-corde-vocali-erisimo-malva.jpg\",\"width\":600,\"height\":600},{\"@type\":\"BreadcrumbList\",\"@id\":\"https:\/\/www.promin.it\/fr\/prodotto\/chorus-moutarde-gouttes\/#breadcrumb\",\"itemListElement\":[{\"@type\":\"ListItem\",\"position\":1,\"name\":\"Accueil\",\"item\":\"https:\/\/www.promin.it\/fr\/\"},{\"@type\":\"ListItem\",\"position\":2,\"name\":\"Boutique\",\"item\":\"https:\/\/www.promin.it\/fr\/boutique\/\"},{\"@type\":\"ListItem\",\"position\":3,\"name\":\"Chorus Hedge Gouttes de moutarde\"}]},{\"@type\":\"WebSite\",\"@id\":\"https:\/\/www.promin.it\/#website\",\"url\":\"https:\/\/www.promin.it\/\",\"name\":\"Promin\",\"description\":\"Prodotti Medicina Integrata\",\"publisher\":{\"@id\":\"https:\/\/www.promin.it\/#organization\"},\"potentialAction\":[{\"@type\":\"SearchAction\",\"target\":{\"@type\":\"EntryPoint\",\"urlTemplate\":\"https:\/\/www.promin.it\/?s={search_term_string}\"},\"query-input\":{\"@type\":\"PropertyValueSpecification\",\"valueRequired\":true,\"valueName\":\"search_term_string\"}}],\"inLanguage\":\"fr-FR\"},{\"@type\":\"Organization\",\"@id\":\"https:\/\/www.promin.it\/#organization\",\"name\":\"Promin Srl\",\"alternateName\":\"Promin - Prodotti Medicina Integrata\",\"url\":\"https:\/\/www.promin.it\/\",\"logo\":{\"@type\":\"ImageObject\",\"inLanguage\":\"fr-FR\",\"@id\":\"https:\/\/www.promin.it\/#\/schema\/logo\/image\/\",\"url\":\"https:\/\/www.promin.it\/wp-content\/uploads\/2024\/11\/logo-promin-seo.jpg\",\"contentUrl\":\"https:\/\/www.promin.it\/wp-content\/uploads\/2024\/11\/logo-promin-seo.jpg\",\"width\":512,\"height\":512,\"caption\":\"Promin Srl\"},\"image\":{\"@id\":\"https:\/\/www.promin.it\/#\/schema\/logo\/image\/\"},\"sameAs\":[\"https:\/\/www.facebook.com\/prominmed\",\"https:\/\/www.instagram.com\/promin_medicina_integrata\/\",\"https:\/\/www.linkedin.com\/company\/promin-prodotti-medicina-integrata\/\"]}]}<\/script>\n<!-- \/ Yoast SEO plugin. -->","yoast_head_json":{"title":"Coro Hedge Mustard Drops - Suppl\u00e9ment \u00e0 base d\u2019extrait glycolique de moutarde des haies","description":"Ch\u0153ur Erisimo Gocce - De Promin le \u00ab\u00a0bain de bouche\u00a0\u00bb des cordes vocales. Compl\u00e9ment alimentaire \u00e0 base d\u2019extrait glycolique de Moutarde des Haies, de Mauve, de Guimauve et de Sauge \u00e0 ing\u00e9rer ou \u00e0 gargariser","robots":{"index":"index","follow":"follow","max-snippet":"max-snippet:-1","max-image-preview":"max-image-preview:large","max-video-preview":"max-video-preview:-1"},"canonical":"https:\/\/www.promin.it\/fr\/prodotto\/chorus-moutarde-gouttes\/","og_locale":"fr_FR","og_type":"article","og_title":"Coro Hedge Mustard Drops - Suppl\u00e9ment \u00e0 base d\u2019extrait glycolique de moutarde des haies","og_description":"Ch\u0153ur Erisimo Gocce - De Promin le \u00ab\u00a0bain de bouche\u00a0\u00bb des cordes vocales. Compl\u00e9ment alimentaire \u00e0 base d\u2019extrait glycolique de Moutarde des Haies, de Mauve, de Guimauve et de Sauge \u00e0 ing\u00e9rer ou \u00e0 gargariser","og_url":"https:\/\/www.promin.it\/fr\/prodotto\/chorus-moutarde-gouttes\/","og_site_name":"Promin","article_publisher":"https:\/\/www.facebook.com\/prominmed","article_modified_time":"2024-11-11T11:12:44+00:00","og_image":[{"width":600,"height":600,"url":"https:\/\/www.promin.it\/wp-content\/uploads\/2024\/10\/coro-erisimo-gocce-corde-vocali-erisimo-malva.jpg","type":"image\/jpeg"}],"twitter_card":"summary_large_image","schema":{"@context":"https:\/\/schema.org","@graph":[{"@type":"WebPage","@id":"https:\/\/www.promin.it\/fr\/prodotto\/chorus-moutarde-gouttes\/","url":"https:\/\/www.promin.it\/fr\/prodotto\/chorus-moutarde-gouttes\/","name":"Coro Hedge Mustard Drops - Suppl\u00e9ment \u00e0 base d\u2019extrait glycolique de moutarde des haies","isPartOf":{"@id":"https:\/\/www.promin.it\/#website"},"primaryImageOfPage":{"@id":"https:\/\/www.promin.it\/fr\/prodotto\/chorus-moutarde-gouttes\/#primaryimage"},"image":{"@id":"https:\/\/www.promin.it\/fr\/prodotto\/chorus-moutarde-gouttes\/#primaryimage"},"thumbnailUrl":"https:\/\/www.promin.it\/wp-content\/uploads\/2024\/10\/coro-erisimo-gocce-corde-vocali-erisimo-malva.jpg","datePublished":"2018-01-04T15:34:45+00:00","dateModified":"2024-11-11T11:12:44+00:00","description":"Ch\u0153ur Erisimo Gocce - De Promin le \u00ab\u00a0bain de bouche\u00a0\u00bb des cordes vocales. Compl\u00e9ment alimentaire \u00e0 base d\u2019extrait glycolique de Moutarde des Haies, de Mauve, de Guimauve et de Sauge \u00e0 ing\u00e9rer ou \u00e0 gargariser","breadcrumb":{"@id":"https:\/\/www.promin.it\/fr\/prodotto\/chorus-moutarde-gouttes\/#breadcrumb"},"inLanguage":"fr-FR","potentialAction":[{"@type":"ReadAction","target":["https:\/\/www.promin.it\/fr\/prodotto\/chorus-moutarde-gouttes\/"]}]},{"@type":"ImageObject","inLanguage":"fr-FR","@id":"https:\/\/www.promin.it\/fr\/prodotto\/chorus-moutarde-gouttes\/#primaryimage","url":"https:\/\/www.promin.it\/wp-content\/uploads\/2024\/10\/coro-erisimo-gocce-corde-vocali-erisimo-malva.jpg","contentUrl":"https:\/\/www.promin.it\/wp-content\/uploads\/2024\/10\/coro-erisimo-gocce-corde-vocali-erisimo-malva.jpg","width":600,"height":600},{"@type":"BreadcrumbList","@id":"https:\/\/www.promin.it\/fr\/prodotto\/chorus-moutarde-gouttes\/#breadcrumb","itemListElement":[{"@type":"ListItem","position":1,"name":"Accueil","item":"https:\/\/www.promin.it\/fr\/"},{"@type":"ListItem","position":2,"name":"Boutique","item":"https:\/\/www.promin.it\/fr\/boutique\/"},{"@type":"ListItem","position":3,"name":"Chorus Hedge Gouttes de moutarde"}]},{"@type":"WebSite","@id":"https:\/\/www.promin.it\/#website","url":"https:\/\/www.promin.it\/","name":"Promin","description":"Prodotti Medicina Integrata","publisher":{"@id":"https:\/\/www.promin.it\/#organization"},"potentialAction":[{"@type":"SearchAction","target":{"@type":"EntryPoint","urlTemplate":"https:\/\/www.promin.it\/?s={search_term_string}"},"query-input":{"@type":"PropertyValueSpecification","valueRequired":true,"valueName":"search_term_string"}}],"inLanguage":"fr-FR"},{"@type":"Organization","@id":"https:\/\/www.promin.it\/#organization","name":"Promin Srl","alternateName":"Promin - Prodotti Medicina Integrata","url":"https:\/\/www.promin.it\/","logo":{"@type":"ImageObject","inLanguage":"fr-FR","@id":"https:\/\/www.promin.it\/#\/schema\/logo\/image\/","url":"https:\/\/www.promin.it\/wp-content\/uploads\/2024\/11\/logo-promin-seo.jpg","contentUrl":"https:\/\/www.promin.it\/wp-content\/uploads\/2024\/11\/logo-promin-seo.jpg","width":512,"height":512,"caption":"Promin Srl"},"image":{"@id":"https:\/\/www.promin.it\/#\/schema\/logo\/image\/"},"sameAs":["https:\/\/www.facebook.com\/prominmed","https:\/\/www.instagram.com\/promin_medicina_integrata\/","https:\/\/www.linkedin.com\/company\/promin-prodotti-medicina-integrata\/"]}]}},"jetpack_sharing_enabled":true,"_links":{"self":[{"href":"https:\/\/www.promin.it\/fr\/wp-json\/wp\/v2\/product\/19384"}],"collection":[{"href":"https:\/\/www.promin.it\/fr\/wp-json\/wp\/v2\/product"}],"about":[{"href":"https:\/\/www.promin.it\/fr\/wp-json\/wp\/v2\/types\/product"}],"wp:featuredmedia":[{"embeddable":true,"href":"https:\/\/www.promin.it\/fr\/wp-json\/wp\/v2\/media\/19083"}],"wp:attachment":[{"href":"https:\/\/www.promin.it\/fr\/wp-json\/wp\/v2\/media?parent=19384"}],"wp:term":[{"taxonomy":"product_cat","embeddable":true,"href":"https:\/\/www.promin.it\/fr\/wp-json\/wp\/v2\/product_cat?post=19384"},{"taxonomy":"product_tag","embeddable":true,"href":"https:\/\/www.promin.it\/fr\/wp-json\/wp\/v2\/product_tag?post=19384"}],"curies":[{"name":"wp","href":"https:\/\/api.w.org\/{rel}","templated":true}]}}