{"id":19386,"date":"2017-12-26T16:45:33","date_gmt":"2017-12-26T15:45:33","guid":{"rendered":"https:\/\/www.promin.it\/?post_type=product&#038;p=19386"},"modified":"2024-11-11T12:12:45","modified_gmt":"2024-11-11T11:12:45","slug":"corotuss","status":"publish","type":"product","link":"https:\/\/www.promin.it\/fr\/prodotto\/corotuss\/","title":{"rendered":"Corotuss"},"content":{"rendered":"<p>COROTUSS est un sirop naturel, \u00e0 base d\u2019extraits de Moutarde des Haies, de Ch\u00e2taigne, de Thym Sauvage, d\u2019\u00c9chinac\u00e9e, de Tilleul, des principes actifs qui contribuent au bien-\u00eatre des voies respiratoires sup\u00e9rieures, favorisant la fluidit\u00e9 des s\u00e9cr\u00e9tions bronchiques et soutenant les d\u00e9fenses naturelles de l\u2019organisme.<\/p>\n<ul>\n<li><strong>La moutarde des haies<\/strong> (<em>Sisymbrium officinale scop<\/em>), ou \u00ab herbe des chanteurs \u00bb, est une plante utilis\u00e9e depuis l\u2019Antiquit\u00e9 pour ses propri\u00e9t\u00e9s th\u00e9rapeutiques et ses vertus au profit de la gorge et de la voix. En effet, il a une action \u00e9molliente et apaisante, soutient la fonctionnalit\u00e9 de la voix et contribue au bien-\u00eatre de la muqueuse oropharyng\u00e9e et des voies respiratoires sup\u00e9rieures. <\/li>\n<li>Le <strong>Ch\u00e2taignier (<\/strong><em>Castanea vesca Gaertn<\/em>.) contribue \u00e0 la fluidit\u00e9 des s\u00e9cr\u00e9tions bronchiques.<\/li>\n<li><strong>Le thym sauvage<\/strong> (<em>Thymus serpyllum L.)<\/em> contribue \u00e0 la fluidit\u00e9 des s\u00e9cr\u00e9tions bronchiques et au bien-\u00eatre du nez et de la gorge.<\/li>\n<li><strong>L\u2019\u00e9chinac\u00e9e<\/strong> (<em>Echinacea angustifolia<\/em>) soutient les d\u00e9fenses naturelles de l\u2019organisme et la fonctionnalit\u00e9 des voies respiratoires sup\u00e9rieures.<\/li>\n<li>Le <strong>tilleul<\/strong> (<em>Tilia tomentosa Moench.)<\/em> favorise la fonctionnalit\u00e9 des muqueuses des voies respiratoires et le bien-\u00eatre du nez et de la gorge et favorise la relaxation.<\/li>\n<\/ul>\n<h3>INFORMATIONS TECHNIQUES SUR LE PRODUIT<\/h3>\n<ul>\n<li><strong>INGR\u00c9DIENTS :<\/strong> Fructose, Eau, Extrait fluide de Moutarde des Pr\u00e9s (<em>Sisymbrium officinale<\/em>) (5%), Extrait fluide de Thym sauvage (<em>Thymus serpillum<\/em>) (3%), Extrait fluide de Gu\u00eape du Ch\u00e2taignier (<em>Castanea vesca<\/em>) (3%), Extrait fluide de Tilleul (<em>Tilia<\/em>) (3%), Extrait fluide d\u2019Echinac\u00e9e (<em>Echinacea angustifolia<\/em>) (3%), Aromatisation : Menthol (0,1%).<\/li>\n<li><strong>CONDITIONNEMENT : Bo\u00eete<\/strong> contenant flacon de 200 ml + tasse doseuse<\/li>\n<li><strong>FORME PHARMACEUTIQUE :<\/strong> Sirop.<\/li>\n<li><strong>MODE D\u2019EMPLOI&nbsp;:<\/strong> Enfants\/adolescents&nbsp;: (3-12 ans)&nbsp;: une mesure de 2,5 ml 4 fois par jour.<br \/>\nAdultes : 1 mesure de 5 ml, 4 fois par jour.<\/li>\n<li><strong>ALLERG\u00c8NES :<\/strong> Non pr\u00e9sent (Promin ne garantit pas l\u2019absence d\u2019une \u00e9ventuelle contamination crois\u00e9e tout au long de la cha\u00eene de production)<\/li>\n<li><strong>CODE CODIFA<\/strong> : 904371186 (Indiquez \u00e0 votre pharmacien le code codifa afin de ne pas avoir de probl\u00e8mes pour trouver le produit)<\/li>\n<\/ul>\n<p>Avertissements : Ne d\u00e9passez pas la dose quotidienne recommand\u00e9e. Tenir hors de port\u00e9e des enfants de moins de 3 ans. Les suppl\u00e9ments ne sont pas destin\u00e9s \u00e0 se substituer \u00e0 une alimentation vari\u00e9e et \u00e9quilibr\u00e9e et \u00e0 un mode de vie sain.  <\/p>\n<h3>D\u00e9couvrez les autres produits de la gamme Hedge Mustard :<\/h3>\n<ul>\n<li><a href=\"https:\/\/www.promin.it\/prodotto\/coro-erisimo-zero\/\">Chorus Haie Moutarde Z\u00e9ro<\/a><\/li>\n<li><a href=\"http:\/\/www.promin.it\/prodotto\/coro-erisimo-compresse\/\">Chorus Hedge Moutarde Comprim\u00e9s<\/a><\/li>\n<li><a href=\"http:\/\/www.promin.it\/prodotto\/coro-erisimo-spray\/\">Chorus Hedge Spray Moutarde<\/a><\/li>\n<li><a href=\"http:\/\/www.promin.it\/prodotto\/corotuss\/\">Corotuss<\/a><\/li>\n<\/ul>\n","protected":false},"excerpt":{"rendered":"<p>&nbsp;<\/p>\n<p style=\"text-align: center;\">Le sirop 100% naturel \u00e0 base de moutarde des haies, de ch\u00e2taigne Vesca, de thym sauvage, d\u2019\u00e9chinac\u00e9e et de tilleul pour favoriser la <strong>fonction fluidifiante et expectorante<\/strong> naturelle.<\/p>\n","protected":false},"featured_media":20280,"template":"","meta":{"_acf_changed":false,"jetpack_post_was_ever_published":false,"jetpack_publicize_message":"","jetpack_publicize_feature_enabled":true,"jetpack_social_post_already_shared":true,"jetpack_social_options":{"image_generator_settings":{"template":"highway","enabled":false},"version":2}},"product_cat":[707,688,684,692,712,711,710,632],"product_tag":[],"class_list":{"0":"post-19386","1":"product","2":"type-product","3":"status-publish","4":"has-post-thumbnail","6":"product_cat-echinacea-fr","7":"product_cat-ligne-de-moutarde-de-haie","8":"product_cat-lignes-promin","9":"product_cat-moutarde-des-haies","10":"product_cat-serpolet","11":"product_cat-tilleul","12":"product_cat-vesca-chataigne","13":"product_cat-systeme-vocal-respiratoire","15":"first","16":"instock","17":"taxable","18":"shipping-taxable","19":"purchasable","20":"product-type-simple"},"jetpack_publicize_connections":[],"acf":[],"yoast_head":"<!-- This site is optimized with the Yoast SEO plugin v23.4 - https:\/\/yoast.com\/wordpress\/plugins\/seo\/ -->\n<title>Sirop de corotuss - Promin - Produits de M\u00e9decine Int\u00e9gr\u00e9e<\/title>\n<meta name=\"description\" content=\"Corotuss - Le sirop 100% naturel \u00e0 base de moutarde des haies, de ch\u00e2taigne Vesca, de thym sauvage, d\u2019\u00e9chinac\u00e9e et de tilleul pour favoriser la fonction fluidifiante et expectorante naturelle.\" \/>\n<meta name=\"robots\" content=\"index, follow, max-snippet:-1, max-image-preview:large, max-video-preview:-1\" \/>\n<link rel=\"canonical\" href=\"https:\/\/www.promin.it\/fr\/prodotto\/corotuss\/\" \/>\n<meta property=\"og:locale\" content=\"fr_FR\" \/>\n<meta property=\"og:type\" content=\"article\" \/>\n<meta property=\"og:title\" content=\"Sirop de corotuss - Promin - Produits de M\u00e9decine Int\u00e9gr\u00e9e\" \/>\n<meta property=\"og:description\" content=\"Corotuss - Le sirop 100% naturel \u00e0 base de moutarde des haies, de ch\u00e2taigne Vesca, de thym sauvage, d\u2019\u00e9chinac\u00e9e et de tilleul pour favoriser la fonction fluidifiante et expectorante naturelle.\" \/>\n<meta property=\"og:url\" content=\"https:\/\/www.promin.it\/fr\/prodotto\/corotuss\/\" \/>\n<meta property=\"og:site_name\" content=\"Promin\" \/>\n<meta property=\"article:publisher\" content=\"https:\/\/www.facebook.com\/prominmed\" \/>\n<meta property=\"article:modified_time\" content=\"2024-11-11T11:12:45+00:00\" \/>\n<meta property=\"og:image\" content=\"https:\/\/www.promin.it\/wp-content\/uploads\/2024\/10\/corotuss-erisimo-castagna-vesca-timo-serpillo.jpg\" \/>\n\t<meta property=\"og:image:width\" content=\"600\" \/>\n\t<meta property=\"og:image:height\" content=\"600\" \/>\n\t<meta property=\"og:image:type\" content=\"image\/jpeg\" \/>\n<meta name=\"twitter:card\" content=\"summary_large_image\" \/>\n<script type=\"application\/ld+json\" class=\"yoast-schema-graph\">{\"@context\":\"https:\/\/schema.org\",\"@graph\":[{\"@type\":\"WebPage\",\"@id\":\"https:\/\/www.promin.it\/fr\/prodotto\/corotuss\/\",\"url\":\"https:\/\/www.promin.it\/fr\/prodotto\/corotuss\/\",\"name\":\"Sirop de corotuss - Promin - Produits de M\u00e9decine Int\u00e9gr\u00e9e\",\"isPartOf\":{\"@id\":\"https:\/\/www.promin.it\/#website\"},\"primaryImageOfPage\":{\"@id\":\"https:\/\/www.promin.it\/fr\/prodotto\/corotuss\/#primaryimage\"},\"image\":{\"@id\":\"https:\/\/www.promin.it\/fr\/prodotto\/corotuss\/#primaryimage\"},\"thumbnailUrl\":\"https:\/\/www.promin.it\/wp-content\/uploads\/2017\/12\/corotuss-erisimo-castagna-vesca-timo-serpillo.webp\",\"datePublished\":\"2017-12-26T15:45:33+00:00\",\"dateModified\":\"2024-11-11T11:12:45+00:00\",\"description\":\"Corotuss - Le sirop 100% naturel \u00e0 base de moutarde des haies, de ch\u00e2taigne Vesca, de thym sauvage, d\u2019\u00e9chinac\u00e9e et de tilleul pour favoriser la fonction fluidifiante et expectorante naturelle.\",\"breadcrumb\":{\"@id\":\"https:\/\/www.promin.it\/fr\/prodotto\/corotuss\/#breadcrumb\"},\"inLanguage\":\"fr-FR\",\"potentialAction\":[{\"@type\":\"ReadAction\",\"target\":[\"https:\/\/www.promin.it\/fr\/prodotto\/corotuss\/\"]}]},{\"@type\":\"ImageObject\",\"inLanguage\":\"fr-FR\",\"@id\":\"https:\/\/www.promin.it\/fr\/prodotto\/corotuss\/#primaryimage\",\"url\":\"https:\/\/www.promin.it\/wp-content\/uploads\/2017\/12\/corotuss-erisimo-castagna-vesca-timo-serpillo.webp\",\"contentUrl\":\"https:\/\/www.promin.it\/wp-content\/uploads\/2017\/12\/corotuss-erisimo-castagna-vesca-timo-serpillo.webp\",\"width\":600,\"height\":600},{\"@type\":\"BreadcrumbList\",\"@id\":\"https:\/\/www.promin.it\/fr\/prodotto\/corotuss\/#breadcrumb\",\"itemListElement\":[{\"@type\":\"ListItem\",\"position\":1,\"name\":\"Accueil\",\"item\":\"https:\/\/www.promin.it\/fr\/\"},{\"@type\":\"ListItem\",\"position\":2,\"name\":\"Boutique\",\"item\":\"https:\/\/www.promin.it\/fr\/boutique\/\"},{\"@type\":\"ListItem\",\"position\":3,\"name\":\"Corotuss\"}]},{\"@type\":\"WebSite\",\"@id\":\"https:\/\/www.promin.it\/#website\",\"url\":\"https:\/\/www.promin.it\/\",\"name\":\"Promin\",\"description\":\"Prodotti Medicina Integrata\",\"publisher\":{\"@id\":\"https:\/\/www.promin.it\/#organization\"},\"potentialAction\":[{\"@type\":\"SearchAction\",\"target\":{\"@type\":\"EntryPoint\",\"urlTemplate\":\"https:\/\/www.promin.it\/?s={search_term_string}\"},\"query-input\":{\"@type\":\"PropertyValueSpecification\",\"valueRequired\":true,\"valueName\":\"search_term_string\"}}],\"inLanguage\":\"fr-FR\"},{\"@type\":\"Organization\",\"@id\":\"https:\/\/www.promin.it\/#organization\",\"name\":\"Promin Srl\",\"alternateName\":\"Promin - Prodotti Medicina Integrata\",\"url\":\"https:\/\/www.promin.it\/\",\"logo\":{\"@type\":\"ImageObject\",\"inLanguage\":\"fr-FR\",\"@id\":\"https:\/\/www.promin.it\/#\/schema\/logo\/image\/\",\"url\":\"https:\/\/www.promin.it\/wp-content\/uploads\/2024\/11\/logo-promin-seo.jpg\",\"contentUrl\":\"https:\/\/www.promin.it\/wp-content\/uploads\/2024\/11\/logo-promin-seo.jpg\",\"width\":512,\"height\":512,\"caption\":\"Promin Srl\"},\"image\":{\"@id\":\"https:\/\/www.promin.it\/#\/schema\/logo\/image\/\"},\"sameAs\":[\"https:\/\/www.facebook.com\/prominmed\",\"https:\/\/www.instagram.com\/promin_medicina_integrata\/\",\"https:\/\/www.linkedin.com\/company\/promin-prodotti-medicina-integrata\/\"]}]}<\/script>\n<!-- \/ Yoast SEO plugin. -->","yoast_head_json":{"title":"Sirop de corotuss - Promin - Produits de M\u00e9decine Int\u00e9gr\u00e9e","description":"Corotuss - Le sirop 100% naturel \u00e0 base de moutarde des haies, de ch\u00e2taigne Vesca, de thym sauvage, d\u2019\u00e9chinac\u00e9e et de tilleul pour favoriser la fonction fluidifiante et expectorante naturelle.","robots":{"index":"index","follow":"follow","max-snippet":"max-snippet:-1","max-image-preview":"max-image-preview:large","max-video-preview":"max-video-preview:-1"},"canonical":"https:\/\/www.promin.it\/fr\/prodotto\/corotuss\/","og_locale":"fr_FR","og_type":"article","og_title":"Sirop de corotuss - Promin - Produits de M\u00e9decine Int\u00e9gr\u00e9e","og_description":"Corotuss - Le sirop 100% naturel \u00e0 base de moutarde des haies, de ch\u00e2taigne Vesca, de thym sauvage, d\u2019\u00e9chinac\u00e9e et de tilleul pour favoriser la fonction fluidifiante et expectorante naturelle.","og_url":"https:\/\/www.promin.it\/fr\/prodotto\/corotuss\/","og_site_name":"Promin","article_publisher":"https:\/\/www.facebook.com\/prominmed","article_modified_time":"2024-11-11T11:12:45+00:00","og_image":[{"width":600,"height":600,"url":"https:\/\/www.promin.it\/wp-content\/uploads\/2024\/10\/corotuss-erisimo-castagna-vesca-timo-serpillo.jpg","type":"image\/jpeg"}],"twitter_card":"summary_large_image","schema":{"@context":"https:\/\/schema.org","@graph":[{"@type":"WebPage","@id":"https:\/\/www.promin.it\/fr\/prodotto\/corotuss\/","url":"https:\/\/www.promin.it\/fr\/prodotto\/corotuss\/","name":"Sirop de corotuss - Promin - Produits de M\u00e9decine Int\u00e9gr\u00e9e","isPartOf":{"@id":"https:\/\/www.promin.it\/#website"},"primaryImageOfPage":{"@id":"https:\/\/www.promin.it\/fr\/prodotto\/corotuss\/#primaryimage"},"image":{"@id":"https:\/\/www.promin.it\/fr\/prodotto\/corotuss\/#primaryimage"},"thumbnailUrl":"https:\/\/www.promin.it\/wp-content\/uploads\/2017\/12\/corotuss-erisimo-castagna-vesca-timo-serpillo.webp","datePublished":"2017-12-26T15:45:33+00:00","dateModified":"2024-11-11T11:12:45+00:00","description":"Corotuss - Le sirop 100% naturel \u00e0 base de moutarde des haies, de ch\u00e2taigne Vesca, de thym sauvage, d\u2019\u00e9chinac\u00e9e et de tilleul pour favoriser la fonction fluidifiante et expectorante naturelle.","breadcrumb":{"@id":"https:\/\/www.promin.it\/fr\/prodotto\/corotuss\/#breadcrumb"},"inLanguage":"fr-FR","potentialAction":[{"@type":"ReadAction","target":["https:\/\/www.promin.it\/fr\/prodotto\/corotuss\/"]}]},{"@type":"ImageObject","inLanguage":"fr-FR","@id":"https:\/\/www.promin.it\/fr\/prodotto\/corotuss\/#primaryimage","url":"https:\/\/www.promin.it\/wp-content\/uploads\/2017\/12\/corotuss-erisimo-castagna-vesca-timo-serpillo.webp","contentUrl":"https:\/\/www.promin.it\/wp-content\/uploads\/2017\/12\/corotuss-erisimo-castagna-vesca-timo-serpillo.webp","width":600,"height":600},{"@type":"BreadcrumbList","@id":"https:\/\/www.promin.it\/fr\/prodotto\/corotuss\/#breadcrumb","itemListElement":[{"@type":"ListItem","position":1,"name":"Accueil","item":"https:\/\/www.promin.it\/fr\/"},{"@type":"ListItem","position":2,"name":"Boutique","item":"https:\/\/www.promin.it\/fr\/boutique\/"},{"@type":"ListItem","position":3,"name":"Corotuss"}]},{"@type":"WebSite","@id":"https:\/\/www.promin.it\/#website","url":"https:\/\/www.promin.it\/","name":"Promin","description":"Prodotti Medicina Integrata","publisher":{"@id":"https:\/\/www.promin.it\/#organization"},"potentialAction":[{"@type":"SearchAction","target":{"@type":"EntryPoint","urlTemplate":"https:\/\/www.promin.it\/?s={search_term_string}"},"query-input":{"@type":"PropertyValueSpecification","valueRequired":true,"valueName":"search_term_string"}}],"inLanguage":"fr-FR"},{"@type":"Organization","@id":"https:\/\/www.promin.it\/#organization","name":"Promin Srl","alternateName":"Promin - Prodotti Medicina Integrata","url":"https:\/\/www.promin.it\/","logo":{"@type":"ImageObject","inLanguage":"fr-FR","@id":"https:\/\/www.promin.it\/#\/schema\/logo\/image\/","url":"https:\/\/www.promin.it\/wp-content\/uploads\/2024\/11\/logo-promin-seo.jpg","contentUrl":"https:\/\/www.promin.it\/wp-content\/uploads\/2024\/11\/logo-promin-seo.jpg","width":512,"height":512,"caption":"Promin Srl"},"image":{"@id":"https:\/\/www.promin.it\/#\/schema\/logo\/image\/"},"sameAs":["https:\/\/www.facebook.com\/prominmed","https:\/\/www.instagram.com\/promin_medicina_integrata\/","https:\/\/www.linkedin.com\/company\/promin-prodotti-medicina-integrata\/"]}]}},"jetpack_sharing_enabled":true,"_links":{"self":[{"href":"https:\/\/www.promin.it\/fr\/wp-json\/wp\/v2\/product\/19386"}],"collection":[{"href":"https:\/\/www.promin.it\/fr\/wp-json\/wp\/v2\/product"}],"about":[{"href":"https:\/\/www.promin.it\/fr\/wp-json\/wp\/v2\/types\/product"}],"wp:featuredmedia":[{"embeddable":true,"href":"https:\/\/www.promin.it\/fr\/wp-json\/wp\/v2\/media\/20280"}],"wp:attachment":[{"href":"https:\/\/www.promin.it\/fr\/wp-json\/wp\/v2\/media?parent=19386"}],"wp:term":[{"taxonomy":"product_cat","embeddable":true,"href":"https:\/\/www.promin.it\/fr\/wp-json\/wp\/v2\/product_cat?post=19386"},{"taxonomy":"product_tag","embeddable":true,"href":"https:\/\/www.promin.it\/fr\/wp-json\/wp\/v2\/product_tag?post=19386"}],"curies":[{"name":"wp","href":"https:\/\/api.w.org\/{rel}","templated":true}]}}