{"id":19387,"date":"2018-01-01T16:19:23","date_gmt":"2018-01-01T15:19:23","guid":{"rendered":"https:\/\/www.promin.it\/?post_type=product&#038;p=19387"},"modified":"2024-11-11T12:12:45","modified_gmt":"2024-11-11T11:12:45","slug":"chorus-moutarde-spray","status":"publish","type":"product","link":"https:\/\/www.promin.it\/fr\/prodotto\/chorus-moutarde-spray\/","title":{"rendered":"Chorus Hedge Spray Moutarde"},"content":{"rendered":"<h3>Chorus Hedge Spray Moutarde<\/h3>\n<p>CORO ERISIMO SPRAY est un compl\u00e9ment alimentaire \u00e0 base d\u2019extraits en solution hydroalcoolique de Moutarde des Haies, de Thym et de Melaleuca, des principes actifs qui aident \u00e0 prot\u00e9ger le bien-\u00eatre des voies respiratoires sup\u00e9rieures et \u00e0 soutenir la voix.<\/p>\n<ul>\n<li><strong>La moutarde des haies <\/strong>(<em>Sisymbrium officinale scop<\/em>), ou \u00ab herbe des chanteurs \u00bb, est une plante utilis\u00e9e depuis l\u2019Antiquit\u00e9 pour ses propri\u00e9t\u00e9s th\u00e9rapeutiques et ses vertus au profit de la gorge et de la voix. En effet, il a une action \u00e9molliente et apaisante, soutient la fonctionnalit\u00e9 de la voix et contribue au bien-\u00eatre de la muqueuse oropharyng\u00e9e et des voies respiratoires sup\u00e9rieures <\/li>\n<li><strong>Le thym sauvage<\/strong> (<em>Thymus serpyllum L.)<\/em> contribue \u00e0 la fluidit\u00e9 des s\u00e9cr\u00e9tions bronchiques et favorise le bien-\u00eatre du nez et de la gorge<\/li>\n<li><strong>Melaleuca<\/strong> (<em>Melaleuca alternifolia SM.)<\/em> soutient la fonction des voies respiratoires sup\u00e9rieures<\/li>\n<\/ul>\n<h3>INFORMATIONS TECHNIQUES SUR LE PRODUIT<\/h3>\n<ul>\n<li><strong>INGR\u00c9DIENTS :<\/strong> Extrait de moutarde des champs, extrait de thym sauvage, Melaleuca, ar\u00f4mes naturels, en solution hydroalcoolique<\/li>\n<li><strong>EMBALLAGE&nbsp;: Bo\u00eete<\/strong> contenant un flacon de 20 ml avec n\u00e9buliseur<\/li>\n<li><strong>FORME PHARMACEUTIQUE :<\/strong> Solution hydroalcoolique orale.<\/li>\n<li><strong>MODE D\u2019EMPLOI&nbsp;:<\/strong> 1 \u2013 2 pulv\u00e9risations 3 \u00e0 4 fois par jour, au besoin.<\/li>\n<li><strong>ALLERG\u00c8NES :<\/strong> Non pr\u00e9sent (Promin ne garantit pas l\u2019absence d\u2019une \u00e9ventuelle contamination crois\u00e9e tout au long de la cha\u00eene de production)<\/li>\n<li><strong>CODE CODIFA :<\/strong> 902262373 (Indiquez \u00e0 votre pharmacien le code codifa afin de ne pas avoir de probl\u00e8mes pour trouver le produit)<\/li>\n<\/ul>\n<p>Avertissements : Ne d\u00e9passez pas la dose quotidienne recommand\u00e9e. Tenir hors de port\u00e9e des enfants de moins de 3 ans. Les suppl\u00e9ments ne sont pas destin\u00e9s \u00e0 se substituer \u00e0 une alimentation vari\u00e9e et \u00e9quilibr\u00e9e et \u00e0 un mode de vie sain.  <\/p>\n<h3>D\u00e9couvrez les autres produits de la gamme Hedge Mustard :<\/h3>\n<ul>\n<li><a href=\"https:\/\/www.promin.it\/prodotto\/coro-erisimo-zero\/\">Chorus Haie Moutarde Z\u00e9ro<\/a><\/li>\n<li><a href=\"http:\/\/www.promin.it\/prodotto\/coro-erisimo-compresse\/\">Chorus Hedge Moutarde Comprim\u00e9s<\/a><\/li>\n<li><a href=\"http:\/\/www.promin.it\/prodotto\/coro-erisimo-spray\/\">Chorus Hedge Spray Moutarde<\/a><\/li>\n<li><a href=\"http:\/\/www.promin.it\/prodotto\/corotuss\/\">Corotuss<\/a><\/li>\n<\/ul>\n","protected":false},"excerpt":{"rendered":"<p>&nbsp;<\/p>\n<p style=\"text-align: center;\">Spray oral \u00e0 base d\u2019extrait alcoolique de moutarde des haies au thym sauvage et \u00e0 la m\u00e9laleuca. Les composants de Coro Erisimo Spray sont utiles <strong>pour la voix et le bien-\u00eatre de la gorge<\/strong>. <\/p>\n","protected":false},"featured_media":19084,"template":"","meta":{"_acf_changed":false,"jetpack_post_was_ever_published":false,"jetpack_publicize_message":"","jetpack_publicize_feature_enabled":true,"jetpack_social_post_already_shared":true,"jetpack_social_options":{"image_generator_settings":{"template":"highway","enabled":false},"version":2}},"product_cat":[688,684,713,692,712,632],"product_tag":[],"class_list":{"0":"post-19387","1":"product","2":"type-product","3":"status-publish","4":"has-post-thumbnail","6":"product_cat-ligne-de-moutarde-de-haie","7":"product_cat-lignes-promin","8":"product_cat-melaleuca-fr","9":"product_cat-moutarde-des-haies","10":"product_cat-serpolet","11":"product_cat-systeme-vocal-respiratoire","13":"first","14":"instock","15":"taxable","16":"shipping-taxable","17":"purchasable","18":"product-type-simple"},"jetpack_publicize_connections":[],"acf":[],"yoast_head":"<!-- This site is optimized with the Yoast SEO plugin v23.4 - https:\/\/yoast.com\/wordpress\/plugins\/seo\/ -->\n<title>Coro Erisimo Spray - Spray oral \u00e0 base de Moutarde des Haies - Promin<\/title>\n<meta name=\"description\" content=\"Spray oral \u00e0 base de moutarde des haies, de thym sauvage et de Melaleuca. Les composants de Coro Erisimo Spray sont utiles pour la voix et le bien-\u00eatre de la gorge...\" \/>\n<meta name=\"robots\" content=\"index, follow, max-snippet:-1, max-image-preview:large, max-video-preview:-1\" \/>\n<link rel=\"canonical\" href=\"https:\/\/www.promin.it\/fr\/prodotto\/chorus-moutarde-spray\/\" \/>\n<meta property=\"og:locale\" content=\"fr_FR\" \/>\n<meta property=\"og:type\" content=\"article\" \/>\n<meta property=\"og:title\" content=\"Coro Erisimo Spray - Spray oral \u00e0 base de Moutarde des Haies - Promin\" \/>\n<meta property=\"og:description\" content=\"Spray oral \u00e0 base de moutarde des haies, de thym sauvage et de Melaleuca. Les composants de Coro Erisimo Spray sont utiles pour la voix et le bien-\u00eatre de la gorge...\" \/>\n<meta property=\"og:url\" content=\"https:\/\/www.promin.it\/fr\/prodotto\/chorus-moutarde-spray\/\" \/>\n<meta property=\"og:site_name\" content=\"Promin\" \/>\n<meta property=\"article:publisher\" content=\"https:\/\/www.facebook.com\/prominmed\" \/>\n<meta property=\"article:modified_time\" content=\"2024-11-11T11:12:45+00:00\" \/>\n<meta property=\"og:image\" content=\"https:\/\/www.promin.it\/wp-content\/uploads\/2024\/10\/coro-erisimo-spray-erisimo-timo-serpillo-melaleuca.jpg\" \/>\n\t<meta property=\"og:image:width\" content=\"600\" \/>\n\t<meta property=\"og:image:height\" content=\"600\" \/>\n\t<meta property=\"og:image:type\" content=\"image\/jpeg\" \/>\n<meta name=\"twitter:card\" content=\"summary_large_image\" \/>\n<script type=\"application\/ld+json\" class=\"yoast-schema-graph\">{\"@context\":\"https:\/\/schema.org\",\"@graph\":[{\"@type\":\"WebPage\",\"@id\":\"https:\/\/www.promin.it\/fr\/prodotto\/chorus-moutarde-spray\/\",\"url\":\"https:\/\/www.promin.it\/fr\/prodotto\/chorus-moutarde-spray\/\",\"name\":\"Coro Erisimo Spray - Spray oral \u00e0 base de Moutarde des Haies - Promin\",\"isPartOf\":{\"@id\":\"https:\/\/www.promin.it\/#website\"},\"primaryImageOfPage\":{\"@id\":\"https:\/\/www.promin.it\/fr\/prodotto\/chorus-moutarde-spray\/#primaryimage\"},\"image\":{\"@id\":\"https:\/\/www.promin.it\/fr\/prodotto\/chorus-moutarde-spray\/#primaryimage\"},\"thumbnailUrl\":\"https:\/\/www.promin.it\/wp-content\/uploads\/2024\/10\/coro-erisimo-spray-erisimo-timo-serpillo-melaleuca.jpg\",\"datePublished\":\"2018-01-01T15:19:23+00:00\",\"dateModified\":\"2024-11-11T11:12:45+00:00\",\"description\":\"Spray oral \u00e0 base de moutarde des haies, de thym sauvage et de Melaleuca. Les composants de Coro Erisimo Spray sont utiles pour la voix et le bien-\u00eatre de la gorge...\",\"breadcrumb\":{\"@id\":\"https:\/\/www.promin.it\/fr\/prodotto\/chorus-moutarde-spray\/#breadcrumb\"},\"inLanguage\":\"fr-FR\",\"potentialAction\":[{\"@type\":\"ReadAction\",\"target\":[\"https:\/\/www.promin.it\/fr\/prodotto\/chorus-moutarde-spray\/\"]}]},{\"@type\":\"ImageObject\",\"inLanguage\":\"fr-FR\",\"@id\":\"https:\/\/www.promin.it\/fr\/prodotto\/chorus-moutarde-spray\/#primaryimage\",\"url\":\"https:\/\/www.promin.it\/wp-content\/uploads\/2024\/10\/coro-erisimo-spray-erisimo-timo-serpillo-melaleuca.jpg\",\"contentUrl\":\"https:\/\/www.promin.it\/wp-content\/uploads\/2024\/10\/coro-erisimo-spray-erisimo-timo-serpillo-melaleuca.jpg\",\"width\":600,\"height\":600},{\"@type\":\"BreadcrumbList\",\"@id\":\"https:\/\/www.promin.it\/fr\/prodotto\/chorus-moutarde-spray\/#breadcrumb\",\"itemListElement\":[{\"@type\":\"ListItem\",\"position\":1,\"name\":\"Accueil\",\"item\":\"https:\/\/www.promin.it\/fr\/\"},{\"@type\":\"ListItem\",\"position\":2,\"name\":\"Boutique\",\"item\":\"https:\/\/www.promin.it\/fr\/boutique\/\"},{\"@type\":\"ListItem\",\"position\":3,\"name\":\"Chorus Hedge Spray Moutarde\"}]},{\"@type\":\"WebSite\",\"@id\":\"https:\/\/www.promin.it\/#website\",\"url\":\"https:\/\/www.promin.it\/\",\"name\":\"Promin\",\"description\":\"Prodotti Medicina Integrata\",\"publisher\":{\"@id\":\"https:\/\/www.promin.it\/#organization\"},\"potentialAction\":[{\"@type\":\"SearchAction\",\"target\":{\"@type\":\"EntryPoint\",\"urlTemplate\":\"https:\/\/www.promin.it\/?s={search_term_string}\"},\"query-input\":{\"@type\":\"PropertyValueSpecification\",\"valueRequired\":true,\"valueName\":\"search_term_string\"}}],\"inLanguage\":\"fr-FR\"},{\"@type\":\"Organization\",\"@id\":\"https:\/\/www.promin.it\/#organization\",\"name\":\"Promin Srl\",\"alternateName\":\"Promin - Prodotti Medicina Integrata\",\"url\":\"https:\/\/www.promin.it\/\",\"logo\":{\"@type\":\"ImageObject\",\"inLanguage\":\"fr-FR\",\"@id\":\"https:\/\/www.promin.it\/#\/schema\/logo\/image\/\",\"url\":\"https:\/\/www.promin.it\/wp-content\/uploads\/2024\/11\/logo-promin-seo.jpg\",\"contentUrl\":\"https:\/\/www.promin.it\/wp-content\/uploads\/2024\/11\/logo-promin-seo.jpg\",\"width\":512,\"height\":512,\"caption\":\"Promin Srl\"},\"image\":{\"@id\":\"https:\/\/www.promin.it\/#\/schema\/logo\/image\/\"},\"sameAs\":[\"https:\/\/www.facebook.com\/prominmed\",\"https:\/\/www.instagram.com\/promin_medicina_integrata\/\",\"https:\/\/www.linkedin.com\/company\/promin-prodotti-medicina-integrata\/\"]}]}<\/script>\n<!-- \/ Yoast SEO plugin. -->","yoast_head_json":{"title":"Coro Erisimo Spray - Spray oral \u00e0 base de Moutarde des Haies - Promin","description":"Spray oral \u00e0 base de moutarde des haies, de thym sauvage et de Melaleuca. Les composants de Coro Erisimo Spray sont utiles pour la voix et le bien-\u00eatre de la gorge...","robots":{"index":"index","follow":"follow","max-snippet":"max-snippet:-1","max-image-preview":"max-image-preview:large","max-video-preview":"max-video-preview:-1"},"canonical":"https:\/\/www.promin.it\/fr\/prodotto\/chorus-moutarde-spray\/","og_locale":"fr_FR","og_type":"article","og_title":"Coro Erisimo Spray - Spray oral \u00e0 base de Moutarde des Haies - Promin","og_description":"Spray oral \u00e0 base de moutarde des haies, de thym sauvage et de Melaleuca. Les composants de Coro Erisimo Spray sont utiles pour la voix et le bien-\u00eatre de la gorge...","og_url":"https:\/\/www.promin.it\/fr\/prodotto\/chorus-moutarde-spray\/","og_site_name":"Promin","article_publisher":"https:\/\/www.facebook.com\/prominmed","article_modified_time":"2024-11-11T11:12:45+00:00","og_image":[{"width":600,"height":600,"url":"https:\/\/www.promin.it\/wp-content\/uploads\/2024\/10\/coro-erisimo-spray-erisimo-timo-serpillo-melaleuca.jpg","type":"image\/jpeg"}],"twitter_card":"summary_large_image","schema":{"@context":"https:\/\/schema.org","@graph":[{"@type":"WebPage","@id":"https:\/\/www.promin.it\/fr\/prodotto\/chorus-moutarde-spray\/","url":"https:\/\/www.promin.it\/fr\/prodotto\/chorus-moutarde-spray\/","name":"Coro Erisimo Spray - Spray oral \u00e0 base de Moutarde des Haies - Promin","isPartOf":{"@id":"https:\/\/www.promin.it\/#website"},"primaryImageOfPage":{"@id":"https:\/\/www.promin.it\/fr\/prodotto\/chorus-moutarde-spray\/#primaryimage"},"image":{"@id":"https:\/\/www.promin.it\/fr\/prodotto\/chorus-moutarde-spray\/#primaryimage"},"thumbnailUrl":"https:\/\/www.promin.it\/wp-content\/uploads\/2024\/10\/coro-erisimo-spray-erisimo-timo-serpillo-melaleuca.jpg","datePublished":"2018-01-01T15:19:23+00:00","dateModified":"2024-11-11T11:12:45+00:00","description":"Spray oral \u00e0 base de moutarde des haies, de thym sauvage et de Melaleuca. Les composants de Coro Erisimo Spray sont utiles pour la voix et le bien-\u00eatre de la gorge...","breadcrumb":{"@id":"https:\/\/www.promin.it\/fr\/prodotto\/chorus-moutarde-spray\/#breadcrumb"},"inLanguage":"fr-FR","potentialAction":[{"@type":"ReadAction","target":["https:\/\/www.promin.it\/fr\/prodotto\/chorus-moutarde-spray\/"]}]},{"@type":"ImageObject","inLanguage":"fr-FR","@id":"https:\/\/www.promin.it\/fr\/prodotto\/chorus-moutarde-spray\/#primaryimage","url":"https:\/\/www.promin.it\/wp-content\/uploads\/2024\/10\/coro-erisimo-spray-erisimo-timo-serpillo-melaleuca.jpg","contentUrl":"https:\/\/www.promin.it\/wp-content\/uploads\/2024\/10\/coro-erisimo-spray-erisimo-timo-serpillo-melaleuca.jpg","width":600,"height":600},{"@type":"BreadcrumbList","@id":"https:\/\/www.promin.it\/fr\/prodotto\/chorus-moutarde-spray\/#breadcrumb","itemListElement":[{"@type":"ListItem","position":1,"name":"Accueil","item":"https:\/\/www.promin.it\/fr\/"},{"@type":"ListItem","position":2,"name":"Boutique","item":"https:\/\/www.promin.it\/fr\/boutique\/"},{"@type":"ListItem","position":3,"name":"Chorus Hedge Spray Moutarde"}]},{"@type":"WebSite","@id":"https:\/\/www.promin.it\/#website","url":"https:\/\/www.promin.it\/","name":"Promin","description":"Prodotti Medicina Integrata","publisher":{"@id":"https:\/\/www.promin.it\/#organization"},"potentialAction":[{"@type":"SearchAction","target":{"@type":"EntryPoint","urlTemplate":"https:\/\/www.promin.it\/?s={search_term_string}"},"query-input":{"@type":"PropertyValueSpecification","valueRequired":true,"valueName":"search_term_string"}}],"inLanguage":"fr-FR"},{"@type":"Organization","@id":"https:\/\/www.promin.it\/#organization","name":"Promin Srl","alternateName":"Promin - Prodotti Medicina Integrata","url":"https:\/\/www.promin.it\/","logo":{"@type":"ImageObject","inLanguage":"fr-FR","@id":"https:\/\/www.promin.it\/#\/schema\/logo\/image\/","url":"https:\/\/www.promin.it\/wp-content\/uploads\/2024\/11\/logo-promin-seo.jpg","contentUrl":"https:\/\/www.promin.it\/wp-content\/uploads\/2024\/11\/logo-promin-seo.jpg","width":512,"height":512,"caption":"Promin Srl"},"image":{"@id":"https:\/\/www.promin.it\/#\/schema\/logo\/image\/"},"sameAs":["https:\/\/www.facebook.com\/prominmed","https:\/\/www.instagram.com\/promin_medicina_integrata\/","https:\/\/www.linkedin.com\/company\/promin-prodotti-medicina-integrata\/"]}]}},"jetpack_sharing_enabled":true,"_links":{"self":[{"href":"https:\/\/www.promin.it\/fr\/wp-json\/wp\/v2\/product\/19387"}],"collection":[{"href":"https:\/\/www.promin.it\/fr\/wp-json\/wp\/v2\/product"}],"about":[{"href":"https:\/\/www.promin.it\/fr\/wp-json\/wp\/v2\/types\/product"}],"wp:featuredmedia":[{"embeddable":true,"href":"https:\/\/www.promin.it\/fr\/wp-json\/wp\/v2\/media\/19084"}],"wp:attachment":[{"href":"https:\/\/www.promin.it\/fr\/wp-json\/wp\/v2\/media?parent=19387"}],"wp:term":[{"taxonomy":"product_cat","embeddable":true,"href":"https:\/\/www.promin.it\/fr\/wp-json\/wp\/v2\/product_cat?post=19387"},{"taxonomy":"product_tag","embeddable":true,"href":"https:\/\/www.promin.it\/fr\/wp-json\/wp\/v2\/product_tag?post=19387"}],"curies":[{"name":"wp","href":"https:\/\/api.w.org\/{rel}","templated":true}]}}