{"id":19388,"date":"2017-12-14T12:05:09","date_gmt":"2017-12-14T11:05:09","guid":{"rendered":"https:\/\/www.promin.it\/?post_type=product&#038;p=19388"},"modified":"2024-11-11T12:12:45","modified_gmt":"2024-11-11T11:12:45","slug":"phyto-gastrolene","status":"publish","type":"product","link":"https:\/\/www.promin.it\/fr\/prodotto\/phyto-gastrolene\/","title":{"rendered":"Phyto-Gastrol\u00e8ne"},"content":{"rendered":"<p>FITO-GASTROLENE est un compl\u00e9ment alimentaire \u00e0 base de vitamines E et A avec des extraits v\u00e9g\u00e9taux de Brassica oleracea, de charbon v\u00e9g\u00e9tal et d\u2019inuline, des principes actifs qui soutiennent la fonction digestive et le bien-\u00eatre de la membrane gastro-intestinale et contribuent \u00e0 la r\u00e9gularit\u00e9 du transit.<\/p>\n<ul>\n<li><strong>Brassica oleracea<\/strong> (chou de Savoie) a une action \u00e9molliente et apaisante sur le syst\u00e8me digestif. Il contribue au bien-\u00eatre et au trophisme des muqueuses. Il a une action purifiante sur l\u2019organisme et contribue \u00e0 la r\u00e9gularit\u00e9 du tractus gastro-intestinal. Il a \u00e9galement une action antioxydante.   <\/li>\n<li><strong>Le charbon de bois<\/strong> soutient la fonctionnalit\u00e9 du syst\u00e8me digestif, contribuant \u00e9galement \u00e0 la r\u00e9gularit\u00e9 intestinale.<\/li>\n<li><strong>La vitamine A<\/strong> aide \u00e0 maintenir des membranes et des muqueuses normales.<\/li>\n<li><strong>La vitamine E<\/strong> favorise la protection des cellules contre le stress oxydatif.<\/li>\n<li><strong>L\u2019inuline<\/strong>, une fibre alimentaire \u00e0 action pr\u00e9biotique, compl\u00e8te la formulation.<\/li>\n<\/ul>\n<h3>INFORMATIONS TECHNIQUES SUR LE PRODUIT<\/h3>\n<ul>\n<li><strong>INGR\u00c9DIENTS :<\/strong> <em>Brassica oleracea L.<\/em> (feuilles)&nbsp;; <em>Carbo vegetalis<\/em> (poudre) ; HPMC (capsule v\u00e9g\u00e9tale) ; Inuline; Anti-agglom\u00e9rants : Cellulose microcristalline, St\u00e9arate de magn\u00e9sium, Amidon de riz ; Vitamine e; Vitamine A<\/li>\n<li><strong>CONDITIONNEMENT : Bo\u00eete<\/strong> avec flacon de 50 g\u00e9lules v\u00e9g\u00e9tales<\/li>\n<li><strong>FORME PHARMACEUTIQUE :<\/strong> G\u00e9lules v\u00e9g\u00e9tales<\/li>\n<li><strong>MODE D\u2019EMPLOI :<\/strong> 2 g\u00e9lules par jour (1+1) entre les repas principaux (milieu de matin\u00e9e et milieu d\u2019apr\u00e8s-midi)<\/li>\n<li><strong>ALLERG\u00c8NES :<\/strong> Non pr\u00e9sent (Promin ne garantit pas l\u2019absence d\u2019une \u00e9ventuelle contamination crois\u00e9e tout au long de la cha\u00eene de production)<\/li>\n<li><strong>CODE CODIFA :<\/strong> 906986411 (Indiquez \u00e0 votre pharmacien le code codifa afin de ne pas avoir de probl\u00e8mes pour trouver le produit)<\/li>\n<\/ul>\n<p>Avertissements : Ne d\u00e9passez pas la dose quotidienne recommand\u00e9e. Tenir hors de port\u00e9e des enfants de moins de 3 ans. Les suppl\u00e9ments ne sont pas destin\u00e9s \u00e0 se substituer \u00e0 une alimentation vari\u00e9e et \u00e9quilibr\u00e9e et \u00e0 un mode de vie sain.<\/p>\n","protected":false},"excerpt":{"rendered":"<p style=\"text-align: center;\">Suppl\u00e9ment de vitamines A et E avec Brassica oleracea, charbon v\u00e9g\u00e9tal et inuline, utiles pour le <strong>bien-\u00eatre de la muqueuse gastro-duod\u00e9nale<\/strong>.<\/p>\n","protected":false},"featured_media":19089,"template":"","meta":{"_acf_changed":false,"jetpack_post_was_ever_published":false,"jetpack_publicize_message":"","jetpack_publicize_feature_enabled":true,"jetpack_social_post_already_shared":true,"jetpack_social_options":{"image_generator_settings":{"template":"highway","enabled":false},"version":2}},"product_cat":[714,715,656,684,716,683,626],"product_tag":[],"class_list":{"0":"post-19388","1":"product","2":"type-product","3":"status-publish","4":"has-post-thumbnail","6":"product_cat-charbon","7":"product_cat-chou-de-savoie","8":"product_cat-digestion","9":"product_cat-lignes-promin","10":"product_cat-vitamine-a","11":"product_cat-vitamine-e","12":"product_cat-systeme-gastro-intestinal","14":"first","15":"instock","16":"taxable","17":"shipping-taxable","18":"purchasable","19":"product-type-simple"},"jetpack_publicize_connections":[],"acf":[],"yoast_head":"<!-- This site is optimized with the Yoast SEO plugin v23.4 - https:\/\/yoast.com\/wordpress\/plugins\/seo\/ -->\n<title>FITO-GASTROLENE - Brassica oleracea suppl\u00e9ment - Promin<\/title>\n<meta name=\"description\" content=\"Phyto-gastrol\u00e8ne - Compl\u00e9ment alimentaire de vitamines A et E \u00e0 base de Brassica oleracea, de charbon v\u00e9g\u00e9tal et d\u2019inuline, utile pour le bien-\u00eatre de la muqueuse gastro-duod\u00e9nale... D\u00e9couvrez tous les biens.\" \/>\n<meta name=\"robots\" content=\"index, follow, max-snippet:-1, max-image-preview:large, max-video-preview:-1\" \/>\n<link rel=\"canonical\" href=\"https:\/\/www.promin.it\/fr\/prodotto\/phyto-gastrolene\/\" \/>\n<meta property=\"og:locale\" content=\"fr_FR\" \/>\n<meta property=\"og:type\" content=\"article\" \/>\n<meta property=\"og:title\" content=\"FITO-GASTROLENE - Brassica oleracea suppl\u00e9ment - Promin\" \/>\n<meta property=\"og:description\" content=\"Phyto-gastrol\u00e8ne - Compl\u00e9ment alimentaire de vitamines A et E \u00e0 base de Brassica oleracea, de charbon v\u00e9g\u00e9tal et d\u2019inuline, utile pour le bien-\u00eatre de la muqueuse gastro-duod\u00e9nale... D\u00e9couvrez tous les biens.\" \/>\n<meta property=\"og:url\" content=\"https:\/\/www.promin.it\/fr\/prodotto\/phyto-gastrolene\/\" \/>\n<meta property=\"og:site_name\" content=\"Promin\" \/>\n<meta property=\"article:publisher\" content=\"https:\/\/www.facebook.com\/prominmed\" \/>\n<meta property=\"article:modified_time\" content=\"2024-11-11T11:12:45+00:00\" \/>\n<meta property=\"og:image\" content=\"https:\/\/www.promin.it\/wp-content\/uploads\/2024\/10\/fito-gastrolene-vitamina-a-e-brassica-oleracea.jpg\" \/>\n\t<meta property=\"og:image:width\" content=\"600\" \/>\n\t<meta property=\"og:image:height\" content=\"600\" \/>\n\t<meta property=\"og:image:type\" content=\"image\/jpeg\" \/>\n<meta name=\"twitter:card\" content=\"summary_large_image\" \/>\n<script type=\"application\/ld+json\" class=\"yoast-schema-graph\">{\"@context\":\"https:\/\/schema.org\",\"@graph\":[{\"@type\":\"WebPage\",\"@id\":\"https:\/\/www.promin.it\/fr\/prodotto\/phyto-gastrolene\/\",\"url\":\"https:\/\/www.promin.it\/fr\/prodotto\/phyto-gastrolene\/\",\"name\":\"FITO-GASTROLENE - Brassica oleracea suppl\u00e9ment - Promin\",\"isPartOf\":{\"@id\":\"https:\/\/www.promin.it\/#website\"},\"primaryImageOfPage\":{\"@id\":\"https:\/\/www.promin.it\/fr\/prodotto\/phyto-gastrolene\/#primaryimage\"},\"image\":{\"@id\":\"https:\/\/www.promin.it\/fr\/prodotto\/phyto-gastrolene\/#primaryimage\"},\"thumbnailUrl\":\"https:\/\/www.promin.it\/wp-content\/uploads\/2024\/10\/fito-gastrolene-vitamina-a-e-brassica-oleracea.jpg\",\"datePublished\":\"2017-12-14T11:05:09+00:00\",\"dateModified\":\"2024-11-11T11:12:45+00:00\",\"description\":\"Phyto-gastrol\u00e8ne - Compl\u00e9ment alimentaire de vitamines A et E \u00e0 base de Brassica oleracea, de charbon v\u00e9g\u00e9tal et d\u2019inuline, utile pour le bien-\u00eatre de la muqueuse gastro-duod\u00e9nale... D\u00e9couvrez tous les biens.\",\"breadcrumb\":{\"@id\":\"https:\/\/www.promin.it\/fr\/prodotto\/phyto-gastrolene\/#breadcrumb\"},\"inLanguage\":\"fr-FR\",\"potentialAction\":[{\"@type\":\"ReadAction\",\"target\":[\"https:\/\/www.promin.it\/fr\/prodotto\/phyto-gastrolene\/\"]}]},{\"@type\":\"ImageObject\",\"inLanguage\":\"fr-FR\",\"@id\":\"https:\/\/www.promin.it\/fr\/prodotto\/phyto-gastrolene\/#primaryimage\",\"url\":\"https:\/\/www.promin.it\/wp-content\/uploads\/2024\/10\/fito-gastrolene-vitamina-a-e-brassica-oleracea.jpg\",\"contentUrl\":\"https:\/\/www.promin.it\/wp-content\/uploads\/2024\/10\/fito-gastrolene-vitamina-a-e-brassica-oleracea.jpg\",\"width\":600,\"height\":600},{\"@type\":\"BreadcrumbList\",\"@id\":\"https:\/\/www.promin.it\/fr\/prodotto\/phyto-gastrolene\/#breadcrumb\",\"itemListElement\":[{\"@type\":\"ListItem\",\"position\":1,\"name\":\"Accueil\",\"item\":\"https:\/\/www.promin.it\/fr\/\"},{\"@type\":\"ListItem\",\"position\":2,\"name\":\"Boutique\",\"item\":\"https:\/\/www.promin.it\/fr\/boutique\/\"},{\"@type\":\"ListItem\",\"position\":3,\"name\":\"Phyto-Gastrol\u00e8ne\"}]},{\"@type\":\"WebSite\",\"@id\":\"https:\/\/www.promin.it\/#website\",\"url\":\"https:\/\/www.promin.it\/\",\"name\":\"Promin\",\"description\":\"Prodotti Medicina Integrata\",\"publisher\":{\"@id\":\"https:\/\/www.promin.it\/#organization\"},\"potentialAction\":[{\"@type\":\"SearchAction\",\"target\":{\"@type\":\"EntryPoint\",\"urlTemplate\":\"https:\/\/www.promin.it\/?s={search_term_string}\"},\"query-input\":{\"@type\":\"PropertyValueSpecification\",\"valueRequired\":true,\"valueName\":\"search_term_string\"}}],\"inLanguage\":\"fr-FR\"},{\"@type\":\"Organization\",\"@id\":\"https:\/\/www.promin.it\/#organization\",\"name\":\"Promin Srl\",\"alternateName\":\"Promin - Prodotti Medicina Integrata\",\"url\":\"https:\/\/www.promin.it\/\",\"logo\":{\"@type\":\"ImageObject\",\"inLanguage\":\"fr-FR\",\"@id\":\"https:\/\/www.promin.it\/#\/schema\/logo\/image\/\",\"url\":\"https:\/\/www.promin.it\/wp-content\/uploads\/2024\/11\/logo-promin-seo.jpg\",\"contentUrl\":\"https:\/\/www.promin.it\/wp-content\/uploads\/2024\/11\/logo-promin-seo.jpg\",\"width\":512,\"height\":512,\"caption\":\"Promin Srl\"},\"image\":{\"@id\":\"https:\/\/www.promin.it\/#\/schema\/logo\/image\/\"},\"sameAs\":[\"https:\/\/www.facebook.com\/prominmed\",\"https:\/\/www.instagram.com\/promin_medicina_integrata\/\",\"https:\/\/www.linkedin.com\/company\/promin-prodotti-medicina-integrata\/\"]}]}<\/script>\n<!-- \/ Yoast SEO plugin. -->","yoast_head_json":{"title":"FITO-GASTROLENE - Brassica oleracea suppl\u00e9ment - Promin","description":"Phyto-gastrol\u00e8ne - Compl\u00e9ment alimentaire de vitamines A et E \u00e0 base de Brassica oleracea, de charbon v\u00e9g\u00e9tal et d\u2019inuline, utile pour le bien-\u00eatre de la muqueuse gastro-duod\u00e9nale... D\u00e9couvrez tous les biens.","robots":{"index":"index","follow":"follow","max-snippet":"max-snippet:-1","max-image-preview":"max-image-preview:large","max-video-preview":"max-video-preview:-1"},"canonical":"https:\/\/www.promin.it\/fr\/prodotto\/phyto-gastrolene\/","og_locale":"fr_FR","og_type":"article","og_title":"FITO-GASTROLENE - Brassica oleracea suppl\u00e9ment - Promin","og_description":"Phyto-gastrol\u00e8ne - Compl\u00e9ment alimentaire de vitamines A et E \u00e0 base de Brassica oleracea, de charbon v\u00e9g\u00e9tal et d\u2019inuline, utile pour le bien-\u00eatre de la muqueuse gastro-duod\u00e9nale... D\u00e9couvrez tous les biens.","og_url":"https:\/\/www.promin.it\/fr\/prodotto\/phyto-gastrolene\/","og_site_name":"Promin","article_publisher":"https:\/\/www.facebook.com\/prominmed","article_modified_time":"2024-11-11T11:12:45+00:00","og_image":[{"width":600,"height":600,"url":"https:\/\/www.promin.it\/wp-content\/uploads\/2024\/10\/fito-gastrolene-vitamina-a-e-brassica-oleracea.jpg","type":"image\/jpeg"}],"twitter_card":"summary_large_image","schema":{"@context":"https:\/\/schema.org","@graph":[{"@type":"WebPage","@id":"https:\/\/www.promin.it\/fr\/prodotto\/phyto-gastrolene\/","url":"https:\/\/www.promin.it\/fr\/prodotto\/phyto-gastrolene\/","name":"FITO-GASTROLENE - Brassica oleracea suppl\u00e9ment - Promin","isPartOf":{"@id":"https:\/\/www.promin.it\/#website"},"primaryImageOfPage":{"@id":"https:\/\/www.promin.it\/fr\/prodotto\/phyto-gastrolene\/#primaryimage"},"image":{"@id":"https:\/\/www.promin.it\/fr\/prodotto\/phyto-gastrolene\/#primaryimage"},"thumbnailUrl":"https:\/\/www.promin.it\/wp-content\/uploads\/2024\/10\/fito-gastrolene-vitamina-a-e-brassica-oleracea.jpg","datePublished":"2017-12-14T11:05:09+00:00","dateModified":"2024-11-11T11:12:45+00:00","description":"Phyto-gastrol\u00e8ne - Compl\u00e9ment alimentaire de vitamines A et E \u00e0 base de Brassica oleracea, de charbon v\u00e9g\u00e9tal et d\u2019inuline, utile pour le bien-\u00eatre de la muqueuse gastro-duod\u00e9nale... D\u00e9couvrez tous les biens.","breadcrumb":{"@id":"https:\/\/www.promin.it\/fr\/prodotto\/phyto-gastrolene\/#breadcrumb"},"inLanguage":"fr-FR","potentialAction":[{"@type":"ReadAction","target":["https:\/\/www.promin.it\/fr\/prodotto\/phyto-gastrolene\/"]}]},{"@type":"ImageObject","inLanguage":"fr-FR","@id":"https:\/\/www.promin.it\/fr\/prodotto\/phyto-gastrolene\/#primaryimage","url":"https:\/\/www.promin.it\/wp-content\/uploads\/2024\/10\/fito-gastrolene-vitamina-a-e-brassica-oleracea.jpg","contentUrl":"https:\/\/www.promin.it\/wp-content\/uploads\/2024\/10\/fito-gastrolene-vitamina-a-e-brassica-oleracea.jpg","width":600,"height":600},{"@type":"BreadcrumbList","@id":"https:\/\/www.promin.it\/fr\/prodotto\/phyto-gastrolene\/#breadcrumb","itemListElement":[{"@type":"ListItem","position":1,"name":"Accueil","item":"https:\/\/www.promin.it\/fr\/"},{"@type":"ListItem","position":2,"name":"Boutique","item":"https:\/\/www.promin.it\/fr\/boutique\/"},{"@type":"ListItem","position":3,"name":"Phyto-Gastrol\u00e8ne"}]},{"@type":"WebSite","@id":"https:\/\/www.promin.it\/#website","url":"https:\/\/www.promin.it\/","name":"Promin","description":"Prodotti Medicina Integrata","publisher":{"@id":"https:\/\/www.promin.it\/#organization"},"potentialAction":[{"@type":"SearchAction","target":{"@type":"EntryPoint","urlTemplate":"https:\/\/www.promin.it\/?s={search_term_string}"},"query-input":{"@type":"PropertyValueSpecification","valueRequired":true,"valueName":"search_term_string"}}],"inLanguage":"fr-FR"},{"@type":"Organization","@id":"https:\/\/www.promin.it\/#organization","name":"Promin Srl","alternateName":"Promin - Prodotti Medicina Integrata","url":"https:\/\/www.promin.it\/","logo":{"@type":"ImageObject","inLanguage":"fr-FR","@id":"https:\/\/www.promin.it\/#\/schema\/logo\/image\/","url":"https:\/\/www.promin.it\/wp-content\/uploads\/2024\/11\/logo-promin-seo.jpg","contentUrl":"https:\/\/www.promin.it\/wp-content\/uploads\/2024\/11\/logo-promin-seo.jpg","width":512,"height":512,"caption":"Promin Srl"},"image":{"@id":"https:\/\/www.promin.it\/#\/schema\/logo\/image\/"},"sameAs":["https:\/\/www.facebook.com\/prominmed","https:\/\/www.instagram.com\/promin_medicina_integrata\/","https:\/\/www.linkedin.com\/company\/promin-prodotti-medicina-integrata\/"]}]}},"jetpack_sharing_enabled":true,"_links":{"self":[{"href":"https:\/\/www.promin.it\/fr\/wp-json\/wp\/v2\/product\/19388"}],"collection":[{"href":"https:\/\/www.promin.it\/fr\/wp-json\/wp\/v2\/product"}],"about":[{"href":"https:\/\/www.promin.it\/fr\/wp-json\/wp\/v2\/types\/product"}],"wp:featuredmedia":[{"embeddable":true,"href":"https:\/\/www.promin.it\/fr\/wp-json\/wp\/v2\/media\/19089"}],"wp:attachment":[{"href":"https:\/\/www.promin.it\/fr\/wp-json\/wp\/v2\/media?parent=19388"}],"wp:term":[{"taxonomy":"product_cat","embeddable":true,"href":"https:\/\/www.promin.it\/fr\/wp-json\/wp\/v2\/product_cat?post=19388"},{"taxonomy":"product_tag","embeddable":true,"href":"https:\/\/www.promin.it\/fr\/wp-json\/wp\/v2\/product_tag?post=19388"}],"curies":[{"name":"wp","href":"https:\/\/api.w.org\/{rel}","templated":true}]}}