{"id":19389,"date":"2017-12-18T13:51:30","date_gmt":"2017-12-18T12:51:30","guid":{"rendered":"https:\/\/www.promin.it\/?post_type=product&#038;p=19389"},"modified":"2024-11-11T12:12:45","modified_gmt":"2024-11-11T11:12:45","slug":"foie-sec","status":"publish","type":"product","link":"https:\/\/www.promin.it\/fr\/prodotto\/foie-sec\/","title":{"rendered":"Foie sec"},"content":{"rendered":"<ul>\n<li><strong>Ingr\u00e9dients<\/strong> : foie de bovin lyophilis\u00e9<\/li>\n<li><strong>Posologie<\/strong> : 2 g\u00e9lules 3 fois par jour<\/li>\n<\/ul>\n<h3>Pr\u00e9sentation:<\/h3>\n<p>Bouteille en verre avec fermeture de s\u00e9curit\u00e9. 50 g\u00e9lules de 0,5 g. Pr\u00e9paration \u00e0 base de foie bovin lyophilis\u00e9 en g\u00e9lules, qui entre dans le champ d\u2019application de l\u2019opoth\u00e9rapie. Cette th\u00e9rapie est bas\u00e9e sur la consid\u00e9ration que chaque organe ne prend dans le plasma que certains types de substances qu\u2019il utilise et traite \u00e0 sa mani\u00e8re, tandis qu\u2019il \u00e9met ensuite des catabolites particuliers auxquels une action stimulante sp\u00e9cifique est attribu\u00e9e sur l\u2019organe dont il d\u00e9rive. Utile pour une th\u00e9rapie de remplacement ou de compl\u00e9ment. Promin a utilis\u00e9 du foie lyophilis\u00e9 provenant de bovins hautement s\u00e9lectionn\u00e9s, nourris avec des aliments naturels, non intoxiqu\u00e9s par des produits chimiques, des hormones de croissance, des antibiotiques.<\/p>\n<p><strong>Foie sec Promin est utile pour une th\u00e9rapie de remplacement ou un suppl\u00e9ment<\/strong><\/p>\n","protected":false},"excerpt":{"rendered":"<p style=\"text-align: center;\"><strong>Support opoterapique<\/strong> \u00e0 base de foie bovin lyophilis\u00e9, <strong>riche en vitamines du complexe B<\/strong>. 50 g\u00e9lules de 0,5 gramme dans un flacon en verre ambr\u00e9. <\/p>\n","protected":false},"featured_media":19088,"template":"","meta":{"_acf_changed":false,"jetpack_post_was_ever_published":false,"jetpack_publicize_message":"","jetpack_publicize_feature_enabled":true,"jetpack_social_post_already_shared":true,"jetpack_social_options":{"image_generator_settings":{"template":"highway","enabled":false},"version":2}},"product_cat":[718,684,717,619,625],"product_tag":[],"class_list":{"0":"post-19389","1":"product","2":"type-product","3":"status-publish","4":"has-post-thumbnail","6":"product_cat-foie-bovin","7":"product_cat-lignes-promin","8":"product_cat-opterapal-prend-en-charge","9":"product_cat-opotherapie","10":"product_cat-systeme-hepatique","12":"first","13":"instock","14":"taxable","15":"shipping-taxable","16":"purchasable","17":"product-type-simple"},"jetpack_publicize_connections":[],"acf":[],"yoast_head":"<!-- This site is optimized with the Yoast SEO plugin v23.4 - https:\/\/yoast.com\/wordpress\/plugins\/seo\/ -->\n<title>Foie sec - Soutien opap\u00e9dique - Promin Products M\u00e9decine int\u00e9gr\u00e9e<\/title>\n<meta name=\"description\" content=\"Foie sec - Soutien opoth\u00e9rapeutique \u00e0 base de foie bovin lyophilis\u00e9, riche en vitamines du complexe B. 50 g\u00e9lules de 0,5 grammes dans un flacon en verre ambr\u00e9.\" \/>\n<meta name=\"robots\" content=\"index, follow, max-snippet:-1, max-image-preview:large, max-video-preview:-1\" \/>\n<link rel=\"canonical\" href=\"https:\/\/www.promin.it\/fr\/prodotto\/foie-sec\/\" \/>\n<meta property=\"og:locale\" content=\"fr_FR\" \/>\n<meta property=\"og:type\" content=\"article\" \/>\n<meta property=\"og:title\" content=\"Foie sec - Soutien opap\u00e9dique - Promin Products M\u00e9decine int\u00e9gr\u00e9e\" \/>\n<meta property=\"og:description\" content=\"Foie sec - Soutien opoth\u00e9rapeutique \u00e0 base de foie bovin lyophilis\u00e9, riche en vitamines du complexe B. 50 g\u00e9lules de 0,5 grammes dans un flacon en verre ambr\u00e9.\" \/>\n<meta property=\"og:url\" content=\"https:\/\/www.promin.it\/fr\/prodotto\/foie-sec\/\" \/>\n<meta property=\"og:site_name\" content=\"Promin\" \/>\n<meta property=\"article:publisher\" content=\"https:\/\/www.facebook.com\/prominmed\" \/>\n<meta property=\"article:modified_time\" content=\"2024-11-11T11:12:45+00:00\" \/>\n<meta property=\"og:image\" content=\"https:\/\/www.promin.it\/wp-content\/uploads\/2024\/10\/fegato-secco-oroterapico-fegato-bovino-vitamina-b.jpg\" \/>\n\t<meta property=\"og:image:width\" content=\"600\" \/>\n\t<meta property=\"og:image:height\" content=\"600\" \/>\n\t<meta property=\"og:image:type\" content=\"image\/jpeg\" \/>\n<meta name=\"twitter:card\" content=\"summary_large_image\" \/>\n<script type=\"application\/ld+json\" class=\"yoast-schema-graph\">{\"@context\":\"https:\/\/schema.org\",\"@graph\":[{\"@type\":\"WebPage\",\"@id\":\"https:\/\/www.promin.it\/fr\/prodotto\/foie-sec\/\",\"url\":\"https:\/\/www.promin.it\/fr\/prodotto\/foie-sec\/\",\"name\":\"Foie sec - Soutien opap\u00e9dique - Promin Products M\u00e9decine int\u00e9gr\u00e9e\",\"isPartOf\":{\"@id\":\"https:\/\/www.promin.it\/#website\"},\"primaryImageOfPage\":{\"@id\":\"https:\/\/www.promin.it\/fr\/prodotto\/foie-sec\/#primaryimage\"},\"image\":{\"@id\":\"https:\/\/www.promin.it\/fr\/prodotto\/foie-sec\/#primaryimage\"},\"thumbnailUrl\":\"https:\/\/www.promin.it\/wp-content\/uploads\/2024\/10\/fegato-secco-oroterapico-fegato-bovino-vitamina-b.jpg\",\"datePublished\":\"2017-12-18T12:51:30+00:00\",\"dateModified\":\"2024-11-11T11:12:45+00:00\",\"description\":\"Foie sec - Soutien opoth\u00e9rapeutique \u00e0 base de foie bovin lyophilis\u00e9, riche en vitamines du complexe B. 50 g\u00e9lules de 0,5 grammes dans un flacon en verre ambr\u00e9.\",\"breadcrumb\":{\"@id\":\"https:\/\/www.promin.it\/fr\/prodotto\/foie-sec\/#breadcrumb\"},\"inLanguage\":\"fr-FR\",\"potentialAction\":[{\"@type\":\"ReadAction\",\"target\":[\"https:\/\/www.promin.it\/fr\/prodotto\/foie-sec\/\"]}]},{\"@type\":\"ImageObject\",\"inLanguage\":\"fr-FR\",\"@id\":\"https:\/\/www.promin.it\/fr\/prodotto\/foie-sec\/#primaryimage\",\"url\":\"https:\/\/www.promin.it\/wp-content\/uploads\/2024\/10\/fegato-secco-oroterapico-fegato-bovino-vitamina-b.jpg\",\"contentUrl\":\"https:\/\/www.promin.it\/wp-content\/uploads\/2024\/10\/fegato-secco-oroterapico-fegato-bovino-vitamina-b.jpg\",\"width\":600,\"height\":600},{\"@type\":\"BreadcrumbList\",\"@id\":\"https:\/\/www.promin.it\/fr\/prodotto\/foie-sec\/#breadcrumb\",\"itemListElement\":[{\"@type\":\"ListItem\",\"position\":1,\"name\":\"Accueil\",\"item\":\"https:\/\/www.promin.it\/fr\/\"},{\"@type\":\"ListItem\",\"position\":2,\"name\":\"Boutique\",\"item\":\"https:\/\/www.promin.it\/fr\/boutique\/\"},{\"@type\":\"ListItem\",\"position\":3,\"name\":\"Foie sec\"}]},{\"@type\":\"WebSite\",\"@id\":\"https:\/\/www.promin.it\/#website\",\"url\":\"https:\/\/www.promin.it\/\",\"name\":\"Promin\",\"description\":\"Prodotti Medicina Integrata\",\"publisher\":{\"@id\":\"https:\/\/www.promin.it\/#organization\"},\"potentialAction\":[{\"@type\":\"SearchAction\",\"target\":{\"@type\":\"EntryPoint\",\"urlTemplate\":\"https:\/\/www.promin.it\/?s={search_term_string}\"},\"query-input\":{\"@type\":\"PropertyValueSpecification\",\"valueRequired\":true,\"valueName\":\"search_term_string\"}}],\"inLanguage\":\"fr-FR\"},{\"@type\":\"Organization\",\"@id\":\"https:\/\/www.promin.it\/#organization\",\"name\":\"Promin Srl\",\"alternateName\":\"Promin - Prodotti Medicina Integrata\",\"url\":\"https:\/\/www.promin.it\/\",\"logo\":{\"@type\":\"ImageObject\",\"inLanguage\":\"fr-FR\",\"@id\":\"https:\/\/www.promin.it\/#\/schema\/logo\/image\/\",\"url\":\"https:\/\/www.promin.it\/wp-content\/uploads\/2024\/11\/logo-promin-seo.jpg\",\"contentUrl\":\"https:\/\/www.promin.it\/wp-content\/uploads\/2024\/11\/logo-promin-seo.jpg\",\"width\":512,\"height\":512,\"caption\":\"Promin Srl\"},\"image\":{\"@id\":\"https:\/\/www.promin.it\/#\/schema\/logo\/image\/\"},\"sameAs\":[\"https:\/\/www.facebook.com\/prominmed\",\"https:\/\/www.instagram.com\/promin_medicina_integrata\/\",\"https:\/\/www.linkedin.com\/company\/promin-prodotti-medicina-integrata\/\"]}]}<\/script>\n<!-- \/ Yoast SEO plugin. -->","yoast_head_json":{"title":"Foie sec - Soutien opap\u00e9dique - Promin Products M\u00e9decine int\u00e9gr\u00e9e","description":"Foie sec - Soutien opoth\u00e9rapeutique \u00e0 base de foie bovin lyophilis\u00e9, riche en vitamines du complexe B. 50 g\u00e9lules de 0,5 grammes dans un flacon en verre ambr\u00e9.","robots":{"index":"index","follow":"follow","max-snippet":"max-snippet:-1","max-image-preview":"max-image-preview:large","max-video-preview":"max-video-preview:-1"},"canonical":"https:\/\/www.promin.it\/fr\/prodotto\/foie-sec\/","og_locale":"fr_FR","og_type":"article","og_title":"Foie sec - Soutien opap\u00e9dique - Promin Products M\u00e9decine int\u00e9gr\u00e9e","og_description":"Foie sec - Soutien opoth\u00e9rapeutique \u00e0 base de foie bovin lyophilis\u00e9, riche en vitamines du complexe B. 50 g\u00e9lules de 0,5 grammes dans un flacon en verre ambr\u00e9.","og_url":"https:\/\/www.promin.it\/fr\/prodotto\/foie-sec\/","og_site_name":"Promin","article_publisher":"https:\/\/www.facebook.com\/prominmed","article_modified_time":"2024-11-11T11:12:45+00:00","og_image":[{"width":600,"height":600,"url":"https:\/\/www.promin.it\/wp-content\/uploads\/2024\/10\/fegato-secco-oroterapico-fegato-bovino-vitamina-b.jpg","type":"image\/jpeg"}],"twitter_card":"summary_large_image","schema":{"@context":"https:\/\/schema.org","@graph":[{"@type":"WebPage","@id":"https:\/\/www.promin.it\/fr\/prodotto\/foie-sec\/","url":"https:\/\/www.promin.it\/fr\/prodotto\/foie-sec\/","name":"Foie sec - Soutien opap\u00e9dique - Promin Products M\u00e9decine int\u00e9gr\u00e9e","isPartOf":{"@id":"https:\/\/www.promin.it\/#website"},"primaryImageOfPage":{"@id":"https:\/\/www.promin.it\/fr\/prodotto\/foie-sec\/#primaryimage"},"image":{"@id":"https:\/\/www.promin.it\/fr\/prodotto\/foie-sec\/#primaryimage"},"thumbnailUrl":"https:\/\/www.promin.it\/wp-content\/uploads\/2024\/10\/fegato-secco-oroterapico-fegato-bovino-vitamina-b.jpg","datePublished":"2017-12-18T12:51:30+00:00","dateModified":"2024-11-11T11:12:45+00:00","description":"Foie sec - Soutien opoth\u00e9rapeutique \u00e0 base de foie bovin lyophilis\u00e9, riche en vitamines du complexe B. 50 g\u00e9lules de 0,5 grammes dans un flacon en verre ambr\u00e9.","breadcrumb":{"@id":"https:\/\/www.promin.it\/fr\/prodotto\/foie-sec\/#breadcrumb"},"inLanguage":"fr-FR","potentialAction":[{"@type":"ReadAction","target":["https:\/\/www.promin.it\/fr\/prodotto\/foie-sec\/"]}]},{"@type":"ImageObject","inLanguage":"fr-FR","@id":"https:\/\/www.promin.it\/fr\/prodotto\/foie-sec\/#primaryimage","url":"https:\/\/www.promin.it\/wp-content\/uploads\/2024\/10\/fegato-secco-oroterapico-fegato-bovino-vitamina-b.jpg","contentUrl":"https:\/\/www.promin.it\/wp-content\/uploads\/2024\/10\/fegato-secco-oroterapico-fegato-bovino-vitamina-b.jpg","width":600,"height":600},{"@type":"BreadcrumbList","@id":"https:\/\/www.promin.it\/fr\/prodotto\/foie-sec\/#breadcrumb","itemListElement":[{"@type":"ListItem","position":1,"name":"Accueil","item":"https:\/\/www.promin.it\/fr\/"},{"@type":"ListItem","position":2,"name":"Boutique","item":"https:\/\/www.promin.it\/fr\/boutique\/"},{"@type":"ListItem","position":3,"name":"Foie sec"}]},{"@type":"WebSite","@id":"https:\/\/www.promin.it\/#website","url":"https:\/\/www.promin.it\/","name":"Promin","description":"Prodotti Medicina Integrata","publisher":{"@id":"https:\/\/www.promin.it\/#organization"},"potentialAction":[{"@type":"SearchAction","target":{"@type":"EntryPoint","urlTemplate":"https:\/\/www.promin.it\/?s={search_term_string}"},"query-input":{"@type":"PropertyValueSpecification","valueRequired":true,"valueName":"search_term_string"}}],"inLanguage":"fr-FR"},{"@type":"Organization","@id":"https:\/\/www.promin.it\/#organization","name":"Promin Srl","alternateName":"Promin - Prodotti Medicina Integrata","url":"https:\/\/www.promin.it\/","logo":{"@type":"ImageObject","inLanguage":"fr-FR","@id":"https:\/\/www.promin.it\/#\/schema\/logo\/image\/","url":"https:\/\/www.promin.it\/wp-content\/uploads\/2024\/11\/logo-promin-seo.jpg","contentUrl":"https:\/\/www.promin.it\/wp-content\/uploads\/2024\/11\/logo-promin-seo.jpg","width":512,"height":512,"caption":"Promin Srl"},"image":{"@id":"https:\/\/www.promin.it\/#\/schema\/logo\/image\/"},"sameAs":["https:\/\/www.facebook.com\/prominmed","https:\/\/www.instagram.com\/promin_medicina_integrata\/","https:\/\/www.linkedin.com\/company\/promin-prodotti-medicina-integrata\/"]}]}},"jetpack_sharing_enabled":true,"_links":{"self":[{"href":"https:\/\/www.promin.it\/fr\/wp-json\/wp\/v2\/product\/19389"}],"collection":[{"href":"https:\/\/www.promin.it\/fr\/wp-json\/wp\/v2\/product"}],"about":[{"href":"https:\/\/www.promin.it\/fr\/wp-json\/wp\/v2\/types\/product"}],"wp:featuredmedia":[{"embeddable":true,"href":"https:\/\/www.promin.it\/fr\/wp-json\/wp\/v2\/media\/19088"}],"wp:attachment":[{"href":"https:\/\/www.promin.it\/fr\/wp-json\/wp\/v2\/media?parent=19389"}],"wp:term":[{"taxonomy":"product_cat","embeddable":true,"href":"https:\/\/www.promin.it\/fr\/wp-json\/wp\/v2\/product_cat?post=19389"},{"taxonomy":"product_tag","embeddable":true,"href":"https:\/\/www.promin.it\/fr\/wp-json\/wp\/v2\/product_tag?post=19389"}],"curies":[{"name":"wp","href":"https:\/\/api.w.org\/{rel}","templated":true}]}}