{"id":19390,"date":"2017-12-10T12:32:04","date_gmt":"2017-12-10T11:32:04","guid":{"rendered":"https:\/\/www.promin.it\/?post_type=product&#038;p=19390"},"modified":"2024-11-11T12:12:45","modified_gmt":"2024-11-11T11:12:45","slug":"inocrema-blanc","status":"publish","type":"product","link":"https:\/\/www.promin.it\/fr\/prodotto\/inocrema-blanc\/","title":{"rendered":"Inocrema blanc"},"content":{"rendered":"<p>Cr\u00e8me eudermique \u00e0 base active <a href=\"http:\/\/www.prominmed.it\/default.asp?id=101&amp;ord=50\" target=\"_blank\" rel=\"noopener\">d\u2019Inositol<\/a>, de Vitamine E et de Vitamine A \u00e0 l\u2019action r\u00e9\u00e9quilibrante, apaisante, eutrophe et r\u00e9-\u00e9pith\u00e9lialisante. <a href=\"http:\/\/www.prominmed.it\/default.asp?id=101&amp;ord=50\" target=\"_blank\" rel=\"noopener\">L\u2019inositol<\/a>, un isom\u00e8re du glucose classifiable parmi les glycovitamines, est un bior\u00e9gulateur m\u00e9tabolique important. Il active la respiration cellulaire et r\u00e9\u00e9quilibre le m\u00e9tabolisme cutan\u00e9. Cette substance pr\u00e9sente une tendance particuli\u00e8re \u00e0 intervenir dans les ph\u00e9nom\u00e8nes qui se produisent avec la lib\u00e9ration d\u2019histamine (inflammation, manifestations allergiques, augmentation du calibre et de la perm\u00e9abilit\u00e9 capillaire) aidant \u00e0 att\u00e9nuer les \u00e9tats irritatifs et inflammatoires. Les vitamines E et A, \u00e0 l\u2019action anti-radicalaire et eutrophe, compl\u00e8tent l\u2019action eudermique de la cr\u00e8me.<\/p>\n<h4><strong>Itin\u00e9raire  <\/strong><\/h4>\n<p>Gr\u00e2ce \u00e0 ses principes actifs, en particulier <a href=\"http:\/\/www.prominmed.it\/default.asp?id=101&amp;ord=50\" target=\"_blank\" rel=\"noopener\">l\u2019Inositol, INOCREMA<\/a> BIANCA est une aide importante dans les processus de restauration de la normalit\u00e9 de la peau contre les stimuli pathologiques de diverses natures : polluants et allerg\u00e8nes, exposition excessive au soleil, \u00e9ryth\u00e8me, traitements invasifs tels que le peeling, le laser, la dermabrasion, les lampes, les irritations du rasage, les piq\u00fbres d\u2019insectes, la transpiration. INOCREMA BIANCA aide \u00e0 traiter les tissus cicatriciels, les cicatrices hypertrophiques, les ch\u00e9lo\u00efdes, les vergetures.<\/p>\n<h4><strong>Mode d\u2019emploi  <\/strong><\/h4>\n<p>INOCREMA BIANCA doit \u00eatre appliqu\u00e9 sur les zones \u00e0 traiter 2 \u00e0 3 fois par jour, en massant jusqu\u2019\u00e0 ce que le produit soit absorb\u00e9. Il s\u2019\u00e9tale facilement, n\u2019est pas gras, p\u00e9n\u00e8tre rapidement et procure imm\u00e9diatement un soulagement facilement perceptible. <\/p>\n<h4><strong>Pr\u00e9sentation  <\/strong><\/h4>\n<p>Tube de 60 g.<\/p>\n","protected":false},"excerpt":{"rendered":"<p style=\"text-align: center;\">Cr\u00e8me eudermique \u00e0 base active d\u2019inositol, de vitamines A et E. Il am\u00e9liore <strong>l\u2019hydratation de la peau<\/strong> et favorise <strong>le renouvellement cellulaire et la nutrition<\/strong>.<\/p>\n","protected":false},"featured_media":19071,"template":"","meta":{"_acf_changed":false,"jetpack_post_was_ever_published":false,"jetpack_publicize_message":"","jetpack_publicize_feature_enabled":true,"jetpack_social_post_already_shared":true,"jetpack_social_options":{"image_generator_settings":{"template":"highway","enabled":false},"version":2}},"product_cat":[640,684,643,716,683,615,621],"product_tag":[],"class_list":{"0":"post-19390","1":"product","2":"type-product","3":"status-publish","4":"has-post-thumbnail","6":"product_cat-inositolo-fr","7":"product_cat-lignes-promin","8":"product_cat-linea-inositolo-fr","9":"product_cat-vitamine-a","10":"product_cat-vitamine-e","11":"product_cat-derma-fr","12":"product_cat-peau-et-cheveux","14":"first","15":"instock","16":"taxable","17":"shipping-taxable","18":"purchasable","19":"product-type-simple"},"jetpack_publicize_connections":[],"acf":[],"yoast_head":"<!-- This site is optimized with the Yoast SEO plugin v23.4 - https:\/\/yoast.com\/wordpress\/plugins\/seo\/ -->\n<title>Inocrema bianca Promin - Cr\u00e8me eudermique \u00e0 base d\u2019Inositol<\/title>\n<meta name=\"description\" content=\"Inocrema Bianca - Cr\u00e8me eudermique \u00e0 base active d\u2019Inositol, de Vitamines A et E. Il am\u00e9liore l\u2019hydratation de la peau et favorise le renouvellement cellulaire et la nutrition... D\u00e9couvrez tous les biens.\" \/>\n<meta name=\"robots\" content=\"index, follow, max-snippet:-1, max-image-preview:large, max-video-preview:-1\" \/>\n<link rel=\"canonical\" href=\"https:\/\/www.promin.it\/fr\/prodotto\/inocrema-blanc\/\" \/>\n<meta property=\"og:locale\" content=\"fr_FR\" \/>\n<meta property=\"og:type\" content=\"article\" \/>\n<meta property=\"og:title\" content=\"Inocrema bianca Promin - Cr\u00e8me eudermique \u00e0 base d\u2019Inositol\" \/>\n<meta property=\"og:description\" content=\"Inocrema Bianca - Cr\u00e8me eudermique \u00e0 base active d\u2019Inositol, de Vitamines A et E. Il am\u00e9liore l\u2019hydratation de la peau et favorise le renouvellement cellulaire et la nutrition... D\u00e9couvrez tous les biens.\" \/>\n<meta property=\"og:url\" content=\"https:\/\/www.promin.it\/fr\/prodotto\/inocrema-blanc\/\" \/>\n<meta property=\"og:site_name\" content=\"Promin\" \/>\n<meta property=\"article:publisher\" content=\"https:\/\/www.facebook.com\/prominmed\" \/>\n<meta property=\"article:modified_time\" content=\"2024-11-11T11:12:45+00:00\" \/>\n<meta property=\"og:image\" content=\"https:\/\/www.promin.it\/wp-content\/uploads\/2024\/07\/inocrema-bianca.webp\" \/>\n\t<meta property=\"og:image:width\" content=\"1024\" \/>\n\t<meta property=\"og:image:height\" content=\"1024\" \/>\n\t<meta property=\"og:image:type\" content=\"image\/webp\" \/>\n<meta name=\"twitter:card\" content=\"summary_large_image\" \/>\n<script type=\"application\/ld+json\" class=\"yoast-schema-graph\">{\"@context\":\"https:\/\/schema.org\",\"@graph\":[{\"@type\":\"WebPage\",\"@id\":\"https:\/\/www.promin.it\/fr\/prodotto\/inocrema-blanc\/\",\"url\":\"https:\/\/www.promin.it\/fr\/prodotto\/inocrema-blanc\/\",\"name\":\"Inocrema bianca Promin - Cr\u00e8me eudermique \u00e0 base d\u2019Inositol\",\"isPartOf\":{\"@id\":\"https:\/\/www.promin.it\/#website\"},\"primaryImageOfPage\":{\"@id\":\"https:\/\/www.promin.it\/fr\/prodotto\/inocrema-blanc\/#primaryimage\"},\"image\":{\"@id\":\"https:\/\/www.promin.it\/fr\/prodotto\/inocrema-blanc\/#primaryimage\"},\"thumbnailUrl\":\"https:\/\/www.promin.it\/wp-content\/uploads\/2024\/07\/inocrema-bianca.webp\",\"datePublished\":\"2017-12-10T11:32:04+00:00\",\"dateModified\":\"2024-11-11T11:12:45+00:00\",\"description\":\"Inocrema Bianca - Cr\u00e8me eudermique \u00e0 base active d\u2019Inositol, de Vitamines A et E. Il am\u00e9liore l\u2019hydratation de la peau et favorise le renouvellement cellulaire et la nutrition... D\u00e9couvrez tous les biens.\",\"breadcrumb\":{\"@id\":\"https:\/\/www.promin.it\/fr\/prodotto\/inocrema-blanc\/#breadcrumb\"},\"inLanguage\":\"fr-FR\",\"potentialAction\":[{\"@type\":\"ReadAction\",\"target\":[\"https:\/\/www.promin.it\/fr\/prodotto\/inocrema-blanc\/\"]}]},{\"@type\":\"ImageObject\",\"inLanguage\":\"fr-FR\",\"@id\":\"https:\/\/www.promin.it\/fr\/prodotto\/inocrema-blanc\/#primaryimage\",\"url\":\"https:\/\/www.promin.it\/wp-content\/uploads\/2024\/07\/inocrema-bianca.webp\",\"contentUrl\":\"https:\/\/www.promin.it\/wp-content\/uploads\/2024\/07\/inocrema-bianca.webp\",\"width\":1024,\"height\":1024},{\"@type\":\"BreadcrumbList\",\"@id\":\"https:\/\/www.promin.it\/fr\/prodotto\/inocrema-blanc\/#breadcrumb\",\"itemListElement\":[{\"@type\":\"ListItem\",\"position\":1,\"name\":\"Accueil\",\"item\":\"https:\/\/www.promin.it\/fr\/\"},{\"@type\":\"ListItem\",\"position\":2,\"name\":\"Boutique\",\"item\":\"https:\/\/www.promin.it\/fr\/boutique\/\"},{\"@type\":\"ListItem\",\"position\":3,\"name\":\"Inocrema blanc\"}]},{\"@type\":\"WebSite\",\"@id\":\"https:\/\/www.promin.it\/#website\",\"url\":\"https:\/\/www.promin.it\/\",\"name\":\"Promin\",\"description\":\"Prodotti Medicina Integrata\",\"publisher\":{\"@id\":\"https:\/\/www.promin.it\/#organization\"},\"potentialAction\":[{\"@type\":\"SearchAction\",\"target\":{\"@type\":\"EntryPoint\",\"urlTemplate\":\"https:\/\/www.promin.it\/?s={search_term_string}\"},\"query-input\":{\"@type\":\"PropertyValueSpecification\",\"valueRequired\":true,\"valueName\":\"search_term_string\"}}],\"inLanguage\":\"fr-FR\"},{\"@type\":\"Organization\",\"@id\":\"https:\/\/www.promin.it\/#organization\",\"name\":\"Promin Srl\",\"alternateName\":\"Promin - Prodotti Medicina Integrata\",\"url\":\"https:\/\/www.promin.it\/\",\"logo\":{\"@type\":\"ImageObject\",\"inLanguage\":\"fr-FR\",\"@id\":\"https:\/\/www.promin.it\/#\/schema\/logo\/image\/\",\"url\":\"https:\/\/www.promin.it\/wp-content\/uploads\/2024\/11\/logo-promin-seo.jpg\",\"contentUrl\":\"https:\/\/www.promin.it\/wp-content\/uploads\/2024\/11\/logo-promin-seo.jpg\",\"width\":512,\"height\":512,\"caption\":\"Promin Srl\"},\"image\":{\"@id\":\"https:\/\/www.promin.it\/#\/schema\/logo\/image\/\"},\"sameAs\":[\"https:\/\/www.facebook.com\/prominmed\",\"https:\/\/www.instagram.com\/promin_medicina_integrata\/\",\"https:\/\/www.linkedin.com\/company\/promin-prodotti-medicina-integrata\/\"]}]}<\/script>\n<!-- \/ Yoast SEO plugin. -->","yoast_head_json":{"title":"Inocrema bianca Promin - Cr\u00e8me eudermique \u00e0 base d\u2019Inositol","description":"Inocrema Bianca - Cr\u00e8me eudermique \u00e0 base active d\u2019Inositol, de Vitamines A et E. Il am\u00e9liore l\u2019hydratation de la peau et favorise le renouvellement cellulaire et la nutrition... D\u00e9couvrez tous les biens.","robots":{"index":"index","follow":"follow","max-snippet":"max-snippet:-1","max-image-preview":"max-image-preview:large","max-video-preview":"max-video-preview:-1"},"canonical":"https:\/\/www.promin.it\/fr\/prodotto\/inocrema-blanc\/","og_locale":"fr_FR","og_type":"article","og_title":"Inocrema bianca Promin - Cr\u00e8me eudermique \u00e0 base d\u2019Inositol","og_description":"Inocrema Bianca - Cr\u00e8me eudermique \u00e0 base active d\u2019Inositol, de Vitamines A et E. Il am\u00e9liore l\u2019hydratation de la peau et favorise le renouvellement cellulaire et la nutrition... D\u00e9couvrez tous les biens.","og_url":"https:\/\/www.promin.it\/fr\/prodotto\/inocrema-blanc\/","og_site_name":"Promin","article_publisher":"https:\/\/www.facebook.com\/prominmed","article_modified_time":"2024-11-11T11:12:45+00:00","og_image":[{"width":1024,"height":1024,"url":"https:\/\/www.promin.it\/wp-content\/uploads\/2024\/07\/inocrema-bianca.webp","type":"image\/webp"}],"twitter_card":"summary_large_image","schema":{"@context":"https:\/\/schema.org","@graph":[{"@type":"WebPage","@id":"https:\/\/www.promin.it\/fr\/prodotto\/inocrema-blanc\/","url":"https:\/\/www.promin.it\/fr\/prodotto\/inocrema-blanc\/","name":"Inocrema bianca Promin - Cr\u00e8me eudermique \u00e0 base d\u2019Inositol","isPartOf":{"@id":"https:\/\/www.promin.it\/#website"},"primaryImageOfPage":{"@id":"https:\/\/www.promin.it\/fr\/prodotto\/inocrema-blanc\/#primaryimage"},"image":{"@id":"https:\/\/www.promin.it\/fr\/prodotto\/inocrema-blanc\/#primaryimage"},"thumbnailUrl":"https:\/\/www.promin.it\/wp-content\/uploads\/2024\/07\/inocrema-bianca.webp","datePublished":"2017-12-10T11:32:04+00:00","dateModified":"2024-11-11T11:12:45+00:00","description":"Inocrema Bianca - Cr\u00e8me eudermique \u00e0 base active d\u2019Inositol, de Vitamines A et E. Il am\u00e9liore l\u2019hydratation de la peau et favorise le renouvellement cellulaire et la nutrition... D\u00e9couvrez tous les biens.","breadcrumb":{"@id":"https:\/\/www.promin.it\/fr\/prodotto\/inocrema-blanc\/#breadcrumb"},"inLanguage":"fr-FR","potentialAction":[{"@type":"ReadAction","target":["https:\/\/www.promin.it\/fr\/prodotto\/inocrema-blanc\/"]}]},{"@type":"ImageObject","inLanguage":"fr-FR","@id":"https:\/\/www.promin.it\/fr\/prodotto\/inocrema-blanc\/#primaryimage","url":"https:\/\/www.promin.it\/wp-content\/uploads\/2024\/07\/inocrema-bianca.webp","contentUrl":"https:\/\/www.promin.it\/wp-content\/uploads\/2024\/07\/inocrema-bianca.webp","width":1024,"height":1024},{"@type":"BreadcrumbList","@id":"https:\/\/www.promin.it\/fr\/prodotto\/inocrema-blanc\/#breadcrumb","itemListElement":[{"@type":"ListItem","position":1,"name":"Accueil","item":"https:\/\/www.promin.it\/fr\/"},{"@type":"ListItem","position":2,"name":"Boutique","item":"https:\/\/www.promin.it\/fr\/boutique\/"},{"@type":"ListItem","position":3,"name":"Inocrema blanc"}]},{"@type":"WebSite","@id":"https:\/\/www.promin.it\/#website","url":"https:\/\/www.promin.it\/","name":"Promin","description":"Prodotti Medicina Integrata","publisher":{"@id":"https:\/\/www.promin.it\/#organization"},"potentialAction":[{"@type":"SearchAction","target":{"@type":"EntryPoint","urlTemplate":"https:\/\/www.promin.it\/?s={search_term_string}"},"query-input":{"@type":"PropertyValueSpecification","valueRequired":true,"valueName":"search_term_string"}}],"inLanguage":"fr-FR"},{"@type":"Organization","@id":"https:\/\/www.promin.it\/#organization","name":"Promin Srl","alternateName":"Promin - Prodotti Medicina Integrata","url":"https:\/\/www.promin.it\/","logo":{"@type":"ImageObject","inLanguage":"fr-FR","@id":"https:\/\/www.promin.it\/#\/schema\/logo\/image\/","url":"https:\/\/www.promin.it\/wp-content\/uploads\/2024\/11\/logo-promin-seo.jpg","contentUrl":"https:\/\/www.promin.it\/wp-content\/uploads\/2024\/11\/logo-promin-seo.jpg","width":512,"height":512,"caption":"Promin Srl"},"image":{"@id":"https:\/\/www.promin.it\/#\/schema\/logo\/image\/"},"sameAs":["https:\/\/www.facebook.com\/prominmed","https:\/\/www.instagram.com\/promin_medicina_integrata\/","https:\/\/www.linkedin.com\/company\/promin-prodotti-medicina-integrata\/"]}]}},"jetpack_sharing_enabled":true,"_links":{"self":[{"href":"https:\/\/www.promin.it\/fr\/wp-json\/wp\/v2\/product\/19390"}],"collection":[{"href":"https:\/\/www.promin.it\/fr\/wp-json\/wp\/v2\/product"}],"about":[{"href":"https:\/\/www.promin.it\/fr\/wp-json\/wp\/v2\/types\/product"}],"wp:featuredmedia":[{"embeddable":true,"href":"https:\/\/www.promin.it\/fr\/wp-json\/wp\/v2\/media\/19071"}],"wp:attachment":[{"href":"https:\/\/www.promin.it\/fr\/wp-json\/wp\/v2\/media?parent=19390"}],"wp:term":[{"taxonomy":"product_cat","embeddable":true,"href":"https:\/\/www.promin.it\/fr\/wp-json\/wp\/v2\/product_cat?post=19390"},{"taxonomy":"product_tag","embeddable":true,"href":"https:\/\/www.promin.it\/fr\/wp-json\/wp\/v2\/product_tag?post=19390"}],"curies":[{"name":"wp","href":"https:\/\/api.w.org\/{rel}","templated":true}]}}