{"id":19393,"date":"2017-12-02T16:09:42","date_gmt":"2017-12-02T15:09:42","guid":{"rendered":"https:\/\/www.promin.it\/?post_type=product&#038;p=19393"},"modified":"2024-11-11T12:12:46","modified_gmt":"2024-11-11T11:12:46","slug":"cerveau-inosame-2","status":"publish","type":"product","link":"https:\/\/www.promin.it\/fr\/prodotto\/cerveau-inosame-2\/","title":{"rendered":"InoSAMe Cerveau"},"content":{"rendered":"<p>Compl\u00e9ment alimentaire en comprim\u00e9s orodispersibles brevet\u00e9s \u00e0 base de SAMe (S-ad\u00e9nosyl-L-m\u00e9thionine), d\u2019Inositol et de Magn\u00e9sium qui est utile pour le fonctionnement normal du syst\u00e8me nerveux et la fonction psychologique.<\/p>\n<ul>\n<li><strong>La SAMe<\/strong> est une substance physiologiquement pr\u00e9sente dans l\u2019organisme et est un donneur important de groupes m\u00e9thyle. Les r\u00e9actions de m\u00e9thylation sont essentielles dans la chimie du cerveau, ainsi que dans de nombreux autres processus m\u00e9taboliques <\/li>\n<li><strong>SAMe<\/strong> participe \u00e0 la synth\u00e8se de neurotransmetteurs tels que la s\u00e9rotonine, la noradr\u00e9naline et la dopamine (substances qui transmettent des informations entre les cellules du syst\u00e8me nerveux) et \u00e0 la synth\u00e8se des phospholipides, tels que la phosphatidylcholine et la phosphatidyls\u00e9rine. Les taux de SAMe diminuent avec l\u2019\u00e2ge et dans des situations particuli\u00e8res. Ils sont g\u00e9n\u00e9ralement faibles chez les patients souffrant de d\u00e9pression, de troubles ost\u00e9oarticulaires souvent associ\u00e9s \u00e0 la d\u00e9pression, de maladies du foie et chez les personnes \u00e2g\u00e9es. <\/li>\n<li><strong>L\u2019inositol<\/strong> est un composant des membranes cellulaires, o\u00f9 il est pr\u00e9sent sous forme de phosphatidylinositol. Comme la S-Ad\u00e9nosyl-L-M\u00e9thionine, elle intervient dans le fonctionnement de divers neurotransmetteurs c\u00e9r\u00e9braux, dont la s\u00e9rotonine et l\u2019ac\u00e9tylcholine. <\/li>\n<li><strong>Le magn\u00e9sium<\/strong> contribue au <u>fonctionnement normal du syst\u00e8me nerveux<\/u>, \u00e0 la <u>fonction psychologique<\/u> normale et \u00e0 la r\u00e9duction de la fatigue et de l\u2019\u00e9puisement.<\/li>\n<\/ul>\n<p>L\u2019association cibl\u00e9e des principes actifs <strong>d\u2019Inosame Brain<\/strong> est soutenue par le choix de la formulation de comprim\u00e9s orodispersibles \u00e0 la <u>technologie brevet\u00e9e<\/u>. Cela garantit une optimisation de la biodisponibilit\u00e9 et de l\u2019efficacit\u00e9 des principes actifs. Les <strong>comprim\u00e9s orodispersibles d\u2019Inosame Brain<\/strong> sont dissous lentement dans la bouche, pour permettre aux ingr\u00e9dients actifs de passer directement dans le sang par le drainage veineux de la bouche. Cela permet une vitesse d\u2019action \u00e9lev\u00e9e et une plus grande biodisponibilit\u00e9 et facilit\u00e9 de prise, ce qui est \u00e9galement utile pour ceux qui ont des difficult\u00e9s \u00e0 avaler des pilules. <\/p>\n<h3><a href=\"https:\/\/www.promin.it\/fr\/?post_type=product&#038;p=19401\">D\u00c9COUVREZ L\u2019OFFRE PROMIN LI\u00c9E \u00c0 InoSAMe Brain<\/a><\/h3>\n<p>&nbsp;<\/p>\n<h3>INFORMATIONS TECHNIQUES SUR LE PRODUIT<\/h3>\n<ul>\n<li><strong>INGR\u00c9DIENTS:<\/strong> \u00c9dulcorants : mannitol, xylitol, sucralose, n\u00e9ohesp\u00e9ridine D.C. ; Inositol; S-ad\u00e9nosyl-m\u00e9thionine (tosylate de SAMe) ; Acides gras&nbsp;; Oxyde de magn\u00e9sium&nbsp;; Agent d\u2019enrobage : hydroxypropylm\u00e9thylcellulose ; Anti-agglom\u00e9rants : E470 b, dioxyde de silicium ; Parfums<\/li>\n<li><strong>EMBALLAGE:<\/strong> Bo\u00eete contenant deux bliestrs ALU\/ALU de 8 comprim\u00e9s orodispersibles (16 comprim\u00e9s par paquet).<\/li>\n<li><strong>FORME PHARMACEUTIQUE :<\/strong> Comprim\u00e9s orodispersibles<\/li>\n<li><strong>MODE D\u2019EMPLOI&nbsp;:<\/strong> 2 comprim\u00e9s par jour, entre les repas, \u00e0 dissoudre lentement dans la bouche.<\/li>\n<li><strong>ALLERG\u00c8NES:<\/strong> Non pr\u00e9sent (Promin ne garantit pas l\u2019absence d\u2019une \u00e9ventuelle contamination crois\u00e9e tout au long de la cha\u00eene de production)<\/li>\n<li><strong>CODE CODIFA :<\/strong> 970225330 (Indiquez \u00e0 votre pharmacien le code CODIFA, afin de ne pas avoir de probl\u00e8mes pour trouver le produit)<\/li>\n<\/ul>\n<p>MISES EN GARDE : Ne d\u00e9passez pas la dose quotidienne recommand\u00e9e d\u2019InoSAMe Brain. Tenir hors de port\u00e9e des enfants de moins de 3 ans. Les suppl\u00e9ments ne sont pas destin\u00e9s \u00e0 se substituer \u00e0 une alimentation vari\u00e9e et \u00e9quilibr\u00e9e et \u00e0 un mode de vie sain.   Une utilisation excessive peut avoir des effets laxatifs.<\/p>\n","protected":false},"excerpt":{"rendered":"<p style=\"text-align: center;\">Suppl\u00e9ment \u00e0 base de SAMe, d\u2019Inositol et de Magn\u00e9sium pour le fonctionnement normal du <strong>syst\u00e8me nerveux<\/strong> et la<strong> fonction psychologique<\/strong> normale.<\/p>\n","protected":false},"featured_media":19092,"template":"","meta":{"_acf_changed":false,"jetpack_post_was_ever_published":false,"jetpack_publicize_message":"","jetpack_publicize_feature_enabled":true,"jetpack_social_post_already_shared":true,"jetpack_social_options":{"image_generator_settings":{"template":"highway","enabled":false},"version":2}},"product_cat":[640,684,643,687,727,612,637,628],"product_tag":[685,728],"class_list":{"0":"post-19393","1":"product","2":"type-product","3":"status-publish","4":"has-post-thumbnail","6":"product_cat-inositolo-fr","7":"product_cat-lignes-promin","8":"product_cat-linea-inositolo-fr","9":"product_cat-magnesium","10":"product_cat-meme","11":"product_cat-domaines-therapeutiques","12":"product_cat-humeur","13":"product_cat-systeme-nerveux-central","14":"product_tag-humeur","15":"product_tag-systeme-nerveux-central","17":"first","18":"instock","19":"taxable","20":"shipping-taxable","21":"purchasable","22":"product-type-simple"},"jetpack_publicize_connections":[],"acf":[],"yoast_head":"<!-- This site is optimized with the Yoast SEO plugin v23.4 - https:\/\/yoast.com\/wordpress\/plugins\/seo\/ -->\n<title>InoSAMe Brain - Suppl\u00e9ment de SAMe et Inositol - Promin<\/title>\n<meta name=\"description\" content=\"InoSAMe Brain - Compl\u00e9ment alimentaire \u00e0 base de SAMe, d\u2019Inositol et de Magn\u00e9sium pour le fonctionnement normal du syst\u00e8me nerveux et la fonction psychologique normale. Comprim\u00e9s orodispersibles brevet\u00e9s.\" \/>\n<meta name=\"robots\" content=\"index, follow, max-snippet:-1, max-image-preview:large, max-video-preview:-1\" \/>\n<link rel=\"canonical\" href=\"https:\/\/www.promin.it\/fr\/prodotto\/cerveau-inosame-2\/\" \/>\n<meta property=\"og:locale\" content=\"fr_FR\" \/>\n<meta property=\"og:type\" content=\"article\" \/>\n<meta property=\"og:title\" content=\"InoSAMe Brain - Suppl\u00e9ment de SAMe et Inositol - Promin\" \/>\n<meta property=\"og:description\" content=\"InoSAMe Brain - Compl\u00e9ment alimentaire \u00e0 base de SAMe, d\u2019Inositol et de Magn\u00e9sium pour le fonctionnement normal du syst\u00e8me nerveux et la fonction psychologique normale. Comprim\u00e9s orodispersibles brevet\u00e9s.\" \/>\n<meta property=\"og:url\" content=\"https:\/\/www.promin.it\/fr\/prodotto\/cerveau-inosame-2\/\" \/>\n<meta property=\"og:site_name\" content=\"Promin\" \/>\n<meta property=\"article:publisher\" content=\"https:\/\/www.facebook.com\/prominmed\" \/>\n<meta property=\"article:modified_time\" content=\"2024-11-11T11:12:46+00:00\" \/>\n<meta property=\"og:image\" content=\"https:\/\/www.promin.it\/wp-content\/uploads\/2024\/10\/inosame-brain-same-inositolo-magnesio.jpg\" \/>\n\t<meta property=\"og:image:width\" content=\"600\" \/>\n\t<meta property=\"og:image:height\" content=\"600\" \/>\n\t<meta property=\"og:image:type\" content=\"image\/jpeg\" \/>\n<meta name=\"twitter:card\" content=\"summary_large_image\" \/>\n<script type=\"application\/ld+json\" class=\"yoast-schema-graph\">{\"@context\":\"https:\/\/schema.org\",\"@graph\":[{\"@type\":\"WebPage\",\"@id\":\"https:\/\/www.promin.it\/fr\/prodotto\/cerveau-inosame-2\/\",\"url\":\"https:\/\/www.promin.it\/fr\/prodotto\/cerveau-inosame-2\/\",\"name\":\"InoSAMe Brain - Suppl\u00e9ment de SAMe et Inositol - Promin\",\"isPartOf\":{\"@id\":\"https:\/\/www.promin.it\/#website\"},\"primaryImageOfPage\":{\"@id\":\"https:\/\/www.promin.it\/fr\/prodotto\/cerveau-inosame-2\/#primaryimage\"},\"image\":{\"@id\":\"https:\/\/www.promin.it\/fr\/prodotto\/cerveau-inosame-2\/#primaryimage\"},\"thumbnailUrl\":\"https:\/\/www.promin.it\/wp-content\/uploads\/2024\/10\/inosame-brain-same-inositolo-magnesio.jpg\",\"datePublished\":\"2017-12-02T15:09:42+00:00\",\"dateModified\":\"2024-11-11T11:12:46+00:00\",\"description\":\"InoSAMe Brain - Compl\u00e9ment alimentaire \u00e0 base de SAMe, d\u2019Inositol et de Magn\u00e9sium pour le fonctionnement normal du syst\u00e8me nerveux et la fonction psychologique normale. Comprim\u00e9s orodispersibles brevet\u00e9s.\",\"breadcrumb\":{\"@id\":\"https:\/\/www.promin.it\/fr\/prodotto\/cerveau-inosame-2\/#breadcrumb\"},\"inLanguage\":\"fr-FR\",\"potentialAction\":[{\"@type\":\"ReadAction\",\"target\":[\"https:\/\/www.promin.it\/fr\/prodotto\/cerveau-inosame-2\/\"]}]},{\"@type\":\"ImageObject\",\"inLanguage\":\"fr-FR\",\"@id\":\"https:\/\/www.promin.it\/fr\/prodotto\/cerveau-inosame-2\/#primaryimage\",\"url\":\"https:\/\/www.promin.it\/wp-content\/uploads\/2024\/10\/inosame-brain-same-inositolo-magnesio.jpg\",\"contentUrl\":\"https:\/\/www.promin.it\/wp-content\/uploads\/2024\/10\/inosame-brain-same-inositolo-magnesio.jpg\",\"width\":600,\"height\":600},{\"@type\":\"BreadcrumbList\",\"@id\":\"https:\/\/www.promin.it\/fr\/prodotto\/cerveau-inosame-2\/#breadcrumb\",\"itemListElement\":[{\"@type\":\"ListItem\",\"position\":1,\"name\":\"Accueil\",\"item\":\"https:\/\/www.promin.it\/fr\/\"},{\"@type\":\"ListItem\",\"position\":2,\"name\":\"Boutique\",\"item\":\"https:\/\/www.promin.it\/fr\/boutique\/\"},{\"@type\":\"ListItem\",\"position\":3,\"name\":\"InoSAMe Cerveau\"}]},{\"@type\":\"WebSite\",\"@id\":\"https:\/\/www.promin.it\/#website\",\"url\":\"https:\/\/www.promin.it\/\",\"name\":\"Promin\",\"description\":\"Prodotti Medicina Integrata\",\"publisher\":{\"@id\":\"https:\/\/www.promin.it\/#organization\"},\"potentialAction\":[{\"@type\":\"SearchAction\",\"target\":{\"@type\":\"EntryPoint\",\"urlTemplate\":\"https:\/\/www.promin.it\/?s={search_term_string}\"},\"query-input\":{\"@type\":\"PropertyValueSpecification\",\"valueRequired\":true,\"valueName\":\"search_term_string\"}}],\"inLanguage\":\"fr-FR\"},{\"@type\":\"Organization\",\"@id\":\"https:\/\/www.promin.it\/#organization\",\"name\":\"Promin Srl\",\"alternateName\":\"Promin - Prodotti Medicina Integrata\",\"url\":\"https:\/\/www.promin.it\/\",\"logo\":{\"@type\":\"ImageObject\",\"inLanguage\":\"fr-FR\",\"@id\":\"https:\/\/www.promin.it\/#\/schema\/logo\/image\/\",\"url\":\"https:\/\/www.promin.it\/wp-content\/uploads\/2024\/11\/logo-promin-seo.jpg\",\"contentUrl\":\"https:\/\/www.promin.it\/wp-content\/uploads\/2024\/11\/logo-promin-seo.jpg\",\"width\":512,\"height\":512,\"caption\":\"Promin Srl\"},\"image\":{\"@id\":\"https:\/\/www.promin.it\/#\/schema\/logo\/image\/\"},\"sameAs\":[\"https:\/\/www.facebook.com\/prominmed\",\"https:\/\/www.instagram.com\/promin_medicina_integrata\/\",\"https:\/\/www.linkedin.com\/company\/promin-prodotti-medicina-integrata\/\"]}]}<\/script>\n<!-- \/ Yoast SEO plugin. -->","yoast_head_json":{"title":"InoSAMe Brain - Suppl\u00e9ment de SAMe et Inositol - Promin","description":"InoSAMe Brain - Compl\u00e9ment alimentaire \u00e0 base de SAMe, d\u2019Inositol et de Magn\u00e9sium pour le fonctionnement normal du syst\u00e8me nerveux et la fonction psychologique normale. Comprim\u00e9s orodispersibles brevet\u00e9s.","robots":{"index":"index","follow":"follow","max-snippet":"max-snippet:-1","max-image-preview":"max-image-preview:large","max-video-preview":"max-video-preview:-1"},"canonical":"https:\/\/www.promin.it\/fr\/prodotto\/cerveau-inosame-2\/","og_locale":"fr_FR","og_type":"article","og_title":"InoSAMe Brain - Suppl\u00e9ment de SAMe et Inositol - Promin","og_description":"InoSAMe Brain - Compl\u00e9ment alimentaire \u00e0 base de SAMe, d\u2019Inositol et de Magn\u00e9sium pour le fonctionnement normal du syst\u00e8me nerveux et la fonction psychologique normale. Comprim\u00e9s orodispersibles brevet\u00e9s.","og_url":"https:\/\/www.promin.it\/fr\/prodotto\/cerveau-inosame-2\/","og_site_name":"Promin","article_publisher":"https:\/\/www.facebook.com\/prominmed","article_modified_time":"2024-11-11T11:12:46+00:00","og_image":[{"width":600,"height":600,"url":"https:\/\/www.promin.it\/wp-content\/uploads\/2024\/10\/inosame-brain-same-inositolo-magnesio.jpg","type":"image\/jpeg"}],"twitter_card":"summary_large_image","schema":{"@context":"https:\/\/schema.org","@graph":[{"@type":"WebPage","@id":"https:\/\/www.promin.it\/fr\/prodotto\/cerveau-inosame-2\/","url":"https:\/\/www.promin.it\/fr\/prodotto\/cerveau-inosame-2\/","name":"InoSAMe Brain - Suppl\u00e9ment de SAMe et Inositol - Promin","isPartOf":{"@id":"https:\/\/www.promin.it\/#website"},"primaryImageOfPage":{"@id":"https:\/\/www.promin.it\/fr\/prodotto\/cerveau-inosame-2\/#primaryimage"},"image":{"@id":"https:\/\/www.promin.it\/fr\/prodotto\/cerveau-inosame-2\/#primaryimage"},"thumbnailUrl":"https:\/\/www.promin.it\/wp-content\/uploads\/2024\/10\/inosame-brain-same-inositolo-magnesio.jpg","datePublished":"2017-12-02T15:09:42+00:00","dateModified":"2024-11-11T11:12:46+00:00","description":"InoSAMe Brain - Compl\u00e9ment alimentaire \u00e0 base de SAMe, d\u2019Inositol et de Magn\u00e9sium pour le fonctionnement normal du syst\u00e8me nerveux et la fonction psychologique normale. Comprim\u00e9s orodispersibles brevet\u00e9s.","breadcrumb":{"@id":"https:\/\/www.promin.it\/fr\/prodotto\/cerveau-inosame-2\/#breadcrumb"},"inLanguage":"fr-FR","potentialAction":[{"@type":"ReadAction","target":["https:\/\/www.promin.it\/fr\/prodotto\/cerveau-inosame-2\/"]}]},{"@type":"ImageObject","inLanguage":"fr-FR","@id":"https:\/\/www.promin.it\/fr\/prodotto\/cerveau-inosame-2\/#primaryimage","url":"https:\/\/www.promin.it\/wp-content\/uploads\/2024\/10\/inosame-brain-same-inositolo-magnesio.jpg","contentUrl":"https:\/\/www.promin.it\/wp-content\/uploads\/2024\/10\/inosame-brain-same-inositolo-magnesio.jpg","width":600,"height":600},{"@type":"BreadcrumbList","@id":"https:\/\/www.promin.it\/fr\/prodotto\/cerveau-inosame-2\/#breadcrumb","itemListElement":[{"@type":"ListItem","position":1,"name":"Accueil","item":"https:\/\/www.promin.it\/fr\/"},{"@type":"ListItem","position":2,"name":"Boutique","item":"https:\/\/www.promin.it\/fr\/boutique\/"},{"@type":"ListItem","position":3,"name":"InoSAMe Cerveau"}]},{"@type":"WebSite","@id":"https:\/\/www.promin.it\/#website","url":"https:\/\/www.promin.it\/","name":"Promin","description":"Prodotti Medicina Integrata","publisher":{"@id":"https:\/\/www.promin.it\/#organization"},"potentialAction":[{"@type":"SearchAction","target":{"@type":"EntryPoint","urlTemplate":"https:\/\/www.promin.it\/?s={search_term_string}"},"query-input":{"@type":"PropertyValueSpecification","valueRequired":true,"valueName":"search_term_string"}}],"inLanguage":"fr-FR"},{"@type":"Organization","@id":"https:\/\/www.promin.it\/#organization","name":"Promin Srl","alternateName":"Promin - Prodotti Medicina Integrata","url":"https:\/\/www.promin.it\/","logo":{"@type":"ImageObject","inLanguage":"fr-FR","@id":"https:\/\/www.promin.it\/#\/schema\/logo\/image\/","url":"https:\/\/www.promin.it\/wp-content\/uploads\/2024\/11\/logo-promin-seo.jpg","contentUrl":"https:\/\/www.promin.it\/wp-content\/uploads\/2024\/11\/logo-promin-seo.jpg","width":512,"height":512,"caption":"Promin Srl"},"image":{"@id":"https:\/\/www.promin.it\/#\/schema\/logo\/image\/"},"sameAs":["https:\/\/www.facebook.com\/prominmed","https:\/\/www.instagram.com\/promin_medicina_integrata\/","https:\/\/www.linkedin.com\/company\/promin-prodotti-medicina-integrata\/"]}]}},"jetpack_sharing_enabled":true,"_links":{"self":[{"href":"https:\/\/www.promin.it\/fr\/wp-json\/wp\/v2\/product\/19393"}],"collection":[{"href":"https:\/\/www.promin.it\/fr\/wp-json\/wp\/v2\/product"}],"about":[{"href":"https:\/\/www.promin.it\/fr\/wp-json\/wp\/v2\/types\/product"}],"wp:featuredmedia":[{"embeddable":true,"href":"https:\/\/www.promin.it\/fr\/wp-json\/wp\/v2\/media\/19092"}],"wp:attachment":[{"href":"https:\/\/www.promin.it\/fr\/wp-json\/wp\/v2\/media?parent=19393"}],"wp:term":[{"taxonomy":"product_cat","embeddable":true,"href":"https:\/\/www.promin.it\/fr\/wp-json\/wp\/v2\/product_cat?post=19393"},{"taxonomy":"product_tag","embeddable":true,"href":"https:\/\/www.promin.it\/fr\/wp-json\/wp\/v2\/product_tag?post=19393"}],"curies":[{"name":"wp","href":"https:\/\/api.w.org\/{rel}","templated":true}]}}