{"id":19394,"date":"2017-11-22T17:30:44","date_gmt":"2017-11-22T16:30:44","guid":{"rendered":"https:\/\/www.promin.it\/?post_type=product&#038;p=19394"},"modified":"2024-11-11T12:12:46","modified_gmt":"2024-11-11T11:12:46","slug":"mannoli-regulateur-rafraichissant-intestinal-manne-de-grains-entiers","status":"publish","type":"product","link":"https:\/\/www.promin.it\/fr\/prodotto\/mannoli-regulateur-rafraichissant-intestinal-manne-de-grains-entiers\/","title":{"rendered":"Mannol\u00ec"},"content":{"rendered":"<p><strong>Mannol\u00ec<\/strong> est un compl\u00e9ment alimentaire de Manne enti\u00e8re des Madonie, avec de l\u2019Inositol et des extraits de Fenouil et de Cannelle, des principes actifs qui contribuent au maintien de la fra\u00eecheur et de la r\u00e9gularit\u00e9 intestinale.<\/p>\n<ul>\n<li><strong>La manne contribue \u00e0<\/strong> la r\u00e9gularit\u00e9 du transit intestinal et au volume normal et \u00e0 la consistance des selles.<\/li>\n<li><strong>Le fenouil<\/strong> a une fonction digestive, contribue \u00e0 la motilit\u00e9 intestinale r\u00e9guli\u00e8re et \u00e0 l\u2019\u00e9limination des gaz.<\/li>\n<li><strong>La cannelle<\/strong> a une fonction digestive et contribue \u00e0 un transit intestinal r\u00e9gulier et \u00e0 l\u2019\u00e9limination des gaz intestinaux.<\/li>\n<li><strong>L\u2019inositol<\/strong> est un membre non officiel du groupe des vitamines B et un composant principal des membranes cellulaires.<\/li>\n<\/ul>\n<p>La manne de Mannol\u00ec est l\u2019une des plus belles qualit\u00e9s : les cannoli de manne de Madonie Ash. En plus de la mannite, qui a plusieurs actions b\u00e9n\u00e9fiques sur le corps humain, la manne en tant que phytocomplexe contient d\u2019autres principes actifs qui \u00e9largissent son champ d\u2019action au b\u00e9n\u00e9fice du syst\u00e8me gastro-intestinal : mananninostriose, manninotetrose \u00e0 effet pr\u00e9biotique, min\u00e9raux, r\u00e9sine, vitamines, enzymes, mucilage, pectines, tanins, etc. <\/p>\n<h3>INFORMATIONS TECHNIQUES SUR LE PRODUIT<\/h3>\n<ul>\n<li><strong>INGR\u00c9DIENTS&nbsp;:<\/strong> Jus de manne naturelle (de Fraxinus Manna), maltodextrine, inositol, fruits de fenouil (Foenicum Vulgare) d.e., \u00e9corce de cannelle (Cinnamomum Zeylanicum) d.e.<\/li>\n<li><strong>CONDITIONNEMENT : Bo\u00eete<\/strong> de 20 sachets unidoses<\/li>\n<li><strong>FORME PHARMACEUTIQUE :<\/strong> Granul\u00e9s solubles \u00e0 dissoudre dans l\u2019eau.<\/li>\n<li><strong>MODE D\u2019EMPLOI : Pour<\/strong> lutter contre la constipation, 4 sachets par jour avant les repas, 2 le matin, au petit-d\u00e9jeuner ou au d\u00e9jeuner et 2 le soir dissous dans de l\u2019eau, du th\u00e9, du caf\u00e9, du lait ou des tisanes jusqu\u2019\u00e0 ce que le trouble disparaisse (la manne a l\u2019avantage d\u2019\u00eatre un \u00e9dulcorant naturel \u00e0 faible teneur en glucose et en fructose). Ensuite, divisez par deux la dose et prenez pendant quelques jours de plus. Comme rafra\u00eechissement intestinal, pour maintenir un intestin actif, propre et d\u00e9senflamm\u00e9, pour soutenir la purification de l\u2019organisme des d\u00e9chets, des toxines et des radicaux libres 1 ou 2 sachets par jour le soir, avant un repas, pendant environ 10 jours par mois.  <\/li>\n<li><strong>ALLERG\u00c8NES :<\/strong> Non pr\u00e9sent (Promin ne garantit pas l\u2019absence d\u2019une \u00e9ventuelle contamination crois\u00e9e tout au long de la cha\u00eene de production)<\/li>\n<li><strong>CODE CODIFA :<\/strong> 935607907 (Indiquez \u00e0 votre pharmacien le code CODIFA, afin de ne pas avoir de probl\u00e8mes pour trouver le produit)<\/li>\n<\/ul>\n<p>Avertissements : Ne d\u00e9passez pas la dose quotidienne recommand\u00e9e. Tenir hors de port\u00e9e des enfants de moins de 3 ans. Les suppl\u00e9ments ne sont pas destin\u00e9s \u00e0 se substituer \u00e0 une alimentation vari\u00e9e et \u00e9quilibr\u00e9e et \u00e0 un mode de vie sain.<\/p>\n","protected":false},"excerpt":{"rendered":"<p style=\"text-align: center;\">Compl\u00e9ment alimentaire \u00e0 base de <strong>Manne et<\/strong> d\u2019Inositol complets, au Fenouil et \u00e0 la Cannelle pour <strong>la r\u00e9gularit\u00e9 et la fra\u00eecheur intestinales<\/strong>.<\/p>\n","protected":false},"featured_media":19103,"template":"","meta":{"_acf_changed":false,"jetpack_post_was_ever_published":false,"jetpack_publicize_message":"","jetpack_publicize_feature_enabled":true,"jetpack_social_post_already_shared":true,"jetpack_social_options":{"image_generator_settings":{"template":"highway","enabled":false},"version":2}},"product_cat":[658,652,640,684,643,653,626],"product_tag":[],"class_list":{"0":"post-19394","1":"product","2":"type-product","3":"status-publish","4":"has-post-thumbnail","6":"product_cat-cannelle","7":"product_cat-fenouil","8":"product_cat-inositolo-fr","9":"product_cat-lignes-promin","10":"product_cat-linea-inositolo-fr","11":"product_cat-manne-naturelle","12":"product_cat-systeme-gastro-intestinal","14":"first","15":"instock","16":"taxable","17":"shipping-taxable","18":"purchasable","19":"product-type-simple"},"jetpack_publicize_connections":[],"acf":[],"yoast_head":"<!-- This site is optimized with the Yoast SEO plugin v23.4 - https:\/\/yoast.com\/wordpress\/plugins\/seo\/ -->\n<title>Mannol\u00ec - Compl\u00e9ment alimentaire complet \u00e0 base de manne et d\u2019inositol - Promin<\/title>\n<meta name=\"description\" content=\"Mannol\u00ec - De Promin intercalaire alimentaire \u00e0 base de Manne et d\u2019Inositol complets, avec de la Cannelle et de la Cannelle, pour aider \u00e0 la r\u00e9gularit\u00e9 intestinale... D\u00e9couvrez les caract\u00e9ristiques et les propri\u00e9t\u00e9s.\" \/>\n<meta name=\"robots\" content=\"index, follow, max-snippet:-1, max-image-preview:large, max-video-preview:-1\" \/>\n<link rel=\"canonical\" href=\"https:\/\/www.promin.it\/fr\/prodotto\/mannoli-regulateur-rafraichissant-intestinal-manne-de-grains-entiers\/\" \/>\n<meta property=\"og:locale\" content=\"fr_FR\" \/>\n<meta property=\"og:type\" content=\"article\" \/>\n<meta property=\"og:title\" content=\"Mannol\u00ec - Compl\u00e9ment alimentaire complet \u00e0 base de manne et d\u2019inositol - Promin\" \/>\n<meta property=\"og:description\" content=\"Mannol\u00ec - De Promin intercalaire alimentaire \u00e0 base de Manne et d\u2019Inositol complets, avec de la Cannelle et de la Cannelle, pour aider \u00e0 la r\u00e9gularit\u00e9 intestinale... D\u00e9couvrez les caract\u00e9ristiques et les propri\u00e9t\u00e9s.\" \/>\n<meta property=\"og:url\" content=\"https:\/\/www.promin.it\/fr\/prodotto\/mannoli-regulateur-rafraichissant-intestinal-manne-de-grains-entiers\/\" \/>\n<meta property=\"og:site_name\" content=\"Promin\" \/>\n<meta property=\"article:publisher\" content=\"https:\/\/www.facebook.com\/prominmed\" \/>\n<meta property=\"article:modified_time\" content=\"2024-11-11T11:12:46+00:00\" \/>\n<meta property=\"og:image\" content=\"https:\/\/www.promin.it\/wp-content\/uploads\/2021\/04\/mannoli-integratore-inositolo-finocchio-cannella.jpg\" \/>\n\t<meta property=\"og:image:width\" content=\"600\" \/>\n\t<meta property=\"og:image:height\" content=\"600\" \/>\n\t<meta property=\"og:image:type\" content=\"image\/jpeg\" \/>\n<meta name=\"twitter:card\" content=\"summary_large_image\" \/>\n<script type=\"application\/ld+json\" class=\"yoast-schema-graph\">{\"@context\":\"https:\/\/schema.org\",\"@graph\":[{\"@type\":\"WebPage\",\"@id\":\"https:\/\/www.promin.it\/fr\/prodotto\/mannoli-regulateur-rafraichissant-intestinal-manne-de-grains-entiers\/\",\"url\":\"https:\/\/www.promin.it\/fr\/prodotto\/mannoli-regulateur-rafraichissant-intestinal-manne-de-grains-entiers\/\",\"name\":\"Mannol\u00ec - Compl\u00e9ment alimentaire complet \u00e0 base de manne et d\u2019inositol - Promin\",\"isPartOf\":{\"@id\":\"https:\/\/www.promin.it\/#website\"},\"primaryImageOfPage\":{\"@id\":\"https:\/\/www.promin.it\/fr\/prodotto\/mannoli-regulateur-rafraichissant-intestinal-manne-de-grains-entiers\/#primaryimage\"},\"image\":{\"@id\":\"https:\/\/www.promin.it\/fr\/prodotto\/mannoli-regulateur-rafraichissant-intestinal-manne-de-grains-entiers\/#primaryimage\"},\"thumbnailUrl\":\"https:\/\/www.promin.it\/wp-content\/uploads\/2021\/04\/mannoli-integratore-inositolo-finocchio-cannella.jpg\",\"datePublished\":\"2017-11-22T16:30:44+00:00\",\"dateModified\":\"2024-11-11T11:12:46+00:00\",\"description\":\"Mannol\u00ec - De Promin intercalaire alimentaire \u00e0 base de Manne et d\u2019Inositol complets, avec de la Cannelle et de la Cannelle, pour aider \u00e0 la r\u00e9gularit\u00e9 intestinale... D\u00e9couvrez les caract\u00e9ristiques et les propri\u00e9t\u00e9s.\",\"breadcrumb\":{\"@id\":\"https:\/\/www.promin.it\/fr\/prodotto\/mannoli-regulateur-rafraichissant-intestinal-manne-de-grains-entiers\/#breadcrumb\"},\"inLanguage\":\"fr-FR\",\"potentialAction\":[{\"@type\":\"ReadAction\",\"target\":[\"https:\/\/www.promin.it\/fr\/prodotto\/mannoli-regulateur-rafraichissant-intestinal-manne-de-grains-entiers\/\"]}]},{\"@type\":\"ImageObject\",\"inLanguage\":\"fr-FR\",\"@id\":\"https:\/\/www.promin.it\/fr\/prodotto\/mannoli-regulateur-rafraichissant-intestinal-manne-de-grains-entiers\/#primaryimage\",\"url\":\"https:\/\/www.promin.it\/wp-content\/uploads\/2021\/04\/mannoli-integratore-inositolo-finocchio-cannella.jpg\",\"contentUrl\":\"https:\/\/www.promin.it\/wp-content\/uploads\/2021\/04\/mannoli-integratore-inositolo-finocchio-cannella.jpg\",\"width\":600,\"height\":600},{\"@type\":\"BreadcrumbList\",\"@id\":\"https:\/\/www.promin.it\/fr\/prodotto\/mannoli-regulateur-rafraichissant-intestinal-manne-de-grains-entiers\/#breadcrumb\",\"itemListElement\":[{\"@type\":\"ListItem\",\"position\":1,\"name\":\"Accueil\",\"item\":\"https:\/\/www.promin.it\/fr\/\"},{\"@type\":\"ListItem\",\"position\":2,\"name\":\"Boutique\",\"item\":\"https:\/\/www.promin.it\/fr\/boutique\/\"},{\"@type\":\"ListItem\",\"position\":3,\"name\":\"Mannol\u00ec\"}]},{\"@type\":\"WebSite\",\"@id\":\"https:\/\/www.promin.it\/#website\",\"url\":\"https:\/\/www.promin.it\/\",\"name\":\"Promin\",\"description\":\"Prodotti Medicina Integrata\",\"publisher\":{\"@id\":\"https:\/\/www.promin.it\/#organization\"},\"potentialAction\":[{\"@type\":\"SearchAction\",\"target\":{\"@type\":\"EntryPoint\",\"urlTemplate\":\"https:\/\/www.promin.it\/?s={search_term_string}\"},\"query-input\":{\"@type\":\"PropertyValueSpecification\",\"valueRequired\":true,\"valueName\":\"search_term_string\"}}],\"inLanguage\":\"fr-FR\"},{\"@type\":\"Organization\",\"@id\":\"https:\/\/www.promin.it\/#organization\",\"name\":\"Promin Srl\",\"alternateName\":\"Promin - Prodotti Medicina Integrata\",\"url\":\"https:\/\/www.promin.it\/\",\"logo\":{\"@type\":\"ImageObject\",\"inLanguage\":\"fr-FR\",\"@id\":\"https:\/\/www.promin.it\/#\/schema\/logo\/image\/\",\"url\":\"https:\/\/www.promin.it\/wp-content\/uploads\/2024\/11\/logo-promin-seo.jpg\",\"contentUrl\":\"https:\/\/www.promin.it\/wp-content\/uploads\/2024\/11\/logo-promin-seo.jpg\",\"width\":512,\"height\":512,\"caption\":\"Promin Srl\"},\"image\":{\"@id\":\"https:\/\/www.promin.it\/#\/schema\/logo\/image\/\"},\"sameAs\":[\"https:\/\/www.facebook.com\/prominmed\",\"https:\/\/www.instagram.com\/promin_medicina_integrata\/\",\"https:\/\/www.linkedin.com\/company\/promin-prodotti-medicina-integrata\/\"]}]}<\/script>\n<!-- \/ Yoast SEO plugin. -->","yoast_head_json":{"title":"Mannol\u00ec - Compl\u00e9ment alimentaire complet \u00e0 base de manne et d\u2019inositol - Promin","description":"Mannol\u00ec - De Promin intercalaire alimentaire \u00e0 base de Manne et d\u2019Inositol complets, avec de la Cannelle et de la Cannelle, pour aider \u00e0 la r\u00e9gularit\u00e9 intestinale... D\u00e9couvrez les caract\u00e9ristiques et les propri\u00e9t\u00e9s.","robots":{"index":"index","follow":"follow","max-snippet":"max-snippet:-1","max-image-preview":"max-image-preview:large","max-video-preview":"max-video-preview:-1"},"canonical":"https:\/\/www.promin.it\/fr\/prodotto\/mannoli-regulateur-rafraichissant-intestinal-manne-de-grains-entiers\/","og_locale":"fr_FR","og_type":"article","og_title":"Mannol\u00ec - Compl\u00e9ment alimentaire complet \u00e0 base de manne et d\u2019inositol - Promin","og_description":"Mannol\u00ec - De Promin intercalaire alimentaire \u00e0 base de Manne et d\u2019Inositol complets, avec de la Cannelle et de la Cannelle, pour aider \u00e0 la r\u00e9gularit\u00e9 intestinale... D\u00e9couvrez les caract\u00e9ristiques et les propri\u00e9t\u00e9s.","og_url":"https:\/\/www.promin.it\/fr\/prodotto\/mannoli-regulateur-rafraichissant-intestinal-manne-de-grains-entiers\/","og_site_name":"Promin","article_publisher":"https:\/\/www.facebook.com\/prominmed","article_modified_time":"2024-11-11T11:12:46+00:00","og_image":[{"width":600,"height":600,"url":"https:\/\/www.promin.it\/wp-content\/uploads\/2021\/04\/mannoli-integratore-inositolo-finocchio-cannella.jpg","type":"image\/jpeg"}],"twitter_card":"summary_large_image","schema":{"@context":"https:\/\/schema.org","@graph":[{"@type":"WebPage","@id":"https:\/\/www.promin.it\/fr\/prodotto\/mannoli-regulateur-rafraichissant-intestinal-manne-de-grains-entiers\/","url":"https:\/\/www.promin.it\/fr\/prodotto\/mannoli-regulateur-rafraichissant-intestinal-manne-de-grains-entiers\/","name":"Mannol\u00ec - Compl\u00e9ment alimentaire complet \u00e0 base de manne et d\u2019inositol - Promin","isPartOf":{"@id":"https:\/\/www.promin.it\/#website"},"primaryImageOfPage":{"@id":"https:\/\/www.promin.it\/fr\/prodotto\/mannoli-regulateur-rafraichissant-intestinal-manne-de-grains-entiers\/#primaryimage"},"image":{"@id":"https:\/\/www.promin.it\/fr\/prodotto\/mannoli-regulateur-rafraichissant-intestinal-manne-de-grains-entiers\/#primaryimage"},"thumbnailUrl":"https:\/\/www.promin.it\/wp-content\/uploads\/2021\/04\/mannoli-integratore-inositolo-finocchio-cannella.jpg","datePublished":"2017-11-22T16:30:44+00:00","dateModified":"2024-11-11T11:12:46+00:00","description":"Mannol\u00ec - De Promin intercalaire alimentaire \u00e0 base de Manne et d\u2019Inositol complets, avec de la Cannelle et de la Cannelle, pour aider \u00e0 la r\u00e9gularit\u00e9 intestinale... D\u00e9couvrez les caract\u00e9ristiques et les propri\u00e9t\u00e9s.","breadcrumb":{"@id":"https:\/\/www.promin.it\/fr\/prodotto\/mannoli-regulateur-rafraichissant-intestinal-manne-de-grains-entiers\/#breadcrumb"},"inLanguage":"fr-FR","potentialAction":[{"@type":"ReadAction","target":["https:\/\/www.promin.it\/fr\/prodotto\/mannoli-regulateur-rafraichissant-intestinal-manne-de-grains-entiers\/"]}]},{"@type":"ImageObject","inLanguage":"fr-FR","@id":"https:\/\/www.promin.it\/fr\/prodotto\/mannoli-regulateur-rafraichissant-intestinal-manne-de-grains-entiers\/#primaryimage","url":"https:\/\/www.promin.it\/wp-content\/uploads\/2021\/04\/mannoli-integratore-inositolo-finocchio-cannella.jpg","contentUrl":"https:\/\/www.promin.it\/wp-content\/uploads\/2021\/04\/mannoli-integratore-inositolo-finocchio-cannella.jpg","width":600,"height":600},{"@type":"BreadcrumbList","@id":"https:\/\/www.promin.it\/fr\/prodotto\/mannoli-regulateur-rafraichissant-intestinal-manne-de-grains-entiers\/#breadcrumb","itemListElement":[{"@type":"ListItem","position":1,"name":"Accueil","item":"https:\/\/www.promin.it\/fr\/"},{"@type":"ListItem","position":2,"name":"Boutique","item":"https:\/\/www.promin.it\/fr\/boutique\/"},{"@type":"ListItem","position":3,"name":"Mannol\u00ec"}]},{"@type":"WebSite","@id":"https:\/\/www.promin.it\/#website","url":"https:\/\/www.promin.it\/","name":"Promin","description":"Prodotti Medicina Integrata","publisher":{"@id":"https:\/\/www.promin.it\/#organization"},"potentialAction":[{"@type":"SearchAction","target":{"@type":"EntryPoint","urlTemplate":"https:\/\/www.promin.it\/?s={search_term_string}"},"query-input":{"@type":"PropertyValueSpecification","valueRequired":true,"valueName":"search_term_string"}}],"inLanguage":"fr-FR"},{"@type":"Organization","@id":"https:\/\/www.promin.it\/#organization","name":"Promin Srl","alternateName":"Promin - Prodotti Medicina Integrata","url":"https:\/\/www.promin.it\/","logo":{"@type":"ImageObject","inLanguage":"fr-FR","@id":"https:\/\/www.promin.it\/#\/schema\/logo\/image\/","url":"https:\/\/www.promin.it\/wp-content\/uploads\/2024\/11\/logo-promin-seo.jpg","contentUrl":"https:\/\/www.promin.it\/wp-content\/uploads\/2024\/11\/logo-promin-seo.jpg","width":512,"height":512,"caption":"Promin Srl"},"image":{"@id":"https:\/\/www.promin.it\/#\/schema\/logo\/image\/"},"sameAs":["https:\/\/www.facebook.com\/prominmed","https:\/\/www.instagram.com\/promin_medicina_integrata\/","https:\/\/www.linkedin.com\/company\/promin-prodotti-medicina-integrata\/"]}]}},"jetpack_sharing_enabled":true,"_links":{"self":[{"href":"https:\/\/www.promin.it\/fr\/wp-json\/wp\/v2\/product\/19394"}],"collection":[{"href":"https:\/\/www.promin.it\/fr\/wp-json\/wp\/v2\/product"}],"about":[{"href":"https:\/\/www.promin.it\/fr\/wp-json\/wp\/v2\/types\/product"}],"wp:featuredmedia":[{"embeddable":true,"href":"https:\/\/www.promin.it\/fr\/wp-json\/wp\/v2\/media\/19103"}],"wp:attachment":[{"href":"https:\/\/www.promin.it\/fr\/wp-json\/wp\/v2\/media?parent=19394"}],"wp:term":[{"taxonomy":"product_cat","embeddable":true,"href":"https:\/\/www.promin.it\/fr\/wp-json\/wp\/v2\/product_cat?post=19394"},{"taxonomy":"product_tag","embeddable":true,"href":"https:\/\/www.promin.it\/fr\/wp-json\/wp\/v2\/product_tag?post=19394"}],"curies":[{"name":"wp","href":"https:\/\/api.w.org\/{rel}","templated":true}]}}