{"id":19396,"date":"2017-11-20T11:20:26","date_gmt":"2017-11-20T10:20:26","guid":{"rendered":"https:\/\/www.promin.it\/?post_type=product&#038;p=19396"},"modified":"2024-11-07T09:10:11","modified_gmt":"2024-11-07T08:10:11","slug":"neo-immuviral","status":"publish","type":"product","link":"https:\/\/www.promin.it\/fr\/prodotto\/neo-immuviral\/","title":{"rendered":"N\u00c9O-IMMUVIRAL"},"content":{"rendered":"<h3>JUSTIFICATION DE LA FORMULATION\/INDICATIONS D\u2019UTILISATION<\/h3>\n<p><strong>Neoimmuviral<\/strong> est un compl\u00e9ment alimentaire en g\u00e9lules v\u00e9g\u00e9tales \u00e0 base d\u2019extrait sec de <em>Sophora japonica<\/em> titr\u00e9 en <strong>Querc\u00e9tine<\/strong> et avec <strong>de la Lactoferrine<\/strong>.<br \/>\nNeoimmuviral exploite les propri\u00e9t\u00e9s de l\u2019un des composants les plus actifs du colostrum, la lactoferrine, une prot\u00e9ine impliqu\u00e9e dans la r\u00e9ponse immunitaire de l\u2019organisme aux infections, et la querc\u00e9tine, un polyph\u00e9nol extrait de <em>Sophora japonica<\/em>, connu pour son action antioxydante, immunostimulante et anti-inflammatoire. Il est recommand\u00e9 de prendre une g\u00e9lule par jour.<\/p>\n<h3>INFORMATIONS TECHNIQUES SUR LE PRODUIT<\/h3>\n<ul>\n<li><strong>INGR\u00c9DIENTS:<\/strong> Sophora japonica L. fiori, m\u00e9sange. dans la querc\u00e9tine dihydrat\u00e9e ; Agent de comblement : Maltodextrine ; Lottoferrina&nbsp;; G\u00e9lule v\u00e9g\u00e9tale HPMC transparente.<\/li>\n<li><strong>EMBALLAGE:<\/strong> Bo\u00eete avec flacon de 60 g\u00e9lules<\/li>\n<li><strong>FORME PHARMACEUTIQUE :<\/strong> G\u00e9lules v\u00e9g\u00e9tales<\/li>\n<li><strong>MODE D\u2019EMPLOI&nbsp;:<\/strong> 1 capsule par jour.<\/li>\n<\/ul>\n<p><strong>Avertissements&nbsp;:<\/strong> Ne d\u00e9passez pas la dose quotidienne recommand\u00e9e. Tenir hors de port\u00e9e des enfants de moins de 3 ans. Les suppl\u00e9ments ne sont pas destin\u00e9s \u00e0 se substituer \u00e0 une alimentation vari\u00e9e et \u00e9quilibr\u00e9e et \u00e0 un mode de vie sain.<\/p>\n","protected":false},"excerpt":{"rendered":"<p style=\"text-align: center;\"><strong>Neoimmuviral<\/strong> est un compl\u00e9ment alimentaire en g\u00e9lules v\u00e9g\u00e9tales \u00e0 base d\u2019extrait sec de <em>Sophora japonica<\/em> titr\u00e9 en <strong>Querc\u00e9tine<\/strong> et avec <strong>de la Lactoferrine<\/strong>.<\/p>\n","protected":false},"featured_media":19106,"template":"","meta":{"_acf_changed":false,"jetpack_post_was_ever_published":false,"jetpack_publicize_message":"","jetpack_publicize_feature_enabled":true,"jetpack_social_post_already_shared":true,"jetpack_social_options":{"image_generator_settings":{"template":"highway","enabled":false},"version":2}},"product_cat":[708,730,734,729,627],"product_tag":[681,733,731,732],"class_list":{"0":"post-19396","1":"product","2":"type-product","3":"status-publish","4":"has-post-thumbnail","6":"product_cat-lactoferrine","7":"product_cat-neo-immuviral","8":"product_cat-quercetine","9":"product_cat-recommande-par-promin","10":"product_cat-systeme-immunitaire","11":"product_tag-immunite","12":"product_tag-lactoferrine","13":"product_tag-neo-immuviral-fr","14":"product_tag-quercetine","16":"first","17":"outofstock","18":"taxable","19":"shipping-taxable","20":"purchasable","21":"product-type-simple"},"jetpack_publicize_connections":[],"acf":[],"yoast_head":"<!-- This site is optimized with the Yoast SEO plugin v23.4 - https:\/\/yoast.com\/wordpress\/plugins\/seo\/ -->\n<title>N\u00c9O-IMMUVIRAL - Promin<\/title>\n<meta name=\"description\" content=\"Neoimmuviral - Compl\u00e9ment alimentaire \u00e0 base de Lactoferrine et Querc\u00e9tine - 30 g\u00e9lules - Pharmacie Fatebenefratelli - Recommand\u00e9 par Promin\" \/>\n<meta name=\"robots\" content=\"index, follow, max-snippet:-1, max-image-preview:large, max-video-preview:-1\" \/>\n<link rel=\"canonical\" href=\"https:\/\/www.promin.it\/prodotto\/neoimmuviral\/\" \/>\n<meta property=\"og:locale\" content=\"fr_FR\" \/>\n<meta property=\"og:type\" content=\"article\" \/>\n<meta property=\"og:title\" content=\"N\u00c9O-IMMUVIRAL - Promin\" \/>\n<meta property=\"og:description\" content=\"Neoimmuviral - Compl\u00e9ment alimentaire \u00e0 base de Lactoferrine et Querc\u00e9tine - 30 g\u00e9lules - Pharmacie Fatebenefratelli - Recommand\u00e9 par Promin\" \/>\n<meta property=\"og:url\" content=\"https:\/\/www.promin.it\/prodotto\/neoimmuviral\/\" \/>\n<meta property=\"og:site_name\" content=\"Promin\" \/>\n<meta property=\"article:publisher\" content=\"https:\/\/www.facebook.com\/prominmed\" \/>\n<meta property=\"article:modified_time\" content=\"2024-11-07T08:10:11+00:00\" \/>\n<meta property=\"og:image\" content=\"https:\/\/www.promin.it\/wp-content\/uploads\/2017\/11\/neoimmunoviral-estratto-secco-sophora-japonica.jpg\" \/>\n\t<meta property=\"og:image:width\" content=\"600\" \/>\n\t<meta property=\"og:image:height\" content=\"600\" \/>\n\t<meta property=\"og:image:type\" content=\"image\/jpeg\" \/>\n<meta name=\"twitter:card\" content=\"summary_large_image\" \/>\n<script type=\"application\/ld+json\" class=\"yoast-schema-graph\">{\"@context\":\"https:\/\/schema.org\",\"@graph\":[{\"@type\":\"WebPage\",\"@id\":\"https:\/\/www.promin.it\/prodotto\/neoimmuviral\/\",\"url\":\"https:\/\/www.promin.it\/prodotto\/neoimmuviral\/\",\"name\":\"N\u00c9O-IMMUVIRAL - Promin\",\"isPartOf\":{\"@id\":\"https:\/\/www.promin.it\/#website\"},\"primaryImageOfPage\":{\"@id\":\"https:\/\/www.promin.it\/prodotto\/neoimmuviral\/#primaryimage\"},\"image\":{\"@id\":\"https:\/\/www.promin.it\/prodotto\/neoimmuviral\/#primaryimage\"},\"thumbnailUrl\":\"https:\/\/www.promin.it\/wp-content\/uploads\/2017\/11\/neoimmunoviral-estratto-secco-sophora-japonica.jpg\",\"datePublished\":\"2017-11-20T10:20:26+00:00\",\"dateModified\":\"2024-11-07T08:10:11+00:00\",\"description\":\"Neoimmuviral - Compl\u00e9ment alimentaire \u00e0 base de Lactoferrine et Querc\u00e9tine - 30 g\u00e9lules - Pharmacie Fatebenefratelli - Recommand\u00e9 par Promin\",\"breadcrumb\":{\"@id\":\"https:\/\/www.promin.it\/prodotto\/neoimmuviral\/#breadcrumb\"},\"inLanguage\":\"fr-FR\",\"potentialAction\":[{\"@type\":\"ReadAction\",\"target\":[\"https:\/\/www.promin.it\/prodotto\/neoimmuviral\/\"]}]},{\"@type\":\"ImageObject\",\"inLanguage\":\"fr-FR\",\"@id\":\"https:\/\/www.promin.it\/prodotto\/neoimmuviral\/#primaryimage\",\"url\":\"https:\/\/www.promin.it\/wp-content\/uploads\/2017\/11\/neoimmunoviral-estratto-secco-sophora-japonica.jpg\",\"contentUrl\":\"https:\/\/www.promin.it\/wp-content\/uploads\/2017\/11\/neoimmunoviral-estratto-secco-sophora-japonica.jpg\",\"width\":600,\"height\":600},{\"@type\":\"BreadcrumbList\",\"@id\":\"https:\/\/www.promin.it\/prodotto\/neoimmuviral\/#breadcrumb\",\"itemListElement\":[{\"@type\":\"ListItem\",\"position\":1,\"name\":\"Accueil\",\"item\":\"https:\/\/www.promin.it\/fr\/\"},{\"@type\":\"ListItem\",\"position\":2,\"name\":\"Boutique\",\"item\":\"https:\/\/www.promin.it\/fr\/boutique\/\"},{\"@type\":\"ListItem\",\"position\":3,\"name\":\"N\u00c9O-IMMUVIRAL\"}]},{\"@type\":\"WebSite\",\"@id\":\"https:\/\/www.promin.it\/#website\",\"url\":\"https:\/\/www.promin.it\/\",\"name\":\"Promin\",\"description\":\"Prodotti Medicina Integrata\",\"publisher\":{\"@id\":\"https:\/\/www.promin.it\/#organization\"},\"potentialAction\":[{\"@type\":\"SearchAction\",\"target\":{\"@type\":\"EntryPoint\",\"urlTemplate\":\"https:\/\/www.promin.it\/?s={search_term_string}\"},\"query-input\":{\"@type\":\"PropertyValueSpecification\",\"valueRequired\":true,\"valueName\":\"search_term_string\"}}],\"inLanguage\":\"fr-FR\"},{\"@type\":\"Organization\",\"@id\":\"https:\/\/www.promin.it\/#organization\",\"name\":\"Promin Srl\",\"alternateName\":\"Promin - Prodotti Medicina Integrata\",\"url\":\"https:\/\/www.promin.it\/\",\"logo\":{\"@type\":\"ImageObject\",\"inLanguage\":\"fr-FR\",\"@id\":\"https:\/\/www.promin.it\/#\/schema\/logo\/image\/\",\"url\":\"https:\/\/www.promin.it\/wp-content\/uploads\/2024\/11\/logo-promin-seo.jpg\",\"contentUrl\":\"https:\/\/www.promin.it\/wp-content\/uploads\/2024\/11\/logo-promin-seo.jpg\",\"width\":512,\"height\":512,\"caption\":\"Promin Srl\"},\"image\":{\"@id\":\"https:\/\/www.promin.it\/#\/schema\/logo\/image\/\"},\"sameAs\":[\"https:\/\/www.facebook.com\/prominmed\",\"https:\/\/www.instagram.com\/promin_medicina_integrata\/\",\"https:\/\/www.linkedin.com\/company\/promin-prodotti-medicina-integrata\/\"]}]}<\/script>\n<!-- \/ Yoast SEO plugin. -->","yoast_head_json":{"title":"N\u00c9O-IMMUVIRAL - Promin","description":"Neoimmuviral - Compl\u00e9ment alimentaire \u00e0 base de Lactoferrine et Querc\u00e9tine - 30 g\u00e9lules - Pharmacie Fatebenefratelli - Recommand\u00e9 par Promin","robots":{"index":"index","follow":"follow","max-snippet":"max-snippet:-1","max-image-preview":"max-image-preview:large","max-video-preview":"max-video-preview:-1"},"canonical":"https:\/\/www.promin.it\/prodotto\/neoimmuviral\/","og_locale":"fr_FR","og_type":"article","og_title":"N\u00c9O-IMMUVIRAL - Promin","og_description":"Neoimmuviral - Compl\u00e9ment alimentaire \u00e0 base de Lactoferrine et Querc\u00e9tine - 30 g\u00e9lules - Pharmacie Fatebenefratelli - Recommand\u00e9 par Promin","og_url":"https:\/\/www.promin.it\/prodotto\/neoimmuviral\/","og_site_name":"Promin","article_publisher":"https:\/\/www.facebook.com\/prominmed","article_modified_time":"2024-11-07T08:10:11+00:00","og_image":[{"width":600,"height":600,"url":"https:\/\/www.promin.it\/wp-content\/uploads\/2017\/11\/neoimmunoviral-estratto-secco-sophora-japonica.jpg","type":"image\/jpeg"}],"twitter_card":"summary_large_image","schema":{"@context":"https:\/\/schema.org","@graph":[{"@type":"WebPage","@id":"https:\/\/www.promin.it\/prodotto\/neoimmuviral\/","url":"https:\/\/www.promin.it\/prodotto\/neoimmuviral\/","name":"N\u00c9O-IMMUVIRAL - Promin","isPartOf":{"@id":"https:\/\/www.promin.it\/#website"},"primaryImageOfPage":{"@id":"https:\/\/www.promin.it\/prodotto\/neoimmuviral\/#primaryimage"},"image":{"@id":"https:\/\/www.promin.it\/prodotto\/neoimmuviral\/#primaryimage"},"thumbnailUrl":"https:\/\/www.promin.it\/wp-content\/uploads\/2017\/11\/neoimmunoviral-estratto-secco-sophora-japonica.jpg","datePublished":"2017-11-20T10:20:26+00:00","dateModified":"2024-11-07T08:10:11+00:00","description":"Neoimmuviral - Compl\u00e9ment alimentaire \u00e0 base de Lactoferrine et Querc\u00e9tine - 30 g\u00e9lules - Pharmacie Fatebenefratelli - Recommand\u00e9 par Promin","breadcrumb":{"@id":"https:\/\/www.promin.it\/prodotto\/neoimmuviral\/#breadcrumb"},"inLanguage":"fr-FR","potentialAction":[{"@type":"ReadAction","target":["https:\/\/www.promin.it\/prodotto\/neoimmuviral\/"]}]},{"@type":"ImageObject","inLanguage":"fr-FR","@id":"https:\/\/www.promin.it\/prodotto\/neoimmuviral\/#primaryimage","url":"https:\/\/www.promin.it\/wp-content\/uploads\/2017\/11\/neoimmunoviral-estratto-secco-sophora-japonica.jpg","contentUrl":"https:\/\/www.promin.it\/wp-content\/uploads\/2017\/11\/neoimmunoviral-estratto-secco-sophora-japonica.jpg","width":600,"height":600},{"@type":"BreadcrumbList","@id":"https:\/\/www.promin.it\/prodotto\/neoimmuviral\/#breadcrumb","itemListElement":[{"@type":"ListItem","position":1,"name":"Accueil","item":"https:\/\/www.promin.it\/fr\/"},{"@type":"ListItem","position":2,"name":"Boutique","item":"https:\/\/www.promin.it\/fr\/boutique\/"},{"@type":"ListItem","position":3,"name":"N\u00c9O-IMMUVIRAL"}]},{"@type":"WebSite","@id":"https:\/\/www.promin.it\/#website","url":"https:\/\/www.promin.it\/","name":"Promin","description":"Prodotti Medicina Integrata","publisher":{"@id":"https:\/\/www.promin.it\/#organization"},"potentialAction":[{"@type":"SearchAction","target":{"@type":"EntryPoint","urlTemplate":"https:\/\/www.promin.it\/?s={search_term_string}"},"query-input":{"@type":"PropertyValueSpecification","valueRequired":true,"valueName":"search_term_string"}}],"inLanguage":"fr-FR"},{"@type":"Organization","@id":"https:\/\/www.promin.it\/#organization","name":"Promin Srl","alternateName":"Promin - Prodotti Medicina Integrata","url":"https:\/\/www.promin.it\/","logo":{"@type":"ImageObject","inLanguage":"fr-FR","@id":"https:\/\/www.promin.it\/#\/schema\/logo\/image\/","url":"https:\/\/www.promin.it\/wp-content\/uploads\/2024\/11\/logo-promin-seo.jpg","contentUrl":"https:\/\/www.promin.it\/wp-content\/uploads\/2024\/11\/logo-promin-seo.jpg","width":512,"height":512,"caption":"Promin Srl"},"image":{"@id":"https:\/\/www.promin.it\/#\/schema\/logo\/image\/"},"sameAs":["https:\/\/www.facebook.com\/prominmed","https:\/\/www.instagram.com\/promin_medicina_integrata\/","https:\/\/www.linkedin.com\/company\/promin-prodotti-medicina-integrata\/"]}]}},"jetpack_sharing_enabled":true,"_links":{"self":[{"href":"https:\/\/www.promin.it\/fr\/wp-json\/wp\/v2\/product\/19396"}],"collection":[{"href":"https:\/\/www.promin.it\/fr\/wp-json\/wp\/v2\/product"}],"about":[{"href":"https:\/\/www.promin.it\/fr\/wp-json\/wp\/v2\/types\/product"}],"wp:featuredmedia":[{"embeddable":true,"href":"https:\/\/www.promin.it\/fr\/wp-json\/wp\/v2\/media\/19106"}],"wp:attachment":[{"href":"https:\/\/www.promin.it\/fr\/wp-json\/wp\/v2\/media?parent=19396"}],"wp:term":[{"taxonomy":"product_cat","embeddable":true,"href":"https:\/\/www.promin.it\/fr\/wp-json\/wp\/v2\/product_cat?post=19396"},{"taxonomy":"product_tag","embeddable":true,"href":"https:\/\/www.promin.it\/fr\/wp-json\/wp\/v2\/product_tag?post=19396"}],"curies":[{"name":"wp","href":"https:\/\/api.w.org\/{rel}","templated":true}]}}