{"id":19398,"date":"2017-11-18T13:54:28","date_gmt":"2017-11-18T12:54:28","guid":{"rendered":"https:\/\/www.promin.it\/?post_type=product&#038;p=19398"},"modified":"2024-11-11T12:12:46","modified_gmt":"2024-11-11T11:12:46","slug":"poumon-sec","status":"publish","type":"product","link":"https:\/\/www.promin.it\/fr\/prodotto\/poumon-sec\/","title":{"rendered":"Poumon sec"},"content":{"rendered":"<ul>\n<li><strong>Ingr\u00e9dients<\/strong> : poumon de porc lyophilis\u00e9<\/li>\n<li><strong>Posologie<\/strong> : 2 g\u00e9lules 3 fois par jour<\/li>\n<\/ul>\n<h3>Pr\u00e9sentation<\/h3>\n<p>Bouteille en verre avec fermeture de s\u00e9curit\u00e9. 50 g\u00e9lules de 0,5 g. Pr\u00e9paration \u00e0 base de poumon de porc lyophilis\u00e9 en g\u00e9lules, qui entre dans le cadre de l\u2019opoth\u00e9rapie. Cette th\u00e9rapie est bas\u00e9e sur la consid\u00e9ration que chaque organe ne prend dans le plasma que certains types de substances qu\u2019il utilise et traite \u00e0 sa mani\u00e8re, tandis qu\u2019il \u00e9met ensuite des catabolites particuliers auxquels une action stimulante sp\u00e9cifique est attribu\u00e9e sur l\u2019organe dont il d\u00e9rive. Utile pour une th\u00e9rapie de remplacement ou de compl\u00e9ment. Promin a utilis\u00e9 des poumons lyophilis\u00e9s provenant de porcs hautement s\u00e9lectionn\u00e9s, nourris avec des aliments naturels, non intoxiqu\u00e9s par des produits chimiques, des hormones de croissance,<br \/>\n des antibiotiques.<\/p>\n<p><strong>Foie sec Promin est utile pour une th\u00e9rapie de remplacement ou un suppl\u00e9ment<\/strong><\/p>\n","protected":false},"excerpt":{"rendered":"<p style=\"text-align: center;\"><strong>Support opotropique<\/strong> \u00e0 base <strong>de poumon de porc lyophilis\u00e9<\/strong>. 50 g\u00e9lules de 0,5 gramme dans un flacon en verre ambr\u00e9. <\/p>\n","protected":false},"featured_media":19107,"template":"","meta":{"_acf_changed":false,"jetpack_post_was_ever_published":false,"jetpack_publicize_message":"","jetpack_publicize_feature_enabled":true,"jetpack_social_post_already_shared":true,"jetpack_social_options":{"image_generator_settings":{"template":"highway","enabled":false},"version":2}},"product_cat":[684,717,743,638,619,630,632],"product_tag":[695,745,747,746,744],"class_list":{"0":"post-19398","1":"product","2":"type-product","3":"status-publish","4":"has-post-thumbnail","6":"product_cat-lignes-promin","7":"product_cat-opterapal-prend-en-charge","8":"product_cat-poumon-de-porc","9":"product_cat-composants-actifs","10":"product_cat-opotherapie","11":"product_cat-systeme-respiratoire","12":"product_cat-systeme-vocal-respiratoire","13":"product_tag-aerien","14":"product_tag-ligne-promin","15":"product_tag-opoterapici-fr","16":"product_tag-opotherapie","17":"product_tag-poumon-sec","19":"first","20":"instock","21":"featured","22":"taxable","23":"shipping-taxable","24":"purchasable","25":"product-type-simple"},"jetpack_publicize_connections":[],"acf":[],"yoast_head":"<!-- This site is optimized with the Yoast SEO plugin v23.4 - https:\/\/yoast.com\/wordpress\/plugins\/seo\/ -->\n<title>Poumon sec - Promin Products Integrated Medicine<\/title>\n<meta name=\"description\" content=\"Poumon sec - De support ophtalapique Promin \u00e0 base de poumon de porc lyophilis\u00e9. 50 g\u00e9lules de 0,5 gramme dans un flacon en verre ambr\u00e9.\" \/>\n<meta name=\"robots\" content=\"index, follow, max-snippet:-1, max-image-preview:large, max-video-preview:-1\" \/>\n<link rel=\"canonical\" href=\"https:\/\/www.promin.it\/fr\/prodotto\/poumon-sec\/\" \/>\n<meta property=\"og:locale\" content=\"fr_FR\" \/>\n<meta property=\"og:type\" content=\"article\" \/>\n<meta property=\"og:title\" content=\"Poumon sec - Promin Products Integrated Medicine\" \/>\n<meta property=\"og:description\" content=\"Poumon sec - De support ophtalapique Promin \u00e0 base de poumon de porc lyophilis\u00e9. 50 g\u00e9lules de 0,5 gramme dans un flacon en verre ambr\u00e9.\" \/>\n<meta property=\"og:url\" content=\"https:\/\/www.promin.it\/fr\/prodotto\/poumon-sec\/\" \/>\n<meta property=\"og:site_name\" content=\"Promin\" \/>\n<meta property=\"article:publisher\" content=\"https:\/\/www.facebook.com\/prominmed\" \/>\n<meta property=\"article:modified_time\" content=\"2024-11-11T11:12:46+00:00\" \/>\n<meta property=\"og:image\" content=\"https:\/\/www.promin.it\/wp-content\/uploads\/2017\/11\/polmone-secco-opoterapico-polmone-di-suino.jpg\" \/>\n\t<meta property=\"og:image:width\" content=\"600\" \/>\n\t<meta property=\"og:image:height\" content=\"600\" \/>\n\t<meta property=\"og:image:type\" content=\"image\/jpeg\" \/>\n<meta name=\"twitter:card\" content=\"summary_large_image\" \/>\n<script type=\"application\/ld+json\" class=\"yoast-schema-graph\">{\"@context\":\"https:\/\/schema.org\",\"@graph\":[{\"@type\":\"WebPage\",\"@id\":\"https:\/\/www.promin.it\/fr\/prodotto\/poumon-sec\/\",\"url\":\"https:\/\/www.promin.it\/fr\/prodotto\/poumon-sec\/\",\"name\":\"Poumon sec - Promin Products Integrated Medicine\",\"isPartOf\":{\"@id\":\"https:\/\/www.promin.it\/#website\"},\"primaryImageOfPage\":{\"@id\":\"https:\/\/www.promin.it\/fr\/prodotto\/poumon-sec\/#primaryimage\"},\"image\":{\"@id\":\"https:\/\/www.promin.it\/fr\/prodotto\/poumon-sec\/#primaryimage\"},\"thumbnailUrl\":\"https:\/\/www.promin.it\/wp-content\/uploads\/2017\/11\/polmone-secco-opoterapico-polmone-di-suino.jpg\",\"datePublished\":\"2017-11-18T12:54:28+00:00\",\"dateModified\":\"2024-11-11T11:12:46+00:00\",\"description\":\"Poumon sec - De support ophtalapique Promin \u00e0 base de poumon de porc lyophilis\u00e9. 50 g\u00e9lules de 0,5 gramme dans un flacon en verre ambr\u00e9.\",\"breadcrumb\":{\"@id\":\"https:\/\/www.promin.it\/fr\/prodotto\/poumon-sec\/#breadcrumb\"},\"inLanguage\":\"fr-FR\",\"potentialAction\":[{\"@type\":\"ReadAction\",\"target\":[\"https:\/\/www.promin.it\/fr\/prodotto\/poumon-sec\/\"]}]},{\"@type\":\"ImageObject\",\"inLanguage\":\"fr-FR\",\"@id\":\"https:\/\/www.promin.it\/fr\/prodotto\/poumon-sec\/#primaryimage\",\"url\":\"https:\/\/www.promin.it\/wp-content\/uploads\/2017\/11\/polmone-secco-opoterapico-polmone-di-suino.jpg\",\"contentUrl\":\"https:\/\/www.promin.it\/wp-content\/uploads\/2017\/11\/polmone-secco-opoterapico-polmone-di-suino.jpg\",\"width\":600,\"height\":600},{\"@type\":\"BreadcrumbList\",\"@id\":\"https:\/\/www.promin.it\/fr\/prodotto\/poumon-sec\/#breadcrumb\",\"itemListElement\":[{\"@type\":\"ListItem\",\"position\":1,\"name\":\"Accueil\",\"item\":\"https:\/\/www.promin.it\/fr\/\"},{\"@type\":\"ListItem\",\"position\":2,\"name\":\"Boutique\",\"item\":\"https:\/\/www.promin.it\/fr\/boutique\/\"},{\"@type\":\"ListItem\",\"position\":3,\"name\":\"Poumon sec\"}]},{\"@type\":\"WebSite\",\"@id\":\"https:\/\/www.promin.it\/#website\",\"url\":\"https:\/\/www.promin.it\/\",\"name\":\"Promin\",\"description\":\"Prodotti Medicina Integrata\",\"publisher\":{\"@id\":\"https:\/\/www.promin.it\/#organization\"},\"potentialAction\":[{\"@type\":\"SearchAction\",\"target\":{\"@type\":\"EntryPoint\",\"urlTemplate\":\"https:\/\/www.promin.it\/?s={search_term_string}\"},\"query-input\":{\"@type\":\"PropertyValueSpecification\",\"valueRequired\":true,\"valueName\":\"search_term_string\"}}],\"inLanguage\":\"fr-FR\"},{\"@type\":\"Organization\",\"@id\":\"https:\/\/www.promin.it\/#organization\",\"name\":\"Promin Srl\",\"alternateName\":\"Promin - Prodotti Medicina Integrata\",\"url\":\"https:\/\/www.promin.it\/\",\"logo\":{\"@type\":\"ImageObject\",\"inLanguage\":\"fr-FR\",\"@id\":\"https:\/\/www.promin.it\/#\/schema\/logo\/image\/\",\"url\":\"https:\/\/www.promin.it\/wp-content\/uploads\/2024\/11\/logo-promin-seo.jpg\",\"contentUrl\":\"https:\/\/www.promin.it\/wp-content\/uploads\/2024\/11\/logo-promin-seo.jpg\",\"width\":512,\"height\":512,\"caption\":\"Promin Srl\"},\"image\":{\"@id\":\"https:\/\/www.promin.it\/#\/schema\/logo\/image\/\"},\"sameAs\":[\"https:\/\/www.facebook.com\/prominmed\",\"https:\/\/www.instagram.com\/promin_medicina_integrata\/\",\"https:\/\/www.linkedin.com\/company\/promin-prodotti-medicina-integrata\/\"]}]}<\/script>\n<!-- \/ Yoast SEO plugin. -->","yoast_head_json":{"title":"Poumon sec - Promin Products Integrated Medicine","description":"Poumon sec - De support ophtalapique Promin \u00e0 base de poumon de porc lyophilis\u00e9. 50 g\u00e9lules de 0,5 gramme dans un flacon en verre ambr\u00e9.","robots":{"index":"index","follow":"follow","max-snippet":"max-snippet:-1","max-image-preview":"max-image-preview:large","max-video-preview":"max-video-preview:-1"},"canonical":"https:\/\/www.promin.it\/fr\/prodotto\/poumon-sec\/","og_locale":"fr_FR","og_type":"article","og_title":"Poumon sec - Promin Products Integrated Medicine","og_description":"Poumon sec - De support ophtalapique Promin \u00e0 base de poumon de porc lyophilis\u00e9. 50 g\u00e9lules de 0,5 gramme dans un flacon en verre ambr\u00e9.","og_url":"https:\/\/www.promin.it\/fr\/prodotto\/poumon-sec\/","og_site_name":"Promin","article_publisher":"https:\/\/www.facebook.com\/prominmed","article_modified_time":"2024-11-11T11:12:46+00:00","og_image":[{"width":600,"height":600,"url":"https:\/\/www.promin.it\/wp-content\/uploads\/2017\/11\/polmone-secco-opoterapico-polmone-di-suino.jpg","type":"image\/jpeg"}],"twitter_card":"summary_large_image","schema":{"@context":"https:\/\/schema.org","@graph":[{"@type":"WebPage","@id":"https:\/\/www.promin.it\/fr\/prodotto\/poumon-sec\/","url":"https:\/\/www.promin.it\/fr\/prodotto\/poumon-sec\/","name":"Poumon sec - Promin Products Integrated Medicine","isPartOf":{"@id":"https:\/\/www.promin.it\/#website"},"primaryImageOfPage":{"@id":"https:\/\/www.promin.it\/fr\/prodotto\/poumon-sec\/#primaryimage"},"image":{"@id":"https:\/\/www.promin.it\/fr\/prodotto\/poumon-sec\/#primaryimage"},"thumbnailUrl":"https:\/\/www.promin.it\/wp-content\/uploads\/2017\/11\/polmone-secco-opoterapico-polmone-di-suino.jpg","datePublished":"2017-11-18T12:54:28+00:00","dateModified":"2024-11-11T11:12:46+00:00","description":"Poumon sec - De support ophtalapique Promin \u00e0 base de poumon de porc lyophilis\u00e9. 50 g\u00e9lules de 0,5 gramme dans un flacon en verre ambr\u00e9.","breadcrumb":{"@id":"https:\/\/www.promin.it\/fr\/prodotto\/poumon-sec\/#breadcrumb"},"inLanguage":"fr-FR","potentialAction":[{"@type":"ReadAction","target":["https:\/\/www.promin.it\/fr\/prodotto\/poumon-sec\/"]}]},{"@type":"ImageObject","inLanguage":"fr-FR","@id":"https:\/\/www.promin.it\/fr\/prodotto\/poumon-sec\/#primaryimage","url":"https:\/\/www.promin.it\/wp-content\/uploads\/2017\/11\/polmone-secco-opoterapico-polmone-di-suino.jpg","contentUrl":"https:\/\/www.promin.it\/wp-content\/uploads\/2017\/11\/polmone-secco-opoterapico-polmone-di-suino.jpg","width":600,"height":600},{"@type":"BreadcrumbList","@id":"https:\/\/www.promin.it\/fr\/prodotto\/poumon-sec\/#breadcrumb","itemListElement":[{"@type":"ListItem","position":1,"name":"Accueil","item":"https:\/\/www.promin.it\/fr\/"},{"@type":"ListItem","position":2,"name":"Boutique","item":"https:\/\/www.promin.it\/fr\/boutique\/"},{"@type":"ListItem","position":3,"name":"Poumon sec"}]},{"@type":"WebSite","@id":"https:\/\/www.promin.it\/#website","url":"https:\/\/www.promin.it\/","name":"Promin","description":"Prodotti Medicina Integrata","publisher":{"@id":"https:\/\/www.promin.it\/#organization"},"potentialAction":[{"@type":"SearchAction","target":{"@type":"EntryPoint","urlTemplate":"https:\/\/www.promin.it\/?s={search_term_string}"},"query-input":{"@type":"PropertyValueSpecification","valueRequired":true,"valueName":"search_term_string"}}],"inLanguage":"fr-FR"},{"@type":"Organization","@id":"https:\/\/www.promin.it\/#organization","name":"Promin Srl","alternateName":"Promin - Prodotti Medicina Integrata","url":"https:\/\/www.promin.it\/","logo":{"@type":"ImageObject","inLanguage":"fr-FR","@id":"https:\/\/www.promin.it\/#\/schema\/logo\/image\/","url":"https:\/\/www.promin.it\/wp-content\/uploads\/2024\/11\/logo-promin-seo.jpg","contentUrl":"https:\/\/www.promin.it\/wp-content\/uploads\/2024\/11\/logo-promin-seo.jpg","width":512,"height":512,"caption":"Promin Srl"},"image":{"@id":"https:\/\/www.promin.it\/#\/schema\/logo\/image\/"},"sameAs":["https:\/\/www.facebook.com\/prominmed","https:\/\/www.instagram.com\/promin_medicina_integrata\/","https:\/\/www.linkedin.com\/company\/promin-prodotti-medicina-integrata\/"]}]}},"jetpack_sharing_enabled":true,"_links":{"self":[{"href":"https:\/\/www.promin.it\/fr\/wp-json\/wp\/v2\/product\/19398"}],"collection":[{"href":"https:\/\/www.promin.it\/fr\/wp-json\/wp\/v2\/product"}],"about":[{"href":"https:\/\/www.promin.it\/fr\/wp-json\/wp\/v2\/types\/product"}],"wp:featuredmedia":[{"embeddable":true,"href":"https:\/\/www.promin.it\/fr\/wp-json\/wp\/v2\/media\/19107"}],"wp:attachment":[{"href":"https:\/\/www.promin.it\/fr\/wp-json\/wp\/v2\/media?parent=19398"}],"wp:term":[{"taxonomy":"product_cat","embeddable":true,"href":"https:\/\/www.promin.it\/fr\/wp-json\/wp\/v2\/product_cat?post=19398"},{"taxonomy":"product_tag","embeddable":true,"href":"https:\/\/www.promin.it\/fr\/wp-json\/wp\/v2\/product_tag?post=19398"}],"curies":[{"name":"wp","href":"https:\/\/api.w.org\/{rel}","templated":true}]}}