{"id":19402,"date":"2017-11-02T18:15:51","date_gmt":"2017-11-02T17:15:51","guid":{"rendered":"https:\/\/www.promin.it\/?post_type=product&#038;p=19402"},"modified":"2024-11-11T12:12:47","modified_gmt":"2024-11-11T11:12:47","slug":"homeopathique","status":"publish","type":"product","link":"https:\/\/www.promin.it\/fr\/prodotto\/homeopathique\/","title":{"rendered":"PROMIN Hom\u00e9opathique"},"content":{"rendered":"<h3>ALEURONE PF1<\/h3>\n<p><strong>Composition:<\/strong><br \/>\nde Triticum vulgare en dilution PF1. <strong>Posologie:<\/strong><br \/>\n10 gouttes une fois par jour ou selon prescription m\u00e9dicale.<\/p>\n<h3>COLCHICUM HD9<\/h3>\n<p><strong>Composition:<\/strong><br \/>\n\u00e0 partir de graines de Colchicum d\u2019automne en dilution HD9. <strong>Posologie:<\/strong><br \/>\n10 gouttes une fois par jour ou selon prescription m\u00e9dicale.<\/p>\n<h3>EUPHORBIA ETERODOXICA MULLERI PF1<\/h3>\n<p><strong>Composition:<\/strong><br \/>\n\u00e0 partir de latex d\u2019Euphorbia Eterodoxica Mulleri en dilution PF1. <strong>Posologie:<\/strong><br \/>\n10 gouttes une fois par jour ou selon prescription m\u00e9dicale.<\/p>\n<h3>VICTOIRE ROSEA PF1<\/h3>\n<p><strong>Composition:<\/strong><br \/>\nextrait total de Vinca p\u00e9ruvienne en dilution PF1. <strong>Posologie:<\/strong><br \/>\n10 gouttes plusieurs fois par jour ou selon la prescription.<\/p>\n","protected":false},"excerpt":{"rendered":"<p style=\"text-align: center;\">Aleurone PF1<br \/>\nColchicum HD9<br \/>\nEuphorbia Eterodoxica Mulleri PF1<br \/>\nVinca Rosea PF1<\/p>\n","protected":false},"featured_media":19098,"template":"","meta":{"_acf_changed":false,"jetpack_post_was_ever_published":false,"jetpack_publicize_message":"","jetpack_publicize_feature_enabled":true,"jetpack_social_post_already_shared":true,"jetpack_social_options":{"image_generator_settings":{"template":"highway","enabled":false},"version":2}},"product_cat":[684],"product_tag":[],"class_list":{"0":"post-19402","1":"product","2":"type-product","3":"status-publish","4":"has-post-thumbnail","6":"product_cat-lignes-promin","8":"first","9":"instock","10":"taxable","11":"shipping-taxable","12":"product-type-external"},"jetpack_publicize_connections":[],"acf":[],"yoast_head":"<!-- This site is optimized with the Yoast SEO plugin v23.4 - https:\/\/yoast.com\/wordpress\/plugins\/seo\/ -->\n<title>Promin hom\u00e9opathique - Aleurone - Colchicum - Euphorbia - Vinca Rosea<\/title>\n<meta name=\"description\" content=\"Produits hom\u00e9opathiques Promin - Produits de m\u00e9decine int\u00e9gr\u00e9e : Aleurone PF1, Colchicum HD9, Euphorbia Eterodoxica Mulleri PF1, Vinca Rosea PF1\" \/>\n<meta name=\"robots\" content=\"index, follow, max-snippet:-1, max-image-preview:large, max-video-preview:-1\" \/>\n<link rel=\"canonical\" href=\"https:\/\/www.promin.it\/fr\/prodotto\/homeopathique\/\" \/>\n<meta property=\"og:locale\" content=\"fr_FR\" \/>\n<meta property=\"og:type\" content=\"article\" \/>\n<meta property=\"og:title\" content=\"Promin hom\u00e9opathique - Aleurone - Colchicum - Euphorbia - Vinca Rosea\" \/>\n<meta property=\"og:description\" content=\"Produits hom\u00e9opathiques Promin - Produits de m\u00e9decine int\u00e9gr\u00e9e : Aleurone PF1, Colchicum HD9, Euphorbia Eterodoxica Mulleri PF1, Vinca Rosea PF1\" \/>\n<meta property=\"og:url\" content=\"https:\/\/www.promin.it\/fr\/prodotto\/homeopathique\/\" \/>\n<meta property=\"og:site_name\" content=\"Promin\" \/>\n<meta property=\"article:publisher\" content=\"https:\/\/www.facebook.com\/prominmed\" \/>\n<meta property=\"article:modified_time\" content=\"2024-11-11T11:12:47+00:00\" \/>\n<meta property=\"og:image\" content=\"https:\/\/www.promin.it\/wp-content\/uploads\/2024\/10\/omeopatici-aleurone-colcium-euphorbia-vincarosea.jpg\" \/>\n\t<meta property=\"og:image:width\" content=\"600\" \/>\n\t<meta property=\"og:image:height\" content=\"600\" \/>\n\t<meta property=\"og:image:type\" content=\"image\/jpeg\" \/>\n<meta name=\"twitter:card\" content=\"summary_large_image\" \/>\n<script type=\"application\/ld+json\" class=\"yoast-schema-graph\">{\"@context\":\"https:\/\/schema.org\",\"@graph\":[{\"@type\":\"WebPage\",\"@id\":\"https:\/\/www.promin.it\/fr\/prodotto\/homeopathique\/\",\"url\":\"https:\/\/www.promin.it\/fr\/prodotto\/homeopathique\/\",\"name\":\"Promin hom\u00e9opathique - Aleurone - Colchicum - Euphorbia - Vinca Rosea\",\"isPartOf\":{\"@id\":\"https:\/\/www.promin.it\/#website\"},\"primaryImageOfPage\":{\"@id\":\"https:\/\/www.promin.it\/fr\/prodotto\/homeopathique\/#primaryimage\"},\"image\":{\"@id\":\"https:\/\/www.promin.it\/fr\/prodotto\/homeopathique\/#primaryimage\"},\"thumbnailUrl\":\"https:\/\/www.promin.it\/wp-content\/uploads\/2024\/10\/omeopatici-aleurone-colcium-euphorbia-vincarosea.jpg\",\"datePublished\":\"2017-11-02T17:15:51+00:00\",\"dateModified\":\"2024-11-11T11:12:47+00:00\",\"description\":\"Produits hom\u00e9opathiques Promin - Produits de m\u00e9decine int\u00e9gr\u00e9e : Aleurone PF1, Colchicum HD9, Euphorbia Eterodoxica Mulleri PF1, Vinca Rosea PF1\",\"breadcrumb\":{\"@id\":\"https:\/\/www.promin.it\/fr\/prodotto\/homeopathique\/#breadcrumb\"},\"inLanguage\":\"fr-FR\",\"potentialAction\":[{\"@type\":\"ReadAction\",\"target\":[\"https:\/\/www.promin.it\/fr\/prodotto\/homeopathique\/\"]}]},{\"@type\":\"ImageObject\",\"inLanguage\":\"fr-FR\",\"@id\":\"https:\/\/www.promin.it\/fr\/prodotto\/homeopathique\/#primaryimage\",\"url\":\"https:\/\/www.promin.it\/wp-content\/uploads\/2024\/10\/omeopatici-aleurone-colcium-euphorbia-vincarosea.jpg\",\"contentUrl\":\"https:\/\/www.promin.it\/wp-content\/uploads\/2024\/10\/omeopatici-aleurone-colcium-euphorbia-vincarosea.jpg\",\"width\":600,\"height\":600},{\"@type\":\"BreadcrumbList\",\"@id\":\"https:\/\/www.promin.it\/fr\/prodotto\/homeopathique\/#breadcrumb\",\"itemListElement\":[{\"@type\":\"ListItem\",\"position\":1,\"name\":\"Accueil\",\"item\":\"https:\/\/www.promin.it\/fr\/\"},{\"@type\":\"ListItem\",\"position\":2,\"name\":\"Boutique\",\"item\":\"https:\/\/www.promin.it\/fr\/boutique\/\"},{\"@type\":\"ListItem\",\"position\":3,\"name\":\"PROMIN Hom\u00e9opathique\"}]},{\"@type\":\"WebSite\",\"@id\":\"https:\/\/www.promin.it\/#website\",\"url\":\"https:\/\/www.promin.it\/\",\"name\":\"Promin\",\"description\":\"Prodotti Medicina Integrata\",\"publisher\":{\"@id\":\"https:\/\/www.promin.it\/#organization\"},\"potentialAction\":[{\"@type\":\"SearchAction\",\"target\":{\"@type\":\"EntryPoint\",\"urlTemplate\":\"https:\/\/www.promin.it\/?s={search_term_string}\"},\"query-input\":{\"@type\":\"PropertyValueSpecification\",\"valueRequired\":true,\"valueName\":\"search_term_string\"}}],\"inLanguage\":\"fr-FR\"},{\"@type\":\"Organization\",\"@id\":\"https:\/\/www.promin.it\/#organization\",\"name\":\"Promin Srl\",\"alternateName\":\"Promin - Prodotti Medicina Integrata\",\"url\":\"https:\/\/www.promin.it\/\",\"logo\":{\"@type\":\"ImageObject\",\"inLanguage\":\"fr-FR\",\"@id\":\"https:\/\/www.promin.it\/#\/schema\/logo\/image\/\",\"url\":\"https:\/\/www.promin.it\/wp-content\/uploads\/2024\/11\/logo-promin-seo.jpg\",\"contentUrl\":\"https:\/\/www.promin.it\/wp-content\/uploads\/2024\/11\/logo-promin-seo.jpg\",\"width\":512,\"height\":512,\"caption\":\"Promin Srl\"},\"image\":{\"@id\":\"https:\/\/www.promin.it\/#\/schema\/logo\/image\/\"},\"sameAs\":[\"https:\/\/www.facebook.com\/prominmed\",\"https:\/\/www.instagram.com\/promin_medicina_integrata\/\",\"https:\/\/www.linkedin.com\/company\/promin-prodotti-medicina-integrata\/\"]}]}<\/script>\n<!-- \/ Yoast SEO plugin. -->","yoast_head_json":{"title":"Promin hom\u00e9opathique - Aleurone - Colchicum - Euphorbia - Vinca Rosea","description":"Produits hom\u00e9opathiques Promin - Produits de m\u00e9decine int\u00e9gr\u00e9e : Aleurone PF1, Colchicum HD9, Euphorbia Eterodoxica Mulleri PF1, Vinca Rosea PF1","robots":{"index":"index","follow":"follow","max-snippet":"max-snippet:-1","max-image-preview":"max-image-preview:large","max-video-preview":"max-video-preview:-1"},"canonical":"https:\/\/www.promin.it\/fr\/prodotto\/homeopathique\/","og_locale":"fr_FR","og_type":"article","og_title":"Promin hom\u00e9opathique - Aleurone - Colchicum - Euphorbia - Vinca Rosea","og_description":"Produits hom\u00e9opathiques Promin - Produits de m\u00e9decine int\u00e9gr\u00e9e : Aleurone PF1, Colchicum HD9, Euphorbia Eterodoxica Mulleri PF1, Vinca Rosea PF1","og_url":"https:\/\/www.promin.it\/fr\/prodotto\/homeopathique\/","og_site_name":"Promin","article_publisher":"https:\/\/www.facebook.com\/prominmed","article_modified_time":"2024-11-11T11:12:47+00:00","og_image":[{"width":600,"height":600,"url":"https:\/\/www.promin.it\/wp-content\/uploads\/2024\/10\/omeopatici-aleurone-colcium-euphorbia-vincarosea.jpg","type":"image\/jpeg"}],"twitter_card":"summary_large_image","schema":{"@context":"https:\/\/schema.org","@graph":[{"@type":"WebPage","@id":"https:\/\/www.promin.it\/fr\/prodotto\/homeopathique\/","url":"https:\/\/www.promin.it\/fr\/prodotto\/homeopathique\/","name":"Promin hom\u00e9opathique - Aleurone - Colchicum - Euphorbia - Vinca Rosea","isPartOf":{"@id":"https:\/\/www.promin.it\/#website"},"primaryImageOfPage":{"@id":"https:\/\/www.promin.it\/fr\/prodotto\/homeopathique\/#primaryimage"},"image":{"@id":"https:\/\/www.promin.it\/fr\/prodotto\/homeopathique\/#primaryimage"},"thumbnailUrl":"https:\/\/www.promin.it\/wp-content\/uploads\/2024\/10\/omeopatici-aleurone-colcium-euphorbia-vincarosea.jpg","datePublished":"2017-11-02T17:15:51+00:00","dateModified":"2024-11-11T11:12:47+00:00","description":"Produits hom\u00e9opathiques Promin - Produits de m\u00e9decine int\u00e9gr\u00e9e : Aleurone PF1, Colchicum HD9, Euphorbia Eterodoxica Mulleri PF1, Vinca Rosea PF1","breadcrumb":{"@id":"https:\/\/www.promin.it\/fr\/prodotto\/homeopathique\/#breadcrumb"},"inLanguage":"fr-FR","potentialAction":[{"@type":"ReadAction","target":["https:\/\/www.promin.it\/fr\/prodotto\/homeopathique\/"]}]},{"@type":"ImageObject","inLanguage":"fr-FR","@id":"https:\/\/www.promin.it\/fr\/prodotto\/homeopathique\/#primaryimage","url":"https:\/\/www.promin.it\/wp-content\/uploads\/2024\/10\/omeopatici-aleurone-colcium-euphorbia-vincarosea.jpg","contentUrl":"https:\/\/www.promin.it\/wp-content\/uploads\/2024\/10\/omeopatici-aleurone-colcium-euphorbia-vincarosea.jpg","width":600,"height":600},{"@type":"BreadcrumbList","@id":"https:\/\/www.promin.it\/fr\/prodotto\/homeopathique\/#breadcrumb","itemListElement":[{"@type":"ListItem","position":1,"name":"Accueil","item":"https:\/\/www.promin.it\/fr\/"},{"@type":"ListItem","position":2,"name":"Boutique","item":"https:\/\/www.promin.it\/fr\/boutique\/"},{"@type":"ListItem","position":3,"name":"PROMIN Hom\u00e9opathique"}]},{"@type":"WebSite","@id":"https:\/\/www.promin.it\/#website","url":"https:\/\/www.promin.it\/","name":"Promin","description":"Prodotti Medicina Integrata","publisher":{"@id":"https:\/\/www.promin.it\/#organization"},"potentialAction":[{"@type":"SearchAction","target":{"@type":"EntryPoint","urlTemplate":"https:\/\/www.promin.it\/?s={search_term_string}"},"query-input":{"@type":"PropertyValueSpecification","valueRequired":true,"valueName":"search_term_string"}}],"inLanguage":"fr-FR"},{"@type":"Organization","@id":"https:\/\/www.promin.it\/#organization","name":"Promin Srl","alternateName":"Promin - Prodotti Medicina Integrata","url":"https:\/\/www.promin.it\/","logo":{"@type":"ImageObject","inLanguage":"fr-FR","@id":"https:\/\/www.promin.it\/#\/schema\/logo\/image\/","url":"https:\/\/www.promin.it\/wp-content\/uploads\/2024\/11\/logo-promin-seo.jpg","contentUrl":"https:\/\/www.promin.it\/wp-content\/uploads\/2024\/11\/logo-promin-seo.jpg","width":512,"height":512,"caption":"Promin Srl"},"image":{"@id":"https:\/\/www.promin.it\/#\/schema\/logo\/image\/"},"sameAs":["https:\/\/www.facebook.com\/prominmed","https:\/\/www.instagram.com\/promin_medicina_integrata\/","https:\/\/www.linkedin.com\/company\/promin-prodotti-medicina-integrata\/"]}]}},"jetpack_sharing_enabled":true,"_links":{"self":[{"href":"https:\/\/www.promin.it\/fr\/wp-json\/wp\/v2\/product\/19402"}],"collection":[{"href":"https:\/\/www.promin.it\/fr\/wp-json\/wp\/v2\/product"}],"about":[{"href":"https:\/\/www.promin.it\/fr\/wp-json\/wp\/v2\/types\/product"}],"wp:featuredmedia":[{"embeddable":true,"href":"https:\/\/www.promin.it\/fr\/wp-json\/wp\/v2\/media\/19098"}],"wp:attachment":[{"href":"https:\/\/www.promin.it\/fr\/wp-json\/wp\/v2\/media?parent=19402"}],"wp:term":[{"taxonomy":"product_cat","embeddable":true,"href":"https:\/\/www.promin.it\/fr\/wp-json\/wp\/v2\/product_cat?post=19402"},{"taxonomy":"product_tag","embeddable":true,"href":"https:\/\/www.promin.it\/fr\/wp-json\/wp\/v2\/product_tag?post=19402"}],"curies":[{"name":"wp","href":"https:\/\/api.w.org\/{rel}","templated":true}]}}