{"id":19403,"date":"2017-11-06T12:25:50","date_gmt":"2017-11-06T11:25:50","guid":{"rendered":"https:\/\/www.promin.it\/?post_type=product&#038;p=19403"},"modified":"2024-11-11T13:29:24","modified_gmt":"2024-11-11T12:29:24","slug":"so-fresh","status":"publish","type":"product","link":"https:\/\/www.promin.it\/fr\/prodotto\/so-fresh\/","title":{"rendered":"So Fresh"},"content":{"rendered":"<p>So Fresh : La cardamome est originaire de Malabar, en Inde, de Ceylan et ses graines contiennent en moyenne 5% d\u2019huile essentielle compos\u00e9e principalement d\u2019ac\u00e9tate d\u2019a-terpinyle et de cin\u00e9ole, ainsi que de born\u00e9ol et de limon\u00e8ne. Les graines de cardamome (Elettaria cardamomum Withe) de So Fresh aident \u00e0 la fonction digestive, \u00e0 la r\u00e9gularit\u00e9 de la motilit\u00e9 intestinale et \u00e0 l\u2019\u00e9limination des gaz<\/p>\n<h3>Ingr\u00e9dients<\/h3>\n<p>Graines de cardamome (5 %) ; Saccharose, amidon de riz, ar\u00f4mes. Couleur : chlorophylle, E 140.<\/p>\n<h3>Mode d\u2019emploi<\/h3>\n<p>Faites fondre une drag\u00e9e dans votre bouche chaque fois que vous voulez une haleine fra\u00eeche.<\/p>\n<p>En pharmacie ou sur notre e-commerce<\/p>\n","protected":false},"excerpt":{"rendered":"<p style=\"text-align: center;\">40 Drag\u00e9es fra\u00eeches avec un<strong>c\u0153ur de cardamome qui<\/strong> aide \u00e0 <strong>r\u00e9guler la motilit\u00e9 intestinale normale et l\u2019\u00e9limination des gaz<\/strong>.<\/p>\n","protected":false},"featured_media":20282,"template":"","meta":{"_acf_changed":false,"jetpack_post_was_ever_published":false,"jetpack_publicize_message":"","jetpack_publicize_feature_enabled":true,"jetpack_social_post_already_shared":true,"jetpack_social_options":{"image_generator_settings":{"template":"highway","enabled":false},"version":2}},"product_cat":[755,684,626],"product_tag":[],"class_list":{"0":"post-19403","1":"product","2":"type-product","3":"status-publish","4":"has-post-thumbnail","6":"product_cat-graines-de-cardamome","7":"product_cat-lignes-promin","8":"product_cat-systeme-gastro-intestinal","10":"first","11":"outofstock","12":"taxable","13":"shipping-taxable","14":"purchasable","15":"product-type-simple"},"jetpack_publicize_connections":[],"acf":[],"yoast_head":"<!-- This site is optimized with the Yoast SEO plugin v23.4 - https:\/\/yoast.com\/wordpress\/plugins\/seo\/ -->\n<title>So Fresh - Promin<\/title>\n<meta name=\"description\" content=\"Des drag\u00e9es tr\u00e8s fra\u00eeches sont donc fra\u00eeches avec un c\u0153ur de graine de cardamome qui aide \u00e0 r\u00e9guler la motilit\u00e9 intestinale normale et l\u2019\u00e9limination des gaz... Promin - Produits de m\u00e9decine int\u00e9gr\u00e9e\" \/>\n<meta name=\"robots\" content=\"index, follow, max-snippet:-1, max-image-preview:large, max-video-preview:-1\" \/>\n<link rel=\"canonical\" href=\"https:\/\/www.promin.it\/fr\/prodotto\/so-fresh\/\" \/>\n<meta property=\"og:locale\" content=\"fr_FR\" \/>\n<meta property=\"og:type\" content=\"article\" \/>\n<meta property=\"og:title\" content=\"So Fresh - Promin\" \/>\n<meta property=\"og:description\" content=\"Des drag\u00e9es tr\u00e8s fra\u00eeches sont donc fra\u00eeches avec un c\u0153ur de graine de cardamome qui aide \u00e0 r\u00e9guler la motilit\u00e9 intestinale normale et l\u2019\u00e9limination des gaz... Promin - Produits de m\u00e9decine int\u00e9gr\u00e9e\" \/>\n<meta property=\"og:url\" content=\"https:\/\/www.promin.it\/fr\/prodotto\/so-fresh\/\" \/>\n<meta property=\"og:site_name\" content=\"Promin\" \/>\n<meta property=\"article:publisher\" content=\"https:\/\/www.facebook.com\/prominmed\" \/>\n<meta property=\"article:modified_time\" content=\"2024-11-11T12:29:24+00:00\" \/>\n<meta property=\"og:image\" content=\"https:\/\/www.promin.it\/wp-content\/uploads\/2017\/11\/so-fresh-confetti-cardamomo.webp\" \/>\n\t<meta property=\"og:image:width\" content=\"600\" \/>\n\t<meta property=\"og:image:height\" content=\"600\" \/>\n\t<meta property=\"og:image:type\" content=\"image\/webp\" \/>\n<meta name=\"twitter:card\" content=\"summary_large_image\" \/>\n<script type=\"application\/ld+json\" class=\"yoast-schema-graph\">{\"@context\":\"https:\/\/schema.org\",\"@graph\":[{\"@type\":\"WebPage\",\"@id\":\"https:\/\/www.promin.it\/fr\/prodotto\/so-fresh\/\",\"url\":\"https:\/\/www.promin.it\/fr\/prodotto\/so-fresh\/\",\"name\":\"So Fresh - Promin\",\"isPartOf\":{\"@id\":\"https:\/\/www.promin.it\/#website\"},\"primaryImageOfPage\":{\"@id\":\"https:\/\/www.promin.it\/fr\/prodotto\/so-fresh\/#primaryimage\"},\"image\":{\"@id\":\"https:\/\/www.promin.it\/fr\/prodotto\/so-fresh\/#primaryimage\"},\"thumbnailUrl\":\"https:\/\/www.promin.it\/wp-content\/uploads\/2017\/11\/so-fresh-confetti-cardamomo.webp\",\"datePublished\":\"2017-11-06T11:25:50+00:00\",\"dateModified\":\"2024-11-11T12:29:24+00:00\",\"description\":\"Des drag\u00e9es tr\u00e8s fra\u00eeches sont donc fra\u00eeches avec un c\u0153ur de graine de cardamome qui aide \u00e0 r\u00e9guler la motilit\u00e9 intestinale normale et l\u2019\u00e9limination des gaz... Promin - Produits de m\u00e9decine int\u00e9gr\u00e9e\",\"breadcrumb\":{\"@id\":\"https:\/\/www.promin.it\/fr\/prodotto\/so-fresh\/#breadcrumb\"},\"inLanguage\":\"fr-FR\",\"potentialAction\":[{\"@type\":\"ReadAction\",\"target\":[\"https:\/\/www.promin.it\/fr\/prodotto\/so-fresh\/\"]}]},{\"@type\":\"ImageObject\",\"inLanguage\":\"fr-FR\",\"@id\":\"https:\/\/www.promin.it\/fr\/prodotto\/so-fresh\/#primaryimage\",\"url\":\"https:\/\/www.promin.it\/wp-content\/uploads\/2017\/11\/so-fresh-confetti-cardamomo.webp\",\"contentUrl\":\"https:\/\/www.promin.it\/wp-content\/uploads\/2017\/11\/so-fresh-confetti-cardamomo.webp\",\"width\":600,\"height\":600},{\"@type\":\"BreadcrumbList\",\"@id\":\"https:\/\/www.promin.it\/fr\/prodotto\/so-fresh\/#breadcrumb\",\"itemListElement\":[{\"@type\":\"ListItem\",\"position\":1,\"name\":\"Accueil\",\"item\":\"https:\/\/www.promin.it\/fr\/\"},{\"@type\":\"ListItem\",\"position\":2,\"name\":\"Boutique\",\"item\":\"https:\/\/www.promin.it\/fr\/boutique\/\"},{\"@type\":\"ListItem\",\"position\":3,\"name\":\"So Fresh\"}]},{\"@type\":\"WebSite\",\"@id\":\"https:\/\/www.promin.it\/#website\",\"url\":\"https:\/\/www.promin.it\/\",\"name\":\"Promin\",\"description\":\"Prodotti Medicina Integrata\",\"publisher\":{\"@id\":\"https:\/\/www.promin.it\/#organization\"},\"potentialAction\":[{\"@type\":\"SearchAction\",\"target\":{\"@type\":\"EntryPoint\",\"urlTemplate\":\"https:\/\/www.promin.it\/?s={search_term_string}\"},\"query-input\":{\"@type\":\"PropertyValueSpecification\",\"valueRequired\":true,\"valueName\":\"search_term_string\"}}],\"inLanguage\":\"fr-FR\"},{\"@type\":\"Organization\",\"@id\":\"https:\/\/www.promin.it\/#organization\",\"name\":\"Promin Srl\",\"alternateName\":\"Promin - Prodotti Medicina Integrata\",\"url\":\"https:\/\/www.promin.it\/\",\"logo\":{\"@type\":\"ImageObject\",\"inLanguage\":\"fr-FR\",\"@id\":\"https:\/\/www.promin.it\/#\/schema\/logo\/image\/\",\"url\":\"https:\/\/www.promin.it\/wp-content\/uploads\/2024\/11\/logo-promin-seo.jpg\",\"contentUrl\":\"https:\/\/www.promin.it\/wp-content\/uploads\/2024\/11\/logo-promin-seo.jpg\",\"width\":512,\"height\":512,\"caption\":\"Promin Srl\"},\"image\":{\"@id\":\"https:\/\/www.promin.it\/#\/schema\/logo\/image\/\"},\"sameAs\":[\"https:\/\/www.facebook.com\/prominmed\",\"https:\/\/www.instagram.com\/promin_medicina_integrata\/\",\"https:\/\/www.linkedin.com\/company\/promin-prodotti-medicina-integrata\/\"]}]}<\/script>\n<!-- \/ Yoast SEO plugin. -->","yoast_head_json":{"title":"So Fresh - Promin","description":"Des drag\u00e9es tr\u00e8s fra\u00eeches sont donc fra\u00eeches avec un c\u0153ur de graine de cardamome qui aide \u00e0 r\u00e9guler la motilit\u00e9 intestinale normale et l\u2019\u00e9limination des gaz... Promin - Produits de m\u00e9decine int\u00e9gr\u00e9e","robots":{"index":"index","follow":"follow","max-snippet":"max-snippet:-1","max-image-preview":"max-image-preview:large","max-video-preview":"max-video-preview:-1"},"canonical":"https:\/\/www.promin.it\/fr\/prodotto\/so-fresh\/","og_locale":"fr_FR","og_type":"article","og_title":"So Fresh - Promin","og_description":"Des drag\u00e9es tr\u00e8s fra\u00eeches sont donc fra\u00eeches avec un c\u0153ur de graine de cardamome qui aide \u00e0 r\u00e9guler la motilit\u00e9 intestinale normale et l\u2019\u00e9limination des gaz... Promin - Produits de m\u00e9decine int\u00e9gr\u00e9e","og_url":"https:\/\/www.promin.it\/fr\/prodotto\/so-fresh\/","og_site_name":"Promin","article_publisher":"https:\/\/www.facebook.com\/prominmed","article_modified_time":"2024-11-11T12:29:24+00:00","og_image":[{"width":600,"height":600,"url":"https:\/\/www.promin.it\/wp-content\/uploads\/2017\/11\/so-fresh-confetti-cardamomo.webp","type":"image\/webp"}],"twitter_card":"summary_large_image","schema":{"@context":"https:\/\/schema.org","@graph":[{"@type":"WebPage","@id":"https:\/\/www.promin.it\/fr\/prodotto\/so-fresh\/","url":"https:\/\/www.promin.it\/fr\/prodotto\/so-fresh\/","name":"So Fresh - Promin","isPartOf":{"@id":"https:\/\/www.promin.it\/#website"},"primaryImageOfPage":{"@id":"https:\/\/www.promin.it\/fr\/prodotto\/so-fresh\/#primaryimage"},"image":{"@id":"https:\/\/www.promin.it\/fr\/prodotto\/so-fresh\/#primaryimage"},"thumbnailUrl":"https:\/\/www.promin.it\/wp-content\/uploads\/2017\/11\/so-fresh-confetti-cardamomo.webp","datePublished":"2017-11-06T11:25:50+00:00","dateModified":"2024-11-11T12:29:24+00:00","description":"Des drag\u00e9es tr\u00e8s fra\u00eeches sont donc fra\u00eeches avec un c\u0153ur de graine de cardamome qui aide \u00e0 r\u00e9guler la motilit\u00e9 intestinale normale et l\u2019\u00e9limination des gaz... Promin - Produits de m\u00e9decine int\u00e9gr\u00e9e","breadcrumb":{"@id":"https:\/\/www.promin.it\/fr\/prodotto\/so-fresh\/#breadcrumb"},"inLanguage":"fr-FR","potentialAction":[{"@type":"ReadAction","target":["https:\/\/www.promin.it\/fr\/prodotto\/so-fresh\/"]}]},{"@type":"ImageObject","inLanguage":"fr-FR","@id":"https:\/\/www.promin.it\/fr\/prodotto\/so-fresh\/#primaryimage","url":"https:\/\/www.promin.it\/wp-content\/uploads\/2017\/11\/so-fresh-confetti-cardamomo.webp","contentUrl":"https:\/\/www.promin.it\/wp-content\/uploads\/2017\/11\/so-fresh-confetti-cardamomo.webp","width":600,"height":600},{"@type":"BreadcrumbList","@id":"https:\/\/www.promin.it\/fr\/prodotto\/so-fresh\/#breadcrumb","itemListElement":[{"@type":"ListItem","position":1,"name":"Accueil","item":"https:\/\/www.promin.it\/fr\/"},{"@type":"ListItem","position":2,"name":"Boutique","item":"https:\/\/www.promin.it\/fr\/boutique\/"},{"@type":"ListItem","position":3,"name":"So Fresh"}]},{"@type":"WebSite","@id":"https:\/\/www.promin.it\/#website","url":"https:\/\/www.promin.it\/","name":"Promin","description":"Prodotti Medicina Integrata","publisher":{"@id":"https:\/\/www.promin.it\/#organization"},"potentialAction":[{"@type":"SearchAction","target":{"@type":"EntryPoint","urlTemplate":"https:\/\/www.promin.it\/?s={search_term_string}"},"query-input":{"@type":"PropertyValueSpecification","valueRequired":true,"valueName":"search_term_string"}}],"inLanguage":"fr-FR"},{"@type":"Organization","@id":"https:\/\/www.promin.it\/#organization","name":"Promin Srl","alternateName":"Promin - Prodotti Medicina Integrata","url":"https:\/\/www.promin.it\/","logo":{"@type":"ImageObject","inLanguage":"fr-FR","@id":"https:\/\/www.promin.it\/#\/schema\/logo\/image\/","url":"https:\/\/www.promin.it\/wp-content\/uploads\/2024\/11\/logo-promin-seo.jpg","contentUrl":"https:\/\/www.promin.it\/wp-content\/uploads\/2024\/11\/logo-promin-seo.jpg","width":512,"height":512,"caption":"Promin Srl"},"image":{"@id":"https:\/\/www.promin.it\/#\/schema\/logo\/image\/"},"sameAs":["https:\/\/www.facebook.com\/prominmed","https:\/\/www.instagram.com\/promin_medicina_integrata\/","https:\/\/www.linkedin.com\/company\/promin-prodotti-medicina-integrata\/"]}]}},"jetpack_sharing_enabled":true,"_links":{"self":[{"href":"https:\/\/www.promin.it\/fr\/wp-json\/wp\/v2\/product\/19403"}],"collection":[{"href":"https:\/\/www.promin.it\/fr\/wp-json\/wp\/v2\/product"}],"about":[{"href":"https:\/\/www.promin.it\/fr\/wp-json\/wp\/v2\/types\/product"}],"wp:featuredmedia":[{"embeddable":true,"href":"https:\/\/www.promin.it\/fr\/wp-json\/wp\/v2\/media\/20282"}],"wp:attachment":[{"href":"https:\/\/www.promin.it\/fr\/wp-json\/wp\/v2\/media?parent=19403"}],"wp:term":[{"taxonomy":"product_cat","embeddable":true,"href":"https:\/\/www.promin.it\/fr\/wp-json\/wp\/v2\/product_cat?post=19403"},{"taxonomy":"product_tag","embeddable":true,"href":"https:\/\/www.promin.it\/fr\/wp-json\/wp\/v2\/product_tag?post=19403"}],"curies":[{"name":"wp","href":"https:\/\/api.w.org\/{rel}","templated":true}]}}