{"id":19405,"date":"2017-10-18T14:46:49","date_gmt":"2017-10-18T12:46:49","guid":{"rendered":"https:\/\/www.promin.it\/?post_type=product&#038;p=19405"},"modified":"2024-11-11T12:14:00","modified_gmt":"2024-11-11T11:14:00","slug":"promotion-delturil","status":"publish","type":"product","link":"https:\/\/www.promin.it\/fr\/prodotto\/promotion-delturil\/","title":{"rendered":"Delturil \u2013 Promotion de la quantit\u00e9"},"content":{"rendered":"<p><strong>Delturil Promotion<\/strong><\/p>\n<p>REMISE SUR QUANTIT\u00c9\u00a0: 3 paquets de 24 sachets 67,30 \u20ac\u00a0; 5 paquets de 24 sachets 105,40 \u20ac ; Compl\u00e9ment d\u2019extraits de plantes utiles au bien-\u00eatre des voies urinaires. \u00c0 base de D-Mannose, d\u2019\u00e9chinac\u00e9e avec lactoferrine et zinc. DELTURIL : 24 sachets de 1,3 g, \u00e0 dissoudre dans un peu d\u2019eau ou directement dans la bouche.<br \/>\nChaque sachet apporte 1 g de D-Mannose naturel pur.<\/p>\n<h3>Composition:<\/h3>\n<p>D-Mannose naturel de bouleau, agent de charge : maltodextrine, extrait sec de racine d\u2019\u00e9chinac\u00e9e (Echinacea angustifolia DC), lactoferrine, zinc. Le D-Mannose est un sucre simple extrait du bois de bouleau (ou de m\u00e9l\u00e8ze), consid\u00e9r\u00e9 par beaucoup comme un \u00ab antibiotique naturel \u00bb et donc utilis\u00e9 comme adjuvant pour se prot\u00e9ger contre certaines infections des voies g\u00e9nito-urinaires caus\u00e9es par des bact\u00e9ries telles que Escherichia coli et Candida albicans. Selon de nombreuses \u00e9tudes scientifiques, cette substance naturelle est bien absorb\u00e9e par l\u2019organisme, mais tr\u00e8s peu m\u00e9tabolis\u00e9e. Il exercerait ainsi son action exclusivement au niveau de la vessie, se concentrant presque inchang\u00e9 dans l\u2019urine, aidant \u00e0 r\u00e9duire l\u2019adh\u00e9rence des bact\u00e9ries sur la paroi de la vessie et favorisant l\u2019\u00e9limination par la miction.<br \/>\nN\u2019\u00e9tant pas bact\u00e9ricide, le D-Mannose a l\u2019avantage de ne pas cr\u00e9er de r\u00e9sistance comme les antibiotiques, de ne pas alt\u00e9rer la flore bact\u00e9rienne intestinale et vaginale, et de ne pas affaiblir l\u2019organisme.<br \/>\nDans Delturil, l\u2019\u00e9chinac\u00e9e aide \u00e0 prot\u00e9ger la fonctionnalit\u00e9 et le bien-\u00eatre des voies urinaires afin d\u2019\u00e9viter des troubles tels que la sensation de br\u00fblure et la congestion. L\u2019\u00e9chinac\u00e9e soutient \u00e9galement les capacit\u00e9s d\u00e9fensives de l\u2019organisme. Le zinc, pr\u00e9sent dans la formulation, contribue \u00e9galement au fonctionnement normal du syst\u00e8me immunitaire. cystite<\/p>\n<h3>Surtout<\/h3>\n<p>La lactoferrine est une prot\u00e9ine globulaire qui r\u00e9gule le m\u00e9tabolisme du fer et aide \u00e0 stimuler les d\u00e9fenses naturelles de l\u2019organisme. Il a une activit\u00e9 antimicrobienne bact\u00e9ricide (sur Escherichia coli) et fongicide (sur Candida albicans). Il stimule \u00e9galement la croissance d\u2019une bonne flore intestinale. Le min\u00e9ral zinc contribue au fonctionnement normal du syst\u00e8me immunitaire. L\u2019Echinacea angustifolia augmente la r\u00e9sistance de l\u2019organisme aux agressions pathog\u00e8nes. Utile comme adjuvant en cas d\u2019infections des voies urinaires inf\u00e9rieures et dans les troubles caus\u00e9s par Candida albicans.<\/p>\n<h3>Les composants naturels de Delturil<\/h3>\n<p>\u2013 ils contribuent au maintien de l\u2019\u00e9quilibre et du bien-\u00eatre des voies urinaires, premi\u00e8re d\u00e9fense contre le d\u00e9veloppement et la prolif\u00e9ration des bact\u00e9ries et des champignons. \u2013 aider \u00e0 soulager la sensation de br\u00fblure, la difficult\u00e9 et la congestion localement. \u2013 Ils favorisent les d\u00e9fenses immunitaires de l\u2019organisme, afin d\u2019\u00e9viter que les troubles g\u00e9nito-urinaires ne deviennent r\u00e9currents.<br \/>\nBien tol\u00e9r\u00e9e, sa prise peut \u00eatre prolong\u00e9e dans le temps.<\/p>\n<h3>Dose journali\u00e8re<\/h3>\n<p>Il est recommand\u00e9 dans la phase aigu\u00eb des troubles de prendre 3 sachets par jour. Continuez ensuite avec une dose de 2 sachets par jour pendant 6 \u00e0 7 jours suppl\u00e9mentaires. En cas de troubles r\u00e9currents, il est conseill\u00e9 de prolonger la suppl\u00e9mentation en Delturil \u00e0 raison de 2 sachets par jour pendant 1 \u00e0 2 mois. Il s\u2019agit d\u2019un compl\u00e9ment alimentaire cibl\u00e9, pas d\u2019un m\u00e9dicament et donc sa consommation est bien tol\u00e9r\u00e9e et peut \u00eatre prolong\u00e9e dans le temps.<\/p>\n<h3>Comment le prendre<\/h3>\n<p>Delturil est de pr\u00e9f\u00e9rence pris entre les repas, en dissolvant le produit dans un peu d\u2019eau ou directement dans la bouche. \u00c9vitez de boire pendant environ une heure, afin de vous assurer que ses composants se concentrent dans l\u2019urine et peuvent exercer leur activit\u00e9. Ensuite, buvez beaucoup pour rincer les voies urinaires et la vessie. Il est \u00e9galement possible de prendre Delturil apr\u00e8s la premi\u00e8re urine le matin et apr\u00e8s la derni\u00e8re urine le soir. Attendez 20 \u00e0 30 minutes avant de prendre le petit-d\u00e9jeuner.<\/p>\n<h3>Emballage<\/h3>\n<p>24 sachets de g 1,3<br \/>\nChaque sachet fournit 1 g de D-Mannose naturel pur.<\/p>\n","protected":false},"excerpt":{"rendered":"<div style=\"text-align: center;\" align=\"center\">\n<div style=\"text-align: center;\" align=\"center\">N\u00b0 3 paquets de DELTURIL 67,30 \u20ac<br \/>\nau lieu de 79,50 \u20ac.<\/div>\n<div align=\"center\"><\/div>\n<div align=\"center\"><\/div>\n<div align=\"center\"><\/div>\n<div style=\"text-align: center;\" align=\"center\">N\u00b0 5 paquets de DELTURIL 105,40 \u20ac<br \/>\nau lieu de 132,50 \u20ac.<\/div>\n<div align=\"center\"><\/div>\n<\/div>\n<div style=\"text-align: center;\" align=\"center\"><\/div>\n<div style=\"text-align: center;\" align=\"center\"><span style=\"font-size: 12pt;\"><span style=\"font-size: x-large;\"><u>Livraison gratuite + un cadeau offert \u00e0 la livraison\u00a0!<\/u><\/span><\/span><\/div>\n<div align=\"center\"><\/div>\n","protected":false},"featured_media":19073,"template":"","meta":{"_acf_changed":false,"jetpack_post_was_ever_published":false,"jetpack_publicize_message":"","jetpack_publicize_feature_enabled":true,"jetpack_social_post_already_shared":true,"jetpack_social_options":{"image_generator_settings":{"template":"highway","enabled":false},"version":2}},"product_cat":[706,707,642,708,684,663,756,709,631],"product_tag":[662],"class_list":{"0":"post-19405","1":"product","2":"type-product","3":"status-publish","4":"has-post-thumbnail","6":"product_cat-d-mannose","7":"product_cat-echinacea-fr","8":"product_cat-femmes-age-fecond","9":"product_cat-lactoferrine","10":"product_cat-lignes-promin","11":"product_cat-promotions","12":"product_cat-urinaires","13":"product_cat-zinc","14":"product_cat-systeme-urogenital","15":"product_tag-promotions","17":"first","18":"instock","19":"taxable","20":"shipping-taxable","21":"purchasable","22":"product-type-variable"},"jetpack_publicize_connections":[],"acf":[],"yoast_head":"<!-- This site is optimized with the Yoast SEO plugin v23.4 - https:\/\/yoast.com\/wordpress\/plugins\/seo\/ -->\n<title>Promotion Deturil - Suppl\u00e9ment D-Mannose - Promin<\/title>\n<meta name=\"description\" content=\"Promotion Delturil - Compl\u00e9ment alimentaire \u00e0 base de D-Mannose, Lactoferrine et Echinac\u00e9e - N\u00b0 2 sachets de DELTURIL \u00e0 67,30 \u20ac au lieu de 74,70 \u20ac. N\u00b0 5 paquets de DELTURIL \u00e0 105,40 \u20ac au lieu de 124,50 \u20ac. Livraison gratuite + un cadeau offert \u00e0 la livraison\u00a0!\" \/>\n<meta name=\"robots\" content=\"index, follow, max-snippet:-1, max-image-preview:large, max-video-preview:-1\" \/>\n<link rel=\"canonical\" href=\"https:\/\/www.promin.it\/fr\/prodotto\/promotion-delturil\/\" \/>\n<meta property=\"og:locale\" content=\"fr_FR\" \/>\n<meta property=\"og:type\" content=\"article\" \/>\n<meta property=\"og:title\" content=\"Promotion Deturil - Suppl\u00e9ment D-Mannose - Promin\" \/>\n<meta property=\"og:description\" content=\"Promotion Delturil - Compl\u00e9ment alimentaire \u00e0 base de D-Mannose, Lactoferrine et Echinac\u00e9e - N\u00b0 2 sachets de DELTURIL \u00e0 67,30 \u20ac au lieu de 74,70 \u20ac. N\u00b0 5 paquets de DELTURIL \u00e0 105,40 \u20ac au lieu de 124,50 \u20ac. Livraison gratuite + un cadeau offert \u00e0 la livraison\u00a0!\" \/>\n<meta property=\"og:url\" content=\"https:\/\/www.promin.it\/fr\/prodotto\/promotion-delturil\/\" \/>\n<meta property=\"og:site_name\" content=\"Promin\" \/>\n<meta property=\"article:publisher\" content=\"https:\/\/www.facebook.com\/prominmed\" \/>\n<meta property=\"article:modified_time\" content=\"2024-11-11T11:14:00+00:00\" \/>\n<meta property=\"og:image\" content=\"https:\/\/www.promin.it\/wp-content\/uploads\/2017\/10\/delturil-cistite-e-d-mannosio.webp\" \/>\n\t<meta property=\"og:image:width\" content=\"600\" \/>\n\t<meta property=\"og:image:height\" content=\"450\" \/>\n\t<meta property=\"og:image:type\" content=\"image\/webp\" \/>\n<meta name=\"twitter:card\" content=\"summary_large_image\" \/>\n<script type=\"application\/ld+json\" class=\"yoast-schema-graph\">{\"@context\":\"https:\/\/schema.org\",\"@graph\":[{\"@type\":\"WebPage\",\"@id\":\"https:\/\/www.promin.it\/fr\/prodotto\/promotion-delturil\/\",\"url\":\"https:\/\/www.promin.it\/fr\/prodotto\/promotion-delturil\/\",\"name\":\"Promotion Deturil - Suppl\u00e9ment D-Mannose - Promin\",\"isPartOf\":{\"@id\":\"https:\/\/www.promin.it\/#website\"},\"primaryImageOfPage\":{\"@id\":\"https:\/\/www.promin.it\/fr\/prodotto\/promotion-delturil\/#primaryimage\"},\"image\":{\"@id\":\"https:\/\/www.promin.it\/fr\/prodotto\/promotion-delturil\/#primaryimage\"},\"thumbnailUrl\":\"https:\/\/www.promin.it\/wp-content\/uploads\/2017\/10\/delturil-cistite-e-d-mannosio.webp\",\"datePublished\":\"2017-10-18T12:46:49+00:00\",\"dateModified\":\"2024-11-11T11:14:00+00:00\",\"description\":\"Promotion Delturil - Compl\u00e9ment alimentaire \u00e0 base de D-Mannose, Lactoferrine et Echinac\u00e9e - N\u00b0 2 sachets de DELTURIL \u00e0 67,30 \u20ac au lieu de 74,70 \u20ac. N\u00b0 5 paquets de DELTURIL \u00e0 105,40 \u20ac au lieu de 124,50 \u20ac. Livraison gratuite + un cadeau offert \u00e0 la livraison\u00a0!\",\"breadcrumb\":{\"@id\":\"https:\/\/www.promin.it\/fr\/prodotto\/promotion-delturil\/#breadcrumb\"},\"inLanguage\":\"fr-FR\",\"potentialAction\":[{\"@type\":\"ReadAction\",\"target\":[\"https:\/\/www.promin.it\/fr\/prodotto\/promotion-delturil\/\"]}]},{\"@type\":\"ImageObject\",\"inLanguage\":\"fr-FR\",\"@id\":\"https:\/\/www.promin.it\/fr\/prodotto\/promotion-delturil\/#primaryimage\",\"url\":\"https:\/\/www.promin.it\/wp-content\/uploads\/2017\/10\/delturil-cistite-e-d-mannosio.webp\",\"contentUrl\":\"https:\/\/www.promin.it\/wp-content\/uploads\/2017\/10\/delturil-cistite-e-d-mannosio.webp\",\"width\":600,\"height\":450},{\"@type\":\"BreadcrumbList\",\"@id\":\"https:\/\/www.promin.it\/fr\/prodotto\/promotion-delturil\/#breadcrumb\",\"itemListElement\":[{\"@type\":\"ListItem\",\"position\":1,\"name\":\"Accueil\",\"item\":\"https:\/\/www.promin.it\/fr\/\"},{\"@type\":\"ListItem\",\"position\":2,\"name\":\"Boutique\",\"item\":\"https:\/\/www.promin.it\/fr\/boutique\/\"},{\"@type\":\"ListItem\",\"position\":3,\"name\":\"Delturil \u2013 Promotion de la quantit\u00e9\"}]},{\"@type\":\"WebSite\",\"@id\":\"https:\/\/www.promin.it\/#website\",\"url\":\"https:\/\/www.promin.it\/\",\"name\":\"Promin\",\"description\":\"Prodotti Medicina Integrata\",\"publisher\":{\"@id\":\"https:\/\/www.promin.it\/#organization\"},\"potentialAction\":[{\"@type\":\"SearchAction\",\"target\":{\"@type\":\"EntryPoint\",\"urlTemplate\":\"https:\/\/www.promin.it\/?s={search_term_string}\"},\"query-input\":{\"@type\":\"PropertyValueSpecification\",\"valueRequired\":true,\"valueName\":\"search_term_string\"}}],\"inLanguage\":\"fr-FR\"},{\"@type\":\"Organization\",\"@id\":\"https:\/\/www.promin.it\/#organization\",\"name\":\"Promin Srl\",\"alternateName\":\"Promin - Prodotti Medicina Integrata\",\"url\":\"https:\/\/www.promin.it\/\",\"logo\":{\"@type\":\"ImageObject\",\"inLanguage\":\"fr-FR\",\"@id\":\"https:\/\/www.promin.it\/#\/schema\/logo\/image\/\",\"url\":\"https:\/\/www.promin.it\/wp-content\/uploads\/2024\/11\/logo-promin-seo.jpg\",\"contentUrl\":\"https:\/\/www.promin.it\/wp-content\/uploads\/2024\/11\/logo-promin-seo.jpg\",\"width\":512,\"height\":512,\"caption\":\"Promin Srl\"},\"image\":{\"@id\":\"https:\/\/www.promin.it\/#\/schema\/logo\/image\/\"},\"sameAs\":[\"https:\/\/www.facebook.com\/prominmed\",\"https:\/\/www.instagram.com\/promin_medicina_integrata\/\",\"https:\/\/www.linkedin.com\/company\/promin-prodotti-medicina-integrata\/\"]}]}<\/script>\n<!-- \/ Yoast SEO plugin. -->","yoast_head_json":{"title":"Promotion Deturil - Suppl\u00e9ment D-Mannose - Promin","description":"Promotion Delturil - Compl\u00e9ment alimentaire \u00e0 base de D-Mannose, Lactoferrine et Echinac\u00e9e - N\u00b0 2 sachets de DELTURIL \u00e0 67,30 \u20ac au lieu de 74,70 \u20ac. N\u00b0 5 paquets de DELTURIL \u00e0 105,40 \u20ac au lieu de 124,50 \u20ac. Livraison gratuite + un cadeau offert \u00e0 la livraison\u00a0!","robots":{"index":"index","follow":"follow","max-snippet":"max-snippet:-1","max-image-preview":"max-image-preview:large","max-video-preview":"max-video-preview:-1"},"canonical":"https:\/\/www.promin.it\/fr\/prodotto\/promotion-delturil\/","og_locale":"fr_FR","og_type":"article","og_title":"Promotion Deturil - Suppl\u00e9ment D-Mannose - Promin","og_description":"Promotion Delturil - Compl\u00e9ment alimentaire \u00e0 base de D-Mannose, Lactoferrine et Echinac\u00e9e - N\u00b0 2 sachets de DELTURIL \u00e0 67,30 \u20ac au lieu de 74,70 \u20ac. N\u00b0 5 paquets de DELTURIL \u00e0 105,40 \u20ac au lieu de 124,50 \u20ac. Livraison gratuite + un cadeau offert \u00e0 la livraison\u00a0!","og_url":"https:\/\/www.promin.it\/fr\/prodotto\/promotion-delturil\/","og_site_name":"Promin","article_publisher":"https:\/\/www.facebook.com\/prominmed","article_modified_time":"2024-11-11T11:14:00+00:00","og_image":[{"width":600,"height":450,"url":"https:\/\/www.promin.it\/wp-content\/uploads\/2017\/10\/delturil-cistite-e-d-mannosio.webp","type":"image\/webp"}],"twitter_card":"summary_large_image","schema":{"@context":"https:\/\/schema.org","@graph":[{"@type":"WebPage","@id":"https:\/\/www.promin.it\/fr\/prodotto\/promotion-delturil\/","url":"https:\/\/www.promin.it\/fr\/prodotto\/promotion-delturil\/","name":"Promotion Deturil - Suppl\u00e9ment D-Mannose - Promin","isPartOf":{"@id":"https:\/\/www.promin.it\/#website"},"primaryImageOfPage":{"@id":"https:\/\/www.promin.it\/fr\/prodotto\/promotion-delturil\/#primaryimage"},"image":{"@id":"https:\/\/www.promin.it\/fr\/prodotto\/promotion-delturil\/#primaryimage"},"thumbnailUrl":"https:\/\/www.promin.it\/wp-content\/uploads\/2017\/10\/delturil-cistite-e-d-mannosio.webp","datePublished":"2017-10-18T12:46:49+00:00","dateModified":"2024-11-11T11:14:00+00:00","description":"Promotion Delturil - Compl\u00e9ment alimentaire \u00e0 base de D-Mannose, Lactoferrine et Echinac\u00e9e - N\u00b0 2 sachets de DELTURIL \u00e0 67,30 \u20ac au lieu de 74,70 \u20ac. N\u00b0 5 paquets de DELTURIL \u00e0 105,40 \u20ac au lieu de 124,50 \u20ac. Livraison gratuite + un cadeau offert \u00e0 la livraison\u00a0!","breadcrumb":{"@id":"https:\/\/www.promin.it\/fr\/prodotto\/promotion-delturil\/#breadcrumb"},"inLanguage":"fr-FR","potentialAction":[{"@type":"ReadAction","target":["https:\/\/www.promin.it\/fr\/prodotto\/promotion-delturil\/"]}]},{"@type":"ImageObject","inLanguage":"fr-FR","@id":"https:\/\/www.promin.it\/fr\/prodotto\/promotion-delturil\/#primaryimage","url":"https:\/\/www.promin.it\/wp-content\/uploads\/2017\/10\/delturil-cistite-e-d-mannosio.webp","contentUrl":"https:\/\/www.promin.it\/wp-content\/uploads\/2017\/10\/delturil-cistite-e-d-mannosio.webp","width":600,"height":450},{"@type":"BreadcrumbList","@id":"https:\/\/www.promin.it\/fr\/prodotto\/promotion-delturil\/#breadcrumb","itemListElement":[{"@type":"ListItem","position":1,"name":"Accueil","item":"https:\/\/www.promin.it\/fr\/"},{"@type":"ListItem","position":2,"name":"Boutique","item":"https:\/\/www.promin.it\/fr\/boutique\/"},{"@type":"ListItem","position":3,"name":"Delturil \u2013 Promotion de la quantit\u00e9"}]},{"@type":"WebSite","@id":"https:\/\/www.promin.it\/#website","url":"https:\/\/www.promin.it\/","name":"Promin","description":"Prodotti Medicina Integrata","publisher":{"@id":"https:\/\/www.promin.it\/#organization"},"potentialAction":[{"@type":"SearchAction","target":{"@type":"EntryPoint","urlTemplate":"https:\/\/www.promin.it\/?s={search_term_string}"},"query-input":{"@type":"PropertyValueSpecification","valueRequired":true,"valueName":"search_term_string"}}],"inLanguage":"fr-FR"},{"@type":"Organization","@id":"https:\/\/www.promin.it\/#organization","name":"Promin Srl","alternateName":"Promin - Prodotti Medicina Integrata","url":"https:\/\/www.promin.it\/","logo":{"@type":"ImageObject","inLanguage":"fr-FR","@id":"https:\/\/www.promin.it\/#\/schema\/logo\/image\/","url":"https:\/\/www.promin.it\/wp-content\/uploads\/2024\/11\/logo-promin-seo.jpg","contentUrl":"https:\/\/www.promin.it\/wp-content\/uploads\/2024\/11\/logo-promin-seo.jpg","width":512,"height":512,"caption":"Promin Srl"},"image":{"@id":"https:\/\/www.promin.it\/#\/schema\/logo\/image\/"},"sameAs":["https:\/\/www.facebook.com\/prominmed","https:\/\/www.instagram.com\/promin_medicina_integrata\/","https:\/\/www.linkedin.com\/company\/promin-prodotti-medicina-integrata\/"]}]}},"jetpack_sharing_enabled":true,"_links":{"self":[{"href":"https:\/\/www.promin.it\/fr\/wp-json\/wp\/v2\/product\/19405"}],"collection":[{"href":"https:\/\/www.promin.it\/fr\/wp-json\/wp\/v2\/product"}],"about":[{"href":"https:\/\/www.promin.it\/fr\/wp-json\/wp\/v2\/types\/product"}],"wp:featuredmedia":[{"embeddable":true,"href":"https:\/\/www.promin.it\/fr\/wp-json\/wp\/v2\/media\/19073"}],"wp:attachment":[{"href":"https:\/\/www.promin.it\/fr\/wp-json\/wp\/v2\/media?parent=19405"}],"wp:term":[{"taxonomy":"product_cat","embeddable":true,"href":"https:\/\/www.promin.it\/fr\/wp-json\/wp\/v2\/product_cat?post=19405"},{"taxonomy":"product_tag","embeddable":true,"href":"https:\/\/www.promin.it\/fr\/wp-json\/wp\/v2\/product_tag?post=19405"}],"curies":[{"name":"wp","href":"https:\/\/api.w.org\/{rel}","templated":true}]}}