{"id":19411,"date":"2017-10-14T14:37:27","date_gmt":"2017-10-14T12:37:27","guid":{"rendered":"https:\/\/www.promin.it\/?post_type=product&#038;p=19411"},"modified":"2024-11-11T12:14:40","modified_gmt":"2024-11-11T11:14:40","slug":"quantite-de-inosima-promotion","status":"publish","type":"product","link":"https:\/\/www.promin.it\/fr\/prodotto\/quantite-de-inosima-promotion\/","title":{"rendered":"Inosima 500 \u2013 Promotion de la quantit\u00e9"},"content":{"rendered":"<h2><span class=\"detail_test\" style=\"color: #000000;\">Inosima 500 Promotion<\/span><\/h2>\n<h2><span class=\"detail_test\" style=\"color: #000000;\">REMISE SUR QUANTIT\u00c9\u00a0: <\/span><\/h2>\n<p><span class=\"detail_test\" style=\"color: #000000;\">3 bouteilles de 100 CPS \u20ac68,10\u00a0; <\/span><br \/>\n<span class=\"detail_test\" style=\"color: #000000;\">5 bouteilles de 100 CPS \u20ac112,80\u00a0; <\/span><br \/>\n<span class=\"detail_test\" style=\"color: #000000;\">10 bouteilles de 100 CPS \u20ac223,45.<\/span><\/p>\n<p><strong>Inosima 500 est du<\/strong> <strong><a href=\"http:\/\/www.promin.it\/inositolo\/\">Myo-Inositol<\/a><\/strong> en comprim\u00e9s \u00e0 lib\u00e9ration lente. Chaque comprim\u00e9 fournit 500 mg de l\u2019inositol le plus pur. <strong><a href=\"http:\/\/www.promin.it\/inositolo\/\">L\u2019inositol<\/a><\/strong> ou m\u00e9soinose ou vitamine B7 est un composant primaire des membranes cellulaires, o\u00f9 il est pr\u00e9sent sous forme de phosphatidylinositol. C\u2019est un m\u00e9diateur important d\u2019innombrables r\u00e9actions dans notre corps et agit en \u00e9troite collaboration avec la choline, une substance utile pour soutenir la fonction h\u00e9patique. <strong><a href=\"http:\/\/www.promin.it\/inositolo\/\">L\u2019inositol<\/a><\/strong>, pris par voie orale, est modifi\u00e9 et d\u00e9sactiv\u00e9 en grande partie dans l\u2019estomac. Les comprim\u00e9s brevet\u00e9s d\u2019Inosima 500 sont \u00e0 lib\u00e9ration lente, une technologie con\u00e7ue pour permettre une absorption optimale de la substance au niveau duod\u00e9nal.<\/p>\n<h4>INFORMATIONS TECHNIQUES SUR LE PRODUIT<\/h4>\n<ul>\n<li><strong>INGR\u00c9DIENTS :<\/strong> Agent de charge : maltodextrine. Anti-agglom\u00e9rants : cellulose microcristalline, st\u00e9arate de magn\u00e9sium, dioxyde de silicium, cire d\u2019abeille. Agents d\u2019enrobage : hydroxypropylm\u00e9thylcellulose<\/li>\n<li><strong>EMBALLAGE\u00a0: Bo\u00eete<\/strong> avec flacon de 100 comprim\u00e9s<\/li>\n<li><strong>FORME PHARMACEUTIQUE :<\/strong> Comprim\u00e9s \u00e0 avaler \u00e0 lib\u00e9ration lente (technologie brevet\u00e9e)<\/li>\n<li><strong>MODE D\u2019EMPLOI\u00a0:<\/strong> Nous recommandons 4 comprim\u00e9s par jour, 2 le matin et 2 le soir, entre les repas principaux pour des cycles de 4 \u00e0 5 semaines<br \/>\nLe traitement peut \u00e9galement \u00eatre prolong\u00e9 pendant de plus longues p\u00e9riodes ou r\u00e9p\u00e9t\u00e9 par cycles tout au long de l\u2019ann\u00e9e, selon les besoins.<\/li>\n<li><strong>ALLERG\u00c8NES :<\/strong> non pr\u00e9sents (Promin ne garantit pas l\u2019absence d\u2019une \u00e9ventuelle contamination crois\u00e9e tout au long de la cha\u00eene de production)<\/li>\n<li><strong>CODE CODIFA :<\/strong> 909403572 (Indiquez \u00e0 votre pharmacien le code codifa, afin de ne pas avoir de probl\u00e8mes pour trouver le produit)<\/li>\n<\/ul>\n<p>Avertissements : Ne d\u00e9passez pas la dose quotidienne recommand\u00e9e. Tenir hors de port\u00e9e des enfants de moins de 3 ans. Les suppl\u00e9ments ne sont pas destin\u00e9s \u00e0 se substituer \u00e0 une alimentation vari\u00e9e et \u00e9quilibr\u00e9e et \u00e0 un mode de vie sain.<\/p>\n","protected":false},"excerpt":{"rendered":"<div align=\"center\">\n<div style=\"text-align: left;\" align=\"center\">\n<div style=\"text-align: center;\" align=\"center\">N\u00b0 3 paquets d\u2019INOSIMA 500 \u00e0<br \/>\n68,10 \u20ac au lieu de 79,50 \u20ac.<\/div>\n<div align=\"center\"><span style=\"font-size: 12pt;\"> <\/span>N\u00b0 5 paquets d\u2019INOSIMA 500 \u00e0<br \/>\n112,80 \u20ac au lieu de 132,50 \u20ac.<\/div>\n<\/div>\n<\/div>\n<div align=\"center\">N\u00b0 10 paquets d\u2019INOSIMA 500 &#8211;<br \/>\n223,45 au lieu de 265,00 \u20ac.<\/div>\n<div align=\"center\"><\/div>\n<div align=\"center\"><\/div>\n<div align=\"center\"><\/div>\n<div align=\"center\">\n<div style=\"text-align: left;\" align=\"center\">\n<div align=\"center\">\n<div>\n<div style=\"text-align: center;\"><span style=\"font-size: x-large;\"><u>Livraison gratuite + un cadeau offert \u00e0 la livraison\u00a0!<\/u><\/span><\/div>\n<\/div>\n<\/div>\n<\/div>\n<\/div>\n","protected":false},"featured_media":19072,"template":"","meta":{"_acf_changed":false,"jetpack_post_was_ever_published":false,"jetpack_publicize_message":"","jetpack_publicize_feature_enabled":true,"jetpack_social_post_already_shared":true,"jetpack_social_options":{"image_generator_settings":{"template":"highway","enabled":false},"version":2}},"product_cat":[654,657,640,643,751,663,655,620,624,625,628,631],"product_tag":[760,662],"class_list":{"0":"post-19411","1":"product","2":"type-product","3":"status-publish","4":"has-post-thumbnail","6":"product_cat-cholesterol-triglycerides","7":"product_cat-foie","8":"product_cat-inositolo-fr","9":"product_cat-linea-inositolo-fr","10":"product_cat-menopause","11":"product_cat-promotions","12":"product_cat-purification","13":"product_cat-ovaire-polykystique","14":"product_cat-systeme-cardiovasculaire","15":"product_cat-systeme-hepatique","16":"product_cat-systeme-nerveux-central","17":"product_cat-systeme-urogenital","18":"product_tag-inosima-500-fr","19":"product_tag-promotions","21":"first","22":"instock","23":"taxable","24":"shipping-taxable","25":"purchasable","26":"product-type-variable"},"jetpack_publicize_connections":[],"acf":[],"yoast_head":"<!-- This site is optimized with the Yoast SEO plugin v23.4 - https:\/\/yoast.com\/wordpress\/plugins\/seo\/ -->\n<title>quantit\u00e9 de Inosima 500 - Promotion - Promin Products Integrated Medicine<\/title>\n<meta name=\"description\" content=\"quantit\u00e9 de Promotion Inosima 500 - N\u00b0 3 paquets d\u2019INOSIMA 500 \u00e0 68,10 \u20ac au lieu de 74,70 \u20ac. N\u00b0 5 paquets d\u2019INOSIMA 500 \u00e0 112,80 \u20ac au lieu de 124,50 \u20ac. N\u00b0 10 paquets d\u2019INOSIMA 500 \u00e0 223,45 \u20ac au lieu de 249,00 \u20ac. Livraison gratuite + un cadeau offert \u00e0 la livraison\u00a0!\" \/>\n<meta name=\"robots\" content=\"index, follow, max-snippet:-1, max-image-preview:large, max-video-preview:-1\" \/>\n<link rel=\"canonical\" href=\"https:\/\/www.promin.it\/fr\/prodotto\/quantite-de-inosima-promotion\/\" \/>\n<meta property=\"og:locale\" content=\"fr_FR\" \/>\n<meta property=\"og:type\" content=\"article\" \/>\n<meta property=\"og:title\" content=\"quantit\u00e9 de Inosima 500 - Promotion - Promin Products Integrated Medicine\" \/>\n<meta property=\"og:description\" content=\"quantit\u00e9 de Promotion Inosima 500 - N\u00b0 3 paquets d\u2019INOSIMA 500 \u00e0 68,10 \u20ac au lieu de 74,70 \u20ac. N\u00b0 5 paquets d\u2019INOSIMA 500 \u00e0 112,80 \u20ac au lieu de 124,50 \u20ac. N\u00b0 10 paquets d\u2019INOSIMA 500 \u00e0 223,45 \u20ac au lieu de 249,00 \u20ac. Livraison gratuite + un cadeau offert \u00e0 la livraison\u00a0!\" \/>\n<meta property=\"og:url\" content=\"https:\/\/www.promin.it\/fr\/prodotto\/quantite-de-inosima-promotion\/\" \/>\n<meta property=\"og:site_name\" content=\"Promin\" \/>\n<meta property=\"article:publisher\" content=\"https:\/\/www.facebook.com\/prominmed\" \/>\n<meta property=\"article:modified_time\" content=\"2024-11-11T11:14:40+00:00\" \/>\n<meta property=\"og:image\" content=\"https:\/\/www.promin.it\/wp-content\/uploads\/2017\/10\/INOSIMA-500-100-cpr.webp\" \/>\n\t<meta property=\"og:image:width\" content=\"600\" \/>\n\t<meta property=\"og:image:height\" content=\"800\" \/>\n\t<meta property=\"og:image:type\" content=\"image\/webp\" \/>\n<meta name=\"twitter:card\" content=\"summary_large_image\" \/>\n<script type=\"application\/ld+json\" class=\"yoast-schema-graph\">{\"@context\":\"https:\/\/schema.org\",\"@graph\":[{\"@type\":\"WebPage\",\"@id\":\"https:\/\/www.promin.it\/fr\/prodotto\/quantite-de-inosima-promotion\/\",\"url\":\"https:\/\/www.promin.it\/fr\/prodotto\/quantite-de-inosima-promotion\/\",\"name\":\"quantit\u00e9 de Inosima 500 - Promotion - Promin Products Integrated Medicine\",\"isPartOf\":{\"@id\":\"https:\/\/www.promin.it\/#website\"},\"primaryImageOfPage\":{\"@id\":\"https:\/\/www.promin.it\/fr\/prodotto\/quantite-de-inosima-promotion\/#primaryimage\"},\"image\":{\"@id\":\"https:\/\/www.promin.it\/fr\/prodotto\/quantite-de-inosima-promotion\/#primaryimage\"},\"thumbnailUrl\":\"https:\/\/www.promin.it\/wp-content\/uploads\/2017\/10\/INOSIMA-500-100-cpr.webp\",\"datePublished\":\"2017-10-14T12:37:27+00:00\",\"dateModified\":\"2024-11-11T11:14:40+00:00\",\"description\":\"quantit\u00e9 de Promotion Inosima 500 - N\u00b0 3 paquets d\u2019INOSIMA 500 \u00e0 68,10 \u20ac au lieu de 74,70 \u20ac. N\u00b0 5 paquets d\u2019INOSIMA 500 \u00e0 112,80 \u20ac au lieu de 124,50 \u20ac. N\u00b0 10 paquets d\u2019INOSIMA 500 \u00e0 223,45 \u20ac au lieu de 249,00 \u20ac. Livraison gratuite + un cadeau offert \u00e0 la livraison\u00a0!\",\"breadcrumb\":{\"@id\":\"https:\/\/www.promin.it\/fr\/prodotto\/quantite-de-inosima-promotion\/#breadcrumb\"},\"inLanguage\":\"fr-FR\",\"potentialAction\":[{\"@type\":\"ReadAction\",\"target\":[\"https:\/\/www.promin.it\/fr\/prodotto\/quantite-de-inosima-promotion\/\"]}]},{\"@type\":\"ImageObject\",\"inLanguage\":\"fr-FR\",\"@id\":\"https:\/\/www.promin.it\/fr\/prodotto\/quantite-de-inosima-promotion\/#primaryimage\",\"url\":\"https:\/\/www.promin.it\/wp-content\/uploads\/2017\/10\/INOSIMA-500-100-cpr.webp\",\"contentUrl\":\"https:\/\/www.promin.it\/wp-content\/uploads\/2017\/10\/INOSIMA-500-100-cpr.webp\",\"width\":600,\"height\":800},{\"@type\":\"BreadcrumbList\",\"@id\":\"https:\/\/www.promin.it\/fr\/prodotto\/quantite-de-inosima-promotion\/#breadcrumb\",\"itemListElement\":[{\"@type\":\"ListItem\",\"position\":1,\"name\":\"Accueil\",\"item\":\"https:\/\/www.promin.it\/fr\/\"},{\"@type\":\"ListItem\",\"position\":2,\"name\":\"Boutique\",\"item\":\"https:\/\/www.promin.it\/fr\/boutique\/\"},{\"@type\":\"ListItem\",\"position\":3,\"name\":\"Inosima 500 \u2013 Promotion de la quantit\u00e9\"}]},{\"@type\":\"WebSite\",\"@id\":\"https:\/\/www.promin.it\/#website\",\"url\":\"https:\/\/www.promin.it\/\",\"name\":\"Promin\",\"description\":\"Prodotti Medicina Integrata\",\"publisher\":{\"@id\":\"https:\/\/www.promin.it\/#organization\"},\"potentialAction\":[{\"@type\":\"SearchAction\",\"target\":{\"@type\":\"EntryPoint\",\"urlTemplate\":\"https:\/\/www.promin.it\/?s={search_term_string}\"},\"query-input\":{\"@type\":\"PropertyValueSpecification\",\"valueRequired\":true,\"valueName\":\"search_term_string\"}}],\"inLanguage\":\"fr-FR\"},{\"@type\":\"Organization\",\"@id\":\"https:\/\/www.promin.it\/#organization\",\"name\":\"Promin Srl\",\"alternateName\":\"Promin - Prodotti Medicina Integrata\",\"url\":\"https:\/\/www.promin.it\/\",\"logo\":{\"@type\":\"ImageObject\",\"inLanguage\":\"fr-FR\",\"@id\":\"https:\/\/www.promin.it\/#\/schema\/logo\/image\/\",\"url\":\"https:\/\/www.promin.it\/wp-content\/uploads\/2024\/11\/logo-promin-seo.jpg\",\"contentUrl\":\"https:\/\/www.promin.it\/wp-content\/uploads\/2024\/11\/logo-promin-seo.jpg\",\"width\":512,\"height\":512,\"caption\":\"Promin Srl\"},\"image\":{\"@id\":\"https:\/\/www.promin.it\/#\/schema\/logo\/image\/\"},\"sameAs\":[\"https:\/\/www.facebook.com\/prominmed\",\"https:\/\/www.instagram.com\/promin_medicina_integrata\/\",\"https:\/\/www.linkedin.com\/company\/promin-prodotti-medicina-integrata\/\"]}]}<\/script>\n<!-- \/ Yoast SEO plugin. -->","yoast_head_json":{"title":"quantit\u00e9 de Inosima 500 - Promotion - Promin Products Integrated Medicine","description":"quantit\u00e9 de Promotion Inosima 500 - N\u00b0 3 paquets d\u2019INOSIMA 500 \u00e0 68,10 \u20ac au lieu de 74,70 \u20ac. N\u00b0 5 paquets d\u2019INOSIMA 500 \u00e0 112,80 \u20ac au lieu de 124,50 \u20ac. N\u00b0 10 paquets d\u2019INOSIMA 500 \u00e0 223,45 \u20ac au lieu de 249,00 \u20ac. Livraison gratuite + un cadeau offert \u00e0 la livraison\u00a0!","robots":{"index":"index","follow":"follow","max-snippet":"max-snippet:-1","max-image-preview":"max-image-preview:large","max-video-preview":"max-video-preview:-1"},"canonical":"https:\/\/www.promin.it\/fr\/prodotto\/quantite-de-inosima-promotion\/","og_locale":"fr_FR","og_type":"article","og_title":"quantit\u00e9 de Inosima 500 - Promotion - Promin Products Integrated Medicine","og_description":"quantit\u00e9 de Promotion Inosima 500 - N\u00b0 3 paquets d\u2019INOSIMA 500 \u00e0 68,10 \u20ac au lieu de 74,70 \u20ac. N\u00b0 5 paquets d\u2019INOSIMA 500 \u00e0 112,80 \u20ac au lieu de 124,50 \u20ac. N\u00b0 10 paquets d\u2019INOSIMA 500 \u00e0 223,45 \u20ac au lieu de 249,00 \u20ac. Livraison gratuite + un cadeau offert \u00e0 la livraison\u00a0!","og_url":"https:\/\/www.promin.it\/fr\/prodotto\/quantite-de-inosima-promotion\/","og_site_name":"Promin","article_publisher":"https:\/\/www.facebook.com\/prominmed","article_modified_time":"2024-11-11T11:14:40+00:00","og_image":[{"width":600,"height":800,"url":"https:\/\/www.promin.it\/wp-content\/uploads\/2017\/10\/INOSIMA-500-100-cpr.webp","type":"image\/webp"}],"twitter_card":"summary_large_image","schema":{"@context":"https:\/\/schema.org","@graph":[{"@type":"WebPage","@id":"https:\/\/www.promin.it\/fr\/prodotto\/quantite-de-inosima-promotion\/","url":"https:\/\/www.promin.it\/fr\/prodotto\/quantite-de-inosima-promotion\/","name":"quantit\u00e9 de Inosima 500 - Promotion - Promin Products Integrated Medicine","isPartOf":{"@id":"https:\/\/www.promin.it\/#website"},"primaryImageOfPage":{"@id":"https:\/\/www.promin.it\/fr\/prodotto\/quantite-de-inosima-promotion\/#primaryimage"},"image":{"@id":"https:\/\/www.promin.it\/fr\/prodotto\/quantite-de-inosima-promotion\/#primaryimage"},"thumbnailUrl":"https:\/\/www.promin.it\/wp-content\/uploads\/2017\/10\/INOSIMA-500-100-cpr.webp","datePublished":"2017-10-14T12:37:27+00:00","dateModified":"2024-11-11T11:14:40+00:00","description":"quantit\u00e9 de Promotion Inosima 500 - N\u00b0 3 paquets d\u2019INOSIMA 500 \u00e0 68,10 \u20ac au lieu de 74,70 \u20ac. N\u00b0 5 paquets d\u2019INOSIMA 500 \u00e0 112,80 \u20ac au lieu de 124,50 \u20ac. N\u00b0 10 paquets d\u2019INOSIMA 500 \u00e0 223,45 \u20ac au lieu de 249,00 \u20ac. Livraison gratuite + un cadeau offert \u00e0 la livraison\u00a0!","breadcrumb":{"@id":"https:\/\/www.promin.it\/fr\/prodotto\/quantite-de-inosima-promotion\/#breadcrumb"},"inLanguage":"fr-FR","potentialAction":[{"@type":"ReadAction","target":["https:\/\/www.promin.it\/fr\/prodotto\/quantite-de-inosima-promotion\/"]}]},{"@type":"ImageObject","inLanguage":"fr-FR","@id":"https:\/\/www.promin.it\/fr\/prodotto\/quantite-de-inosima-promotion\/#primaryimage","url":"https:\/\/www.promin.it\/wp-content\/uploads\/2017\/10\/INOSIMA-500-100-cpr.webp","contentUrl":"https:\/\/www.promin.it\/wp-content\/uploads\/2017\/10\/INOSIMA-500-100-cpr.webp","width":600,"height":800},{"@type":"BreadcrumbList","@id":"https:\/\/www.promin.it\/fr\/prodotto\/quantite-de-inosima-promotion\/#breadcrumb","itemListElement":[{"@type":"ListItem","position":1,"name":"Accueil","item":"https:\/\/www.promin.it\/fr\/"},{"@type":"ListItem","position":2,"name":"Boutique","item":"https:\/\/www.promin.it\/fr\/boutique\/"},{"@type":"ListItem","position":3,"name":"Inosima 500 \u2013 Promotion de la quantit\u00e9"}]},{"@type":"WebSite","@id":"https:\/\/www.promin.it\/#website","url":"https:\/\/www.promin.it\/","name":"Promin","description":"Prodotti Medicina Integrata","publisher":{"@id":"https:\/\/www.promin.it\/#organization"},"potentialAction":[{"@type":"SearchAction","target":{"@type":"EntryPoint","urlTemplate":"https:\/\/www.promin.it\/?s={search_term_string}"},"query-input":{"@type":"PropertyValueSpecification","valueRequired":true,"valueName":"search_term_string"}}],"inLanguage":"fr-FR"},{"@type":"Organization","@id":"https:\/\/www.promin.it\/#organization","name":"Promin Srl","alternateName":"Promin - Prodotti Medicina Integrata","url":"https:\/\/www.promin.it\/","logo":{"@type":"ImageObject","inLanguage":"fr-FR","@id":"https:\/\/www.promin.it\/#\/schema\/logo\/image\/","url":"https:\/\/www.promin.it\/wp-content\/uploads\/2024\/11\/logo-promin-seo.jpg","contentUrl":"https:\/\/www.promin.it\/wp-content\/uploads\/2024\/11\/logo-promin-seo.jpg","width":512,"height":512,"caption":"Promin Srl"},"image":{"@id":"https:\/\/www.promin.it\/#\/schema\/logo\/image\/"},"sameAs":["https:\/\/www.facebook.com\/prominmed","https:\/\/www.instagram.com\/promin_medicina_integrata\/","https:\/\/www.linkedin.com\/company\/promin-prodotti-medicina-integrata\/"]}]}},"jetpack_sharing_enabled":true,"_links":{"self":[{"href":"https:\/\/www.promin.it\/fr\/wp-json\/wp\/v2\/product\/19411"}],"collection":[{"href":"https:\/\/www.promin.it\/fr\/wp-json\/wp\/v2\/product"}],"about":[{"href":"https:\/\/www.promin.it\/fr\/wp-json\/wp\/v2\/types\/product"}],"wp:featuredmedia":[{"embeddable":true,"href":"https:\/\/www.promin.it\/fr\/wp-json\/wp\/v2\/media\/19072"}],"wp:attachment":[{"href":"https:\/\/www.promin.it\/fr\/wp-json\/wp\/v2\/media?parent=19411"}],"wp:term":[{"taxonomy":"product_cat","embeddable":true,"href":"https:\/\/www.promin.it\/fr\/wp-json\/wp\/v2\/product_cat?post=19411"},{"taxonomy":"product_tag","embeddable":true,"href":"https:\/\/www.promin.it\/fr\/wp-json\/wp\/v2\/product_tag?post=19411"}],"curies":[{"name":"wp","href":"https:\/\/api.w.org\/{rel}","templated":true}]}}