{"id":19829,"date":"2024-11-06T09:34:12","date_gmt":"2024-11-06T08:34:12","guid":{"rendered":"https:\/\/www.promin.it\/?post_type=product&#038;p=19829"},"modified":"2024-11-11T12:05:02","modified_gmt":"2024-11-11T11:05:02","slug":"inosima-complex-30-promotion-de-la-quantite","status":"publish","type":"product","link":"https:\/\/www.promin.it\/fr\/prodotto\/inosima-complex-30-promotion-de-la-quantite\/","title":{"rendered":"Inosima Complex 30 &#8211; Promotion de la quantit\u00e9"},"content":{"rendered":"<p><strong>N\u00b0 3 packs pour 50 \u20ac SANS FRAIS DE PORT<\/strong><br \/>\n<strong>au lieu de 67,50 \u20ac.<\/strong><\/p>\n<h3>Complexe Inosima<\/h3>\n<p>est un compl\u00e9ment alimentaire en comprim\u00e9s \u00e0 lib\u00e9ration lente d\u2019Inositol, de Choline et de Vitamine E. Le r\u00f4le du foie pour le bien-\u00eatre de l\u2019organisme est fondamental. Les actions r\u00e9\u00e9quilibrantes qu\u2019il exerce au niveau hormonal, m\u00e9tabolique, biochimique et immunologique sont nombreuses et complexes. En filtrant le sang, cet organe assure le m\u00e9tabolisme des lipides et de tous les nutriments, produit la bile n\u00e9cessaire \u00e0 la digestion des graisses, contribue aux d\u00e9fenses de l\u2019organisme, neutralise les toxines, les radicaux libres, les polluants, les m\u00e9taux lourds. En plus d\u2019une alimentation saine et d\u2019un mode de vie correct, il est tr\u00e8s utile de contribuer \u00e0 sa fonctionnalit\u00e9 naturelle avec des substances lipotropes, des m\u00e9thylants et des antioxydants. Il s\u2019agit d\u2019emp\u00eacher autant que possible les d\u00e9p\u00f4ts de graisse nocifs de s\u2019y accumuler, de favoriser les syst\u00e8mes de d\u00e9toxification, de prot\u00e9ger le foie des dommages induits par les virus et les toxines. C\u2019est pour cette raison qu\u2019est n\u00e9 le complexe Inosima. Les antioxydants nutritionnels sont importants pour prot\u00e9ger le foie du m\u00e9tabolisme h\u00e9patique des toxines, et la vitamine E et les phospholipides se sont av\u00e9r\u00e9s particuli\u00e8rement pr\u00e9cieux parmi eux. <strong>COMPLEXE INOSIMA<\/strong> \u00e0 base de :<\/p>\n<ul>\n<li><strong>L\u2019inositol,<\/strong> un composant primaire des membranes cellulaires o\u00f9 il est pr\u00e9sent sous forme de phosphatidylinositol. M\u00e9diateur cellulaire, il est impliqu\u00e9 dans de nombreuses r\u00e9actions cellulaires et agit au contact \u00e9troit de la choline.<\/li>\n<li><strong>La choline<\/strong>, utile pour soutenir une fonction h\u00e9patique normale. La choline est un constituant des phospholipides qui composent la membrane cellulaire et du neurotransmetteur ac\u00e9tylcholine, qui participe \u00e0 de nombreux processus c\u00e9r\u00e9braux, dont la m\u00e9moire. Il contribue \u00e9galement au m\u00e9tabolisme normal de l\u2019homocyst\u00e9ine.<\/li>\n<\/ul>\n<ul>\n<li><strong>Vitamine E<\/strong> qui aide \u00e0 prot\u00e9ger les cellules du stress oxydatif.<\/li>\n<\/ul>\n<h3>INFORMATIONS TECHNIQUES SUR LE PRODUIT<\/h3>\n<ul>\n<li><strong>INGR\u00c9DIENTS :<\/strong> Inositol\u00a0; Agent de charge : cellulose microcristalline ; Bitartrate de choline\u00a0; Maltodextrine; Anti-agglom\u00e9rants : dioxyde de silicium, st\u00e9arate de magn\u00e9sium, st\u00e9arine v\u00e9g\u00e9tale, talc, cire d\u2019abeille ; Agents d\u2019enrobage : hydroxypropylm\u00e9thylcellulose, \u00e9thylcellulose, cire de carnauba ; Vitamine E (D-alpha-tocoph\u00e9rol-ac\u00e9tate) ; Couleur : dioxyde de titane.<\/li>\n<li><strong>EMBALLAGE\u00a0: Bo\u00eete<\/strong> avec flacon de 60 comprim\u00e9s<\/li>\n<li><strong>FORME PHARMACEUTIQUE :<\/strong> Comprim\u00e9s \u00e0 avaler \u00e0 lib\u00e9ration lente (technologie brevet\u00e9e)<\/li>\n<li><strong>MODE D\u2019EMPLOI\u00a0:<\/strong> Nous recommandons 4 comprim\u00e9s par jour, 2 le matin et 2 le soir, entre les repas, pour des cycles de 15 jours qui peuvent \u00eatre r\u00e9p\u00e9t\u00e9s tout au long de l\u2019ann\u00e9e.<\/li>\n<li><strong>ALLERG\u00c8NES : Peut<\/strong> contenir des traces de <strong>soja <\/strong>(Promin ne garantit pas l\u2019absence d\u2019une \u00e9ventuelle contamination crois\u00e9e tout au long de la cha\u00eene de production)<\/li>\n<li><strong>CODE CODIFA :<\/strong> 923817492 (Indiquez \u00e0 votre pharmacien le code CODIFA, afin de ne pas avoir de probl\u00e8mes pour trouver le produit)<\/li>\n<\/ul>\n<p>Avertissements : Ne d\u00e9passez pas la dose quotidienne recommand\u00e9e. Tenir hors de port\u00e9e des enfants de moins de 3 ans. Les suppl\u00e9ments ne sont pas destin\u00e9s \u00e0 se substituer \u00e0 une alimentation vari\u00e9e et \u00e9quilibr\u00e9e et \u00e0 un mode de vie sain.<\/p>\n<p><strong>La technologie particuli\u00e8re des pastilles permet une \u00ab lib\u00e9ration physiologique lente \u00bb, pour prot\u00e9ger les principes actifs de l\u2019environnement gastrique (technologie brevet\u00e9e).<\/strong><\/p>\n","protected":false},"excerpt":{"rendered":"<p style=\"text-align: center;\">N\u00b0 3 paquets \u00e0 50 \u20ac<br \/>\nSANS FRAIS<br \/>\nDE PORT au lieu de 67,50 \u20ac.<\/p>\n","protected":false},"featured_media":19825,"template":"","meta":{"_acf_changed":false,"jetpack_post_was_ever_published":false,"jetpack_publicize_message":"","jetpack_publicize_feature_enabled":true,"jetpack_social_post_already_shared":true,"jetpack_social_options":{"image_generator_settings":{"template":"highway","enabled":false},"version":2}},"product_cat":[682,640,684,643,663,683,612,637,624,625,628],"product_tag":[686,685,645,646,726],"class_list":{"0":"post-19829","1":"product","2":"type-product","3":"status-publish","4":"has-post-thumbnail","6":"product_cat-choline","7":"product_cat-inositolo-fr","8":"product_cat-lignes-promin","9":"product_cat-linea-inositolo-fr","10":"product_cat-promotions","11":"product_cat-vitamine-e","12":"product_cat-domaines-therapeutiques","13":"product_cat-humeur","14":"product_cat-systeme-cardiovasculaire","15":"product_cat-systeme-hepatique","16":"product_cat-systeme-nerveux-central","17":"product_tag-foie","18":"product_tag-humeur","19":"product_tag-inositolo-fr","20":"product_tag-ligne-dinositol","21":"product_tag-systeme-hepatique","23":"first","24":"instock","25":"sale","26":"taxable","27":"shipping-taxable","28":"purchasable","29":"product-type-variable"},"jetpack_publicize_connections":[],"acf":[],"yoast_head":"<!-- This site is optimized with the Yoast SEO plugin v23.4 - https:\/\/yoast.com\/wordpress\/plugins\/seo\/ -->\n<title>Inosima Complex - Suppl\u00e9ment d\u2019inositol avec choline et vitamine E<\/title>\n<meta name=\"description\" content=\"Complexe Inosima - De Promin, Produits de M\u00e9decine Int\u00e9gr\u00e9e, un compl\u00e9ment alimentaire d\u2019Inositol et de Vitamine E avec Choline qui soutient une fonction h\u00e9patique normale. Pastilles brevet\u00e9es \u00e0 lib\u00e9ration lente... Toutes les propri\u00e9t\u00e9s...\" \/>\n<meta name=\"robots\" content=\"index, follow, max-snippet:-1, max-image-preview:large, max-video-preview:-1\" \/>\n<link rel=\"canonical\" href=\"https:\/\/www.promin.it\/fr\/prodotto\/inosima-complex-30-promotion-de-la-quantite\/\" \/>\n<meta property=\"og:locale\" content=\"fr_FR\" \/>\n<meta property=\"og:type\" content=\"article\" \/>\n<meta property=\"og:title\" content=\"Inosima Complex - Suppl\u00e9ment d\u2019inositol avec choline et vitamine E\" \/>\n<meta property=\"og:description\" content=\"Complexe Inosima - De Promin, Produits de M\u00e9decine Int\u00e9gr\u00e9e, un compl\u00e9ment alimentaire d\u2019Inositol et de Vitamine E avec Choline qui soutient une fonction h\u00e9patique normale. Pastilles brevet\u00e9es \u00e0 lib\u00e9ration lente... Toutes les propri\u00e9t\u00e9s...\" \/>\n<meta property=\"og:url\" content=\"https:\/\/www.promin.it\/fr\/prodotto\/inosima-complex-30-promotion-de-la-quantite\/\" \/>\n<meta property=\"og:site_name\" content=\"Promin\" \/>\n<meta property=\"article:publisher\" content=\"https:\/\/www.facebook.com\/prominmed\" \/>\n<meta property=\"article:modified_time\" content=\"2024-11-11T11:05:02+00:00\" \/>\n<meta property=\"og:image\" content=\"https:\/\/www.promin.it\/wp-content\/uploads\/2024\/11\/inosima-complex-30.webp\" \/>\n\t<meta property=\"og:image:width\" content=\"600\" \/>\n\t<meta property=\"og:image:height\" content=\"800\" \/>\n\t<meta property=\"og:image:type\" content=\"image\/webp\" \/>\n<meta name=\"twitter:card\" content=\"summary_large_image\" \/>\n<script type=\"application\/ld+json\" class=\"yoast-schema-graph\">{\"@context\":\"https:\/\/schema.org\",\"@graph\":[{\"@type\":\"WebPage\",\"@id\":\"https:\/\/www.promin.it\/fr\/prodotto\/inosima-complex-30-promotion-de-la-quantite\/\",\"url\":\"https:\/\/www.promin.it\/fr\/prodotto\/inosima-complex-30-promotion-de-la-quantite\/\",\"name\":\"Inosima Complex - Suppl\u00e9ment d\u2019inositol avec choline et vitamine E\",\"isPartOf\":{\"@id\":\"https:\/\/www.promin.it\/#website\"},\"primaryImageOfPage\":{\"@id\":\"https:\/\/www.promin.it\/fr\/prodotto\/inosima-complex-30-promotion-de-la-quantite\/#primaryimage\"},\"image\":{\"@id\":\"https:\/\/www.promin.it\/fr\/prodotto\/inosima-complex-30-promotion-de-la-quantite\/#primaryimage\"},\"thumbnailUrl\":\"https:\/\/www.promin.it\/wp-content\/uploads\/2024\/11\/inosima-complex-30.webp\",\"datePublished\":\"2024-11-06T08:34:12+00:00\",\"dateModified\":\"2024-11-11T11:05:02+00:00\",\"description\":\"Complexe Inosima - De Promin, Produits de M\u00e9decine Int\u00e9gr\u00e9e, un compl\u00e9ment alimentaire d\u2019Inositol et de Vitamine E avec Choline qui soutient une fonction h\u00e9patique normale. Pastilles brevet\u00e9es \u00e0 lib\u00e9ration lente... Toutes les propri\u00e9t\u00e9s...\",\"breadcrumb\":{\"@id\":\"https:\/\/www.promin.it\/fr\/prodotto\/inosima-complex-30-promotion-de-la-quantite\/#breadcrumb\"},\"inLanguage\":\"fr-FR\",\"potentialAction\":[{\"@type\":\"ReadAction\",\"target\":[\"https:\/\/www.promin.it\/fr\/prodotto\/inosima-complex-30-promotion-de-la-quantite\/\"]}]},{\"@type\":\"ImageObject\",\"inLanguage\":\"fr-FR\",\"@id\":\"https:\/\/www.promin.it\/fr\/prodotto\/inosima-complex-30-promotion-de-la-quantite\/#primaryimage\",\"url\":\"https:\/\/www.promin.it\/wp-content\/uploads\/2024\/11\/inosima-complex-30.webp\",\"contentUrl\":\"https:\/\/www.promin.it\/wp-content\/uploads\/2024\/11\/inosima-complex-30.webp\",\"width\":600,\"height\":800},{\"@type\":\"BreadcrumbList\",\"@id\":\"https:\/\/www.promin.it\/fr\/prodotto\/inosima-complex-30-promotion-de-la-quantite\/#breadcrumb\",\"itemListElement\":[{\"@type\":\"ListItem\",\"position\":1,\"name\":\"Accueil\",\"item\":\"https:\/\/www.promin.it\/fr\/\"},{\"@type\":\"ListItem\",\"position\":2,\"name\":\"Boutique\",\"item\":\"https:\/\/www.promin.it\/fr\/boutique\/\"},{\"@type\":\"ListItem\",\"position\":3,\"name\":\"Inosima Complex 30 &#8211; Promotion de la quantit\u00e9\"}]},{\"@type\":\"WebSite\",\"@id\":\"https:\/\/www.promin.it\/#website\",\"url\":\"https:\/\/www.promin.it\/\",\"name\":\"Promin\",\"description\":\"Prodotti Medicina Integrata\",\"publisher\":{\"@id\":\"https:\/\/www.promin.it\/#organization\"},\"potentialAction\":[{\"@type\":\"SearchAction\",\"target\":{\"@type\":\"EntryPoint\",\"urlTemplate\":\"https:\/\/www.promin.it\/?s={search_term_string}\"},\"query-input\":{\"@type\":\"PropertyValueSpecification\",\"valueRequired\":true,\"valueName\":\"search_term_string\"}}],\"inLanguage\":\"fr-FR\"},{\"@type\":\"Organization\",\"@id\":\"https:\/\/www.promin.it\/#organization\",\"name\":\"Promin Srl\",\"alternateName\":\"Promin - Prodotti Medicina Integrata\",\"url\":\"https:\/\/www.promin.it\/\",\"logo\":{\"@type\":\"ImageObject\",\"inLanguage\":\"fr-FR\",\"@id\":\"https:\/\/www.promin.it\/#\/schema\/logo\/image\/\",\"url\":\"https:\/\/www.promin.it\/wp-content\/uploads\/2024\/11\/logo-promin-seo.jpg\",\"contentUrl\":\"https:\/\/www.promin.it\/wp-content\/uploads\/2024\/11\/logo-promin-seo.jpg\",\"width\":512,\"height\":512,\"caption\":\"Promin Srl\"},\"image\":{\"@id\":\"https:\/\/www.promin.it\/#\/schema\/logo\/image\/\"},\"sameAs\":[\"https:\/\/www.facebook.com\/prominmed\",\"https:\/\/www.instagram.com\/promin_medicina_integrata\/\",\"https:\/\/www.linkedin.com\/company\/promin-prodotti-medicina-integrata\/\"]}]}<\/script>\n<!-- \/ Yoast SEO plugin. -->","yoast_head_json":{"title":"Inosima Complex - Suppl\u00e9ment d\u2019inositol avec choline et vitamine E","description":"Complexe Inosima - De Promin, Produits de M\u00e9decine Int\u00e9gr\u00e9e, un compl\u00e9ment alimentaire d\u2019Inositol et de Vitamine E avec Choline qui soutient une fonction h\u00e9patique normale. Pastilles brevet\u00e9es \u00e0 lib\u00e9ration lente... Toutes les propri\u00e9t\u00e9s...","robots":{"index":"index","follow":"follow","max-snippet":"max-snippet:-1","max-image-preview":"max-image-preview:large","max-video-preview":"max-video-preview:-1"},"canonical":"https:\/\/www.promin.it\/fr\/prodotto\/inosima-complex-30-promotion-de-la-quantite\/","og_locale":"fr_FR","og_type":"article","og_title":"Inosima Complex - Suppl\u00e9ment d\u2019inositol avec choline et vitamine E","og_description":"Complexe Inosima - De Promin, Produits de M\u00e9decine Int\u00e9gr\u00e9e, un compl\u00e9ment alimentaire d\u2019Inositol et de Vitamine E avec Choline qui soutient une fonction h\u00e9patique normale. Pastilles brevet\u00e9es \u00e0 lib\u00e9ration lente... Toutes les propri\u00e9t\u00e9s...","og_url":"https:\/\/www.promin.it\/fr\/prodotto\/inosima-complex-30-promotion-de-la-quantite\/","og_site_name":"Promin","article_publisher":"https:\/\/www.facebook.com\/prominmed","article_modified_time":"2024-11-11T11:05:02+00:00","og_image":[{"width":600,"height":800,"url":"https:\/\/www.promin.it\/wp-content\/uploads\/2024\/11\/inosima-complex-30.webp","type":"image\/webp"}],"twitter_card":"summary_large_image","schema":{"@context":"https:\/\/schema.org","@graph":[{"@type":"WebPage","@id":"https:\/\/www.promin.it\/fr\/prodotto\/inosima-complex-30-promotion-de-la-quantite\/","url":"https:\/\/www.promin.it\/fr\/prodotto\/inosima-complex-30-promotion-de-la-quantite\/","name":"Inosima Complex - Suppl\u00e9ment d\u2019inositol avec choline et vitamine E","isPartOf":{"@id":"https:\/\/www.promin.it\/#website"},"primaryImageOfPage":{"@id":"https:\/\/www.promin.it\/fr\/prodotto\/inosima-complex-30-promotion-de-la-quantite\/#primaryimage"},"image":{"@id":"https:\/\/www.promin.it\/fr\/prodotto\/inosima-complex-30-promotion-de-la-quantite\/#primaryimage"},"thumbnailUrl":"https:\/\/www.promin.it\/wp-content\/uploads\/2024\/11\/inosima-complex-30.webp","datePublished":"2024-11-06T08:34:12+00:00","dateModified":"2024-11-11T11:05:02+00:00","description":"Complexe Inosima - De Promin, Produits de M\u00e9decine Int\u00e9gr\u00e9e, un compl\u00e9ment alimentaire d\u2019Inositol et de Vitamine E avec Choline qui soutient une fonction h\u00e9patique normale. Pastilles brevet\u00e9es \u00e0 lib\u00e9ration lente... Toutes les propri\u00e9t\u00e9s...","breadcrumb":{"@id":"https:\/\/www.promin.it\/fr\/prodotto\/inosima-complex-30-promotion-de-la-quantite\/#breadcrumb"},"inLanguage":"fr-FR","potentialAction":[{"@type":"ReadAction","target":["https:\/\/www.promin.it\/fr\/prodotto\/inosima-complex-30-promotion-de-la-quantite\/"]}]},{"@type":"ImageObject","inLanguage":"fr-FR","@id":"https:\/\/www.promin.it\/fr\/prodotto\/inosima-complex-30-promotion-de-la-quantite\/#primaryimage","url":"https:\/\/www.promin.it\/wp-content\/uploads\/2024\/11\/inosima-complex-30.webp","contentUrl":"https:\/\/www.promin.it\/wp-content\/uploads\/2024\/11\/inosima-complex-30.webp","width":600,"height":800},{"@type":"BreadcrumbList","@id":"https:\/\/www.promin.it\/fr\/prodotto\/inosima-complex-30-promotion-de-la-quantite\/#breadcrumb","itemListElement":[{"@type":"ListItem","position":1,"name":"Accueil","item":"https:\/\/www.promin.it\/fr\/"},{"@type":"ListItem","position":2,"name":"Boutique","item":"https:\/\/www.promin.it\/fr\/boutique\/"},{"@type":"ListItem","position":3,"name":"Inosima Complex 30 &#8211; Promotion de la quantit\u00e9"}]},{"@type":"WebSite","@id":"https:\/\/www.promin.it\/#website","url":"https:\/\/www.promin.it\/","name":"Promin","description":"Prodotti Medicina Integrata","publisher":{"@id":"https:\/\/www.promin.it\/#organization"},"potentialAction":[{"@type":"SearchAction","target":{"@type":"EntryPoint","urlTemplate":"https:\/\/www.promin.it\/?s={search_term_string}"},"query-input":{"@type":"PropertyValueSpecification","valueRequired":true,"valueName":"search_term_string"}}],"inLanguage":"fr-FR"},{"@type":"Organization","@id":"https:\/\/www.promin.it\/#organization","name":"Promin Srl","alternateName":"Promin - Prodotti Medicina Integrata","url":"https:\/\/www.promin.it\/","logo":{"@type":"ImageObject","inLanguage":"fr-FR","@id":"https:\/\/www.promin.it\/#\/schema\/logo\/image\/","url":"https:\/\/www.promin.it\/wp-content\/uploads\/2024\/11\/logo-promin-seo.jpg","contentUrl":"https:\/\/www.promin.it\/wp-content\/uploads\/2024\/11\/logo-promin-seo.jpg","width":512,"height":512,"caption":"Promin Srl"},"image":{"@id":"https:\/\/www.promin.it\/#\/schema\/logo\/image\/"},"sameAs":["https:\/\/www.facebook.com\/prominmed","https:\/\/www.instagram.com\/promin_medicina_integrata\/","https:\/\/www.linkedin.com\/company\/promin-prodotti-medicina-integrata\/"]}]}},"jetpack_sharing_enabled":true,"_links":{"self":[{"href":"https:\/\/www.promin.it\/fr\/wp-json\/wp\/v2\/product\/19829"}],"collection":[{"href":"https:\/\/www.promin.it\/fr\/wp-json\/wp\/v2\/product"}],"about":[{"href":"https:\/\/www.promin.it\/fr\/wp-json\/wp\/v2\/types\/product"}],"wp:featuredmedia":[{"embeddable":true,"href":"https:\/\/www.promin.it\/fr\/wp-json\/wp\/v2\/media\/19825"}],"wp:attachment":[{"href":"https:\/\/www.promin.it\/fr\/wp-json\/wp\/v2\/media?parent=19829"}],"wp:term":[{"taxonomy":"product_cat","embeddable":true,"href":"https:\/\/www.promin.it\/fr\/wp-json\/wp\/v2\/product_cat?post=19829"},{"taxonomy":"product_tag","embeddable":true,"href":"https:\/\/www.promin.it\/fr\/wp-json\/wp\/v2\/product_tag?post=19829"}],"curies":[{"name":"wp","href":"https:\/\/api.w.org\/{rel}","templated":true}]}}